{"id":8731,"date":"2023-07-26T12:59:13","date_gmt":"2023-07-26T12:59:13","guid":{"rendered":"https:\/\/iberoid-shop.com\/?post_type=product&#038;p=8731"},"modified":"2024-05-12T15:55:18","modified_gmt":"2024-05-12T15:55:18","slug":"sarms-cardarine-20-mg-30-capsulas","status":"publish","type":"product","link":"https:\/\/iberoid-shop.com\/pt\/product\/sarms-cardarine-20-mg-30-capsulas\/","title":{"rendered":"SARMS\/CARDARINE &#8211; 20 MG \/ 30 CAPSULAS"},"content":{"rendered":"<p>A maioria das pessoas normalmente confunde o intensificador de desempenho Cardarine com um SARM. No entanto, n\u00e3o \u00e9 um SARM. Os defensores do Cardarine afirmam que isso poderia estimular esses receptores, permitindo ao corpo queimar gordura, melhorar a resist\u00eancia muscular e desenvolver massa muscular magra.<\/p>\n<p>Benef\u00edcios e usos<\/p>\n<p>O uso do Cardarine traz muitos benef\u00edcios. Eles incluem o seguinte:<\/p>\n<p>Resist\u00eancia aprimorada: Um dos principais benef\u00edcios do Cardarine \u00e9 que ele aumenta a resist\u00eancia. Isto permite que os atletas exer\u00e7am mais esfor\u00e7o durante longos per\u00edodos de tempo, o que \u00e9 vantajoso em desportos que exigem grande esfor\u00e7o anaer\u00f3bico, bem como resist\u00eancia.<br \/>\nH\u00e1 evid\u00eancias de que Cardarine promove a perda de gordura. Para aqueles que desejam diminuir o percentual de gordura corporal, isso pode ser \u00fatil.<br \/>\nFoi demonstrado que Cardarine diminui a inflama\u00e7\u00e3o, o que \u00e9 vantajoso para pessoas com doen\u00e7as como asma ou artrite.<br \/>\nFoi demonstrado que Cardarine melhora a sa\u00fade cardiovascular, reduzindo os n\u00edveis de colesterol ruim e aumentando os n\u00edveis de colesterol bom.<br \/>\nAumento do desempenho f\u00edsico: Foi demonstrado que Cardarine aumenta o desempenho f\u00edsico em indiv\u00edduos idosos. Para os idosos que desejam continuar a viver um estilo de vida ativo \u00e0 medida que envelhecem, isto pode ser \u00fatil.<\/p>","protected":false},"excerpt":{"rendered":"<p>A maioria das pessoas normalmente confunde o intensificador de desempenho Cardarine com um SARM. No entanto, n\u00e3o \u00e9 um SARM.<\/p>\n","protected":false},"featured_media":8733,"comment_status":"open","ping_status":"closed","template":"","meta":[],"product_brand":[],"product_cat":[73],"product_tag":[],"class_list":{"0":"post-8731","1":"product","2":"type-product","3":"status-publish","4":"has-post-thumbnail","6":"product_cat-ssteroides_orales","8":"first","9":"outofstock","10":"sale","11":"shipping-taxable","12":"purchasable","13":"product-type-simple"},"yoast_head":"<!-- This site is optimized with the Yoast SEO Premium plugin v24.4 (Yoast SEO v27.3) - https:\/\/yoast.com\/product\/yoast-seo-premium-wordpress\/ -->\n<title>SARMS\/CARDARINE - 20 MG \/ 30 CAPSULAS - Ester\u00f3ides Online<\/title>\n<meta name=\"robots\" content=\"index, follow, max-snippet:-1, max-image-preview:large, max-video-preview:-1\" \/>\n<link rel=\"canonical\" href=\"https:\/\/iberoid-shop.com\/pt\/product\/sarms-cardarine-20-mg-30-capsulas\/\" \/>\n<meta property=\"og:locale\" content=\"pt_PT\" \/>\n<meta property=\"og:type\" content=\"article\" \/>\n<meta property=\"og:title\" content=\"SARMS\/CARDARINE - 20 MG \/ 30 CAPSULAS\" \/>\n<meta property=\"og:description\" content=\"A maioria das pessoas normalmente confunde o intensificador de desempenho Cardarine com um SARM. No entanto, n\u00e3o \u00e9 um SARM.\" \/>\n<meta property=\"og:url\" content=\"https:\/\/iberoid-shop.com\/pt\/product\/sarms-cardarine-20-mg-30-capsulas\/\" \/>\n<meta property=\"og:site_name\" content=\"Ester\u00f3ides Online\" \/>\n<meta property=\"article:modified_time\" content=\"2024-05-12T15:55:18+00:00\" \/>\n<meta property=\"og:image\" content=\"https:\/\/iberoid-shop.com\/wp-content\/uploads\/2023\/07\/IMG-0762-scaled.jpg?v=1690376334\" \/>\n\t<meta property=\"og:image:width\" content=\"1920\" \/>\n\t<meta property=\"og:image:height\" content=\"2560\" \/>\n\t<meta property=\"og:image:type\" content=\"image\/jpeg\" \/>\n<meta name=\"twitter:card\" content=\"summary_large_image\" \/>\n<meta name=\"twitter:label1\" content=\"pre\u00e7o\" \/>\n\t<meta name=\"twitter:data1\" content=\"&euro;25.00\" \/>\n\t<meta name=\"twitter:label2\" content=\"Disponibilidade\" \/>\n\t<meta name=\"twitter:data2\" content=\"Esgotado\" \/>\n<script type=\"application\/ld+json\" class=\"yoast-schema-graph\">{\"@context\":\"https:\\\/\\\/schema.org\",\"@graph\":[{\"@type\":\"WebPage\",\"@id\":\"https:\\\/\\\/iberoid-shop.com\\\/pt\\\/product\\\/sarms-cardarine-20-mg-30-capsulas\\\/\",\"url\":\"https:\\\/\\\/iberoid-shop.com\\\/pt\\\/product\\\/sarms-cardarine-20-mg-30-capsulas\\\/\",\"name\":\"SARMS\\\/CARDARINE - 20 MG \\\/ 30 CAPSULAS - Ester\u00f3ides Online\",\"isPartOf\":{\"@id\":\"https:\\\/\\\/iberoid-shop.com\\\/pt\\\/#website\"},\"primaryImageOfPage\":{\"@id\":\"https:\\\/\\\/iberoid-shop.com\\\/pt\\\/product\\\/sarms-cardarine-20-mg-30-capsulas\\\/#primaryimage\"},\"image\":{\"@id\":\"https:\\\/\\\/iberoid-shop.com\\\/pt\\\/product\\\/sarms-cardarine-20-mg-30-capsulas\\\/#primaryimage\"},\"thumbnailUrl\":\"https:\\\/\\\/iberoid-shop.com\\\/wp-content\\\/uploads\\\/2023\\\/07\\\/IMG-0762-scaled.jpg?v=1690376334\",\"datePublished\":\"2023-07-26T12:59:13+00:00\",\"dateModified\":\"2024-05-12T15:55:18+00:00\",\"breadcrumb\":{\"@id\":\"https:\\\/\\\/iberoid-shop.com\\\/pt\\\/product\\\/sarms-cardarine-20-mg-30-capsulas\\\/#breadcrumb\"},\"inLanguage\":\"pt-PT\",\"potentialAction\":[{\"@type\":\"ReadAction\",\"target\":[[\"https:\\\/\\\/iberoid-shop.com\\\/pt\\\/product\\\/sarms-cardarine-20-mg-30-capsulas\\\/\"]]}]},{\"@type\":\"ImageObject\",\"inLanguage\":\"pt-PT\",\"@id\":\"https:\\\/\\\/iberoid-shop.com\\\/pt\\\/product\\\/sarms-cardarine-20-mg-30-capsulas\\\/#primaryimage\",\"url\":\"https:\\\/\\\/iberoid-shop.com\\\/wp-content\\\/uploads\\\/2023\\\/07\\\/IMG-0762-scaled.jpg?v=1690376334\",\"contentUrl\":\"https:\\\/\\\/iberoid-shop.com\\\/wp-content\\\/uploads\\\/2023\\\/07\\\/IMG-0762-scaled.jpg?v=1690376334\",\"width\":1920,\"height\":2560},{\"@type\":\"BreadcrumbList\",\"@id\":\"https:\\\/\\\/iberoid-shop.com\\\/pt\\\/product\\\/sarms-cardarine-20-mg-30-capsulas\\\/#breadcrumb\",\"itemListElement\":[{\"@type\":\"ListItem\",\"position\":1,\"name\":\"Portada\",\"item\":\"https:\\\/\\\/iberoid-shop.com\\\/pt\\\/\"},{\"@type\":\"ListItem\",\"position\":2,\"name\":\"Loja\",\"item\":\"https:\\\/\\\/iberoid-shop.com\\\/pt\\\/shop\\\/\"},{\"@type\":\"ListItem\",\"position\":3,\"name\":\"SARMS\\\/CARDARINE &#8211; 20 MG \\\/ 30 CAPSULAS\"}]},{\"@type\":\"WebSite\",\"@id\":\"https:\\\/\\\/iberoid-shop.com\\\/pt\\\/#website\",\"url\":\"https:\\\/\\\/iberoid-shop.com\\\/pt\\\/\",\"name\":\"Ester\u00f3ides Online\",\"description\":\"Compre ester\u00f3ides online hoje em Espanha e Portugal. Temos o melhor servi\u00e7o ao cliente do setor e produtos da mais alta qualidade\",\"potentialAction\":[{\"@type\":\"SearchAction\",\"target\":{\"@type\":\"EntryPoint\",\"urlTemplate\":\"https:\\\/\\\/iberoid-shop.com\\\/pt\\\/?s={search_term_string}\"},\"query-input\":{\"@type\":\"PropertyValueSpecification\",\"valueRequired\":true,\"valueName\":\"search_term_string\"}}],\"inLanguage\":\"pt-PT\"}]}<\/script>\n<meta property=\"product:price:amount\" content=\"25.00\" \/>\n<meta property=\"product:price:currency\" content=\"EUR\" \/>\n<meta property=\"og:availability\" content=\"out of stock\" \/>\n<meta property=\"product:availability\" content=\"out of stock\" \/>\n<meta property=\"product:condition\" content=\"new\" \/>\n<!-- \/ Yoast SEO Premium plugin. -->","yoast_head_json":{"title":"SARMS\/CARDARINE - 20 MG \/ 30 CAPSULAS - Ester\u00f3ides Online","robots":{"index":"index","follow":"follow","max-snippet":"max-snippet:-1","max-image-preview":"max-image-preview:large","max-video-preview":"max-video-preview:-1"},"canonical":"https:\/\/iberoid-shop.com\/pt\/product\/sarms-cardarine-20-mg-30-capsulas\/","og_locale":"pt_PT","og_type":"article","og_title":"SARMS\/CARDARINE - 20 MG \/ 30 CAPSULAS","og_description":"A maioria das pessoas normalmente confunde o intensificador de desempenho Cardarine com um SARM. No entanto, n\u00e3o \u00e9 um SARM.","og_url":"https:\/\/iberoid-shop.com\/pt\/product\/sarms-cardarine-20-mg-30-capsulas\/","og_site_name":"Ester\u00f3ides Online","article_modified_time":"2024-05-12T15:55:18+00:00","og_image":[{"width":1920,"height":2560,"url":"https:\/\/iberoid-shop.com\/wp-content\/uploads\/2023\/07\/IMG-0762-scaled.jpg?v=1690376334","type":"image\/jpeg"}],"twitter_card":"summary_large_image","twitter_misc":{"pre\u00e7o":"&euro;25.00","Disponibilidade":"Esgotado"},"schema":{"@context":"https:\/\/schema.org","@graph":[{"@type":"WebPage","@id":"https:\/\/iberoid-shop.com\/pt\/product\/sarms-cardarine-20-mg-30-capsulas\/","url":"https:\/\/iberoid-shop.com\/pt\/product\/sarms-cardarine-20-mg-30-capsulas\/","name":"SARMS\/CARDARINE - 20 MG \/ 30 CAPSULAS - Ester\u00f3ides Online","isPartOf":{"@id":"https:\/\/iberoid-shop.com\/pt\/#website"},"primaryImageOfPage":{"@id":"https:\/\/iberoid-shop.com\/pt\/product\/sarms-cardarine-20-mg-30-capsulas\/#primaryimage"},"image":{"@id":"https:\/\/iberoid-shop.com\/pt\/product\/sarms-cardarine-20-mg-30-capsulas\/#primaryimage"},"thumbnailUrl":"https:\/\/iberoid-shop.com\/wp-content\/uploads\/2023\/07\/IMG-0762-scaled.jpg?v=1690376334","datePublished":"2023-07-26T12:59:13+00:00","dateModified":"2024-05-12T15:55:18+00:00","breadcrumb":{"@id":"https:\/\/iberoid-shop.com\/pt\/product\/sarms-cardarine-20-mg-30-capsulas\/#breadcrumb"},"inLanguage":"pt-PT","potentialAction":[{"@type":"ReadAction","target":[["https:\/\/iberoid-shop.com\/pt\/product\/sarms-cardarine-20-mg-30-capsulas\/"]]}]},{"@type":"ImageObject","inLanguage":"pt-PT","@id":"https:\/\/iberoid-shop.com\/pt\/product\/sarms-cardarine-20-mg-30-capsulas\/#primaryimage","url":"https:\/\/iberoid-shop.com\/wp-content\/uploads\/2023\/07\/IMG-0762-scaled.jpg?v=1690376334","contentUrl":"https:\/\/iberoid-shop.com\/wp-content\/uploads\/2023\/07\/IMG-0762-scaled.jpg?v=1690376334","width":1920,"height":2560},{"@type":"BreadcrumbList","@id":"https:\/\/iberoid-shop.com\/pt\/product\/sarms-cardarine-20-mg-30-capsulas\/#breadcrumb","itemListElement":[{"@type":"ListItem","position":1,"name":"Portada","item":"https:\/\/iberoid-shop.com\/pt\/"},{"@type":"ListItem","position":2,"name":"Loja","item":"https:\/\/iberoid-shop.com\/pt\/shop\/"},{"@type":"ListItem","position":3,"name":"SARMS\/CARDARINE &#8211; 20 MG \/ 30 CAPSULAS"}]},{"@type":"WebSite","@id":"https:\/\/iberoid-shop.com\/pt\/#website","url":"https:\/\/iberoid-shop.com\/pt\/","name":"Ester\u00f3ides Online","description":"Compre ester\u00f3ides online hoje em Espanha e Portugal. Temos o melhor servi\u00e7o ao cliente do setor e produtos da mais alta qualidade","potentialAction":[{"@type":"SearchAction","target":{"@type":"EntryPoint","urlTemplate":"https:\/\/iberoid-shop.com\/pt\/?s={search_term_string}"},"query-input":{"@type":"PropertyValueSpecification","valueRequired":true,"valueName":"search_term_string"}}],"inLanguage":"pt-PT"}]},"product_price_amount":"25.00","product_price_currency":"EUR","og_availability":"out of stock","product_availability":"out of stock","product_condition":"new"},"_links":{"self":[{"href":"https:\/\/iberoid-shop.com\/pt\/wp-json\/wp\/v2\/product\/8731","targetHints":{"allow":["GET"]}}],"collection":[{"href":"https:\/\/iberoid-shop.com\/pt\/wp-json\/wp\/v2\/product"}],"about":[{"href":"https:\/\/iberoid-shop.com\/pt\/wp-json\/wp\/v2\/types\/product"}],"replies":[{"embeddable":true,"href":"https:\/\/iberoid-shop.com\/pt\/wp-json\/wp\/v2\/comments?post=8731"}],"wp:featuredmedia":[{"embeddable":true,"href":"https:\/\/iberoid-shop.com\/pt\/wp-json\/wp\/v2\/media\/8733"}],"wp:attachment":[{"href":"https:\/\/iberoid-shop.com\/pt\/wp-json\/wp\/v2\/media?parent=8731"}],"wp:term":[{"taxonomy":"product_brand","embeddable":true,"href":"https:\/\/iberoid-shop.com\/pt\/wp-json\/wp\/v2\/product_brand?post=8731"},{"taxonomy":"product_cat","embeddable":true,"href":"https:\/\/iberoid-shop.com\/pt\/wp-json\/wp\/v2\/product_cat?post=8731"},{"taxonomy":"product_tag","embeddable":true,"href":"https:\/\/iberoid-shop.com\/pt\/wp-json\/wp\/v2\/product_tag?post=8731"}],"curies":[{"name":"wp","href":"https:\/\/api.w.org\/{rel}","templated":true}]}}