{"id":8725,"date":"2023-07-25T21:20:04","date_gmt":"2023-07-25T21:20:04","guid":{"rendered":"https:\/\/iberoid-shop.com\/?post_type=product&#038;p=8725"},"modified":"2026-01-21T10:17:54","modified_gmt":"2026-01-21T10:17:54","slug":"strombafort-10-mg-100tabs-balkan-pharmaceuticals","status":"publish","type":"product","link":"https:\/\/iberoid-shop.com\/pt\/product\/strombafort-10-mg-100tabs-balkan-pharmaceuticals\/","title":{"rendered":"STROMBAFORT 10 MG \/ 100TABS"},"content":{"rendered":"<p>Strombafort (Stanozolol) melhora o crescimento muscular e \u00f3sseo, bem como a produ\u00e7\u00e3o de sangue. Tamb\u00e9m aumenta a resist\u00eancia do corpo e promove a queima de gordura. Stanozolol est\u00e1 dispon\u00edvel em comprimidos ou ampolas injet\u00e1veis. Sua dosagem depende da finalidade, sexo e rea\u00e7\u00e3o individual do organismo. Al\u00e9m disso, o estanozolol \u00e9 proibido na pr\u00e1tica esportiva e pode resultar em desclassifica\u00e7\u00e3o ou multa.<\/p>\n<p>Perfil ester\u00f3ide de Strombafort<br \/>\natividade anab\u00f3lica &#8211; 320% de testosterona;<br \/>\natividade androg\u00eanica &#8211; 30% de testosterona;<br \/>\naromatiza\u00e7\u00e3o (convers\u00e3o em estrog\u00eanios) &#8211; n\u00e3o;<br \/>\nm\u00e9todo de administra\u00e7\u00e3o &#8211; inje\u00e7\u00f5es e comprimidos;<br \/>\ntoxicidade hep\u00e1tica &#8211; moderada, igualmente para formas injet\u00e1veis e comprimidos;<br \/>\na meia-vida da forma oral \u00e9 de 18 a 24 horas;<br \/>\ntempo de detec\u00e7\u00e3o &#8211; de 200 a 240 dias.<br \/>\nEfeitos de tomar Strombafort<br \/>\naumento da massa muscular: Strombafort pode aumentar a s\u00edntese proteica e o anabolismo, o que pode levar a um aumento da massa muscular;<br \/>\nMelhorar a resist\u00eancia: Strombafort pode melhorar a circula\u00e7\u00e3o sangu\u00ednea e o consumo de oxig\u00eanio dos m\u00fasculos, o que pode levar \u00e0 melhoria da resist\u00eancia e \u00e0 redu\u00e7\u00e3o da fadiga durante o exerc\u00edcio;<br \/>\nfor\u00e7a melhorada: Strombafort pode aumentar o n\u00edvel de andr\u00f3genos no corpo, o que pode levar a uma maior for\u00e7a e velocidade das contra\u00e7\u00f5es musculares;<br \/>\nredu\u00e7\u00e3o de gordura: Strombafort pode ajudar a reduzir a massa gorda, o que pode levar a uma melhor defini\u00e7\u00e3o muscular.<\/p>","protected":false},"excerpt":{"rendered":"<p>Strombafort (Stanozolol) melhora o crescimento muscular e \u00f3sseo, bem como a produ\u00e7\u00e3o de sangue. Tamb\u00e9m aumenta a resist\u00eancia do corpo<\/p>\n","protected":false},"featured_media":8727,"comment_status":"open","ping_status":"closed","template":"","meta":[],"product_brand":[],"product_cat":[73,3474],"product_tag":[],"class_list":{"0":"post-8725","1":"product","2":"type-product","3":"status-publish","4":"has-post-thumbnail","6":"product_cat-ssteroides_orales","7":"product_cat-packs","9":"first","10":"outofstock","11":"shipping-taxable","12":"purchasable","13":"product-type-simple"},"yoast_head":"<!-- This site is optimized with the Yoast SEO Premium plugin v24.4 (Yoast SEO v27.3) - https:\/\/yoast.com\/product\/yoast-seo-premium-wordpress\/ -->\n<title>STROMBAFORT 10 MG \/ 100TABS - Ester\u00f3ides Online<\/title>\n<meta name=\"robots\" content=\"index, follow, max-snippet:-1, max-image-preview:large, max-video-preview:-1\" \/>\n<link rel=\"canonical\" href=\"https:\/\/iberoid-shop.com\/pt\/product\/strombafort-10-mg-100tabs-balkan-pharmaceuticals\/\" \/>\n<meta property=\"og:locale\" content=\"pt_PT\" \/>\n<meta property=\"og:type\" content=\"article\" \/>\n<meta property=\"og:title\" content=\"STROMBAFORT 10 MG \/ 100TABS\" \/>\n<meta property=\"og:description\" content=\"Strombafort (Stanozolol) melhora o crescimento muscular e \u00f3sseo, bem como a produ\u00e7\u00e3o de sangue. Tamb\u00e9m aumenta a resist\u00eancia do corpo\" \/>\n<meta property=\"og:url\" content=\"https:\/\/iberoid-shop.com\/pt\/product\/strombafort-10-mg-100tabs-balkan-pharmaceuticals\/\" \/>\n<meta property=\"og:site_name\" content=\"Ester\u00f3ides Online\" \/>\n<meta property=\"article:modified_time\" content=\"2026-01-21T10:17:54+00:00\" \/>\n<meta property=\"og:image\" content=\"https:\/\/iberoid-shop.com\/wp-content\/uploads\/2023\/07\/Strombafort-10-mg-Balkan-Pharmaceuticals.jpg?v=1690319859\" \/>\n\t<meta property=\"og:image:width\" content=\"1000\" \/>\n\t<meta property=\"og:image:height\" content=\"1000\" \/>\n\t<meta property=\"og:image:type\" content=\"image\/jpeg\" \/>\n<meta name=\"twitter:card\" content=\"summary_large_image\" \/>\n<meta name=\"twitter:label1\" content=\"pre\u00e7o\" \/>\n\t<meta name=\"twitter:data1\" content=\"&euro;40.00\" \/>\n\t<meta name=\"twitter:label2\" content=\"Disponibilidade\" \/>\n\t<meta name=\"twitter:data2\" content=\"Esgotado\" \/>\n<script type=\"application\/ld+json\" class=\"yoast-schema-graph\">{\"@context\":\"https:\\\/\\\/schema.org\",\"@graph\":[{\"@type\":\"WebPage\",\"@id\":\"https:\\\/\\\/iberoid-shop.com\\\/pt\\\/product\\\/strombafort-10-mg-100tabs-balkan-pharmaceuticals\\\/\",\"url\":\"https:\\\/\\\/iberoid-shop.com\\\/pt\\\/product\\\/strombafort-10-mg-100tabs-balkan-pharmaceuticals\\\/\",\"name\":\"STROMBAFORT 10 MG \\\/ 100TABS - Ester\u00f3ides Online\",\"isPartOf\":{\"@id\":\"https:\\\/\\\/iberoid-shop.com\\\/pt\\\/#website\"},\"primaryImageOfPage\":{\"@id\":\"https:\\\/\\\/iberoid-shop.com\\\/pt\\\/product\\\/strombafort-10-mg-100tabs-balkan-pharmaceuticals\\\/#primaryimage\"},\"image\":{\"@id\":\"https:\\\/\\\/iberoid-shop.com\\\/pt\\\/product\\\/strombafort-10-mg-100tabs-balkan-pharmaceuticals\\\/#primaryimage\"},\"thumbnailUrl\":\"https:\\\/\\\/iberoid-shop.com\\\/wp-content\\\/uploads\\\/2023\\\/07\\\/Strombafort-10-mg-Balkan-Pharmaceuticals.jpg?v=1690319859\",\"datePublished\":\"2023-07-25T21:20:04+00:00\",\"dateModified\":\"2026-01-21T10:17:54+00:00\",\"breadcrumb\":{\"@id\":\"https:\\\/\\\/iberoid-shop.com\\\/pt\\\/product\\\/strombafort-10-mg-100tabs-balkan-pharmaceuticals\\\/#breadcrumb\"},\"inLanguage\":\"pt-PT\",\"potentialAction\":[{\"@type\":\"ReadAction\",\"target\":[[\"https:\\\/\\\/iberoid-shop.com\\\/pt\\\/product\\\/strombafort-10-mg-100tabs-balkan-pharmaceuticals\\\/\"]]}]},{\"@type\":\"ImageObject\",\"inLanguage\":\"pt-PT\",\"@id\":\"https:\\\/\\\/iberoid-shop.com\\\/pt\\\/product\\\/strombafort-10-mg-100tabs-balkan-pharmaceuticals\\\/#primaryimage\",\"url\":\"https:\\\/\\\/iberoid-shop.com\\\/wp-content\\\/uploads\\\/2023\\\/07\\\/Strombafort-10-mg-Balkan-Pharmaceuticals.jpg?v=1690319859\",\"contentUrl\":\"https:\\\/\\\/iberoid-shop.com\\\/wp-content\\\/uploads\\\/2023\\\/07\\\/Strombafort-10-mg-Balkan-Pharmaceuticals.jpg?v=1690319859\",\"width\":1000,\"height\":1000},{\"@type\":\"BreadcrumbList\",\"@id\":\"https:\\\/\\\/iberoid-shop.com\\\/pt\\\/product\\\/strombafort-10-mg-100tabs-balkan-pharmaceuticals\\\/#breadcrumb\",\"itemListElement\":[{\"@type\":\"ListItem\",\"position\":1,\"name\":\"Portada\",\"item\":\"https:\\\/\\\/iberoid-shop.com\\\/pt\\\/\"},{\"@type\":\"ListItem\",\"position\":2,\"name\":\"Loja\",\"item\":\"https:\\\/\\\/iberoid-shop.com\\\/pt\\\/shop\\\/\"},{\"@type\":\"ListItem\",\"position\":3,\"name\":\"STROMBAFORT 10 MG \\\/ 100TABS\"}]},{\"@type\":\"WebSite\",\"@id\":\"https:\\\/\\\/iberoid-shop.com\\\/pt\\\/#website\",\"url\":\"https:\\\/\\\/iberoid-shop.com\\\/pt\\\/\",\"name\":\"Ester\u00f3ides Online\",\"description\":\"Compre ester\u00f3ides online hoje em Espanha e Portugal. Temos o melhor servi\u00e7o ao cliente do setor e produtos da mais alta qualidade\",\"potentialAction\":[{\"@type\":\"SearchAction\",\"target\":{\"@type\":\"EntryPoint\",\"urlTemplate\":\"https:\\\/\\\/iberoid-shop.com\\\/pt\\\/?s={search_term_string}\"},\"query-input\":{\"@type\":\"PropertyValueSpecification\",\"valueRequired\":true,\"valueName\":\"search_term_string\"}}],\"inLanguage\":\"pt-PT\"}]}<\/script>\n<meta property=\"product:brand\" content=\"Balkan Pharmaceuticals\" \/>\n<meta property=\"product:price:amount\" content=\"40.00\" \/>\n<meta property=\"product:price:currency\" content=\"EUR\" \/>\n<meta property=\"og:availability\" content=\"out of stock\" \/>\n<meta property=\"product:availability\" content=\"out of stock\" \/>\n<meta property=\"product:condition\" content=\"new\" \/>\n<!-- \/ Yoast SEO Premium plugin. -->","yoast_head_json":{"title":"STROMBAFORT 10 MG \/ 100TABS - Ester\u00f3ides Online","robots":{"index":"index","follow":"follow","max-snippet":"max-snippet:-1","max-image-preview":"max-image-preview:large","max-video-preview":"max-video-preview:-1"},"canonical":"https:\/\/iberoid-shop.com\/pt\/product\/strombafort-10-mg-100tabs-balkan-pharmaceuticals\/","og_locale":"pt_PT","og_type":"article","og_title":"STROMBAFORT 10 MG \/ 100TABS","og_description":"Strombafort (Stanozolol) melhora o crescimento muscular e \u00f3sseo, bem como a produ\u00e7\u00e3o de sangue. Tamb\u00e9m aumenta a resist\u00eancia do corpo","og_url":"https:\/\/iberoid-shop.com\/pt\/product\/strombafort-10-mg-100tabs-balkan-pharmaceuticals\/","og_site_name":"Ester\u00f3ides Online","article_modified_time":"2026-01-21T10:17:54+00:00","og_image":[{"width":1000,"height":1000,"url":"https:\/\/iberoid-shop.com\/wp-content\/uploads\/2023\/07\/Strombafort-10-mg-Balkan-Pharmaceuticals.jpg?v=1690319859","type":"image\/jpeg"}],"twitter_card":"summary_large_image","twitter_misc":{"pre\u00e7o":"&euro;40.00","Disponibilidade":"Esgotado"},"schema":{"@context":"https:\/\/schema.org","@graph":[{"@type":"WebPage","@id":"https:\/\/iberoid-shop.com\/pt\/product\/strombafort-10-mg-100tabs-balkan-pharmaceuticals\/","url":"https:\/\/iberoid-shop.com\/pt\/product\/strombafort-10-mg-100tabs-balkan-pharmaceuticals\/","name":"STROMBAFORT 10 MG \/ 100TABS - Ester\u00f3ides Online","isPartOf":{"@id":"https:\/\/iberoid-shop.com\/pt\/#website"},"primaryImageOfPage":{"@id":"https:\/\/iberoid-shop.com\/pt\/product\/strombafort-10-mg-100tabs-balkan-pharmaceuticals\/#primaryimage"},"image":{"@id":"https:\/\/iberoid-shop.com\/pt\/product\/strombafort-10-mg-100tabs-balkan-pharmaceuticals\/#primaryimage"},"thumbnailUrl":"https:\/\/iberoid-shop.com\/wp-content\/uploads\/2023\/07\/Strombafort-10-mg-Balkan-Pharmaceuticals.jpg?v=1690319859","datePublished":"2023-07-25T21:20:04+00:00","dateModified":"2026-01-21T10:17:54+00:00","breadcrumb":{"@id":"https:\/\/iberoid-shop.com\/pt\/product\/strombafort-10-mg-100tabs-balkan-pharmaceuticals\/#breadcrumb"},"inLanguage":"pt-PT","potentialAction":[{"@type":"ReadAction","target":[["https:\/\/iberoid-shop.com\/pt\/product\/strombafort-10-mg-100tabs-balkan-pharmaceuticals\/"]]}]},{"@type":"ImageObject","inLanguage":"pt-PT","@id":"https:\/\/iberoid-shop.com\/pt\/product\/strombafort-10-mg-100tabs-balkan-pharmaceuticals\/#primaryimage","url":"https:\/\/iberoid-shop.com\/wp-content\/uploads\/2023\/07\/Strombafort-10-mg-Balkan-Pharmaceuticals.jpg?v=1690319859","contentUrl":"https:\/\/iberoid-shop.com\/wp-content\/uploads\/2023\/07\/Strombafort-10-mg-Balkan-Pharmaceuticals.jpg?v=1690319859","width":1000,"height":1000},{"@type":"BreadcrumbList","@id":"https:\/\/iberoid-shop.com\/pt\/product\/strombafort-10-mg-100tabs-balkan-pharmaceuticals\/#breadcrumb","itemListElement":[{"@type":"ListItem","position":1,"name":"Portada","item":"https:\/\/iberoid-shop.com\/pt\/"},{"@type":"ListItem","position":2,"name":"Loja","item":"https:\/\/iberoid-shop.com\/pt\/shop\/"},{"@type":"ListItem","position":3,"name":"STROMBAFORT 10 MG \/ 100TABS"}]},{"@type":"WebSite","@id":"https:\/\/iberoid-shop.com\/pt\/#website","url":"https:\/\/iberoid-shop.com\/pt\/","name":"Ester\u00f3ides Online","description":"Compre ester\u00f3ides online hoje em Espanha e Portugal. Temos o melhor servi\u00e7o ao cliente do setor e produtos da mais alta qualidade","potentialAction":[{"@type":"SearchAction","target":{"@type":"EntryPoint","urlTemplate":"https:\/\/iberoid-shop.com\/pt\/?s={search_term_string}"},"query-input":{"@type":"PropertyValueSpecification","valueRequired":true,"valueName":"search_term_string"}}],"inLanguage":"pt-PT"}]},"product_brand":"Balkan Pharmaceuticals","product_price_amount":"40.00","product_price_currency":"EUR","og_availability":"out of stock","product_availability":"out of stock","product_condition":"new"},"_links":{"self":[{"href":"https:\/\/iberoid-shop.com\/pt\/wp-json\/wp\/v2\/product\/8725","targetHints":{"allow":["GET"]}}],"collection":[{"href":"https:\/\/iberoid-shop.com\/pt\/wp-json\/wp\/v2\/product"}],"about":[{"href":"https:\/\/iberoid-shop.com\/pt\/wp-json\/wp\/v2\/types\/product"}],"replies":[{"embeddable":true,"href":"https:\/\/iberoid-shop.com\/pt\/wp-json\/wp\/v2\/comments?post=8725"}],"wp:featuredmedia":[{"embeddable":true,"href":"https:\/\/iberoid-shop.com\/pt\/wp-json\/wp\/v2\/media\/8727"}],"wp:attachment":[{"href":"https:\/\/iberoid-shop.com\/pt\/wp-json\/wp\/v2\/media?parent=8725"}],"wp:term":[{"taxonomy":"product_brand","embeddable":true,"href":"https:\/\/iberoid-shop.com\/pt\/wp-json\/wp\/v2\/product_brand?post=8725"},{"taxonomy":"product_cat","embeddable":true,"href":"https:\/\/iberoid-shop.com\/pt\/wp-json\/wp\/v2\/product_cat?post=8725"},{"taxonomy":"product_tag","embeddable":true,"href":"https:\/\/iberoid-shop.com\/pt\/wp-json\/wp\/v2\/product_tag?post=8725"}],"curies":[{"name":"wp","href":"https:\/\/api.w.org\/{rel}","templated":true}]}}