{"id":8516,"date":"2023-05-13T16:19:45","date_gmt":"2023-05-13T16:19:45","guid":{"rendered":"https:\/\/iberoid-shop.com\/?post_type=product&#038;p=8516"},"modified":"2024-05-25T16:43:57","modified_gmt":"2024-05-25T16:43:57","slug":"pak10-genotropin-pfizer-12-mg-36-ui-pen","status":"publish","type":"product","link":"https:\/\/iberoid-shop.com\/pt\/product\/pak10-genotropin-pfizer-12-mg-36-ui-pen\/","title":{"rendered":"MEGA PAK10 GENOTROPIN &#8211; 12 MG &#8211; 36 UI PEN"},"content":{"rendered":"<p>A genotropina, tamb\u00e9m comumente conhecida como horm\u00f4nio do crescimento humano (HGH), \u00e9 um horm\u00f4nio produzido no corpo humano e excretado no sangue pelas c\u00e9lulas somatotr\u00f3picas da gl\u00e2ndula pituit\u00e1ria anterior. \u00c9 uma prote\u00edna de cadeia \u00fanica composta por 191 amino\u00e1cidos com peso molecular de aproximadamente 22.000 Daltons.<\/p>\n<p>A secre\u00e7\u00e3o de GH tem muitos efeitos diretos e indiretos no corpo humano. Primeiro, o GH estimula a produ\u00e7\u00e3o do fator de crescimento semelhante \u00e0 insulina (IGH-1) pelo f\u00edgado. Como o GH estimula a produ\u00e7\u00e3o de IGF-1 pelo f\u00edgado, os efeitos do GH e do IGF-1 est\u00e3o listados abaixo.<\/p>\n<p>A vers\u00e3o sint\u00e9tica do horm\u00f4nio do crescimento humano \u00e9 chamada Somatropina (horm\u00f4nio do crescimento com sequ\u00eancia de 191 amino\u00e1cidos). A somatropina \u00e9 id\u00eantica ao GH do pr\u00f3prio corpo humano.<\/p>\n<p>Genotropin \u00e9 usado para: Defici\u00eancia do horm\u00f4nio do crescimento, tratamento para pequena idade gestacional (PIG) e retardo de crescimento intrauterino (RCIU), baixa estatura idiop\u00e1tica, perda de AIDS e caquexia, baixa estatura causada pela s\u00edndrome de Turner, baixa estatura causada pela s\u00edndrome de Prader-Willi, problemas de crescimento causados pela s\u00edndrome do intestino curto, crescimento impr\u00f3prio em crian\u00e7as com doen\u00e7a renal, medicamento para melhorar o corpo, medicamento para perda de peso, medicamento anti-envelhecimento, tratamento para crian\u00e7as com artrite reumat\u00f3ide, tratamento para osteoporose, tratamento para crian\u00e7as com raquitismo hipofosfat\u00eamico ligado ao cromossomo X ( XLH).<\/p>","protected":false},"excerpt":{"rendered":"<p>A genotropina, tamb\u00e9m comumente conhecida como horm\u00f4nio do crescimento humano (HGH), \u00e9 um horm\u00f4nio produzido no corpo humano e excretado<\/p>\n","protected":false},"featured_media":8517,"comment_status":"open","ping_status":"closed","template":"","meta":[],"product_brand":[],"product_cat":[76,3474],"product_tag":[],"class_list":{"0":"post-8516","1":"product","2":"type-product","3":"status-publish","4":"has-post-thumbnail","6":"product_cat-hgh_peptido","7":"product_cat-packs","9":"first","10":"outofstock","11":"shipping-taxable","12":"purchasable","13":"product-type-simple"},"yoast_head":"<!-- This site is optimized with the Yoast SEO Premium plugin v24.4 (Yoast SEO v27.0) - https:\/\/yoast.com\/product\/yoast-seo-premium-wordpress\/ -->\n<title>MEGA PAK10 GENOTROPIN - 12 MG - 36 UI PEN - Ester\u00f3ides Online<\/title>\n<meta name=\"robots\" content=\"index, follow, max-snippet:-1, max-image-preview:large, max-video-preview:-1\" \/>\n<link rel=\"canonical\" href=\"https:\/\/iberoid-shop.com\/pt\/product\/pak10-genotropin-pfizer-12-mg-36-ui-pen\/\" \/>\n<meta property=\"og:locale\" content=\"pt_PT\" \/>\n<meta property=\"og:type\" content=\"article\" \/>\n<meta property=\"og:title\" content=\"MEGA PAK10 GENOTROPIN - 12 MG - 36 UI PEN\" \/>\n<meta property=\"og:description\" content=\"A genotropina, tamb\u00e9m comumente conhecida como horm\u00f4nio do crescimento humano (HGH), \u00e9 um horm\u00f4nio produzido no corpo humano e excretado\" \/>\n<meta property=\"og:url\" content=\"https:\/\/iberoid-shop.com\/pt\/product\/pak10-genotropin-pfizer-12-mg-36-ui-pen\/\" \/>\n<meta property=\"og:site_name\" content=\"Ester\u00f3ides Online\" \/>\n<meta property=\"article:modified_time\" content=\"2024-05-25T16:43:57+00:00\" \/>\n<meta property=\"og:image\" content=\"https:\/\/iberoid-shop.com\/wp-content\/uploads\/2023\/05\/pfizer-genotropin-12-mg-36-iu-somatropin-1000x1000-1.webp\" \/>\n\t<meta property=\"og:image:width\" content=\"1000\" \/>\n\t<meta property=\"og:image:height\" content=\"1000\" \/>\n\t<meta property=\"og:image:type\" content=\"image\/webp\" \/>\n<meta name=\"twitter:card\" content=\"summary_large_image\" \/>\n<meta name=\"twitter:label1\" content=\"pre\u00e7o\" \/>\n\t<meta name=\"twitter:data1\" content=\"&euro;1,100.00\" \/>\n\t<meta name=\"twitter:label2\" content=\"Disponibilidade\" \/>\n\t<meta name=\"twitter:data2\" content=\"Esgotado\" \/>\n<script type=\"application\/ld+json\" class=\"yoast-schema-graph\">{\"@context\":\"https:\/\/schema.org\",\"@graph\":[{\"@type\":\"WebPage\",\"@id\":\"https:\/\/iberoid-shop.com\/pt\/product\/pak10-genotropin-pfizer-12-mg-36-ui-pen\/\",\"url\":\"https:\/\/iberoid-shop.com\/pt\/product\/pak10-genotropin-pfizer-12-mg-36-ui-pen\/\",\"name\":\"MEGA PAK10 GENOTROPIN - 12 MG - 36 UI PEN - Ester\u00f3ides Online\",\"isPartOf\":{\"@id\":\"https:\/\/iberoid-shop.com\/pt\/#website\"},\"primaryImageOfPage\":{\"@id\":\"https:\/\/iberoid-shop.com\/pt\/product\/pak10-genotropin-pfizer-12-mg-36-ui-pen\/#primaryimage\"},\"image\":{\"@id\":\"https:\/\/iberoid-shop.com\/pt\/product\/pak10-genotropin-pfizer-12-mg-36-ui-pen\/#primaryimage\"},\"thumbnailUrl\":\"https:\/\/iberoid-shop.com\/wp-content\/uploads\/2023\/05\/pfizer-genotropin-12-mg-36-iu-somatropin-1000x1000-1.webp\",\"datePublished\":\"2023-05-13T16:19:45+00:00\",\"dateModified\":\"2024-05-25T16:43:57+00:00\",\"breadcrumb\":{\"@id\":\"https:\/\/iberoid-shop.com\/pt\/product\/pak10-genotropin-pfizer-12-mg-36-ui-pen\/#breadcrumb\"},\"inLanguage\":\"pt-PT\",\"potentialAction\":[{\"@type\":\"ReadAction\",\"target\":[[\"https:\/\/iberoid-shop.com\/pt\/product\/pak10-genotropin-pfizer-12-mg-36-ui-pen\/\"]]}]},{\"@type\":\"ImageObject\",\"inLanguage\":\"pt-PT\",\"@id\":\"https:\/\/iberoid-shop.com\/pt\/product\/pak10-genotropin-pfizer-12-mg-36-ui-pen\/#primaryimage\",\"url\":\"https:\/\/iberoid-shop.com\/wp-content\/uploads\/2023\/05\/pfizer-genotropin-12-mg-36-iu-somatropin-1000x1000-1.webp\",\"contentUrl\":\"https:\/\/iberoid-shop.com\/wp-content\/uploads\/2023\/05\/pfizer-genotropin-12-mg-36-iu-somatropin-1000x1000-1.webp\",\"width\":1000,\"height\":1000},{\"@type\":\"BreadcrumbList\",\"@id\":\"https:\/\/iberoid-shop.com\/pt\/product\/pak10-genotropin-pfizer-12-mg-36-ui-pen\/#breadcrumb\",\"itemListElement\":[{\"@type\":\"ListItem\",\"position\":1,\"name\":\"Portada\",\"item\":\"https:\/\/iberoid-shop.com\/pt\/\"},{\"@type\":\"ListItem\",\"position\":2,\"name\":\"Loja\",\"item\":\"https:\/\/iberoid-shop.com\/pt\/shop\/\"},{\"@type\":\"ListItem\",\"position\":3,\"name\":\"MEGA PAK10 GENOTROPIN &#8211; 12 MG &#8211; 36 UI PEN\"}]},{\"@type\":\"WebSite\",\"@id\":\"https:\/\/iberoid-shop.com\/pt\/#website\",\"url\":\"https:\/\/iberoid-shop.com\/pt\/\",\"name\":\"Ester\u00f3ides Online\",\"description\":\"Compre ester\u00f3ides online hoje em Espanha e Portugal. Temos o melhor servi\u00e7o ao cliente do setor e produtos da mais alta qualidade\",\"potentialAction\":[{\"@type\":\"SearchAction\",\"target\":{\"@type\":\"EntryPoint\",\"urlTemplate\":\"https:\/\/iberoid-shop.com\/pt\/?s={search_term_string}\"},\"query-input\":{\"@type\":\"PropertyValueSpecification\",\"valueRequired\":true,\"valueName\":\"search_term_string\"}}],\"inLanguage\":\"pt-PT\"}]}<\/script>\n<meta property=\"product:brand\" content=\"Pfizer\" \/>\n<meta property=\"product:price:amount\" content=\"1100.00\" \/>\n<meta property=\"product:price:currency\" content=\"EUR\" \/>\n<meta property=\"og:availability\" content=\"out of stock\" \/>\n<meta property=\"product:availability\" content=\"out of stock\" \/>\n<meta property=\"product:condition\" content=\"new\" \/>\n<!-- \/ Yoast SEO Premium plugin. -->","yoast_head_json":{"title":"MEGA PAK10 GENOTROPIN - 12 MG - 36 UI PEN - Ester\u00f3ides Online","robots":{"index":"index","follow":"follow","max-snippet":"max-snippet:-1","max-image-preview":"max-image-preview:large","max-video-preview":"max-video-preview:-1"},"canonical":"https:\/\/iberoid-shop.com\/pt\/product\/pak10-genotropin-pfizer-12-mg-36-ui-pen\/","og_locale":"pt_PT","og_type":"article","og_title":"MEGA PAK10 GENOTROPIN - 12 MG - 36 UI PEN","og_description":"A genotropina, tamb\u00e9m comumente conhecida como horm\u00f4nio do crescimento humano (HGH), \u00e9 um horm\u00f4nio produzido no corpo humano e excretado","og_url":"https:\/\/iberoid-shop.com\/pt\/product\/pak10-genotropin-pfizer-12-mg-36-ui-pen\/","og_site_name":"Ester\u00f3ides Online","article_modified_time":"2024-05-25T16:43:57+00:00","og_image":[{"width":1000,"height":1000,"url":"https:\/\/iberoid-shop.com\/wp-content\/uploads\/2023\/05\/pfizer-genotropin-12-mg-36-iu-somatropin-1000x1000-1.webp","type":"image\/webp"}],"twitter_card":"summary_large_image","twitter_misc":{"pre\u00e7o":"&euro;1,100.00","Disponibilidade":"Esgotado"},"schema":{"@context":"https:\/\/schema.org","@graph":[{"@type":"WebPage","@id":"https:\/\/iberoid-shop.com\/pt\/product\/pak10-genotropin-pfizer-12-mg-36-ui-pen\/","url":"https:\/\/iberoid-shop.com\/pt\/product\/pak10-genotropin-pfizer-12-mg-36-ui-pen\/","name":"MEGA PAK10 GENOTROPIN - 12 MG - 36 UI PEN - Ester\u00f3ides Online","isPartOf":{"@id":"https:\/\/iberoid-shop.com\/pt\/#website"},"primaryImageOfPage":{"@id":"https:\/\/iberoid-shop.com\/pt\/product\/pak10-genotropin-pfizer-12-mg-36-ui-pen\/#primaryimage"},"image":{"@id":"https:\/\/iberoid-shop.com\/pt\/product\/pak10-genotropin-pfizer-12-mg-36-ui-pen\/#primaryimage"},"thumbnailUrl":"https:\/\/iberoid-shop.com\/wp-content\/uploads\/2023\/05\/pfizer-genotropin-12-mg-36-iu-somatropin-1000x1000-1.webp","datePublished":"2023-05-13T16:19:45+00:00","dateModified":"2024-05-25T16:43:57+00:00","breadcrumb":{"@id":"https:\/\/iberoid-shop.com\/pt\/product\/pak10-genotropin-pfizer-12-mg-36-ui-pen\/#breadcrumb"},"inLanguage":"pt-PT","potentialAction":[{"@type":"ReadAction","target":[["https:\/\/iberoid-shop.com\/pt\/product\/pak10-genotropin-pfizer-12-mg-36-ui-pen\/"]]}]},{"@type":"ImageObject","inLanguage":"pt-PT","@id":"https:\/\/iberoid-shop.com\/pt\/product\/pak10-genotropin-pfizer-12-mg-36-ui-pen\/#primaryimage","url":"https:\/\/iberoid-shop.com\/wp-content\/uploads\/2023\/05\/pfizer-genotropin-12-mg-36-iu-somatropin-1000x1000-1.webp","contentUrl":"https:\/\/iberoid-shop.com\/wp-content\/uploads\/2023\/05\/pfizer-genotropin-12-mg-36-iu-somatropin-1000x1000-1.webp","width":1000,"height":1000},{"@type":"BreadcrumbList","@id":"https:\/\/iberoid-shop.com\/pt\/product\/pak10-genotropin-pfizer-12-mg-36-ui-pen\/#breadcrumb","itemListElement":[{"@type":"ListItem","position":1,"name":"Portada","item":"https:\/\/iberoid-shop.com\/pt\/"},{"@type":"ListItem","position":2,"name":"Loja","item":"https:\/\/iberoid-shop.com\/pt\/shop\/"},{"@type":"ListItem","position":3,"name":"MEGA PAK10 GENOTROPIN &#8211; 12 MG &#8211; 36 UI PEN"}]},{"@type":"WebSite","@id":"https:\/\/iberoid-shop.com\/pt\/#website","url":"https:\/\/iberoid-shop.com\/pt\/","name":"Ester\u00f3ides Online","description":"Compre ester\u00f3ides online hoje em Espanha e Portugal. Temos o melhor servi\u00e7o ao cliente do setor e produtos da mais alta qualidade","potentialAction":[{"@type":"SearchAction","target":{"@type":"EntryPoint","urlTemplate":"https:\/\/iberoid-shop.com\/pt\/?s={search_term_string}"},"query-input":{"@type":"PropertyValueSpecification","valueRequired":true,"valueName":"search_term_string"}}],"inLanguage":"pt-PT"}]},"product_brand":"Pfizer","product_price_amount":"1100.00","product_price_currency":"EUR","og_availability":"out of stock","product_availability":"out of stock","product_condition":"new"},"_links":{"self":[{"href":"https:\/\/iberoid-shop.com\/pt\/wp-json\/wp\/v2\/product\/8516","targetHints":{"allow":["GET"]}}],"collection":[{"href":"https:\/\/iberoid-shop.com\/pt\/wp-json\/wp\/v2\/product"}],"about":[{"href":"https:\/\/iberoid-shop.com\/pt\/wp-json\/wp\/v2\/types\/product"}],"replies":[{"embeddable":true,"href":"https:\/\/iberoid-shop.com\/pt\/wp-json\/wp\/v2\/comments?post=8516"}],"wp:featuredmedia":[{"embeddable":true,"href":"https:\/\/iberoid-shop.com\/pt\/wp-json\/wp\/v2\/media\/8517"}],"wp:attachment":[{"href":"https:\/\/iberoid-shop.com\/pt\/wp-json\/wp\/v2\/media?parent=8516"}],"wp:term":[{"taxonomy":"product_brand","embeddable":true,"href":"https:\/\/iberoid-shop.com\/pt\/wp-json\/wp\/v2\/product_brand?post=8516"},{"taxonomy":"product_cat","embeddable":true,"href":"https:\/\/iberoid-shop.com\/pt\/wp-json\/wp\/v2\/product_cat?post=8516"},{"taxonomy":"product_tag","embeddable":true,"href":"https:\/\/iberoid-shop.com\/pt\/wp-json\/wp\/v2\/product_tag?post=8516"}],"curies":[{"name":"wp","href":"https:\/\/api.w.org\/{rel}","templated":true}]}}