{"id":8514,"date":"2023-05-13T16:15:32","date_gmt":"2023-05-13T16:15:32","guid":{"rendered":"https:\/\/iberoid-shop.com\/?post_type=product&#038;p=8514"},"modified":"2024-12-05T21:16:45","modified_gmt":"2024-12-05T21:16:45","slug":"pak-3-genotropin-pfizer-12-mg-36-ui-pen","status":"publish","type":"product","link":"https:\/\/iberoid-shop.com\/pt\/product\/pak-3-genotropin-pfizer-12-mg-36-ui-pen\/","title":{"rendered":"PAK 3 GENOTROPIN &#8211; 12 MG- 36 UI PEN"},"content":{"rendered":"<p>GENOTROPIN\u00ae 36 UI (12 mg), p\u00f3 e solvente para solu\u00e7\u00e3o injet\u00e1vel<\/p>\n<p>A subst\u00e2ncia ativa do medicamento \u00e9 a somatotropina (hormona de crescimento humano, ADN recombinante). Ap\u00f3s reconstitui\u00e7\u00e3o, cada mililitro de solu\u00e7\u00e3o injet\u00e1vel cont\u00e9m 5,3 mg ou 12 mg de somatotropina, correspondendo a 16 UI de somatotropina, respetivamente, 36 UI (unidades internacionais).<\/p>\n<p>Os excipientes s\u00e3o: o compartimento anterior (com p\u00f3) \u2013 glicina, manitol, dihidrogenofosfato de s\u00f3dio anidro, hidrogenofosfato diss\u00f3dico anidro; compartimento traseiro (com solvente) &#8211; meta-cresol, manitol, \u00e1gua para prepara\u00e7\u00f5es injet\u00e1veis.<\/p>\n<p>Ap\u00f3s reconstitui\u00e7\u00e3o: glicina (\u00e1cido aminoac\u00e9tico), manitol, di-hidrogenofosfato diss\u00f3dico anidro, hidrogenofosfato diss\u00f3dico anidro, meta-cresol, \u00e1gua para prepara\u00e7\u00f5es injet\u00e1veis.<\/p>\n<p>1. O QUE \u00c9 GENOTROPINA E PARA QUE \u00c9 UTILIZADO<\/p>\n<p>Genotropin pertence a um grupo de medicamentos chamados somatotropinas; a somatotropina da Genotropin \u00e9 obtida pela t\u00e9cnica de recombina\u00e7\u00e3o de DNA em culturas bacterianas de Escherichia coli. A estrutura da somatotropina \u00e9 id\u00eantica \u00e0 do horm\u00f4nio do crescimento humano secretado pela gl\u00e2ndula pituit\u00e1ria.<\/p>\n<p>Genotropin est\u00e1 dispon\u00edvel em cartuchos com dois compartimentos. O compartimento anterior cont\u00e9m p\u00f3 com somatotropina. O compartimento traseiro cont\u00e9m solvente. Ap\u00f3s dissolu\u00e7\u00e3o do p\u00f3 no solvente, cada cartucho cont\u00e9m 5,3 mg ou 12 mg de somatotropina em um mililitro de solu\u00e7\u00e3o injet\u00e1vel.<\/p>\n<p>Uma caixa cont\u00e9m 1 ou 5 cartuchos bicamerais.<\/p>\n<p>A somatotropina estimula o crescimento, influencia o metabolismo e a secre\u00e7\u00e3o de outros horm\u00f4nios no corpo.<\/p>\n<p>Em crian\u00e7as, Genotropin \u00e9 indicado para o tratamento de dist\u00farbios do crescimento devido \u00e0 secre\u00e7\u00e3o insuficiente do horm\u00f4nio do crescimento, dist\u00farbios do crescimento associados \u00e0 s\u00edndrome de Turner ou insufici\u00eancia renal cr\u00f4nica. Tamb\u00e9m \u00e9 utilizado no tratamento de crian\u00e7as com peso ao nascer inferior ao correspondente \u00e0 idade gestacional, que n\u00e3o cresceram adequadamente at\u00e9 os 4 anos ou mais. Al\u00e9m disso, Genotropin \u00e9 indicado para crian\u00e7as com s\u00edndrome de Prader-Willi, para melhorar o crescimento e a composi\u00e7\u00e3o corporal.<\/p>\n<p>Em adultos, Genotropin \u00e9 indicado como terapia de reposi\u00e7\u00e3o em caso de insufici\u00eancia acentuada do horm\u00f4nio do crescimento.<\/p>","protected":false},"excerpt":{"rendered":"<p>GENOTROPIN\u00ae 36 UI (12 mg), p\u00f3 e solvente para solu\u00e7\u00e3o injet\u00e1vel A subst\u00e2ncia ativa do medicamento \u00e9 a somatotropina (hormona<\/p>\n","protected":false},"featured_media":8515,"comment_status":"open","ping_status":"closed","template":"","meta":[],"product_brand":[],"product_cat":[76,3474],"product_tag":[],"class_list":{"0":"post-8514","1":"product","2":"type-product","3":"status-publish","4":"has-post-thumbnail","6":"product_cat-hgh_peptido","7":"product_cat-packs","9":"first","10":"outofstock","11":"shipping-taxable","12":"purchasable","13":"product-type-simple"},"yoast_head":"<!-- This site is optimized with the Yoast SEO Premium plugin v24.4 (Yoast SEO v27.0) - https:\/\/yoast.com\/product\/yoast-seo-premium-wordpress\/ -->\n<title>PAK 3 GENOTROPIN - 12 MG- 36 UI PEN - Ester\u00f3ides Online<\/title>\n<meta name=\"robots\" content=\"index, follow, max-snippet:-1, max-image-preview:large, max-video-preview:-1\" \/>\n<link rel=\"canonical\" href=\"https:\/\/iberoid-shop.com\/pt\/product\/pak-3-genotropin-pfizer-12-mg-36-ui-pen\/\" \/>\n<meta property=\"og:locale\" content=\"pt_PT\" \/>\n<meta property=\"og:type\" content=\"article\" \/>\n<meta property=\"og:title\" content=\"PAK 3 GENOTROPIN - 12 MG- 36 UI PEN\" \/>\n<meta property=\"og:description\" content=\"GENOTROPIN\u00ae 36 UI (12 mg), p\u00f3 e solvente para solu\u00e7\u00e3o injet\u00e1vel A subst\u00e2ncia ativa do medicamento \u00e9 a somatotropina (hormona\" \/>\n<meta property=\"og:url\" content=\"https:\/\/iberoid-shop.com\/pt\/product\/pak-3-genotropin-pfizer-12-mg-36-ui-pen\/\" \/>\n<meta property=\"og:site_name\" content=\"Ester\u00f3ides Online\" \/>\n<meta property=\"article:modified_time\" content=\"2024-12-05T21:16:45+00:00\" \/>\n<meta property=\"og:image\" content=\"https:\/\/iberoid-shop.com\/wp-content\/uploads\/2023\/05\/3gen.webp\" \/>\n\t<meta property=\"og:image:width\" content=\"500\" \/>\n\t<meta property=\"og:image:height\" content=\"500\" \/>\n\t<meta property=\"og:image:type\" content=\"image\/webp\" \/>\n<meta name=\"twitter:card\" content=\"summary_large_image\" \/>\n<meta name=\"twitter:label1\" content=\"pre\u00e7o\" \/>\n\t<meta name=\"twitter:data1\" content=\"&euro;320.00\" \/>\n\t<meta name=\"twitter:label2\" content=\"Disponibilidade\" \/>\n\t<meta name=\"twitter:data2\" content=\"Esgotado\" \/>\n<script type=\"application\/ld+json\" class=\"yoast-schema-graph\">{\"@context\":\"https:\/\/schema.org\",\"@graph\":[{\"@type\":\"WebPage\",\"@id\":\"https:\/\/iberoid-shop.com\/pt\/product\/pak-3-genotropin-pfizer-12-mg-36-ui-pen\/\",\"url\":\"https:\/\/iberoid-shop.com\/pt\/product\/pak-3-genotropin-pfizer-12-mg-36-ui-pen\/\",\"name\":\"PAK 3 GENOTROPIN - 12 MG- 36 UI PEN - Ester\u00f3ides Online\",\"isPartOf\":{\"@id\":\"https:\/\/iberoid-shop.com\/pt\/#website\"},\"primaryImageOfPage\":{\"@id\":\"https:\/\/iberoid-shop.com\/pt\/product\/pak-3-genotropin-pfizer-12-mg-36-ui-pen\/#primaryimage\"},\"image\":{\"@id\":\"https:\/\/iberoid-shop.com\/pt\/product\/pak-3-genotropin-pfizer-12-mg-36-ui-pen\/#primaryimage\"},\"thumbnailUrl\":\"https:\/\/iberoid-shop.com\/wp-content\/uploads\/2023\/05\/3gen.webp\",\"datePublished\":\"2023-05-13T16:15:32+00:00\",\"dateModified\":\"2024-12-05T21:16:45+00:00\",\"breadcrumb\":{\"@id\":\"https:\/\/iberoid-shop.com\/pt\/product\/pak-3-genotropin-pfizer-12-mg-36-ui-pen\/#breadcrumb\"},\"inLanguage\":\"pt-PT\",\"potentialAction\":[{\"@type\":\"ReadAction\",\"target\":[[\"https:\/\/iberoid-shop.com\/pt\/product\/pak-3-genotropin-pfizer-12-mg-36-ui-pen\/\"]]}]},{\"@type\":\"ImageObject\",\"inLanguage\":\"pt-PT\",\"@id\":\"https:\/\/iberoid-shop.com\/pt\/product\/pak-3-genotropin-pfizer-12-mg-36-ui-pen\/#primaryimage\",\"url\":\"https:\/\/iberoid-shop.com\/wp-content\/uploads\/2023\/05\/3gen.webp\",\"contentUrl\":\"https:\/\/iberoid-shop.com\/wp-content\/uploads\/2023\/05\/3gen.webp\",\"width\":500,\"height\":500},{\"@type\":\"BreadcrumbList\",\"@id\":\"https:\/\/iberoid-shop.com\/pt\/product\/pak-3-genotropin-pfizer-12-mg-36-ui-pen\/#breadcrumb\",\"itemListElement\":[{\"@type\":\"ListItem\",\"position\":1,\"name\":\"Portada\",\"item\":\"https:\/\/iberoid-shop.com\/pt\/\"},{\"@type\":\"ListItem\",\"position\":2,\"name\":\"Loja\",\"item\":\"https:\/\/iberoid-shop.com\/pt\/shop\/\"},{\"@type\":\"ListItem\",\"position\":3,\"name\":\"PAK 3 GENOTROPIN &#8211; 12 MG- 36 UI PEN\"}]},{\"@type\":\"WebSite\",\"@id\":\"https:\/\/iberoid-shop.com\/pt\/#website\",\"url\":\"https:\/\/iberoid-shop.com\/pt\/\",\"name\":\"Ester\u00f3ides Online\",\"description\":\"Compre ester\u00f3ides online hoje em Espanha e Portugal. Temos o melhor servi\u00e7o ao cliente do setor e produtos da mais alta qualidade\",\"potentialAction\":[{\"@type\":\"SearchAction\",\"target\":{\"@type\":\"EntryPoint\",\"urlTemplate\":\"https:\/\/iberoid-shop.com\/pt\/?s={search_term_string}\"},\"query-input\":{\"@type\":\"PropertyValueSpecification\",\"valueRequired\":true,\"valueName\":\"search_term_string\"}}],\"inLanguage\":\"pt-PT\"}]}<\/script>\n<meta property=\"product:brand\" content=\"Pfizer\" \/>\n<meta property=\"product:price:amount\" content=\"320.00\" \/>\n<meta property=\"product:price:currency\" content=\"EUR\" \/>\n<meta property=\"og:availability\" content=\"out of stock\" \/>\n<meta property=\"product:availability\" content=\"out of stock\" \/>\n<meta property=\"product:condition\" content=\"new\" \/>\n<!-- \/ Yoast SEO Premium plugin. -->","yoast_head_json":{"title":"PAK 3 GENOTROPIN - 12 MG- 36 UI PEN - Ester\u00f3ides Online","robots":{"index":"index","follow":"follow","max-snippet":"max-snippet:-1","max-image-preview":"max-image-preview:large","max-video-preview":"max-video-preview:-1"},"canonical":"https:\/\/iberoid-shop.com\/pt\/product\/pak-3-genotropin-pfizer-12-mg-36-ui-pen\/","og_locale":"pt_PT","og_type":"article","og_title":"PAK 3 GENOTROPIN - 12 MG- 36 UI PEN","og_description":"GENOTROPIN\u00ae 36 UI (12 mg), p\u00f3 e solvente para solu\u00e7\u00e3o injet\u00e1vel A subst\u00e2ncia ativa do medicamento \u00e9 a somatotropina (hormona","og_url":"https:\/\/iberoid-shop.com\/pt\/product\/pak-3-genotropin-pfizer-12-mg-36-ui-pen\/","og_site_name":"Ester\u00f3ides Online","article_modified_time":"2024-12-05T21:16:45+00:00","og_image":[{"width":500,"height":500,"url":"https:\/\/iberoid-shop.com\/wp-content\/uploads\/2023\/05\/3gen.webp","type":"image\/webp"}],"twitter_card":"summary_large_image","twitter_misc":{"pre\u00e7o":"&euro;320.00","Disponibilidade":"Esgotado"},"schema":{"@context":"https:\/\/schema.org","@graph":[{"@type":"WebPage","@id":"https:\/\/iberoid-shop.com\/pt\/product\/pak-3-genotropin-pfizer-12-mg-36-ui-pen\/","url":"https:\/\/iberoid-shop.com\/pt\/product\/pak-3-genotropin-pfizer-12-mg-36-ui-pen\/","name":"PAK 3 GENOTROPIN - 12 MG- 36 UI PEN - Ester\u00f3ides Online","isPartOf":{"@id":"https:\/\/iberoid-shop.com\/pt\/#website"},"primaryImageOfPage":{"@id":"https:\/\/iberoid-shop.com\/pt\/product\/pak-3-genotropin-pfizer-12-mg-36-ui-pen\/#primaryimage"},"image":{"@id":"https:\/\/iberoid-shop.com\/pt\/product\/pak-3-genotropin-pfizer-12-mg-36-ui-pen\/#primaryimage"},"thumbnailUrl":"https:\/\/iberoid-shop.com\/wp-content\/uploads\/2023\/05\/3gen.webp","datePublished":"2023-05-13T16:15:32+00:00","dateModified":"2024-12-05T21:16:45+00:00","breadcrumb":{"@id":"https:\/\/iberoid-shop.com\/pt\/product\/pak-3-genotropin-pfizer-12-mg-36-ui-pen\/#breadcrumb"},"inLanguage":"pt-PT","potentialAction":[{"@type":"ReadAction","target":[["https:\/\/iberoid-shop.com\/pt\/product\/pak-3-genotropin-pfizer-12-mg-36-ui-pen\/"]]}]},{"@type":"ImageObject","inLanguage":"pt-PT","@id":"https:\/\/iberoid-shop.com\/pt\/product\/pak-3-genotropin-pfizer-12-mg-36-ui-pen\/#primaryimage","url":"https:\/\/iberoid-shop.com\/wp-content\/uploads\/2023\/05\/3gen.webp","contentUrl":"https:\/\/iberoid-shop.com\/wp-content\/uploads\/2023\/05\/3gen.webp","width":500,"height":500},{"@type":"BreadcrumbList","@id":"https:\/\/iberoid-shop.com\/pt\/product\/pak-3-genotropin-pfizer-12-mg-36-ui-pen\/#breadcrumb","itemListElement":[{"@type":"ListItem","position":1,"name":"Portada","item":"https:\/\/iberoid-shop.com\/pt\/"},{"@type":"ListItem","position":2,"name":"Loja","item":"https:\/\/iberoid-shop.com\/pt\/shop\/"},{"@type":"ListItem","position":3,"name":"PAK 3 GENOTROPIN &#8211; 12 MG- 36 UI PEN"}]},{"@type":"WebSite","@id":"https:\/\/iberoid-shop.com\/pt\/#website","url":"https:\/\/iberoid-shop.com\/pt\/","name":"Ester\u00f3ides Online","description":"Compre ester\u00f3ides online hoje em Espanha e Portugal. Temos o melhor servi\u00e7o ao cliente do setor e produtos da mais alta qualidade","potentialAction":[{"@type":"SearchAction","target":{"@type":"EntryPoint","urlTemplate":"https:\/\/iberoid-shop.com\/pt\/?s={search_term_string}"},"query-input":{"@type":"PropertyValueSpecification","valueRequired":true,"valueName":"search_term_string"}}],"inLanguage":"pt-PT"}]},"product_brand":"Pfizer","product_price_amount":"320.00","product_price_currency":"EUR","og_availability":"out of stock","product_availability":"out of stock","product_condition":"new"},"_links":{"self":[{"href":"https:\/\/iberoid-shop.com\/pt\/wp-json\/wp\/v2\/product\/8514","targetHints":{"allow":["GET"]}}],"collection":[{"href":"https:\/\/iberoid-shop.com\/pt\/wp-json\/wp\/v2\/product"}],"about":[{"href":"https:\/\/iberoid-shop.com\/pt\/wp-json\/wp\/v2\/types\/product"}],"replies":[{"embeddable":true,"href":"https:\/\/iberoid-shop.com\/pt\/wp-json\/wp\/v2\/comments?post=8514"}],"wp:featuredmedia":[{"embeddable":true,"href":"https:\/\/iberoid-shop.com\/pt\/wp-json\/wp\/v2\/media\/8515"}],"wp:attachment":[{"href":"https:\/\/iberoid-shop.com\/pt\/wp-json\/wp\/v2\/media?parent=8514"}],"wp:term":[{"taxonomy":"product_brand","embeddable":true,"href":"https:\/\/iberoid-shop.com\/pt\/wp-json\/wp\/v2\/product_brand?post=8514"},{"taxonomy":"product_cat","embeddable":true,"href":"https:\/\/iberoid-shop.com\/pt\/wp-json\/wp\/v2\/product_cat?post=8514"},{"taxonomy":"product_tag","embeddable":true,"href":"https:\/\/iberoid-shop.com\/pt\/wp-json\/wp\/v2\/product_tag?post=8514"}],"curies":[{"name":"wp","href":"https:\/\/api.w.org\/{rel}","templated":true}]}}