{"id":8512,"date":"2023-05-13T16:12:27","date_gmt":"2023-05-13T16:12:27","guid":{"rendered":"https:\/\/iberoid-shop.com\/?post_type=product&#038;p=8512"},"modified":"2025-04-13T16:40:47","modified_gmt":"2025-04-13T16:40:47","slug":"pak2-genotropin-pfizer-12-mg-36-ui-pen","status":"publish","type":"product","link":"https:\/\/iberoid-shop.com\/pt\/product\/pak2-genotropin-pfizer-12-mg-36-ui-pen\/","title":{"rendered":"pak2. GENOTROPIN &#8211; 12 MG 36 UI PEN 2&#215;36 ui &#8211; total 72 ui"},"content":{"rendered":"<p><\/p>\n<p data-sourcepos=\"3:1-3:116\"><strong>GENOTROPIN<\/strong> \u00e9 utilizado no tratamento de diversas perturba\u00e7\u00f5es relacionadas ao crescimento em crian\u00e7as e adultos.<\/p>\n<p data-sourcepos=\"5:1-10:18\"><strong>GHD pedi\u00e1trico<\/strong> em crian\u00e7as <strong>Baixa estatura idiop\u00e1tica (BEI)<\/strong>* em crian\u00e7as <strong>S\u00edndrome de Prader-Willi (SPW)\u2020<\/strong> em crian\u00e7as <strong>Pequeno para a idade gestacional (PIG)<\/strong> em crian\u00e7as <strong>S\u00edndrome de Turner (ST)<\/strong> em meninas <strong>GHD em adultos<\/strong><\/p>\n<p data-sourcepos=\"12:1-12:12\"><strong>Crian\u00e7as<\/strong><\/p>\n<p data-sourcepos=\"14:1-14:222\">Perturba\u00e7\u00e3o do crescimento devido \u00e0 secre\u00e7\u00e3o insuficiente de horm\u00f4nio do crescimento (defici\u00eancia de horm\u00f4nio do crescimento, GHD) e perturba\u00e7\u00e3o do crescimento associada \u00e0 s\u00edndrome de Turner ou insufici\u00eancia renal cr\u00f4nica.<\/p>\n<p data-sourcepos=\"16:1-16:399\">Perturba\u00e7\u00e3o do crescimento [escore de desvio padr\u00e3o (SDS) da altura atual &lt; -2,5 e SDS da altura ajustada pelos pais &lt; -1] em crian\u00e7as baixas nascidas pequenas para a idade gestacional (PIG), com peso e\/ou comprimento ao nascer abaixo de -2 DP, que n\u00e3o apresentaram crescimento compensat\u00f3rio [SDS da velocidade de crescimento (VC) &lt;0 durante o \u00faltimo ano] aos 4 anos de idade ou mais tarde.<\/p>\n<p data-sourcepos=\"18:1-18:157\">S\u00edndrome de Prader-Willi (SPW), para melhora do crescimento e composi\u00e7\u00e3o corporal. O diagn\u00f3stico de SPW deve ser confirmado por testes gen\u00e9ticos apropriados.<\/p>\n<p data-sourcepos=\"20:1-20:11\"><strong>Adultos<\/strong><\/p>\n<p data-sourcepos=\"22:1-22:87\">Terapia de reposi\u00e7\u00e3o em adultos com defici\u00eancia pronunciada de horm\u00f4nio do crescimento.<\/p>\n<p data-sourcepos=\"24:1-24:453\"><strong>In\u00edcio na Idade Adulta:<\/strong> Pacientes que apresentam defici\u00eancia grave de horm\u00f4nio do crescimento associada a m\u00faltiplas defici\u00eancias hormonais como resultado de patologia hipotal\u00e2mica ou pituit\u00e1ria conhecida, e que t\u00eam pelo menos uma defici\u00eancia conhecida de um horm\u00f4nio pituit\u00e1rio que n\u00e3o seja prolactina. Esses pacientes devem ser submetidos a um teste din\u00e2mico apropriado para diagnosticar ou excluir uma defici\u00eancia de horm\u00f4nio do <span class=\"citation-0\">crescimento.<\/span><\/p>\n<p data-sourcepos=\"26:1-26:722\"><strong><span class=\"citation-0\">In\u00edcio na Inf\u00e2ncia:<\/span><\/strong> <span class=\"citation-0 citation-1 citation-end-0\">Pacientes que apresentaram defici\u00eancia de horm\u00f4nio do crescimento durante a inf\u00e2ncia como resultado de causas<\/span><span class=\"citation-1 citation-end-1\"> cong\u00eanitas, gen\u00e9ticas, adquiridas ou idiop\u00e1ticas. Pacientes<\/span> com GHD de in\u00edcio na inf\u00e2ncia devem ser reavaliados quanto \u00e0 capacidade secretora de horm\u00f4nio do crescimento ap\u00f3s a conclus\u00e3o do crescimento longitudinal. Em pacientes com alta probabilidade de GHD persistente, ou seja, uma causa cong\u00eanita ou GHD secund\u00e1ria a uma doen\u00e7a ou insulto pituit\u00e1rio\/hipotal\u00e2mico, um SDS do fator de crescimento semelhante \u00e0 insulina I (IGF-I) &lt; -2 fora do tratamento com horm\u00f4nio do crescimento por pelo menos 4 semanas deve ser considerado evid\u00eancia suficiente de GHD profunda.<span class=\"button-container hide-from-message-actions ng-star-inserted\"> \u00a0 <button class=\"mat-mdc-tooltip-trigger button image-fade-on hide-from-message-actions\" aria-controls=\"sources\" aria-expanded=\"false\" aria-describedby=\"cdk-describedby-message-ng-1-57\"><\/button><\/span><\/p>\n<div class=\"container ng-tns-c2098365069-86 hide\">\n<div class=\"carousel-container ng-tns-c2098365069-86\">\n<div class=\"carousel-content ng-tns-c2098365069-86\">\n<div class=\"sources-carousel-source ng-tns-c2098365069-86 hide ng-star-inserted\" data-test-id=\"sources-carousel-source\"><\/div>\n<div class=\"sources-carousel-source ng-tns-c2098365069-86 hide ng-star-inserted\" data-test-id=\"sources-carousel-source\"><\/div>\n<\/div>\n<\/div>\n<\/div>\n<p data-sourcepos=\"28:1-28:111\">Todos os outros pacientes necessitar\u00e3o de ensaio de IGF-I e um teste de estimula\u00e7\u00e3o do horm\u00f4nio do crescimento.<\/p>\n<p data-sourcepos=\"30:1-30:68\">A posologia e o esquema de administra\u00e7\u00e3o devem ser individualizados.<\/p>\n<p data-sourcepos=\"32:1-32:95\">A inje\u00e7\u00e3o deve ser administrada por via subcut\u00e2nea e o local variado para prevenir lipoatrofia.<\/p>\n<p data-sourcepos=\"34:1-34:289\"><strong>Perturba\u00e7\u00e3o do crescimento devido \u00e0 secre\u00e7\u00e3o insuficiente de horm\u00f4nio do crescimento em crian\u00e7as:<\/strong> Geralmente, recomenda-se uma dose de 0,025 &#8211; 0,035 mg\/kg de peso corporal por dia ou 0,7 &#8211; 1,0 mg\/m\u00b2 de \u00e1rea de superf\u00edcie corporal por dia. Doses ainda mais elevadas t\u00eam sido utilizadas.<\/p>\n<p data-sourcepos=\"36:1-36:566\">Quando a GHD de in\u00edcio na inf\u00e2ncia persiste na adolesc\u00eancia, o tratamento deve ser continuado para atingir o desenvolvimento som\u00e1tico completo (ex: composi\u00e7\u00e3o corporal, massa \u00f3ssea). Para monitoramento, a obten\u00e7\u00e3o de uma massa \u00f3ssea de pico normal definida como um escore T &gt; -1 (ou seja, padronizado para a massa \u00f3ssea de pico m\u00e9dia adulta medida por absorciometria de raios-X de dupla energia, levando em considera\u00e7\u00e3o sexo e etnia) \u00e9 um dos objetivos terap\u00eauticos durante o per\u00edodo de transi\u00e7\u00e3o. Para orienta\u00e7\u00e3o sobre a dosagem, consulte a se\u00e7\u00e3o de adultos abaixo.<\/p>\n<p data-sourcepos=\"38:1-38:408\"><strong>S\u00edndrome de Prader-Willi, para melhora do crescimento e composi\u00e7\u00e3o corporal em crian\u00e7as:<\/strong> Geralmente, recomenda-se uma dose de 0,035 mg\/kg de peso corporal por dia ou 1,0 mg\/m\u00b2 de \u00e1rea de superf\u00edcie corporal por dia. Doses di\u00e1rias de 2,7 mg n\u00e3o devem ser excedidas. O tratamento n\u00e3o deve ser utilizado em crian\u00e7as com velocidade de crescimento inferior a 1 cm por ano e pr\u00f3ximo ao fechamento das ep\u00edfises.<\/p>\n<p data-sourcepos=\"40:1-40:182\"><strong>Perturba\u00e7\u00e3o do crescimento devido \u00e0 s\u00edndrome de Turner:<\/strong> Recomenda-se uma dose de 0,045 &#8211; 0,050 mg\/kg de peso corporal por dia ou 1,4 mg\/m\u00b2 de \u00e1rea de superf\u00edcie corporal por dia.<\/p>\n<p data-sourcepos=\"42:1-42:359\"><strong>Perturba\u00e7\u00e3o <span class=\"citation-2\">do crescimento na insufici\u00eancia renal cr\u00f4nica:<\/span><\/strong><span class=\"citation-2 citation-end-2\"> Recomenda-se uma dose de 0,045 &#8211; 0,050 mg\/kg de peso corporal por dia (1,4 mg\/m\u00b2<\/span> de \u00e1rea de superf\u00edcie corporal por dia). Doses mais elevadas podem ser necess\u00e1rias se a velocidade de crescimento for muito baixa. Uma corre\u00e7\u00e3o da dose pode ser necess\u00e1ria ap\u00f3s seis meses de tratamento.<span class=\"button-container hide-from-message-actions ng-star-inserted\"> \u00a0 <button class=\"mat-mdc-tooltip-trigger button image-fade-on hide-from-message-actions\" aria-controls=\"sources\" aria-expanded=\"false\" aria-describedby=\"cdk-describedby-message-ng-1-57\"><\/button><\/span><\/p>\n<div class=\"container ng-tns-c2098365069-87 hide\">\n<div class=\"carousel-container ng-tns-c2098365069-87\">\n<div class=\"carousel-content ng-tns-c2098365069-87\">\n<div class=\"sources-carousel-source ng-tns-c2098365069-87 hide ng-star-inserted\" data-test-id=\"sources-carousel-source\"><\/div>\n<\/div>\n<\/div>\n<\/div>\n<p data-sourcepos=\"44:1-44:640\"><strong>Perturba\u00e7\u00e3o do crescimento em crian\u00e7as baixas nascidas pequenas para a idade gestacional:<\/strong> Uma dose de 0,035 mg\/kg de peso corporal por dia (1 mg\/m\u00b2 de \u00e1rea de superf\u00edcie corporal por dia) \u00e9 geralmente recomendada at\u00e9 que a altura final seja atingida. O tratamento deve ser interrompido ap\u00f3s o primeiro ano de tratamento se o SDS da velocidade de crescimento for inferior a +1. O tratamento deve ser interrompido se a velocidade de crescimento for &lt;2 cm\/ano e, se a confirma\u00e7\u00e3o for necess\u00e1ria, <span class=\"citation-3 citation-end-3\">a idade \u00f3ssea for &gt;14 anos (meninas) ou &gt;16 anos (meninos), correspondendo ao fechamento das placas de crescimento epifis\u00e1rias.<\/span><span class=\"button-container hide-from-message-actions ng-star-inserted\"> \u00a0 <button class=\"mat-mdc-tooltip-trigger button image-fade-on hide-from-message-actions\" aria-controls=\"sources\" aria-expanded=\"false\" aria-describedby=\"cdk-describedby-message-ng-1-57\"><\/button><\/span><\/p>\n<div class=\"container ng-tns-c2098365069-88 hide\">\n<div class=\"carousel-container ng-tns-c2098365069-88\">\n<div class=\"carousel-content ng-tns-c2098365069-88\">\n<div class=\"sources-carousel-source ng-tns-c2098365069-88 hide ng-star-inserted\" data-test-id=\"sources-carousel-source\"><\/div>\n<\/div>\n<\/div>\n<\/div>\n<p data-sourcepos=\"46:1-46:53\"><strong>Recomenda\u00e7\u00f5es de Dosagem em Pacientes Pedi\u00e1tricos<\/strong><\/p>\n<div class=\"horizontal-scroll-wrapper\">\n<div class=\"table-block-component\">\n<div class=\"table-block\">\n<div class=\"table-content not-end-of-paragraph\">\n<table data-sourcepos=\"48:1-54:128\">\n<tbody>\n<tr data-sourcepos=\"48:1-48:130\">\n<th align=\"left\" data-sourcepos=\"48:1-48:48\">Indica\u00e7\u00e3o<\/th>\n<th align=\"left\" data-sourcepos=\"48:50-48:81\">mg\/kg de peso corporal por dia<\/th>\n<th align=\"left\" data-sourcepos=\"48:83-48:128\">mg\/m\u00b2 de \u00e1rea de superf\u00edcie corporal por dia<\/th>\n<\/tr>\n<tr data-sourcepos=\"50:1-50:128\">\n<td align=\"left\" data-sourcepos=\"50:1-50:52\">Defici\u00eancia de horm\u00f4nio do crescimento em crian\u00e7as<\/td>\n<td align=\"left\" data-sourcepos=\"50:54-50:83\">0,025 &#8211; 0,035<\/td>\n<td align=\"left\" data-sourcepos=\"50:85-50:126\">0,7 &#8211; 1,0<\/td>\n<\/tr>\n<tr data-sourcepos=\"51:1-51:123\">\n<td align=\"left\" data-sourcepos=\"51:1-51:48\">S\u00edndrome de Prader-Willi em crian\u00e7as<\/td>\n<td align=\"left\" data-sourcepos=\"51:50-51:78\">0,035<\/td>\n<td align=\"left\" data-sourcepos=\"51:80-51:121\">1,0<\/td>\n<\/tr>\n<tr data-sourcepos=\"52:1-52:125\">\n<td align=\"left\" data-sourcepos=\"52:1-52:49\">S\u00edndrome de Turner<\/td>\n<td align=\"left\" data-sourcepos=\"52:51-52:80\">0,045 &#8211; 0,050<\/td>\n<td align=\"left\" data-sourcepos=\"52:82-52:123\">1,4<\/td>\n<\/tr>\n<tr data-sourcepos=\"53:1-53:124\">\n<td align=\"left\" data-sourcepos=\"53:1-53:48\">Insufici\u00eancia renal cr\u00f4nica<\/td>\n<td align=\"left\" data-sourcepos=\"53:50-53:79\">0,045 &#8211; 0,050<\/td>\n<td align=\"left\" data-sourcepos=\"53:81-53:122\">1,4<\/td>\n<\/tr>\n<tr data-sourcepos=\"54:1-54:128\">\n<td align=\"left\" data-sourcepos=\"54:1-54:53\">Crian\u00e7as nascidas pequenas para a idade gestacional<\/td>\n<td align=\"left\" data-sourcepos=\"54:55-54:83\">0,035<\/td>\n<td align=\"left\" data-sourcepos=\"54:85-54:126\">1,0<\/td>\n<\/tr>\n<\/tbody>\n<\/table>\n<\/div>\n<div class=\"table-footer hide-from-message-actions ng-star-inserted\"><button class=\"mdc-button mat-mdc-button mat-unthemed mat-mdc-button-base\"><span class=\"mdc-button__label\"><span class=\"export-sheets-button\">Export to Sheets<\/span><\/span><\/button><\/div>\n<\/div>\n<\/div>\n<\/div>\n<p data-sourcepos=\"56:1-56:369\"><strong>Pacientes adultos com defici\u00eancia de horm\u00f4nio do crescimento:<\/strong> Em pacientes que continuam a terapia com horm\u00f4nio do crescimento ap\u00f3s GHD na inf\u00e2ncia, a dose recomendada para reiniciar \u00e9 de 0,2 \u2013 0,5 mg por dia. A dose deve ser gradualmente aumentada ou diminu\u00edda de acordo com as necessidades individuais do paciente, conforme determinado pela concentra\u00e7\u00e3o de IGF-I.<\/p>\n<p data-sourcepos=\"58:1-58:256\">Em pacientes com GHD de in\u00edcio na idade adulta, a terapia deve come\u00e7ar com uma dose baixa, 0,15 \u2013 0,3 mg por dia. A dose deve ser gradualmente aumentada de acordo com as necessidades individuais do paciente, conforme determinado pela concentra\u00e7\u00e3o de IGF-I.<\/p>\n<p data-sourcepos=\"60:1-60:1475\">Em ambos os casos, a meta do tratamento deve ser concentra\u00e7\u00f5es de IGF-I dentro de 2 SDS da m\u00e9dia corrigida para a idade. Pacientes com concentra\u00e7\u00f5es normais de IGF-I no in\u00edcio do tratamento devem receber horm\u00f4nio do crescimento at\u00e9 um n\u00edvel de IGF-I na faixa superior do normal, n\u00e3o excedendo o 2 SDS. A resposta cl\u00ednica e os efeitos colaterais tamb\u00e9m podem ser usados como orienta\u00e7\u00e3o para a titula\u00e7\u00e3o da dose. \u00c9 reconhecido que existem pacientes com GHD que n\u00e3o normalizam os n\u00edveis de IGF-I apesar de uma boa resposta cl\u00ednica e, portanto, n\u00e3o necessitam de escalonamento da <span class=\"citation-4 citation-end-4\">dose. A dose de manuten\u00e7\u00e3o raramente excede 1,0 mg por dia. As mulheres podem necessitar de doses mais elevadas do que os homens,<\/span> com os homens apresentando uma sensibilidade crescente ao IGF-I ao longo do tempo. Isso significa que existe o risco de as mulheres, especialmente aquelas em reposi\u00e7\u00e3o de estrog\u00eanio oral, serem subtratadas, enquanto os homens s\u00e3o tratados em excesso. A precis\u00e3o da dose de horm\u00f4nio do crescimento deve, portanto, ser controlada a cada 6 meses. Como a produ\u00e7\u00e3o fisiol\u00f3gica normal de horm\u00f4nio do crescimento diminui com a idade, os requisitos de dose s\u00e3o reduzidos. Em pacientes com mais de 60 anos, a terapia deve come\u00e7ar com uma dose de 0,1 &#8211; 0,2 mg por dia e deve ser lentamente aumentada de acordo com as necessidades individuais do paciente. A dose eficaz m\u00ednima deve ser utilizada. A dose de manuten\u00e7\u00e3o nesses pacientes raramente excede 0,5 mg por dia.<span class=\"button-container hide-from-message-actions ng-star-inserted\"> \u00a0 <button class=\"mat-mdc-tooltip-trigger button image-fade-on hide-from-message-actions\" aria-controls=\"sources\" aria-expanded=\"false\" aria-describedby=\"cdk-describedby-message-ng-1-57\"><\/button><\/span><\/p>\n<div class=\"container ng-tns-c2098365069-89 hide\">\n<div class=\"carousel-container ng-tns-c2098365069-89\">\n<div class=\"carousel-content ng-tns-c2098365069-89\">\n<div class=\"sources-carousel-source ng-tns-c2098365069-89 hide ng-star-inserted\" data-test-id=\"sources-carousel-source\"><\/div>\n<\/div>\n<\/div>\n<\/div>\n<p data-sourcepos=\"62:1-62:24\"><strong>4.3 Contraindica\u00e7\u00f5es<\/strong><\/p>\n<p data-sourcepos=\"64:1-64:38\">Hipersensibilidade \u00e0 subst\u00e2ncia ativa.<\/p>\n<p data-sourcepos=\"66:1-66:251\">A somatropina n\u00e3o deve ser utilizada quando houver qualquer evid\u00eancia de atividade de um tumor. Tumores intracranianos devem estar inativos e a terapia antitumoral deve ser conclu\u00edda antes de iniciar a terapia com horm\u00f4nio do crescimento.<\/p>\n<p><\/p>","protected":false},"excerpt":{"rendered":"<p>GENOTROPIN \u00e9 utilizado no tratamento de diversas perturba\u00e7\u00f5es relacionadas ao crescimento em crian\u00e7as e adultos. GHD pedi\u00e1trico em crian\u00e7as Baixa<\/p>\n","protected":false},"featured_media":8513,"comment_status":"open","ping_status":"closed","template":"","meta":[],"product_brand":[],"product_cat":[76,3474],"product_tag":[],"class_list":{"0":"post-8512","1":"product","2":"type-product","3":"status-publish","4":"has-post-thumbnail","6":"product_cat-hgh_peptido","7":"product_cat-packs","9":"first","10":"outofstock","11":"shipping-taxable","12":"purchasable","13":"product-type-simple"},"yoast_head":"<!-- This site is optimized with the Yoast SEO Premium plugin v24.4 (Yoast SEO v27.3) - https:\/\/yoast.com\/product\/yoast-seo-premium-wordpress\/ -->\n<title>pak2. GENOTROPIN - 12 MG 36 UI PEN 2x36 ui - total 72 ui - Ester\u00f3ides Online<\/title>\n<meta name=\"description\" content=\"GENOTROPIN \u00e9 uma hormona de crescimento prescrita utilizada para tratar dist\u00farbios relacionados com o crescimento em crian\u00e7as e adultos\" \/>\n<meta name=\"robots\" content=\"index, follow, max-snippet:-1, max-image-preview:large, max-video-preview:-1\" \/>\n<link rel=\"canonical\" href=\"https:\/\/iberoid-shop.com\/pt\/product\/pak2-genotropin-pfizer-12-mg-36-ui-pen\/\" \/>\n<meta property=\"og:locale\" content=\"pt_PT\" \/>\n<meta property=\"og:type\" content=\"article\" \/>\n<meta property=\"og:title\" content=\"pak2. GENOTROPIN - 12 MG 36 UI PEN 2x36 ui - total 72 ui\" \/>\n<meta property=\"og:description\" content=\"GENOTROPIN \u00e9 uma hormona de crescimento prescrita utilizada para tratar dist\u00farbios relacionados com o crescimento em crian\u00e7as e adultos\" \/>\n<meta property=\"og:url\" content=\"https:\/\/iberoid-shop.com\/pt\/product\/pak2-genotropin-pfizer-12-mg-36-ui-pen\/\" \/>\n<meta property=\"og:site_name\" content=\"Ester\u00f3ides Online\" \/>\n<meta property=\"article:modified_time\" content=\"2025-04-13T16:40:47+00:00\" \/>\n<meta property=\"og:image\" content=\"https:\/\/iberoid-shop.com\/wp-content\/uploads\/2023\/05\/2.gen_.jpg?v=1710934319\" \/>\n\t<meta property=\"og:image:width\" content=\"870\" \/>\n\t<meta property=\"og:image:height\" content=\"1044\" \/>\n\t<meta property=\"og:image:type\" content=\"image\/jpeg\" \/>\n<meta name=\"twitter:card\" content=\"summary_large_image\" \/>\n<meta name=\"twitter:label1\" content=\"pre\u00e7o\" \/>\n\t<meta name=\"twitter:data1\" content=\"&euro;250.00\" \/>\n\t<meta name=\"twitter:label2\" content=\"Disponibilidade\" \/>\n\t<meta name=\"twitter:data2\" content=\"Esgotado\" \/>\n<script type=\"application\/ld+json\" class=\"yoast-schema-graph\">{\"@context\":\"https:\\\/\\\/schema.org\",\"@graph\":[{\"@type\":\"WebPage\",\"@id\":\"https:\\\/\\\/iberoid-shop.com\\\/pt\\\/product\\\/pak2-genotropin-pfizer-12-mg-36-ui-pen\\\/\",\"url\":\"https:\\\/\\\/iberoid-shop.com\\\/pt\\\/product\\\/pak2-genotropin-pfizer-12-mg-36-ui-pen\\\/\",\"name\":\"pak2. GENOTROPIN - 12 MG 36 UI PEN 2x36 ui - total 72 ui - Ester\u00f3ides Online\",\"isPartOf\":{\"@id\":\"https:\\\/\\\/iberoid-shop.com\\\/pt\\\/#website\"},\"primaryImageOfPage\":{\"@id\":\"https:\\\/\\\/iberoid-shop.com\\\/pt\\\/product\\\/pak2-genotropin-pfizer-12-mg-36-ui-pen\\\/#primaryimage\"},\"image\":{\"@id\":\"https:\\\/\\\/iberoid-shop.com\\\/pt\\\/product\\\/pak2-genotropin-pfizer-12-mg-36-ui-pen\\\/#primaryimage\"},\"thumbnailUrl\":\"https:\\\/\\\/iberoid-shop.com\\\/wp-content\\\/uploads\\\/2023\\\/05\\\/2.gen_.jpg?v=1710934319\",\"datePublished\":\"2023-05-13T16:12:27+00:00\",\"dateModified\":\"2025-04-13T16:40:47+00:00\",\"description\":\"GENOTROPIN \u00e9 uma hormona de crescimento prescrita utilizada para tratar dist\u00farbios relacionados com o crescimento em crian\u00e7as e adultos\",\"breadcrumb\":{\"@id\":\"https:\\\/\\\/iberoid-shop.com\\\/pt\\\/product\\\/pak2-genotropin-pfizer-12-mg-36-ui-pen\\\/#breadcrumb\"},\"inLanguage\":\"pt-PT\",\"potentialAction\":[{\"@type\":\"ReadAction\",\"target\":[[\"https:\\\/\\\/iberoid-shop.com\\\/pt\\\/product\\\/pak2-genotropin-pfizer-12-mg-36-ui-pen\\\/\"]]}]},{\"@type\":\"ImageObject\",\"inLanguage\":\"pt-PT\",\"@id\":\"https:\\\/\\\/iberoid-shop.com\\\/pt\\\/product\\\/pak2-genotropin-pfizer-12-mg-36-ui-pen\\\/#primaryimage\",\"url\":\"https:\\\/\\\/iberoid-shop.com\\\/wp-content\\\/uploads\\\/2023\\\/05\\\/2.gen_.jpg?v=1710934319\",\"contentUrl\":\"https:\\\/\\\/iberoid-shop.com\\\/wp-content\\\/uploads\\\/2023\\\/05\\\/2.gen_.jpg?v=1710934319\",\"width\":870,\"height\":1044},{\"@type\":\"BreadcrumbList\",\"@id\":\"https:\\\/\\\/iberoid-shop.com\\\/pt\\\/product\\\/pak2-genotropin-pfizer-12-mg-36-ui-pen\\\/#breadcrumb\",\"itemListElement\":[{\"@type\":\"ListItem\",\"position\":1,\"name\":\"Portada\",\"item\":\"https:\\\/\\\/iberoid-shop.com\\\/pt\\\/\"},{\"@type\":\"ListItem\",\"position\":2,\"name\":\"Loja\",\"item\":\"https:\\\/\\\/iberoid-shop.com\\\/pt\\\/shop\\\/\"},{\"@type\":\"ListItem\",\"position\":3,\"name\":\"pak2. GENOTROPIN &#8211; 12 MG 36 UI PEN 2&#215;36 ui &#8211; total 72 ui\"}]},{\"@type\":\"WebSite\",\"@id\":\"https:\\\/\\\/iberoid-shop.com\\\/pt\\\/#website\",\"url\":\"https:\\\/\\\/iberoid-shop.com\\\/pt\\\/\",\"name\":\"Ester\u00f3ides Online\",\"description\":\"Compre ester\u00f3ides online hoje em Espanha e Portugal. Temos o melhor servi\u00e7o ao cliente do setor e produtos da mais alta qualidade\",\"potentialAction\":[{\"@type\":\"SearchAction\",\"target\":{\"@type\":\"EntryPoint\",\"urlTemplate\":\"https:\\\/\\\/iberoid-shop.com\\\/pt\\\/?s={search_term_string}\"},\"query-input\":{\"@type\":\"PropertyValueSpecification\",\"valueRequired\":true,\"valueName\":\"search_term_string\"}}],\"inLanguage\":\"pt-PT\"}]}<\/script>\n<meta property=\"product:brand\" content=\"Pfizer\" \/>\n<meta property=\"product:price:amount\" content=\"250.00\" \/>\n<meta property=\"product:price:currency\" content=\"EUR\" \/>\n<meta property=\"og:availability\" content=\"out of stock\" \/>\n<meta property=\"product:availability\" content=\"out of stock\" \/>\n<meta property=\"product:condition\" content=\"new\" \/>\n<!-- \/ Yoast SEO Premium plugin. -->","yoast_head_json":{"title":"pak2. GENOTROPIN - 12 MG 36 UI PEN 2x36 ui - total 72 ui - Ester\u00f3ides Online","description":"GENOTROPIN \u00e9 uma hormona de crescimento prescrita utilizada para tratar dist\u00farbios relacionados com o crescimento em crian\u00e7as e adultos","robots":{"index":"index","follow":"follow","max-snippet":"max-snippet:-1","max-image-preview":"max-image-preview:large","max-video-preview":"max-video-preview:-1"},"canonical":"https:\/\/iberoid-shop.com\/pt\/product\/pak2-genotropin-pfizer-12-mg-36-ui-pen\/","og_locale":"pt_PT","og_type":"article","og_title":"pak2. GENOTROPIN - 12 MG 36 UI PEN 2x36 ui - total 72 ui","og_description":"GENOTROPIN \u00e9 uma hormona de crescimento prescrita utilizada para tratar dist\u00farbios relacionados com o crescimento em crian\u00e7as e adultos","og_url":"https:\/\/iberoid-shop.com\/pt\/product\/pak2-genotropin-pfizer-12-mg-36-ui-pen\/","og_site_name":"Ester\u00f3ides Online","article_modified_time":"2025-04-13T16:40:47+00:00","og_image":[{"width":870,"height":1044,"url":"https:\/\/iberoid-shop.com\/wp-content\/uploads\/2023\/05\/2.gen_.jpg?v=1710934319","type":"image\/jpeg"}],"twitter_card":"summary_large_image","twitter_misc":{"pre\u00e7o":"&euro;250.00","Disponibilidade":"Esgotado"},"schema":{"@context":"https:\/\/schema.org","@graph":[{"@type":"WebPage","@id":"https:\/\/iberoid-shop.com\/pt\/product\/pak2-genotropin-pfizer-12-mg-36-ui-pen\/","url":"https:\/\/iberoid-shop.com\/pt\/product\/pak2-genotropin-pfizer-12-mg-36-ui-pen\/","name":"pak2. GENOTROPIN - 12 MG 36 UI PEN 2x36 ui - total 72 ui - Ester\u00f3ides Online","isPartOf":{"@id":"https:\/\/iberoid-shop.com\/pt\/#website"},"primaryImageOfPage":{"@id":"https:\/\/iberoid-shop.com\/pt\/product\/pak2-genotropin-pfizer-12-mg-36-ui-pen\/#primaryimage"},"image":{"@id":"https:\/\/iberoid-shop.com\/pt\/product\/pak2-genotropin-pfizer-12-mg-36-ui-pen\/#primaryimage"},"thumbnailUrl":"https:\/\/iberoid-shop.com\/wp-content\/uploads\/2023\/05\/2.gen_.jpg?v=1710934319","datePublished":"2023-05-13T16:12:27+00:00","dateModified":"2025-04-13T16:40:47+00:00","description":"GENOTROPIN \u00e9 uma hormona de crescimento prescrita utilizada para tratar dist\u00farbios relacionados com o crescimento em crian\u00e7as e adultos","breadcrumb":{"@id":"https:\/\/iberoid-shop.com\/pt\/product\/pak2-genotropin-pfizer-12-mg-36-ui-pen\/#breadcrumb"},"inLanguage":"pt-PT","potentialAction":[{"@type":"ReadAction","target":[["https:\/\/iberoid-shop.com\/pt\/product\/pak2-genotropin-pfizer-12-mg-36-ui-pen\/"]]}]},{"@type":"ImageObject","inLanguage":"pt-PT","@id":"https:\/\/iberoid-shop.com\/pt\/product\/pak2-genotropin-pfizer-12-mg-36-ui-pen\/#primaryimage","url":"https:\/\/iberoid-shop.com\/wp-content\/uploads\/2023\/05\/2.gen_.jpg?v=1710934319","contentUrl":"https:\/\/iberoid-shop.com\/wp-content\/uploads\/2023\/05\/2.gen_.jpg?v=1710934319","width":870,"height":1044},{"@type":"BreadcrumbList","@id":"https:\/\/iberoid-shop.com\/pt\/product\/pak2-genotropin-pfizer-12-mg-36-ui-pen\/#breadcrumb","itemListElement":[{"@type":"ListItem","position":1,"name":"Portada","item":"https:\/\/iberoid-shop.com\/pt\/"},{"@type":"ListItem","position":2,"name":"Loja","item":"https:\/\/iberoid-shop.com\/pt\/shop\/"},{"@type":"ListItem","position":3,"name":"pak2. GENOTROPIN &#8211; 12 MG 36 UI PEN 2&#215;36 ui &#8211; total 72 ui"}]},{"@type":"WebSite","@id":"https:\/\/iberoid-shop.com\/pt\/#website","url":"https:\/\/iberoid-shop.com\/pt\/","name":"Ester\u00f3ides Online","description":"Compre ester\u00f3ides online hoje em Espanha e Portugal. Temos o melhor servi\u00e7o ao cliente do setor e produtos da mais alta qualidade","potentialAction":[{"@type":"SearchAction","target":{"@type":"EntryPoint","urlTemplate":"https:\/\/iberoid-shop.com\/pt\/?s={search_term_string}"},"query-input":{"@type":"PropertyValueSpecification","valueRequired":true,"valueName":"search_term_string"}}],"inLanguage":"pt-PT"}]},"product_brand":"Pfizer","product_price_amount":"250.00","product_price_currency":"EUR","og_availability":"out of stock","product_availability":"out of stock","product_condition":"new"},"_links":{"self":[{"href":"https:\/\/iberoid-shop.com\/pt\/wp-json\/wp\/v2\/product\/8512","targetHints":{"allow":["GET"]}}],"collection":[{"href":"https:\/\/iberoid-shop.com\/pt\/wp-json\/wp\/v2\/product"}],"about":[{"href":"https:\/\/iberoid-shop.com\/pt\/wp-json\/wp\/v2\/types\/product"}],"replies":[{"embeddable":true,"href":"https:\/\/iberoid-shop.com\/pt\/wp-json\/wp\/v2\/comments?post=8512"}],"wp:featuredmedia":[{"embeddable":true,"href":"https:\/\/iberoid-shop.com\/pt\/wp-json\/wp\/v2\/media\/8513"}],"wp:attachment":[{"href":"https:\/\/iberoid-shop.com\/pt\/wp-json\/wp\/v2\/media?parent=8512"}],"wp:term":[{"taxonomy":"product_brand","embeddable":true,"href":"https:\/\/iberoid-shop.com\/pt\/wp-json\/wp\/v2\/product_brand?post=8512"},{"taxonomy":"product_cat","embeddable":true,"href":"https:\/\/iberoid-shop.com\/pt\/wp-json\/wp\/v2\/product_cat?post=8512"},{"taxonomy":"product_tag","embeddable":true,"href":"https:\/\/iberoid-shop.com\/pt\/wp-json\/wp\/v2\/product_tag?post=8512"}],"curies":[{"name":"wp","href":"https:\/\/api.w.org\/{rel}","templated":true}]}}