{"id":8384,"date":"2023-03-26T12:15:42","date_gmt":"2023-03-26T12:15:42","guid":{"rendered":"https:\/\/iberoid-shop.com\/?post_type=product&#038;p=8384"},"modified":"2026-03-01T14:02:27","modified_gmt":"2026-03-01T14:02:27","slug":"somatek-somatropin-75-ui-pharmabol-labs","status":"publish","type":"product","link":"https:\/\/iberoid-shop.com\/pt\/product\/somatek-somatropin-75-ui-pharmabol-labs\/","title":{"rendered":"SOMATEK \/ SOMATROPIN 75 UI"},"content":{"rendered":"<p>SOMATEK \u00e0 venda. Compre SOMATEK 75 I.U. Horm\u00f4nio do crescimento humano on-line.<br \/>\nGarantia de entrega de 100% para Somatropina Sandoz.<\/p>\n<p>Somatropina \u00e0 venda com p\u00f3 de horm\u00f4nio de crescimento humano e solvente para solu\u00e7\u00e3o injet\u00e1vel.<\/p>\n<p>Vers\u00e3o sint\u00e9tica de SOMATEK 75 I.U. \u00e9 chamada Somatropina (sequ\u00eancia de 191 amino\u00e1cidos Somatropina Sandoz).<br \/>\nO horm\u00f4nio de crescimento humano somatropina \u00e9 id\u00eantico ao pr\u00f3prio GH do corpo humano.<\/p>\n<p>Somatropina SOMATEK 75 U.I. informa\u00e7\u00f5es<\/p>\n<p>Apesar de os criadores do Somatropina SOMATEK o terem sintetizado inicialmente para tratar crian\u00e7as com defici\u00eancia de GH, o Horm\u00f4nio do Crescimento Humano \u00e9 muito popular nos esportes, especialmente na muscula\u00e7\u00e3o, pelos seguintes motivos: Crescimento da massa muscular, causado pela acelera\u00e7\u00e3o da s\u00edntese prot\u00e9ica.<br \/>\nPerda de gordura simultaneamente com ganho de m\u00fasculos. Melhora na qualidade da cartilagem. Efeitos colaterais leves.<\/p>\n<p>A fun\u00e7\u00e3o de queima de gordura do horm\u00f4nio do crescimento humano \u00e9 realizada pelo pr\u00f3prio Somatropin Sandoz.<br \/>\nO horm\u00f4nio se liga aos receptores do horm\u00f4nio do crescimento humano, o que leva \u00e0 eleva\u00e7\u00e3o do n\u00edvel de \u00e1cidos graxos livres (AGL).<br \/>\nAssim, o corpo passa a utilizar gordura, em vez de carboidratos, como fonte de energia.<\/p>\n<p>Somatropina SOMATEK 75 U.I. benef\u00edcios<\/p>\n<p>Mantenha a longevidade e torne voc\u00ea mais jovem e radiante para sempre.<br \/>\nMelhorar a fun\u00e7\u00e3o sexual.<br \/>\nAumentar a massa muscular (popular entre os fisiculturistas).<br \/>\nAjude a queimar gordura de forma mais eficaz.<br \/>\nAjuda a estabilizar o n\u00edvel de a\u00e7\u00facar no sangue.<br \/>\nAjude sua pele bonita e saud\u00e1vel.<br \/>\nAumenta a altura.<\/p>\n<p>Somatropina 75 UI caracter\u00edsticas positivas<\/p>\n<p>A perda de gordura n\u00e3o interage com o crescimento muscular nem interfere nele. O Horm\u00f4nio do Crescimento Humano \u00e9 uma caracter\u00edstica \u00fanica da Somatropina 100 UI, que permite ganhar m\u00fasculos magros e perder gordura por completo.<\/p>\n<p>Outra caracter\u00edstica \u00fanica do Somatropina Sandoz \u00e9 a hiperplasia, o aumento do n\u00famero de c\u00e9lulas musculares devido \u00e0 sua prolifera\u00e7\u00e3o.<br \/>\nEste efeito \u00e9 significativo porque os ganhos musculares induzidos pela Somatropina s\u00e3o permanentes e as c\u00e9lulas divididas permitem exceder o seu limite gen\u00e9tico de massa muscular.<\/p>\n<p>Dosagem de Somatropina SOMATEK<\/p>\n<p>A dosagem eficaz de Somatropina 75 I.U. para muscula\u00e7\u00e3o \u00e9 de pelo menos 4 UI.<br \/>\nSe voc\u00ea tomar pela primeira vez, bastar\u00e1 consumir 4-6 UI de Horm\u00f4nio de Crescimento Humano Somatropina SOMATEK, para ganhar apenas massa limpa.<br \/>\nDepois, durante os pr\u00f3ximos ciclos, pode tomar at\u00e9 15 UI\/dia porque Somatropina Sandoz mostra um aumento linear na efic\u00e1cia com a dosagem.<\/p>\n<p>Al\u00e9m disso, se voc\u00ea tomar 10 UI ou mais, definitivamente precisar\u00e1 incluir insulina em seu ciclo, pois isso ajudar\u00e1 a prevenir problemas no p\u00e2ncreas.<br \/>\nO risco de diabetes \u00e9 o principal efeito colateral da Somatropina 100 I.U..<\/p>","protected":false},"excerpt":{"rendered":"<p>SOMATEK \u00e0 venda. Compre SOMATEK 75 I.U. Horm\u00f4nio do crescimento humano on-line. Garantia de entrega de 100% para Somatropina Sandoz.<\/p>\n","protected":false},"featured_media":8385,"comment_status":"open","ping_status":"closed","template":"","meta":[],"product_brand":[],"product_cat":[76],"product_tag":[],"class_list":{"0":"post-8384","1":"product","2":"type-product","3":"status-publish","4":"has-post-thumbnail","6":"product_cat-hgh_peptido","8":"first","9":"outofstock","10":"sale","11":"shipping-taxable","12":"purchasable","13":"product-type-simple"},"yoast_head":"<!-- This site is optimized with the Yoast SEO Premium plugin v24.4 (Yoast SEO v27.3) - https:\/\/yoast.com\/product\/yoast-seo-premium-wordpress\/ -->\n<title>SOMATEK \/ SOMATROPIN 75 UI - Ester\u00f3ides Online<\/title>\n<meta name=\"description\" content=\"SOMATEK 75 I.U. \u00e9 um horm\u00f4nio de crescimento sint\u00e9tico que aumenta massa muscular, queima gordura, melhora a pele e a longevidade com efeitos colaterais leves.\" \/>\n<meta name=\"robots\" content=\"index, follow, max-snippet:-1, max-image-preview:large, max-video-preview:-1\" \/>\n<link rel=\"canonical\" href=\"https:\/\/iberoid-shop.com\/pt\/product\/somatek-somatropin-75-ui-pharmabol-labs\/\" \/>\n<meta property=\"og:locale\" content=\"pt_PT\" \/>\n<meta property=\"og:type\" content=\"article\" \/>\n<meta property=\"og:title\" content=\"SOMATEK \/ SOMATROPIN 75 UI\" \/>\n<meta property=\"og:description\" content=\"SOMATEK 75 I.U. \u00e9 um horm\u00f4nio de crescimento sint\u00e9tico que aumenta massa muscular, queima gordura, melhora a pele e a longevidade com efeitos colaterais leves.\" \/>\n<meta property=\"og:url\" content=\"https:\/\/iberoid-shop.com\/pt\/product\/somatek-somatropin-75-ui-pharmabol-labs\/\" \/>\n<meta property=\"og:site_name\" content=\"Ester\u00f3ides Online\" \/>\n<meta property=\"article:modified_time\" content=\"2026-03-01T14:02:27+00:00\" \/>\n<meta property=\"og:image\" content=\"https:\/\/iberoid-shop.com\/wp-content\/uploads\/2023\/03\/1.-som.jpg?v=1763660031\" \/>\n\t<meta property=\"og:image:width\" content=\"1024\" \/>\n\t<meta property=\"og:image:height\" content=\"768\" \/>\n\t<meta property=\"og:image:type\" content=\"image\/jpeg\" \/>\n<meta name=\"twitter:card\" content=\"summary_large_image\" \/>\n<meta name=\"twitter:label1\" content=\"pre\u00e7o\" \/>\n\t<meta name=\"twitter:data1\" content=\"&euro;75.00\" \/>\n\t<meta name=\"twitter:label2\" content=\"Disponibilidade\" \/>\n\t<meta name=\"twitter:data2\" content=\"Esgotado\" \/>\n<script type=\"application\/ld+json\" class=\"yoast-schema-graph\">{\"@context\":\"https:\\\/\\\/schema.org\",\"@graph\":[{\"@type\":\"WebPage\",\"@id\":\"https:\\\/\\\/iberoid-shop.com\\\/pt\\\/product\\\/somatek-somatropin-75-ui-pharmabol-labs\\\/\",\"url\":\"https:\\\/\\\/iberoid-shop.com\\\/pt\\\/product\\\/somatek-somatropin-75-ui-pharmabol-labs\\\/\",\"name\":\"SOMATEK \\\/ SOMATROPIN 75 UI - Ester\u00f3ides Online\",\"isPartOf\":{\"@id\":\"https:\\\/\\\/iberoid-shop.com\\\/pt\\\/#website\"},\"primaryImageOfPage\":{\"@id\":\"https:\\\/\\\/iberoid-shop.com\\\/pt\\\/product\\\/somatek-somatropin-75-ui-pharmabol-labs\\\/#primaryimage\"},\"image\":{\"@id\":\"https:\\\/\\\/iberoid-shop.com\\\/pt\\\/product\\\/somatek-somatropin-75-ui-pharmabol-labs\\\/#primaryimage\"},\"thumbnailUrl\":\"https:\\\/\\\/iberoid-shop.com\\\/wp-content\\\/uploads\\\/2023\\\/03\\\/1.-som.jpg?v=1763660031\",\"datePublished\":\"2023-03-26T12:15:42+00:00\",\"dateModified\":\"2026-03-01T14:02:27+00:00\",\"description\":\"SOMATEK 75 I.U. \u00e9 um horm\u00f4nio de crescimento sint\u00e9tico que aumenta massa muscular, queima gordura, melhora a pele e a longevidade com efeitos colaterais leves.\",\"breadcrumb\":{\"@id\":\"https:\\\/\\\/iberoid-shop.com\\\/pt\\\/product\\\/somatek-somatropin-75-ui-pharmabol-labs\\\/#breadcrumb\"},\"inLanguage\":\"pt-PT\",\"potentialAction\":[{\"@type\":\"ReadAction\",\"target\":[[\"https:\\\/\\\/iberoid-shop.com\\\/pt\\\/product\\\/somatek-somatropin-75-ui-pharmabol-labs\\\/\"]]}]},{\"@type\":\"ImageObject\",\"inLanguage\":\"pt-PT\",\"@id\":\"https:\\\/\\\/iberoid-shop.com\\\/pt\\\/product\\\/somatek-somatropin-75-ui-pharmabol-labs\\\/#primaryimage\",\"url\":\"https:\\\/\\\/iberoid-shop.com\\\/wp-content\\\/uploads\\\/2023\\\/03\\\/1.-som.jpg?v=1763660031\",\"contentUrl\":\"https:\\\/\\\/iberoid-shop.com\\\/wp-content\\\/uploads\\\/2023\\\/03\\\/1.-som.jpg?v=1763660031\",\"width\":1024,\"height\":768},{\"@type\":\"BreadcrumbList\",\"@id\":\"https:\\\/\\\/iberoid-shop.com\\\/pt\\\/product\\\/somatek-somatropin-75-ui-pharmabol-labs\\\/#breadcrumb\",\"itemListElement\":[{\"@type\":\"ListItem\",\"position\":1,\"name\":\"Portada\",\"item\":\"https:\\\/\\\/iberoid-shop.com\\\/pt\\\/\"},{\"@type\":\"ListItem\",\"position\":2,\"name\":\"Loja\",\"item\":\"https:\\\/\\\/iberoid-shop.com\\\/pt\\\/shop\\\/\"},{\"@type\":\"ListItem\",\"position\":3,\"name\":\"SOMATEK \\\/ SOMATROPIN 75 UI\"}]},{\"@type\":\"WebSite\",\"@id\":\"https:\\\/\\\/iberoid-shop.com\\\/pt\\\/#website\",\"url\":\"https:\\\/\\\/iberoid-shop.com\\\/pt\\\/\",\"name\":\"Ester\u00f3ides Online\",\"description\":\"Compre ester\u00f3ides online hoje em Espanha e Portugal. Temos o melhor servi\u00e7o ao cliente do setor e produtos da mais alta qualidade\",\"potentialAction\":[{\"@type\":\"SearchAction\",\"target\":{\"@type\":\"EntryPoint\",\"urlTemplate\":\"https:\\\/\\\/iberoid-shop.com\\\/pt\\\/?s={search_term_string}\"},\"query-input\":{\"@type\":\"PropertyValueSpecification\",\"valueRequired\":true,\"valueName\":\"search_term_string\"}}],\"inLanguage\":\"pt-PT\"}]}<\/script>\n<meta property=\"product:brand\" content=\"Pharmabol\" \/>\n<meta property=\"product:price:amount\" content=\"75.00\" \/>\n<meta property=\"product:price:currency\" content=\"EUR\" \/>\n<meta property=\"og:availability\" content=\"out of stock\" \/>\n<meta property=\"product:availability\" content=\"out of stock\" \/>\n<meta property=\"product:condition\" content=\"new\" \/>\n<!-- \/ Yoast SEO Premium plugin. -->","yoast_head_json":{"title":"SOMATEK \/ SOMATROPIN 75 UI - Ester\u00f3ides Online","description":"SOMATEK 75 I.U. \u00e9 um horm\u00f4nio de crescimento sint\u00e9tico que aumenta massa muscular, queima gordura, melhora a pele e a longevidade com efeitos colaterais leves.","robots":{"index":"index","follow":"follow","max-snippet":"max-snippet:-1","max-image-preview":"max-image-preview:large","max-video-preview":"max-video-preview:-1"},"canonical":"https:\/\/iberoid-shop.com\/pt\/product\/somatek-somatropin-75-ui-pharmabol-labs\/","og_locale":"pt_PT","og_type":"article","og_title":"SOMATEK \/ SOMATROPIN 75 UI","og_description":"SOMATEK 75 I.U. \u00e9 um horm\u00f4nio de crescimento sint\u00e9tico que aumenta massa muscular, queima gordura, melhora a pele e a longevidade com efeitos colaterais leves.","og_url":"https:\/\/iberoid-shop.com\/pt\/product\/somatek-somatropin-75-ui-pharmabol-labs\/","og_site_name":"Ester\u00f3ides Online","article_modified_time":"2026-03-01T14:02:27+00:00","og_image":[{"width":1024,"height":768,"url":"https:\/\/iberoid-shop.com\/wp-content\/uploads\/2023\/03\/1.-som.jpg?v=1763660031","type":"image\/jpeg"}],"twitter_card":"summary_large_image","twitter_misc":{"pre\u00e7o":"&euro;75.00","Disponibilidade":"Esgotado"},"schema":{"@context":"https:\/\/schema.org","@graph":[{"@type":"WebPage","@id":"https:\/\/iberoid-shop.com\/pt\/product\/somatek-somatropin-75-ui-pharmabol-labs\/","url":"https:\/\/iberoid-shop.com\/pt\/product\/somatek-somatropin-75-ui-pharmabol-labs\/","name":"SOMATEK \/ SOMATROPIN 75 UI - Ester\u00f3ides Online","isPartOf":{"@id":"https:\/\/iberoid-shop.com\/pt\/#website"},"primaryImageOfPage":{"@id":"https:\/\/iberoid-shop.com\/pt\/product\/somatek-somatropin-75-ui-pharmabol-labs\/#primaryimage"},"image":{"@id":"https:\/\/iberoid-shop.com\/pt\/product\/somatek-somatropin-75-ui-pharmabol-labs\/#primaryimage"},"thumbnailUrl":"https:\/\/iberoid-shop.com\/wp-content\/uploads\/2023\/03\/1.-som.jpg?v=1763660031","datePublished":"2023-03-26T12:15:42+00:00","dateModified":"2026-03-01T14:02:27+00:00","description":"SOMATEK 75 I.U. \u00e9 um horm\u00f4nio de crescimento sint\u00e9tico que aumenta massa muscular, queima gordura, melhora a pele e a longevidade com efeitos colaterais leves.","breadcrumb":{"@id":"https:\/\/iberoid-shop.com\/pt\/product\/somatek-somatropin-75-ui-pharmabol-labs\/#breadcrumb"},"inLanguage":"pt-PT","potentialAction":[{"@type":"ReadAction","target":[["https:\/\/iberoid-shop.com\/pt\/product\/somatek-somatropin-75-ui-pharmabol-labs\/"]]}]},{"@type":"ImageObject","inLanguage":"pt-PT","@id":"https:\/\/iberoid-shop.com\/pt\/product\/somatek-somatropin-75-ui-pharmabol-labs\/#primaryimage","url":"https:\/\/iberoid-shop.com\/wp-content\/uploads\/2023\/03\/1.-som.jpg?v=1763660031","contentUrl":"https:\/\/iberoid-shop.com\/wp-content\/uploads\/2023\/03\/1.-som.jpg?v=1763660031","width":1024,"height":768},{"@type":"BreadcrumbList","@id":"https:\/\/iberoid-shop.com\/pt\/product\/somatek-somatropin-75-ui-pharmabol-labs\/#breadcrumb","itemListElement":[{"@type":"ListItem","position":1,"name":"Portada","item":"https:\/\/iberoid-shop.com\/pt\/"},{"@type":"ListItem","position":2,"name":"Loja","item":"https:\/\/iberoid-shop.com\/pt\/shop\/"},{"@type":"ListItem","position":3,"name":"SOMATEK \/ SOMATROPIN 75 UI"}]},{"@type":"WebSite","@id":"https:\/\/iberoid-shop.com\/pt\/#website","url":"https:\/\/iberoid-shop.com\/pt\/","name":"Ester\u00f3ides Online","description":"Compre ester\u00f3ides online hoje em Espanha e Portugal. Temos o melhor servi\u00e7o ao cliente do setor e produtos da mais alta qualidade","potentialAction":[{"@type":"SearchAction","target":{"@type":"EntryPoint","urlTemplate":"https:\/\/iberoid-shop.com\/pt\/?s={search_term_string}"},"query-input":{"@type":"PropertyValueSpecification","valueRequired":true,"valueName":"search_term_string"}}],"inLanguage":"pt-PT"}]},"product_brand":"Pharmabol","product_price_amount":"75.00","product_price_currency":"EUR","og_availability":"out of stock","product_availability":"out of stock","product_condition":"new"},"_links":{"self":[{"href":"https:\/\/iberoid-shop.com\/pt\/wp-json\/wp\/v2\/product\/8384","targetHints":{"allow":["GET"]}}],"collection":[{"href":"https:\/\/iberoid-shop.com\/pt\/wp-json\/wp\/v2\/product"}],"about":[{"href":"https:\/\/iberoid-shop.com\/pt\/wp-json\/wp\/v2\/types\/product"}],"replies":[{"embeddable":true,"href":"https:\/\/iberoid-shop.com\/pt\/wp-json\/wp\/v2\/comments?post=8384"}],"wp:featuredmedia":[{"embeddable":true,"href":"https:\/\/iberoid-shop.com\/pt\/wp-json\/wp\/v2\/media\/8385"}],"wp:attachment":[{"href":"https:\/\/iberoid-shop.com\/pt\/wp-json\/wp\/v2\/media?parent=8384"}],"wp:term":[{"taxonomy":"product_brand","embeddable":true,"href":"https:\/\/iberoid-shop.com\/pt\/wp-json\/wp\/v2\/product_brand?post=8384"},{"taxonomy":"product_cat","embeddable":true,"href":"https:\/\/iberoid-shop.com\/pt\/wp-json\/wp\/v2\/product_cat?post=8384"},{"taxonomy":"product_tag","embeddable":true,"href":"https:\/\/iberoid-shop.com\/pt\/wp-json\/wp\/v2\/product_tag?post=8384"}],"curies":[{"name":"wp","href":"https:\/\/api.w.org\/{rel}","templated":true}]}}