{"id":8144,"date":"2022-12-19T14:32:57","date_gmt":"2022-12-19T14:32:57","guid":{"rendered":"https:\/\/iberoid-shop.com\/?post_type=product&#038;p=8144"},"modified":"2026-01-11T17:51:40","modified_gmt":"2026-01-11T17:51:40","slug":"clomiged-clomifene-clomid-epf","status":"publish","type":"product","link":"https:\/\/iberoid-shop.com\/pt\/product\/clomiged-clomifene-clomid-epf\/","title":{"rendered":"CLOMIGED &#8211; CLOMID 1 blister 20 pastillas\/50mg"},"content":{"rendered":"<p><\/p>\n<p data-path-to-node=\"1\"><b>O Clomid da empresa moldava EPF \u00e9 muito popular nos esportes e na medicina tradicional. \u00c9 um antiestrog\u00eanio forte, da classe dos bloqueadores seletivos do receptor de estrog\u00eanio. Recomendamos a compra de Clomid da EPF para uso posterior na terapia p\u00f3s-ciclo. Note que, nos esportes, os antiestrog\u00eanios s\u00e3o usados apenas por homens.<\/b><\/p>\n<h3 data-path-to-node=\"2\">Principais Efeitos do Clomid EPF<\/h3>\n<p data-path-to-node=\"3\">Conforme mencionado acima, o Clomid \u00e9 um antiestrog\u00eanio. No entanto, seu mecanismo de a\u00e7\u00e3o difere significativamente do dos inibidores da aromatase. O citrato de clomifeno n\u00e3o \u00e9 capaz de influenciar o processo de aromatiza\u00e7\u00e3o. \u00c9 por isso que n\u00e3o faz sentido us\u00e1-lo diretamente no ciclo anab\u00f3lico. O componente ativo deste medicamento \u00e9 capaz de bloquear eficazmente os receptores de estrog\u00eanio. Simplificando, as mol\u00e9culas do medicamento se ligam a esses receptores, impedindo que o horm\u00f4nio feminino o fa\u00e7a.<\/p>\n<p data-path-to-node=\"4\">Como resultado, a concentra\u00e7\u00e3o de estrog\u00eanios no corpo n\u00e3o se altera, mas sua atividade diminui. Outra vantagem importante deste medicamento \u00e9 a sua capacidade de estimular a s\u00edntese de horm\u00f4nios gonadotr\u00f3picos. Esta \u00e9 mais uma raz\u00e3o pela qual os atletas decidem encomendar Clomid do fabricante EPF.<\/p>\n<p data-path-to-node=\"5\">Hoje, sabe-se com certeza que todos os esteroides s\u00e3o capazes de suprimir o desempenho do eixo hipofis\u00e1rio. \u00c9 bastante \u00f3bvio que os medicamentos esteroides leves fazem isso de forma menos ativa do que os fortes. Ap\u00f3s a conclus\u00e3o do ciclo anab\u00f3lico no corpo, observa-se um desequil\u00edbrio do sistema end\u00f3crino. Ao usar clomifeno, voc\u00ea n\u00e3o apenas reduz a atividade dos horm\u00f4nios femininos, mas tamb\u00e9m estimula a s\u00edntese de testosterona end\u00f3gena.<\/p>\n<p data-path-to-node=\"6\"><b>Destacamos os principais efeitos positivos do medicamento:<\/b><\/p>\n<ul data-path-to-node=\"7\">\n<li>\n<p data-path-to-node=\"7,0,0\">Normaliza a concentra\u00e7\u00e3o de testosterona.<\/p>\n<\/li>\n<li>\n<p data-path-to-node=\"7,1,0\">Estimula a produ\u00e7\u00e3o de fluido seminal e melhora sua qualidade.<\/p>\n<\/li>\n<li>\n<p data-path-to-node=\"7,2,0\">Bloqueia os receptores de estrog\u00eanio.<\/p>\n<\/li>\n<\/ul>\n<p data-path-to-node=\"8\">Tamb\u00e9m vale a pena notar que o pre\u00e7o do Clomid da EPF n\u00e3o parece exagerado. Corresponde totalmente \u00e0 efic\u00e1cia do medicamento. Muitos atletas iniciantes est\u00e3o interessados em saber se este medicamento tem seus pr\u00f3prios efeitos colaterais. Infelizmente, hoje n\u00e3o existem medicamentos completamente seguros. O citrato de clomifeno, quando usado em altas doses, tamb\u00e9m pode causar efeitos negativos. No entanto, s\u00e3o extremamente raros, pois os atletas na maioria dos casos tomam clomifeno de acordo com as recomenda\u00e7\u00f5es. Al\u00e9m disso, deve-se notar que \u00e9 um agente mais seguro em compara\u00e7\u00e3o com o tamoxifeno.<\/p>\n<hr data-path-to-node=\"9\" \/>\n<h3 data-path-to-node=\"10\">Como Usar Clomifeno EPF<\/h3>\n<p data-path-to-node=\"11\">A alta popularidade deste antiestrog\u00eanio \u00e9 evidenciada pelo n\u00famero de avalia\u00e7\u00f5es de Clomid do fabricante EPF. Este medicamento \u00e9 muito popular entre os atletas. \u00c9 bastante \u00f3bvio que, em tal situa\u00e7\u00e3o, existem os esquemas de uso mais eficazes e seguros para este antiestrog\u00eanio.<\/p>\n<p data-path-to-node=\"12\">A dosagem di\u00e1ria recomendada est\u00e1 na faixa de <b>25-150 mg<\/b>. Ao determinar a dose exata, voc\u00ea deve se concentrar na intensidade do ciclo. Ap\u00f3s o uso de prepara\u00e7\u00f5es esteroides leves, \u00e9 suficiente consumir <b>50 mg<\/b> de Clomid diariamente por <b>2-3 semanas<\/b>. Ap\u00f3s um ciclo de intensidade m\u00e9dia, tome <b>50 mg<\/b> de antiestrog\u00eanio por duas semanas e, em seguida, <b>25 mg<\/b> durante os pr\u00f3ximos 14 dias.<\/p>\n<p data-path-to-node=\"13\"><b>O esquema de uso ap\u00f3s um ciclo muito forte \u00e9 diferente:<\/b><\/p>\n<ul data-path-to-node=\"14\">\n<li>\n<p data-path-to-node=\"14,0,0\">Os primeiros 3 dias: <b>150 mg<\/b> diariamente.<\/p>\n<\/li>\n<li>\n<p data-path-to-node=\"14,1,0\">Durante as pr\u00f3ximas 7 semanas: <b>100 mg<\/b> todos os dias.<\/p>\n<\/li>\n<li>\n<p data-path-to-node=\"14,2,0\">Durante 14 dias: <b>50 mg<\/b>.<\/p>\n<\/li>\n<li>\n<p data-path-to-node=\"14,3,0\"><b>25 mg<\/b> durante as pr\u00f3ximas duas semanas.<\/p>\n<\/li>\n<\/ul>\n<p data-path-to-node=\"15\">Concluindo, lembramos que ap\u00f3s um ciclo de qualquer intensidade, voc\u00ea deve realizar a terapia p\u00f3s-ciclo. Por meio dessas atividades, voc\u00ea ajudar\u00e1 o corpo a se recuperar.<\/p>\n<p><\/p>","protected":false},"excerpt":{"rendered":"<p>O Clomid da empresa moldava EPF \u00e9 muito popular nos esportes e na medicina tradicional. \u00c9 um antiestrog\u00eanio forte, da<\/p>\n","protected":false},"featured_media":5527,"comment_status":"open","ping_status":"closed","template":"","meta":[],"product_brand":[],"product_cat":[73],"product_tag":[],"class_list":{"0":"post-8144","1":"product","2":"type-product","3":"status-publish","4":"has-post-thumbnail","6":"product_cat-ssteroides_orales","8":"first","9":"outofstock","10":"shipping-taxable","11":"purchasable","12":"product-type-simple"},"yoast_head":"<!-- This site is optimized with the Yoast SEO Premium plugin v24.4 (Yoast SEO v27.3) - https:\/\/yoast.com\/product\/yoast-seo-premium-wordpress\/ -->\n<title>CLOMIGED - CLOMID 1 blister 20 pastillas\/50mg - Ester\u00f3ides Online<\/title>\n<meta name=\"description\" content=\"Clomid EPF \u00e9 ideal para Terapia P\u00f3s-Ciclo. Bloqueia receptores de estrog\u00eanio e restaura a testosterona natural eficazmente.\" \/>\n<meta name=\"robots\" content=\"index, follow, max-snippet:-1, max-image-preview:large, max-video-preview:-1\" \/>\n<link rel=\"canonical\" href=\"https:\/\/iberoid-shop.com\/pt\/product\/clomiged-clomifene-clomid-epf\/\" \/>\n<meta property=\"og:locale\" content=\"pt_PT\" \/>\n<meta property=\"og:type\" content=\"article\" \/>\n<meta property=\"og:title\" content=\"CLOMIGED - CLOMID 1 blister 20 pastillas\/50mg\" \/>\n<meta property=\"og:description\" content=\"Clomid EPF \u00e9 ideal para Terapia P\u00f3s-Ciclo. Bloqueia receptores de estrog\u00eanio e restaura a testosterona natural eficazmente.\" \/>\n<meta property=\"og:url\" content=\"https:\/\/iberoid-shop.com\/pt\/product\/clomiged-clomifene-clomid-epf\/\" \/>\n<meta property=\"og:site_name\" content=\"Ester\u00f3ides Online\" \/>\n<meta property=\"article:modified_time\" content=\"2026-01-11T17:51:40+00:00\" \/>\n<meta property=\"og:image\" content=\"https:\/\/iberoid-shop.com\/wp-content\/uploads\/2020\/12\/CLOMIGED.jpg?v=1699330982\" \/>\n\t<meta property=\"og:image:width\" content=\"500\" \/>\n\t<meta property=\"og:image:height\" content=\"500\" \/>\n\t<meta property=\"og:image:type\" content=\"image\/jpeg\" \/>\n<meta name=\"twitter:card\" content=\"summary_large_image\" \/>\n<meta name=\"twitter:label1\" content=\"pre\u00e7o\" \/>\n\t<meta name=\"twitter:data1\" content=\"&euro;25.00\" \/>\n\t<meta name=\"twitter:label2\" content=\"Disponibilidade\" \/>\n\t<meta name=\"twitter:data2\" content=\"Esgotado\" \/>\n<script type=\"application\/ld+json\" class=\"yoast-schema-graph\">{\"@context\":\"https:\\\/\\\/schema.org\",\"@graph\":[{\"@type\":\"WebPage\",\"@id\":\"https:\\\/\\\/iberoid-shop.com\\\/pt\\\/product\\\/clomiged-clomifene-clomid-epf\\\/\",\"url\":\"https:\\\/\\\/iberoid-shop.com\\\/pt\\\/product\\\/clomiged-clomifene-clomid-epf\\\/\",\"name\":\"CLOMIGED - CLOMID 1 blister 20 pastillas\\\/50mg - Ester\u00f3ides Online\",\"isPartOf\":{\"@id\":\"https:\\\/\\\/iberoid-shop.com\\\/pt\\\/#website\"},\"primaryImageOfPage\":{\"@id\":\"https:\\\/\\\/iberoid-shop.com\\\/pt\\\/product\\\/clomiged-clomifene-clomid-epf\\\/#primaryimage\"},\"image\":{\"@id\":\"https:\\\/\\\/iberoid-shop.com\\\/pt\\\/product\\\/clomiged-clomifene-clomid-epf\\\/#primaryimage\"},\"thumbnailUrl\":\"https:\\\/\\\/iberoid-shop.com\\\/wp-content\\\/uploads\\\/2020\\\/12\\\/CLOMIGED.jpg?v=1699330982\",\"datePublished\":\"2022-12-19T14:32:57+00:00\",\"dateModified\":\"2026-01-11T17:51:40+00:00\",\"description\":\"Clomid EPF \u00e9 ideal para Terapia P\u00f3s-Ciclo. Bloqueia receptores de estrog\u00eanio e restaura a testosterona natural eficazmente.\",\"breadcrumb\":{\"@id\":\"https:\\\/\\\/iberoid-shop.com\\\/pt\\\/product\\\/clomiged-clomifene-clomid-epf\\\/#breadcrumb\"},\"inLanguage\":\"pt-PT\",\"potentialAction\":[{\"@type\":\"ReadAction\",\"target\":[[\"https:\\\/\\\/iberoid-shop.com\\\/pt\\\/product\\\/clomiged-clomifene-clomid-epf\\\/\"]]}]},{\"@type\":\"ImageObject\",\"inLanguage\":\"pt-PT\",\"@id\":\"https:\\\/\\\/iberoid-shop.com\\\/pt\\\/product\\\/clomiged-clomifene-clomid-epf\\\/#primaryimage\",\"url\":\"https:\\\/\\\/iberoid-shop.com\\\/wp-content\\\/uploads\\\/2020\\\/12\\\/CLOMIGED.jpg?v=1699330982\",\"contentUrl\":\"https:\\\/\\\/iberoid-shop.com\\\/wp-content\\\/uploads\\\/2020\\\/12\\\/CLOMIGED.jpg?v=1699330982\",\"width\":500,\"height\":500},{\"@type\":\"BreadcrumbList\",\"@id\":\"https:\\\/\\\/iberoid-shop.com\\\/pt\\\/product\\\/clomiged-clomifene-clomid-epf\\\/#breadcrumb\",\"itemListElement\":[{\"@type\":\"ListItem\",\"position\":1,\"name\":\"Portada\",\"item\":\"https:\\\/\\\/iberoid-shop.com\\\/pt\\\/\"},{\"@type\":\"ListItem\",\"position\":2,\"name\":\"Loja\",\"item\":\"https:\\\/\\\/iberoid-shop.com\\\/pt\\\/shop\\\/\"},{\"@type\":\"ListItem\",\"position\":3,\"name\":\"CLOMIGED &#8211; CLOMID 1 blister 20 pastillas\\\/50mg\"}]},{\"@type\":\"WebSite\",\"@id\":\"https:\\\/\\\/iberoid-shop.com\\\/pt\\\/#website\",\"url\":\"https:\\\/\\\/iberoid-shop.com\\\/pt\\\/\",\"name\":\"Ester\u00f3ides Online\",\"description\":\"Compre ester\u00f3ides online hoje em Espanha e Portugal. Temos o melhor servi\u00e7o ao cliente do setor e produtos da mais alta qualidade\",\"potentialAction\":[{\"@type\":\"SearchAction\",\"target\":{\"@type\":\"EntryPoint\",\"urlTemplate\":\"https:\\\/\\\/iberoid-shop.com\\\/pt\\\/?s={search_term_string}\"},\"query-input\":{\"@type\":\"PropertyValueSpecification\",\"valueRequired\":true,\"valueName\":\"search_term_string\"}}],\"inLanguage\":\"pt-PT\"}]}<\/script>\n<meta property=\"product:brand\" content=\"Euro Prime Pharmaceuticals (EPF)\" \/>\n<meta property=\"product:price:amount\" content=\"25.00\" \/>\n<meta property=\"product:price:currency\" content=\"EUR\" \/>\n<meta property=\"og:availability\" content=\"out of stock\" \/>\n<meta property=\"product:availability\" content=\"out of stock\" \/>\n<meta property=\"product:condition\" content=\"new\" \/>\n<!-- \/ Yoast SEO Premium plugin. -->","yoast_head_json":{"title":"CLOMIGED - CLOMID 1 blister 20 pastillas\/50mg - Ester\u00f3ides Online","description":"Clomid EPF \u00e9 ideal para Terapia P\u00f3s-Ciclo. Bloqueia receptores de estrog\u00eanio e restaura a testosterona natural eficazmente.","robots":{"index":"index","follow":"follow","max-snippet":"max-snippet:-1","max-image-preview":"max-image-preview:large","max-video-preview":"max-video-preview:-1"},"canonical":"https:\/\/iberoid-shop.com\/pt\/product\/clomiged-clomifene-clomid-epf\/","og_locale":"pt_PT","og_type":"article","og_title":"CLOMIGED - CLOMID 1 blister 20 pastillas\/50mg","og_description":"Clomid EPF \u00e9 ideal para Terapia P\u00f3s-Ciclo. Bloqueia receptores de estrog\u00eanio e restaura a testosterona natural eficazmente.","og_url":"https:\/\/iberoid-shop.com\/pt\/product\/clomiged-clomifene-clomid-epf\/","og_site_name":"Ester\u00f3ides Online","article_modified_time":"2026-01-11T17:51:40+00:00","og_image":[{"width":500,"height":500,"url":"https:\/\/iberoid-shop.com\/wp-content\/uploads\/2020\/12\/CLOMIGED.jpg?v=1699330982","type":"image\/jpeg"}],"twitter_card":"summary_large_image","twitter_misc":{"pre\u00e7o":"&euro;25.00","Disponibilidade":"Esgotado"},"schema":{"@context":"https:\/\/schema.org","@graph":[{"@type":"WebPage","@id":"https:\/\/iberoid-shop.com\/pt\/product\/clomiged-clomifene-clomid-epf\/","url":"https:\/\/iberoid-shop.com\/pt\/product\/clomiged-clomifene-clomid-epf\/","name":"CLOMIGED - CLOMID 1 blister 20 pastillas\/50mg - Ester\u00f3ides Online","isPartOf":{"@id":"https:\/\/iberoid-shop.com\/pt\/#website"},"primaryImageOfPage":{"@id":"https:\/\/iberoid-shop.com\/pt\/product\/clomiged-clomifene-clomid-epf\/#primaryimage"},"image":{"@id":"https:\/\/iberoid-shop.com\/pt\/product\/clomiged-clomifene-clomid-epf\/#primaryimage"},"thumbnailUrl":"https:\/\/iberoid-shop.com\/wp-content\/uploads\/2020\/12\/CLOMIGED.jpg?v=1699330982","datePublished":"2022-12-19T14:32:57+00:00","dateModified":"2026-01-11T17:51:40+00:00","description":"Clomid EPF \u00e9 ideal para Terapia P\u00f3s-Ciclo. Bloqueia receptores de estrog\u00eanio e restaura a testosterona natural eficazmente.","breadcrumb":{"@id":"https:\/\/iberoid-shop.com\/pt\/product\/clomiged-clomifene-clomid-epf\/#breadcrumb"},"inLanguage":"pt-PT","potentialAction":[{"@type":"ReadAction","target":[["https:\/\/iberoid-shop.com\/pt\/product\/clomiged-clomifene-clomid-epf\/"]]}]},{"@type":"ImageObject","inLanguage":"pt-PT","@id":"https:\/\/iberoid-shop.com\/pt\/product\/clomiged-clomifene-clomid-epf\/#primaryimage","url":"https:\/\/iberoid-shop.com\/wp-content\/uploads\/2020\/12\/CLOMIGED.jpg?v=1699330982","contentUrl":"https:\/\/iberoid-shop.com\/wp-content\/uploads\/2020\/12\/CLOMIGED.jpg?v=1699330982","width":500,"height":500},{"@type":"BreadcrumbList","@id":"https:\/\/iberoid-shop.com\/pt\/product\/clomiged-clomifene-clomid-epf\/#breadcrumb","itemListElement":[{"@type":"ListItem","position":1,"name":"Portada","item":"https:\/\/iberoid-shop.com\/pt\/"},{"@type":"ListItem","position":2,"name":"Loja","item":"https:\/\/iberoid-shop.com\/pt\/shop\/"},{"@type":"ListItem","position":3,"name":"CLOMIGED &#8211; CLOMID 1 blister 20 pastillas\/50mg"}]},{"@type":"WebSite","@id":"https:\/\/iberoid-shop.com\/pt\/#website","url":"https:\/\/iberoid-shop.com\/pt\/","name":"Ester\u00f3ides Online","description":"Compre ester\u00f3ides online hoje em Espanha e Portugal. Temos o melhor servi\u00e7o ao cliente do setor e produtos da mais alta qualidade","potentialAction":[{"@type":"SearchAction","target":{"@type":"EntryPoint","urlTemplate":"https:\/\/iberoid-shop.com\/pt\/?s={search_term_string}"},"query-input":{"@type":"PropertyValueSpecification","valueRequired":true,"valueName":"search_term_string"}}],"inLanguage":"pt-PT"}]},"product_brand":"Euro Prime Pharmaceuticals (EPF)","product_price_amount":"25.00","product_price_currency":"EUR","og_availability":"out of stock","product_availability":"out of stock","product_condition":"new"},"_links":{"self":[{"href":"https:\/\/iberoid-shop.com\/pt\/wp-json\/wp\/v2\/product\/8144","targetHints":{"allow":["GET"]}}],"collection":[{"href":"https:\/\/iberoid-shop.com\/pt\/wp-json\/wp\/v2\/product"}],"about":[{"href":"https:\/\/iberoid-shop.com\/pt\/wp-json\/wp\/v2\/types\/product"}],"replies":[{"embeddable":true,"href":"https:\/\/iberoid-shop.com\/pt\/wp-json\/wp\/v2\/comments?post=8144"}],"wp:featuredmedia":[{"embeddable":true,"href":"https:\/\/iberoid-shop.com\/pt\/wp-json\/wp\/v2\/media\/5527"}],"wp:attachment":[{"href":"https:\/\/iberoid-shop.com\/pt\/wp-json\/wp\/v2\/media?parent=8144"}],"wp:term":[{"taxonomy":"product_brand","embeddable":true,"href":"https:\/\/iberoid-shop.com\/pt\/wp-json\/wp\/v2\/product_brand?post=8144"},{"taxonomy":"product_cat","embeddable":true,"href":"https:\/\/iberoid-shop.com\/pt\/wp-json\/wp\/v2\/product_cat?post=8144"},{"taxonomy":"product_tag","embeddable":true,"href":"https:\/\/iberoid-shop.com\/pt\/wp-json\/wp\/v2\/product_tag?post=8144"}],"curies":[{"name":"wp","href":"https:\/\/api.w.org\/{rel}","templated":true}]}}