{"id":8124,"date":"2022-12-09T14:15:30","date_gmt":"2022-12-09T14:15:30","guid":{"rendered":"https:\/\/iberoid-shop.com\/?post_type=product&#038;p=8124"},"modified":"2023-01-24T20:57:49","modified_gmt":"2023-01-24T20:57:49","slug":"nandrolone-decanoate200-cygnus-pharma","status":"publish","type":"product","link":"https:\/\/iberoid-shop.com\/pt\/product\/nandrolone-decanoate200-cygnus-pharma\/","title":{"rendered":"(Espa\u00f1ol) NANDROLONE DECANOATE200. CYGNUS PHARMA"},"content":{"rendered":"","protected":false},"excerpt":{"rendered":"","protected":false},"featured_media":8125,"comment_status":"open","ping_status":"closed","template":"","meta":[],"product_brand":[],"product_cat":[69],"product_tag":[],"class_list":{"0":"post-8124","1":"product","2":"type-product","3":"status-publish","4":"has-post-thumbnail","6":"product_cat-esteroides_inyectables","8":"first","9":"outofstock","10":"shipping-taxable","11":"purchasable","12":"product-type-simple"},"yoast_head":"<!-- This site is optimized with the Yoast SEO Premium plugin v24.4 (Yoast SEO v27.3) - https:\/\/yoast.com\/product\/yoast-seo-premium-wordpress\/ -->\n<title>(Espa\u00f1ol) NANDROLONE DECANOATE200. CYGNUS PHARMA - Ester\u00f3ides Online<\/title>\n<meta name=\"robots\" content=\"index, follow, max-snippet:-1, max-image-preview:large, max-video-preview:-1\" \/>\n<link rel=\"canonical\" href=\"https:\/\/iberoid-shop.com\/pt\/product\/nandrolone-decanoate200-cygnus-pharma\/\" \/>\n<meta property=\"og:locale\" content=\"pt_PT\" \/>\n<meta property=\"og:type\" content=\"article\" \/>\n<meta property=\"og:title\" content=\"(Espa\u00f1ol) NANDROLONE DECANOATE200. CYGNUS PHARMA\" \/>\n<meta property=\"og:url\" content=\"https:\/\/iberoid-shop.com\/pt\/product\/nandrolone-decanoate200-cygnus-pharma\/\" \/>\n<meta property=\"og:site_name\" content=\"Ester\u00f3ides Online\" \/>\n<meta property=\"article:modified_time\" content=\"2023-01-24T20:57:49+00:00\" \/>\n<meta property=\"og:image\" content=\"https:\/\/iberoid-shop.com\/wp-content\/uploads\/2022\/12\/CYGNUS.jpg?v=1678119844\" \/>\n\t<meta property=\"og:image:width\" content=\"380\" \/>\n\t<meta property=\"og:image:height\" content=\"380\" \/>\n\t<meta property=\"og:image:type\" content=\"image\/jpeg\" \/>\n<meta name=\"twitter:card\" content=\"summary_large_image\" \/>\n<meta name=\"twitter:label1\" content=\"pre\u00e7o\" \/>\n\t<meta name=\"twitter:data1\" content=\"&euro;50.00\" \/>\n\t<meta name=\"twitter:label2\" content=\"Disponibilidade\" \/>\n\t<meta name=\"twitter:data2\" content=\"Esgotado\" \/>\n<script type=\"application\/ld+json\" class=\"yoast-schema-graph\">{\"@context\":\"https:\\\/\\\/schema.org\",\"@graph\":[{\"@type\":\"WebPage\",\"@id\":\"https:\\\/\\\/iberoid-shop.com\\\/pt\\\/product\\\/nandrolone-decanoate200-cygnus-pharma\\\/\",\"url\":\"https:\\\/\\\/iberoid-shop.com\\\/pt\\\/product\\\/nandrolone-decanoate200-cygnus-pharma\\\/\",\"name\":\"(Espa\u00f1ol) NANDROLONE DECANOATE200. CYGNUS PHARMA - Ester\u00f3ides Online\",\"isPartOf\":{\"@id\":\"https:\\\/\\\/iberoid.com\\\/#website\"},\"primaryImageOfPage\":{\"@id\":\"https:\\\/\\\/iberoid-shop.com\\\/pt\\\/product\\\/nandrolone-decanoate200-cygnus-pharma\\\/#primaryimage\"},\"image\":{\"@id\":\"https:\\\/\\\/iberoid-shop.com\\\/pt\\\/product\\\/nandrolone-decanoate200-cygnus-pharma\\\/#primaryimage\"},\"thumbnailUrl\":\"https:\\\/\\\/iberoid-shop.com\\\/wp-content\\\/uploads\\\/2022\\\/12\\\/CYGNUS.jpg?v=1678119844\",\"datePublished\":\"2022-12-09T14:15:30+00:00\",\"dateModified\":\"2023-01-24T20:57:49+00:00\",\"breadcrumb\":{\"@id\":\"https:\\\/\\\/iberoid-shop.com\\\/pt\\\/product\\\/nandrolone-decanoate200-cygnus-pharma\\\/#breadcrumb\"},\"inLanguage\":\"pt-PT\",\"potentialAction\":[{\"@type\":\"ReadAction\",\"target\":[[\"https:\\\/\\\/iberoid-shop.com\\\/pt\\\/product\\\/nandrolone-decanoate200-cygnus-pharma\\\/\"]]}]},{\"@type\":\"ImageObject\",\"inLanguage\":\"pt-PT\",\"@id\":\"https:\\\/\\\/iberoid-shop.com\\\/pt\\\/product\\\/nandrolone-decanoate200-cygnus-pharma\\\/#primaryimage\",\"url\":\"https:\\\/\\\/iberoid-shop.com\\\/wp-content\\\/uploads\\\/2022\\\/12\\\/CYGNUS.jpg?v=1678119844\",\"contentUrl\":\"https:\\\/\\\/iberoid-shop.com\\\/wp-content\\\/uploads\\\/2022\\\/12\\\/CYGNUS.jpg?v=1678119844\",\"width\":380,\"height\":380},{\"@type\":\"BreadcrumbList\",\"@id\":\"https:\\\/\\\/iberoid-shop.com\\\/pt\\\/product\\\/nandrolone-decanoate200-cygnus-pharma\\\/#breadcrumb\",\"itemListElement\":[{\"@type\":\"ListItem\",\"position\":1,\"name\":\"Portada\",\"item\":\"https:\\\/\\\/iberoid.com\\\/\"},{\"@type\":\"ListItem\",\"position\":2,\"name\":\"Loja\",\"item\":\"https:\\\/\\\/iberoid-shop.com\\\/pt\\\/shop\\\/\"},{\"@type\":\"ListItem\",\"position\":3,\"name\":\"(Espa\u00f1ol) NANDROLONE DECANOATE200. CYGNUS PHARMA\"}]},{\"@type\":\"WebSite\",\"@id\":\"https:\\\/\\\/iberoid.com\\\/#website\",\"url\":\"https:\\\/\\\/iberoid.com\\\/\",\"name\":\"Ester\u00f3ides Online\",\"description\":\"Compre ester\u00f3ides online hoje em Espanha e Portugal. Temos o melhor servi\u00e7o ao cliente do setor e produtos da mais alta qualidade\",\"potentialAction\":[{\"@type\":\"SearchAction\",\"target\":{\"@type\":\"EntryPoint\",\"urlTemplate\":\"https:\\\/\\\/iberoid.com\\\/?s={search_term_string}\"},\"query-input\":{\"@type\":\"PropertyValueSpecification\",\"valueRequired\":true,\"valueName\":\"search_term_string\"}}],\"inLanguage\":\"pt-PT\"}]}<\/script>\n<meta property=\"product:price:amount\" content=\"50.00\" \/>\n<meta property=\"product:price:currency\" content=\"EUR\" \/>\n<meta property=\"og:availability\" content=\"out of stock\" \/>\n<meta property=\"product:availability\" content=\"out of stock\" \/>\n<meta property=\"product:condition\" content=\"new\" \/>\n<!-- \/ Yoast SEO Premium plugin. -->","yoast_head_json":{"title":"(Espa\u00f1ol) NANDROLONE DECANOATE200. CYGNUS PHARMA - Ester\u00f3ides Online","robots":{"index":"index","follow":"follow","max-snippet":"max-snippet:-1","max-image-preview":"max-image-preview:large","max-video-preview":"max-video-preview:-1"},"canonical":"https:\/\/iberoid-shop.com\/pt\/product\/nandrolone-decanoate200-cygnus-pharma\/","og_locale":"pt_PT","og_type":"article","og_title":"(Espa\u00f1ol) NANDROLONE DECANOATE200. CYGNUS PHARMA","og_url":"https:\/\/iberoid-shop.com\/pt\/product\/nandrolone-decanoate200-cygnus-pharma\/","og_site_name":"Ester\u00f3ides Online","article_modified_time":"2023-01-24T20:57:49+00:00","og_image":[{"width":380,"height":380,"url":"https:\/\/iberoid-shop.com\/wp-content\/uploads\/2022\/12\/CYGNUS.jpg?v=1678119844","type":"image\/jpeg"}],"twitter_card":"summary_large_image","twitter_misc":{"pre\u00e7o":"&euro;50.00","Disponibilidade":"Esgotado"},"schema":{"@context":"https:\/\/schema.org","@graph":[{"@type":"WebPage","@id":"https:\/\/iberoid-shop.com\/pt\/product\/nandrolone-decanoate200-cygnus-pharma\/","url":"https:\/\/iberoid-shop.com\/pt\/product\/nandrolone-decanoate200-cygnus-pharma\/","name":"(Espa\u00f1ol) NANDROLONE DECANOATE200. CYGNUS PHARMA - Ester\u00f3ides Online","isPartOf":{"@id":"https:\/\/iberoid.com\/#website"},"primaryImageOfPage":{"@id":"https:\/\/iberoid-shop.com\/pt\/product\/nandrolone-decanoate200-cygnus-pharma\/#primaryimage"},"image":{"@id":"https:\/\/iberoid-shop.com\/pt\/product\/nandrolone-decanoate200-cygnus-pharma\/#primaryimage"},"thumbnailUrl":"https:\/\/iberoid-shop.com\/wp-content\/uploads\/2022\/12\/CYGNUS.jpg?v=1678119844","datePublished":"2022-12-09T14:15:30+00:00","dateModified":"2023-01-24T20:57:49+00:00","breadcrumb":{"@id":"https:\/\/iberoid-shop.com\/pt\/product\/nandrolone-decanoate200-cygnus-pharma\/#breadcrumb"},"inLanguage":"pt-PT","potentialAction":[{"@type":"ReadAction","target":[["https:\/\/iberoid-shop.com\/pt\/product\/nandrolone-decanoate200-cygnus-pharma\/"]]}]},{"@type":"ImageObject","inLanguage":"pt-PT","@id":"https:\/\/iberoid-shop.com\/pt\/product\/nandrolone-decanoate200-cygnus-pharma\/#primaryimage","url":"https:\/\/iberoid-shop.com\/wp-content\/uploads\/2022\/12\/CYGNUS.jpg?v=1678119844","contentUrl":"https:\/\/iberoid-shop.com\/wp-content\/uploads\/2022\/12\/CYGNUS.jpg?v=1678119844","width":380,"height":380},{"@type":"BreadcrumbList","@id":"https:\/\/iberoid-shop.com\/pt\/product\/nandrolone-decanoate200-cygnus-pharma\/#breadcrumb","itemListElement":[{"@type":"ListItem","position":1,"name":"Portada","item":"https:\/\/iberoid.com\/"},{"@type":"ListItem","position":2,"name":"Loja","item":"https:\/\/iberoid-shop.com\/pt\/shop\/"},{"@type":"ListItem","position":3,"name":"(Espa\u00f1ol) NANDROLONE DECANOATE200. CYGNUS PHARMA"}]},{"@type":"WebSite","@id":"https:\/\/iberoid.com\/#website","url":"https:\/\/iberoid.com\/","name":"Ester\u00f3ides Online","description":"Compre ester\u00f3ides online hoje em Espanha e Portugal. Temos o melhor servi\u00e7o ao cliente do setor e produtos da mais alta qualidade","potentialAction":[{"@type":"SearchAction","target":{"@type":"EntryPoint","urlTemplate":"https:\/\/iberoid.com\/?s={search_term_string}"},"query-input":{"@type":"PropertyValueSpecification","valueRequired":true,"valueName":"search_term_string"}}],"inLanguage":"pt-PT"}]},"product_price_amount":"50.00","product_price_currency":"EUR","og_availability":"out of stock","product_availability":"out of stock","product_condition":"new"},"_links":{"self":[{"href":"https:\/\/iberoid-shop.com\/pt\/wp-json\/wp\/v2\/product\/8124","targetHints":{"allow":["GET"]}}],"collection":[{"href":"https:\/\/iberoid-shop.com\/pt\/wp-json\/wp\/v2\/product"}],"about":[{"href":"https:\/\/iberoid-shop.com\/pt\/wp-json\/wp\/v2\/types\/product"}],"replies":[{"embeddable":true,"href":"https:\/\/iberoid-shop.com\/pt\/wp-json\/wp\/v2\/comments?post=8124"}],"wp:featuredmedia":[{"embeddable":true,"href":"https:\/\/iberoid-shop.com\/pt\/wp-json\/wp\/v2\/media\/8125"}],"wp:attachment":[{"href":"https:\/\/iberoid-shop.com\/pt\/wp-json\/wp\/v2\/media?parent=8124"}],"wp:term":[{"taxonomy":"product_brand","embeddable":true,"href":"https:\/\/iberoid-shop.com\/pt\/wp-json\/wp\/v2\/product_brand?post=8124"},{"taxonomy":"product_cat","embeddable":true,"href":"https:\/\/iberoid-shop.com\/pt\/wp-json\/wp\/v2\/product_cat?post=8124"},{"taxonomy":"product_tag","embeddable":true,"href":"https:\/\/iberoid-shop.com\/pt\/wp-json\/wp\/v2\/product_tag?post=8124"}],"curies":[{"name":"wp","href":"https:\/\/api.w.org\/{rel}","templated":true}]}}