{"id":7952,"date":"2022-09-25T09:43:49","date_gmt":"2022-09-25T09:43:49","guid":{"rendered":"https:\/\/iberoid-shop.com\/?post_type=product&#038;p=7952"},"modified":"2023-03-14T19:48:10","modified_gmt":"2023-03-14T19:48:10","slug":"trenbolone-forte-200-2","status":"publish","type":"product","link":"https:\/\/iberoid-shop.com\/pt\/product\/trenbolone-forte-200-2\/","title":{"rendered":"Trenbolone Forte 200"},"content":{"rendered":"<p>Nome do produto: Trenbolone Forte 200<br \/>\nFabricante:\u00a0SP\u00a0Laboratories<br \/>\nApresenta\u00e7\u00e3o:\u00a010ml\u00a0200mg\/ml<br \/>\nSubst\u00e2ncia qu\u00edmica ativa: enantato de trembolona<\/p>\n<p>Trembolona Forte uma forma de a\u00e7\u00e3o prolongada da droga mais eficaz j\u00e1 fabricada. \u00c9 altamente valorizado por sua capacidade de aumentar a dureza muscular, defini\u00e7\u00e3o e for\u00e7a bruta, sem reten\u00e7\u00e3o de \u00e1gua indesejada e ganhos de massa gorda. O formul\u00e1rio ir\u00e1 fornecer-lhe um poder de explos\u00e3o e for\u00e7a com um crescimento substancial do volume muscular de qualidade dentro de muitas semanas!<\/p>\n<p>Com meia-vida de cerca de 5 dias, possui libera\u00e7\u00e3o lenta destinada a ciclos longos.<\/p>\n<p>Dosagem: Homens 200-600 mg\/semana.<\/p>\n<p>Enentat\u00a0trembolona\u00a0\u00e9 a mais recente\u00a0forma de\u00a0trembolona\u00a0desenvolvida\u00a0em meados de\u00a02004.\u00a0Em\u00a0ess\u00eancia\u00a0\u00e9\u00a0uma nova forma de\u00a0Parabolan,\u00a0usando\u00a0\u00e9ster ENET\u00a0em vez do\u00a0hexahidroxibenzilcarbonato. Esta forma de\u00a0trembolona\u00a0\u00e9\u00a0muito eficaz. At\u00e9 agora\u00a0a \u00fanica forma\u00a0dispon\u00edvel era\u00a0a de\u00a0acetato de\u00a0trembolona\u00a0e\u00a0sua\u00a0efici\u00eancia\u00a0mas\u00a0com uma\u00a0a\u00e7\u00e3o\u00a0muito\u00a0r\u00e1pida. O\u00a0enantato\u00a0de trembolona\u00a0\u00e9 liberado\u00a0lentamente\u00a0na corrente sangu\u00ednea,\u00a0tornando-o\u00a0uma \u00f3tima alternativa\u00a0para\u00a0inje\u00e7\u00f5es\u00a0frequentes de acetato de trembolona.<\/p>","protected":false},"excerpt":{"rendered":"<p>Nome do produto: Trenbolone Forte 200 Fabricante:\u00a0SP\u00a0Laboratories Apresenta\u00e7\u00e3o:\u00a010ml\u00a0200mg\/ml Subst\u00e2ncia qu\u00edmica ativa: enantato de trembolona Trembolona Forte uma forma de a\u00e7\u00e3o<\/p>\n","protected":false},"featured_media":7953,"comment_status":"open","ping_status":"closed","template":"","meta":[],"product_brand":[],"product_cat":[69],"product_tag":[],"class_list":{"0":"post-7952","1":"product","2":"type-product","3":"status-publish","4":"has-post-thumbnail","6":"product_cat-esteroides_inyectables","8":"first","9":"outofstock","10":"shipping-taxable","11":"purchasable","12":"product-type-simple"},"yoast_head":"<!-- This site is optimized with the Yoast SEO Premium plugin v24.4 (Yoast SEO v27.3) - https:\/\/yoast.com\/product\/yoast-seo-premium-wordpress\/ -->\n<title>Trenbolone Forte 200 - Ester\u00f3ides Online<\/title>\n<meta name=\"robots\" content=\"index, follow, max-snippet:-1, max-image-preview:large, max-video-preview:-1\" \/>\n<link rel=\"canonical\" href=\"https:\/\/iberoid-shop.com\/pt\/product\/trenbolone-forte-200-2\/\" \/>\n<meta property=\"og:locale\" content=\"pt_PT\" \/>\n<meta property=\"og:type\" content=\"article\" \/>\n<meta property=\"og:title\" content=\"Trenbolone Forte 200\" \/>\n<meta property=\"og:description\" content=\"Nome do produto: Trenbolone Forte 200 Fabricante:\u00a0SP\u00a0Laboratories Apresenta\u00e7\u00e3o:\u00a010ml\u00a0200mg\/ml Subst\u00e2ncia qu\u00edmica ativa: enantato de trembolona Trembolona Forte uma forma de a\u00e7\u00e3o\" \/>\n<meta property=\"og:url\" content=\"https:\/\/iberoid-shop.com\/pt\/product\/trenbolone-forte-200-2\/\" \/>\n<meta property=\"og:site_name\" content=\"Ester\u00f3ides Online\" \/>\n<meta property=\"article:modified_time\" content=\"2023-03-14T19:48:10+00:00\" \/>\n<meta property=\"og:image\" content=\"https:\/\/iberoid-shop.com\/wp-content\/uploads\/2022\/09\/Trenbolone-Forte-200-SP-Laboratories.webp\" \/>\n\t<meta property=\"og:image:width\" content=\"768\" \/>\n\t<meta property=\"og:image:height\" content=\"768\" \/>\n\t<meta property=\"og:image:type\" content=\"image\/webp\" \/>\n<meta name=\"twitter:card\" content=\"summary_large_image\" \/>\n<meta name=\"twitter:label1\" content=\"pre\u00e7o\" \/>\n\t<meta name=\"twitter:data1\" content=\"&euro;60.00\" \/>\n\t<meta name=\"twitter:label2\" content=\"Disponibilidade\" \/>\n\t<meta name=\"twitter:data2\" content=\"Esgotado\" \/>\n<script type=\"application\/ld+json\" class=\"yoast-schema-graph\">{\"@context\":\"https:\\\/\\\/schema.org\",\"@graph\":[{\"@type\":\"WebPage\",\"@id\":\"https:\\\/\\\/iberoid-shop.com\\\/pt\\\/product\\\/trenbolone-forte-200-2\\\/\",\"url\":\"https:\\\/\\\/iberoid-shop.com\\\/pt\\\/product\\\/trenbolone-forte-200-2\\\/\",\"name\":\"Trenbolone Forte 200 - Ester\u00f3ides Online\",\"isPartOf\":{\"@id\":\"https:\\\/\\\/iberoid-shop.com\\\/pt\\\/#website\"},\"primaryImageOfPage\":{\"@id\":\"https:\\\/\\\/iberoid-shop.com\\\/pt\\\/product\\\/trenbolone-forte-200-2\\\/#primaryimage\"},\"image\":{\"@id\":\"https:\\\/\\\/iberoid-shop.com\\\/pt\\\/product\\\/trenbolone-forte-200-2\\\/#primaryimage\"},\"thumbnailUrl\":\"https:\\\/\\\/iberoid-shop.com\\\/wp-content\\\/uploads\\\/2022\\\/09\\\/Trenbolone-Forte-200-SP-Laboratories.webp\",\"datePublished\":\"2022-09-25T09:43:49+00:00\",\"dateModified\":\"2023-03-14T19:48:10+00:00\",\"breadcrumb\":{\"@id\":\"https:\\\/\\\/iberoid-shop.com\\\/pt\\\/product\\\/trenbolone-forte-200-2\\\/#breadcrumb\"},\"inLanguage\":\"pt-PT\",\"potentialAction\":[{\"@type\":\"ReadAction\",\"target\":[[\"https:\\\/\\\/iberoid-shop.com\\\/pt\\\/product\\\/trenbolone-forte-200-2\\\/\"]]}]},{\"@type\":\"ImageObject\",\"inLanguage\":\"pt-PT\",\"@id\":\"https:\\\/\\\/iberoid-shop.com\\\/pt\\\/product\\\/trenbolone-forte-200-2\\\/#primaryimage\",\"url\":\"https:\\\/\\\/iberoid-shop.com\\\/wp-content\\\/uploads\\\/2022\\\/09\\\/Trenbolone-Forte-200-SP-Laboratories.webp\",\"contentUrl\":\"https:\\\/\\\/iberoid-shop.com\\\/wp-content\\\/uploads\\\/2022\\\/09\\\/Trenbolone-Forte-200-SP-Laboratories.webp\",\"width\":768,\"height\":768},{\"@type\":\"BreadcrumbList\",\"@id\":\"https:\\\/\\\/iberoid-shop.com\\\/pt\\\/product\\\/trenbolone-forte-200-2\\\/#breadcrumb\",\"itemListElement\":[{\"@type\":\"ListItem\",\"position\":1,\"name\":\"Portada\",\"item\":\"https:\\\/\\\/iberoid-shop.com\\\/pt\\\/\"},{\"@type\":\"ListItem\",\"position\":2,\"name\":\"Loja\",\"item\":\"https:\\\/\\\/iberoid-shop.com\\\/pt\\\/shop\\\/\"},{\"@type\":\"ListItem\",\"position\":3,\"name\":\"Trenbolone Forte 200\"}]},{\"@type\":\"WebSite\",\"@id\":\"https:\\\/\\\/iberoid-shop.com\\\/pt\\\/#website\",\"url\":\"https:\\\/\\\/iberoid-shop.com\\\/pt\\\/\",\"name\":\"Ester\u00f3ides Online\",\"description\":\"Compre ester\u00f3ides online hoje em Espanha e Portugal. Temos o melhor servi\u00e7o ao cliente do setor e produtos da mais alta qualidade\",\"potentialAction\":[{\"@type\":\"SearchAction\",\"target\":{\"@type\":\"EntryPoint\",\"urlTemplate\":\"https:\\\/\\\/iberoid-shop.com\\\/pt\\\/?s={search_term_string}\"},\"query-input\":{\"@type\":\"PropertyValueSpecification\",\"valueRequired\":true,\"valueName\":\"search_term_string\"}}],\"inLanguage\":\"pt-PT\"}]}<\/script>\n<meta property=\"product:brand\" content=\"SP Laboratories\" \/>\n<meta property=\"product:price:amount\" content=\"60.00\" \/>\n<meta property=\"product:price:currency\" content=\"EUR\" \/>\n<meta property=\"og:availability\" content=\"out of stock\" \/>\n<meta property=\"product:availability\" content=\"out of stock\" \/>\n<meta property=\"product:condition\" content=\"new\" \/>\n<!-- \/ Yoast SEO Premium plugin. -->","yoast_head_json":{"title":"Trenbolone Forte 200 - Ester\u00f3ides Online","robots":{"index":"index","follow":"follow","max-snippet":"max-snippet:-1","max-image-preview":"max-image-preview:large","max-video-preview":"max-video-preview:-1"},"canonical":"https:\/\/iberoid-shop.com\/pt\/product\/trenbolone-forte-200-2\/","og_locale":"pt_PT","og_type":"article","og_title":"Trenbolone Forte 200","og_description":"Nome do produto: Trenbolone Forte 200 Fabricante:\u00a0SP\u00a0Laboratories Apresenta\u00e7\u00e3o:\u00a010ml\u00a0200mg\/ml Subst\u00e2ncia qu\u00edmica ativa: enantato de trembolona Trembolona Forte uma forma de a\u00e7\u00e3o","og_url":"https:\/\/iberoid-shop.com\/pt\/product\/trenbolone-forte-200-2\/","og_site_name":"Ester\u00f3ides Online","article_modified_time":"2023-03-14T19:48:10+00:00","og_image":[{"width":768,"height":768,"url":"https:\/\/iberoid-shop.com\/wp-content\/uploads\/2022\/09\/Trenbolone-Forte-200-SP-Laboratories.webp","type":"image\/webp"}],"twitter_card":"summary_large_image","twitter_misc":{"pre\u00e7o":"&euro;60.00","Disponibilidade":"Esgotado"},"schema":{"@context":"https:\/\/schema.org","@graph":[{"@type":"WebPage","@id":"https:\/\/iberoid-shop.com\/pt\/product\/trenbolone-forte-200-2\/","url":"https:\/\/iberoid-shop.com\/pt\/product\/trenbolone-forte-200-2\/","name":"Trenbolone Forte 200 - Ester\u00f3ides Online","isPartOf":{"@id":"https:\/\/iberoid-shop.com\/pt\/#website"},"primaryImageOfPage":{"@id":"https:\/\/iberoid-shop.com\/pt\/product\/trenbolone-forte-200-2\/#primaryimage"},"image":{"@id":"https:\/\/iberoid-shop.com\/pt\/product\/trenbolone-forte-200-2\/#primaryimage"},"thumbnailUrl":"https:\/\/iberoid-shop.com\/wp-content\/uploads\/2022\/09\/Trenbolone-Forte-200-SP-Laboratories.webp","datePublished":"2022-09-25T09:43:49+00:00","dateModified":"2023-03-14T19:48:10+00:00","breadcrumb":{"@id":"https:\/\/iberoid-shop.com\/pt\/product\/trenbolone-forte-200-2\/#breadcrumb"},"inLanguage":"pt-PT","potentialAction":[{"@type":"ReadAction","target":[["https:\/\/iberoid-shop.com\/pt\/product\/trenbolone-forte-200-2\/"]]}]},{"@type":"ImageObject","inLanguage":"pt-PT","@id":"https:\/\/iberoid-shop.com\/pt\/product\/trenbolone-forte-200-2\/#primaryimage","url":"https:\/\/iberoid-shop.com\/wp-content\/uploads\/2022\/09\/Trenbolone-Forte-200-SP-Laboratories.webp","contentUrl":"https:\/\/iberoid-shop.com\/wp-content\/uploads\/2022\/09\/Trenbolone-Forte-200-SP-Laboratories.webp","width":768,"height":768},{"@type":"BreadcrumbList","@id":"https:\/\/iberoid-shop.com\/pt\/product\/trenbolone-forte-200-2\/#breadcrumb","itemListElement":[{"@type":"ListItem","position":1,"name":"Portada","item":"https:\/\/iberoid-shop.com\/pt\/"},{"@type":"ListItem","position":2,"name":"Loja","item":"https:\/\/iberoid-shop.com\/pt\/shop\/"},{"@type":"ListItem","position":3,"name":"Trenbolone Forte 200"}]},{"@type":"WebSite","@id":"https:\/\/iberoid-shop.com\/pt\/#website","url":"https:\/\/iberoid-shop.com\/pt\/","name":"Ester\u00f3ides Online","description":"Compre ester\u00f3ides online hoje em Espanha e Portugal. Temos o melhor servi\u00e7o ao cliente do setor e produtos da mais alta qualidade","potentialAction":[{"@type":"SearchAction","target":{"@type":"EntryPoint","urlTemplate":"https:\/\/iberoid-shop.com\/pt\/?s={search_term_string}"},"query-input":{"@type":"PropertyValueSpecification","valueRequired":true,"valueName":"search_term_string"}}],"inLanguage":"pt-PT"}]},"product_brand":"SP Laboratories","product_price_amount":"60.00","product_price_currency":"EUR","og_availability":"out of stock","product_availability":"out of stock","product_condition":"new"},"_links":{"self":[{"href":"https:\/\/iberoid-shop.com\/pt\/wp-json\/wp\/v2\/product\/7952","targetHints":{"allow":["GET"]}}],"collection":[{"href":"https:\/\/iberoid-shop.com\/pt\/wp-json\/wp\/v2\/product"}],"about":[{"href":"https:\/\/iberoid-shop.com\/pt\/wp-json\/wp\/v2\/types\/product"}],"replies":[{"embeddable":true,"href":"https:\/\/iberoid-shop.com\/pt\/wp-json\/wp\/v2\/comments?post=7952"}],"wp:featuredmedia":[{"embeddable":true,"href":"https:\/\/iberoid-shop.com\/pt\/wp-json\/wp\/v2\/media\/7953"}],"wp:attachment":[{"href":"https:\/\/iberoid-shop.com\/pt\/wp-json\/wp\/v2\/media?parent=7952"}],"wp:term":[{"taxonomy":"product_brand","embeddable":true,"href":"https:\/\/iberoid-shop.com\/pt\/wp-json\/wp\/v2\/product_brand?post=7952"},{"taxonomy":"product_cat","embeddable":true,"href":"https:\/\/iberoid-shop.com\/pt\/wp-json\/wp\/v2\/product_cat?post=7952"},{"taxonomy":"product_tag","embeddable":true,"href":"https:\/\/iberoid-shop.com\/pt\/wp-json\/wp\/v2\/product_tag?post=7952"}],"curies":[{"name":"wp","href":"https:\/\/api.w.org\/{rel}","templated":true}]}}