{"id":7889,"date":"2022-08-17T11:39:44","date_gmt":"2022-08-17T11:39:44","guid":{"rendered":"https:\/\/iberoid-shop.com\/?post_type=product&#038;p=7889"},"modified":"2025-09-25T13:25:25","modified_gmt":"2025-09-25T13:25:25","slug":"diastanon-350-mg-ml-sustanon-diamond","status":"publish","type":"product","link":"https:\/\/iberoid-shop.com\/pt\/product\/diastanon-350-mg-ml-sustanon-diamond\/","title":{"rendered":"Diastanon 350 mg\/ml &#8211; Sustanon 350"},"content":{"rendered":"<p><\/p>\n<p class=\"\" data-start=\"0\" data-end=\"489\">Diastanon 350 \u00e9 uma solu\u00e7\u00e3o injet\u00e1vel produzida pelo DIAMOND PHARMA GROUP, que consiste em tr\u00eas \u00e9steres diferentes de testosterona: Testosterona Enantato, Testosterona Cipionato e Testosterona Propionato. Foi projetado para liberar testosterona de forma r\u00e1pida e sustent\u00e1vel. Este produto \u00e9 fabricado utilizando tecnologias de s\u00edntese de medicamentos de alto percentual, resultando em um aumento na concentra\u00e7\u00e3o do agente ativo de 40% por ml, em compara\u00e7\u00e3o com a vers\u00e3o padr\u00e3o do Sustanon.<\/p>\n<p class=\"\" data-start=\"491\" data-end=\"519\"><strong data-start=\"491\" data-end=\"519\">Efeitos do Diastanon 350<\/strong><\/p>\n<p class=\"\" data-start=\"521\" data-end=\"1074\">Todas as formas de testosterona s\u00e3o respons\u00e1veis por promover sa\u00fade e bem-estar, melhorando a libido, a energia, a imunidade, aumentando a perda de gordura, aumentando e mantendo a massa muscular, prevenindo a osteoporose (perda de densidade \u00f3ssea) e possivelmente protegendo contra doen\u00e7as card\u00edacas. A testosterona \u00e9 popular entre os atletas por sua capacidade de estimular aumentos dram\u00e1ticos na massa muscular e for\u00e7a. Como um horm\u00f4nio natural, continua sendo o esteroide anabolizante mais popular e \u00e9 comumente usado como base para todos os ciclos.<\/p>\n<p class=\"\" data-start=\"1076\" data-end=\"1097\"><strong data-start=\"1076\" data-end=\"1097\">Regras para o uso<\/strong><\/p>\n<p class=\"\" data-start=\"1099\" data-end=\"1861\">O Diastanon 350 do DIAMOND PHARMA GROUP deve ser tomado uma vez por semana e a dosagem varia de 350 a 700mg. A dura\u00e7\u00e3o do ciclo \u00e9 de 6 a 8 semanas. Vale ressaltar que nos homens, aproximadamente 5% da testosterona sofre uma redu\u00e7\u00e3o 5\u03b1 para formar o andr\u00f3geno mais potente, a diidrotestosterona (DHT), tamb\u00e9m conhecida como androstanolona. Por outro lado, aproximadamente 0,3% da testosterona \u00e9 convertida em estradiol (o principal horm\u00f4nio sexual feminino) pela aromatase, uma enzima expressa no c\u00e9rebro, f\u00edgado e tecido adiposo. Portanto, lembre-se de tomar precau\u00e7\u00f5es para evitar efeitos colaterais relacionados. Neste caso, recomendamos fazer exames de sangue regularmente e usar inibidores de aromatase no ciclo (se necess\u00e1rio, preferencialmente Anastrozol).<\/p>\n<p class=\"\" data-start=\"1863\" data-end=\"1884\"><strong data-start=\"1863\" data-end=\"1884\">Ciclos combinados<\/strong><\/p>\n<p class=\"\" data-start=\"1886\" data-end=\"2248\">O Sustanon 350 funciona bem com muitos outros compostos, tanto orais quanto injet\u00e1veis, como parte de um ciclo. O Diastanon 350 pode ser combinado com medicamentos como Nandrolona para ganho de massa muscular e Winstrol para secar e definir os m\u00fasculos. Um ciclo bem selecionado permite reduzir a frequ\u00eancia dos efeitos colaterais e melhorar a efic\u00e1cia do ciclo.<\/p>\n<p class=\"\" data-start=\"2250\" data-end=\"2272\"><strong data-start=\"2250\" data-end=\"2272\">Efeitos colaterais<\/strong><\/p>\n<p class=\"\" data-start=\"2274\" data-end=\"2663\">O medicamento pode causar problemas de acne, aromatizar e reter \u00e1gua no corpo. \u00c9 considerado n\u00e3o t\u00f3xico para o f\u00edgado. Se for sua primeira vez usando uma formula\u00e7\u00e3o altamente concentrada, \u00e9 altamente recomendado injetar apenas \u00bd ml para verificar a resposta do corpo e prevenir poss\u00edveis efeitos colaterais, que podem incluir dor ap\u00f3s a inje\u00e7\u00e3o (PIP), aumento da temperatura corporal, etc.<\/p>\n<p><\/p>","protected":false},"excerpt":{"rendered":"<p>Diastanon 350 \u00e9 uma solu\u00e7\u00e3o injet\u00e1vel produzida pelo DIAMOND PHARMA GROUP, que consiste em tr\u00eas \u00e9steres diferentes de testosterona: Testosterona<\/p>\n","protected":false},"featured_media":7893,"comment_status":"open","ping_status":"closed","template":"","meta":[],"product_brand":[],"product_cat":[69],"product_tag":[],"class_list":{"0":"post-7889","1":"product","2":"type-product","3":"status-publish","4":"has-post-thumbnail","6":"product_cat-esteroides_inyectables","8":"first","9":"outofstock","10":"shipping-taxable","11":"purchasable","12":"product-type-simple"},"yoast_head":"<!-- This site is optimized with the Yoast SEO Premium plugin v24.4 (Yoast SEO v27.3) - https:\/\/yoast.com\/product\/yoast-seo-premium-wordpress\/ -->\n<title>Diastanon 350 mg\/ml - Sustanon 350 - Ester\u00f3ides Online<\/title>\n<meta name=\"robots\" content=\"index, follow, max-snippet:-1, max-image-preview:large, max-video-preview:-1\" \/>\n<link rel=\"canonical\" href=\"https:\/\/iberoid-shop.com\/pt\/product\/diastanon-350-mg-ml-sustanon-diamond\/\" \/>\n<meta property=\"og:locale\" content=\"pt_PT\" \/>\n<meta property=\"og:type\" content=\"article\" \/>\n<meta property=\"og:title\" content=\"Diastanon 350 mg\/ml - Sustanon 350\" \/>\n<meta property=\"og:description\" content=\"Diastanon 350 \u00e9 uma solu\u00e7\u00e3o injet\u00e1vel produzida pelo DIAMOND PHARMA GROUP, que consiste em tr\u00eas \u00e9steres diferentes de testosterona: Testosterona\" \/>\n<meta property=\"og:url\" content=\"https:\/\/iberoid-shop.com\/pt\/product\/diastanon-350-mg-ml-sustanon-diamond\/\" \/>\n<meta property=\"og:site_name\" content=\"Ester\u00f3ides Online\" \/>\n<meta property=\"article:modified_time\" content=\"2025-09-25T13:25:25+00:00\" \/>\n<meta property=\"og:image\" content=\"https:\/\/iberoid-shop.com\/wp-content\/uploads\/2022\/08\/Diastanon-350.png?v=1749496559\" \/>\n\t<meta property=\"og:image:width\" content=\"553\" \/>\n\t<meta property=\"og:image:height\" content=\"553\" \/>\n\t<meta property=\"og:image:type\" content=\"image\/png\" \/>\n<meta name=\"twitter:card\" content=\"summary_large_image\" \/>\n<meta name=\"twitter:label1\" content=\"pre\u00e7o\" \/>\n\t<meta name=\"twitter:data1\" content=\"&euro;50.00\" \/>\n\t<meta name=\"twitter:label2\" content=\"Disponibilidade\" \/>\n\t<meta name=\"twitter:data2\" content=\"Esgotado\" \/>\n<script type=\"application\/ld+json\" class=\"yoast-schema-graph\">{\"@context\":\"https:\\\/\\\/schema.org\",\"@graph\":[{\"@type\":\"WebPage\",\"@id\":\"https:\\\/\\\/iberoid-shop.com\\\/pt\\\/product\\\/diastanon-350-mg-ml-sustanon-diamond\\\/\",\"url\":\"https:\\\/\\\/iberoid-shop.com\\\/pt\\\/product\\\/diastanon-350-mg-ml-sustanon-diamond\\\/\",\"name\":\"Diastanon 350 mg\\\/ml - Sustanon 350 - Ester\u00f3ides Online\",\"isPartOf\":{\"@id\":\"https:\\\/\\\/iberoid-shop.com\\\/pt\\\/#website\"},\"primaryImageOfPage\":{\"@id\":\"https:\\\/\\\/iberoid-shop.com\\\/pt\\\/product\\\/diastanon-350-mg-ml-sustanon-diamond\\\/#primaryimage\"},\"image\":{\"@id\":\"https:\\\/\\\/iberoid-shop.com\\\/pt\\\/product\\\/diastanon-350-mg-ml-sustanon-diamond\\\/#primaryimage\"},\"thumbnailUrl\":\"https:\\\/\\\/iberoid-shop.com\\\/wp-content\\\/uploads\\\/2022\\\/08\\\/Diastanon-350.png?v=1749496559\",\"datePublished\":\"2022-08-17T11:39:44+00:00\",\"dateModified\":\"2025-09-25T13:25:25+00:00\",\"breadcrumb\":{\"@id\":\"https:\\\/\\\/iberoid-shop.com\\\/pt\\\/product\\\/diastanon-350-mg-ml-sustanon-diamond\\\/#breadcrumb\"},\"inLanguage\":\"pt-PT\",\"potentialAction\":[{\"@type\":\"ReadAction\",\"target\":[[\"https:\\\/\\\/iberoid-shop.com\\\/pt\\\/product\\\/diastanon-350-mg-ml-sustanon-diamond\\\/\"]]}]},{\"@type\":\"ImageObject\",\"inLanguage\":\"pt-PT\",\"@id\":\"https:\\\/\\\/iberoid-shop.com\\\/pt\\\/product\\\/diastanon-350-mg-ml-sustanon-diamond\\\/#primaryimage\",\"url\":\"https:\\\/\\\/iberoid-shop.com\\\/wp-content\\\/uploads\\\/2022\\\/08\\\/Diastanon-350.png?v=1749496559\",\"contentUrl\":\"https:\\\/\\\/iberoid-shop.com\\\/wp-content\\\/uploads\\\/2022\\\/08\\\/Diastanon-350.png?v=1749496559\",\"width\":553,\"height\":553},{\"@type\":\"BreadcrumbList\",\"@id\":\"https:\\\/\\\/iberoid-shop.com\\\/pt\\\/product\\\/diastanon-350-mg-ml-sustanon-diamond\\\/#breadcrumb\",\"itemListElement\":[{\"@type\":\"ListItem\",\"position\":1,\"name\":\"Portada\",\"item\":\"https:\\\/\\\/iberoid-shop.com\\\/pt\\\/\"},{\"@type\":\"ListItem\",\"position\":2,\"name\":\"Loja\",\"item\":\"https:\\\/\\\/iberoid-shop.com\\\/pt\\\/shop\\\/\"},{\"@type\":\"ListItem\",\"position\":3,\"name\":\"Diastanon 350 mg\\\/ml &#8211; Sustanon 350\"}]},{\"@type\":\"WebSite\",\"@id\":\"https:\\\/\\\/iberoid-shop.com\\\/pt\\\/#website\",\"url\":\"https:\\\/\\\/iberoid-shop.com\\\/pt\\\/\",\"name\":\"Ester\u00f3ides Online\",\"description\":\"Compre ester\u00f3ides online hoje em Espanha e Portugal. Temos o melhor servi\u00e7o ao cliente do setor e produtos da mais alta qualidade\",\"potentialAction\":[{\"@type\":\"SearchAction\",\"target\":{\"@type\":\"EntryPoint\",\"urlTemplate\":\"https:\\\/\\\/iberoid-shop.com\\\/pt\\\/?s={search_term_string}\"},\"query-input\":{\"@type\":\"PropertyValueSpecification\",\"valueRequired\":true,\"valueName\":\"search_term_string\"}}],\"inLanguage\":\"pt-PT\"}]}<\/script>\n<meta property=\"product:brand\" content=\"Diamond Pharma\" \/>\n<meta property=\"product:price:amount\" content=\"50.00\" \/>\n<meta property=\"product:price:currency\" content=\"EUR\" \/>\n<meta property=\"og:availability\" content=\"out of stock\" \/>\n<meta property=\"product:availability\" content=\"out of stock\" \/>\n<meta property=\"product:condition\" content=\"new\" \/>\n<!-- \/ Yoast SEO Premium plugin. -->","yoast_head_json":{"title":"Diastanon 350 mg\/ml - Sustanon 350 - Ester\u00f3ides Online","robots":{"index":"index","follow":"follow","max-snippet":"max-snippet:-1","max-image-preview":"max-image-preview:large","max-video-preview":"max-video-preview:-1"},"canonical":"https:\/\/iberoid-shop.com\/pt\/product\/diastanon-350-mg-ml-sustanon-diamond\/","og_locale":"pt_PT","og_type":"article","og_title":"Diastanon 350 mg\/ml - Sustanon 350","og_description":"Diastanon 350 \u00e9 uma solu\u00e7\u00e3o injet\u00e1vel produzida pelo DIAMOND PHARMA GROUP, que consiste em tr\u00eas \u00e9steres diferentes de testosterona: Testosterona","og_url":"https:\/\/iberoid-shop.com\/pt\/product\/diastanon-350-mg-ml-sustanon-diamond\/","og_site_name":"Ester\u00f3ides Online","article_modified_time":"2025-09-25T13:25:25+00:00","og_image":[{"width":553,"height":553,"url":"https:\/\/iberoid-shop.com\/wp-content\/uploads\/2022\/08\/Diastanon-350.png?v=1749496559","type":"image\/png"}],"twitter_card":"summary_large_image","twitter_misc":{"pre\u00e7o":"&euro;50.00","Disponibilidade":"Esgotado"},"schema":{"@context":"https:\/\/schema.org","@graph":[{"@type":"WebPage","@id":"https:\/\/iberoid-shop.com\/pt\/product\/diastanon-350-mg-ml-sustanon-diamond\/","url":"https:\/\/iberoid-shop.com\/pt\/product\/diastanon-350-mg-ml-sustanon-diamond\/","name":"Diastanon 350 mg\/ml - Sustanon 350 - Ester\u00f3ides Online","isPartOf":{"@id":"https:\/\/iberoid-shop.com\/pt\/#website"},"primaryImageOfPage":{"@id":"https:\/\/iberoid-shop.com\/pt\/product\/diastanon-350-mg-ml-sustanon-diamond\/#primaryimage"},"image":{"@id":"https:\/\/iberoid-shop.com\/pt\/product\/diastanon-350-mg-ml-sustanon-diamond\/#primaryimage"},"thumbnailUrl":"https:\/\/iberoid-shop.com\/wp-content\/uploads\/2022\/08\/Diastanon-350.png?v=1749496559","datePublished":"2022-08-17T11:39:44+00:00","dateModified":"2025-09-25T13:25:25+00:00","breadcrumb":{"@id":"https:\/\/iberoid-shop.com\/pt\/product\/diastanon-350-mg-ml-sustanon-diamond\/#breadcrumb"},"inLanguage":"pt-PT","potentialAction":[{"@type":"ReadAction","target":[["https:\/\/iberoid-shop.com\/pt\/product\/diastanon-350-mg-ml-sustanon-diamond\/"]]}]},{"@type":"ImageObject","inLanguage":"pt-PT","@id":"https:\/\/iberoid-shop.com\/pt\/product\/diastanon-350-mg-ml-sustanon-diamond\/#primaryimage","url":"https:\/\/iberoid-shop.com\/wp-content\/uploads\/2022\/08\/Diastanon-350.png?v=1749496559","contentUrl":"https:\/\/iberoid-shop.com\/wp-content\/uploads\/2022\/08\/Diastanon-350.png?v=1749496559","width":553,"height":553},{"@type":"BreadcrumbList","@id":"https:\/\/iberoid-shop.com\/pt\/product\/diastanon-350-mg-ml-sustanon-diamond\/#breadcrumb","itemListElement":[{"@type":"ListItem","position":1,"name":"Portada","item":"https:\/\/iberoid-shop.com\/pt\/"},{"@type":"ListItem","position":2,"name":"Loja","item":"https:\/\/iberoid-shop.com\/pt\/shop\/"},{"@type":"ListItem","position":3,"name":"Diastanon 350 mg\/ml &#8211; Sustanon 350"}]},{"@type":"WebSite","@id":"https:\/\/iberoid-shop.com\/pt\/#website","url":"https:\/\/iberoid-shop.com\/pt\/","name":"Ester\u00f3ides Online","description":"Compre ester\u00f3ides online hoje em Espanha e Portugal. Temos o melhor servi\u00e7o ao cliente do setor e produtos da mais alta qualidade","potentialAction":[{"@type":"SearchAction","target":{"@type":"EntryPoint","urlTemplate":"https:\/\/iberoid-shop.com\/pt\/?s={search_term_string}"},"query-input":{"@type":"PropertyValueSpecification","valueRequired":true,"valueName":"search_term_string"}}],"inLanguage":"pt-PT"}]},"product_brand":"Diamond Pharma","product_price_amount":"50.00","product_price_currency":"EUR","og_availability":"out of stock","product_availability":"out of stock","product_condition":"new"},"_links":{"self":[{"href":"https:\/\/iberoid-shop.com\/pt\/wp-json\/wp\/v2\/product\/7889","targetHints":{"allow":["GET"]}}],"collection":[{"href":"https:\/\/iberoid-shop.com\/pt\/wp-json\/wp\/v2\/product"}],"about":[{"href":"https:\/\/iberoid-shop.com\/pt\/wp-json\/wp\/v2\/types\/product"}],"replies":[{"embeddable":true,"href":"https:\/\/iberoid-shop.com\/pt\/wp-json\/wp\/v2\/comments?post=7889"}],"wp:featuredmedia":[{"embeddable":true,"href":"https:\/\/iberoid-shop.com\/pt\/wp-json\/wp\/v2\/media\/7893"}],"wp:attachment":[{"href":"https:\/\/iberoid-shop.com\/pt\/wp-json\/wp\/v2\/media?parent=7889"}],"wp:term":[{"taxonomy":"product_brand","embeddable":true,"href":"https:\/\/iberoid-shop.com\/pt\/wp-json\/wp\/v2\/product_brand?post=7889"},{"taxonomy":"product_cat","embeddable":true,"href":"https:\/\/iberoid-shop.com\/pt\/wp-json\/wp\/v2\/product_cat?post=7889"},{"taxonomy":"product_tag","embeddable":true,"href":"https:\/\/iberoid-shop.com\/pt\/wp-json\/wp\/v2\/product_tag?post=7889"}],"curies":[{"name":"wp","href":"https:\/\/api.w.org\/{rel}","templated":true}]}}