{"id":7723,"date":"2022-06-06T13:08:07","date_gmt":"2022-06-06T13:08:07","guid":{"rendered":"https:\/\/iberoid-shop.com\/?post_type=product&#038;p=7723"},"modified":"2022-07-16T21:04:13","modified_gmt":"2022-07-16T21:04:13","slug":"turinabol-balkan-60-pastillas","status":"publish","type":"product","link":"https:\/\/iberoid-shop.com\/pt\/product\/turinabol-balkan-60-pastillas\/","title":{"rendered":"TURANABOL"},"content":{"rendered":"<p>BALKAN PHARMA TURANABOL<\/p>\n<p>Para obter ganhos musculares s\u00f3lidos e ganhos de for\u00e7a, o Turinabol que n\u00e3o causa ganhos r\u00e1pidos de massa e for\u00e7a muscular deve ser tomado ao longo de v\u00e1rias semanas. Para atletas e fisiculturistas, esta droga \u00e9 usada para uma apar\u00eancia corporal melhorada e compacta. Por causa de qualquer risco de efeitos colaterais estrog\u00eanicos, h\u00e1 reten\u00e7\u00e3o de \u00e1gua limitada ou risco de ginecomastia. Por causa da reten\u00e7\u00e3o de \u00e1gua limitada pode ser obtido um olhar duro para os m\u00fasculos.<\/p>\n<p>Este ester\u00f3ide \u00e9 bastante diferente de Danabol que \u00e9 comparado a. A semelhan\u00e7a entre esses dois produtos \u00e9 que ambos s\u00e3o 17-alfa-alquilados. Turanabol de acordo com Danabol tem um n\u00edvel mais baixo de atividade androg\u00eanica, mas um melhor equil\u00edbrio de efeitos anab\u00f3licos e androg\u00eanicos.<\/p>\n<p>Dosagem de Turanabol:\u00a040 &#8211; 50 mg \u00e9 a dosagem di\u00e1ria para bons resultados. Com esta dosagem o efeito ser\u00e1 maravilhoso, crescimento de massa e for\u00e7a muscular e sem reten\u00e7\u00e3o de \u00e1gua e efeitos colaterais de estrog\u00eanio.<\/p>\n<p>Efeitos colaterais do Turanabol;<\/p>\n<p>Nas mulheres pode ser visto virilismo. E tamb\u00e9m redu\u00e7\u00e3o na produ\u00e7\u00e3o de testosterona, hipertens\u00e3o, comportamentos agressivos incontrol\u00e1veis, dores gastrointestinais, danos no f\u00edgado, ganho de peso, redu\u00e7\u00e3o da coagula\u00e7\u00e3o sangu\u00ednea no corpo podem ocorrer em altas dosagens.<\/p>","protected":false},"excerpt":{"rendered":"<p>BALKAN PHARMA TURANABOL Para obter ganhos musculares s\u00f3lidos e ganhos de for\u00e7a, o Turinabol que n\u00e3o causa ganhos r\u00e1pidos de<\/p>\n","protected":false},"featured_media":7724,"comment_status":"open","ping_status":"closed","template":"","meta":[],"product_brand":[],"product_cat":[73],"product_tag":[],"class_list":{"0":"post-7723","1":"product","2":"type-product","3":"status-publish","4":"has-post-thumbnail","6":"product_cat-ssteroides_orales","8":"first","9":"outofstock","10":"sale","11":"shipping-taxable","12":"purchasable","13":"product-type-simple"},"yoast_head":"<!-- This site is optimized with the Yoast SEO Premium plugin v24.4 (Yoast SEO v27.3) - https:\/\/yoast.com\/product\/yoast-seo-premium-wordpress\/ -->\n<title>TURANABOL - Ester\u00f3ides Online<\/title>\n<meta name=\"robots\" content=\"index, follow, max-snippet:-1, max-image-preview:large, max-video-preview:-1\" \/>\n<link rel=\"canonical\" href=\"https:\/\/iberoid-shop.com\/pt\/product\/turinabol-balkan-60-pastillas\/\" \/>\n<meta property=\"og:locale\" content=\"pt_PT\" \/>\n<meta property=\"og:type\" content=\"article\" \/>\n<meta property=\"og:title\" content=\"TURANABOL\" \/>\n<meta property=\"og:description\" content=\"BALKAN PHARMA TURANABOL Para obter ganhos musculares s\u00f3lidos e ganhos de for\u00e7a, o Turinabol que n\u00e3o causa ganhos r\u00e1pidos de\" \/>\n<meta property=\"og:url\" content=\"https:\/\/iberoid-shop.com\/pt\/product\/turinabol-balkan-60-pastillas\/\" \/>\n<meta property=\"og:site_name\" content=\"Ester\u00f3ides Online\" \/>\n<meta property=\"article:modified_time\" content=\"2022-07-16T21:04:13+00:00\" \/>\n<meta property=\"og:image\" content=\"https:\/\/iberoid-shop.com\/wp-content\/uploads\/2022\/06\/turi.jpg?v=1678119888\" \/>\n\t<meta property=\"og:image:width\" content=\"225\" \/>\n\t<meta property=\"og:image:height\" content=\"225\" \/>\n\t<meta property=\"og:image:type\" content=\"image\/jpeg\" \/>\n<meta name=\"twitter:card\" content=\"summary_large_image\" \/>\n<meta name=\"twitter:label1\" content=\"pre\u00e7o\" \/>\n\t<meta name=\"twitter:data1\" content=\"&euro;25.00\" \/>\n\t<meta name=\"twitter:label2\" content=\"Disponibilidade\" \/>\n\t<meta name=\"twitter:data2\" content=\"Esgotado\" \/>\n<script type=\"application\/ld+json\" class=\"yoast-schema-graph\">{\"@context\":\"https:\\\/\\\/schema.org\",\"@graph\":[{\"@type\":\"WebPage\",\"@id\":\"https:\\\/\\\/iberoid-shop.com\\\/pt\\\/product\\\/turinabol-balkan-60-pastillas\\\/\",\"url\":\"https:\\\/\\\/iberoid-shop.com\\\/pt\\\/product\\\/turinabol-balkan-60-pastillas\\\/\",\"name\":\"TURANABOL - Ester\u00f3ides Online\",\"isPartOf\":{\"@id\":\"https:\\\/\\\/iberoid.com\\\/#website\"},\"primaryImageOfPage\":{\"@id\":\"https:\\\/\\\/iberoid-shop.com\\\/pt\\\/product\\\/turinabol-balkan-60-pastillas\\\/#primaryimage\"},\"image\":{\"@id\":\"https:\\\/\\\/iberoid-shop.com\\\/pt\\\/product\\\/turinabol-balkan-60-pastillas\\\/#primaryimage\"},\"thumbnailUrl\":\"https:\\\/\\\/iberoid-shop.com\\\/wp-content\\\/uploads\\\/2022\\\/06\\\/turi.jpg?v=1678119888\",\"datePublished\":\"2022-06-06T13:08:07+00:00\",\"dateModified\":\"2022-07-16T21:04:13+00:00\",\"breadcrumb\":{\"@id\":\"https:\\\/\\\/iberoid-shop.com\\\/pt\\\/product\\\/turinabol-balkan-60-pastillas\\\/#breadcrumb\"},\"inLanguage\":\"pt-PT\",\"potentialAction\":[{\"@type\":\"ReadAction\",\"target\":[[\"https:\\\/\\\/iberoid-shop.com\\\/pt\\\/product\\\/turinabol-balkan-60-pastillas\\\/\"]]}]},{\"@type\":\"ImageObject\",\"inLanguage\":\"pt-PT\",\"@id\":\"https:\\\/\\\/iberoid-shop.com\\\/pt\\\/product\\\/turinabol-balkan-60-pastillas\\\/#primaryimage\",\"url\":\"https:\\\/\\\/iberoid-shop.com\\\/wp-content\\\/uploads\\\/2022\\\/06\\\/turi.jpg?v=1678119888\",\"contentUrl\":\"https:\\\/\\\/iberoid-shop.com\\\/wp-content\\\/uploads\\\/2022\\\/06\\\/turi.jpg?v=1678119888\",\"width\":225,\"height\":225},{\"@type\":\"BreadcrumbList\",\"@id\":\"https:\\\/\\\/iberoid-shop.com\\\/pt\\\/product\\\/turinabol-balkan-60-pastillas\\\/#breadcrumb\",\"itemListElement\":[{\"@type\":\"ListItem\",\"position\":1,\"name\":\"Portada\",\"item\":\"https:\\\/\\\/iberoid.com\\\/\"},{\"@type\":\"ListItem\",\"position\":2,\"name\":\"Loja\",\"item\":\"https:\\\/\\\/iberoid-shop.com\\\/pt\\\/shop\\\/\"},{\"@type\":\"ListItem\",\"position\":3,\"name\":\"TURANABOL\"}]},{\"@type\":\"WebSite\",\"@id\":\"https:\\\/\\\/iberoid.com\\\/#website\",\"url\":\"https:\\\/\\\/iberoid.com\\\/\",\"name\":\"Ester\u00f3ides Online\",\"description\":\"Compre ester\u00f3ides online hoje em Espanha e Portugal. Temos o melhor servi\u00e7o ao cliente do setor e produtos da mais alta qualidade\",\"potentialAction\":[{\"@type\":\"SearchAction\",\"target\":{\"@type\":\"EntryPoint\",\"urlTemplate\":\"https:\\\/\\\/iberoid.com\\\/?s={search_term_string}\"},\"query-input\":{\"@type\":\"PropertyValueSpecification\",\"valueRequired\":true,\"valueName\":\"search_term_string\"}}],\"inLanguage\":\"pt-PT\"}]}<\/script>\n<meta property=\"product:brand\" content=\"Balkan Pharmaceuticals\" \/>\n<meta property=\"product:price:amount\" content=\"25.00\" \/>\n<meta property=\"product:price:currency\" content=\"EUR\" \/>\n<meta property=\"og:availability\" content=\"out of stock\" \/>\n<meta property=\"product:availability\" content=\"out of stock\" \/>\n<meta property=\"product:condition\" content=\"new\" \/>\n<!-- \/ Yoast SEO Premium plugin. -->","yoast_head_json":{"title":"TURANABOL - Ester\u00f3ides Online","robots":{"index":"index","follow":"follow","max-snippet":"max-snippet:-1","max-image-preview":"max-image-preview:large","max-video-preview":"max-video-preview:-1"},"canonical":"https:\/\/iberoid-shop.com\/pt\/product\/turinabol-balkan-60-pastillas\/","og_locale":"pt_PT","og_type":"article","og_title":"TURANABOL","og_description":"BALKAN PHARMA TURANABOL Para obter ganhos musculares s\u00f3lidos e ganhos de for\u00e7a, o Turinabol que n\u00e3o causa ganhos r\u00e1pidos de","og_url":"https:\/\/iberoid-shop.com\/pt\/product\/turinabol-balkan-60-pastillas\/","og_site_name":"Ester\u00f3ides Online","article_modified_time":"2022-07-16T21:04:13+00:00","og_image":[{"width":225,"height":225,"url":"https:\/\/iberoid-shop.com\/wp-content\/uploads\/2022\/06\/turi.jpg?v=1678119888","type":"image\/jpeg"}],"twitter_card":"summary_large_image","twitter_misc":{"pre\u00e7o":"&euro;25.00","Disponibilidade":"Esgotado"},"schema":{"@context":"https:\/\/schema.org","@graph":[{"@type":"WebPage","@id":"https:\/\/iberoid-shop.com\/pt\/product\/turinabol-balkan-60-pastillas\/","url":"https:\/\/iberoid-shop.com\/pt\/product\/turinabol-balkan-60-pastillas\/","name":"TURANABOL - Ester\u00f3ides Online","isPartOf":{"@id":"https:\/\/iberoid.com\/#website"},"primaryImageOfPage":{"@id":"https:\/\/iberoid-shop.com\/pt\/product\/turinabol-balkan-60-pastillas\/#primaryimage"},"image":{"@id":"https:\/\/iberoid-shop.com\/pt\/product\/turinabol-balkan-60-pastillas\/#primaryimage"},"thumbnailUrl":"https:\/\/iberoid-shop.com\/wp-content\/uploads\/2022\/06\/turi.jpg?v=1678119888","datePublished":"2022-06-06T13:08:07+00:00","dateModified":"2022-07-16T21:04:13+00:00","breadcrumb":{"@id":"https:\/\/iberoid-shop.com\/pt\/product\/turinabol-balkan-60-pastillas\/#breadcrumb"},"inLanguage":"pt-PT","potentialAction":[{"@type":"ReadAction","target":[["https:\/\/iberoid-shop.com\/pt\/product\/turinabol-balkan-60-pastillas\/"]]}]},{"@type":"ImageObject","inLanguage":"pt-PT","@id":"https:\/\/iberoid-shop.com\/pt\/product\/turinabol-balkan-60-pastillas\/#primaryimage","url":"https:\/\/iberoid-shop.com\/wp-content\/uploads\/2022\/06\/turi.jpg?v=1678119888","contentUrl":"https:\/\/iberoid-shop.com\/wp-content\/uploads\/2022\/06\/turi.jpg?v=1678119888","width":225,"height":225},{"@type":"BreadcrumbList","@id":"https:\/\/iberoid-shop.com\/pt\/product\/turinabol-balkan-60-pastillas\/#breadcrumb","itemListElement":[{"@type":"ListItem","position":1,"name":"Portada","item":"https:\/\/iberoid.com\/"},{"@type":"ListItem","position":2,"name":"Loja","item":"https:\/\/iberoid-shop.com\/pt\/shop\/"},{"@type":"ListItem","position":3,"name":"TURANABOL"}]},{"@type":"WebSite","@id":"https:\/\/iberoid.com\/#website","url":"https:\/\/iberoid.com\/","name":"Ester\u00f3ides Online","description":"Compre ester\u00f3ides online hoje em Espanha e Portugal. Temos o melhor servi\u00e7o ao cliente do setor e produtos da mais alta qualidade","potentialAction":[{"@type":"SearchAction","target":{"@type":"EntryPoint","urlTemplate":"https:\/\/iberoid.com\/?s={search_term_string}"},"query-input":{"@type":"PropertyValueSpecification","valueRequired":true,"valueName":"search_term_string"}}],"inLanguage":"pt-PT"}]},"product_brand":"Balkan Pharmaceuticals","product_price_amount":"25.00","product_price_currency":"EUR","og_availability":"out of stock","product_availability":"out of stock","product_condition":"new"},"_links":{"self":[{"href":"https:\/\/iberoid-shop.com\/pt\/wp-json\/wp\/v2\/product\/7723","targetHints":{"allow":["GET"]}}],"collection":[{"href":"https:\/\/iberoid-shop.com\/pt\/wp-json\/wp\/v2\/product"}],"about":[{"href":"https:\/\/iberoid-shop.com\/pt\/wp-json\/wp\/v2\/types\/product"}],"replies":[{"embeddable":true,"href":"https:\/\/iberoid-shop.com\/pt\/wp-json\/wp\/v2\/comments?post=7723"}],"wp:featuredmedia":[{"embeddable":true,"href":"https:\/\/iberoid-shop.com\/pt\/wp-json\/wp\/v2\/media\/7724"}],"wp:attachment":[{"href":"https:\/\/iberoid-shop.com\/pt\/wp-json\/wp\/v2\/media?parent=7723"}],"wp:term":[{"taxonomy":"product_brand","embeddable":true,"href":"https:\/\/iberoid-shop.com\/pt\/wp-json\/wp\/v2\/product_brand?post=7723"},{"taxonomy":"product_cat","embeddable":true,"href":"https:\/\/iberoid-shop.com\/pt\/wp-json\/wp\/v2\/product_cat?post=7723"},{"taxonomy":"product_tag","embeddable":true,"href":"https:\/\/iberoid-shop.com\/pt\/wp-json\/wp\/v2\/product_tag?post=7723"}],"curies":[{"name":"wp","href":"https:\/\/api.w.org\/{rel}","templated":true}]}}