{"id":7717,"date":"2022-06-04T12:38:43","date_gmt":"2022-06-04T12:38:43","guid":{"rendered":"https:\/\/iberoid-shop.com\/?post_type=product&#038;p=7717"},"modified":"2023-03-21T14:03:55","modified_gmt":"2023-03-21T14:03:55","slug":"testosterona-depot-galenika-10-ampollas","status":"publish","type":"product","link":"https:\/\/iberoid-shop.com\/pt\/product\/testosterona-depot-galenika-10-ampollas\/","title":{"rendered":"Testosterona Depot &#8211; Galenika- 5 ampollas"},"content":{"rendered":"<p>Testosterona Depo Galenika (250 mg\/ml) 1 ml<\/p>\n<p>Testosteron Depo Galenika (250 mg \/ ml) 1 ml \u2013 uma droga hormonal sint\u00e9tica, cujo objetivo principal \u00e9 o desenvolvimento e crescimento muscular do atleta.<\/p>\n<p>Testosterona \u2013 o horm\u00f4nio sexual masculino. \u00c9 muito importante nos esportes, incluindo a muscula\u00e7\u00e3o. Portanto, muitos atletas com o objetivo de acelerar o crescimento do horm\u00f4nio sint\u00e9tico testosterona tomaram o tecido muscular.<\/p>\n<p>A droga \u00e9 rapidamente absorvida no sangue e tem um efeito pronunciado nas propriedades do corpo.<\/p>\n<p>Quando os n\u00edveis sangu\u00edneos de testosterona sint\u00e9tica s\u00e3o usados \u200b\u200bpodem flutuar consideravelmente. Isto \u00e9 principalmente devido \u00e0 testosterona natural e entra no corpo do lado de fora.<\/p>\n<p>Curso de testosterona<\/p>\n<p>Claro que receber o medicamento recomendado por muitos especialistas \u00e9 de 3 a 4 semanas.<\/p>\n<p>Se o medicamento estiver na forma de inje\u00e7\u00f5es, voc\u00ea deve ser administrado na n\u00e1dega ou na parte externa da coxa. N\u00e3o injete o medicamento por via intravenosa.<\/p>\n<p>A maioria dos fisiculturistas fica por 4-6 semanas, depois faz uma pausa obrigat\u00f3ria.<\/p>\n<p>Doses de testosterona<\/p>\n<p>A dose ideal da droga \u2013 50 mg por dia.<\/p>\n<p>prepara\u00e7\u00e3o mais preferida na forma de injec\u00e7\u00f5es, tal como na forma de absor\u00e7\u00e3o r\u00e1pida do f\u00e1rmaco no sangue.<\/p>\n<p>Para um conjunto de massa muscular, a testosterona \u00e9 bem combinada com Anadrol, Dianabol, nandrolona, \u200b\u200btrembolona.<\/p>\n<p>Exemplos de tais doses talvez 250 mg por semana de nandrolona. N\u00e3o se esque\u00e7a do uso de anti-estrog\u00eanios.<\/p>\n<p>Para o \u201ccorpo seco\u201d, voc\u00ea pode usar Winstrol ou Anavar em altas doses.<\/p>","protected":false},"excerpt":{"rendered":"<p>Testosterona Depo Galenika (250 mg\/ml) 1 ml Testosteron Depo Galenika (250 mg \/ ml) 1 ml \u2013 uma droga hormonal<\/p>\n","protected":false},"featured_media":7718,"comment_status":"open","ping_status":"closed","template":"","meta":[],"product_brand":[],"product_cat":[69],"product_tag":[],"class_list":{"0":"post-7717","1":"product","2":"type-product","3":"status-publish","4":"has-post-thumbnail","6":"product_cat-esteroides_inyectables","8":"first","9":"outofstock","10":"sale","11":"shipping-taxable","12":"purchasable","13":"product-type-simple"},"yoast_head":"<!-- This site is optimized with the Yoast SEO Premium plugin v24.4 (Yoast SEO v27.3) - https:\/\/yoast.com\/product\/yoast-seo-premium-wordpress\/ -->\n<title>Testosterona Depot - Galenika- 5 ampollas - Ester\u00f3ides Online<\/title>\n<meta name=\"robots\" content=\"index, follow, max-snippet:-1, max-image-preview:large, max-video-preview:-1\" \/>\n<link rel=\"canonical\" href=\"https:\/\/iberoid-shop.com\/pt\/product\/testosterona-depot-galenika-10-ampollas\/\" \/>\n<meta property=\"og:locale\" content=\"pt_PT\" \/>\n<meta property=\"og:type\" content=\"article\" \/>\n<meta property=\"og:title\" content=\"Testosterona Depot - Galenika- 5 ampollas\" \/>\n<meta property=\"og:description\" content=\"Testosterona Depo Galenika (250 mg\/ml) 1 ml Testosteron Depo Galenika (250 mg \/ ml) 1 ml \u2013 uma droga hormonal\" \/>\n<meta property=\"og:url\" content=\"https:\/\/iberoid-shop.com\/pt\/product\/testosterona-depot-galenika-10-ampollas\/\" \/>\n<meta property=\"og:site_name\" content=\"Ester\u00f3ides Online\" \/>\n<meta property=\"article:modified_time\" content=\"2023-03-21T14:03:55+00:00\" \/>\n<meta property=\"og:image\" content=\"https:\/\/iberoid-shop.com\/wp-content\/uploads\/2022\/06\/testosterona-depo-galenika.jpg?v=1678119889\" \/>\n\t<meta property=\"og:image:width\" content=\"600\" \/>\n\t<meta property=\"og:image:height\" content=\"400\" \/>\n\t<meta property=\"og:image:type\" content=\"image\/jpeg\" \/>\n<meta name=\"twitter:card\" content=\"summary_large_image\" \/>\n<meta name=\"twitter:label1\" content=\"pre\u00e7o\" \/>\n\t<meta name=\"twitter:data1\" content=\"&euro;10.00\" \/>\n\t<meta name=\"twitter:label2\" content=\"Disponibilidade\" \/>\n\t<meta name=\"twitter:data2\" content=\"Esgotado\" \/>\n<script type=\"application\/ld+json\" class=\"yoast-schema-graph\">{\"@context\":\"https:\\\/\\\/schema.org\",\"@graph\":[{\"@type\":\"WebPage\",\"@id\":\"https:\\\/\\\/iberoid-shop.com\\\/pt\\\/product\\\/testosterona-depot-galenika-10-ampollas\\\/\",\"url\":\"https:\\\/\\\/iberoid-shop.com\\\/pt\\\/product\\\/testosterona-depot-galenika-10-ampollas\\\/\",\"name\":\"Testosterona Depot - Galenika- 5 ampollas - Ester\u00f3ides Online\",\"isPartOf\":{\"@id\":\"https:\\\/\\\/iberoid-shop.com\\\/pt\\\/#website\"},\"primaryImageOfPage\":{\"@id\":\"https:\\\/\\\/iberoid-shop.com\\\/pt\\\/product\\\/testosterona-depot-galenika-10-ampollas\\\/#primaryimage\"},\"image\":{\"@id\":\"https:\\\/\\\/iberoid-shop.com\\\/pt\\\/product\\\/testosterona-depot-galenika-10-ampollas\\\/#primaryimage\"},\"thumbnailUrl\":\"https:\\\/\\\/iberoid-shop.com\\\/wp-content\\\/uploads\\\/2022\\\/06\\\/testosterona-depo-galenika.jpg?v=1678119889\",\"datePublished\":\"2022-06-04T12:38:43+00:00\",\"dateModified\":\"2023-03-21T14:03:55+00:00\",\"breadcrumb\":{\"@id\":\"https:\\\/\\\/iberoid-shop.com\\\/pt\\\/product\\\/testosterona-depot-galenika-10-ampollas\\\/#breadcrumb\"},\"inLanguage\":\"pt-PT\",\"potentialAction\":[{\"@type\":\"ReadAction\",\"target\":[[\"https:\\\/\\\/iberoid-shop.com\\\/pt\\\/product\\\/testosterona-depot-galenika-10-ampollas\\\/\"]]}]},{\"@type\":\"ImageObject\",\"inLanguage\":\"pt-PT\",\"@id\":\"https:\\\/\\\/iberoid-shop.com\\\/pt\\\/product\\\/testosterona-depot-galenika-10-ampollas\\\/#primaryimage\",\"url\":\"https:\\\/\\\/iberoid-shop.com\\\/wp-content\\\/uploads\\\/2022\\\/06\\\/testosterona-depo-galenika.jpg?v=1678119889\",\"contentUrl\":\"https:\\\/\\\/iberoid-shop.com\\\/wp-content\\\/uploads\\\/2022\\\/06\\\/testosterona-depo-galenika.jpg?v=1678119889\",\"width\":600,\"height\":400},{\"@type\":\"BreadcrumbList\",\"@id\":\"https:\\\/\\\/iberoid-shop.com\\\/pt\\\/product\\\/testosterona-depot-galenika-10-ampollas\\\/#breadcrumb\",\"itemListElement\":[{\"@type\":\"ListItem\",\"position\":1,\"name\":\"Portada\",\"item\":\"https:\\\/\\\/iberoid-shop.com\\\/pt\\\/\"},{\"@type\":\"ListItem\",\"position\":2,\"name\":\"Loja\",\"item\":\"https:\\\/\\\/iberoid-shop.com\\\/pt\\\/shop\\\/\"},{\"@type\":\"ListItem\",\"position\":3,\"name\":\"Testosterona Depot &#8211; Galenika- 5 ampollas\"}]},{\"@type\":\"WebSite\",\"@id\":\"https:\\\/\\\/iberoid-shop.com\\\/pt\\\/#website\",\"url\":\"https:\\\/\\\/iberoid-shop.com\\\/pt\\\/\",\"name\":\"Ester\u00f3ides Online\",\"description\":\"Compre ester\u00f3ides online hoje em Espanha e Portugal. Temos o melhor servi\u00e7o ao cliente do setor e produtos da mais alta qualidade\",\"potentialAction\":[{\"@type\":\"SearchAction\",\"target\":{\"@type\":\"EntryPoint\",\"urlTemplate\":\"https:\\\/\\\/iberoid-shop.com\\\/pt\\\/?s={search_term_string}\"},\"query-input\":{\"@type\":\"PropertyValueSpecification\",\"valueRequired\":true,\"valueName\":\"search_term_string\"}}],\"inLanguage\":\"pt-PT\"}]}<\/script>\n<meta property=\"product:price:amount\" content=\"10.00\" \/>\n<meta property=\"product:price:currency\" content=\"EUR\" \/>\n<meta property=\"og:availability\" content=\"out of stock\" \/>\n<meta property=\"product:availability\" content=\"out of stock\" \/>\n<meta property=\"product:condition\" content=\"new\" \/>\n<!-- \/ Yoast SEO Premium plugin. -->","yoast_head_json":{"title":"Testosterona Depot - Galenika- 5 ampollas - Ester\u00f3ides Online","robots":{"index":"index","follow":"follow","max-snippet":"max-snippet:-1","max-image-preview":"max-image-preview:large","max-video-preview":"max-video-preview:-1"},"canonical":"https:\/\/iberoid-shop.com\/pt\/product\/testosterona-depot-galenika-10-ampollas\/","og_locale":"pt_PT","og_type":"article","og_title":"Testosterona Depot - Galenika- 5 ampollas","og_description":"Testosterona Depo Galenika (250 mg\/ml) 1 ml Testosteron Depo Galenika (250 mg \/ ml) 1 ml \u2013 uma droga hormonal","og_url":"https:\/\/iberoid-shop.com\/pt\/product\/testosterona-depot-galenika-10-ampollas\/","og_site_name":"Ester\u00f3ides Online","article_modified_time":"2023-03-21T14:03:55+00:00","og_image":[{"width":600,"height":400,"url":"https:\/\/iberoid-shop.com\/wp-content\/uploads\/2022\/06\/testosterona-depo-galenika.jpg?v=1678119889","type":"image\/jpeg"}],"twitter_card":"summary_large_image","twitter_misc":{"pre\u00e7o":"&euro;10.00","Disponibilidade":"Esgotado"},"schema":{"@context":"https:\/\/schema.org","@graph":[{"@type":"WebPage","@id":"https:\/\/iberoid-shop.com\/pt\/product\/testosterona-depot-galenika-10-ampollas\/","url":"https:\/\/iberoid-shop.com\/pt\/product\/testosterona-depot-galenika-10-ampollas\/","name":"Testosterona Depot - Galenika- 5 ampollas - Ester\u00f3ides Online","isPartOf":{"@id":"https:\/\/iberoid-shop.com\/pt\/#website"},"primaryImageOfPage":{"@id":"https:\/\/iberoid-shop.com\/pt\/product\/testosterona-depot-galenika-10-ampollas\/#primaryimage"},"image":{"@id":"https:\/\/iberoid-shop.com\/pt\/product\/testosterona-depot-galenika-10-ampollas\/#primaryimage"},"thumbnailUrl":"https:\/\/iberoid-shop.com\/wp-content\/uploads\/2022\/06\/testosterona-depo-galenika.jpg?v=1678119889","datePublished":"2022-06-04T12:38:43+00:00","dateModified":"2023-03-21T14:03:55+00:00","breadcrumb":{"@id":"https:\/\/iberoid-shop.com\/pt\/product\/testosterona-depot-galenika-10-ampollas\/#breadcrumb"},"inLanguage":"pt-PT","potentialAction":[{"@type":"ReadAction","target":[["https:\/\/iberoid-shop.com\/pt\/product\/testosterona-depot-galenika-10-ampollas\/"]]}]},{"@type":"ImageObject","inLanguage":"pt-PT","@id":"https:\/\/iberoid-shop.com\/pt\/product\/testosterona-depot-galenika-10-ampollas\/#primaryimage","url":"https:\/\/iberoid-shop.com\/wp-content\/uploads\/2022\/06\/testosterona-depo-galenika.jpg?v=1678119889","contentUrl":"https:\/\/iberoid-shop.com\/wp-content\/uploads\/2022\/06\/testosterona-depo-galenika.jpg?v=1678119889","width":600,"height":400},{"@type":"BreadcrumbList","@id":"https:\/\/iberoid-shop.com\/pt\/product\/testosterona-depot-galenika-10-ampollas\/#breadcrumb","itemListElement":[{"@type":"ListItem","position":1,"name":"Portada","item":"https:\/\/iberoid-shop.com\/pt\/"},{"@type":"ListItem","position":2,"name":"Loja","item":"https:\/\/iberoid-shop.com\/pt\/shop\/"},{"@type":"ListItem","position":3,"name":"Testosterona Depot &#8211; Galenika- 5 ampollas"}]},{"@type":"WebSite","@id":"https:\/\/iberoid-shop.com\/pt\/#website","url":"https:\/\/iberoid-shop.com\/pt\/","name":"Ester\u00f3ides Online","description":"Compre ester\u00f3ides online hoje em Espanha e Portugal. Temos o melhor servi\u00e7o ao cliente do setor e produtos da mais alta qualidade","potentialAction":[{"@type":"SearchAction","target":{"@type":"EntryPoint","urlTemplate":"https:\/\/iberoid-shop.com\/pt\/?s={search_term_string}"},"query-input":{"@type":"PropertyValueSpecification","valueRequired":true,"valueName":"search_term_string"}}],"inLanguage":"pt-PT"}]},"product_price_amount":"10.00","product_price_currency":"EUR","og_availability":"out of stock","product_availability":"out of stock","product_condition":"new"},"_links":{"self":[{"href":"https:\/\/iberoid-shop.com\/pt\/wp-json\/wp\/v2\/product\/7717","targetHints":{"allow":["GET"]}}],"collection":[{"href":"https:\/\/iberoid-shop.com\/pt\/wp-json\/wp\/v2\/product"}],"about":[{"href":"https:\/\/iberoid-shop.com\/pt\/wp-json\/wp\/v2\/types\/product"}],"replies":[{"embeddable":true,"href":"https:\/\/iberoid-shop.com\/pt\/wp-json\/wp\/v2\/comments?post=7717"}],"wp:featuredmedia":[{"embeddable":true,"href":"https:\/\/iberoid-shop.com\/pt\/wp-json\/wp\/v2\/media\/7718"}],"wp:attachment":[{"href":"https:\/\/iberoid-shop.com\/pt\/wp-json\/wp\/v2\/media?parent=7717"}],"wp:term":[{"taxonomy":"product_brand","embeddable":true,"href":"https:\/\/iberoid-shop.com\/pt\/wp-json\/wp\/v2\/product_brand?post=7717"},{"taxonomy":"product_cat","embeddable":true,"href":"https:\/\/iberoid-shop.com\/pt\/wp-json\/wp\/v2\/product_cat?post=7717"},{"taxonomy":"product_tag","embeddable":true,"href":"https:\/\/iberoid-shop.com\/pt\/wp-json\/wp\/v2\/product_tag?post=7717"}],"curies":[{"name":"wp","href":"https:\/\/api.w.org\/{rel}","templated":true}]}}