{"id":7673,"date":"2022-05-18T11:41:56","date_gmt":"2022-05-18T11:41:56","guid":{"rendered":"https:\/\/iberoid-shop.com\/?post_type=product&#038;p=7673"},"modified":"2026-04-10T08:05:54","modified_gmt":"2026-04-10T08:05:54","slug":"7673","status":"publish","type":"product","link":"https:\/\/iberoid-shop.com\/pt\/product\/7673\/","title":{"rendered":"PACK3 PRIMOGED \/PRIMOBOLAN\/EPF PREMIUM10"},"content":{"rendered":"<p>Primobolan \u00e9 encontrado em formas injet\u00e1veis \u200b\u200be comprimidos. O primobolan injet\u00e1vel \u00e9 chamado de primobolan de dep\u00f3sito. A administra\u00e7\u00e3o de Primobolan n\u00e3o ajuda a aumentar rapidamente a massa e a for\u00e7a muscular, por isso \u00e9 administrada por um longo per\u00edodo de tempo. Ap\u00f3s a administra\u00e7\u00e3o de primobolan, a massa muscular obtida ser\u00e1 de qualidade livre de gordura e sem gordura. A tabela ser\u00e1 mantida na maior parte. Para ser eficaz, deve ser administrado por um longo per\u00edodo de tempo e em grandes quantidades. A solu\u00e7\u00e3o oral deve ser usada por 12 semanas, na dose de pelo menos 500 mg\/semana. Pode ser melhor combinado com o master, outro esteroide muito bom para defini\u00e7\u00e3o.<\/p>\n<p>Uma caracter\u00edstica importante do primobolan \u00e9 que contribui para a queima de gordura. Primobolan tamb\u00e9m auxilia no tratamento de tumores de mama, n\u00e3o sendo necess\u00e1rio o uso de antiestrog\u00eanios durante os ciclos de primobolan. Primobolan pode ser adicionado a c\u00e9lulas ester\u00f3ides com alto grau de ginecomastia, para ajudar a preveni-lo. O primobolan injet\u00e1vel \u00e9 melhor que o injet\u00e1vel porque n\u00e3o passa pelo f\u00edgado e \u00e9 mais eficiente. O primobolan oral n\u00e3o \u00e9 t\u00f3xico para o f\u00edgado. No entanto, \u00e9 necess\u00e1rio administr\u00e1-lo em doses muito altas de 100-200 mg \/ dia. O ciclo de primobolan oral deve durar pelo menos 6 semanas.<\/p>","protected":false},"excerpt":{"rendered":"<p>Primobolan \u00e9 encontrado em formas injet\u00e1veis \u200b\u200be comprimidos. O primobolan injet\u00e1vel \u00e9 chamado de primobolan de dep\u00f3sito. A administra\u00e7\u00e3o de<\/p>\n","protected":false},"featured_media":7674,"comment_status":"open","ping_status":"closed","template":"","meta":[],"product_brand":[],"product_cat":[3474],"product_tag":[],"class_list":{"0":"post-7673","1":"product","2":"type-product","3":"status-publish","4":"has-post-thumbnail","6":"product_cat-packs","8":"first","9":"instock","10":"sale","11":"shipping-taxable","12":"purchasable","13":"product-type-simple"},"yoast_head":"<!-- This site is optimized with the Yoast SEO Premium plugin v24.4 (Yoast SEO v27.0) - https:\/\/yoast.com\/product\/yoast-seo-premium-wordpress\/ -->\n<title>PACK3 PRIMOGED \/PRIMOBOLAN\/EPF PREMIUM10 - Ester\u00f3ides Online<\/title>\n<meta name=\"description\" content=\"Primobolan oferece ganho de m\u00fasculo magro de qualidade ao longo do tempo e auxilia na queima de gordura. Injet\u00e1vel preferido; oral n\u00e3o \u00e9 t\u00f3xico ao f\u00edgado.\" \/>\n<meta name=\"robots\" content=\"index, follow, max-snippet:-1, max-image-preview:large, max-video-preview:-1\" \/>\n<link rel=\"canonical\" href=\"https:\/\/iberoid-shop.com\/pt\/product\/7673\/\" \/>\n<meta property=\"og:locale\" content=\"pt_PT\" \/>\n<meta property=\"og:type\" content=\"article\" \/>\n<meta property=\"og:title\" content=\"PACK3 PRIMOGED \/PRIMOBOLAN\/EPF PREMIUM10\" \/>\n<meta property=\"og:description\" content=\"Primobolan oferece ganho de m\u00fasculo magro de qualidade ao longo do tempo e auxilia na queima de gordura. Injet\u00e1vel preferido; oral n\u00e3o \u00e9 t\u00f3xico ao f\u00edgado.\" \/>\n<meta property=\"og:url\" content=\"https:\/\/iberoid-shop.com\/pt\/product\/7673\/\" \/>\n<meta property=\"og:site_name\" content=\"Ester\u00f3ides Online\" \/>\n<meta property=\"article:modified_time\" content=\"2026-04-10T08:05:54+00:00\" \/>\n<meta property=\"og:image\" content=\"https:\/\/iberoid-shop.com\/wp-content\/uploads\/2022\/05\/PRM.jpg?v=1698649052\" \/>\n\t<meta property=\"og:image:width\" content=\"2321\" \/>\n\t<meta property=\"og:image:height\" content=\"1432\" \/>\n\t<meta property=\"og:image:type\" content=\"image\/jpeg\" \/>\n<meta name=\"twitter:card\" content=\"summary_large_image\" \/>\n<meta name=\"twitter:label1\" content=\"pre\u00e7o\" \/>\n\t<meta name=\"twitter:data1\" content=\"&euro;110.00\" \/>\n\t<meta name=\"twitter:label2\" content=\"Disponibilidade\" \/>\n\t<meta name=\"twitter:data2\" content=\"Em stock\" \/>\n<script type=\"application\/ld+json\" class=\"yoast-schema-graph\">{\"@context\":\"https:\/\/schema.org\",\"@graph\":[{\"@type\":\"WebPage\",\"@id\":\"https:\/\/iberoid-shop.com\/pt\/product\/7673\/\",\"url\":\"https:\/\/iberoid-shop.com\/pt\/product\/7673\/\",\"name\":\"PACK3 PRIMOGED \/PRIMOBOLAN\/EPF PREMIUM10 - Ester\u00f3ides Online\",\"isPartOf\":{\"@id\":\"https:\/\/iberoid-shop.com\/pt\/#website\"},\"primaryImageOfPage\":{\"@id\":\"https:\/\/iberoid-shop.com\/pt\/product\/7673\/#primaryimage\"},\"image\":{\"@id\":\"https:\/\/iberoid-shop.com\/pt\/product\/7673\/#primaryimage\"},\"thumbnailUrl\":\"https:\/\/iberoid-shop.com\/wp-content\/uploads\/2022\/05\/PRM.jpg?v=1698649052\",\"datePublished\":\"2022-05-18T11:41:56+00:00\",\"dateModified\":\"2026-04-10T08:05:54+00:00\",\"description\":\"Primobolan oferece ganho de m\u00fasculo magro de qualidade ao longo do tempo e auxilia na queima de gordura. Injet\u00e1vel preferido; oral n\u00e3o \u00e9 t\u00f3xico ao f\u00edgado.\",\"breadcrumb\":{\"@id\":\"https:\/\/iberoid-shop.com\/pt\/product\/7673\/#breadcrumb\"},\"inLanguage\":\"pt-PT\",\"potentialAction\":[{\"@type\":\"ReadAction\",\"target\":[[\"https:\/\/iberoid-shop.com\/pt\/product\/7673\/\"]]}]},{\"@type\":\"ImageObject\",\"inLanguage\":\"pt-PT\",\"@id\":\"https:\/\/iberoid-shop.com\/pt\/product\/7673\/#primaryimage\",\"url\":\"https:\/\/iberoid-shop.com\/wp-content\/uploads\/2022\/05\/PRM.jpg?v=1698649052\",\"contentUrl\":\"https:\/\/iberoid-shop.com\/wp-content\/uploads\/2022\/05\/PRM.jpg?v=1698649052\",\"width\":2321,\"height\":1432},{\"@type\":\"BreadcrumbList\",\"@id\":\"https:\/\/iberoid-shop.com\/pt\/product\/7673\/#breadcrumb\",\"itemListElement\":[{\"@type\":\"ListItem\",\"position\":1,\"name\":\"Portada\",\"item\":\"https:\/\/iberoid-shop.com\/pt\/\"},{\"@type\":\"ListItem\",\"position\":2,\"name\":\"Loja\",\"item\":\"https:\/\/iberoid-shop.com\/pt\/shop\/\"},{\"@type\":\"ListItem\",\"position\":3,\"name\":\"PACK3 PRIMOGED \/PRIMOBOLAN\/EPF PREMIUM10\"}]},{\"@type\":\"WebSite\",\"@id\":\"https:\/\/iberoid-shop.com\/pt\/#website\",\"url\":\"https:\/\/iberoid-shop.com\/pt\/\",\"name\":\"Ester\u00f3ides Online\",\"description\":\"Compre ester\u00f3ides online hoje em Espanha e Portugal. Temos o melhor servi\u00e7o ao cliente do setor e produtos da mais alta qualidade\",\"potentialAction\":[{\"@type\":\"SearchAction\",\"target\":{\"@type\":\"EntryPoint\",\"urlTemplate\":\"https:\/\/iberoid-shop.com\/pt\/?s={search_term_string}\"},\"query-input\":{\"@type\":\"PropertyValueSpecification\",\"valueRequired\":true,\"valueName\":\"search_term_string\"}}],\"inLanguage\":\"pt-PT\"}]}<\/script>\n<meta property=\"product:brand\" content=\"Euro Prime Pharmaceuticals (EPF)\" \/>\n<meta property=\"product:price:amount\" content=\"110.00\" \/>\n<meta property=\"product:price:currency\" content=\"EUR\" \/>\n<meta property=\"og:availability\" content=\"instock\" \/>\n<meta property=\"product:availability\" content=\"instock\" \/>\n<meta property=\"product:condition\" content=\"new\" \/>\n<!-- \/ Yoast SEO Premium plugin. -->","yoast_head_json":{"title":"PACK3 PRIMOGED \/PRIMOBOLAN\/EPF PREMIUM10 - Ester\u00f3ides Online","description":"Primobolan oferece ganho de m\u00fasculo magro de qualidade ao longo do tempo e auxilia na queima de gordura. Injet\u00e1vel preferido; oral n\u00e3o \u00e9 t\u00f3xico ao f\u00edgado.","robots":{"index":"index","follow":"follow","max-snippet":"max-snippet:-1","max-image-preview":"max-image-preview:large","max-video-preview":"max-video-preview:-1"},"canonical":"https:\/\/iberoid-shop.com\/pt\/product\/7673\/","og_locale":"pt_PT","og_type":"article","og_title":"PACK3 PRIMOGED \/PRIMOBOLAN\/EPF PREMIUM10","og_description":"Primobolan oferece ganho de m\u00fasculo magro de qualidade ao longo do tempo e auxilia na queima de gordura. Injet\u00e1vel preferido; oral n\u00e3o \u00e9 t\u00f3xico ao f\u00edgado.","og_url":"https:\/\/iberoid-shop.com\/pt\/product\/7673\/","og_site_name":"Ester\u00f3ides Online","article_modified_time":"2026-04-10T08:05:54+00:00","og_image":[{"width":2321,"height":1432,"url":"https:\/\/iberoid-shop.com\/wp-content\/uploads\/2022\/05\/PRM.jpg?v=1698649052","type":"image\/jpeg"}],"twitter_card":"summary_large_image","twitter_misc":{"pre\u00e7o":"&euro;110.00","Disponibilidade":"Em stock"},"schema":{"@context":"https:\/\/schema.org","@graph":[{"@type":"WebPage","@id":"https:\/\/iberoid-shop.com\/pt\/product\/7673\/","url":"https:\/\/iberoid-shop.com\/pt\/product\/7673\/","name":"PACK3 PRIMOGED \/PRIMOBOLAN\/EPF PREMIUM10 - Ester\u00f3ides Online","isPartOf":{"@id":"https:\/\/iberoid-shop.com\/pt\/#website"},"primaryImageOfPage":{"@id":"https:\/\/iberoid-shop.com\/pt\/product\/7673\/#primaryimage"},"image":{"@id":"https:\/\/iberoid-shop.com\/pt\/product\/7673\/#primaryimage"},"thumbnailUrl":"https:\/\/iberoid-shop.com\/wp-content\/uploads\/2022\/05\/PRM.jpg?v=1698649052","datePublished":"2022-05-18T11:41:56+00:00","dateModified":"2026-04-10T08:05:54+00:00","description":"Primobolan oferece ganho de m\u00fasculo magro de qualidade ao longo do tempo e auxilia na queima de gordura. Injet\u00e1vel preferido; oral n\u00e3o \u00e9 t\u00f3xico ao f\u00edgado.","breadcrumb":{"@id":"https:\/\/iberoid-shop.com\/pt\/product\/7673\/#breadcrumb"},"inLanguage":"pt-PT","potentialAction":[{"@type":"ReadAction","target":[["https:\/\/iberoid-shop.com\/pt\/product\/7673\/"]]}]},{"@type":"ImageObject","inLanguage":"pt-PT","@id":"https:\/\/iberoid-shop.com\/pt\/product\/7673\/#primaryimage","url":"https:\/\/iberoid-shop.com\/wp-content\/uploads\/2022\/05\/PRM.jpg?v=1698649052","contentUrl":"https:\/\/iberoid-shop.com\/wp-content\/uploads\/2022\/05\/PRM.jpg?v=1698649052","width":2321,"height":1432},{"@type":"BreadcrumbList","@id":"https:\/\/iberoid-shop.com\/pt\/product\/7673\/#breadcrumb","itemListElement":[{"@type":"ListItem","position":1,"name":"Portada","item":"https:\/\/iberoid-shop.com\/pt\/"},{"@type":"ListItem","position":2,"name":"Loja","item":"https:\/\/iberoid-shop.com\/pt\/shop\/"},{"@type":"ListItem","position":3,"name":"PACK3 PRIMOGED \/PRIMOBOLAN\/EPF PREMIUM10"}]},{"@type":"WebSite","@id":"https:\/\/iberoid-shop.com\/pt\/#website","url":"https:\/\/iberoid-shop.com\/pt\/","name":"Ester\u00f3ides Online","description":"Compre ester\u00f3ides online hoje em Espanha e Portugal. Temos o melhor servi\u00e7o ao cliente do setor e produtos da mais alta qualidade","potentialAction":[{"@type":"SearchAction","target":{"@type":"EntryPoint","urlTemplate":"https:\/\/iberoid-shop.com\/pt\/?s={search_term_string}"},"query-input":{"@type":"PropertyValueSpecification","valueRequired":true,"valueName":"search_term_string"}}],"inLanguage":"pt-PT"}]},"product_brand":"Euro Prime Pharmaceuticals (EPF)","product_price_amount":"110.00","product_price_currency":"EUR","og_availability":"instock","product_availability":"instock","product_condition":"new"},"_links":{"self":[{"href":"https:\/\/iberoid-shop.com\/pt\/wp-json\/wp\/v2\/product\/7673","targetHints":{"allow":["GET"]}}],"collection":[{"href":"https:\/\/iberoid-shop.com\/pt\/wp-json\/wp\/v2\/product"}],"about":[{"href":"https:\/\/iberoid-shop.com\/pt\/wp-json\/wp\/v2\/types\/product"}],"replies":[{"embeddable":true,"href":"https:\/\/iberoid-shop.com\/pt\/wp-json\/wp\/v2\/comments?post=7673"}],"wp:featuredmedia":[{"embeddable":true,"href":"https:\/\/iberoid-shop.com\/pt\/wp-json\/wp\/v2\/media\/7674"}],"wp:attachment":[{"href":"https:\/\/iberoid-shop.com\/pt\/wp-json\/wp\/v2\/media?parent=7673"}],"wp:term":[{"taxonomy":"product_brand","embeddable":true,"href":"https:\/\/iberoid-shop.com\/pt\/wp-json\/wp\/v2\/product_brand?post=7673"},{"taxonomy":"product_cat","embeddable":true,"href":"https:\/\/iberoid-shop.com\/pt\/wp-json\/wp\/v2\/product_cat?post=7673"},{"taxonomy":"product_tag","embeddable":true,"href":"https:\/\/iberoid-shop.com\/pt\/wp-json\/wp\/v2\/product_tag?post=7673"}],"curies":[{"name":"wp","href":"https:\/\/api.w.org\/{rel}","templated":true}]}}