{"id":7494,"date":"2022-03-26T18:38:43","date_gmt":"2022-03-26T18:38:43","guid":{"rendered":"https:\/\/iberoid-shop.com\/?post_type=product&#038;p=7494"},"modified":"2023-08-28T14:47:19","modified_gmt":"2023-08-28T14:47:19","slug":"bullforce-sidenafil-200-mg-blister-de-10-pastillas","status":"publish","type":"product","link":"https:\/\/iberoid-shop.com\/pt\/product\/bullforce-sidenafil-200-mg-blister-de-10-pastillas\/","title":{"rendered":"BULLFORCE-SILDENAFIL 200 MG-BLISTERS DE 10 COMPRIMIDOS"},"content":{"rendered":"<p><strong>BULLFORCE-SILDENAFIL 200 MG-BLISTERS DE 10 COMPRIMIDOS<\/strong><\/p>\n<p>Sildenafil \u00e9 usado para tratar problemas de fun\u00e7\u00e3o sexual masculina (impot\u00eancia ou disfun\u00e7\u00e3o er\u00e9til-ED). Em combina\u00e7\u00e3o com a estimula\u00e7\u00e3o sexual, o sildenafil funciona aumentando o fluxo sangu\u00edneo para o p\u00eanis para ajudar o homem a obter e manter uma ere\u00e7\u00e3o.<\/p>\n<p>Para tratar a disfun\u00e7\u00e3o er\u00e9til (DE), tome este medicamento por via oral, geralmente conforme necess\u00e1rio. Tome sildenafil pelo menos 30 minutos, mas n\u00e3o mais de 4 horas, antes da atividade sexual (1 hora antes \u00e9 o mais eficaz). N\u00e3o tome mais de uma vez por dia.<\/p>\n<p>Uma refei\u00e7\u00e3o rica em gordura pode retardar a rapidez com que o medicamento come\u00e7a a funcionar.<\/p>\n<p>VIAGRA (citrato de sildenafil), uma terapia oral para disfun\u00e7\u00e3o er\u00e9til, \u00e9 o sal citrato de sildenafil, um inibidor seletivo da fosfodiesterase tipo 5 (PDE5) espec\u00edfica do monofosfato de guanosina c\u00edclico (cGMP).<\/p>\n<p>VIAGRA \u00e9 formulado como comprimidos revestidos por pel\u00edcula redondos azuis em forma de diamante equivalentes a 25 mg, 50 mg e 100 mg de sildenafil para administra\u00e7\u00e3o oral. Al\u00e9m do ingrediente ativo, citrato de sildenafil, cada comprimido cont\u00e9m os seguintes ingredientes inativos: celulose microcristalina, fosfato de c\u00e1lcio dib\u00e1sico anidro, croscarmelose s\u00f3dica, estearato de magn\u00e9sio, hipromelose, di\u00f3xido de tit\u00e2nio, lactose, triacetina e laca de alum\u00ednio FD&amp;C Blue #.<\/p>","protected":false},"excerpt":{"rendered":"<p>BULLFORCE-SILDENAFIL 200 MG-BLISTERS DE 10 COMPRIMIDOS Sildenafil \u00e9 usado para tratar problemas de fun\u00e7\u00e3o sexual masculina (impot\u00eancia ou disfun\u00e7\u00e3o er\u00e9til-ED).<\/p>\n","protected":false},"featured_media":7495,"comment_status":"open","ping_status":"closed","template":"","meta":[],"product_brand":[],"product_cat":[73],"product_tag":[3484],"class_list":{"0":"post-7494","1":"product","2":"type-product","3":"status-publish","4":"has-post-thumbnail","6":"product_cat-ssteroides_orales","7":"product_tag-sidenafil200-mg","9":"first","10":"outofstock","11":"sale","12":"shipping-taxable","13":"purchasable","14":"product-type-simple"},"yoast_head":"<!-- This site is optimized with the Yoast SEO Premium plugin v24.4 (Yoast SEO v27.3) - https:\/\/yoast.com\/product\/yoast-seo-premium-wordpress\/ -->\n<title>BULLFORCE-SILDENAFIL 200 MG-BLISTERS DE 10 COMPRIMIDOS - Ester\u00f3ides Online<\/title>\n<meta name=\"robots\" content=\"index, follow, max-snippet:-1, max-image-preview:large, max-video-preview:-1\" \/>\n<link rel=\"canonical\" href=\"https:\/\/iberoid-shop.com\/pt\/product\/bullforce-sidenafil-200-mg-blister-de-10-pastillas\/\" \/>\n<meta property=\"og:locale\" content=\"pt_PT\" \/>\n<meta property=\"og:type\" content=\"article\" \/>\n<meta property=\"og:title\" content=\"BULLFORCE-SILDENAFIL 200 MG-BLISTERS DE 10 COMPRIMIDOS\" \/>\n<meta property=\"og:description\" content=\"BULLFORCE-SILDENAFIL 200 MG-BLISTERS DE 10 COMPRIMIDOS Sildenafil \u00e9 usado para tratar problemas de fun\u00e7\u00e3o sexual masculina (impot\u00eancia ou disfun\u00e7\u00e3o er\u00e9til-ED).\" \/>\n<meta property=\"og:url\" content=\"https:\/\/iberoid-shop.com\/pt\/product\/bullforce-sidenafil-200-mg-blister-de-10-pastillas\/\" \/>\n<meta property=\"og:site_name\" content=\"Ester\u00f3ides Online\" \/>\n<meta property=\"article:modified_time\" content=\"2023-08-28T14:47:19+00:00\" \/>\n<meta property=\"og:image\" content=\"https:\/\/iberoid-shop.com\/wp-content\/uploads\/2022\/03\/bull.jpg?v=1678119900\" \/>\n\t<meta property=\"og:image:width\" content=\"1024\" \/>\n\t<meta property=\"og:image:height\" content=\"768\" \/>\n\t<meta property=\"og:image:type\" content=\"image\/jpeg\" \/>\n<meta name=\"twitter:card\" content=\"summary_large_image\" \/>\n<meta name=\"twitter:label1\" content=\"pre\u00e7o\" \/>\n\t<meta name=\"twitter:data1\" content=\"&euro;15.00\" \/>\n\t<meta name=\"twitter:label2\" content=\"Disponibilidade\" \/>\n\t<meta name=\"twitter:data2\" content=\"Esgotado\" \/>\n<script type=\"application\/ld+json\" class=\"yoast-schema-graph\">{\"@context\":\"https:\\\/\\\/schema.org\",\"@graph\":[{\"@type\":\"WebPage\",\"@id\":\"https:\\\/\\\/iberoid-shop.com\\\/pt\\\/product\\\/bullforce-sidenafil-200-mg-blister-de-10-pastillas\\\/\",\"url\":\"https:\\\/\\\/iberoid-shop.com\\\/pt\\\/product\\\/bullforce-sidenafil-200-mg-blister-de-10-pastillas\\\/\",\"name\":\"BULLFORCE-SILDENAFIL 200 MG-BLISTERS DE 10 COMPRIMIDOS - Ester\u00f3ides Online\",\"isPartOf\":{\"@id\":\"https:\\\/\\\/iberoid-shop.com\\\/pt\\\/#website\"},\"primaryImageOfPage\":{\"@id\":\"https:\\\/\\\/iberoid-shop.com\\\/pt\\\/product\\\/bullforce-sidenafil-200-mg-blister-de-10-pastillas\\\/#primaryimage\"},\"image\":{\"@id\":\"https:\\\/\\\/iberoid-shop.com\\\/pt\\\/product\\\/bullforce-sidenafil-200-mg-blister-de-10-pastillas\\\/#primaryimage\"},\"thumbnailUrl\":\"https:\\\/\\\/iberoid-shop.com\\\/wp-content\\\/uploads\\\/2022\\\/03\\\/bull.jpg?v=1678119900\",\"datePublished\":\"2022-03-26T18:38:43+00:00\",\"dateModified\":\"2023-08-28T14:47:19+00:00\",\"breadcrumb\":{\"@id\":\"https:\\\/\\\/iberoid-shop.com\\\/pt\\\/product\\\/bullforce-sidenafil-200-mg-blister-de-10-pastillas\\\/#breadcrumb\"},\"inLanguage\":\"pt-PT\",\"potentialAction\":[{\"@type\":\"ReadAction\",\"target\":[[\"https:\\\/\\\/iberoid-shop.com\\\/pt\\\/product\\\/bullforce-sidenafil-200-mg-blister-de-10-pastillas\\\/\"]]}]},{\"@type\":\"ImageObject\",\"inLanguage\":\"pt-PT\",\"@id\":\"https:\\\/\\\/iberoid-shop.com\\\/pt\\\/product\\\/bullforce-sidenafil-200-mg-blister-de-10-pastillas\\\/#primaryimage\",\"url\":\"https:\\\/\\\/iberoid-shop.com\\\/wp-content\\\/uploads\\\/2022\\\/03\\\/bull.jpg?v=1678119900\",\"contentUrl\":\"https:\\\/\\\/iberoid-shop.com\\\/wp-content\\\/uploads\\\/2022\\\/03\\\/bull.jpg?v=1678119900\",\"width\":1024,\"height\":768},{\"@type\":\"BreadcrumbList\",\"@id\":\"https:\\\/\\\/iberoid-shop.com\\\/pt\\\/product\\\/bullforce-sidenafil-200-mg-blister-de-10-pastillas\\\/#breadcrumb\",\"itemListElement\":[{\"@type\":\"ListItem\",\"position\":1,\"name\":\"Portada\",\"item\":\"https:\\\/\\\/iberoid-shop.com\\\/pt\\\/\"},{\"@type\":\"ListItem\",\"position\":2,\"name\":\"Loja\",\"item\":\"https:\\\/\\\/iberoid-shop.com\\\/pt\\\/shop\\\/\"},{\"@type\":\"ListItem\",\"position\":3,\"name\":\"BULLFORCE-SILDENAFIL 200 MG-BLISTERS DE 10 COMPRIMIDOS\"}]},{\"@type\":\"WebSite\",\"@id\":\"https:\\\/\\\/iberoid-shop.com\\\/pt\\\/#website\",\"url\":\"https:\\\/\\\/iberoid-shop.com\\\/pt\\\/\",\"name\":\"Ester\u00f3ides Online\",\"description\":\"Compre ester\u00f3ides online hoje em Espanha e Portugal. Temos o melhor servi\u00e7o ao cliente do setor e produtos da mais alta qualidade\",\"potentialAction\":[{\"@type\":\"SearchAction\",\"target\":{\"@type\":\"EntryPoint\",\"urlTemplate\":\"https:\\\/\\\/iberoid-shop.com\\\/pt\\\/?s={search_term_string}\"},\"query-input\":{\"@type\":\"PropertyValueSpecification\",\"valueRequired\":true,\"valueName\":\"search_term_string\"}}],\"inLanguage\":\"pt-PT\"}]}<\/script>\n<meta property=\"product:brand\" content=\"Shreen Pharma\" \/>\n<meta property=\"product:price:amount\" content=\"15.00\" \/>\n<meta property=\"product:price:currency\" content=\"EUR\" \/>\n<meta property=\"og:availability\" content=\"out of stock\" \/>\n<meta property=\"product:availability\" content=\"out of stock\" \/>\n<meta property=\"product:condition\" content=\"new\" \/>\n<!-- \/ Yoast SEO Premium plugin. -->","yoast_head_json":{"title":"BULLFORCE-SILDENAFIL 200 MG-BLISTERS DE 10 COMPRIMIDOS - Ester\u00f3ides Online","robots":{"index":"index","follow":"follow","max-snippet":"max-snippet:-1","max-image-preview":"max-image-preview:large","max-video-preview":"max-video-preview:-1"},"canonical":"https:\/\/iberoid-shop.com\/pt\/product\/bullforce-sidenafil-200-mg-blister-de-10-pastillas\/","og_locale":"pt_PT","og_type":"article","og_title":"BULLFORCE-SILDENAFIL 200 MG-BLISTERS DE 10 COMPRIMIDOS","og_description":"BULLFORCE-SILDENAFIL 200 MG-BLISTERS DE 10 COMPRIMIDOS Sildenafil \u00e9 usado para tratar problemas de fun\u00e7\u00e3o sexual masculina (impot\u00eancia ou disfun\u00e7\u00e3o er\u00e9til-ED).","og_url":"https:\/\/iberoid-shop.com\/pt\/product\/bullforce-sidenafil-200-mg-blister-de-10-pastillas\/","og_site_name":"Ester\u00f3ides Online","article_modified_time":"2023-08-28T14:47:19+00:00","og_image":[{"width":1024,"height":768,"url":"https:\/\/iberoid-shop.com\/wp-content\/uploads\/2022\/03\/bull.jpg?v=1678119900","type":"image\/jpeg"}],"twitter_card":"summary_large_image","twitter_misc":{"pre\u00e7o":"&euro;15.00","Disponibilidade":"Esgotado"},"schema":{"@context":"https:\/\/schema.org","@graph":[{"@type":"WebPage","@id":"https:\/\/iberoid-shop.com\/pt\/product\/bullforce-sidenafil-200-mg-blister-de-10-pastillas\/","url":"https:\/\/iberoid-shop.com\/pt\/product\/bullforce-sidenafil-200-mg-blister-de-10-pastillas\/","name":"BULLFORCE-SILDENAFIL 200 MG-BLISTERS DE 10 COMPRIMIDOS - Ester\u00f3ides Online","isPartOf":{"@id":"https:\/\/iberoid-shop.com\/pt\/#website"},"primaryImageOfPage":{"@id":"https:\/\/iberoid-shop.com\/pt\/product\/bullforce-sidenafil-200-mg-blister-de-10-pastillas\/#primaryimage"},"image":{"@id":"https:\/\/iberoid-shop.com\/pt\/product\/bullforce-sidenafil-200-mg-blister-de-10-pastillas\/#primaryimage"},"thumbnailUrl":"https:\/\/iberoid-shop.com\/wp-content\/uploads\/2022\/03\/bull.jpg?v=1678119900","datePublished":"2022-03-26T18:38:43+00:00","dateModified":"2023-08-28T14:47:19+00:00","breadcrumb":{"@id":"https:\/\/iberoid-shop.com\/pt\/product\/bullforce-sidenafil-200-mg-blister-de-10-pastillas\/#breadcrumb"},"inLanguage":"pt-PT","potentialAction":[{"@type":"ReadAction","target":[["https:\/\/iberoid-shop.com\/pt\/product\/bullforce-sidenafil-200-mg-blister-de-10-pastillas\/"]]}]},{"@type":"ImageObject","inLanguage":"pt-PT","@id":"https:\/\/iberoid-shop.com\/pt\/product\/bullforce-sidenafil-200-mg-blister-de-10-pastillas\/#primaryimage","url":"https:\/\/iberoid-shop.com\/wp-content\/uploads\/2022\/03\/bull.jpg?v=1678119900","contentUrl":"https:\/\/iberoid-shop.com\/wp-content\/uploads\/2022\/03\/bull.jpg?v=1678119900","width":1024,"height":768},{"@type":"BreadcrumbList","@id":"https:\/\/iberoid-shop.com\/pt\/product\/bullforce-sidenafil-200-mg-blister-de-10-pastillas\/#breadcrumb","itemListElement":[{"@type":"ListItem","position":1,"name":"Portada","item":"https:\/\/iberoid-shop.com\/pt\/"},{"@type":"ListItem","position":2,"name":"Loja","item":"https:\/\/iberoid-shop.com\/pt\/shop\/"},{"@type":"ListItem","position":3,"name":"BULLFORCE-SILDENAFIL 200 MG-BLISTERS DE 10 COMPRIMIDOS"}]},{"@type":"WebSite","@id":"https:\/\/iberoid-shop.com\/pt\/#website","url":"https:\/\/iberoid-shop.com\/pt\/","name":"Ester\u00f3ides Online","description":"Compre ester\u00f3ides online hoje em Espanha e Portugal. Temos o melhor servi\u00e7o ao cliente do setor e produtos da mais alta qualidade","potentialAction":[{"@type":"SearchAction","target":{"@type":"EntryPoint","urlTemplate":"https:\/\/iberoid-shop.com\/pt\/?s={search_term_string}"},"query-input":{"@type":"PropertyValueSpecification","valueRequired":true,"valueName":"search_term_string"}}],"inLanguage":"pt-PT"}]},"product_brand":"Shreen Pharma","product_price_amount":"15.00","product_price_currency":"EUR","og_availability":"out of stock","product_availability":"out of stock","product_condition":"new"},"_links":{"self":[{"href":"https:\/\/iberoid-shop.com\/pt\/wp-json\/wp\/v2\/product\/7494","targetHints":{"allow":["GET"]}}],"collection":[{"href":"https:\/\/iberoid-shop.com\/pt\/wp-json\/wp\/v2\/product"}],"about":[{"href":"https:\/\/iberoid-shop.com\/pt\/wp-json\/wp\/v2\/types\/product"}],"replies":[{"embeddable":true,"href":"https:\/\/iberoid-shop.com\/pt\/wp-json\/wp\/v2\/comments?post=7494"}],"wp:featuredmedia":[{"embeddable":true,"href":"https:\/\/iberoid-shop.com\/pt\/wp-json\/wp\/v2\/media\/7495"}],"wp:attachment":[{"href":"https:\/\/iberoid-shop.com\/pt\/wp-json\/wp\/v2\/media?parent=7494"}],"wp:term":[{"taxonomy":"product_brand","embeddable":true,"href":"https:\/\/iberoid-shop.com\/pt\/wp-json\/wp\/v2\/product_brand?post=7494"},{"taxonomy":"product_cat","embeddable":true,"href":"https:\/\/iberoid-shop.com\/pt\/wp-json\/wp\/v2\/product_cat?post=7494"},{"taxonomy":"product_tag","embeddable":true,"href":"https:\/\/iberoid-shop.com\/pt\/wp-json\/wp\/v2\/product_tag?post=7494"}],"curies":[{"name":"wp","href":"https:\/\/api.w.org\/{rel}","templated":true}]}}