{"id":7479,"date":"2022-03-21T20:43:43","date_gmt":"2022-03-21T20:43:43","guid":{"rendered":"https:\/\/iberoid-shop.com\/?post_type=product&#038;p=7479"},"modified":"2025-12-14T10:42:21","modified_gmt":"2025-12-14T10:42:21","slug":"anastrozol-1-mg-anastroged-epf-100-tablets","status":"publish","type":"product","link":"https:\/\/iberoid-shop.com\/pt\/product\/anastrozol-1-mg-anastroged-epf-100-tablets\/","title":{"rendered":"anastrozol 1 mg &#8211; anastroged 100 tablets-EPF"},"content":{"rendered":"<p>Anastroged\u00a0\u00e9 um medicamento com efeito antiestrog\u00eanico e \u00e9 produzido em comprimidos para administra\u00e7\u00e3o oral. A subst\u00e2ncia ativa, Anastrozol, \u00e9 utilizada para eliminar rea\u00e7\u00f5es colaterais de natureza estrog\u00eanica, como ginecomastia, reten\u00e7\u00e3o de l\u00edquidos no corpo e outras. O anastrozol \u00e9 um poderoso agente com alta atividade antiestrog\u00eanica e supera muitos medicamentos desse tipo. \u00c9 imposs\u00edvel comprar Anastrozol em uma farm\u00e1cia sem receita m\u00e9dica, mas est\u00e1 sempre dispon\u00edvel para compra nos EUA em nosso site.<\/p>\n<p>A efic\u00e1cia do Anastrozol<\/p>\n<p>As principais propriedades do Anastrozol s\u00e3o:<\/p>\n<p>Suprime rapidamente a aromatiza\u00e7\u00e3o;<br \/>\nPossui uma poderosa propriedade inibit\u00f3ria;<br \/>\nSuprime mais da metade dos estrog\u00eanios;<br \/>\nAumenta a produ\u00e7\u00e3o de testosterona natural;<br \/>\nN\u00e3o tem efeito estrog\u00eanico e efeito progestog\u00eanico;<br \/>\nPossui alta absor\u00e7\u00e3o;<br \/>\nN\u00e3o \u00e9 um medicamento ester\u00f3ide.<br \/>\nComo usar o Anastrozol<\/p>\n<p>O medicamento \u00e9 recomendado para uso por atletas experientes que usam longos cursos de ester\u00f3ides em alta dosagem. A droga n\u00e3o deve ser tomada por mulheres devido a uma poss\u00edvel viola\u00e7\u00e3o do n\u00edvel de horm\u00f4nios no corpo, pois isso pode levar a problemas de sa\u00fade significativos.<\/p>\n<p>O anastrozol pode ser tomado para fins terap\u00eauticos na dose de 0,25mg por dia ou para eliminar os efeitos colaterais que j\u00e1 ocorreram ao tomar medicamentos ester\u00f3ides. A dosagem di\u00e1ria ideal do medicamento \u00e9 de 0,5 mg a 1 mg. Ao tomar este medicamento, \u00e9 necess\u00e1rio excluir o uso de \u00e1lcool. Anastrozol deve ser tomado com o est\u00f4mago vazio, regado com uma quantidade abundante de \u00e1gua.<\/p>","protected":false},"excerpt":{"rendered":"<p>Anastroged\u00a0\u00e9 um medicamento com efeito antiestrog\u00eanico e \u00e9 produzido em comprimidos para administra\u00e7\u00e3o oral. A subst\u00e2ncia ativa, Anastrozol, \u00e9 utilizada<\/p>\n","protected":false},"featured_media":7480,"comment_status":"open","ping_status":"closed","template":"","meta":[],"product_brand":[],"product_cat":[73],"product_tag":[],"class_list":{"0":"post-7479","1":"product","2":"type-product","3":"status-publish","4":"has-post-thumbnail","6":"product_cat-ssteroides_orales","8":"first","9":"outofstock","10":"shipping-taxable","11":"purchasable","12":"product-type-simple"},"yoast_head":"<!-- This site is optimized with the Yoast SEO Premium plugin v24.4 (Yoast SEO v27.3) - https:\/\/yoast.com\/product\/yoast-seo-premium-wordpress\/ -->\n<title>anastrozol 1 mg - anastroged 100 tablets-EPF - Ester\u00f3ides Online<\/title>\n<meta name=\"description\" content=\"Anastroged (Anastrozol) \u00e9 um potente antiestrog\u00eanico oral que reduz a aromatiza\u00e7\u00e3o, aumenta a testosterona e previne efeitos colaterais estrog\u00eanicos.\" \/>\n<meta name=\"robots\" content=\"index, follow, max-snippet:-1, max-image-preview:large, max-video-preview:-1\" \/>\n<link rel=\"canonical\" href=\"https:\/\/iberoid-shop.com\/pt\/product\/anastrozol-1-mg-anastroged-epf-100-tablets\/\" \/>\n<meta property=\"og:locale\" content=\"pt_PT\" \/>\n<meta property=\"og:type\" content=\"article\" \/>\n<meta property=\"og:title\" content=\"anastrozol 1 mg - anastroged 100 tablets-EPF\" \/>\n<meta property=\"og:description\" content=\"Anastroged (Anastrozol) \u00e9 um potente antiestrog\u00eanico oral que reduz a aromatiza\u00e7\u00e3o, aumenta a testosterona e previne efeitos colaterais estrog\u00eanicos.\" \/>\n<meta property=\"og:url\" content=\"https:\/\/iberoid-shop.com\/pt\/product\/anastrozol-1-mg-anastroged-epf-100-tablets\/\" \/>\n<meta property=\"og:site_name\" content=\"Ester\u00f3ides Online\" \/>\n<meta property=\"article:modified_time\" content=\"2025-12-14T10:42:21+00:00\" \/>\n<meta property=\"og:image\" content=\"https:\/\/iberoid-shop.com\/wp-content\/uploads\/2022\/03\/epf_anastroged-550x413w.jpg?v=1678119901\" \/>\n\t<meta property=\"og:image:width\" content=\"550\" \/>\n\t<meta property=\"og:image:height\" content=\"413\" \/>\n\t<meta property=\"og:image:type\" content=\"image\/jpeg\" \/>\n<meta name=\"twitter:card\" content=\"summary_large_image\" \/>\n<meta name=\"twitter:label1\" content=\"pre\u00e7o\" \/>\n\t<meta name=\"twitter:data1\" content=\"&euro;60.00\" \/>\n\t<meta name=\"twitter:label2\" content=\"Disponibilidade\" \/>\n\t<meta name=\"twitter:data2\" content=\"Esgotado\" \/>\n<script type=\"application\/ld+json\" class=\"yoast-schema-graph\">{\"@context\":\"https:\\\/\\\/schema.org\",\"@graph\":[{\"@type\":\"WebPage\",\"@id\":\"https:\\\/\\\/iberoid-shop.com\\\/pt\\\/product\\\/anastrozol-1-mg-anastroged-epf-100-tablets\\\/\",\"url\":\"https:\\\/\\\/iberoid-shop.com\\\/pt\\\/product\\\/anastrozol-1-mg-anastroged-epf-100-tablets\\\/\",\"name\":\"anastrozol 1 mg - anastroged 100 tablets-EPF - Ester\u00f3ides Online\",\"isPartOf\":{\"@id\":\"https:\\\/\\\/iberoid-shop.com\\\/pt\\\/#website\"},\"primaryImageOfPage\":{\"@id\":\"https:\\\/\\\/iberoid-shop.com\\\/pt\\\/product\\\/anastrozol-1-mg-anastroged-epf-100-tablets\\\/#primaryimage\"},\"image\":{\"@id\":\"https:\\\/\\\/iberoid-shop.com\\\/pt\\\/product\\\/anastrozol-1-mg-anastroged-epf-100-tablets\\\/#primaryimage\"},\"thumbnailUrl\":\"https:\\\/\\\/iberoid-shop.com\\\/wp-content\\\/uploads\\\/2022\\\/03\\\/epf_anastroged-550x413w.jpg?v=1678119901\",\"datePublished\":\"2022-03-21T20:43:43+00:00\",\"dateModified\":\"2025-12-14T10:42:21+00:00\",\"description\":\"Anastroged (Anastrozol) \u00e9 um potente antiestrog\u00eanico oral que reduz a aromatiza\u00e7\u00e3o, aumenta a testosterona e previne efeitos colaterais estrog\u00eanicos.\",\"breadcrumb\":{\"@id\":\"https:\\\/\\\/iberoid-shop.com\\\/pt\\\/product\\\/anastrozol-1-mg-anastroged-epf-100-tablets\\\/#breadcrumb\"},\"inLanguage\":\"pt-PT\",\"potentialAction\":[{\"@type\":\"ReadAction\",\"target\":[[\"https:\\\/\\\/iberoid-shop.com\\\/pt\\\/product\\\/anastrozol-1-mg-anastroged-epf-100-tablets\\\/\"]]}]},{\"@type\":\"ImageObject\",\"inLanguage\":\"pt-PT\",\"@id\":\"https:\\\/\\\/iberoid-shop.com\\\/pt\\\/product\\\/anastrozol-1-mg-anastroged-epf-100-tablets\\\/#primaryimage\",\"url\":\"https:\\\/\\\/iberoid-shop.com\\\/wp-content\\\/uploads\\\/2022\\\/03\\\/epf_anastroged-550x413w.jpg?v=1678119901\",\"contentUrl\":\"https:\\\/\\\/iberoid-shop.com\\\/wp-content\\\/uploads\\\/2022\\\/03\\\/epf_anastroged-550x413w.jpg?v=1678119901\",\"width\":550,\"height\":413},{\"@type\":\"BreadcrumbList\",\"@id\":\"https:\\\/\\\/iberoid-shop.com\\\/pt\\\/product\\\/anastrozol-1-mg-anastroged-epf-100-tablets\\\/#breadcrumb\",\"itemListElement\":[{\"@type\":\"ListItem\",\"position\":1,\"name\":\"Portada\",\"item\":\"https:\\\/\\\/iberoid-shop.com\\\/pt\\\/\"},{\"@type\":\"ListItem\",\"position\":2,\"name\":\"Loja\",\"item\":\"https:\\\/\\\/iberoid-shop.com\\\/pt\\\/shop\\\/\"},{\"@type\":\"ListItem\",\"position\":3,\"name\":\"anastrozol 1 mg &#8211; anastroged 100 tablets-EPF\"}]},{\"@type\":\"WebSite\",\"@id\":\"https:\\\/\\\/iberoid-shop.com\\\/pt\\\/#website\",\"url\":\"https:\\\/\\\/iberoid-shop.com\\\/pt\\\/\",\"name\":\"Ester\u00f3ides Online\",\"description\":\"Compre ester\u00f3ides online hoje em Espanha e Portugal. Temos o melhor servi\u00e7o ao cliente do setor e produtos da mais alta qualidade\",\"potentialAction\":[{\"@type\":\"SearchAction\",\"target\":{\"@type\":\"EntryPoint\",\"urlTemplate\":\"https:\\\/\\\/iberoid-shop.com\\\/pt\\\/?s={search_term_string}\"},\"query-input\":{\"@type\":\"PropertyValueSpecification\",\"valueRequired\":true,\"valueName\":\"search_term_string\"}}],\"inLanguage\":\"pt-PT\"}]}<\/script>\n<meta property=\"product:brand\" content=\"Euro Prime Pharmaceuticals (EPF)\" \/>\n<meta property=\"product:price:amount\" content=\"60.00\" \/>\n<meta property=\"product:price:currency\" content=\"EUR\" \/>\n<meta property=\"og:availability\" content=\"out of stock\" \/>\n<meta property=\"product:availability\" content=\"out of stock\" \/>\n<meta property=\"product:condition\" content=\"new\" \/>\n<!-- \/ Yoast SEO Premium plugin. -->","yoast_head_json":{"title":"anastrozol 1 mg - anastroged 100 tablets-EPF - Ester\u00f3ides Online","description":"Anastroged (Anastrozol) \u00e9 um potente antiestrog\u00eanico oral que reduz a aromatiza\u00e7\u00e3o, aumenta a testosterona e previne efeitos colaterais estrog\u00eanicos.","robots":{"index":"index","follow":"follow","max-snippet":"max-snippet:-1","max-image-preview":"max-image-preview:large","max-video-preview":"max-video-preview:-1"},"canonical":"https:\/\/iberoid-shop.com\/pt\/product\/anastrozol-1-mg-anastroged-epf-100-tablets\/","og_locale":"pt_PT","og_type":"article","og_title":"anastrozol 1 mg - anastroged 100 tablets-EPF","og_description":"Anastroged (Anastrozol) \u00e9 um potente antiestrog\u00eanico oral que reduz a aromatiza\u00e7\u00e3o, aumenta a testosterona e previne efeitos colaterais estrog\u00eanicos.","og_url":"https:\/\/iberoid-shop.com\/pt\/product\/anastrozol-1-mg-anastroged-epf-100-tablets\/","og_site_name":"Ester\u00f3ides Online","article_modified_time":"2025-12-14T10:42:21+00:00","og_image":[{"width":550,"height":413,"url":"https:\/\/iberoid-shop.com\/wp-content\/uploads\/2022\/03\/epf_anastroged-550x413w.jpg?v=1678119901","type":"image\/jpeg"}],"twitter_card":"summary_large_image","twitter_misc":{"pre\u00e7o":"&euro;60.00","Disponibilidade":"Esgotado"},"schema":{"@context":"https:\/\/schema.org","@graph":[{"@type":"WebPage","@id":"https:\/\/iberoid-shop.com\/pt\/product\/anastrozol-1-mg-anastroged-epf-100-tablets\/","url":"https:\/\/iberoid-shop.com\/pt\/product\/anastrozol-1-mg-anastroged-epf-100-tablets\/","name":"anastrozol 1 mg - anastroged 100 tablets-EPF - Ester\u00f3ides Online","isPartOf":{"@id":"https:\/\/iberoid-shop.com\/pt\/#website"},"primaryImageOfPage":{"@id":"https:\/\/iberoid-shop.com\/pt\/product\/anastrozol-1-mg-anastroged-epf-100-tablets\/#primaryimage"},"image":{"@id":"https:\/\/iberoid-shop.com\/pt\/product\/anastrozol-1-mg-anastroged-epf-100-tablets\/#primaryimage"},"thumbnailUrl":"https:\/\/iberoid-shop.com\/wp-content\/uploads\/2022\/03\/epf_anastroged-550x413w.jpg?v=1678119901","datePublished":"2022-03-21T20:43:43+00:00","dateModified":"2025-12-14T10:42:21+00:00","description":"Anastroged (Anastrozol) \u00e9 um potente antiestrog\u00eanico oral que reduz a aromatiza\u00e7\u00e3o, aumenta a testosterona e previne efeitos colaterais estrog\u00eanicos.","breadcrumb":{"@id":"https:\/\/iberoid-shop.com\/pt\/product\/anastrozol-1-mg-anastroged-epf-100-tablets\/#breadcrumb"},"inLanguage":"pt-PT","potentialAction":[{"@type":"ReadAction","target":[["https:\/\/iberoid-shop.com\/pt\/product\/anastrozol-1-mg-anastroged-epf-100-tablets\/"]]}]},{"@type":"ImageObject","inLanguage":"pt-PT","@id":"https:\/\/iberoid-shop.com\/pt\/product\/anastrozol-1-mg-anastroged-epf-100-tablets\/#primaryimage","url":"https:\/\/iberoid-shop.com\/wp-content\/uploads\/2022\/03\/epf_anastroged-550x413w.jpg?v=1678119901","contentUrl":"https:\/\/iberoid-shop.com\/wp-content\/uploads\/2022\/03\/epf_anastroged-550x413w.jpg?v=1678119901","width":550,"height":413},{"@type":"BreadcrumbList","@id":"https:\/\/iberoid-shop.com\/pt\/product\/anastrozol-1-mg-anastroged-epf-100-tablets\/#breadcrumb","itemListElement":[{"@type":"ListItem","position":1,"name":"Portada","item":"https:\/\/iberoid-shop.com\/pt\/"},{"@type":"ListItem","position":2,"name":"Loja","item":"https:\/\/iberoid-shop.com\/pt\/shop\/"},{"@type":"ListItem","position":3,"name":"anastrozol 1 mg &#8211; anastroged 100 tablets-EPF"}]},{"@type":"WebSite","@id":"https:\/\/iberoid-shop.com\/pt\/#website","url":"https:\/\/iberoid-shop.com\/pt\/","name":"Ester\u00f3ides Online","description":"Compre ester\u00f3ides online hoje em Espanha e Portugal. Temos o melhor servi\u00e7o ao cliente do setor e produtos da mais alta qualidade","potentialAction":[{"@type":"SearchAction","target":{"@type":"EntryPoint","urlTemplate":"https:\/\/iberoid-shop.com\/pt\/?s={search_term_string}"},"query-input":{"@type":"PropertyValueSpecification","valueRequired":true,"valueName":"search_term_string"}}],"inLanguage":"pt-PT"}]},"product_brand":"Euro Prime Pharmaceuticals (EPF)","product_price_amount":"60.00","product_price_currency":"EUR","og_availability":"out of stock","product_availability":"out of stock","product_condition":"new"},"_links":{"self":[{"href":"https:\/\/iberoid-shop.com\/pt\/wp-json\/wp\/v2\/product\/7479","targetHints":{"allow":["GET"]}}],"collection":[{"href":"https:\/\/iberoid-shop.com\/pt\/wp-json\/wp\/v2\/product"}],"about":[{"href":"https:\/\/iberoid-shop.com\/pt\/wp-json\/wp\/v2\/types\/product"}],"replies":[{"embeddable":true,"href":"https:\/\/iberoid-shop.com\/pt\/wp-json\/wp\/v2\/comments?post=7479"}],"wp:featuredmedia":[{"embeddable":true,"href":"https:\/\/iberoid-shop.com\/pt\/wp-json\/wp\/v2\/media\/7480"}],"wp:attachment":[{"href":"https:\/\/iberoid-shop.com\/pt\/wp-json\/wp\/v2\/media?parent=7479"}],"wp:term":[{"taxonomy":"product_brand","embeddable":true,"href":"https:\/\/iberoid-shop.com\/pt\/wp-json\/wp\/v2\/product_brand?post=7479"},{"taxonomy":"product_cat","embeddable":true,"href":"https:\/\/iberoid-shop.com\/pt\/wp-json\/wp\/v2\/product_cat?post=7479"},{"taxonomy":"product_tag","embeddable":true,"href":"https:\/\/iberoid-shop.com\/pt\/wp-json\/wp\/v2\/product_tag?post=7479"}],"curies":[{"name":"wp","href":"https:\/\/api.w.org\/{rel}","templated":true}]}}