{"id":7458,"date":"2022-03-16T14:29:15","date_gmt":"2022-03-16T14:29:15","guid":{"rendered":"https:\/\/iberoid-shop.com\/?post_type=product&#038;p=7458"},"modified":"2022-06-14T19:05:13","modified_gmt":"2022-06-14T19:05:13","slug":"trenbolone-acetate-100mg-cygnus","status":"publish","type":"product","link":"https:\/\/iberoid-shop.com\/pt\/product\/trenbolone-acetate-100mg-cygnus\/","title":{"rendered":"Trenbolone Acetate"},"content":{"rendered":"<p>acetato de trembolona<br \/>\nMesmo se voc\u00ea empilhasse v\u00e1rios ester\u00f3ides anabolizantes e os usasse em conjunto, eles ficariam aqu\u00e9m do que o acetato de trembolona oferece por conta pr\u00f3pria! \u00c9 t\u00e3o poderoso!<br \/>\nA trembolona\u00a0foi descrita pela primeira vez em 1967. Este \u00e9 um ester\u00f3ide anabolizante extremamente forte, 19-nem modifica\u00e7\u00e3o da testosterona, mas com atividade anab\u00f3lica e androg\u00eanica cinco vezes mais forte.<\/p>\n<p>Trembolona \u00e9 um anabolizante ester\u00f3ide. Sendo na verdade um derivado da nandrolona, \u200b\u200ba trembolona \u00e9 notavelmente diferente da \u00faltima em propriedades. Devido \u00e0 natureza da estrutura, a trembolona n\u00e3o \u00e9 exposta \u00e0 5\u03b1-aromatase, mas por si s\u00f3 pode exibir atividade estrog\u00eanica e progestog\u00eanica (a \u00faltima \u00e9 expressa na capacidade de ativar os receptores de progesterona). A trembolona \u00e9 o mais poderoso dos ester\u00f3ides anabolizantes atualmente dispon\u00edveis &#8211; a trembolona n\u00e3o \u00e9 apenas mais de tr\u00eas vezes mais testosterona (e mais de tr\u00eas vezes) do que a nandrolona para estabilizar o receptor de andr\u00f3geno.<\/p>\n<p>Trembolona\u00a0aumenta muito o n\u00edvel do horm\u00f4nio extremamente anab\u00f3lico IGF-1 (fator de crescimento semelhante \u00e0 insulina) no tecido muscular (at\u00e9 200%). E vale a pena notar que n\u00e3o s\u00f3 aumenta os n\u00edveis de IGF-1 no m\u00fasculo em mais de duas vezes, mas tamb\u00e9m faz com que as c\u00e9lulas sat\u00e9lites musculares sejam mais sens\u00edveis ao IGF-1 e outros fatores de crescimento. A quantidade de DNA por c\u00e9lula muscular tamb\u00e9m pode ser significativamente aumentada.<\/p>","protected":false},"excerpt":{"rendered":"<p>acetato de trembolona Mesmo se voc\u00ea empilhasse v\u00e1rios ester\u00f3ides anabolizantes e os usasse em conjunto, eles ficariam aqu\u00e9m do que<\/p>\n","protected":false},"featured_media":7460,"comment_status":"open","ping_status":"closed","template":"","meta":[],"product_brand":[],"product_cat":[69],"product_tag":[],"class_list":{"0":"post-7458","1":"product","2":"type-product","3":"status-publish","4":"has-post-thumbnail","6":"product_cat-esteroides_inyectables","8":"first","9":"outofstock","10":"shipping-taxable","11":"purchasable","12":"product-type-simple"},"yoast_head":"<!-- This site is optimized with the Yoast SEO Premium plugin v24.4 (Yoast SEO v27.0) - https:\/\/yoast.com\/product\/yoast-seo-premium-wordpress\/ -->\n<title>Trenbolone Acetate - Ester\u00f3ides Online<\/title>\n<meta name=\"robots\" content=\"index, follow, max-snippet:-1, max-image-preview:large, max-video-preview:-1\" \/>\n<link rel=\"canonical\" href=\"https:\/\/iberoid-shop.com\/pt\/product\/trenbolone-acetate-100mg-cygnus\/\" \/>\n<meta property=\"og:locale\" content=\"pt_PT\" \/>\n<meta property=\"og:type\" content=\"article\" \/>\n<meta property=\"og:title\" content=\"Trenbolone Acetate\" \/>\n<meta property=\"og:description\" content=\"acetato de trembolona Mesmo se voc\u00ea empilhasse v\u00e1rios ester\u00f3ides anabolizantes e os usasse em conjunto, eles ficariam aqu\u00e9m do que\" \/>\n<meta property=\"og:url\" content=\"https:\/\/iberoid-shop.com\/pt\/product\/trenbolone-acetate-100mg-cygnus\/\" \/>\n<meta property=\"og:site_name\" content=\"Ester\u00f3ides Online\" \/>\n<meta property=\"article:modified_time\" content=\"2022-06-14T19:05:13+00:00\" \/>\n<meta property=\"og:image\" content=\"https:\/\/iberoid-shop.com\/wp-content\/uploads\/2022\/03\/Trenbolone-acetate-100.jpg?v=1678119902\" \/>\n\t<meta property=\"og:image:width\" content=\"1000\" \/>\n\t<meta property=\"og:image:height\" content=\"698\" \/>\n\t<meta property=\"og:image:type\" content=\"image\/jpeg\" \/>\n<meta name=\"twitter:card\" content=\"summary_large_image\" \/>\n<meta name=\"twitter:label1\" content=\"pre\u00e7o\" \/>\n\t<meta name=\"twitter:data1\" content=\"&euro;75.00\" \/>\n\t<meta name=\"twitter:label2\" content=\"Disponibilidade\" \/>\n\t<meta name=\"twitter:data2\" content=\"Esgotado\" \/>\n<script type=\"application\/ld+json\" class=\"yoast-schema-graph\">{\"@context\":\"https:\/\/schema.org\",\"@graph\":[{\"@type\":\"WebPage\",\"@id\":\"https:\/\/iberoid-shop.com\/pt\/product\/trenbolone-acetate-100mg-cygnus\/\",\"url\":\"https:\/\/iberoid-shop.com\/pt\/product\/trenbolone-acetate-100mg-cygnus\/\",\"name\":\"Trenbolone Acetate - Ester\u00f3ides Online\",\"isPartOf\":{\"@id\":\"https:\/\/iberoid-shop.com\/pt\/#website\"},\"primaryImageOfPage\":{\"@id\":\"https:\/\/iberoid-shop.com\/pt\/product\/trenbolone-acetate-100mg-cygnus\/#primaryimage\"},\"image\":{\"@id\":\"https:\/\/iberoid-shop.com\/pt\/product\/trenbolone-acetate-100mg-cygnus\/#primaryimage\"},\"thumbnailUrl\":\"https:\/\/iberoid-shop.com\/wp-content\/uploads\/2022\/03\/Trenbolone-acetate-100.jpg?v=1678119902\",\"datePublished\":\"2022-03-16T14:29:15+00:00\",\"dateModified\":\"2022-06-14T19:05:13+00:00\",\"breadcrumb\":{\"@id\":\"https:\/\/iberoid-shop.com\/pt\/product\/trenbolone-acetate-100mg-cygnus\/#breadcrumb\"},\"inLanguage\":\"pt-PT\",\"potentialAction\":[{\"@type\":\"ReadAction\",\"target\":[[\"https:\/\/iberoid-shop.com\/pt\/product\/trenbolone-acetate-100mg-cygnus\/\"]]}]},{\"@type\":\"ImageObject\",\"inLanguage\":\"pt-PT\",\"@id\":\"https:\/\/iberoid-shop.com\/pt\/product\/trenbolone-acetate-100mg-cygnus\/#primaryimage\",\"url\":\"https:\/\/iberoid-shop.com\/wp-content\/uploads\/2022\/03\/Trenbolone-acetate-100.jpg?v=1678119902\",\"contentUrl\":\"https:\/\/iberoid-shop.com\/wp-content\/uploads\/2022\/03\/Trenbolone-acetate-100.jpg?v=1678119902\",\"width\":1000,\"height\":698},{\"@type\":\"BreadcrumbList\",\"@id\":\"https:\/\/iberoid-shop.com\/pt\/product\/trenbolone-acetate-100mg-cygnus\/#breadcrumb\",\"itemListElement\":[{\"@type\":\"ListItem\",\"position\":1,\"name\":\"Portada\",\"item\":\"https:\/\/iberoid-shop.com\/pt\/\"},{\"@type\":\"ListItem\",\"position\":2,\"name\":\"Loja\",\"item\":\"https:\/\/iberoid-shop.com\/pt\/shop\/\"},{\"@type\":\"ListItem\",\"position\":3,\"name\":\"Trenbolone Acetate\"}]},{\"@type\":\"WebSite\",\"@id\":\"https:\/\/iberoid-shop.com\/pt\/#website\",\"url\":\"https:\/\/iberoid-shop.com\/pt\/\",\"name\":\"Ester\u00f3ides Online\",\"description\":\"Compre ester\u00f3ides online hoje em Espanha e Portugal. Temos o melhor servi\u00e7o ao cliente do setor e produtos da mais alta qualidade\",\"potentialAction\":[{\"@type\":\"SearchAction\",\"target\":{\"@type\":\"EntryPoint\",\"urlTemplate\":\"https:\/\/iberoid-shop.com\/pt\/?s={search_term_string}\"},\"query-input\":{\"@type\":\"PropertyValueSpecification\",\"valueRequired\":true,\"valueName\":\"search_term_string\"}}],\"inLanguage\":\"pt-PT\"}]}<\/script>\n<meta property=\"product:brand\" content=\"Cygnus Pharmaceutical\" \/>\n<meta property=\"product:price:amount\" content=\"75.00\" \/>\n<meta property=\"product:price:currency\" content=\"EUR\" \/>\n<meta property=\"og:availability\" content=\"out of stock\" \/>\n<meta property=\"product:availability\" content=\"out of stock\" \/>\n<meta property=\"product:condition\" content=\"new\" \/>\n<!-- \/ Yoast SEO Premium plugin. -->","yoast_head_json":{"title":"Trenbolone Acetate - Ester\u00f3ides Online","robots":{"index":"index","follow":"follow","max-snippet":"max-snippet:-1","max-image-preview":"max-image-preview:large","max-video-preview":"max-video-preview:-1"},"canonical":"https:\/\/iberoid-shop.com\/pt\/product\/trenbolone-acetate-100mg-cygnus\/","og_locale":"pt_PT","og_type":"article","og_title":"Trenbolone Acetate","og_description":"acetato de trembolona Mesmo se voc\u00ea empilhasse v\u00e1rios ester\u00f3ides anabolizantes e os usasse em conjunto, eles ficariam aqu\u00e9m do que","og_url":"https:\/\/iberoid-shop.com\/pt\/product\/trenbolone-acetate-100mg-cygnus\/","og_site_name":"Ester\u00f3ides Online","article_modified_time":"2022-06-14T19:05:13+00:00","og_image":[{"width":1000,"height":698,"url":"https:\/\/iberoid-shop.com\/wp-content\/uploads\/2022\/03\/Trenbolone-acetate-100.jpg?v=1678119902","type":"image\/jpeg"}],"twitter_card":"summary_large_image","twitter_misc":{"pre\u00e7o":"&euro;75.00","Disponibilidade":"Esgotado"},"schema":{"@context":"https:\/\/schema.org","@graph":[{"@type":"WebPage","@id":"https:\/\/iberoid-shop.com\/pt\/product\/trenbolone-acetate-100mg-cygnus\/","url":"https:\/\/iberoid-shop.com\/pt\/product\/trenbolone-acetate-100mg-cygnus\/","name":"Trenbolone Acetate - Ester\u00f3ides Online","isPartOf":{"@id":"https:\/\/iberoid-shop.com\/pt\/#website"},"primaryImageOfPage":{"@id":"https:\/\/iberoid-shop.com\/pt\/product\/trenbolone-acetate-100mg-cygnus\/#primaryimage"},"image":{"@id":"https:\/\/iberoid-shop.com\/pt\/product\/trenbolone-acetate-100mg-cygnus\/#primaryimage"},"thumbnailUrl":"https:\/\/iberoid-shop.com\/wp-content\/uploads\/2022\/03\/Trenbolone-acetate-100.jpg?v=1678119902","datePublished":"2022-03-16T14:29:15+00:00","dateModified":"2022-06-14T19:05:13+00:00","breadcrumb":{"@id":"https:\/\/iberoid-shop.com\/pt\/product\/trenbolone-acetate-100mg-cygnus\/#breadcrumb"},"inLanguage":"pt-PT","potentialAction":[{"@type":"ReadAction","target":[["https:\/\/iberoid-shop.com\/pt\/product\/trenbolone-acetate-100mg-cygnus\/"]]}]},{"@type":"ImageObject","inLanguage":"pt-PT","@id":"https:\/\/iberoid-shop.com\/pt\/product\/trenbolone-acetate-100mg-cygnus\/#primaryimage","url":"https:\/\/iberoid-shop.com\/wp-content\/uploads\/2022\/03\/Trenbolone-acetate-100.jpg?v=1678119902","contentUrl":"https:\/\/iberoid-shop.com\/wp-content\/uploads\/2022\/03\/Trenbolone-acetate-100.jpg?v=1678119902","width":1000,"height":698},{"@type":"BreadcrumbList","@id":"https:\/\/iberoid-shop.com\/pt\/product\/trenbolone-acetate-100mg-cygnus\/#breadcrumb","itemListElement":[{"@type":"ListItem","position":1,"name":"Portada","item":"https:\/\/iberoid-shop.com\/pt\/"},{"@type":"ListItem","position":2,"name":"Loja","item":"https:\/\/iberoid-shop.com\/pt\/shop\/"},{"@type":"ListItem","position":3,"name":"Trenbolone Acetate"}]},{"@type":"WebSite","@id":"https:\/\/iberoid-shop.com\/pt\/#website","url":"https:\/\/iberoid-shop.com\/pt\/","name":"Ester\u00f3ides Online","description":"Compre ester\u00f3ides online hoje em Espanha e Portugal. Temos o melhor servi\u00e7o ao cliente do setor e produtos da mais alta qualidade","potentialAction":[{"@type":"SearchAction","target":{"@type":"EntryPoint","urlTemplate":"https:\/\/iberoid-shop.com\/pt\/?s={search_term_string}"},"query-input":{"@type":"PropertyValueSpecification","valueRequired":true,"valueName":"search_term_string"}}],"inLanguage":"pt-PT"}]},"product_brand":"Cygnus Pharmaceutical","product_price_amount":"75.00","product_price_currency":"EUR","og_availability":"out of stock","product_availability":"out of stock","product_condition":"new"},"_links":{"self":[{"href":"https:\/\/iberoid-shop.com\/pt\/wp-json\/wp\/v2\/product\/7458","targetHints":{"allow":["GET"]}}],"collection":[{"href":"https:\/\/iberoid-shop.com\/pt\/wp-json\/wp\/v2\/product"}],"about":[{"href":"https:\/\/iberoid-shop.com\/pt\/wp-json\/wp\/v2\/types\/product"}],"replies":[{"embeddable":true,"href":"https:\/\/iberoid-shop.com\/pt\/wp-json\/wp\/v2\/comments?post=7458"}],"wp:featuredmedia":[{"embeddable":true,"href":"https:\/\/iberoid-shop.com\/pt\/wp-json\/wp\/v2\/media\/7460"}],"wp:attachment":[{"href":"https:\/\/iberoid-shop.com\/pt\/wp-json\/wp\/v2\/media?parent=7458"}],"wp:term":[{"taxonomy":"product_brand","embeddable":true,"href":"https:\/\/iberoid-shop.com\/pt\/wp-json\/wp\/v2\/product_brand?post=7458"},{"taxonomy":"product_cat","embeddable":true,"href":"https:\/\/iberoid-shop.com\/pt\/wp-json\/wp\/v2\/product_cat?post=7458"},{"taxonomy":"product_tag","embeddable":true,"href":"https:\/\/iberoid-shop.com\/pt\/wp-json\/wp\/v2\/product_tag?post=7458"}],"curies":[{"name":"wp","href":"https:\/\/api.w.org\/{rel}","templated":true}]}}