{"id":7420,"date":"2022-03-12T14:24:12","date_gmt":"2022-03-12T14:24:12","guid":{"rendered":"https:\/\/iberoid-shop.com\/?post_type=product&#038;p=7420"},"modified":"2022-11-23T21:07:52","modified_gmt":"2022-11-23T21:07:52","slug":"trenbolone-75-sp-laboratories-10-ampollas","status":"publish","type":"product","link":"https:\/\/iberoid-shop.com\/pt\/product\/trenbolone-75-sp-laboratories-10-ampollas\/","title":{"rendered":"SP Trenolone 75"},"content":{"rendered":"<p>Indica\u00e7\u00e3o:<\/p>\n<p>O acetato de trembolona \u00e9 usado para tratar o ganho de peso ap\u00f3s cirurgia extensa, infec\u00e7\u00e3o cr\u00f4nica ou trauma grave. Tamb\u00e9m \u00e9 usado para minimizar a distrofia muscular causada pelo tratamento com corticoster\u00f3ides e para reduzir a dor \u00f3ssea causada pela osteoporose. Trembolona \u00e9 uma parte da classe de ester\u00f3ides anabolizantes. Trembolona 75 causa menos efeitos colaterais. Esta droga n\u00e3o aromatiza e se liga de forma muito eficaz ao receptor de andr\u00f3geno.<\/p>\n<p>Este medicamento \u00e9 um ester\u00f3ide de a\u00e7\u00e3o prolongada, dispon\u00edvel em forma de inje\u00e7\u00e3o. O metabolismo das prote\u00ednas \u00e9 fortemente afetado por esse medicamento. Trembolona 75 ajuda a promover a s\u00edntese de prote\u00ednas e tamb\u00e9m equilibra o n\u00edvel de nitrog\u00eanio no corpo. O metabolismo \u00e9 aumentado e melhora a convers\u00e3o de prote\u00ednas.<\/p>\n<p>Contra-indica\u00e7\u00f5es:<\/p>\n<p>Trembolona 75 n\u00e3o deve ser usado se:<\/p>\n<p>&#8211; voc\u00ea \u00e9 al\u00e9rgico a qualquer ingrediente em trembolona<\/p>\n<p>-se est\u00e1 gr\u00e1vida, a planear dar \u00e0 luz ou est\u00e1 a amamentar<\/p>\n<p>&#8211; voc\u00ea tem c\u00e2ncer de mama e \u00e9 do sexo masculino; c\u00e2ncer de pr\u00f3stata conhecido ou suspeito; ou problemas graves de cora\u00e7\u00e3o, f\u00edgado ou rins<\/p>\n<p>Administra\u00e7\u00e3o:<\/p>\n<p>A dose apropriada usada em homens \u00e9 de 50-100 mg em dias alternados. Muito poucos homens precisar\u00e3o de mais de 100mg em dias alternados durante o per\u00edodo de entressafra. Doses mais altas ser\u00e3o usadas durante os ciclos de corte. Algumas pessoas podem tolerar 100mg todos os dias ou 200mg em dias alternados, mas isso tamb\u00e9m aumenta o risco de efeitos colaterais indesejados. A dose de 50 mg por dia \u00e9 muitas vezes considerada uma dose baixa, mas lembre-se que este \u00e9 um ester\u00f3ide extremamente forte. Esta dose \u00e9 a mais indicada para a maioria dos homens e deve ser muito confort\u00e1vel e proporciona resultados fant\u00e1sticos. Se n\u00e3o funcionar, pode haver algo errado com o seu produto. Durante o ciclo, todos os dias ser\u00e3o os mais eficientes. Injetando-o, todos os dias n\u00e3o ser\u00e1 t\u00e3o eficiente quanto injetado em dias alternados. No entanto, \u00e9 poss\u00edvel injetar o horm\u00f4nio apenas em um ciclo padr\u00e3o de tr\u00eas dias por semana, como todas as segundas, quartas e sextas-feiras.<\/p>\n<p>Precau\u00e7\u00f5es:<\/p>\n<p>A trembolona n\u00e3o deve ser usada se:<\/p>\n<p>Voc\u00ea \u00e9 al\u00e9rgico a qualquer ingrediente em Trembolona<\/p>\n<p>Se estiver gr\u00e1vida, a planear engravidar ou a amamentar<\/p>\n<p>Voc\u00ea tem c\u00e2ncer de mama e \u00e9 do sexo masculino; c\u00e2ncer de pr\u00f3stata conhecido ou suspeito; ou problemas graves de cora\u00e7\u00e3o, f\u00edgado ou rins<\/p>\n<p>Contacte o seu m\u00e9dico ou prestador de cuidados de sa\u00fade imediatamente se alguma destas situa\u00e7\u00f5es se aplicar a si.<\/p>\n<p>Efeitos colaterais:<\/p>\n<p>Se administrado em dose normal Trembolona 75 n\u00e3o pode causar efeitos colaterais. Contacte o seu m\u00e9dico se algum destes efeitos secund\u00e1rios persistir ou se tornar inc\u00f3modo: Acne; gosto amargo ou estranho na boca; mudan\u00e7a no desejo sexual; fadiga; irrita\u00e7\u00e3o da gengiva ou da boca; dor na gengiva; sensibilidade ou incha\u00e7o da gengiva; perda de cabelo; dor de cabe\u00e7a.<\/p>\n<p>Procure atendimento m\u00e9dico imediatamente se algum destes efeitos colaterais graves ocorrer:<\/p>\n<p>Rea\u00e7\u00f5es al\u00e9rgicas graves (erup\u00e7\u00e3o cut\u00e2nea; urtic\u00e1ria; comich\u00e3o; dificuldade em respirar; aperto no peito; incha\u00e7o da boca, face, l\u00e1bios ou l\u00edngua); crescimento ou dor da mama; mudan\u00e7a no tamanho ou forma dos test\u00edculos; urina escura ou evacua\u00e7\u00f5es de cor clara; depress\u00e3o ou altera\u00e7\u00f5es de humor; tontura; gengivite; respira\u00e7\u00e3o interrompida durante o sono; perda de apetite; n\u00e1usea; ere\u00e7\u00e3o dolorosa ou prolongada; dor de est\u00f4mago; incha\u00e7o dos tornozelos ou pernas; problemas de mic\u00e7\u00e3o; ganho de peso; amarelecimento da pele ou dos olhos.<\/p>\n<p>Sobredosagem:<\/p>\n<p>V\u00e1 ao seu centro m\u00e9dico local ou sala de emerg\u00eancia imediatamente. Os sintomas podem incluir confus\u00e3o; fraqueza unilateral; problemas de vis\u00e3o.<\/p>","protected":false},"excerpt":{"rendered":"<p>Indica\u00e7\u00e3o: O acetato de trembolona \u00e9 usado para tratar o ganho de peso ap\u00f3s cirurgia extensa, infec\u00e7\u00e3o cr\u00f4nica ou trauma<\/p>\n","protected":false},"featured_media":7421,"comment_status":"open","ping_status":"closed","template":"","meta":[],"product_brand":[],"product_cat":[69],"product_tag":[],"class_list":{"0":"post-7420","1":"product","2":"type-product","3":"status-publish","4":"has-post-thumbnail","6":"product_cat-esteroides_inyectables","8":"first","9":"outofstock","10":"sale","11":"shipping-taxable","12":"purchasable","13":"product-type-simple"},"yoast_head":"<!-- This site is optimized with the Yoast SEO Premium plugin v24.4 (Yoast SEO v27.3) - https:\/\/yoast.com\/product\/yoast-seo-premium-wordpress\/ -->\n<title>SP Trenolone 75 - Ester\u00f3ides Online<\/title>\n<meta name=\"robots\" content=\"index, follow, max-snippet:-1, max-image-preview:large, max-video-preview:-1\" \/>\n<link rel=\"canonical\" href=\"https:\/\/iberoid-shop.com\/pt\/product\/trenbolone-75-sp-laboratories-10-ampollas\/\" \/>\n<meta property=\"og:locale\" content=\"pt_PT\" \/>\n<meta property=\"og:type\" content=\"article\" \/>\n<meta property=\"og:title\" content=\"SP Trenolone 75\" \/>\n<meta property=\"og:description\" content=\"Indica\u00e7\u00e3o: O acetato de trembolona \u00e9 usado para tratar o ganho de peso ap\u00f3s cirurgia extensa, infec\u00e7\u00e3o cr\u00f4nica ou trauma\" \/>\n<meta property=\"og:url\" content=\"https:\/\/iberoid-shop.com\/pt\/product\/trenbolone-75-sp-laboratories-10-ampollas\/\" \/>\n<meta property=\"og:site_name\" content=\"Ester\u00f3ides Online\" \/>\n<meta property=\"article:modified_time\" content=\"2022-11-23T21:07:52+00:00\" \/>\n<meta property=\"og:image\" content=\"https:\/\/iberoid-shop.com\/wp-content\/uploads\/2022\/03\/trb.jpg?v=1678119910\" \/>\n\t<meta property=\"og:image:width\" content=\"388\" \/>\n\t<meta property=\"og:image:height\" content=\"388\" \/>\n\t<meta property=\"og:image:type\" content=\"image\/jpeg\" \/>\n<meta name=\"twitter:card\" content=\"summary_large_image\" \/>\n<meta name=\"twitter:label1\" content=\"pre\u00e7o\" \/>\n\t<meta name=\"twitter:data1\" content=\"&euro;60.00\" \/>\n\t<meta name=\"twitter:label2\" content=\"Disponibilidade\" \/>\n\t<meta name=\"twitter:data2\" content=\"Esgotado\" \/>\n<script type=\"application\/ld+json\" class=\"yoast-schema-graph\">{\"@context\":\"https:\\\/\\\/schema.org\",\"@graph\":[{\"@type\":\"WebPage\",\"@id\":\"https:\\\/\\\/iberoid-shop.com\\\/pt\\\/product\\\/trenbolone-75-sp-laboratories-10-ampollas\\\/\",\"url\":\"https:\\\/\\\/iberoid-shop.com\\\/pt\\\/product\\\/trenbolone-75-sp-laboratories-10-ampollas\\\/\",\"name\":\"SP Trenolone 75 - Ester\u00f3ides Online\",\"isPartOf\":{\"@id\":\"https:\\\/\\\/iberoid-shop.com\\\/pt\\\/#website\"},\"primaryImageOfPage\":{\"@id\":\"https:\\\/\\\/iberoid-shop.com\\\/pt\\\/product\\\/trenbolone-75-sp-laboratories-10-ampollas\\\/#primaryimage\"},\"image\":{\"@id\":\"https:\\\/\\\/iberoid-shop.com\\\/pt\\\/product\\\/trenbolone-75-sp-laboratories-10-ampollas\\\/#primaryimage\"},\"thumbnailUrl\":\"https:\\\/\\\/iberoid-shop.com\\\/wp-content\\\/uploads\\\/2022\\\/03\\\/trb.jpg?v=1678119910\",\"datePublished\":\"2022-03-12T14:24:12+00:00\",\"dateModified\":\"2022-11-23T21:07:52+00:00\",\"breadcrumb\":{\"@id\":\"https:\\\/\\\/iberoid-shop.com\\\/pt\\\/product\\\/trenbolone-75-sp-laboratories-10-ampollas\\\/#breadcrumb\"},\"inLanguage\":\"pt-PT\",\"potentialAction\":[{\"@type\":\"ReadAction\",\"target\":[[\"https:\\\/\\\/iberoid-shop.com\\\/pt\\\/product\\\/trenbolone-75-sp-laboratories-10-ampollas\\\/\"]]}]},{\"@type\":\"ImageObject\",\"inLanguage\":\"pt-PT\",\"@id\":\"https:\\\/\\\/iberoid-shop.com\\\/pt\\\/product\\\/trenbolone-75-sp-laboratories-10-ampollas\\\/#primaryimage\",\"url\":\"https:\\\/\\\/iberoid-shop.com\\\/wp-content\\\/uploads\\\/2022\\\/03\\\/trb.jpg?v=1678119910\",\"contentUrl\":\"https:\\\/\\\/iberoid-shop.com\\\/wp-content\\\/uploads\\\/2022\\\/03\\\/trb.jpg?v=1678119910\",\"width\":388,\"height\":388},{\"@type\":\"BreadcrumbList\",\"@id\":\"https:\\\/\\\/iberoid-shop.com\\\/pt\\\/product\\\/trenbolone-75-sp-laboratories-10-ampollas\\\/#breadcrumb\",\"itemListElement\":[{\"@type\":\"ListItem\",\"position\":1,\"name\":\"Portada\",\"item\":\"https:\\\/\\\/iberoid-shop.com\\\/pt\\\/\"},{\"@type\":\"ListItem\",\"position\":2,\"name\":\"Loja\",\"item\":\"https:\\\/\\\/iberoid-shop.com\\\/pt\\\/shop\\\/\"},{\"@type\":\"ListItem\",\"position\":3,\"name\":\"SP Trenolone 75\"}]},{\"@type\":\"WebSite\",\"@id\":\"https:\\\/\\\/iberoid-shop.com\\\/pt\\\/#website\",\"url\":\"https:\\\/\\\/iberoid-shop.com\\\/pt\\\/\",\"name\":\"Ester\u00f3ides Online\",\"description\":\"Compre ester\u00f3ides online hoje em Espanha e Portugal. Temos o melhor servi\u00e7o ao cliente do setor e produtos da mais alta qualidade\",\"potentialAction\":[{\"@type\":\"SearchAction\",\"target\":{\"@type\":\"EntryPoint\",\"urlTemplate\":\"https:\\\/\\\/iberoid-shop.com\\\/pt\\\/?s={search_term_string}\"},\"query-input\":{\"@type\":\"PropertyValueSpecification\",\"valueRequired\":true,\"valueName\":\"search_term_string\"}}],\"inLanguage\":\"pt-PT\"}]}<\/script>\n<meta property=\"product:brand\" content=\"SP Laboratories\" \/>\n<meta property=\"product:price:amount\" content=\"60.00\" \/>\n<meta property=\"product:price:currency\" content=\"EUR\" \/>\n<meta property=\"og:availability\" content=\"out of stock\" \/>\n<meta property=\"product:availability\" content=\"out of stock\" \/>\n<meta property=\"product:condition\" content=\"new\" \/>\n<!-- \/ Yoast SEO Premium plugin. -->","yoast_head_json":{"title":"SP Trenolone 75 - Ester\u00f3ides Online","robots":{"index":"index","follow":"follow","max-snippet":"max-snippet:-1","max-image-preview":"max-image-preview:large","max-video-preview":"max-video-preview:-1"},"canonical":"https:\/\/iberoid-shop.com\/pt\/product\/trenbolone-75-sp-laboratories-10-ampollas\/","og_locale":"pt_PT","og_type":"article","og_title":"SP Trenolone 75","og_description":"Indica\u00e7\u00e3o: O acetato de trembolona \u00e9 usado para tratar o ganho de peso ap\u00f3s cirurgia extensa, infec\u00e7\u00e3o cr\u00f4nica ou trauma","og_url":"https:\/\/iberoid-shop.com\/pt\/product\/trenbolone-75-sp-laboratories-10-ampollas\/","og_site_name":"Ester\u00f3ides Online","article_modified_time":"2022-11-23T21:07:52+00:00","og_image":[{"width":388,"height":388,"url":"https:\/\/iberoid-shop.com\/wp-content\/uploads\/2022\/03\/trb.jpg?v=1678119910","type":"image\/jpeg"}],"twitter_card":"summary_large_image","twitter_misc":{"pre\u00e7o":"&euro;60.00","Disponibilidade":"Esgotado"},"schema":{"@context":"https:\/\/schema.org","@graph":[{"@type":"WebPage","@id":"https:\/\/iberoid-shop.com\/pt\/product\/trenbolone-75-sp-laboratories-10-ampollas\/","url":"https:\/\/iberoid-shop.com\/pt\/product\/trenbolone-75-sp-laboratories-10-ampollas\/","name":"SP Trenolone 75 - Ester\u00f3ides Online","isPartOf":{"@id":"https:\/\/iberoid-shop.com\/pt\/#website"},"primaryImageOfPage":{"@id":"https:\/\/iberoid-shop.com\/pt\/product\/trenbolone-75-sp-laboratories-10-ampollas\/#primaryimage"},"image":{"@id":"https:\/\/iberoid-shop.com\/pt\/product\/trenbolone-75-sp-laboratories-10-ampollas\/#primaryimage"},"thumbnailUrl":"https:\/\/iberoid-shop.com\/wp-content\/uploads\/2022\/03\/trb.jpg?v=1678119910","datePublished":"2022-03-12T14:24:12+00:00","dateModified":"2022-11-23T21:07:52+00:00","breadcrumb":{"@id":"https:\/\/iberoid-shop.com\/pt\/product\/trenbolone-75-sp-laboratories-10-ampollas\/#breadcrumb"},"inLanguage":"pt-PT","potentialAction":[{"@type":"ReadAction","target":[["https:\/\/iberoid-shop.com\/pt\/product\/trenbolone-75-sp-laboratories-10-ampollas\/"]]}]},{"@type":"ImageObject","inLanguage":"pt-PT","@id":"https:\/\/iberoid-shop.com\/pt\/product\/trenbolone-75-sp-laboratories-10-ampollas\/#primaryimage","url":"https:\/\/iberoid-shop.com\/wp-content\/uploads\/2022\/03\/trb.jpg?v=1678119910","contentUrl":"https:\/\/iberoid-shop.com\/wp-content\/uploads\/2022\/03\/trb.jpg?v=1678119910","width":388,"height":388},{"@type":"BreadcrumbList","@id":"https:\/\/iberoid-shop.com\/pt\/product\/trenbolone-75-sp-laboratories-10-ampollas\/#breadcrumb","itemListElement":[{"@type":"ListItem","position":1,"name":"Portada","item":"https:\/\/iberoid-shop.com\/pt\/"},{"@type":"ListItem","position":2,"name":"Loja","item":"https:\/\/iberoid-shop.com\/pt\/shop\/"},{"@type":"ListItem","position":3,"name":"SP Trenolone 75"}]},{"@type":"WebSite","@id":"https:\/\/iberoid-shop.com\/pt\/#website","url":"https:\/\/iberoid-shop.com\/pt\/","name":"Ester\u00f3ides Online","description":"Compre ester\u00f3ides online hoje em Espanha e Portugal. Temos o melhor servi\u00e7o ao cliente do setor e produtos da mais alta qualidade","potentialAction":[{"@type":"SearchAction","target":{"@type":"EntryPoint","urlTemplate":"https:\/\/iberoid-shop.com\/pt\/?s={search_term_string}"},"query-input":{"@type":"PropertyValueSpecification","valueRequired":true,"valueName":"search_term_string"}}],"inLanguage":"pt-PT"}]},"product_brand":"SP Laboratories","product_price_amount":"60.00","product_price_currency":"EUR","og_availability":"out of stock","product_availability":"out of stock","product_condition":"new"},"_links":{"self":[{"href":"https:\/\/iberoid-shop.com\/pt\/wp-json\/wp\/v2\/product\/7420","targetHints":{"allow":["GET"]}}],"collection":[{"href":"https:\/\/iberoid-shop.com\/pt\/wp-json\/wp\/v2\/product"}],"about":[{"href":"https:\/\/iberoid-shop.com\/pt\/wp-json\/wp\/v2\/types\/product"}],"replies":[{"embeddable":true,"href":"https:\/\/iberoid-shop.com\/pt\/wp-json\/wp\/v2\/comments?post=7420"}],"wp:featuredmedia":[{"embeddable":true,"href":"https:\/\/iberoid-shop.com\/pt\/wp-json\/wp\/v2\/media\/7421"}],"wp:attachment":[{"href":"https:\/\/iberoid-shop.com\/pt\/wp-json\/wp\/v2\/media?parent=7420"}],"wp:term":[{"taxonomy":"product_brand","embeddable":true,"href":"https:\/\/iberoid-shop.com\/pt\/wp-json\/wp\/v2\/product_brand?post=7420"},{"taxonomy":"product_cat","embeddable":true,"href":"https:\/\/iberoid-shop.com\/pt\/wp-json\/wp\/v2\/product_cat?post=7420"},{"taxonomy":"product_tag","embeddable":true,"href":"https:\/\/iberoid-shop.com\/pt\/wp-json\/wp\/v2\/product_tag?post=7420"}],"curies":[{"name":"wp","href":"https:\/\/api.w.org\/{rel}","templated":true}]}}