{"id":7385,"date":"2022-03-04T20:27:48","date_gmt":"2022-03-04T20:27:48","guid":{"rendered":"https:\/\/iberoid-shop.com\/?post_type=product&#038;p=7385"},"modified":"2022-09-02T00:44:03","modified_gmt":"2022-09-02T00:44:03","slug":"sp-laboratories-enanthate-forte-10ml-500mg-ml","status":"publish","type":"product","link":"https:\/\/iberoid-shop.com\/pt\/product\/sp-laboratories-enanthate-forte-10ml-500mg-ml\/","title":{"rendered":"SP ENANTHATE FORTE-"},"content":{"rendered":"<p><strong>SP ENANTHATE FORTE<\/strong><\/p>\n<p>Enantato de testosterona \u00e9 usado para tratar dist\u00farbios hormonais causados \u200b\u200bpor defici\u00eancia de testosterona<br \/>\nDescri\u00e7\u00e3o<\/p>\n<p>1 frasco cont\u00e9m 10 ml de solu\u00e7\u00e3o injet\u00e1vel;<\/p>\n<p>Subst\u00e2ncias Ativas<\/p>\n<p>Cada 10 ml de medicamento cont\u00e9m 500 mg de Enantato de Testosterona;<\/p>\n<p>Via de administra\u00e7\u00e3o<\/p>\n<p>Apenas para uso intramuscular;<\/p>\n<p>&nbsp;<\/p>\n<p>Indica\u00e7\u00e3o:<\/p>\n<p>Enantato de testosterona \u00e9 usado para tratar dist\u00farbios hormonais causados \u200b\u200bpor defici\u00eancia de testosterona:<\/p>\n<p>\u2022\u00a0Hipopituitarismo;<\/p>\n<p>\u2022\u00a0Sintomas do cl\u00edmax masculino (diminui\u00e7\u00e3o da libido e atividade f\u00edsica e intelectual);<\/p>\n<p>\u2022 D\u00e9ficit androg\u00eanico ap\u00f3s a castra\u00e7\u00e3o;<\/p>\n<p>\u2022\u00a0Osteoporose causada por insufici\u00eancia androg\u00eanica.<\/p>\n<p>\u2022\u00a0reten\u00e7\u00e3o da matura\u00e7\u00e3o sexual;<\/p>\n<p>\u2022\u00a0Eunucoidismo, genitais n\u00e3o desenvolvidos;<\/p>\n<p>\u2022\u00a0Origem hormonal da impot\u00eancia;<\/p>\n<p>Nas mulheres:<\/p>\n<p>\u2022\u00a0Endometriose;<\/p>\n<p>\u2022\u00a0A menopausa (em combina\u00e7\u00e3o com estrog\u00eanio);<\/p>\n<p>\u2022 C\u00e2ncer de mama;<\/p>\n<p>\u2022\u00a0Osteoporose.<\/p>\n<p>\u2022\u00a0Hiperestrogenemia, hemorragia funcional;<\/p>\n<p>\u2022 Mioma uterino;<\/p>\n<p>Contra-indica\u00e7\u00f5es:<\/p>\n<p>Pessoas que apresentam hipersensibilidade \u00e0 droga, com c\u00e2ncer de pr\u00f3stata ou talvez de mama, hipertrofia da pr\u00f3stata com sinais de dist\u00farbios do sistema urin\u00e1rio, s\u00edndrome ou mesmo o per\u00edodo nefr\u00f3tico associado a nefrite, edema, hipercalcemia, dist\u00farbio hep\u00e1tico, diabetes mellitus e doen\u00e7a card\u00edaca, infarto do mioc\u00e1rdio ao longo da hist\u00f3ria m\u00e9dica, doen\u00e7a vascular com dentro de homens mais velhos, gravidez, amamenta\u00e7\u00e3o n\u00e3o s\u00e3o indicados para usar esta droga.<\/p>\n<p>Administra\u00e7\u00e3o:<\/p>\n<p>Enantato de testosterona \u00e9 administrado por via intramuscular. Testosterone Enanthate \u00e9 administrado individualmente dependendo da doen\u00e7a, sexo, idade, efici\u00eancia cl\u00ednica.<\/p>\n<p>A dosagem comum para adultos \u00e9 de 50-200 mg administrados por via intramuscular uma vez por semana. N\u00e3o \u00e9 recomendado exceder 400 mg por m\u00eas. A dura\u00e7\u00e3o do tratamento \u00e9 determinada individualmente.<\/p>\n<p>Em homens hipogon\u00e1dicos com eunucoidismo, as dosagens recomendadas s\u00e3o de 50-400 mg a cada 2-4 semanas.<\/p>\n<p>No caso de reten\u00e7\u00e3o do crescimento sexual \u00e9 administrado 50-200 mg a cada 2-4 semanas durante 4-6 meses.<\/p>\n<p>O c\u00e2ncer de mama inoper\u00e1vel em mulheres precisa de uma dose de 200-400 mg a cada 2-4 semanas.<\/p>\n<p>A\u00e7\u00e3o m\u00e9dica:<\/p>\n<p>A testosterona \u00e9 o principal horm\u00f4nio androg\u00eanico produzido nos test\u00edculos. \u00c9 muito importante para o crescimento e desenvolvimento dos \u00f3rg\u00e3os sexuais masculinos e tamb\u00e9m caracter\u00edsticas sexuais secund\u00e1rias (prontid\u00e3o da pr\u00f3stata, cistos seminais, \u00f3rg\u00e3o masculino e escroto), distribui\u00e7\u00e3o do cabelo masculino (confronto, osso p\u00fabico, peito) constru\u00e7\u00e3o do \u00f3rg\u00e3o da fala, grupos musculares e submiss\u00e3o de gordura corporal. Ret\u00e9m nitrog\u00eanio, sal, pot\u00e1ssio, bem como f\u00f3sforo no corpo, aumenta o metabolismo construtivo das prote\u00ednas de sa\u00fade necess\u00e1rias, minimizando o catabolismo. O aumento precoce das concentra\u00e7\u00f5es de testosterona no LCD no per\u00edodo pr\u00e9-p\u00fabere traz crescimento atordoado, bem como fechamento epifis\u00e1rio. A testosterona causa a produ\u00e7\u00e3o de glicoprote\u00ednas, bem como de eritr\u00f3citos. Devido ao mecanismo de feedback, inibe a secre\u00e7\u00e3o pituit\u00e1ria de horm\u00f4nio luteinizante e folicular e causa a supress\u00e3o da espermatog\u00eanese.<\/p>\n<p>Nas mulheres, o Enantato de Testosterona inibe a fun\u00e7\u00e3o gonadotr\u00f3fica pituit\u00e1ria, fun\u00e7\u00e3o ovariana, gl\u00e2ndulas mam\u00e1rias, atrofia endometrial. Devido \u00e0 a\u00e7\u00e3o antag\u00f4nica do estrog\u00eanio \u00e9 utilizado no tratamento de mioma uterino, endometriose, c\u00e2ncer de mama. \u00c9 muito eficiente no per\u00edodo do climat\u00e9rio.<\/p>\n<p>Precau\u00e7\u00f5es:<\/p>\n<p>Em caso de rea\u00e7\u00f5es adversas dependentes de andr\u00f3genos, \u00e9 necess\u00e1rio parar de tomar o medicamento. Quando os efeitos colaterais desaparecem, o tratamento pode ser repetido em doses menores.<\/p>\n<p>Pessoas que sofrem de insufici\u00eancia card\u00edaca latente ou manifesta, disfun\u00e7\u00e3o renal, hipertens\u00e3o, epilepsia ou enxaqueca (ou hist\u00f3ria da presen\u00e7a desses estados) estar\u00e3o sob supervis\u00e3o constante porque os andr\u00f3genos podem causar reten\u00e7\u00e3o de s\u00f3dio e, em alguns casos, reten\u00e7\u00e3o de \u00e1gua. Durante o tratamento, o per\u00edodo precisa ser monitorado as fun\u00e7\u00f5es hep\u00e1ticas. Pacientes que sofrem de c\u00e2ncer de mama, hipernefroma, c\u00e2ncer de pulm\u00e3o, met\u00e1stases \u00f3sseas precisam controlar o n\u00edvel de c\u00e1lcio no sangue e na urina. A testosterona em pacientes pr\u00e9-p\u00faberes deve ser administrada com cautela para impedir a interrup\u00e7\u00e3o precoce do crescimento e da puberdade.<\/p>\n<p>Efeitos colaterais:<\/p>\n<p>\u2022\u00a0Sintomas de hipercalcemia;<\/p>\n<p>\u2022\u00a0Tromboflebite;<\/p>\n<p>\u2022 N\u00e1usea, icter\u00edcia colest\u00e1tica, aumento dos n\u00edveis de transaminases hep\u00e1ticas (normalizado para descontinua\u00e7\u00e3o);<\/p>\n<p>\u2022\u00a0Cefaleia, depress\u00e3o, agressividade, ansiedade, dist\u00farbios do sono, dorm\u00eancia.<\/p>\n<p>\u2022 Priapismo e outros sintomas de hiperestimula\u00e7\u00e3o sexual (ere\u00e7\u00e3o frequente);<\/p>\n<p>\u2022\u00a0Adolescentes em idade pr\u00e9-p\u00fabere &#8211; aceleram o desenvolvimento sexual, aumento da frequ\u00eancia de ere\u00e7\u00f5es, aumento do tamanho do \u00f3rg\u00e3o sexual, fechamento prematuro da ep\u00edfise<\/p>\n<p>\u2022\u00a0espermatog\u00eanese prejudicada e dist\u00farbio de matura\u00e7\u00e3o esperm\u00e1tica, oligospermia e volume reduzido de ejacula\u00e7\u00e3o;<\/p>\n<p>\u2022\u00a0Anormalidades da pr\u00f3stata;<\/p>\n<p>\u2022\u00a0Mulheres &#8211; sangramento dos tratos genitais, aumento da libido, administra\u00e7\u00e3o prolongada de sintomas de viriliza\u00e7\u00e3o s\u00e3o poss\u00edveis;<\/p>\n<p>\u2022\u00a0Hirsutismo, ginecomastia;<\/p>\n<p>\u2022\u00a0Seborr\u00e9ia, acne, pele oleosa, cabelo;<\/p>\n<p>\u2022\u00a0Reten\u00e7\u00e3o de s\u00f3dio e \u00e1gua, edema;<\/p>\n<p>Poss\u00edvel dor, coceira e vermelhid\u00e3o no local da inje\u00e7\u00e3o.<\/p>\n<p>Sobredosagem:<\/p>\n<p>No caso de ocorrer uma situa\u00e7\u00e3o de superdosagem, procure ajuda m\u00e9dica.<\/p>","protected":false},"excerpt":{"rendered":"<p>SP ENANTHATE FORTE Enantato de testosterona \u00e9 usado para tratar dist\u00farbios hormonais causados \u200b\u200bpor defici\u00eancia de testosterona Descri\u00e7\u00e3o 1 frasco<\/p>\n","protected":false},"featured_media":7646,"comment_status":"open","ping_status":"closed","template":"","meta":[],"product_brand":[],"product_cat":[69],"product_tag":[],"class_list":{"0":"post-7385","1":"product","2":"type-product","3":"status-publish","4":"has-post-thumbnail","6":"product_cat-esteroides_inyectables","8":"first","9":"outofstock","10":"sale","11":"shipping-taxable","12":"purchasable","13":"product-type-simple"},"yoast_head":"<!-- This site is optimized with the Yoast SEO Premium plugin v24.4 (Yoast SEO v27.3) - https:\/\/yoast.com\/product\/yoast-seo-premium-wordpress\/ -->\n<title>SP ENANTHATE FORTE- - Ester\u00f3ides Online<\/title>\n<meta name=\"robots\" content=\"index, follow, max-snippet:-1, max-image-preview:large, max-video-preview:-1\" \/>\n<link rel=\"canonical\" href=\"https:\/\/iberoid-shop.com\/pt\/product\/sp-laboratories-enanthate-forte-10ml-500mg-ml\/\" \/>\n<meta property=\"og:locale\" content=\"pt_PT\" \/>\n<meta property=\"og:type\" content=\"article\" \/>\n<meta property=\"og:title\" content=\"SP ENANTHATE FORTE-\" \/>\n<meta property=\"og:description\" content=\"SP ENANTHATE FORTE Enantato de testosterona \u00e9 usado para tratar dist\u00farbios hormonais causados \u200b\u200bpor defici\u00eancia de testosterona Descri\u00e7\u00e3o 1 frasco\" \/>\n<meta property=\"og:url\" content=\"https:\/\/iberoid-shop.com\/pt\/product\/sp-laboratories-enanthate-forte-10ml-500mg-ml\/\" \/>\n<meta property=\"og:site_name\" content=\"Ester\u00f3ides Online\" \/>\n<meta property=\"article:modified_time\" content=\"2022-09-02T00:44:03+00:00\" \/>\n<meta property=\"og:image\" content=\"https:\/\/iberoid-shop.com\/wp-content\/uploads\/2022\/03\/SP-Laboratories-Enanthate-Forte.png?v=1678119894\" \/>\n\t<meta property=\"og:image:width\" content=\"360\" \/>\n\t<meta property=\"og:image:height\" content=\"400\" \/>\n\t<meta property=\"og:image:type\" content=\"image\/png\" \/>\n<meta name=\"twitter:card\" content=\"summary_large_image\" \/>\n<meta name=\"twitter:label1\" content=\"pre\u00e7o\" \/>\n\t<meta name=\"twitter:data1\" content=\"&euro;55.00\" \/>\n\t<meta name=\"twitter:label2\" content=\"Disponibilidade\" \/>\n\t<meta name=\"twitter:data2\" content=\"Esgotado\" \/>\n<script type=\"application\/ld+json\" class=\"yoast-schema-graph\">{\"@context\":\"https:\\\/\\\/schema.org\",\"@graph\":[{\"@type\":\"WebPage\",\"@id\":\"https:\\\/\\\/iberoid-shop.com\\\/pt\\\/product\\\/sp-laboratories-enanthate-forte-10ml-500mg-ml\\\/\",\"url\":\"https:\\\/\\\/iberoid-shop.com\\\/pt\\\/product\\\/sp-laboratories-enanthate-forte-10ml-500mg-ml\\\/\",\"name\":\"SP ENANTHATE FORTE- - Ester\u00f3ides Online\",\"isPartOf\":{\"@id\":\"https:\\\/\\\/iberoid-shop.com\\\/pt\\\/#website\"},\"primaryImageOfPage\":{\"@id\":\"https:\\\/\\\/iberoid-shop.com\\\/pt\\\/product\\\/sp-laboratories-enanthate-forte-10ml-500mg-ml\\\/#primaryimage\"},\"image\":{\"@id\":\"https:\\\/\\\/iberoid-shop.com\\\/pt\\\/product\\\/sp-laboratories-enanthate-forte-10ml-500mg-ml\\\/#primaryimage\"},\"thumbnailUrl\":\"https:\\\/\\\/iberoid-shop.com\\\/wp-content\\\/uploads\\\/2022\\\/03\\\/SP-Laboratories-Enanthate-Forte.png?v=1678119894\",\"datePublished\":\"2022-03-04T20:27:48+00:00\",\"dateModified\":\"2022-09-02T00:44:03+00:00\",\"breadcrumb\":{\"@id\":\"https:\\\/\\\/iberoid-shop.com\\\/pt\\\/product\\\/sp-laboratories-enanthate-forte-10ml-500mg-ml\\\/#breadcrumb\"},\"inLanguage\":\"pt-PT\",\"potentialAction\":[{\"@type\":\"ReadAction\",\"target\":[[\"https:\\\/\\\/iberoid-shop.com\\\/pt\\\/product\\\/sp-laboratories-enanthate-forte-10ml-500mg-ml\\\/\"]]}]},{\"@type\":\"ImageObject\",\"inLanguage\":\"pt-PT\",\"@id\":\"https:\\\/\\\/iberoid-shop.com\\\/pt\\\/product\\\/sp-laboratories-enanthate-forte-10ml-500mg-ml\\\/#primaryimage\",\"url\":\"https:\\\/\\\/iberoid-shop.com\\\/wp-content\\\/uploads\\\/2022\\\/03\\\/SP-Laboratories-Enanthate-Forte.png?v=1678119894\",\"contentUrl\":\"https:\\\/\\\/iberoid-shop.com\\\/wp-content\\\/uploads\\\/2022\\\/03\\\/SP-Laboratories-Enanthate-Forte.png?v=1678119894\",\"width\":360,\"height\":400},{\"@type\":\"BreadcrumbList\",\"@id\":\"https:\\\/\\\/iberoid-shop.com\\\/pt\\\/product\\\/sp-laboratories-enanthate-forte-10ml-500mg-ml\\\/#breadcrumb\",\"itemListElement\":[{\"@type\":\"ListItem\",\"position\":1,\"name\":\"Portada\",\"item\":\"https:\\\/\\\/iberoid-shop.com\\\/pt\\\/\"},{\"@type\":\"ListItem\",\"position\":2,\"name\":\"Loja\",\"item\":\"https:\\\/\\\/iberoid-shop.com\\\/pt\\\/shop\\\/\"},{\"@type\":\"ListItem\",\"position\":3,\"name\":\"SP ENANTHATE FORTE-\"}]},{\"@type\":\"WebSite\",\"@id\":\"https:\\\/\\\/iberoid-shop.com\\\/pt\\\/#website\",\"url\":\"https:\\\/\\\/iberoid-shop.com\\\/pt\\\/\",\"name\":\"Ester\u00f3ides Online\",\"description\":\"Compre ester\u00f3ides online hoje em Espanha e Portugal. Temos o melhor servi\u00e7o ao cliente do setor e produtos da mais alta qualidade\",\"potentialAction\":[{\"@type\":\"SearchAction\",\"target\":{\"@type\":\"EntryPoint\",\"urlTemplate\":\"https:\\\/\\\/iberoid-shop.com\\\/pt\\\/?s={search_term_string}\"},\"query-input\":{\"@type\":\"PropertyValueSpecification\",\"valueRequired\":true,\"valueName\":\"search_term_string\"}}],\"inLanguage\":\"pt-PT\"}]}<\/script>\n<meta property=\"product:brand\" content=\"SP Laboratories\" \/>\n<meta property=\"product:price:amount\" content=\"55.00\" \/>\n<meta property=\"product:price:currency\" content=\"EUR\" \/>\n<meta property=\"og:availability\" content=\"out of stock\" \/>\n<meta property=\"product:availability\" content=\"out of stock\" \/>\n<meta property=\"product:condition\" content=\"new\" \/>\n<!-- \/ Yoast SEO Premium plugin. -->","yoast_head_json":{"title":"SP ENANTHATE FORTE- - Ester\u00f3ides Online","robots":{"index":"index","follow":"follow","max-snippet":"max-snippet:-1","max-image-preview":"max-image-preview:large","max-video-preview":"max-video-preview:-1"},"canonical":"https:\/\/iberoid-shop.com\/pt\/product\/sp-laboratories-enanthate-forte-10ml-500mg-ml\/","og_locale":"pt_PT","og_type":"article","og_title":"SP ENANTHATE FORTE-","og_description":"SP ENANTHATE FORTE Enantato de testosterona \u00e9 usado para tratar dist\u00farbios hormonais causados \u200b\u200bpor defici\u00eancia de testosterona Descri\u00e7\u00e3o 1 frasco","og_url":"https:\/\/iberoid-shop.com\/pt\/product\/sp-laboratories-enanthate-forte-10ml-500mg-ml\/","og_site_name":"Ester\u00f3ides Online","article_modified_time":"2022-09-02T00:44:03+00:00","og_image":[{"width":360,"height":400,"url":"https:\/\/iberoid-shop.com\/wp-content\/uploads\/2022\/03\/SP-Laboratories-Enanthate-Forte.png?v=1678119894","type":"image\/png"}],"twitter_card":"summary_large_image","twitter_misc":{"pre\u00e7o":"&euro;55.00","Disponibilidade":"Esgotado"},"schema":{"@context":"https:\/\/schema.org","@graph":[{"@type":"WebPage","@id":"https:\/\/iberoid-shop.com\/pt\/product\/sp-laboratories-enanthate-forte-10ml-500mg-ml\/","url":"https:\/\/iberoid-shop.com\/pt\/product\/sp-laboratories-enanthate-forte-10ml-500mg-ml\/","name":"SP ENANTHATE FORTE- - Ester\u00f3ides Online","isPartOf":{"@id":"https:\/\/iberoid-shop.com\/pt\/#website"},"primaryImageOfPage":{"@id":"https:\/\/iberoid-shop.com\/pt\/product\/sp-laboratories-enanthate-forte-10ml-500mg-ml\/#primaryimage"},"image":{"@id":"https:\/\/iberoid-shop.com\/pt\/product\/sp-laboratories-enanthate-forte-10ml-500mg-ml\/#primaryimage"},"thumbnailUrl":"https:\/\/iberoid-shop.com\/wp-content\/uploads\/2022\/03\/SP-Laboratories-Enanthate-Forte.png?v=1678119894","datePublished":"2022-03-04T20:27:48+00:00","dateModified":"2022-09-02T00:44:03+00:00","breadcrumb":{"@id":"https:\/\/iberoid-shop.com\/pt\/product\/sp-laboratories-enanthate-forte-10ml-500mg-ml\/#breadcrumb"},"inLanguage":"pt-PT","potentialAction":[{"@type":"ReadAction","target":[["https:\/\/iberoid-shop.com\/pt\/product\/sp-laboratories-enanthate-forte-10ml-500mg-ml\/"]]}]},{"@type":"ImageObject","inLanguage":"pt-PT","@id":"https:\/\/iberoid-shop.com\/pt\/product\/sp-laboratories-enanthate-forte-10ml-500mg-ml\/#primaryimage","url":"https:\/\/iberoid-shop.com\/wp-content\/uploads\/2022\/03\/SP-Laboratories-Enanthate-Forte.png?v=1678119894","contentUrl":"https:\/\/iberoid-shop.com\/wp-content\/uploads\/2022\/03\/SP-Laboratories-Enanthate-Forte.png?v=1678119894","width":360,"height":400},{"@type":"BreadcrumbList","@id":"https:\/\/iberoid-shop.com\/pt\/product\/sp-laboratories-enanthate-forte-10ml-500mg-ml\/#breadcrumb","itemListElement":[{"@type":"ListItem","position":1,"name":"Portada","item":"https:\/\/iberoid-shop.com\/pt\/"},{"@type":"ListItem","position":2,"name":"Loja","item":"https:\/\/iberoid-shop.com\/pt\/shop\/"},{"@type":"ListItem","position":3,"name":"SP ENANTHATE FORTE-"}]},{"@type":"WebSite","@id":"https:\/\/iberoid-shop.com\/pt\/#website","url":"https:\/\/iberoid-shop.com\/pt\/","name":"Ester\u00f3ides Online","description":"Compre ester\u00f3ides online hoje em Espanha e Portugal. Temos o melhor servi\u00e7o ao cliente do setor e produtos da mais alta qualidade","potentialAction":[{"@type":"SearchAction","target":{"@type":"EntryPoint","urlTemplate":"https:\/\/iberoid-shop.com\/pt\/?s={search_term_string}"},"query-input":{"@type":"PropertyValueSpecification","valueRequired":true,"valueName":"search_term_string"}}],"inLanguage":"pt-PT"}]},"product_brand":"SP Laboratories","product_price_amount":"55.00","product_price_currency":"EUR","og_availability":"out of stock","product_availability":"out of stock","product_condition":"new"},"_links":{"self":[{"href":"https:\/\/iberoid-shop.com\/pt\/wp-json\/wp\/v2\/product\/7385","targetHints":{"allow":["GET"]}}],"collection":[{"href":"https:\/\/iberoid-shop.com\/pt\/wp-json\/wp\/v2\/product"}],"about":[{"href":"https:\/\/iberoid-shop.com\/pt\/wp-json\/wp\/v2\/types\/product"}],"replies":[{"embeddable":true,"href":"https:\/\/iberoid-shop.com\/pt\/wp-json\/wp\/v2\/comments?post=7385"}],"wp:featuredmedia":[{"embeddable":true,"href":"https:\/\/iberoid-shop.com\/pt\/wp-json\/wp\/v2\/media\/7646"}],"wp:attachment":[{"href":"https:\/\/iberoid-shop.com\/pt\/wp-json\/wp\/v2\/media?parent=7385"}],"wp:term":[{"taxonomy":"product_brand","embeddable":true,"href":"https:\/\/iberoid-shop.com\/pt\/wp-json\/wp\/v2\/product_brand?post=7385"},{"taxonomy":"product_cat","embeddable":true,"href":"https:\/\/iberoid-shop.com\/pt\/wp-json\/wp\/v2\/product_cat?post=7385"},{"taxonomy":"product_tag","embeddable":true,"href":"https:\/\/iberoid-shop.com\/pt\/wp-json\/wp\/v2\/product_tag?post=7385"}],"curies":[{"name":"wp","href":"https:\/\/api.w.org\/{rel}","templated":true}]}}