{"id":7383,"date":"2022-03-04T20:20:26","date_gmt":"2022-03-04T20:20:26","guid":{"rendered":"https:\/\/iberoid-shop.com\/?post_type=product&#038;p=7383"},"modified":"2022-08-17T12:18:31","modified_gmt":"2022-08-17T12:18:31","slug":"sustandrol-10-ml-by-balkan-pharmaceuticals","status":"publish","type":"product","link":"https:\/\/iberoid-shop.com\/pt\/product\/sustandrol-10-ml-by-balkan-pharmaceuticals\/","title":{"rendered":"Sustandrol 10 mL"},"content":{"rendered":"<p><strong>BALKAN PHARMA SUSTAMED 250mg 10ml<\/strong><\/p>\n<p>Sustanon, com o outro nome \u00e9 chamado de \u00a0mistura de testosterona. Para os atletas, a testosterona \u00e9 um horm\u00f4nio muito importante para o desenvolvimento e aspecto muscular. Com suas atividades anab\u00f3licas e catab\u00f3licas, perder gordura \u00e9 muito f\u00e1cil e por isso \u00e9 preferido pelos atletas e fisiculturistas. Este ester\u00f3ide injet\u00e1vel que aumenta os n\u00edveis musculares de oxig\u00eanio, \u00e9 usado para aumentar a agressividade na competi\u00e7\u00e3o pelos fisiculturistas e pelos atletas em exerc\u00edcios pesados.<\/p>\n<p>Devido ao Sustanon ter efeitos colaterais estrog\u00eanicos mesmo em baixas dosagens, os usu\u00e1rios devem combinar Sustanon com um ester\u00f3ide antiestrog\u00eanico como Nolvadex, Arimidex ou Proviron em seus ciclos. Esses produtos bloquear\u00e3o os efeitos da aromatiza\u00e7\u00e3o do Sustanon.<\/p>\n<p>Um outro ciclo que \u00e9 proposto, \u00e9 por semana 500 mg de Sustanon e 300 mg de Primobolan por 12 semanas. De 3 a 4 semanas come\u00e7am os efeitos deste ciclo. Com a ingest\u00e3o de prote\u00ednas, uma boa alimenta\u00e7\u00e3o e um padr\u00e3o de sono regular s\u00e3o obtidos mais ou menos 6-7 kg de massa muscular, mas essa propor\u00e7\u00e3o pode mudar em rela\u00e7\u00e3o \u00e0s condi\u00e7\u00f5es pessoais.<\/p>\n<p>Enquanto alguns fisiculturistas est\u00e3o empilhando Sustanon com horm\u00f4nio do crescimento ou tiroxina, alguns deles combinam com Boldenone ou Deca Durabolin, que \u00e9 uma f\u00f3rmula eficaz para um ciclo de volume. Para um ciclo de corte \u00e9 pensado um composto de trembolona e um ester\u00f3ide oral como comprimidos de Anavar ou Winstrol.<\/p>\n<p>Dosagem Sustentada; 250-1000mg semanais.<\/p>\n<p><strong>Composi\u00e7\u00e3o:<\/strong><\/p>\n<p>Cada ml de Sustamed cont\u00e9m:<\/p>\n<p>Propionato de testosterona: 30mg<br \/>\nFenilpropionato de testosterona: 60mg<br \/>\nIsocaproato de testosterona: 60mg<br \/>\nDecanoato de testosterona: 100mg<\/p>\n<p>250 mg\/ml<\/p>","protected":false},"excerpt":{"rendered":"<p>BALKAN PHARMA SUSTAMED 250mg 10ml Sustanon, com o outro nome \u00e9 chamado de \u00a0mistura de testosterona. Para os atletas, a<\/p>\n","protected":false},"featured_media":7384,"comment_status":"open","ping_status":"closed","template":"","meta":[],"product_brand":[],"product_cat":[69],"product_tag":[],"class_list":{"0":"post-7383","1":"product","2":"type-product","3":"status-publish","4":"has-post-thumbnail","6":"product_cat-esteroides_inyectables","8":"first","9":"outofstock","10":"sale","11":"shipping-taxable","12":"purchasable","13":"product-type-simple"},"yoast_head":"<!-- This site is optimized with the Yoast SEO Premium plugin v24.4 (Yoast SEO v27.3) - https:\/\/yoast.com\/product\/yoast-seo-premium-wordpress\/ -->\n<title>Sustandrol 10 mL - Ester\u00f3ides Online<\/title>\n<meta name=\"robots\" content=\"index, follow, max-snippet:-1, max-image-preview:large, max-video-preview:-1\" \/>\n<link rel=\"canonical\" href=\"https:\/\/iberoid-shop.com\/pt\/product\/sustandrol-10-ml-by-balkan-pharmaceuticals\/\" \/>\n<meta property=\"og:locale\" content=\"pt_PT\" \/>\n<meta property=\"og:type\" content=\"article\" \/>\n<meta property=\"og:title\" content=\"Sustandrol 10 mL\" \/>\n<meta property=\"og:description\" content=\"BALKAN PHARMA SUSTAMED 250mg 10ml Sustanon, com o outro nome \u00e9 chamado de \u00a0mistura de testosterona. Para os atletas, a\" \/>\n<meta property=\"og:url\" content=\"https:\/\/iberoid-shop.com\/pt\/product\/sustandrol-10-ml-by-balkan-pharmaceuticals\/\" \/>\n<meta property=\"og:site_name\" content=\"Ester\u00f3ides Online\" \/>\n<meta property=\"article:modified_time\" content=\"2022-08-17T12:18:31+00:00\" \/>\n<meta property=\"og:image\" content=\"https:\/\/iberoid-shop.com\/wp-content\/uploads\/2022\/03\/SUS-BLK.jpg?v=1678119913\" \/>\n\t<meta property=\"og:image:width\" content=\"1024\" \/>\n\t<meta property=\"og:image:height\" content=\"1024\" \/>\n\t<meta property=\"og:image:type\" content=\"image\/jpeg\" \/>\n<meta name=\"twitter:card\" content=\"summary_large_image\" \/>\n<meta name=\"twitter:label1\" content=\"pre\u00e7o\" \/>\n\t<meta name=\"twitter:data1\" content=\"&euro;40.00\" \/>\n\t<meta name=\"twitter:label2\" content=\"Disponibilidade\" \/>\n\t<meta name=\"twitter:data2\" content=\"Esgotado\" \/>\n<script type=\"application\/ld+json\" class=\"yoast-schema-graph\">{\"@context\":\"https:\\\/\\\/schema.org\",\"@graph\":[{\"@type\":\"WebPage\",\"@id\":\"https:\\\/\\\/iberoid-shop.com\\\/pt\\\/product\\\/sustandrol-10-ml-by-balkan-pharmaceuticals\\\/\",\"url\":\"https:\\\/\\\/iberoid-shop.com\\\/pt\\\/product\\\/sustandrol-10-ml-by-balkan-pharmaceuticals\\\/\",\"name\":\"Sustandrol 10 mL - Ester\u00f3ides Online\",\"isPartOf\":{\"@id\":\"https:\\\/\\\/iberoid-shop.com\\\/pt\\\/#website\"},\"primaryImageOfPage\":{\"@id\":\"https:\\\/\\\/iberoid-shop.com\\\/pt\\\/product\\\/sustandrol-10-ml-by-balkan-pharmaceuticals\\\/#primaryimage\"},\"image\":{\"@id\":\"https:\\\/\\\/iberoid-shop.com\\\/pt\\\/product\\\/sustandrol-10-ml-by-balkan-pharmaceuticals\\\/#primaryimage\"},\"thumbnailUrl\":\"https:\\\/\\\/iberoid-shop.com\\\/wp-content\\\/uploads\\\/2022\\\/03\\\/SUS-BLK.jpg?v=1678119913\",\"datePublished\":\"2022-03-04T20:20:26+00:00\",\"dateModified\":\"2022-08-17T12:18:31+00:00\",\"breadcrumb\":{\"@id\":\"https:\\\/\\\/iberoid-shop.com\\\/pt\\\/product\\\/sustandrol-10-ml-by-balkan-pharmaceuticals\\\/#breadcrumb\"},\"inLanguage\":\"pt-PT\",\"potentialAction\":[{\"@type\":\"ReadAction\",\"target\":[[\"https:\\\/\\\/iberoid-shop.com\\\/pt\\\/product\\\/sustandrol-10-ml-by-balkan-pharmaceuticals\\\/\"]]}]},{\"@type\":\"ImageObject\",\"inLanguage\":\"pt-PT\",\"@id\":\"https:\\\/\\\/iberoid-shop.com\\\/pt\\\/product\\\/sustandrol-10-ml-by-balkan-pharmaceuticals\\\/#primaryimage\",\"url\":\"https:\\\/\\\/iberoid-shop.com\\\/wp-content\\\/uploads\\\/2022\\\/03\\\/SUS-BLK.jpg?v=1678119913\",\"contentUrl\":\"https:\\\/\\\/iberoid-shop.com\\\/wp-content\\\/uploads\\\/2022\\\/03\\\/SUS-BLK.jpg?v=1678119913\",\"width\":1024,\"height\":1024},{\"@type\":\"BreadcrumbList\",\"@id\":\"https:\\\/\\\/iberoid-shop.com\\\/pt\\\/product\\\/sustandrol-10-ml-by-balkan-pharmaceuticals\\\/#breadcrumb\",\"itemListElement\":[{\"@type\":\"ListItem\",\"position\":1,\"name\":\"Portada\",\"item\":\"https:\\\/\\\/iberoid-shop.com\\\/pt\\\/\"},{\"@type\":\"ListItem\",\"position\":2,\"name\":\"Loja\",\"item\":\"https:\\\/\\\/iberoid-shop.com\\\/pt\\\/shop\\\/\"},{\"@type\":\"ListItem\",\"position\":3,\"name\":\"Sustandrol 10 mL\"}]},{\"@type\":\"WebSite\",\"@id\":\"https:\\\/\\\/iberoid-shop.com\\\/pt\\\/#website\",\"url\":\"https:\\\/\\\/iberoid-shop.com\\\/pt\\\/\",\"name\":\"Ester\u00f3ides Online\",\"description\":\"Compre ester\u00f3ides online hoje em Espanha e Portugal. Temos o melhor servi\u00e7o ao cliente do setor e produtos da mais alta qualidade\",\"potentialAction\":[{\"@type\":\"SearchAction\",\"target\":{\"@type\":\"EntryPoint\",\"urlTemplate\":\"https:\\\/\\\/iberoid-shop.com\\\/pt\\\/?s={search_term_string}\"},\"query-input\":{\"@type\":\"PropertyValueSpecification\",\"valueRequired\":true,\"valueName\":\"search_term_string\"}}],\"inLanguage\":\"pt-PT\"}]}<\/script>\n<meta property=\"product:brand\" content=\"Balkan Pharmaceuticals\" \/>\n<meta property=\"product:price:amount\" content=\"40.00\" \/>\n<meta property=\"product:price:currency\" content=\"EUR\" \/>\n<meta property=\"og:availability\" content=\"out of stock\" \/>\n<meta property=\"product:availability\" content=\"out of stock\" \/>\n<meta property=\"product:condition\" content=\"new\" \/>\n<!-- \/ Yoast SEO Premium plugin. -->","yoast_head_json":{"title":"Sustandrol 10 mL - Ester\u00f3ides Online","robots":{"index":"index","follow":"follow","max-snippet":"max-snippet:-1","max-image-preview":"max-image-preview:large","max-video-preview":"max-video-preview:-1"},"canonical":"https:\/\/iberoid-shop.com\/pt\/product\/sustandrol-10-ml-by-balkan-pharmaceuticals\/","og_locale":"pt_PT","og_type":"article","og_title":"Sustandrol 10 mL","og_description":"BALKAN PHARMA SUSTAMED 250mg 10ml Sustanon, com o outro nome \u00e9 chamado de \u00a0mistura de testosterona. Para os atletas, a","og_url":"https:\/\/iberoid-shop.com\/pt\/product\/sustandrol-10-ml-by-balkan-pharmaceuticals\/","og_site_name":"Ester\u00f3ides Online","article_modified_time":"2022-08-17T12:18:31+00:00","og_image":[{"width":1024,"height":1024,"url":"https:\/\/iberoid-shop.com\/wp-content\/uploads\/2022\/03\/SUS-BLK.jpg?v=1678119913","type":"image\/jpeg"}],"twitter_card":"summary_large_image","twitter_misc":{"pre\u00e7o":"&euro;40.00","Disponibilidade":"Esgotado"},"schema":{"@context":"https:\/\/schema.org","@graph":[{"@type":"WebPage","@id":"https:\/\/iberoid-shop.com\/pt\/product\/sustandrol-10-ml-by-balkan-pharmaceuticals\/","url":"https:\/\/iberoid-shop.com\/pt\/product\/sustandrol-10-ml-by-balkan-pharmaceuticals\/","name":"Sustandrol 10 mL - Ester\u00f3ides Online","isPartOf":{"@id":"https:\/\/iberoid-shop.com\/pt\/#website"},"primaryImageOfPage":{"@id":"https:\/\/iberoid-shop.com\/pt\/product\/sustandrol-10-ml-by-balkan-pharmaceuticals\/#primaryimage"},"image":{"@id":"https:\/\/iberoid-shop.com\/pt\/product\/sustandrol-10-ml-by-balkan-pharmaceuticals\/#primaryimage"},"thumbnailUrl":"https:\/\/iberoid-shop.com\/wp-content\/uploads\/2022\/03\/SUS-BLK.jpg?v=1678119913","datePublished":"2022-03-04T20:20:26+00:00","dateModified":"2022-08-17T12:18:31+00:00","breadcrumb":{"@id":"https:\/\/iberoid-shop.com\/pt\/product\/sustandrol-10-ml-by-balkan-pharmaceuticals\/#breadcrumb"},"inLanguage":"pt-PT","potentialAction":[{"@type":"ReadAction","target":[["https:\/\/iberoid-shop.com\/pt\/product\/sustandrol-10-ml-by-balkan-pharmaceuticals\/"]]}]},{"@type":"ImageObject","inLanguage":"pt-PT","@id":"https:\/\/iberoid-shop.com\/pt\/product\/sustandrol-10-ml-by-balkan-pharmaceuticals\/#primaryimage","url":"https:\/\/iberoid-shop.com\/wp-content\/uploads\/2022\/03\/SUS-BLK.jpg?v=1678119913","contentUrl":"https:\/\/iberoid-shop.com\/wp-content\/uploads\/2022\/03\/SUS-BLK.jpg?v=1678119913","width":1024,"height":1024},{"@type":"BreadcrumbList","@id":"https:\/\/iberoid-shop.com\/pt\/product\/sustandrol-10-ml-by-balkan-pharmaceuticals\/#breadcrumb","itemListElement":[{"@type":"ListItem","position":1,"name":"Portada","item":"https:\/\/iberoid-shop.com\/pt\/"},{"@type":"ListItem","position":2,"name":"Loja","item":"https:\/\/iberoid-shop.com\/pt\/shop\/"},{"@type":"ListItem","position":3,"name":"Sustandrol 10 mL"}]},{"@type":"WebSite","@id":"https:\/\/iberoid-shop.com\/pt\/#website","url":"https:\/\/iberoid-shop.com\/pt\/","name":"Ester\u00f3ides Online","description":"Compre ester\u00f3ides online hoje em Espanha e Portugal. Temos o melhor servi\u00e7o ao cliente do setor e produtos da mais alta qualidade","potentialAction":[{"@type":"SearchAction","target":{"@type":"EntryPoint","urlTemplate":"https:\/\/iberoid-shop.com\/pt\/?s={search_term_string}"},"query-input":{"@type":"PropertyValueSpecification","valueRequired":true,"valueName":"search_term_string"}}],"inLanguage":"pt-PT"}]},"product_brand":"Balkan Pharmaceuticals","product_price_amount":"40.00","product_price_currency":"EUR","og_availability":"out of stock","product_availability":"out of stock","product_condition":"new"},"_links":{"self":[{"href":"https:\/\/iberoid-shop.com\/pt\/wp-json\/wp\/v2\/product\/7383","targetHints":{"allow":["GET"]}}],"collection":[{"href":"https:\/\/iberoid-shop.com\/pt\/wp-json\/wp\/v2\/product"}],"about":[{"href":"https:\/\/iberoid-shop.com\/pt\/wp-json\/wp\/v2\/types\/product"}],"replies":[{"embeddable":true,"href":"https:\/\/iberoid-shop.com\/pt\/wp-json\/wp\/v2\/comments?post=7383"}],"wp:featuredmedia":[{"embeddable":true,"href":"https:\/\/iberoid-shop.com\/pt\/wp-json\/wp\/v2\/media\/7384"}],"wp:attachment":[{"href":"https:\/\/iberoid-shop.com\/pt\/wp-json\/wp\/v2\/media?parent=7383"}],"wp:term":[{"taxonomy":"product_brand","embeddable":true,"href":"https:\/\/iberoid-shop.com\/pt\/wp-json\/wp\/v2\/product_brand?post=7383"},{"taxonomy":"product_cat","embeddable":true,"href":"https:\/\/iberoid-shop.com\/pt\/wp-json\/wp\/v2\/product_cat?post=7383"},{"taxonomy":"product_tag","embeddable":true,"href":"https:\/\/iberoid-shop.com\/pt\/wp-json\/wp\/v2\/product_tag?post=7383"}],"curies":[{"name":"wp","href":"https:\/\/api.w.org\/{rel}","templated":true}]}}