{"id":7381,"date":"2022-03-04T20:16:49","date_gmt":"2022-03-04T20:16:49","guid":{"rendered":"https:\/\/iberoid-shop.com\/?post_type=product&#038;p=7381"},"modified":"2022-05-27T13:39:00","modified_gmt":"2022-05-27T13:39:00","slug":"sp-masteron-1ml-5-ampollas-caja","status":"publish","type":"product","link":"https:\/\/iberoid-shop.com\/pt\/product\/sp-masteron-1ml-5-ampollas-caja\/","title":{"rendered":"Sp Masteron 100mg 10x1ml"},"content":{"rendered":"<p><strong>SP LABS MASTERON 100mg 10x1ml<\/strong><\/p>\n<p><strong>MASTERON, PROPIONATO DE DROSTANOLON<\/strong><\/p>\n<p>Masteron ser\u00e1 exibido da maneira mais eficiente durante um ciclo de corte. No entanto, para que os efeitos sejam realmente apreciados, o indiv\u00edduo precisar\u00e1 ser extremamente magro. \u00c9 por isso que o horm\u00f4nio ser\u00e1 mais comumente encontrado no final dos ciclos de prepara\u00e7\u00e3o para competi\u00e7\u00f5es de fisiculturismo, pois o indiv\u00edduo j\u00e1 deve estar bastante magro nesta fase. O Masteron adicionado ir\u00e1 ajud\u00e1-lo a perder aquele \u00faltimo peda\u00e7o de gordura que muitas vezes permanece no final de um ciclo. Tamb\u00e9m garantir\u00e1 que seu f\u00edsico pare\u00e7a o mais duro poss\u00edvel. Claro, o efeito antiestrog\u00eanico simplesmente melhorar\u00e1 essa apar\u00eancia geral. Para aqueles que n\u00e3o s\u00e3o fisiculturistas competitivos, \u00e9 poss\u00edvel que os efeitos do Masteron n\u00e3o sejam t\u00e3o percept\u00edveis. O indiv\u00edduo com menos de 10% de gordura corporal deve ser capaz de notar alguns resultados e produzir uma apar\u00eancia mais dura e seca, mas muito acima de 10% e os efeitos podem n\u00e3o ser t\u00e3o pronunciados.<\/p>\n<p>Como um potente andr\u00f3geno, Masteron pode beneficiar o atleta que procura um aumento de for\u00e7a. Este pode ser um ester\u00f3ide muito ben\u00e9fico para um atleta que segue uma dieta restrita em calorias em um esfor\u00e7o para manter um peso corporal espec\u00edfico necess\u00e1rio para sua busca. O indiv\u00edduo poderia facilmente desfrutar de aumentos moderados de for\u00e7a e uma ligeira melhora na recupera\u00e7\u00e3o e resist\u00eancia muscular sem ganho de peso corporal indesejado.<\/p>\n<p>Como agente de volume, os efeitos do Masteron provar\u00e3o ser bastante fracos. \u00c9 poss\u00edvel que o horm\u00f4nio forne\u00e7a ganhos de massa semelhantes ao Primobolan Depot, que tamb\u00e9m n\u00e3o ser\u00e1 t\u00e3o forte, se a dose total for alta o suficiente. No entanto, o ganho relativo em tamanho ser\u00e1 muito moderado, com muitos ester\u00f3ides anabolizantes sendo muito mais adequados para este per\u00edodo de suplementa\u00e7\u00e3o de ester\u00f3ides. H\u00e1 quem queira incluir Masteron em um plano de volume por seus efeitos antiestrog\u00eanicos e de perda de gordura. O \u00faltimo garantiria que eles mantivessem o ganho de gordura corporal minimizado durante as fases de volume fora de temporada, mas isso n\u00e3o \u00e9 motivo suficiente para us\u00e1-lo nesta fase. A gordura corporal deve ser control\u00e1vel sem ela. Quanto aos efeitos antiestrog\u00eanicos, os ciclos fora de temporada s\u00e3o normalmente compostos por grandes quantidades de atividade da aromatase devido a altas doses de testosterona. A atividade da progesterona tamb\u00e9m \u00e9 comumente alta com a adi\u00e7\u00e3o de compostos de nandrolona e poss\u00edvel trembolona. Considere Anadrol ou Dianabol adicional e essa atividade estrog\u00eanica pode se tornar muito pronunciada. Infelizmente, embora possua efeitos antiestrog\u00eanicos, Masteron n\u00e3o ser\u00e1 forte o suficiente para combater esse n\u00edvel de atividade estrog\u00eanica.<\/p>","protected":false},"excerpt":{"rendered":"<p>SP LABS MASTERON 100mg 10x1ml MASTERON, PROPIONATO DE DROSTANOLON Masteron ser\u00e1 exibido da maneira mais eficiente durante um ciclo de<\/p>\n","protected":false},"featured_media":7382,"comment_status":"open","ping_status":"closed","template":"","meta":[],"product_brand":[],"product_cat":[69],"product_tag":[],"class_list":{"0":"post-7381","1":"product","2":"type-product","3":"status-publish","4":"has-post-thumbnail","6":"product_cat-esteroides_inyectables","8":"first","9":"outofstock","10":"sale","11":"shipping-taxable","12":"purchasable","13":"product-type-simple"},"yoast_head":"<!-- This site is optimized with the Yoast SEO Premium plugin v24.4 (Yoast SEO v27.3) - https:\/\/yoast.com\/product\/yoast-seo-premium-wordpress\/ -->\n<title>Sp Masteron 100mg 10x1ml - Ester\u00f3ides Online<\/title>\n<meta name=\"robots\" content=\"index, follow, max-snippet:-1, max-image-preview:large, max-video-preview:-1\" \/>\n<link rel=\"canonical\" href=\"https:\/\/iberoid-shop.com\/pt\/product\/sp-masteron-1ml-5-ampollas-caja\/\" \/>\n<meta property=\"og:locale\" content=\"pt_PT\" \/>\n<meta property=\"og:type\" content=\"article\" \/>\n<meta property=\"og:title\" content=\"Sp Masteron 100mg 10x1ml\" \/>\n<meta property=\"og:description\" content=\"SP LABS MASTERON 100mg 10x1ml MASTERON, PROPIONATO DE DROSTANOLON Masteron ser\u00e1 exibido da maneira mais eficiente durante um ciclo de\" \/>\n<meta property=\"og:url\" content=\"https:\/\/iberoid-shop.com\/pt\/product\/sp-masteron-1ml-5-ampollas-caja\/\" \/>\n<meta property=\"og:site_name\" content=\"Ester\u00f3ides Online\" \/>\n<meta property=\"article:modified_time\" content=\"2022-05-27T13:39:00+00:00\" \/>\n<meta property=\"og:image\" content=\"https:\/\/iberoid-shop.com\/wp-content\/uploads\/2022\/03\/SP-MASTERON-1ML-500x500-1.jpg?v=1678119914\" \/>\n\t<meta property=\"og:image:width\" content=\"500\" \/>\n\t<meta property=\"og:image:height\" content=\"500\" \/>\n\t<meta property=\"og:image:type\" content=\"image\/jpeg\" \/>\n<meta name=\"twitter:card\" content=\"summary_large_image\" \/>\n<meta name=\"twitter:label1\" content=\"pre\u00e7o\" \/>\n\t<meta name=\"twitter:data1\" content=\"&euro;30.00\" \/>\n\t<meta name=\"twitter:label2\" content=\"Disponibilidade\" \/>\n\t<meta name=\"twitter:data2\" content=\"Esgotado\" \/>\n<script type=\"application\/ld+json\" class=\"yoast-schema-graph\">{\"@context\":\"https:\\\/\\\/schema.org\",\"@graph\":[{\"@type\":\"WebPage\",\"@id\":\"https:\\\/\\\/iberoid-shop.com\\\/pt\\\/product\\\/sp-masteron-1ml-5-ampollas-caja\\\/\",\"url\":\"https:\\\/\\\/iberoid-shop.com\\\/pt\\\/product\\\/sp-masteron-1ml-5-ampollas-caja\\\/\",\"name\":\"Sp Masteron 100mg 10x1ml - Ester\u00f3ides Online\",\"isPartOf\":{\"@id\":\"https:\\\/\\\/iberoid-shop.com\\\/pt\\\/#website\"},\"primaryImageOfPage\":{\"@id\":\"https:\\\/\\\/iberoid-shop.com\\\/pt\\\/product\\\/sp-masteron-1ml-5-ampollas-caja\\\/#primaryimage\"},\"image\":{\"@id\":\"https:\\\/\\\/iberoid-shop.com\\\/pt\\\/product\\\/sp-masteron-1ml-5-ampollas-caja\\\/#primaryimage\"},\"thumbnailUrl\":\"https:\\\/\\\/iberoid-shop.com\\\/wp-content\\\/uploads\\\/2022\\\/03\\\/SP-MASTERON-1ML-500x500-1.jpg?v=1678119914\",\"datePublished\":\"2022-03-04T20:16:49+00:00\",\"dateModified\":\"2022-05-27T13:39:00+00:00\",\"breadcrumb\":{\"@id\":\"https:\\\/\\\/iberoid-shop.com\\\/pt\\\/product\\\/sp-masteron-1ml-5-ampollas-caja\\\/#breadcrumb\"},\"inLanguage\":\"pt-PT\",\"potentialAction\":[{\"@type\":\"ReadAction\",\"target\":[[\"https:\\\/\\\/iberoid-shop.com\\\/pt\\\/product\\\/sp-masteron-1ml-5-ampollas-caja\\\/\"]]}]},{\"@type\":\"ImageObject\",\"inLanguage\":\"pt-PT\",\"@id\":\"https:\\\/\\\/iberoid-shop.com\\\/pt\\\/product\\\/sp-masteron-1ml-5-ampollas-caja\\\/#primaryimage\",\"url\":\"https:\\\/\\\/iberoid-shop.com\\\/wp-content\\\/uploads\\\/2022\\\/03\\\/SP-MASTERON-1ML-500x500-1.jpg?v=1678119914\",\"contentUrl\":\"https:\\\/\\\/iberoid-shop.com\\\/wp-content\\\/uploads\\\/2022\\\/03\\\/SP-MASTERON-1ML-500x500-1.jpg?v=1678119914\",\"width\":500,\"height\":500},{\"@type\":\"BreadcrumbList\",\"@id\":\"https:\\\/\\\/iberoid-shop.com\\\/pt\\\/product\\\/sp-masteron-1ml-5-ampollas-caja\\\/#breadcrumb\",\"itemListElement\":[{\"@type\":\"ListItem\",\"position\":1,\"name\":\"Portada\",\"item\":\"https:\\\/\\\/iberoid-shop.com\\\/pt\\\/\"},{\"@type\":\"ListItem\",\"position\":2,\"name\":\"Loja\",\"item\":\"https:\\\/\\\/iberoid-shop.com\\\/pt\\\/shop\\\/\"},{\"@type\":\"ListItem\",\"position\":3,\"name\":\"Sp Masteron 100mg 10x1ml\"}]},{\"@type\":\"WebSite\",\"@id\":\"https:\\\/\\\/iberoid-shop.com\\\/pt\\\/#website\",\"url\":\"https:\\\/\\\/iberoid-shop.com\\\/pt\\\/\",\"name\":\"Ester\u00f3ides Online\",\"description\":\"Compre ester\u00f3ides online hoje em Espanha e Portugal. Temos o melhor servi\u00e7o ao cliente do setor e produtos da mais alta qualidade\",\"potentialAction\":[{\"@type\":\"SearchAction\",\"target\":{\"@type\":\"EntryPoint\",\"urlTemplate\":\"https:\\\/\\\/iberoid-shop.com\\\/pt\\\/?s={search_term_string}\"},\"query-input\":{\"@type\":\"PropertyValueSpecification\",\"valueRequired\":true,\"valueName\":\"search_term_string\"}}],\"inLanguage\":\"pt-PT\"}]}<\/script>\n<meta property=\"product:brand\" content=\"SP Laboratories\" \/>\n<meta property=\"product:price:amount\" content=\"30.00\" \/>\n<meta property=\"product:price:currency\" content=\"EUR\" \/>\n<meta property=\"og:availability\" content=\"out of stock\" \/>\n<meta property=\"product:availability\" content=\"out of stock\" \/>\n<meta property=\"product:condition\" content=\"new\" \/>\n<!-- \/ Yoast SEO Premium plugin. -->","yoast_head_json":{"title":"Sp Masteron 100mg 10x1ml - Ester\u00f3ides Online","robots":{"index":"index","follow":"follow","max-snippet":"max-snippet:-1","max-image-preview":"max-image-preview:large","max-video-preview":"max-video-preview:-1"},"canonical":"https:\/\/iberoid-shop.com\/pt\/product\/sp-masteron-1ml-5-ampollas-caja\/","og_locale":"pt_PT","og_type":"article","og_title":"Sp Masteron 100mg 10x1ml","og_description":"SP LABS MASTERON 100mg 10x1ml MASTERON, PROPIONATO DE DROSTANOLON Masteron ser\u00e1 exibido da maneira mais eficiente durante um ciclo de","og_url":"https:\/\/iberoid-shop.com\/pt\/product\/sp-masteron-1ml-5-ampollas-caja\/","og_site_name":"Ester\u00f3ides Online","article_modified_time":"2022-05-27T13:39:00+00:00","og_image":[{"width":500,"height":500,"url":"https:\/\/iberoid-shop.com\/wp-content\/uploads\/2022\/03\/SP-MASTERON-1ML-500x500-1.jpg?v=1678119914","type":"image\/jpeg"}],"twitter_card":"summary_large_image","twitter_misc":{"pre\u00e7o":"&euro;30.00","Disponibilidade":"Esgotado"},"schema":{"@context":"https:\/\/schema.org","@graph":[{"@type":"WebPage","@id":"https:\/\/iberoid-shop.com\/pt\/product\/sp-masteron-1ml-5-ampollas-caja\/","url":"https:\/\/iberoid-shop.com\/pt\/product\/sp-masteron-1ml-5-ampollas-caja\/","name":"Sp Masteron 100mg 10x1ml - Ester\u00f3ides Online","isPartOf":{"@id":"https:\/\/iberoid-shop.com\/pt\/#website"},"primaryImageOfPage":{"@id":"https:\/\/iberoid-shop.com\/pt\/product\/sp-masteron-1ml-5-ampollas-caja\/#primaryimage"},"image":{"@id":"https:\/\/iberoid-shop.com\/pt\/product\/sp-masteron-1ml-5-ampollas-caja\/#primaryimage"},"thumbnailUrl":"https:\/\/iberoid-shop.com\/wp-content\/uploads\/2022\/03\/SP-MASTERON-1ML-500x500-1.jpg?v=1678119914","datePublished":"2022-03-04T20:16:49+00:00","dateModified":"2022-05-27T13:39:00+00:00","breadcrumb":{"@id":"https:\/\/iberoid-shop.com\/pt\/product\/sp-masteron-1ml-5-ampollas-caja\/#breadcrumb"},"inLanguage":"pt-PT","potentialAction":[{"@type":"ReadAction","target":[["https:\/\/iberoid-shop.com\/pt\/product\/sp-masteron-1ml-5-ampollas-caja\/"]]}]},{"@type":"ImageObject","inLanguage":"pt-PT","@id":"https:\/\/iberoid-shop.com\/pt\/product\/sp-masteron-1ml-5-ampollas-caja\/#primaryimage","url":"https:\/\/iberoid-shop.com\/wp-content\/uploads\/2022\/03\/SP-MASTERON-1ML-500x500-1.jpg?v=1678119914","contentUrl":"https:\/\/iberoid-shop.com\/wp-content\/uploads\/2022\/03\/SP-MASTERON-1ML-500x500-1.jpg?v=1678119914","width":500,"height":500},{"@type":"BreadcrumbList","@id":"https:\/\/iberoid-shop.com\/pt\/product\/sp-masteron-1ml-5-ampollas-caja\/#breadcrumb","itemListElement":[{"@type":"ListItem","position":1,"name":"Portada","item":"https:\/\/iberoid-shop.com\/pt\/"},{"@type":"ListItem","position":2,"name":"Loja","item":"https:\/\/iberoid-shop.com\/pt\/shop\/"},{"@type":"ListItem","position":3,"name":"Sp Masteron 100mg 10x1ml"}]},{"@type":"WebSite","@id":"https:\/\/iberoid-shop.com\/pt\/#website","url":"https:\/\/iberoid-shop.com\/pt\/","name":"Ester\u00f3ides Online","description":"Compre ester\u00f3ides online hoje em Espanha e Portugal. Temos o melhor servi\u00e7o ao cliente do setor e produtos da mais alta qualidade","potentialAction":[{"@type":"SearchAction","target":{"@type":"EntryPoint","urlTemplate":"https:\/\/iberoid-shop.com\/pt\/?s={search_term_string}"},"query-input":{"@type":"PropertyValueSpecification","valueRequired":true,"valueName":"search_term_string"}}],"inLanguage":"pt-PT"}]},"product_brand":"SP Laboratories","product_price_amount":"30.00","product_price_currency":"EUR","og_availability":"out of stock","product_availability":"out of stock","product_condition":"new"},"_links":{"self":[{"href":"https:\/\/iberoid-shop.com\/pt\/wp-json\/wp\/v2\/product\/7381","targetHints":{"allow":["GET"]}}],"collection":[{"href":"https:\/\/iberoid-shop.com\/pt\/wp-json\/wp\/v2\/product"}],"about":[{"href":"https:\/\/iberoid-shop.com\/pt\/wp-json\/wp\/v2\/types\/product"}],"replies":[{"embeddable":true,"href":"https:\/\/iberoid-shop.com\/pt\/wp-json\/wp\/v2\/comments?post=7381"}],"wp:featuredmedia":[{"embeddable":true,"href":"https:\/\/iberoid-shop.com\/pt\/wp-json\/wp\/v2\/media\/7382"}],"wp:attachment":[{"href":"https:\/\/iberoid-shop.com\/pt\/wp-json\/wp\/v2\/media?parent=7381"}],"wp:term":[{"taxonomy":"product_brand","embeddable":true,"href":"https:\/\/iberoid-shop.com\/pt\/wp-json\/wp\/v2\/product_brand?post=7381"},{"taxonomy":"product_cat","embeddable":true,"href":"https:\/\/iberoid-shop.com\/pt\/wp-json\/wp\/v2\/product_cat?post=7381"},{"taxonomy":"product_tag","embeddable":true,"href":"https:\/\/iberoid-shop.com\/pt\/wp-json\/wp\/v2\/product_tag?post=7381"}],"curies":[{"name":"wp","href":"https:\/\/api.w.org\/{rel}","templated":true}]}}