{"id":7377,"date":"2022-03-04T20:08:45","date_gmt":"2022-03-04T20:08:45","guid":{"rendered":"https:\/\/iberoid-shop.com\/?post_type=product&#038;p=7377"},"modified":"2023-08-12T15:27:59","modified_gmt":"2023-08-12T15:27:59","slug":"methandriol-dipropionate-75-mg-ml-10-ml-sp-laboratories","status":"publish","type":"product","link":"https:\/\/iberoid-shop.com\/pt\/product\/methandriol-dipropionate-75-mg-ml-10-ml-sp-laboratories\/","title":{"rendered":"SP Methandriol 75mg"},"content":{"rendered":"<p>Methandriol 75mg\/ml (Methandriol Dipropionate) \u00e9 uma forma do Methandriol dissolvido em \u00e1gua, mas o Methandriol Dipropionate permanece eficaz por um longo per\u00edodo de tempo. Por um lado, o dipropionato de metandriol pode ser dissolvido em \u00f3leo para fins de inje\u00e7\u00e3o e, por outro lado, o dipropionato de metandriol \u00e9 produzido em forma de comprimido, pois tamb\u00e9m \u00e9 eficaz quando tomado por via oral. e componente androg\u00eanico para que seja adequado para o ac\u00famulo de for\u00e7a e massa muscular. O efeito pode ser comparado a um cruzamento entre Deca-Durabolin e enantato de testosterona. Como a testosterona, contribui para um ganho de for\u00e7a e m\u00fasculo, mas n\u00e3o ret\u00e9m mais \u00e1gua do que Deca-Durabolin.<\/p>\n<p>Os melhores resultados podem ser obtidos, no entanto, se o Metandriol 75mg\/ml n\u00e3o for tomado sozinho, mas em combina\u00e7\u00e3o com outro ester\u00f3ide. Isso ocorre porque SP Methandriol 75mg\/ml \u00e9 capaz de ampliar os efeitos de outros compostos ester\u00f3ides. Ele faz isso sensibilizando cada vez mais os receptores androg\u00eanicos da c\u00e9lula muscular, permitindo que uma quantidade maior de mol\u00e9culas de ester\u00f3ides dos ester\u00f3ides adicionalmente tomados seja absorvida pelos receptores. Isso tamb\u00e9m explica por que o SP Methandriol 75mg\/ml injet\u00e1vel (Dipropionato de Metandriol) s\u00f3 est\u00e1 dispon\u00edvel hoje como um composto combinado com uma subst\u00e2ncia ester\u00f3ide adicionalMethandriol 75mg\/ml (Dipropionato de Metandriol) est\u00e1 dispon\u00edvel apenas nos ester\u00f3ides veterin\u00e1rios australianos Drive, Spectriol, Geldabol e Filibol Forte para que a aquisi\u00e7\u00e3o do composto seja dif\u00edcil.<\/p>\n<p>Os poucos atletas que usam esta droga relatam bons ganhos de for\u00e7a, um ganho muscular s\u00f3lido e baixa reten\u00e7\u00e3o de \u00e1gua. A combina\u00e7\u00e3o de ester\u00f3ides aromatiza apenas ligeiramente, ent\u00e3o, ao tomar apenas SP Methandriol 75mg\/ml (Methandriol Dipropionate), o uso de antiestrog\u00eanios talvez seja apropriado. A forma injet\u00e1vel \u00e9 apenas ligeiramente t\u00f3xica.<\/p>\n<p>A dosagem usual para atletas \u00e9 de 100 mg a cada 2-3 dias. Na Europa, apenas a forma oral de SP Methandriol 75mg\/ml (Methandriol Dipropionate) est\u00e1 dispon\u00edvel. Tamb\u00e9m neste caso \u00e9 ben\u00e9fico combinar M.D. com outro ester\u00f3ide, de prefer\u00eancia um injet\u00e1vel. A dose di\u00e1ria normal \u00e9 de 40-60 mg e \u00e9 normalmente tomada em 2-3 doses individuais distribu\u00eddas ao longo de um dia. Os comprimidos s\u00e3o normalmente tomados apenas durante 4-6 semanas, uma vez que o efeito diminui rapidamente, exigindo assim dosagens mais elevadas. Eles tamb\u00e9m s\u00e3o I 7-alfa alquilados, portanto, mesmo uma baixa dosagem e uma ingest\u00e3o curta podem ser prejudiciais ao f\u00edgado. Por causa de seu efeito androg\u00eanico, as mulheres raramente usam SP Methandriol 75mg\/ml (Methandriol Dipropionate) Poss\u00edveis efeitos colaterais da forma de comprimido podem ser n\u00edveis elevados de toxinas hep\u00e1ticas, dor gastrointestinal, acne, ginecomastia,<\/p>","protected":false},"excerpt":{"rendered":"<p>Methandriol 75mg\/ml (Methandriol Dipropionate) \u00e9 uma forma do Methandriol dissolvido em \u00e1gua, mas o Methandriol Dipropionate permanece eficaz por um<\/p>\n","protected":false},"featured_media":7378,"comment_status":"open","ping_status":"closed","template":"","meta":[],"product_brand":[],"product_cat":[69],"product_tag":[],"class_list":{"0":"post-7377","1":"product","2":"type-product","3":"status-publish","4":"has-post-thumbnail","6":"product_cat-esteroides_inyectables","8":"first","9":"outofstock","10":"sale","11":"shipping-taxable","12":"purchasable","13":"product-type-simple"},"yoast_head":"<!-- This site is optimized with the Yoast SEO Premium plugin v24.4 (Yoast SEO v27.3) - https:\/\/yoast.com\/product\/yoast-seo-premium-wordpress\/ -->\n<title>SP Methandriol 75mg - Ester\u00f3ides Online<\/title>\n<meta name=\"robots\" content=\"index, follow, max-snippet:-1, max-image-preview:large, max-video-preview:-1\" \/>\n<link rel=\"canonical\" href=\"https:\/\/iberoid-shop.com\/pt\/product\/methandriol-dipropionate-75-mg-ml-10-ml-sp-laboratories\/\" \/>\n<meta property=\"og:locale\" content=\"pt_PT\" \/>\n<meta property=\"og:type\" content=\"article\" \/>\n<meta property=\"og:title\" content=\"SP Methandriol 75mg\" \/>\n<meta property=\"og:description\" content=\"Methandriol 75mg\/ml (Methandriol Dipropionate) \u00e9 uma forma do Methandriol dissolvido em \u00e1gua, mas o Methandriol Dipropionate permanece eficaz por um\" \/>\n<meta property=\"og:url\" content=\"https:\/\/iberoid-shop.com\/pt\/product\/methandriol-dipropionate-75-mg-ml-10-ml-sp-laboratories\/\" \/>\n<meta property=\"og:site_name\" content=\"Ester\u00f3ides Online\" \/>\n<meta property=\"article:modified_time\" content=\"2023-08-12T15:27:59+00:00\" \/>\n<meta property=\"og:image\" content=\"https:\/\/iberoid-shop.com\/wp-content\/uploads\/2022\/03\/Methandriol_Dipropionate_sp_lab-500x500-1.jpg?v=1690929355\" \/>\n\t<meta property=\"og:image:width\" content=\"500\" \/>\n\t<meta property=\"og:image:height\" content=\"500\" \/>\n\t<meta property=\"og:image:type\" content=\"image\/jpeg\" \/>\n<meta name=\"twitter:card\" content=\"summary_large_image\" \/>\n<meta name=\"twitter:label1\" content=\"pre\u00e7o\" \/>\n\t<meta name=\"twitter:data1\" content=\"&euro;30.00\" \/>\n\t<meta name=\"twitter:label2\" content=\"Disponibilidade\" \/>\n\t<meta name=\"twitter:data2\" content=\"Esgotado\" \/>\n<script type=\"application\/ld+json\" class=\"yoast-schema-graph\">{\"@context\":\"https:\\\/\\\/schema.org\",\"@graph\":[{\"@type\":\"WebPage\",\"@id\":\"https:\\\/\\\/iberoid-shop.com\\\/pt\\\/product\\\/methandriol-dipropionate-75-mg-ml-10-ml-sp-laboratories\\\/\",\"url\":\"https:\\\/\\\/iberoid-shop.com\\\/pt\\\/product\\\/methandriol-dipropionate-75-mg-ml-10-ml-sp-laboratories\\\/\",\"name\":\"SP Methandriol 75mg - Ester\u00f3ides Online\",\"isPartOf\":{\"@id\":\"https:\\\/\\\/iberoid-shop.com\\\/pt\\\/#website\"},\"primaryImageOfPage\":{\"@id\":\"https:\\\/\\\/iberoid-shop.com\\\/pt\\\/product\\\/methandriol-dipropionate-75-mg-ml-10-ml-sp-laboratories\\\/#primaryimage\"},\"image\":{\"@id\":\"https:\\\/\\\/iberoid-shop.com\\\/pt\\\/product\\\/methandriol-dipropionate-75-mg-ml-10-ml-sp-laboratories\\\/#primaryimage\"},\"thumbnailUrl\":\"https:\\\/\\\/iberoid-shop.com\\\/wp-content\\\/uploads\\\/2022\\\/03\\\/Methandriol_Dipropionate_sp_lab-500x500-1.jpg?v=1690929355\",\"datePublished\":\"2022-03-04T20:08:45+00:00\",\"dateModified\":\"2023-08-12T15:27:59+00:00\",\"breadcrumb\":{\"@id\":\"https:\\\/\\\/iberoid-shop.com\\\/pt\\\/product\\\/methandriol-dipropionate-75-mg-ml-10-ml-sp-laboratories\\\/#breadcrumb\"},\"inLanguage\":\"pt-PT\",\"potentialAction\":[{\"@type\":\"ReadAction\",\"target\":[[\"https:\\\/\\\/iberoid-shop.com\\\/pt\\\/product\\\/methandriol-dipropionate-75-mg-ml-10-ml-sp-laboratories\\\/\"]]}]},{\"@type\":\"ImageObject\",\"inLanguage\":\"pt-PT\",\"@id\":\"https:\\\/\\\/iberoid-shop.com\\\/pt\\\/product\\\/methandriol-dipropionate-75-mg-ml-10-ml-sp-laboratories\\\/#primaryimage\",\"url\":\"https:\\\/\\\/iberoid-shop.com\\\/wp-content\\\/uploads\\\/2022\\\/03\\\/Methandriol_Dipropionate_sp_lab-500x500-1.jpg?v=1690929355\",\"contentUrl\":\"https:\\\/\\\/iberoid-shop.com\\\/wp-content\\\/uploads\\\/2022\\\/03\\\/Methandriol_Dipropionate_sp_lab-500x500-1.jpg?v=1690929355\",\"width\":500,\"height\":500},{\"@type\":\"BreadcrumbList\",\"@id\":\"https:\\\/\\\/iberoid-shop.com\\\/pt\\\/product\\\/methandriol-dipropionate-75-mg-ml-10-ml-sp-laboratories\\\/#breadcrumb\",\"itemListElement\":[{\"@type\":\"ListItem\",\"position\":1,\"name\":\"Portada\",\"item\":\"https:\\\/\\\/iberoid-shop.com\\\/pt\\\/\"},{\"@type\":\"ListItem\",\"position\":2,\"name\":\"Loja\",\"item\":\"https:\\\/\\\/iberoid-shop.com\\\/pt\\\/shop\\\/\"},{\"@type\":\"ListItem\",\"position\":3,\"name\":\"SP Methandriol 75mg\"}]},{\"@type\":\"WebSite\",\"@id\":\"https:\\\/\\\/iberoid-shop.com\\\/pt\\\/#website\",\"url\":\"https:\\\/\\\/iberoid-shop.com\\\/pt\\\/\",\"name\":\"Ester\u00f3ides Online\",\"description\":\"Compre ester\u00f3ides online hoje em Espanha e Portugal. Temos o melhor servi\u00e7o ao cliente do setor e produtos da mais alta qualidade\",\"potentialAction\":[{\"@type\":\"SearchAction\",\"target\":{\"@type\":\"EntryPoint\",\"urlTemplate\":\"https:\\\/\\\/iberoid-shop.com\\\/pt\\\/?s={search_term_string}\"},\"query-input\":{\"@type\":\"PropertyValueSpecification\",\"valueRequired\":true,\"valueName\":\"search_term_string\"}}],\"inLanguage\":\"pt-PT\"}]}<\/script>\n<meta property=\"product:brand\" content=\"SP Laboratories\" \/>\n<meta property=\"product:price:amount\" content=\"30.00\" \/>\n<meta property=\"product:price:currency\" content=\"EUR\" \/>\n<meta property=\"og:availability\" content=\"out of stock\" \/>\n<meta property=\"product:availability\" content=\"out of stock\" \/>\n<meta property=\"product:condition\" content=\"new\" \/>\n<!-- \/ Yoast SEO Premium plugin. -->","yoast_head_json":{"title":"SP Methandriol 75mg - Ester\u00f3ides Online","robots":{"index":"index","follow":"follow","max-snippet":"max-snippet:-1","max-image-preview":"max-image-preview:large","max-video-preview":"max-video-preview:-1"},"canonical":"https:\/\/iberoid-shop.com\/pt\/product\/methandriol-dipropionate-75-mg-ml-10-ml-sp-laboratories\/","og_locale":"pt_PT","og_type":"article","og_title":"SP Methandriol 75mg","og_description":"Methandriol 75mg\/ml (Methandriol Dipropionate) \u00e9 uma forma do Methandriol dissolvido em \u00e1gua, mas o Methandriol Dipropionate permanece eficaz por um","og_url":"https:\/\/iberoid-shop.com\/pt\/product\/methandriol-dipropionate-75-mg-ml-10-ml-sp-laboratories\/","og_site_name":"Ester\u00f3ides Online","article_modified_time":"2023-08-12T15:27:59+00:00","og_image":[{"width":500,"height":500,"url":"https:\/\/iberoid-shop.com\/wp-content\/uploads\/2022\/03\/Methandriol_Dipropionate_sp_lab-500x500-1.jpg?v=1690929355","type":"image\/jpeg"}],"twitter_card":"summary_large_image","twitter_misc":{"pre\u00e7o":"&euro;30.00","Disponibilidade":"Esgotado"},"schema":{"@context":"https:\/\/schema.org","@graph":[{"@type":"WebPage","@id":"https:\/\/iberoid-shop.com\/pt\/product\/methandriol-dipropionate-75-mg-ml-10-ml-sp-laboratories\/","url":"https:\/\/iberoid-shop.com\/pt\/product\/methandriol-dipropionate-75-mg-ml-10-ml-sp-laboratories\/","name":"SP Methandriol 75mg - Ester\u00f3ides Online","isPartOf":{"@id":"https:\/\/iberoid-shop.com\/pt\/#website"},"primaryImageOfPage":{"@id":"https:\/\/iberoid-shop.com\/pt\/product\/methandriol-dipropionate-75-mg-ml-10-ml-sp-laboratories\/#primaryimage"},"image":{"@id":"https:\/\/iberoid-shop.com\/pt\/product\/methandriol-dipropionate-75-mg-ml-10-ml-sp-laboratories\/#primaryimage"},"thumbnailUrl":"https:\/\/iberoid-shop.com\/wp-content\/uploads\/2022\/03\/Methandriol_Dipropionate_sp_lab-500x500-1.jpg?v=1690929355","datePublished":"2022-03-04T20:08:45+00:00","dateModified":"2023-08-12T15:27:59+00:00","breadcrumb":{"@id":"https:\/\/iberoid-shop.com\/pt\/product\/methandriol-dipropionate-75-mg-ml-10-ml-sp-laboratories\/#breadcrumb"},"inLanguage":"pt-PT","potentialAction":[{"@type":"ReadAction","target":[["https:\/\/iberoid-shop.com\/pt\/product\/methandriol-dipropionate-75-mg-ml-10-ml-sp-laboratories\/"]]}]},{"@type":"ImageObject","inLanguage":"pt-PT","@id":"https:\/\/iberoid-shop.com\/pt\/product\/methandriol-dipropionate-75-mg-ml-10-ml-sp-laboratories\/#primaryimage","url":"https:\/\/iberoid-shop.com\/wp-content\/uploads\/2022\/03\/Methandriol_Dipropionate_sp_lab-500x500-1.jpg?v=1690929355","contentUrl":"https:\/\/iberoid-shop.com\/wp-content\/uploads\/2022\/03\/Methandriol_Dipropionate_sp_lab-500x500-1.jpg?v=1690929355","width":500,"height":500},{"@type":"BreadcrumbList","@id":"https:\/\/iberoid-shop.com\/pt\/product\/methandriol-dipropionate-75-mg-ml-10-ml-sp-laboratories\/#breadcrumb","itemListElement":[{"@type":"ListItem","position":1,"name":"Portada","item":"https:\/\/iberoid-shop.com\/pt\/"},{"@type":"ListItem","position":2,"name":"Loja","item":"https:\/\/iberoid-shop.com\/pt\/shop\/"},{"@type":"ListItem","position":3,"name":"SP Methandriol 75mg"}]},{"@type":"WebSite","@id":"https:\/\/iberoid-shop.com\/pt\/#website","url":"https:\/\/iberoid-shop.com\/pt\/","name":"Ester\u00f3ides Online","description":"Compre ester\u00f3ides online hoje em Espanha e Portugal. Temos o melhor servi\u00e7o ao cliente do setor e produtos da mais alta qualidade","potentialAction":[{"@type":"SearchAction","target":{"@type":"EntryPoint","urlTemplate":"https:\/\/iberoid-shop.com\/pt\/?s={search_term_string}"},"query-input":{"@type":"PropertyValueSpecification","valueRequired":true,"valueName":"search_term_string"}}],"inLanguage":"pt-PT"}]},"product_brand":"SP Laboratories","product_price_amount":"30.00","product_price_currency":"EUR","og_availability":"out of stock","product_availability":"out of stock","product_condition":"new"},"_links":{"self":[{"href":"https:\/\/iberoid-shop.com\/pt\/wp-json\/wp\/v2\/product\/7377","targetHints":{"allow":["GET"]}}],"collection":[{"href":"https:\/\/iberoid-shop.com\/pt\/wp-json\/wp\/v2\/product"}],"about":[{"href":"https:\/\/iberoid-shop.com\/pt\/wp-json\/wp\/v2\/types\/product"}],"replies":[{"embeddable":true,"href":"https:\/\/iberoid-shop.com\/pt\/wp-json\/wp\/v2\/comments?post=7377"}],"wp:featuredmedia":[{"embeddable":true,"href":"https:\/\/iberoid-shop.com\/pt\/wp-json\/wp\/v2\/media\/7378"}],"wp:attachment":[{"href":"https:\/\/iberoid-shop.com\/pt\/wp-json\/wp\/v2\/media?parent=7377"}],"wp:term":[{"taxonomy":"product_brand","embeddable":true,"href":"https:\/\/iberoid-shop.com\/pt\/wp-json\/wp\/v2\/product_brand?post=7377"},{"taxonomy":"product_cat","embeddable":true,"href":"https:\/\/iberoid-shop.com\/pt\/wp-json\/wp\/v2\/product_cat?post=7377"},{"taxonomy":"product_tag","embeddable":true,"href":"https:\/\/iberoid-shop.com\/pt\/wp-json\/wp\/v2\/product_tag?post=7377"}],"curies":[{"name":"wp","href":"https:\/\/api.w.org\/{rel}","templated":true}]}}