{"id":7262,"date":"2022-01-31T22:02:15","date_gmt":"2022-01-31T22:02:15","guid":{"rendered":"https:\/\/iberoid-shop.com\/?post_type=product&#038;p=7262"},"modified":"2022-04-28T14:28:27","modified_gmt":"2022-04-28T14:28:27","slug":"pack3-proviron-25mg-100-tabletas-pharmagen","status":"publish","type":"product","link":"https:\/\/iberoid-shop.com\/pt\/product\/pack3-proviron-25mg-100-tabletas-pharmagen\/","title":{"rendered":"Proviron 25mg \u2013 100 TABLETAS 3 Pack"},"content":{"rendered":"<p>\u2666 Nome Qu\u00edmico \u2666<br \/>\nMesterolone \u2013 Grau Farmac\u00eautico!<\/p>\n<p>\u2666 Sobre \u2666<br \/>\nExcelente composto para usar especialmente em conjunto com Anavar. Elevar\u00e1 o humor, aumentar\u00e1 a libido e a sensa\u00e7\u00e3o geral de bem-estar. Proviron tem propriedades anti-estrog\u00eanio suaves que podem ajudar a combater o estrog\u00eanio elevado no ciclo (o que pode causar tecido mam\u00e1rio). Excelente adi\u00e7\u00e3o ao protocolo PCT, embora n\u00e3o seja vital. Proviron em seus primeiros dias foi destinado ao uso como um antidepressivo muito suave antes de se tornar cada vez mais \u00fatil para fisiculturistas.<\/p>\n<p>\u2666 Vida Ativa \u2666<br \/>\n12 horas.<\/p>\n<p>\u2666 Tempo de Detec\u00e7\u00e3o \u2666<br \/>\nAp\u00f3s um per\u00edodo de 5-6 semanas, todos os vest\u00edgios de Proviron estar\u00e3o fora do seu sistema para fins de teste de drogas \u2013 amostras de urina\/sangue.<\/p>\n<p>\u2666 Dose M\u00e9dia \u2666<br \/>\n25-200mg por dia.<\/p>\n<p>\u2666 Vai bem com \u2666<br \/>\nAnavar, Test, Winstrol, Anadrol, Dianabol, a maioria dos compostos, assim como em altas doses, mant\u00eam o estrog\u00eanio elevado sob controle e aumentam o humor\/libido\/sensa\u00e7\u00e3o de bem-estar.<\/p>\n<p>\u2666 Peso esperado \/ ganho muscular \u2666<br \/>\nN\u00e3o deve ser usado para confiar na constru\u00e7\u00e3o muscular, mas excelente composto de suporte para ester\u00f3ides anabolizantes\/androg\u00eanicos.<\/p>\n<p>\u2666 Qu\u00e3o r\u00e1pido para perceber mudan\u00e7as \u2666<br \/>\nAumento da libido e sensa\u00e7\u00e3o de bem-estar desde a primeira semana.<\/p>\n<p>\u2666 Efeitos colaterais \u2666<br \/>\nAumento da libido, sensa\u00e7\u00e3o de bem estar.<\/p>","protected":false},"excerpt":{"rendered":"<p>\u2666 Nome Qu\u00edmico \u2666 Mesterolone \u2013 Grau Farmac\u00eautico! \u2666 Sobre \u2666 Excelente composto para usar especialmente em conjunto com Anavar.<\/p>\n","protected":false},"featured_media":6598,"comment_status":"open","ping_status":"closed","template":"","meta":[],"product_brand":[],"product_cat":[73,3474],"product_tag":[],"class_list":{"0":"post-7262","1":"product","2":"type-product","3":"status-publish","4":"has-post-thumbnail","6":"product_cat-ssteroides_orales","7":"product_cat-packs","9":"first","10":"outofstock","11":"sale","12":"shipping-taxable","13":"purchasable","14":"product-type-simple"},"yoast_head":"<!-- This site is optimized with the Yoast SEO Premium plugin v24.4 (Yoast SEO v27.3) - https:\/\/yoast.com\/product\/yoast-seo-premium-wordpress\/ -->\n<title>Proviron 25mg \u2013 100 TABLETAS 3 Pack - Ester\u00f3ides Online<\/title>\n<meta name=\"robots\" content=\"index, follow, max-snippet:-1, max-image-preview:large, max-video-preview:-1\" \/>\n<link rel=\"canonical\" href=\"https:\/\/iberoid-shop.com\/pt\/product\/pack3-proviron-25mg-100-tabletas-pharmagen\/\" \/>\n<meta property=\"og:locale\" content=\"pt_PT\" \/>\n<meta property=\"og:type\" content=\"article\" \/>\n<meta property=\"og:title\" content=\"Proviron 25mg \u2013 100 TABLETAS 3 Pack\" \/>\n<meta property=\"og:description\" content=\"\u2666 Nome Qu\u00edmico \u2666 Mesterolone \u2013 Grau Farmac\u00eautico! \u2666 Sobre \u2666 Excelente composto para usar especialmente em conjunto com Anavar.\" \/>\n<meta property=\"og:url\" content=\"https:\/\/iberoid-shop.com\/pt\/product\/pack3-proviron-25mg-100-tabletas-pharmagen\/\" \/>\n<meta property=\"og:site_name\" content=\"Ester\u00f3ides Online\" \/>\n<meta property=\"article:modified_time\" content=\"2022-04-28T14:28:27+00:00\" \/>\n<meta property=\"og:image\" content=\"https:\/\/iberoid-shop.com\/wp-content\/uploads\/2021\/08\/Proviron-25mg-1.jpg?v=1678119966\" \/>\n\t<meta property=\"og:image:width\" content=\"2000\" \/>\n\t<meta property=\"og:image:height\" content=\"1334\" \/>\n\t<meta property=\"og:image:type\" content=\"image\/jpeg\" \/>\n<meta name=\"twitter:card\" content=\"summary_large_image\" \/>\n<meta name=\"twitter:label1\" content=\"pre\u00e7o\" \/>\n\t<meta name=\"twitter:data1\" content=\"&euro;60.00\" \/>\n\t<meta name=\"twitter:label2\" content=\"Disponibilidade\" \/>\n\t<meta name=\"twitter:data2\" content=\"Esgotado\" \/>\n<script type=\"application\/ld+json\" class=\"yoast-schema-graph\">{\"@context\":\"https:\\\/\\\/schema.org\",\"@graph\":[{\"@type\":\"WebPage\",\"@id\":\"https:\\\/\\\/iberoid-shop.com\\\/pt\\\/product\\\/pack3-proviron-25mg-100-tabletas-pharmagen\\\/\",\"url\":\"https:\\\/\\\/iberoid-shop.com\\\/pt\\\/product\\\/pack3-proviron-25mg-100-tabletas-pharmagen\\\/\",\"name\":\"Proviron 25mg \u2013 100 TABLETAS 3 Pack - Ester\u00f3ides Online\",\"isPartOf\":{\"@id\":\"https:\\\/\\\/iberoid-shop.com\\\/pt\\\/#website\"},\"primaryImageOfPage\":{\"@id\":\"https:\\\/\\\/iberoid-shop.com\\\/pt\\\/product\\\/pack3-proviron-25mg-100-tabletas-pharmagen\\\/#primaryimage\"},\"image\":{\"@id\":\"https:\\\/\\\/iberoid-shop.com\\\/pt\\\/product\\\/pack3-proviron-25mg-100-tabletas-pharmagen\\\/#primaryimage\"},\"thumbnailUrl\":\"https:\\\/\\\/iberoid-shop.com\\\/wp-content\\\/uploads\\\/2021\\\/08\\\/Proviron-25mg-1.jpg?v=1678119966\",\"datePublished\":\"2022-01-31T22:02:15+00:00\",\"dateModified\":\"2022-04-28T14:28:27+00:00\",\"breadcrumb\":{\"@id\":\"https:\\\/\\\/iberoid-shop.com\\\/pt\\\/product\\\/pack3-proviron-25mg-100-tabletas-pharmagen\\\/#breadcrumb\"},\"inLanguage\":\"pt-PT\",\"potentialAction\":[{\"@type\":\"ReadAction\",\"target\":[[\"https:\\\/\\\/iberoid-shop.com\\\/pt\\\/product\\\/pack3-proviron-25mg-100-tabletas-pharmagen\\\/\"]]}]},{\"@type\":\"ImageObject\",\"inLanguage\":\"pt-PT\",\"@id\":\"https:\\\/\\\/iberoid-shop.com\\\/pt\\\/product\\\/pack3-proviron-25mg-100-tabletas-pharmagen\\\/#primaryimage\",\"url\":\"https:\\\/\\\/iberoid-shop.com\\\/wp-content\\\/uploads\\\/2021\\\/08\\\/Proviron-25mg-1.jpg?v=1678119966\",\"contentUrl\":\"https:\\\/\\\/iberoid-shop.com\\\/wp-content\\\/uploads\\\/2021\\\/08\\\/Proviron-25mg-1.jpg?v=1678119966\",\"width\":2000,\"height\":1334},{\"@type\":\"BreadcrumbList\",\"@id\":\"https:\\\/\\\/iberoid-shop.com\\\/pt\\\/product\\\/pack3-proviron-25mg-100-tabletas-pharmagen\\\/#breadcrumb\",\"itemListElement\":[{\"@type\":\"ListItem\",\"position\":1,\"name\":\"Portada\",\"item\":\"https:\\\/\\\/iberoid-shop.com\\\/pt\\\/\"},{\"@type\":\"ListItem\",\"position\":2,\"name\":\"Loja\",\"item\":\"https:\\\/\\\/iberoid-shop.com\\\/pt\\\/shop\\\/\"},{\"@type\":\"ListItem\",\"position\":3,\"name\":\"Proviron 25mg \u2013 100 TABLETAS 3 Pack\"}]},{\"@type\":\"WebSite\",\"@id\":\"https:\\\/\\\/iberoid-shop.com\\\/pt\\\/#website\",\"url\":\"https:\\\/\\\/iberoid-shop.com\\\/pt\\\/\",\"name\":\"Ester\u00f3ides Online\",\"description\":\"Compre ester\u00f3ides online hoje em Espanha e Portugal. Temos o melhor servi\u00e7o ao cliente do setor e produtos da mais alta qualidade\",\"potentialAction\":[{\"@type\":\"SearchAction\",\"target\":{\"@type\":\"EntryPoint\",\"urlTemplate\":\"https:\\\/\\\/iberoid-shop.com\\\/pt\\\/?s={search_term_string}\"},\"query-input\":{\"@type\":\"PropertyValueSpecification\",\"valueRequired\":true,\"valueName\":\"search_term_string\"}}],\"inLanguage\":\"pt-PT\"}]}<\/script>\n<meta property=\"product:brand\" content=\"Pharma Gen\" \/>\n<meta property=\"product:price:amount\" content=\"60.00\" \/>\n<meta property=\"product:price:currency\" content=\"EUR\" \/>\n<meta property=\"og:availability\" content=\"out of stock\" \/>\n<meta property=\"product:availability\" content=\"out of stock\" \/>\n<meta property=\"product:condition\" content=\"new\" \/>\n<!-- \/ Yoast SEO Premium plugin. -->","yoast_head_json":{"title":"Proviron 25mg \u2013 100 TABLETAS 3 Pack - Ester\u00f3ides Online","robots":{"index":"index","follow":"follow","max-snippet":"max-snippet:-1","max-image-preview":"max-image-preview:large","max-video-preview":"max-video-preview:-1"},"canonical":"https:\/\/iberoid-shop.com\/pt\/product\/pack3-proviron-25mg-100-tabletas-pharmagen\/","og_locale":"pt_PT","og_type":"article","og_title":"Proviron 25mg \u2013 100 TABLETAS 3 Pack","og_description":"\u2666 Nome Qu\u00edmico \u2666 Mesterolone \u2013 Grau Farmac\u00eautico! \u2666 Sobre \u2666 Excelente composto para usar especialmente em conjunto com Anavar.","og_url":"https:\/\/iberoid-shop.com\/pt\/product\/pack3-proviron-25mg-100-tabletas-pharmagen\/","og_site_name":"Ester\u00f3ides Online","article_modified_time":"2022-04-28T14:28:27+00:00","og_image":[{"width":2000,"height":1334,"url":"https:\/\/iberoid-shop.com\/wp-content\/uploads\/2021\/08\/Proviron-25mg-1.jpg?v=1678119966","type":"image\/jpeg"}],"twitter_card":"summary_large_image","twitter_misc":{"pre\u00e7o":"&euro;60.00","Disponibilidade":"Esgotado"},"schema":{"@context":"https:\/\/schema.org","@graph":[{"@type":"WebPage","@id":"https:\/\/iberoid-shop.com\/pt\/product\/pack3-proviron-25mg-100-tabletas-pharmagen\/","url":"https:\/\/iberoid-shop.com\/pt\/product\/pack3-proviron-25mg-100-tabletas-pharmagen\/","name":"Proviron 25mg \u2013 100 TABLETAS 3 Pack - Ester\u00f3ides Online","isPartOf":{"@id":"https:\/\/iberoid-shop.com\/pt\/#website"},"primaryImageOfPage":{"@id":"https:\/\/iberoid-shop.com\/pt\/product\/pack3-proviron-25mg-100-tabletas-pharmagen\/#primaryimage"},"image":{"@id":"https:\/\/iberoid-shop.com\/pt\/product\/pack3-proviron-25mg-100-tabletas-pharmagen\/#primaryimage"},"thumbnailUrl":"https:\/\/iberoid-shop.com\/wp-content\/uploads\/2021\/08\/Proviron-25mg-1.jpg?v=1678119966","datePublished":"2022-01-31T22:02:15+00:00","dateModified":"2022-04-28T14:28:27+00:00","breadcrumb":{"@id":"https:\/\/iberoid-shop.com\/pt\/product\/pack3-proviron-25mg-100-tabletas-pharmagen\/#breadcrumb"},"inLanguage":"pt-PT","potentialAction":[{"@type":"ReadAction","target":[["https:\/\/iberoid-shop.com\/pt\/product\/pack3-proviron-25mg-100-tabletas-pharmagen\/"]]}]},{"@type":"ImageObject","inLanguage":"pt-PT","@id":"https:\/\/iberoid-shop.com\/pt\/product\/pack3-proviron-25mg-100-tabletas-pharmagen\/#primaryimage","url":"https:\/\/iberoid-shop.com\/wp-content\/uploads\/2021\/08\/Proviron-25mg-1.jpg?v=1678119966","contentUrl":"https:\/\/iberoid-shop.com\/wp-content\/uploads\/2021\/08\/Proviron-25mg-1.jpg?v=1678119966","width":2000,"height":1334},{"@type":"BreadcrumbList","@id":"https:\/\/iberoid-shop.com\/pt\/product\/pack3-proviron-25mg-100-tabletas-pharmagen\/#breadcrumb","itemListElement":[{"@type":"ListItem","position":1,"name":"Portada","item":"https:\/\/iberoid-shop.com\/pt\/"},{"@type":"ListItem","position":2,"name":"Loja","item":"https:\/\/iberoid-shop.com\/pt\/shop\/"},{"@type":"ListItem","position":3,"name":"Proviron 25mg \u2013 100 TABLETAS 3 Pack"}]},{"@type":"WebSite","@id":"https:\/\/iberoid-shop.com\/pt\/#website","url":"https:\/\/iberoid-shop.com\/pt\/","name":"Ester\u00f3ides Online","description":"Compre ester\u00f3ides online hoje em Espanha e Portugal. Temos o melhor servi\u00e7o ao cliente do setor e produtos da mais alta qualidade","potentialAction":[{"@type":"SearchAction","target":{"@type":"EntryPoint","urlTemplate":"https:\/\/iberoid-shop.com\/pt\/?s={search_term_string}"},"query-input":{"@type":"PropertyValueSpecification","valueRequired":true,"valueName":"search_term_string"}}],"inLanguage":"pt-PT"}]},"product_brand":"Pharma Gen","product_price_amount":"60.00","product_price_currency":"EUR","og_availability":"out of stock","product_availability":"out of stock","product_condition":"new"},"_links":{"self":[{"href":"https:\/\/iberoid-shop.com\/pt\/wp-json\/wp\/v2\/product\/7262","targetHints":{"allow":["GET"]}}],"collection":[{"href":"https:\/\/iberoid-shop.com\/pt\/wp-json\/wp\/v2\/product"}],"about":[{"href":"https:\/\/iberoid-shop.com\/pt\/wp-json\/wp\/v2\/types\/product"}],"replies":[{"embeddable":true,"href":"https:\/\/iberoid-shop.com\/pt\/wp-json\/wp\/v2\/comments?post=7262"}],"wp:featuredmedia":[{"embeddable":true,"href":"https:\/\/iberoid-shop.com\/pt\/wp-json\/wp\/v2\/media\/6598"}],"wp:attachment":[{"href":"https:\/\/iberoid-shop.com\/pt\/wp-json\/wp\/v2\/media?parent=7262"}],"wp:term":[{"taxonomy":"product_brand","embeddable":true,"href":"https:\/\/iberoid-shop.com\/pt\/wp-json\/wp\/v2\/product_brand?post=7262"},{"taxonomy":"product_cat","embeddable":true,"href":"https:\/\/iberoid-shop.com\/pt\/wp-json\/wp\/v2\/product_cat?post=7262"},{"taxonomy":"product_tag","embeddable":true,"href":"https:\/\/iberoid-shop.com\/pt\/wp-json\/wp\/v2\/product_tag?post=7262"}],"curies":[{"name":"wp","href":"https:\/\/api.w.org\/{rel}","templated":true}]}}