{"id":7241,"date":"2022-01-31T21:30:49","date_gmt":"2022-01-31T21:30:49","guid":{"rendered":"https:\/\/iberoid-shop.com\/?post_type=product&#038;p=7241"},"modified":"2024-11-07T13:11:44","modified_gmt":"2024-11-07T13:11:44","slug":"pack3-dianoged-dianabol-epf-euro-prime","status":"publish","type":"product","link":"https:\/\/iberoid-shop.com\/pt\/product\/pack3-dianoged-dianabol-epf-euro-prime\/","title":{"rendered":"DIANABOL\/DIANOGED EPF- 3 pack x 100 tabletas"},"content":{"rendered":"<p>Dianoged \u00e9 um poderoso ester\u00f3ide anab\u00f3lico e androg\u00eanico, uma prepara\u00e7\u00e3o de metandienona desenvolvida para administra\u00e7\u00e3o oral. Caracteriza-se pela a\u00e7\u00e3o r\u00e1pida e forte. Nos esportes de ferro, Dianoged 10mg de EPF \u00e9 usado principalmente em cursos de treinamento de for\u00e7a e massa, geralmente em combina\u00e7\u00e3o com outras farmacologias esportivas: de propionato de testosterona a hexagidrobenzilcarbonato de trembolona. O ingrediente ativo da prepara\u00e7\u00e3o, o ester\u00f3ide metandienona, \u00e9 bem conhecido por atletas de todo o mundo. Perfil de ester\u00f3ides: \u00edndice anab\u00f3lico &#8211; 200% de testosterona; \u00edndice androg\u00eanico &#8211; 50% de testosterona; meia-vida &#8211; menos de um dia; aromatiza\u00e7\u00e3o (convers\u00e3o em estrog\u00eanio) &#8211; sim, moderada; supress\u00e3o da fun\u00e7\u00e3o HPTA (redu\u00e7\u00e3o da produ\u00e7\u00e3o de testosterona) &#8211; sim, moderada; hepatotoxicidade (toxicidade para o f\u00edgado) &#8211; sim, moderada.<\/p>","protected":false},"excerpt":{"rendered":"<p>Dianoged \u00e9 um poderoso ester\u00f3ide anab\u00f3lico e androg\u00eanico, uma prepara\u00e7\u00e3o de metandienona desenvolvida para administra\u00e7\u00e3o oral. Caracteriza-se pela a\u00e7\u00e3o r\u00e1pida<\/p>\n","protected":false},"featured_media":7242,"comment_status":"open","ping_status":"closed","template":"","meta":[],"product_brand":[],"product_cat":[73,3474],"product_tag":[],"class_list":{"0":"post-7241","1":"product","2":"type-product","3":"status-publish","4":"has-post-thumbnail","6":"product_cat-ssteroides_orales","7":"product_cat-packs","9":"first","10":"outofstock","11":"sale","12":"shipping-taxable","13":"purchasable","14":"product-type-simple"},"yoast_head":"<!-- This site is optimized with the Yoast SEO Premium plugin v24.4 (Yoast SEO v27.0) - https:\/\/yoast.com\/product\/yoast-seo-premium-wordpress\/ -->\n<title>DIANABOL\/DIANOGED EPF- 3 pack x 100 tabletas - Ester\u00f3ides Online<\/title>\n<meta name=\"robots\" content=\"index, follow, max-snippet:-1, max-image-preview:large, max-video-preview:-1\" \/>\n<link rel=\"canonical\" href=\"https:\/\/iberoid-shop.com\/pt\/product\/pack3-dianoged-dianabol-epf-euro-prime\/\" \/>\n<meta property=\"og:locale\" content=\"pt_PT\" \/>\n<meta property=\"og:type\" content=\"article\" \/>\n<meta property=\"og:title\" content=\"DIANABOL\/DIANOGED EPF- 3 pack x 100 tabletas\" \/>\n<meta property=\"og:description\" content=\"Dianoged \u00e9 um poderoso ester\u00f3ide anab\u00f3lico e androg\u00eanico, uma prepara\u00e7\u00e3o de metandienona desenvolvida para administra\u00e7\u00e3o oral. Caracteriza-se pela a\u00e7\u00e3o r\u00e1pida\" \/>\n<meta property=\"og:url\" content=\"https:\/\/iberoid-shop.com\/pt\/product\/pack3-dianoged-dianabol-epf-euro-prime\/\" \/>\n<meta property=\"og:site_name\" content=\"Ester\u00f3ides Online\" \/>\n<meta property=\"article:modified_time\" content=\"2024-11-07T13:11:44+00:00\" \/>\n<meta property=\"og:image\" content=\"https:\/\/iberoid-shop.com\/wp-content\/uploads\/2022\/01\/3-diana-epf.jpg?v=1695573410\" \/>\n\t<meta property=\"og:image:width\" content=\"960\" \/>\n\t<meta property=\"og:image:height\" content=\"1280\" \/>\n\t<meta property=\"og:image:type\" content=\"image\/jpeg\" \/>\n<meta name=\"twitter:card\" content=\"summary_large_image\" \/>\n<meta name=\"twitter:label1\" content=\"pre\u00e7o\" \/>\n\t<meta name=\"twitter:data1\" content=\"&euro;55.00\" \/>\n\t<meta name=\"twitter:label2\" content=\"Disponibilidade\" \/>\n\t<meta name=\"twitter:data2\" content=\"Esgotado\" \/>\n<script type=\"application\/ld+json\" class=\"yoast-schema-graph\">{\"@context\":\"https:\/\/schema.org\",\"@graph\":[{\"@type\":\"WebPage\",\"@id\":\"https:\/\/iberoid-shop.com\/pt\/product\/pack3-dianoged-dianabol-epf-euro-prime\/\",\"url\":\"https:\/\/iberoid-shop.com\/pt\/product\/pack3-dianoged-dianabol-epf-euro-prime\/\",\"name\":\"DIANABOL\/DIANOGED EPF- 3 pack x 100 tabletas - Ester\u00f3ides Online\",\"isPartOf\":{\"@id\":\"https:\/\/iberoid-shop.com\/pt\/#website\"},\"primaryImageOfPage\":{\"@id\":\"https:\/\/iberoid-shop.com\/pt\/product\/pack3-dianoged-dianabol-epf-euro-prime\/#primaryimage\"},\"image\":{\"@id\":\"https:\/\/iberoid-shop.com\/pt\/product\/pack3-dianoged-dianabol-epf-euro-prime\/#primaryimage\"},\"thumbnailUrl\":\"https:\/\/iberoid-shop.com\/wp-content\/uploads\/2022\/01\/3-diana-epf.jpg?v=1695573410\",\"datePublished\":\"2022-01-31T21:30:49+00:00\",\"dateModified\":\"2024-11-07T13:11:44+00:00\",\"breadcrumb\":{\"@id\":\"https:\/\/iberoid-shop.com\/pt\/product\/pack3-dianoged-dianabol-epf-euro-prime\/#breadcrumb\"},\"inLanguage\":\"pt-PT\",\"potentialAction\":[{\"@type\":\"ReadAction\",\"target\":[[\"https:\/\/iberoid-shop.com\/pt\/product\/pack3-dianoged-dianabol-epf-euro-prime\/\"]]}]},{\"@type\":\"ImageObject\",\"inLanguage\":\"pt-PT\",\"@id\":\"https:\/\/iberoid-shop.com\/pt\/product\/pack3-dianoged-dianabol-epf-euro-prime\/#primaryimage\",\"url\":\"https:\/\/iberoid-shop.com\/wp-content\/uploads\/2022\/01\/3-diana-epf.jpg?v=1695573410\",\"contentUrl\":\"https:\/\/iberoid-shop.com\/wp-content\/uploads\/2022\/01\/3-diana-epf.jpg?v=1695573410\",\"width\":960,\"height\":1280},{\"@type\":\"BreadcrumbList\",\"@id\":\"https:\/\/iberoid-shop.com\/pt\/product\/pack3-dianoged-dianabol-epf-euro-prime\/#breadcrumb\",\"itemListElement\":[{\"@type\":\"ListItem\",\"position\":1,\"name\":\"Portada\",\"item\":\"https:\/\/iberoid-shop.com\/pt\/\"},{\"@type\":\"ListItem\",\"position\":2,\"name\":\"Loja\",\"item\":\"https:\/\/iberoid-shop.com\/pt\/shop\/\"},{\"@type\":\"ListItem\",\"position\":3,\"name\":\"DIANABOL\/DIANOGED EPF- 3 pack x 100 tabletas\"}]},{\"@type\":\"WebSite\",\"@id\":\"https:\/\/iberoid-shop.com\/pt\/#website\",\"url\":\"https:\/\/iberoid-shop.com\/pt\/\",\"name\":\"Ester\u00f3ides Online\",\"description\":\"Compre ester\u00f3ides online hoje em Espanha e Portugal. Temos o melhor servi\u00e7o ao cliente do setor e produtos da mais alta qualidade\",\"potentialAction\":[{\"@type\":\"SearchAction\",\"target\":{\"@type\":\"EntryPoint\",\"urlTemplate\":\"https:\/\/iberoid-shop.com\/pt\/?s={search_term_string}\"},\"query-input\":{\"@type\":\"PropertyValueSpecification\",\"valueRequired\":true,\"valueName\":\"search_term_string\"}}],\"inLanguage\":\"pt-PT\"}]}<\/script>\n<meta property=\"product:brand\" content=\"Euro Prime Pharmaceuticals (EPF)\" \/>\n<meta property=\"product:price:amount\" content=\"55.00\" \/>\n<meta property=\"product:price:currency\" content=\"EUR\" \/>\n<meta property=\"og:availability\" content=\"out of stock\" \/>\n<meta property=\"product:availability\" content=\"out of stock\" \/>\n<meta property=\"product:condition\" content=\"new\" \/>\n<!-- \/ Yoast SEO Premium plugin. -->","yoast_head_json":{"title":"DIANABOL\/DIANOGED EPF- 3 pack x 100 tabletas - Ester\u00f3ides Online","robots":{"index":"index","follow":"follow","max-snippet":"max-snippet:-1","max-image-preview":"max-image-preview:large","max-video-preview":"max-video-preview:-1"},"canonical":"https:\/\/iberoid-shop.com\/pt\/product\/pack3-dianoged-dianabol-epf-euro-prime\/","og_locale":"pt_PT","og_type":"article","og_title":"DIANABOL\/DIANOGED EPF- 3 pack x 100 tabletas","og_description":"Dianoged \u00e9 um poderoso ester\u00f3ide anab\u00f3lico e androg\u00eanico, uma prepara\u00e7\u00e3o de metandienona desenvolvida para administra\u00e7\u00e3o oral. Caracteriza-se pela a\u00e7\u00e3o r\u00e1pida","og_url":"https:\/\/iberoid-shop.com\/pt\/product\/pack3-dianoged-dianabol-epf-euro-prime\/","og_site_name":"Ester\u00f3ides Online","article_modified_time":"2024-11-07T13:11:44+00:00","og_image":[{"width":960,"height":1280,"url":"https:\/\/iberoid-shop.com\/wp-content\/uploads\/2022\/01\/3-diana-epf.jpg?v=1695573410","type":"image\/jpeg"}],"twitter_card":"summary_large_image","twitter_misc":{"pre\u00e7o":"&euro;55.00","Disponibilidade":"Esgotado"},"schema":{"@context":"https:\/\/schema.org","@graph":[{"@type":"WebPage","@id":"https:\/\/iberoid-shop.com\/pt\/product\/pack3-dianoged-dianabol-epf-euro-prime\/","url":"https:\/\/iberoid-shop.com\/pt\/product\/pack3-dianoged-dianabol-epf-euro-prime\/","name":"DIANABOL\/DIANOGED EPF- 3 pack x 100 tabletas - Ester\u00f3ides Online","isPartOf":{"@id":"https:\/\/iberoid-shop.com\/pt\/#website"},"primaryImageOfPage":{"@id":"https:\/\/iberoid-shop.com\/pt\/product\/pack3-dianoged-dianabol-epf-euro-prime\/#primaryimage"},"image":{"@id":"https:\/\/iberoid-shop.com\/pt\/product\/pack3-dianoged-dianabol-epf-euro-prime\/#primaryimage"},"thumbnailUrl":"https:\/\/iberoid-shop.com\/wp-content\/uploads\/2022\/01\/3-diana-epf.jpg?v=1695573410","datePublished":"2022-01-31T21:30:49+00:00","dateModified":"2024-11-07T13:11:44+00:00","breadcrumb":{"@id":"https:\/\/iberoid-shop.com\/pt\/product\/pack3-dianoged-dianabol-epf-euro-prime\/#breadcrumb"},"inLanguage":"pt-PT","potentialAction":[{"@type":"ReadAction","target":[["https:\/\/iberoid-shop.com\/pt\/product\/pack3-dianoged-dianabol-epf-euro-prime\/"]]}]},{"@type":"ImageObject","inLanguage":"pt-PT","@id":"https:\/\/iberoid-shop.com\/pt\/product\/pack3-dianoged-dianabol-epf-euro-prime\/#primaryimage","url":"https:\/\/iberoid-shop.com\/wp-content\/uploads\/2022\/01\/3-diana-epf.jpg?v=1695573410","contentUrl":"https:\/\/iberoid-shop.com\/wp-content\/uploads\/2022\/01\/3-diana-epf.jpg?v=1695573410","width":960,"height":1280},{"@type":"BreadcrumbList","@id":"https:\/\/iberoid-shop.com\/pt\/product\/pack3-dianoged-dianabol-epf-euro-prime\/#breadcrumb","itemListElement":[{"@type":"ListItem","position":1,"name":"Portada","item":"https:\/\/iberoid-shop.com\/pt\/"},{"@type":"ListItem","position":2,"name":"Loja","item":"https:\/\/iberoid-shop.com\/pt\/shop\/"},{"@type":"ListItem","position":3,"name":"DIANABOL\/DIANOGED EPF- 3 pack x 100 tabletas"}]},{"@type":"WebSite","@id":"https:\/\/iberoid-shop.com\/pt\/#website","url":"https:\/\/iberoid-shop.com\/pt\/","name":"Ester\u00f3ides Online","description":"Compre ester\u00f3ides online hoje em Espanha e Portugal. Temos o melhor servi\u00e7o ao cliente do setor e produtos da mais alta qualidade","potentialAction":[{"@type":"SearchAction","target":{"@type":"EntryPoint","urlTemplate":"https:\/\/iberoid-shop.com\/pt\/?s={search_term_string}"},"query-input":{"@type":"PropertyValueSpecification","valueRequired":true,"valueName":"search_term_string"}}],"inLanguage":"pt-PT"}]},"product_brand":"Euro Prime Pharmaceuticals (EPF)","product_price_amount":"55.00","product_price_currency":"EUR","og_availability":"out of stock","product_availability":"out of stock","product_condition":"new"},"_links":{"self":[{"href":"https:\/\/iberoid-shop.com\/pt\/wp-json\/wp\/v2\/product\/7241","targetHints":{"allow":["GET"]}}],"collection":[{"href":"https:\/\/iberoid-shop.com\/pt\/wp-json\/wp\/v2\/product"}],"about":[{"href":"https:\/\/iberoid-shop.com\/pt\/wp-json\/wp\/v2\/types\/product"}],"replies":[{"embeddable":true,"href":"https:\/\/iberoid-shop.com\/pt\/wp-json\/wp\/v2\/comments?post=7241"}],"wp:featuredmedia":[{"embeddable":true,"href":"https:\/\/iberoid-shop.com\/pt\/wp-json\/wp\/v2\/media\/7242"}],"wp:attachment":[{"href":"https:\/\/iberoid-shop.com\/pt\/wp-json\/wp\/v2\/media?parent=7241"}],"wp:term":[{"taxonomy":"product_brand","embeddable":true,"href":"https:\/\/iberoid-shop.com\/pt\/wp-json\/wp\/v2\/product_brand?post=7241"},{"taxonomy":"product_cat","embeddable":true,"href":"https:\/\/iberoid-shop.com\/pt\/wp-json\/wp\/v2\/product_cat?post=7241"},{"taxonomy":"product_tag","embeddable":true,"href":"https:\/\/iberoid-shop.com\/pt\/wp-json\/wp\/v2\/product_tag?post=7241"}],"curies":[{"name":"wp","href":"https:\/\/api.w.org\/{rel}","templated":true}]}}