{"id":7239,"date":"2022-01-31T21:23:12","date_gmt":"2022-01-31T21:23:12","guid":{"rendered":"https:\/\/iberoid-shop.com\/?post_type=product&#038;p=7239"},"modified":"2024-05-12T16:55:28","modified_gmt":"2024-05-12T16:55:28","slug":"pack3-nandrolone-decanoate-19ml-golden-dragon-ltd","status":"publish","type":"product","link":"https:\/\/iberoid-shop.com\/pt\/product\/pack3-nandrolone-decanoate-19ml-golden-dragon-ltd\/","title":{"rendered":"NANDROLONE DECANOATE- 10ML &#8211; 3 pack"},"content":{"rendered":"<p>Nandrolona (todas as formas) \u00e9 um ester\u00f3ide androg\u00eanico anab\u00f3lico 19-nortestosterona (19-nor). A distin\u00e7\u00e3o 19-nor observa uma mudan\u00e7a estrutural no horm\u00f4nio testosterona, especificamente o horm\u00f4nio testosterona sem o \u00e1tomo de carbono na 19\u00aa posi\u00e7\u00e3o. \u00c9 esta ligeira altera\u00e7\u00e3o que nos d\u00e1 Nandrolona; Testosterona, remova o 19\u00ba carbono e nasce um novo ester\u00f3ide.<\/p>\n<p>A nandrolona possui uma classifica\u00e7\u00e3o anab\u00f3lica ligeiramente maior que a testosterona, mas possui uma classifica\u00e7\u00e3o androg\u00eanica muito menor. Sua classifica\u00e7\u00e3o androg\u00eanica \u00e9 de apenas 37, com a classifica\u00e7\u00e3o da testosterona sendo 100. A classifica\u00e7\u00e3o androg\u00eanica diminu\u00edda \u00e9 devido \u00e0 capacidade da nandrolona de reduzir a diidronandrolona (DHN) em vez de diidrotestosterona (DHT). Isso torna a nandrolona um dos ester\u00f3ides anabolizantes mais bem tolerados para homens adultos. A nandrolona possui muito pouca atividade estrog\u00eanica com uma taxa de aromatase de apenas 20% da testosterona. \u00c9 classificado como uma progestina ativa e isso ter\u00e1 efeitos colaterais potenciais, mas eles s\u00e3o control\u00e1veis \u200b\u200bna maioria dos casos.<\/p>\n<p>A nandrolona \u00e9 um ester\u00f3ide anabolizante eficaz e poderoso por in\u00fameras raz\u00f5es, com v\u00e1rios benef\u00edcios funcionais diretos. As principais fun\u00e7\u00f5es do horm\u00f4nio nandrolona incluem, mas n\u00e3o est\u00e3o limitadas ao seguinte:<br \/>\n&#8211; Melhora a s\u00edntese de prote\u00ednas<br \/>\n&#8211; Inibe os horm\u00f4nios glicocortic\u00f3ides<br \/>\n\u2013 Promover a produ\u00e7\u00e3o aprimorada de IGF-1<br \/>\n&#8211; Aumenta a reten\u00e7\u00e3o de nitrog\u00eanio<br \/>\n&#8211; Aumento da contagem de gl\u00f3bulos vermelhos<br \/>\n&#8211; Aumenta a s\u00edntese de col\u00e1geno<br \/>\n&#8211; Melhora o conte\u00fado mineral \u00f3sseo<\/p>\n<p>Os efeitos da nandrolona, \u200b\u200bos cinco primeiros listados s\u00e3o compartilhados por muitos ester\u00f3ides anabolizantes. No entanto, o aumento na reten\u00e7\u00e3o de nitrog\u00eanio \u00e9 muito maior com este ester\u00f3ide do que a maioria. Isso \u00e9 importante, pois todo o tecido muscular \u00e9 composto por 16% de nitrog\u00eanio. Isso pode n\u00e3o parecer t\u00e3o importante, mas a reten\u00e7\u00e3o cria anabolismo e a falta de reten\u00e7\u00e3o nos coloca em um estado catab\u00f3lico. Ent\u00e3o ficamos com os tra\u00e7os de col\u00e1geno e mineral \u00f3sseo e s\u00e3o esses dois tra\u00e7os que realmente separam a nandrolona do resto do pacote. S\u00e3o essas duas caracter\u00edsticas que permitem que a nandrolona promova o al\u00edvio das articula\u00e7\u00f5es e at\u00e9 mesmo o al\u00edvio da dor em tend\u00f5es e ligamentos doloridos at\u00e9 certo ponto. O fator de recupera\u00e7\u00e3o que isso promove \u00e9 realmente tremendo e \u00e9 uma das raz\u00f5es e muitas vezes a \u00fanica raz\u00e3o pela qual alguns atletas usam o ester\u00f3ide.<\/p>\n<p>As fun\u00e7\u00f5es e caracter\u00edsticas da nandrolona tamb\u00e9m s\u00e3o bem apreciadas nos c\u00edrculos m\u00e9dicos, pois o horm\u00f4nio mostrou benef\u00edcios positivos em muitas \u00e1reas de tratamento. O horm\u00f4nio nandrolona \u00e9 adequado para o tratamento de doen\u00e7as de perda muscular, fadiga e fraqueza geri\u00e1trica. \u00c9 tamb\u00e9m um excelente combatente da anemia. A nandrolona tem sido usada com sucesso para combater certas formas de c\u00e2ncer de mama, alterando a vida de v\u00edtimas de queimaduras e pode at\u00e9 tratar e aliviar \u00falceras. Os benef\u00edcios m\u00e9dicos continuam, pois a nandrolona demonstrou ter um impacto positivo no tratamento do retardo de desenvolvimento em crian\u00e7as, bem como no nanismo. No entanto, embora eficaz em todas essas \u00e1reas onde tem se destacado fortemente \u00e9 no tratamento da osteoporose.<\/p>","protected":false},"excerpt":{"rendered":"<p>Nandrolona (todas as formas) \u00e9 um ester\u00f3ide androg\u00eanico anab\u00f3lico 19-nortestosterona (19-nor). A distin\u00e7\u00e3o 19-nor observa uma mudan\u00e7a estrutural no horm\u00f4nio<\/p>\n","protected":false},"featured_media":6576,"comment_status":"open","ping_status":"closed","template":"","meta":[],"product_brand":[],"product_cat":[69,3474],"product_tag":[],"class_list":{"0":"post-7239","1":"product","2":"type-product","3":"status-publish","4":"has-post-thumbnail","6":"product_cat-esteroides_inyectables","7":"product_cat-packs","9":"first","10":"outofstock","11":"sale","12":"shipping-taxable","13":"purchasable","14":"product-type-simple"},"yoast_head":"<!-- This site is optimized with the Yoast SEO Premium plugin v24.4 (Yoast SEO v27.0) - https:\/\/yoast.com\/product\/yoast-seo-premium-wordpress\/ -->\n<title>NANDROLONE DECANOATE- 10ML - 3 pack - Ester\u00f3ides Online<\/title>\n<meta name=\"robots\" content=\"index, follow, max-snippet:-1, max-image-preview:large, max-video-preview:-1\" \/>\n<link rel=\"canonical\" href=\"https:\/\/iberoid-shop.com\/pt\/product\/pack3-nandrolone-decanoate-19ml-golden-dragon-ltd\/\" \/>\n<meta property=\"og:locale\" content=\"pt_PT\" \/>\n<meta property=\"og:type\" content=\"article\" \/>\n<meta property=\"og:title\" content=\"NANDROLONE DECANOATE- 10ML - 3 pack\" \/>\n<meta property=\"og:description\" content=\"Nandrolona (todas as formas) \u00e9 um ester\u00f3ide androg\u00eanico anab\u00f3lico 19-nortestosterona (19-nor). A distin\u00e7\u00e3o 19-nor observa uma mudan\u00e7a estrutural no horm\u00f4nio\" \/>\n<meta property=\"og:url\" content=\"https:\/\/iberoid-shop.com\/pt\/product\/pack3-nandrolone-decanoate-19ml-golden-dragon-ltd\/\" \/>\n<meta property=\"og:site_name\" content=\"Ester\u00f3ides Online\" \/>\n<meta property=\"article:modified_time\" content=\"2024-05-12T16:55:28+00:00\" \/>\n<meta property=\"og:image\" content=\"https:\/\/iberoid-shop.com\/wp-content\/uploads\/2021\/08\/nandroged.jpg?v=1699082603\" \/>\n\t<meta property=\"og:image:width\" content=\"500\" \/>\n\t<meta property=\"og:image:height\" content=\"500\" \/>\n\t<meta property=\"og:image:type\" content=\"image\/jpeg\" \/>\n<meta name=\"twitter:card\" content=\"summary_large_image\" \/>\n<meta name=\"twitter:label1\" content=\"pre\u00e7o\" \/>\n\t<meta name=\"twitter:data1\" content=\"&euro;75.00\" \/>\n\t<meta name=\"twitter:label2\" content=\"Disponibilidade\" \/>\n\t<meta name=\"twitter:data2\" content=\"Esgotado\" \/>\n<script type=\"application\/ld+json\" class=\"yoast-schema-graph\">{\"@context\":\"https:\/\/schema.org\",\"@graph\":[{\"@type\":\"WebPage\",\"@id\":\"https:\/\/iberoid-shop.com\/pt\/product\/pack3-nandrolone-decanoate-19ml-golden-dragon-ltd\/\",\"url\":\"https:\/\/iberoid-shop.com\/pt\/product\/pack3-nandrolone-decanoate-19ml-golden-dragon-ltd\/\",\"name\":\"NANDROLONE DECANOATE- 10ML - 3 pack - Ester\u00f3ides Online\",\"isPartOf\":{\"@id\":\"https:\/\/iberoid-shop.com\/pt\/#website\"},\"primaryImageOfPage\":{\"@id\":\"https:\/\/iberoid-shop.com\/pt\/product\/pack3-nandrolone-decanoate-19ml-golden-dragon-ltd\/#primaryimage\"},\"image\":{\"@id\":\"https:\/\/iberoid-shop.com\/pt\/product\/pack3-nandrolone-decanoate-19ml-golden-dragon-ltd\/#primaryimage\"},\"thumbnailUrl\":\"https:\/\/iberoid-shop.com\/wp-content\/uploads\/2021\/08\/nandroged.jpg?v=1699082603\",\"datePublished\":\"2022-01-31T21:23:12+00:00\",\"dateModified\":\"2024-05-12T16:55:28+00:00\",\"breadcrumb\":{\"@id\":\"https:\/\/iberoid-shop.com\/pt\/product\/pack3-nandrolone-decanoate-19ml-golden-dragon-ltd\/#breadcrumb\"},\"inLanguage\":\"pt-PT\",\"potentialAction\":[{\"@type\":\"ReadAction\",\"target\":[[\"https:\/\/iberoid-shop.com\/pt\/product\/pack3-nandrolone-decanoate-19ml-golden-dragon-ltd\/\"]]}]},{\"@type\":\"ImageObject\",\"inLanguage\":\"pt-PT\",\"@id\":\"https:\/\/iberoid-shop.com\/pt\/product\/pack3-nandrolone-decanoate-19ml-golden-dragon-ltd\/#primaryimage\",\"url\":\"https:\/\/iberoid-shop.com\/wp-content\/uploads\/2021\/08\/nandroged.jpg?v=1699082603\",\"contentUrl\":\"https:\/\/iberoid-shop.com\/wp-content\/uploads\/2021\/08\/nandroged.jpg?v=1699082603\",\"width\":500,\"height\":500},{\"@type\":\"BreadcrumbList\",\"@id\":\"https:\/\/iberoid-shop.com\/pt\/product\/pack3-nandrolone-decanoate-19ml-golden-dragon-ltd\/#breadcrumb\",\"itemListElement\":[{\"@type\":\"ListItem\",\"position\":1,\"name\":\"Portada\",\"item\":\"https:\/\/iberoid-shop.com\/pt\/\"},{\"@type\":\"ListItem\",\"position\":2,\"name\":\"Loja\",\"item\":\"https:\/\/iberoid-shop.com\/pt\/shop\/\"},{\"@type\":\"ListItem\",\"position\":3,\"name\":\"NANDROLONE DECANOATE- 10ML &#8211; 3 pack\"}]},{\"@type\":\"WebSite\",\"@id\":\"https:\/\/iberoid-shop.com\/pt\/#website\",\"url\":\"https:\/\/iberoid-shop.com\/pt\/\",\"name\":\"Ester\u00f3ides Online\",\"description\":\"Compre ester\u00f3ides online hoje em Espanha e Portugal. Temos o melhor servi\u00e7o ao cliente do setor e produtos da mais alta qualidade\",\"potentialAction\":[{\"@type\":\"SearchAction\",\"target\":{\"@type\":\"EntryPoint\",\"urlTemplate\":\"https:\/\/iberoid-shop.com\/pt\/?s={search_term_string}\"},\"query-input\":{\"@type\":\"PropertyValueSpecification\",\"valueRequired\":true,\"valueName\":\"search_term_string\"}}],\"inLanguage\":\"pt-PT\"}]}<\/script>\n<meta property=\"product:brand\" content=\"Golden Dragon\" \/>\n<meta property=\"product:price:amount\" content=\"75.00\" \/>\n<meta property=\"product:price:currency\" content=\"EUR\" \/>\n<meta property=\"og:availability\" content=\"out of stock\" \/>\n<meta property=\"product:availability\" content=\"out of stock\" \/>\n<meta property=\"product:condition\" content=\"new\" \/>\n<!-- \/ Yoast SEO Premium plugin. -->","yoast_head_json":{"title":"NANDROLONE DECANOATE- 10ML - 3 pack - Ester\u00f3ides Online","robots":{"index":"index","follow":"follow","max-snippet":"max-snippet:-1","max-image-preview":"max-image-preview:large","max-video-preview":"max-video-preview:-1"},"canonical":"https:\/\/iberoid-shop.com\/pt\/product\/pack3-nandrolone-decanoate-19ml-golden-dragon-ltd\/","og_locale":"pt_PT","og_type":"article","og_title":"NANDROLONE DECANOATE- 10ML - 3 pack","og_description":"Nandrolona (todas as formas) \u00e9 um ester\u00f3ide androg\u00eanico anab\u00f3lico 19-nortestosterona (19-nor). A distin\u00e7\u00e3o 19-nor observa uma mudan\u00e7a estrutural no horm\u00f4nio","og_url":"https:\/\/iberoid-shop.com\/pt\/product\/pack3-nandrolone-decanoate-19ml-golden-dragon-ltd\/","og_site_name":"Ester\u00f3ides Online","article_modified_time":"2024-05-12T16:55:28+00:00","og_image":[{"width":500,"height":500,"url":"https:\/\/iberoid-shop.com\/wp-content\/uploads\/2021\/08\/nandroged.jpg?v=1699082603","type":"image\/jpeg"}],"twitter_card":"summary_large_image","twitter_misc":{"pre\u00e7o":"&euro;75.00","Disponibilidade":"Esgotado"},"schema":{"@context":"https:\/\/schema.org","@graph":[{"@type":"WebPage","@id":"https:\/\/iberoid-shop.com\/pt\/product\/pack3-nandrolone-decanoate-19ml-golden-dragon-ltd\/","url":"https:\/\/iberoid-shop.com\/pt\/product\/pack3-nandrolone-decanoate-19ml-golden-dragon-ltd\/","name":"NANDROLONE DECANOATE- 10ML - 3 pack - Ester\u00f3ides Online","isPartOf":{"@id":"https:\/\/iberoid-shop.com\/pt\/#website"},"primaryImageOfPage":{"@id":"https:\/\/iberoid-shop.com\/pt\/product\/pack3-nandrolone-decanoate-19ml-golden-dragon-ltd\/#primaryimage"},"image":{"@id":"https:\/\/iberoid-shop.com\/pt\/product\/pack3-nandrolone-decanoate-19ml-golden-dragon-ltd\/#primaryimage"},"thumbnailUrl":"https:\/\/iberoid-shop.com\/wp-content\/uploads\/2021\/08\/nandroged.jpg?v=1699082603","datePublished":"2022-01-31T21:23:12+00:00","dateModified":"2024-05-12T16:55:28+00:00","breadcrumb":{"@id":"https:\/\/iberoid-shop.com\/pt\/product\/pack3-nandrolone-decanoate-19ml-golden-dragon-ltd\/#breadcrumb"},"inLanguage":"pt-PT","potentialAction":[{"@type":"ReadAction","target":[["https:\/\/iberoid-shop.com\/pt\/product\/pack3-nandrolone-decanoate-19ml-golden-dragon-ltd\/"]]}]},{"@type":"ImageObject","inLanguage":"pt-PT","@id":"https:\/\/iberoid-shop.com\/pt\/product\/pack3-nandrolone-decanoate-19ml-golden-dragon-ltd\/#primaryimage","url":"https:\/\/iberoid-shop.com\/wp-content\/uploads\/2021\/08\/nandroged.jpg?v=1699082603","contentUrl":"https:\/\/iberoid-shop.com\/wp-content\/uploads\/2021\/08\/nandroged.jpg?v=1699082603","width":500,"height":500},{"@type":"BreadcrumbList","@id":"https:\/\/iberoid-shop.com\/pt\/product\/pack3-nandrolone-decanoate-19ml-golden-dragon-ltd\/#breadcrumb","itemListElement":[{"@type":"ListItem","position":1,"name":"Portada","item":"https:\/\/iberoid-shop.com\/pt\/"},{"@type":"ListItem","position":2,"name":"Loja","item":"https:\/\/iberoid-shop.com\/pt\/shop\/"},{"@type":"ListItem","position":3,"name":"NANDROLONE DECANOATE- 10ML &#8211; 3 pack"}]},{"@type":"WebSite","@id":"https:\/\/iberoid-shop.com\/pt\/#website","url":"https:\/\/iberoid-shop.com\/pt\/","name":"Ester\u00f3ides Online","description":"Compre ester\u00f3ides online hoje em Espanha e Portugal. Temos o melhor servi\u00e7o ao cliente do setor e produtos da mais alta qualidade","potentialAction":[{"@type":"SearchAction","target":{"@type":"EntryPoint","urlTemplate":"https:\/\/iberoid-shop.com\/pt\/?s={search_term_string}"},"query-input":{"@type":"PropertyValueSpecification","valueRequired":true,"valueName":"search_term_string"}}],"inLanguage":"pt-PT"}]},"product_brand":"Golden Dragon","product_price_amount":"75.00","product_price_currency":"EUR","og_availability":"out of stock","product_availability":"out of stock","product_condition":"new"},"_links":{"self":[{"href":"https:\/\/iberoid-shop.com\/pt\/wp-json\/wp\/v2\/product\/7239","targetHints":{"allow":["GET"]}}],"collection":[{"href":"https:\/\/iberoid-shop.com\/pt\/wp-json\/wp\/v2\/product"}],"about":[{"href":"https:\/\/iberoid-shop.com\/pt\/wp-json\/wp\/v2\/types\/product"}],"replies":[{"embeddable":true,"href":"https:\/\/iberoid-shop.com\/pt\/wp-json\/wp\/v2\/comments?post=7239"}],"wp:featuredmedia":[{"embeddable":true,"href":"https:\/\/iberoid-shop.com\/pt\/wp-json\/wp\/v2\/media\/6576"}],"wp:attachment":[{"href":"https:\/\/iberoid-shop.com\/pt\/wp-json\/wp\/v2\/media?parent=7239"}],"wp:term":[{"taxonomy":"product_brand","embeddable":true,"href":"https:\/\/iberoid-shop.com\/pt\/wp-json\/wp\/v2\/product_brand?post=7239"},{"taxonomy":"product_cat","embeddable":true,"href":"https:\/\/iberoid-shop.com\/pt\/wp-json\/wp\/v2\/product_cat?post=7239"},{"taxonomy":"product_tag","embeddable":true,"href":"https:\/\/iberoid-shop.com\/pt\/wp-json\/wp\/v2\/product_tag?post=7239"}],"curies":[{"name":"wp","href":"https:\/\/api.w.org\/{rel}","templated":true}]}}