{"id":7237,"date":"2022-01-31T21:20:05","date_gmt":"2022-01-31T21:20:05","guid":{"rendered":"https:\/\/iberoid-shop.com\/?post_type=product&#038;p=7237"},"modified":"2023-03-21T14:11:42","modified_gmt":"2023-03-21T14:11:42","slug":"pack3-testosterone-mix-sustanon-epf","status":"publish","type":"product","link":"https:\/\/iberoid-shop.com\/pt\/product\/pack3-testosterone-mix-sustanon-epf\/","title":{"rendered":"Testosterone Mix \u2013 Sustanon &#8211; 3 Pack-"},"content":{"rendered":"<p>Testosterone Mix ou Sustanon \u00e9 um dos ester\u00f3ides anabolizantes mais populares e usados. Sustanon atua desde a primeira administra\u00e7\u00e3o devido ao propionato de testosterona na composi\u00e7\u00e3o. Os outros \u00e9steres da composi\u00e7\u00e3o t\u00eam uma a\u00e7\u00e3o longa de 1-2 semanas. \u00c9 um ester\u00f3ide melhor por causa de sua testosterona enantato ou cipionato porque mant\u00e9m um n\u00edvel constante de testosterona no sangue. Tem um alto efeito anab\u00f3lico e tamb\u00e9m uma pronunciada atividade androg\u00eanica. \u00c9 um esteroide usado em per\u00edodos de ac\u00famulo de massa, traz ganhos significativos de massa e for\u00e7a. Embora seja aromatizado como um ester\u00f3ide \u00e0 base de testosterona, seus efeitos colaterais s\u00e3o mais leves do que os do enantato de testosterona. Sustanon ser\u00e1 sentido rapidamente no corpo devido aos \u00e9steres curtos que come\u00e7am a agir imediatamente ap\u00f3s a inje\u00e7\u00e3o.<\/p>","protected":false},"excerpt":{"rendered":"<p>Testosterone Mix ou Sustanon \u00e9 um dos ester\u00f3ides anabolizantes mais populares e usados. Sustanon atua desde a primeira administra\u00e7\u00e3o devido<\/p>\n","protected":false},"featured_media":7238,"comment_status":"open","ping_status":"closed","template":"","meta":[],"product_brand":[],"product_cat":[69,3474],"product_tag":[],"class_list":{"0":"post-7237","1":"product","2":"type-product","3":"status-publish","4":"has-post-thumbnail","6":"product_cat-esteroides_inyectables","7":"product_cat-packs","9":"first","10":"outofstock","11":"sale","12":"shipping-taxable","13":"purchasable","14":"product-type-simple"},"yoast_head":"<!-- This site is optimized with the Yoast SEO Premium plugin v24.4 (Yoast SEO v27.0) - https:\/\/yoast.com\/product\/yoast-seo-premium-wordpress\/ -->\n<title>Testosterone Mix \u2013 Sustanon - 3 Pack- - Ester\u00f3ides Online<\/title>\n<meta name=\"robots\" content=\"index, follow, max-snippet:-1, max-image-preview:large, max-video-preview:-1\" \/>\n<link rel=\"canonical\" href=\"https:\/\/iberoid-shop.com\/pt\/product\/pack3-testosterone-mix-sustanon-epf\/\" \/>\n<meta property=\"og:locale\" content=\"pt_PT\" \/>\n<meta property=\"og:type\" content=\"article\" \/>\n<meta property=\"og:title\" content=\"Testosterone Mix \u2013 Sustanon - 3 Pack-\" \/>\n<meta property=\"og:description\" content=\"Testosterone Mix ou Sustanon \u00e9 um dos ester\u00f3ides anabolizantes mais populares e usados. Sustanon atua desde a primeira administra\u00e7\u00e3o devido\" \/>\n<meta property=\"og:url\" content=\"https:\/\/iberoid-shop.com\/pt\/product\/pack3-testosterone-mix-sustanon-epf\/\" \/>\n<meta property=\"og:site_name\" content=\"Ester\u00f3ides Online\" \/>\n<meta property=\"article:modified_time\" content=\"2023-03-21T14:11:42+00:00\" \/>\n<meta property=\"og:image\" content=\"https:\/\/iberoid-shop.com\/wp-content\/uploads\/2022\/01\/3mix-epf.jpg?v=1678119924\" \/>\n\t<meta property=\"og:image:width\" content=\"960\" \/>\n\t<meta property=\"og:image:height\" content=\"1280\" \/>\n\t<meta property=\"og:image:type\" content=\"image\/jpeg\" \/>\n<meta name=\"twitter:card\" content=\"summary_large_image\" \/>\n<meta name=\"twitter:label1\" content=\"pre\u00e7o\" \/>\n\t<meta name=\"twitter:data1\" content=\"&euro;110.00\" \/>\n\t<meta name=\"twitter:label2\" content=\"Disponibilidade\" \/>\n\t<meta name=\"twitter:data2\" content=\"Esgotado\" \/>\n<script type=\"application\/ld+json\" class=\"yoast-schema-graph\">{\"@context\":\"https:\/\/schema.org\",\"@graph\":[{\"@type\":\"WebPage\",\"@id\":\"https:\/\/iberoid-shop.com\/pt\/product\/pack3-testosterone-mix-sustanon-epf\/\",\"url\":\"https:\/\/iberoid-shop.com\/pt\/product\/pack3-testosterone-mix-sustanon-epf\/\",\"name\":\"Testosterone Mix \u2013 Sustanon - 3 Pack- - Ester\u00f3ides Online\",\"isPartOf\":{\"@id\":\"https:\/\/iberoid-shop.com\/pt\/#website\"},\"primaryImageOfPage\":{\"@id\":\"https:\/\/iberoid-shop.com\/pt\/product\/pack3-testosterone-mix-sustanon-epf\/#primaryimage\"},\"image\":{\"@id\":\"https:\/\/iberoid-shop.com\/pt\/product\/pack3-testosterone-mix-sustanon-epf\/#primaryimage\"},\"thumbnailUrl\":\"https:\/\/iberoid-shop.com\/wp-content\/uploads\/2022\/01\/3mix-epf.jpg?v=1678119924\",\"datePublished\":\"2022-01-31T21:20:05+00:00\",\"dateModified\":\"2023-03-21T14:11:42+00:00\",\"breadcrumb\":{\"@id\":\"https:\/\/iberoid-shop.com\/pt\/product\/pack3-testosterone-mix-sustanon-epf\/#breadcrumb\"},\"inLanguage\":\"pt-PT\",\"potentialAction\":[{\"@type\":\"ReadAction\",\"target\":[[\"https:\/\/iberoid-shop.com\/pt\/product\/pack3-testosterone-mix-sustanon-epf\/\"]]}]},{\"@type\":\"ImageObject\",\"inLanguage\":\"pt-PT\",\"@id\":\"https:\/\/iberoid-shop.com\/pt\/product\/pack3-testosterone-mix-sustanon-epf\/#primaryimage\",\"url\":\"https:\/\/iberoid-shop.com\/wp-content\/uploads\/2022\/01\/3mix-epf.jpg?v=1678119924\",\"contentUrl\":\"https:\/\/iberoid-shop.com\/wp-content\/uploads\/2022\/01\/3mix-epf.jpg?v=1678119924\",\"width\":960,\"height\":1280},{\"@type\":\"BreadcrumbList\",\"@id\":\"https:\/\/iberoid-shop.com\/pt\/product\/pack3-testosterone-mix-sustanon-epf\/#breadcrumb\",\"itemListElement\":[{\"@type\":\"ListItem\",\"position\":1,\"name\":\"Portada\",\"item\":\"https:\/\/iberoid-shop.com\/pt\/\"},{\"@type\":\"ListItem\",\"position\":2,\"name\":\"Loja\",\"item\":\"https:\/\/iberoid-shop.com\/pt\/shop\/\"},{\"@type\":\"ListItem\",\"position\":3,\"name\":\"Testosterone Mix \u2013 Sustanon &#8211; 3 Pack-\"}]},{\"@type\":\"WebSite\",\"@id\":\"https:\/\/iberoid-shop.com\/pt\/#website\",\"url\":\"https:\/\/iberoid-shop.com\/pt\/\",\"name\":\"Ester\u00f3ides Online\",\"description\":\"Compre ester\u00f3ides online hoje em Espanha e Portugal. Temos o melhor servi\u00e7o ao cliente do setor e produtos da mais alta qualidade\",\"potentialAction\":[{\"@type\":\"SearchAction\",\"target\":{\"@type\":\"EntryPoint\",\"urlTemplate\":\"https:\/\/iberoid-shop.com\/pt\/?s={search_term_string}\"},\"query-input\":{\"@type\":\"PropertyValueSpecification\",\"valueRequired\":true,\"valueName\":\"search_term_string\"}}],\"inLanguage\":\"pt-PT\"}]}<\/script>\n<meta property=\"product:brand\" content=\"Euro Prime Pharmaceuticals (EPF)\" \/>\n<meta property=\"product:price:amount\" content=\"110.00\" \/>\n<meta property=\"product:price:currency\" content=\"EUR\" \/>\n<meta property=\"og:availability\" content=\"out of stock\" \/>\n<meta property=\"product:availability\" content=\"out of stock\" \/>\n<meta property=\"product:condition\" content=\"new\" \/>\n<!-- \/ Yoast SEO Premium plugin. -->","yoast_head_json":{"title":"Testosterone Mix \u2013 Sustanon - 3 Pack- - Ester\u00f3ides Online","robots":{"index":"index","follow":"follow","max-snippet":"max-snippet:-1","max-image-preview":"max-image-preview:large","max-video-preview":"max-video-preview:-1"},"canonical":"https:\/\/iberoid-shop.com\/pt\/product\/pack3-testosterone-mix-sustanon-epf\/","og_locale":"pt_PT","og_type":"article","og_title":"Testosterone Mix \u2013 Sustanon - 3 Pack-","og_description":"Testosterone Mix ou Sustanon \u00e9 um dos ester\u00f3ides anabolizantes mais populares e usados. Sustanon atua desde a primeira administra\u00e7\u00e3o devido","og_url":"https:\/\/iberoid-shop.com\/pt\/product\/pack3-testosterone-mix-sustanon-epf\/","og_site_name":"Ester\u00f3ides Online","article_modified_time":"2023-03-21T14:11:42+00:00","og_image":[{"width":960,"height":1280,"url":"https:\/\/iberoid-shop.com\/wp-content\/uploads\/2022\/01\/3mix-epf.jpg?v=1678119924","type":"image\/jpeg"}],"twitter_card":"summary_large_image","twitter_misc":{"pre\u00e7o":"&euro;110.00","Disponibilidade":"Esgotado"},"schema":{"@context":"https:\/\/schema.org","@graph":[{"@type":"WebPage","@id":"https:\/\/iberoid-shop.com\/pt\/product\/pack3-testosterone-mix-sustanon-epf\/","url":"https:\/\/iberoid-shop.com\/pt\/product\/pack3-testosterone-mix-sustanon-epf\/","name":"Testosterone Mix \u2013 Sustanon - 3 Pack- - Ester\u00f3ides Online","isPartOf":{"@id":"https:\/\/iberoid-shop.com\/pt\/#website"},"primaryImageOfPage":{"@id":"https:\/\/iberoid-shop.com\/pt\/product\/pack3-testosterone-mix-sustanon-epf\/#primaryimage"},"image":{"@id":"https:\/\/iberoid-shop.com\/pt\/product\/pack3-testosterone-mix-sustanon-epf\/#primaryimage"},"thumbnailUrl":"https:\/\/iberoid-shop.com\/wp-content\/uploads\/2022\/01\/3mix-epf.jpg?v=1678119924","datePublished":"2022-01-31T21:20:05+00:00","dateModified":"2023-03-21T14:11:42+00:00","breadcrumb":{"@id":"https:\/\/iberoid-shop.com\/pt\/product\/pack3-testosterone-mix-sustanon-epf\/#breadcrumb"},"inLanguage":"pt-PT","potentialAction":[{"@type":"ReadAction","target":[["https:\/\/iberoid-shop.com\/pt\/product\/pack3-testosterone-mix-sustanon-epf\/"]]}]},{"@type":"ImageObject","inLanguage":"pt-PT","@id":"https:\/\/iberoid-shop.com\/pt\/product\/pack3-testosterone-mix-sustanon-epf\/#primaryimage","url":"https:\/\/iberoid-shop.com\/wp-content\/uploads\/2022\/01\/3mix-epf.jpg?v=1678119924","contentUrl":"https:\/\/iberoid-shop.com\/wp-content\/uploads\/2022\/01\/3mix-epf.jpg?v=1678119924","width":960,"height":1280},{"@type":"BreadcrumbList","@id":"https:\/\/iberoid-shop.com\/pt\/product\/pack3-testosterone-mix-sustanon-epf\/#breadcrumb","itemListElement":[{"@type":"ListItem","position":1,"name":"Portada","item":"https:\/\/iberoid-shop.com\/pt\/"},{"@type":"ListItem","position":2,"name":"Loja","item":"https:\/\/iberoid-shop.com\/pt\/shop\/"},{"@type":"ListItem","position":3,"name":"Testosterone Mix \u2013 Sustanon &#8211; 3 Pack-"}]},{"@type":"WebSite","@id":"https:\/\/iberoid-shop.com\/pt\/#website","url":"https:\/\/iberoid-shop.com\/pt\/","name":"Ester\u00f3ides Online","description":"Compre ester\u00f3ides online hoje em Espanha e Portugal. Temos o melhor servi\u00e7o ao cliente do setor e produtos da mais alta qualidade","potentialAction":[{"@type":"SearchAction","target":{"@type":"EntryPoint","urlTemplate":"https:\/\/iberoid-shop.com\/pt\/?s={search_term_string}"},"query-input":{"@type":"PropertyValueSpecification","valueRequired":true,"valueName":"search_term_string"}}],"inLanguage":"pt-PT"}]},"product_brand":"Euro Prime Pharmaceuticals (EPF)","product_price_amount":"110.00","product_price_currency":"EUR","og_availability":"out of stock","product_availability":"out of stock","product_condition":"new"},"_links":{"self":[{"href":"https:\/\/iberoid-shop.com\/pt\/wp-json\/wp\/v2\/product\/7237","targetHints":{"allow":["GET"]}}],"collection":[{"href":"https:\/\/iberoid-shop.com\/pt\/wp-json\/wp\/v2\/product"}],"about":[{"href":"https:\/\/iberoid-shop.com\/pt\/wp-json\/wp\/v2\/types\/product"}],"replies":[{"embeddable":true,"href":"https:\/\/iberoid-shop.com\/pt\/wp-json\/wp\/v2\/comments?post=7237"}],"wp:featuredmedia":[{"embeddable":true,"href":"https:\/\/iberoid-shop.com\/pt\/wp-json\/wp\/v2\/media\/7238"}],"wp:attachment":[{"href":"https:\/\/iberoid-shop.com\/pt\/wp-json\/wp\/v2\/media?parent=7237"}],"wp:term":[{"taxonomy":"product_brand","embeddable":true,"href":"https:\/\/iberoid-shop.com\/pt\/wp-json\/wp\/v2\/product_brand?post=7237"},{"taxonomy":"product_cat","embeddable":true,"href":"https:\/\/iberoid-shop.com\/pt\/wp-json\/wp\/v2\/product_cat?post=7237"},{"taxonomy":"product_tag","embeddable":true,"href":"https:\/\/iberoid-shop.com\/pt\/wp-json\/wp\/v2\/product_tag?post=7237"}],"curies":[{"name":"wp","href":"https:\/\/api.w.org\/{rel}","templated":true}]}}