{"id":7209,"date":"2022-01-27T13:34:21","date_gmt":"2022-01-27T13:34:21","guid":{"rendered":"https:\/\/iberoid-shop.com\/?post_type=product&#038;p=7209"},"modified":"2025-12-14T10:47:17","modified_gmt":"2025-12-14T10:47:17","slug":"hygetropin-100iu","status":"publish","type":"product","link":"https:\/\/iberoid-shop.com\/pt\/product\/hygetropin-100iu\/","title":{"rendered":"Hygetropin 100iu"},"content":{"rendered":"<p>O horm\u00f4nio do crescimento humano ou HGH \u00e9 uma mol\u00e9cula de 191 amino\u00e1cidos que \u00e9 muito delicada e \u00e9 por isso que \u00e9 altamente recomend\u00e1vel usar apenas HGH de grau farmac\u00eautico. A mol\u00e9cula de HGH n\u00e3o pode ser tomada por via oral. Se voc\u00ea tomasse HGH em forma de p\u00edlula, o \u00e1cido g\u00e1strico quebraria a mol\u00e9cula de HGH e n\u00e3o seria absorvido pelo f\u00edgado, onde \u00e9 redistribu\u00eddo como IGF-1 por todo o corpo.<\/p>\n<p>O horm\u00f4nio de crescimento humano injet\u00e1vel tem v\u00e1rios benef\u00edcios nos quais fortalece o sistema imunol\u00f3gico, queima mais tecido adiposo e constr\u00f3i mais massa muscular magra. Essencialmente HGH diz ao seu corpo para crescer e \u00e9 por isso que \u00e9 ideal para crian\u00e7as de estatura muito baixa.<\/p>\n<p>O HGH \u00e9 importante para o crescimento dos ossos e m\u00fasculos, e \u00e9 usado para tratar a defici\u00eancia de crescimento em crian\u00e7as e adultos sem HGH natural, e naqueles com insufici\u00eancia renal cr\u00f4nica, s\u00edndrome de Noonan, s\u00edndrome de Turner, s\u00edndrome de Prader-Willi, baixa estatura ao nascer com nenhum crescimento de recupera\u00e7\u00e3o e outras causas. A somatropina tamb\u00e9m \u00e9 usada para prevenir a perda de peso grave em pessoas com AIDS ou para tratar a s\u00edndrome do intestino curto.<\/p>\n<p>HGH ajuda a manter, construir e reparar tecidos saud\u00e1veis \u200b\u200bno c\u00e9rebro e outros \u00f3rg\u00e3os. Este horm\u00f4nio pode ajudar a acelerar a cicatriza\u00e7\u00e3o ap\u00f3s uma les\u00e3o e reparar o tecido muscular ap\u00f3s o exerc\u00edcio. Isso ajuda a construir massa muscular, aumentar o metabolismo e queimar gordura. HGH tamb\u00e9m \u00e9 dito para beneficiar a qualidade e a apar\u00eancia da pele.<\/p>","protected":false},"excerpt":{"rendered":"<p>O horm\u00f4nio do crescimento humano ou HGH \u00e9 uma mol\u00e9cula de 191 amino\u00e1cidos que \u00e9 muito delicada e \u00e9 por<\/p>\n","protected":false},"featured_media":9379,"comment_status":"open","ping_status":"closed","template":"","meta":[],"product_brand":[],"product_cat":[76],"product_tag":[],"class_list":{"0":"post-7209","1":"product","2":"type-product","3":"status-publish","4":"has-post-thumbnail","6":"product_cat-hgh_peptido","8":"first","9":"outofstock","10":"sale","11":"shipping-taxable","12":"purchasable","13":"product-type-simple"},"yoast_head":"<!-- This site is optimized with the Yoast SEO Premium plugin v24.4 (Yoast SEO v27.0) - https:\/\/yoast.com\/product\/yoast-seo-premium-wordpress\/ -->\n<title>Hygetropin 100iu - Ester\u00f3ides Online<\/title>\n<meta name=\"description\" content=\"HGH (Horm\u00f4nio do Crescimento Humano): Apenas injet\u00e1vel. Aumenta a imunidade, queima gordura, constr\u00f3i massa muscular magra. Trata dist\u00farbios de crescimento e auxilia na recupera\u00e7\u00e3o. Grau farmac\u00eautico recomendado.\" \/>\n<meta name=\"robots\" content=\"index, follow, max-snippet:-1, max-image-preview:large, max-video-preview:-1\" \/>\n<link rel=\"canonical\" href=\"https:\/\/iberoid-shop.com\/pt\/product\/hygetropin-100iu\/\" \/>\n<meta property=\"og:locale\" content=\"pt_PT\" \/>\n<meta property=\"og:type\" content=\"article\" \/>\n<meta property=\"og:title\" content=\"Hygetropin 100iu\" \/>\n<meta property=\"og:description\" content=\"HGH (Horm\u00f4nio do Crescimento Humano): Apenas injet\u00e1vel. Aumenta a imunidade, queima gordura, constr\u00f3i massa muscular magra. Trata dist\u00farbios de crescimento e auxilia na recupera\u00e7\u00e3o. Grau farmac\u00eautico recomendado.\" \/>\n<meta property=\"og:url\" content=\"https:\/\/iberoid-shop.com\/pt\/product\/hygetropin-100iu\/\" \/>\n<meta property=\"og:site_name\" content=\"Ester\u00f3ides Online\" \/>\n<meta property=\"article:modified_time\" content=\"2025-12-14T10:47:17+00:00\" \/>\n<meta property=\"og:image\" content=\"https:\/\/iberoid-shop.com\/wp-content\/uploads\/2022\/01\/hyge.webp\" \/>\n\t<meta property=\"og:image:width\" content=\"500\" \/>\n\t<meta property=\"og:image:height\" content=\"465\" \/>\n\t<meta property=\"og:image:type\" content=\"image\/webp\" \/>\n<meta name=\"twitter:card\" content=\"summary_large_image\" \/>\n<meta name=\"twitter:label1\" content=\"pre\u00e7o\" \/>\n\t<meta name=\"twitter:data1\" content=\"&euro;120.00\" \/>\n\t<meta name=\"twitter:label2\" content=\"Disponibilidade\" \/>\n\t<meta name=\"twitter:data2\" content=\"Esgotado\" \/>\n<script type=\"application\/ld+json\" class=\"yoast-schema-graph\">{\"@context\":\"https:\/\/schema.org\",\"@graph\":[{\"@type\":\"WebPage\",\"@id\":\"https:\/\/iberoid-shop.com\/pt\/product\/hygetropin-100iu\/\",\"url\":\"https:\/\/iberoid-shop.com\/pt\/product\/hygetropin-100iu\/\",\"name\":\"Hygetropin 100iu - Ester\u00f3ides Online\",\"isPartOf\":{\"@id\":\"https:\/\/iberoid-shop.com\/pt\/#website\"},\"primaryImageOfPage\":{\"@id\":\"https:\/\/iberoid-shop.com\/pt\/product\/hygetropin-100iu\/#primaryimage\"},\"image\":{\"@id\":\"https:\/\/iberoid-shop.com\/pt\/product\/hygetropin-100iu\/#primaryimage\"},\"thumbnailUrl\":\"https:\/\/iberoid-shop.com\/wp-content\/uploads\/2022\/01\/hyge.webp\",\"datePublished\":\"2022-01-27T13:34:21+00:00\",\"dateModified\":\"2025-12-14T10:47:17+00:00\",\"description\":\"HGH (Horm\u00f4nio do Crescimento Humano): Apenas injet\u00e1vel. Aumenta a imunidade, queima gordura, constr\u00f3i massa muscular magra. Trata dist\u00farbios de crescimento e auxilia na recupera\u00e7\u00e3o. Grau farmac\u00eautico recomendado.\",\"breadcrumb\":{\"@id\":\"https:\/\/iberoid-shop.com\/pt\/product\/hygetropin-100iu\/#breadcrumb\"},\"inLanguage\":\"pt-PT\",\"potentialAction\":[{\"@type\":\"ReadAction\",\"target\":[[\"https:\/\/iberoid-shop.com\/pt\/product\/hygetropin-100iu\/\"]]}]},{\"@type\":\"ImageObject\",\"inLanguage\":\"pt-PT\",\"@id\":\"https:\/\/iberoid-shop.com\/pt\/product\/hygetropin-100iu\/#primaryimage\",\"url\":\"https:\/\/iberoid-shop.com\/wp-content\/uploads\/2022\/01\/hyge.webp\",\"contentUrl\":\"https:\/\/iberoid-shop.com\/wp-content\/uploads\/2022\/01\/hyge.webp\",\"width\":500,\"height\":465,\"caption\":\"PACK 3 HYGETROPIN \/ 300 UI\"},{\"@type\":\"BreadcrumbList\",\"@id\":\"https:\/\/iberoid-shop.com\/pt\/product\/hygetropin-100iu\/#breadcrumb\",\"itemListElement\":[{\"@type\":\"ListItem\",\"position\":1,\"name\":\"Portada\",\"item\":\"https:\/\/iberoid-shop.com\/pt\/\"},{\"@type\":\"ListItem\",\"position\":2,\"name\":\"Loja\",\"item\":\"https:\/\/iberoid-shop.com\/pt\/shop\/\"},{\"@type\":\"ListItem\",\"position\":3,\"name\":\"Hygetropin 100iu\"}]},{\"@type\":\"WebSite\",\"@id\":\"https:\/\/iberoid-shop.com\/pt\/#website\",\"url\":\"https:\/\/iberoid-shop.com\/pt\/\",\"name\":\"Ester\u00f3ides Online\",\"description\":\"Compre ester\u00f3ides online hoje em Espanha e Portugal. Temos o melhor servi\u00e7o ao cliente do setor e produtos da mais alta qualidade\",\"potentialAction\":[{\"@type\":\"SearchAction\",\"target\":{\"@type\":\"EntryPoint\",\"urlTemplate\":\"https:\/\/iberoid-shop.com\/pt\/?s={search_term_string}\"},\"query-input\":{\"@type\":\"PropertyValueSpecification\",\"valueRequired\":true,\"valueName\":\"search_term_string\"}}],\"inLanguage\":\"pt-PT\"}]}<\/script>\n<meta property=\"product:price:amount\" content=\"120.00\" \/>\n<meta property=\"product:price:currency\" content=\"EUR\" \/>\n<meta property=\"og:availability\" content=\"out of stock\" \/>\n<meta property=\"product:availability\" content=\"out of stock\" \/>\n<meta property=\"product:condition\" content=\"new\" \/>\n<!-- \/ Yoast SEO Premium plugin. -->","yoast_head_json":{"title":"Hygetropin 100iu - Ester\u00f3ides Online","description":"HGH (Horm\u00f4nio do Crescimento Humano): Apenas injet\u00e1vel. Aumenta a imunidade, queima gordura, constr\u00f3i massa muscular magra. Trata dist\u00farbios de crescimento e auxilia na recupera\u00e7\u00e3o. Grau farmac\u00eautico recomendado.","robots":{"index":"index","follow":"follow","max-snippet":"max-snippet:-1","max-image-preview":"max-image-preview:large","max-video-preview":"max-video-preview:-1"},"canonical":"https:\/\/iberoid-shop.com\/pt\/product\/hygetropin-100iu\/","og_locale":"pt_PT","og_type":"article","og_title":"Hygetropin 100iu","og_description":"HGH (Horm\u00f4nio do Crescimento Humano): Apenas injet\u00e1vel. Aumenta a imunidade, queima gordura, constr\u00f3i massa muscular magra. Trata dist\u00farbios de crescimento e auxilia na recupera\u00e7\u00e3o. Grau farmac\u00eautico recomendado.","og_url":"https:\/\/iberoid-shop.com\/pt\/product\/hygetropin-100iu\/","og_site_name":"Ester\u00f3ides Online","article_modified_time":"2025-12-14T10:47:17+00:00","og_image":[{"width":500,"height":465,"url":"https:\/\/iberoid-shop.com\/wp-content\/uploads\/2022\/01\/hyge.webp","type":"image\/webp"}],"twitter_card":"summary_large_image","twitter_misc":{"pre\u00e7o":"&euro;120.00","Disponibilidade":"Esgotado"},"schema":{"@context":"https:\/\/schema.org","@graph":[{"@type":"WebPage","@id":"https:\/\/iberoid-shop.com\/pt\/product\/hygetropin-100iu\/","url":"https:\/\/iberoid-shop.com\/pt\/product\/hygetropin-100iu\/","name":"Hygetropin 100iu - Ester\u00f3ides Online","isPartOf":{"@id":"https:\/\/iberoid-shop.com\/pt\/#website"},"primaryImageOfPage":{"@id":"https:\/\/iberoid-shop.com\/pt\/product\/hygetropin-100iu\/#primaryimage"},"image":{"@id":"https:\/\/iberoid-shop.com\/pt\/product\/hygetropin-100iu\/#primaryimage"},"thumbnailUrl":"https:\/\/iberoid-shop.com\/wp-content\/uploads\/2022\/01\/hyge.webp","datePublished":"2022-01-27T13:34:21+00:00","dateModified":"2025-12-14T10:47:17+00:00","description":"HGH (Horm\u00f4nio do Crescimento Humano): Apenas injet\u00e1vel. Aumenta a imunidade, queima gordura, constr\u00f3i massa muscular magra. Trata dist\u00farbios de crescimento e auxilia na recupera\u00e7\u00e3o. Grau farmac\u00eautico recomendado.","breadcrumb":{"@id":"https:\/\/iberoid-shop.com\/pt\/product\/hygetropin-100iu\/#breadcrumb"},"inLanguage":"pt-PT","potentialAction":[{"@type":"ReadAction","target":[["https:\/\/iberoid-shop.com\/pt\/product\/hygetropin-100iu\/"]]}]},{"@type":"ImageObject","inLanguage":"pt-PT","@id":"https:\/\/iberoid-shop.com\/pt\/product\/hygetropin-100iu\/#primaryimage","url":"https:\/\/iberoid-shop.com\/wp-content\/uploads\/2022\/01\/hyge.webp","contentUrl":"https:\/\/iberoid-shop.com\/wp-content\/uploads\/2022\/01\/hyge.webp","width":500,"height":465,"caption":"PACK 3 HYGETROPIN \/ 300 UI"},{"@type":"BreadcrumbList","@id":"https:\/\/iberoid-shop.com\/pt\/product\/hygetropin-100iu\/#breadcrumb","itemListElement":[{"@type":"ListItem","position":1,"name":"Portada","item":"https:\/\/iberoid-shop.com\/pt\/"},{"@type":"ListItem","position":2,"name":"Loja","item":"https:\/\/iberoid-shop.com\/pt\/shop\/"},{"@type":"ListItem","position":3,"name":"Hygetropin 100iu"}]},{"@type":"WebSite","@id":"https:\/\/iberoid-shop.com\/pt\/#website","url":"https:\/\/iberoid-shop.com\/pt\/","name":"Ester\u00f3ides Online","description":"Compre ester\u00f3ides online hoje em Espanha e Portugal. Temos o melhor servi\u00e7o ao cliente do setor e produtos da mais alta qualidade","potentialAction":[{"@type":"SearchAction","target":{"@type":"EntryPoint","urlTemplate":"https:\/\/iberoid-shop.com\/pt\/?s={search_term_string}"},"query-input":{"@type":"PropertyValueSpecification","valueRequired":true,"valueName":"search_term_string"}}],"inLanguage":"pt-PT"}]},"product_price_amount":"120.00","product_price_currency":"EUR","og_availability":"out of stock","product_availability":"out of stock","product_condition":"new"},"_links":{"self":[{"href":"https:\/\/iberoid-shop.com\/pt\/wp-json\/wp\/v2\/product\/7209","targetHints":{"allow":["GET"]}}],"collection":[{"href":"https:\/\/iberoid-shop.com\/pt\/wp-json\/wp\/v2\/product"}],"about":[{"href":"https:\/\/iberoid-shop.com\/pt\/wp-json\/wp\/v2\/types\/product"}],"replies":[{"embeddable":true,"href":"https:\/\/iberoid-shop.com\/pt\/wp-json\/wp\/v2\/comments?post=7209"}],"wp:featuredmedia":[{"embeddable":true,"href":"https:\/\/iberoid-shop.com\/pt\/wp-json\/wp\/v2\/media\/9379"}],"wp:attachment":[{"href":"https:\/\/iberoid-shop.com\/pt\/wp-json\/wp\/v2\/media?parent=7209"}],"wp:term":[{"taxonomy":"product_brand","embeddable":true,"href":"https:\/\/iberoid-shop.com\/pt\/wp-json\/wp\/v2\/product_brand?post=7209"},{"taxonomy":"product_cat","embeddable":true,"href":"https:\/\/iberoid-shop.com\/pt\/wp-json\/wp\/v2\/product_cat?post=7209"},{"taxonomy":"product_tag","embeddable":true,"href":"https:\/\/iberoid-shop.com\/pt\/wp-json\/wp\/v2\/product_tag?post=7209"}],"curies":[{"name":"wp","href":"https:\/\/api.w.org\/{rel}","templated":true}]}}