{"id":7194,"date":"2022-01-24T22:58:16","date_gmt":"2022-01-24T22:58:16","guid":{"rendered":"https:\/\/iberoid-shop.com\/?post_type=product&#038;p=7194"},"modified":"2023-08-13T14:25:06","modified_gmt":"2023-08-13T14:25:06","slug":"testosterone-enanthate-250-mg-ml-epf","status":"publish","type":"product","link":"https:\/\/iberoid-shop.com\/pt\/product\/testosterone-enanthate-250-mg-ml-epf\/","title":{"rendered":"TESTOSTERONE ENANTHATE 250 MG\/ML"},"content":{"rendered":"<p>Devido ao fato de que a subst\u00e2ncia da droga \u00e9 baseada em \u00f3leo, ela suporta a propaga\u00e7\u00e3o gradual da testosterona a partir do local da inje\u00e7\u00e3o. A raz\u00e3o pela qual essa propaga\u00e7\u00e3o lenta \u00e9 t\u00e3o valiosa, \u00e9 que o \u00edndice de testosterona permanece elevado por aproximadamente 14 dias (\u00e0s vezes leva at\u00e9 3 semanas para o n\u00edvel de testosterona voltar ao normal).<\/p>\n<p>Como o per\u00edodo de funcionamento ativo do Enantato de Testosterona no organismo humano \u00e9 bastante longo, \u00e9 usado para diversos fins m\u00e9dicos. Por exemplo, as manifesta\u00e7\u00f5es de hipogonadotropismo s\u00e3o tratadas por meio desse horm\u00f4nio, assim como as doen\u00e7as afins com diminui\u00e7\u00e3o dos n\u00edveis de andr\u00f3genos. Como a outra testosterona, incluindo ester\u00f3ides, esta droga tem caracter\u00edsticas androg\u00eanicas e anab\u00f3licas s\u00e9rias. Ao usar Testoged E, encomendado em nosso site stero-market.com, voc\u00ea sentir\u00e1 que a droga est\u00e1 estimulando a resist\u00eancia, a massa muscular e a pot\u00eancia. At\u00e9 o desejo sexual ser\u00e1 aumentado durante a administra\u00e7\u00e3o. A ingest\u00e3o de oxig\u00eanio na corrente sangu\u00ednea tamb\u00e9m ser\u00e1 elevada.<\/p>\n<p>O Enantato de Testosterona est\u00e1 estimulando uma reten\u00e7\u00e3o mais ativa de azoto nos tecidos musculares, ou seja, os melhores resultados ser\u00e3o facilmente alcan\u00e7ados. Mais vantagens da droga s\u00e3o as seguintes: funcionamento das c\u00e9lulas perivasculares estimuladas (elas est\u00e3o apoiando a recupera\u00e7\u00e3o dos m\u00fasculos lesionados); a eleva\u00e7\u00e3o do \u00edndice IGF-1 nos tecidos muscular e hep\u00e1tico.<\/p>\n<p>Dosagem<\/p>\n<p>A dosagem semanal usual \u00e9 de 250 a 1000mg. Raramente, os atletas experientes est\u00e3o tomando ainda mais. A quantidade total do medicamento por semana deve ser separada em duas inje\u00e7\u00f5es, pois a meia-vida do Testoged E dura at\u00e9 5 dias. A separa\u00e7\u00e3o da dosagem manter\u00e1 os n\u00edveis sangu\u00edneos invari\u00e1veis. Para aqueles que est\u00e3o tentando a administra\u00e7\u00e3o de Enantato de Testosterona pela primeira vez, recomenda-se tomar o medicamento por n\u00e3o mais que 10 semanas, ap\u00f3s encomend\u00e1-lo em stero-market.com.<\/p>\n<p>O frasco Golden Dragon Testoged E 10ml \u00e9 ben\u00e9fico para o ganho de massa muscular ao us\u00e1-lo com e sem os medicamentos adicionais. A droga combina perfeitamente com a maioria dos outros ester\u00f3ides. Os exemplos de constituintes adicionais Testoged E para as combina\u00e7\u00f5es dignas s\u00e3o Nandrolona, \u200b\u200bMethandienona, Boldenona. Essas combina\u00e7\u00f5es s\u00e3o preferidas pelos atletas experientes pela capacidade de obter melhores resultados no ganho de massa. \u00c9 melhor para os iniciantes n\u00e3o empilhar as drogas para conhecer a rea\u00e7\u00e3o do organismo aos componentes de cada droga. H\u00e1 uma probabilidade de que a adi\u00e7\u00e3o de prepara\u00e7\u00f5es antiestrog\u00eanicas seja necess\u00e1ria durante o curso. No per\u00edodo PCT, \u00e9 recomendado o uso de Clomifeno ou Tamoxifeno.<\/p>\n<p>Efeitos colaterais<\/p>\n<p>Os efeitos colaterais mais poss\u00edveis do Golden Dragon Testoged E s\u00e3o hidropisia, crescimento acelerado do cabelo, ginecomastia, espinhas na pele das costas, tens\u00e3o elevada do sangue e aumento da agressividade. A droga n\u00e3o \u00e9 t\u00f3xica para o f\u00edgado se usada em quantidades adequadas.<\/p>","protected":false},"excerpt":{"rendered":"<p>Devido ao fato de que a subst\u00e2ncia da droga \u00e9 baseada em \u00f3leo, ela suporta a propaga\u00e7\u00e3o gradual da testosterona<\/p>\n","protected":false},"featured_media":7195,"comment_status":"open","ping_status":"closed","template":"","meta":[],"product_brand":[],"product_cat":[69],"product_tag":[3469],"class_list":{"0":"post-7194","1":"product","2":"type-product","3":"status-publish","4":"has-post-thumbnail","6":"product_cat-esteroides_inyectables","7":"product_tag-10-ampollas-caja","9":"first","10":"outofstock","11":"shipping-taxable","12":"purchasable","13":"product-type-simple"},"yoast_head":"<!-- This site is optimized with the Yoast SEO Premium plugin v24.4 (Yoast SEO v27.3) - https:\/\/yoast.com\/product\/yoast-seo-premium-wordpress\/ -->\n<title>TESTOSTERONE ENANTHATE 250 MG\/ML - Ester\u00f3ides Online<\/title>\n<meta name=\"robots\" content=\"index, follow, max-snippet:-1, max-image-preview:large, max-video-preview:-1\" \/>\n<link rel=\"canonical\" href=\"https:\/\/iberoid-shop.com\/pt\/product\/testosterone-enanthate-250-mg-ml-epf\/\" \/>\n<meta property=\"og:locale\" content=\"pt_PT\" \/>\n<meta property=\"og:type\" content=\"article\" \/>\n<meta property=\"og:title\" content=\"TESTOSTERONE ENANTHATE 250 MG\/ML\" \/>\n<meta property=\"og:description\" content=\"Devido ao fato de que a subst\u00e2ncia da droga \u00e9 baseada em \u00f3leo, ela suporta a propaga\u00e7\u00e3o gradual da testosterona\" \/>\n<meta property=\"og:url\" content=\"https:\/\/iberoid-shop.com\/pt\/product\/testosterone-enanthate-250-mg-ml-epf\/\" \/>\n<meta property=\"og:site_name\" content=\"Ester\u00f3ides Online\" \/>\n<meta property=\"article:modified_time\" content=\"2023-08-13T14:25:06+00:00\" \/>\n<meta property=\"og:image\" content=\"https:\/\/iberoid-shop.com\/wp-content\/uploads\/2022\/01\/testosterone-enanthate-250-mg-ml-.jpg?v=1678119931\" \/>\n\t<meta property=\"og:image:width\" content=\"1100\" \/>\n\t<meta property=\"og:image:height\" content=\"1422\" \/>\n\t<meta property=\"og:image:type\" content=\"image\/jpeg\" \/>\n<meta name=\"twitter:card\" content=\"summary_large_image\" \/>\n<meta name=\"twitter:label1\" content=\"pre\u00e7o\" \/>\n\t<meta name=\"twitter:data1\" content=\"&euro;40.00\" \/>\n\t<meta name=\"twitter:label2\" content=\"Disponibilidade\" \/>\n\t<meta name=\"twitter:data2\" content=\"Esgotado\" \/>\n<script type=\"application\/ld+json\" class=\"yoast-schema-graph\">{\"@context\":\"https:\\\/\\\/schema.org\",\"@graph\":[{\"@type\":\"WebPage\",\"@id\":\"https:\\\/\\\/iberoid-shop.com\\\/pt\\\/product\\\/testosterone-enanthate-250-mg-ml-epf\\\/\",\"url\":\"https:\\\/\\\/iberoid-shop.com\\\/pt\\\/product\\\/testosterone-enanthate-250-mg-ml-epf\\\/\",\"name\":\"TESTOSTERONE ENANTHATE 250 MG\\\/ML - Ester\u00f3ides Online\",\"isPartOf\":{\"@id\":\"https:\\\/\\\/iberoid.com\\\/#website\"},\"primaryImageOfPage\":{\"@id\":\"https:\\\/\\\/iberoid-shop.com\\\/pt\\\/product\\\/testosterone-enanthate-250-mg-ml-epf\\\/#primaryimage\"},\"image\":{\"@id\":\"https:\\\/\\\/iberoid-shop.com\\\/pt\\\/product\\\/testosterone-enanthate-250-mg-ml-epf\\\/#primaryimage\"},\"thumbnailUrl\":\"https:\\\/\\\/iberoid-shop.com\\\/wp-content\\\/uploads\\\/2022\\\/01\\\/testosterone-enanthate-250-mg-ml-.jpg?v=1678119931\",\"datePublished\":\"2022-01-24T22:58:16+00:00\",\"dateModified\":\"2023-08-13T14:25:06+00:00\",\"breadcrumb\":{\"@id\":\"https:\\\/\\\/iberoid-shop.com\\\/pt\\\/product\\\/testosterone-enanthate-250-mg-ml-epf\\\/#breadcrumb\"},\"inLanguage\":\"pt-PT\",\"potentialAction\":[{\"@type\":\"ReadAction\",\"target\":[[\"https:\\\/\\\/iberoid-shop.com\\\/pt\\\/product\\\/testosterone-enanthate-250-mg-ml-epf\\\/\"]]}]},{\"@type\":\"ImageObject\",\"inLanguage\":\"pt-PT\",\"@id\":\"https:\\\/\\\/iberoid-shop.com\\\/pt\\\/product\\\/testosterone-enanthate-250-mg-ml-epf\\\/#primaryimage\",\"url\":\"https:\\\/\\\/iberoid-shop.com\\\/wp-content\\\/uploads\\\/2022\\\/01\\\/testosterone-enanthate-250-mg-ml-.jpg?v=1678119931\",\"contentUrl\":\"https:\\\/\\\/iberoid-shop.com\\\/wp-content\\\/uploads\\\/2022\\\/01\\\/testosterone-enanthate-250-mg-ml-.jpg?v=1678119931\",\"width\":1100,\"height\":1422},{\"@type\":\"BreadcrumbList\",\"@id\":\"https:\\\/\\\/iberoid-shop.com\\\/pt\\\/product\\\/testosterone-enanthate-250-mg-ml-epf\\\/#breadcrumb\",\"itemListElement\":[{\"@type\":\"ListItem\",\"position\":1,\"name\":\"Portada\",\"item\":\"https:\\\/\\\/iberoid.com\\\/\"},{\"@type\":\"ListItem\",\"position\":2,\"name\":\"Loja\",\"item\":\"https:\\\/\\\/iberoid-shop.com\\\/pt\\\/shop\\\/\"},{\"@type\":\"ListItem\",\"position\":3,\"name\":\"TESTOSTERONE ENANTHATE 250 MG\\\/ML\"}]},{\"@type\":\"WebSite\",\"@id\":\"https:\\\/\\\/iberoid.com\\\/#website\",\"url\":\"https:\\\/\\\/iberoid.com\\\/\",\"name\":\"Ester\u00f3ides Online\",\"description\":\"Compre ester\u00f3ides online hoje em Espanha e Portugal. Temos o melhor servi\u00e7o ao cliente do setor e produtos da mais alta qualidade\",\"potentialAction\":[{\"@type\":\"SearchAction\",\"target\":{\"@type\":\"EntryPoint\",\"urlTemplate\":\"https:\\\/\\\/iberoid.com\\\/?s={search_term_string}\"},\"query-input\":{\"@type\":\"PropertyValueSpecification\",\"valueRequired\":true,\"valueName\":\"search_term_string\"}}],\"inLanguage\":\"pt-PT\"}]}<\/script>\n<meta property=\"product:brand\" content=\"Euro Prime Pharmaceuticals (EPF)\" \/>\n<meta property=\"product:price:amount\" content=\"40.00\" \/>\n<meta property=\"product:price:currency\" content=\"EUR\" \/>\n<meta property=\"og:availability\" content=\"out of stock\" \/>\n<meta property=\"product:availability\" content=\"out of stock\" \/>\n<meta property=\"product:condition\" content=\"new\" \/>\n<!-- \/ Yoast SEO Premium plugin. -->","yoast_head_json":{"title":"TESTOSTERONE ENANTHATE 250 MG\/ML - Ester\u00f3ides Online","robots":{"index":"index","follow":"follow","max-snippet":"max-snippet:-1","max-image-preview":"max-image-preview:large","max-video-preview":"max-video-preview:-1"},"canonical":"https:\/\/iberoid-shop.com\/pt\/product\/testosterone-enanthate-250-mg-ml-epf\/","og_locale":"pt_PT","og_type":"article","og_title":"TESTOSTERONE ENANTHATE 250 MG\/ML","og_description":"Devido ao fato de que a subst\u00e2ncia da droga \u00e9 baseada em \u00f3leo, ela suporta a propaga\u00e7\u00e3o gradual da testosterona","og_url":"https:\/\/iberoid-shop.com\/pt\/product\/testosterone-enanthate-250-mg-ml-epf\/","og_site_name":"Ester\u00f3ides Online","article_modified_time":"2023-08-13T14:25:06+00:00","og_image":[{"width":1100,"height":1422,"url":"https:\/\/iberoid-shop.com\/wp-content\/uploads\/2022\/01\/testosterone-enanthate-250-mg-ml-.jpg?v=1678119931","type":"image\/jpeg"}],"twitter_card":"summary_large_image","twitter_misc":{"pre\u00e7o":"&euro;40.00","Disponibilidade":"Esgotado"},"schema":{"@context":"https:\/\/schema.org","@graph":[{"@type":"WebPage","@id":"https:\/\/iberoid-shop.com\/pt\/product\/testosterone-enanthate-250-mg-ml-epf\/","url":"https:\/\/iberoid-shop.com\/pt\/product\/testosterone-enanthate-250-mg-ml-epf\/","name":"TESTOSTERONE ENANTHATE 250 MG\/ML - Ester\u00f3ides Online","isPartOf":{"@id":"https:\/\/iberoid.com\/#website"},"primaryImageOfPage":{"@id":"https:\/\/iberoid-shop.com\/pt\/product\/testosterone-enanthate-250-mg-ml-epf\/#primaryimage"},"image":{"@id":"https:\/\/iberoid-shop.com\/pt\/product\/testosterone-enanthate-250-mg-ml-epf\/#primaryimage"},"thumbnailUrl":"https:\/\/iberoid-shop.com\/wp-content\/uploads\/2022\/01\/testosterone-enanthate-250-mg-ml-.jpg?v=1678119931","datePublished":"2022-01-24T22:58:16+00:00","dateModified":"2023-08-13T14:25:06+00:00","breadcrumb":{"@id":"https:\/\/iberoid-shop.com\/pt\/product\/testosterone-enanthate-250-mg-ml-epf\/#breadcrumb"},"inLanguage":"pt-PT","potentialAction":[{"@type":"ReadAction","target":[["https:\/\/iberoid-shop.com\/pt\/product\/testosterone-enanthate-250-mg-ml-epf\/"]]}]},{"@type":"ImageObject","inLanguage":"pt-PT","@id":"https:\/\/iberoid-shop.com\/pt\/product\/testosterone-enanthate-250-mg-ml-epf\/#primaryimage","url":"https:\/\/iberoid-shop.com\/wp-content\/uploads\/2022\/01\/testosterone-enanthate-250-mg-ml-.jpg?v=1678119931","contentUrl":"https:\/\/iberoid-shop.com\/wp-content\/uploads\/2022\/01\/testosterone-enanthate-250-mg-ml-.jpg?v=1678119931","width":1100,"height":1422},{"@type":"BreadcrumbList","@id":"https:\/\/iberoid-shop.com\/pt\/product\/testosterone-enanthate-250-mg-ml-epf\/#breadcrumb","itemListElement":[{"@type":"ListItem","position":1,"name":"Portada","item":"https:\/\/iberoid.com\/"},{"@type":"ListItem","position":2,"name":"Loja","item":"https:\/\/iberoid-shop.com\/pt\/shop\/"},{"@type":"ListItem","position":3,"name":"TESTOSTERONE ENANTHATE 250 MG\/ML"}]},{"@type":"WebSite","@id":"https:\/\/iberoid.com\/#website","url":"https:\/\/iberoid.com\/","name":"Ester\u00f3ides Online","description":"Compre ester\u00f3ides online hoje em Espanha e Portugal. Temos o melhor servi\u00e7o ao cliente do setor e produtos da mais alta qualidade","potentialAction":[{"@type":"SearchAction","target":{"@type":"EntryPoint","urlTemplate":"https:\/\/iberoid.com\/?s={search_term_string}"},"query-input":{"@type":"PropertyValueSpecification","valueRequired":true,"valueName":"search_term_string"}}],"inLanguage":"pt-PT"}]},"product_brand":"Euro Prime Pharmaceuticals (EPF)","product_price_amount":"40.00","product_price_currency":"EUR","og_availability":"out of stock","product_availability":"out of stock","product_condition":"new"},"_links":{"self":[{"href":"https:\/\/iberoid-shop.com\/pt\/wp-json\/wp\/v2\/product\/7194","targetHints":{"allow":["GET"]}}],"collection":[{"href":"https:\/\/iberoid-shop.com\/pt\/wp-json\/wp\/v2\/product"}],"about":[{"href":"https:\/\/iberoid-shop.com\/pt\/wp-json\/wp\/v2\/types\/product"}],"replies":[{"embeddable":true,"href":"https:\/\/iberoid-shop.com\/pt\/wp-json\/wp\/v2\/comments?post=7194"}],"wp:featuredmedia":[{"embeddable":true,"href":"https:\/\/iberoid-shop.com\/pt\/wp-json\/wp\/v2\/media\/7195"}],"wp:attachment":[{"href":"https:\/\/iberoid-shop.com\/pt\/wp-json\/wp\/v2\/media?parent=7194"}],"wp:term":[{"taxonomy":"product_brand","embeddable":true,"href":"https:\/\/iberoid-shop.com\/pt\/wp-json\/wp\/v2\/product_brand?post=7194"},{"taxonomy":"product_cat","embeddable":true,"href":"https:\/\/iberoid-shop.com\/pt\/wp-json\/wp\/v2\/product_cat?post=7194"},{"taxonomy":"product_tag","embeddable":true,"href":"https:\/\/iberoid-shop.com\/pt\/wp-json\/wp\/v2\/product_tag?post=7194"}],"curies":[{"name":"wp","href":"https:\/\/api.w.org\/{rel}","templated":true}]}}