{"id":7154,"date":"2022-01-09T18:55:43","date_gmt":"2022-01-09T18:55:43","guid":{"rendered":"https:\/\/iberoid-shop.com\/?post_type=product&#038;p=7154"},"modified":"2022-02-08T22:30:48","modified_gmt":"2022-02-08T22:30:48","slug":"clenbuterol-adam-labs","status":"publish","type":"product","link":"https:\/\/iberoid-shop.com\/pt\/product\/clenbuterol-adam-labs\/","title":{"rendered":"CLENBUTEROL"},"content":{"rendered":"<p>Compre Clenbuterol \u2013 Um broncodilatador muito poderoso tradicionalmente usado para tratar problemas respirat\u00f3rios como a asma. Fora isso Clenbuterol \u00e9 usado principalmente como um composto termog\u00eanico. Com grandes quantidades de propriedades de queima de gordura.<\/p>\n<p>Efeitos e Benef\u00edcios:<\/p>\n<p>Clenbuterol \u00e9 usado como parte de um ciclo por suas propriedades de queima de gordura e \u00e9 comumente usado no final de um ciclo devido \u00e0 sua capacidade de acelerar o metabolismo, ajudando voc\u00ea a queimar gordura a uma taxa muito mais eficiente. Este produto ir\u00e1 ajud\u00e1-lo a queimar muita gordura, mas lembre-se, esta n\u00e3o \u00e9 uma p\u00edlula m\u00e1gica para perda de peso \u2013 os usu\u00e1rios ainda precisar\u00e3o manter uma dieta saud\u00e1vel e se exercitar regularmente. Embora este ester\u00f3ide oral ajude a taxa na qual as calorias s\u00e3o queimadas.<\/p>\n<p>Dosagem:<\/p>\n<p>Muitos usu\u00e1rios regulares deste produto aconselharam que uma rota\u00e7\u00e3o de duas semanas \u00e9 a maneira mais eficaz e simples de tomar este produto. Com um m\u00e9todo simples de duas semanas, duas semanas de folga. Embora o corpo humano tenha a capacidade de manter o uso cont\u00ednuo, recomendamos isso para usu\u00e1rios mais avan\u00e7ados.<\/p>\n<p>Al\u00e9m de tratar problemas respirat\u00f3rios, o Clenbuterol \u00e9 geralmente utilizado como termog\u00eanico. Voc\u00ea certamente vai encontrar mais uso de Clenbuterol em planos de perda de peso do que em qualquer outro lugar. Voc\u00ea n\u00e3o precisa usar ester\u00f3ides anabolizantes para usar esta subst\u00e2ncia para perda de gordura.<br \/>\nFun\u00e7\u00f5es e caracter\u00edsticas de Clenbuterol:<\/p>\n<p>Cloridrato de Clenbuterol \u00e9 um simpaticomim\u00e9tico que lida com o sistema nervoso simpaticomim\u00e9tico. Existem v\u00e1rios receptores no corpo sobre os quais um simpaticomim\u00e9tico pode atuar. No caso do Clenbuterol, o receptor beta-2 \u00e9 a \u00e1rea de interesse e atividade. Clen, como \u00e9 normalmente entendido, estimula ativamente o receptor beta-2. Atrav\u00e9s de tanta excita\u00e7\u00e3o, isso ativamente contorna os bloqueios das vias a\u00e9reas e fornece respira\u00e7\u00e3o refor\u00e7ada para aqueles que precisam. Esta mesma excita\u00e7\u00e3o tamb\u00e9m pode ser usada para melhorar a taxa metab\u00f3lica do indiv\u00edduo. Clenbuterol n\u00e3o queima gordura de forma proativa atacando as c\u00e9lulas de gordura, mas promove o processo metab\u00f3lico aumentando a temperatura do corpo. Isso acontece por causa da estimula\u00e7\u00e3o beta-2 promovendo a mitoc\u00f4ndria das c\u00e9lulas para criar e liberar ainda mais quente. Posteriormente, isso aquece o n\u00edvel de temperatura do corpo (ligeiramente), aumenta o processo metab\u00f3lico e desencadeia o espec\u00edfico para derreter a gordura corporal a um pre\u00e7o melhor. Na verdade, as caracter\u00edsticas e qualidades de Clenbuterol s\u00e3o muito simples e tamb\u00e9m muito simples.<\/p>\n<p>Clenbuterol tamb\u00e9m foi conhecido por ter um forte efeito anab\u00f3lico; no entanto, as coisas n\u00e3o s\u00e3o exatamente como parecem. Devido ao potencial efeito anab\u00f3lico, isso fez com que muitos usu\u00e1rios utilizassem o composto na esperan\u00e7a de obter c\u00e9lulas magras. Geralmente, muitos usu\u00e1rios de ester\u00f3ides realmente o usaram como um representante protetor anab\u00f3lico durante toda a terapia p\u00f3s-ciclo (PCT). H\u00e1, no entanto, um problema com esse tipo de uso; n\u00e3o funciona. Estudos de pesquisa mostraram que Clenbuterol tem a capacidade de anunciar tarefa anab\u00f3lica em animais. Houve uma s\u00e9rie de estudos de pesquisa que revelaram que a atividade anab\u00f3lica de ratos aumenta quando Clen \u00e9 administrado. No entanto, n\u00e3o h\u00e1 dados que suportem tal tarefa anab\u00f3lica dada quando utilizada por pessoas. Na verdade, normalmente foi verificado in\u00fatil a este respeito no que se refere aos seres humanos. Quando se trata do uso de Clenbuterol humano, o uso como broncodilatador e termog\u00eanico s\u00e3o os \u00fanicos prop\u00f3sitos apropriados.<br \/>\nResultados de Clenbuterol:<\/p>\n<p>O uso do broncodilatador abre as vias respirat\u00f3rias e permite que o privado respire. Existem v\u00e1rios outros dist\u00farbios respirat\u00f3rios que podem se beneficiar do uso de Clenbuterol, mas a asma br\u00f4nquica mostra-se prim\u00e1ria, e tamb\u00e9m muitas vezes \u00e9 um medicamento convidado para aqueles que experimentam.<\/p>\n<p>Como termog\u00eanico, os resultados do Clenbuterol s\u00e3o novamente muito f\u00e1ceis. A temperatura corporal aumenta, o metabolismo \u00e9 melhorado, as c\u00e9lulas de gordura s\u00e3o promovidas devido ao aumento no n\u00edvel de temperatura devido \u00e0 taxa metab\u00f3lica atualmente melhorada, o mau funcionamento dos triglicer\u00eddeos agora \u00e9 aumentado e ocorre a perda de gordura.<\/p>\n<p>Mesmo se voc\u00ea estiver usando Clenbuterol, certamente ainda encontrar\u00e1 que precisa fazer uma dieta t\u00e3o dif\u00edcil quanto faria sem ele, se quiser perder gordura corporal. O conceito por tr\u00e1s do Clenbuterol utiliza como um termog\u00eanico em termos simples para tomar o que voc\u00ea est\u00e1 fazendo no momento e simplesmente faz\u00ea-lo um pouco melhor. Quando mergulhamos nos efeitos colaterais do Clenbuterol, descobrimos que o Clen pode e deve ser usado por um determinado per\u00edodo de tempo, e faz sentido us\u00e1-lo quando for o mais \u00fatil.<\/p>\n<p>Devido ao Clenbuterol ser melhor servido para toques finais em uma estrat\u00e9gia de perda de gordura, \u00e9 por isso que voc\u00ea o ver\u00e1 em v\u00e1rios planos baseados no f\u00edsico, como muscula\u00e7\u00e3o, n\u00famero, condicionamento f\u00edsico ou v\u00e1rios outros empreendimentos relevantes.<\/p>","protected":false},"excerpt":{"rendered":"<p>Compre Clenbuterol \u2013 Um broncodilatador muito poderoso tradicionalmente usado para tratar problemas respirat\u00f3rios como a asma. Fora isso Clenbuterol \u00e9<\/p>\n","protected":false},"featured_media":7155,"comment_status":"open","ping_status":"closed","template":"","meta":[],"product_brand":[],"product_cat":[73],"product_tag":[],"class_list":{"0":"post-7154","1":"product","2":"type-product","3":"status-publish","4":"has-post-thumbnail","6":"product_cat-ssteroides_orales","8":"first","9":"outofstock","10":"sale","11":"shipping-taxable","12":"purchasable","13":"product-type-simple"},"yoast_head":"<!-- This site is optimized with the Yoast SEO Premium plugin v24.4 (Yoast SEO v27.0) - https:\/\/yoast.com\/product\/yoast-seo-premium-wordpress\/ -->\n<title>CLENBUTEROL - Ester\u00f3ides Online<\/title>\n<meta name=\"robots\" content=\"index, follow, max-snippet:-1, max-image-preview:large, max-video-preview:-1\" \/>\n<link rel=\"canonical\" href=\"https:\/\/iberoid-shop.com\/pt\/product\/clenbuterol-adam-labs\/\" \/>\n<meta property=\"og:locale\" content=\"pt_PT\" \/>\n<meta property=\"og:type\" content=\"article\" \/>\n<meta property=\"og:title\" content=\"CLENBUTEROL\" \/>\n<meta property=\"og:description\" content=\"Compre Clenbuterol \u2013 Um broncodilatador muito poderoso tradicionalmente usado para tratar problemas respirat\u00f3rios como a asma. Fora isso Clenbuterol \u00e9\" \/>\n<meta property=\"og:url\" content=\"https:\/\/iberoid-shop.com\/pt\/product\/clenbuterol-adam-labs\/\" \/>\n<meta property=\"og:site_name\" content=\"Ester\u00f3ides Online\" \/>\n<meta property=\"article:modified_time\" content=\"2022-02-08T22:30:48+00:00\" \/>\n<meta property=\"og:image\" content=\"https:\/\/iberoid-shop.com\/wp-content\/uploads\/2022\/01\/CLEN-ADAM.jpg?v=1678119932\" \/>\n\t<meta property=\"og:image:width\" content=\"1280\" \/>\n\t<meta property=\"og:image:height\" content=\"876\" \/>\n\t<meta property=\"og:image:type\" content=\"image\/jpeg\" \/>\n<meta name=\"twitter:card\" content=\"summary_large_image\" \/>\n<meta name=\"twitter:label1\" content=\"pre\u00e7o\" \/>\n\t<meta name=\"twitter:data1\" content=\"&euro;20.00\" \/>\n\t<meta name=\"twitter:label2\" content=\"Disponibilidade\" \/>\n\t<meta name=\"twitter:data2\" content=\"Esgotado\" \/>\n<script type=\"application\/ld+json\" class=\"yoast-schema-graph\">{\"@context\":\"https:\/\/schema.org\",\"@graph\":[{\"@type\":\"WebPage\",\"@id\":\"https:\/\/iberoid-shop.com\/pt\/product\/clenbuterol-adam-labs\/\",\"url\":\"https:\/\/iberoid-shop.com\/pt\/product\/clenbuterol-adam-labs\/\",\"name\":\"CLENBUTEROL - Ester\u00f3ides Online\",\"isPartOf\":{\"@id\":\"https:\/\/iberoid-shop.com\/pt\/#website\"},\"primaryImageOfPage\":{\"@id\":\"https:\/\/iberoid-shop.com\/pt\/product\/clenbuterol-adam-labs\/#primaryimage\"},\"image\":{\"@id\":\"https:\/\/iberoid-shop.com\/pt\/product\/clenbuterol-adam-labs\/#primaryimage\"},\"thumbnailUrl\":\"https:\/\/iberoid-shop.com\/wp-content\/uploads\/2022\/01\/CLEN-ADAM.jpg?v=1678119932\",\"datePublished\":\"2022-01-09T18:55:43+00:00\",\"dateModified\":\"2022-02-08T22:30:48+00:00\",\"breadcrumb\":{\"@id\":\"https:\/\/iberoid-shop.com\/pt\/product\/clenbuterol-adam-labs\/#breadcrumb\"},\"inLanguage\":\"pt-PT\",\"potentialAction\":[{\"@type\":\"ReadAction\",\"target\":[[\"https:\/\/iberoid-shop.com\/pt\/product\/clenbuterol-adam-labs\/\"]]}]},{\"@type\":\"ImageObject\",\"inLanguage\":\"pt-PT\",\"@id\":\"https:\/\/iberoid-shop.com\/pt\/product\/clenbuterol-adam-labs\/#primaryimage\",\"url\":\"https:\/\/iberoid-shop.com\/wp-content\/uploads\/2022\/01\/CLEN-ADAM.jpg?v=1678119932\",\"contentUrl\":\"https:\/\/iberoid-shop.com\/wp-content\/uploads\/2022\/01\/CLEN-ADAM.jpg?v=1678119932\",\"width\":1280,\"height\":876},{\"@type\":\"BreadcrumbList\",\"@id\":\"https:\/\/iberoid-shop.com\/pt\/product\/clenbuterol-adam-labs\/#breadcrumb\",\"itemListElement\":[{\"@type\":\"ListItem\",\"position\":1,\"name\":\"Portada\",\"item\":\"https:\/\/iberoid-shop.com\/pt\/\"},{\"@type\":\"ListItem\",\"position\":2,\"name\":\"Loja\",\"item\":\"https:\/\/iberoid-shop.com\/pt\/shop\/\"},{\"@type\":\"ListItem\",\"position\":3,\"name\":\"CLENBUTEROL\"}]},{\"@type\":\"WebSite\",\"@id\":\"https:\/\/iberoid-shop.com\/pt\/#website\",\"url\":\"https:\/\/iberoid-shop.com\/pt\/\",\"name\":\"Ester\u00f3ides Online\",\"description\":\"Compre ester\u00f3ides online hoje em Espanha e Portugal. Temos o melhor servi\u00e7o ao cliente do setor e produtos da mais alta qualidade\",\"potentialAction\":[{\"@type\":\"SearchAction\",\"target\":{\"@type\":\"EntryPoint\",\"urlTemplate\":\"https:\/\/iberoid-shop.com\/pt\/?s={search_term_string}\"},\"query-input\":{\"@type\":\"PropertyValueSpecification\",\"valueRequired\":true,\"valueName\":\"search_term_string\"}}],\"inLanguage\":\"pt-PT\"}]}<\/script>\n<meta property=\"product:brand\" content=\"AdamLabs\" \/>\n<meta property=\"product:price:amount\" content=\"20.00\" \/>\n<meta property=\"product:price:currency\" content=\"EUR\" \/>\n<meta property=\"og:availability\" content=\"out of stock\" \/>\n<meta property=\"product:availability\" content=\"out of stock\" \/>\n<meta property=\"product:condition\" content=\"new\" \/>\n<!-- \/ Yoast SEO Premium plugin. -->","yoast_head_json":{"title":"CLENBUTEROL - Ester\u00f3ides Online","robots":{"index":"index","follow":"follow","max-snippet":"max-snippet:-1","max-image-preview":"max-image-preview:large","max-video-preview":"max-video-preview:-1"},"canonical":"https:\/\/iberoid-shop.com\/pt\/product\/clenbuterol-adam-labs\/","og_locale":"pt_PT","og_type":"article","og_title":"CLENBUTEROL","og_description":"Compre Clenbuterol \u2013 Um broncodilatador muito poderoso tradicionalmente usado para tratar problemas respirat\u00f3rios como a asma. Fora isso Clenbuterol \u00e9","og_url":"https:\/\/iberoid-shop.com\/pt\/product\/clenbuterol-adam-labs\/","og_site_name":"Ester\u00f3ides Online","article_modified_time":"2022-02-08T22:30:48+00:00","og_image":[{"width":1280,"height":876,"url":"https:\/\/iberoid-shop.com\/wp-content\/uploads\/2022\/01\/CLEN-ADAM.jpg?v=1678119932","type":"image\/jpeg"}],"twitter_card":"summary_large_image","twitter_misc":{"pre\u00e7o":"&euro;20.00","Disponibilidade":"Esgotado"},"schema":{"@context":"https:\/\/schema.org","@graph":[{"@type":"WebPage","@id":"https:\/\/iberoid-shop.com\/pt\/product\/clenbuterol-adam-labs\/","url":"https:\/\/iberoid-shop.com\/pt\/product\/clenbuterol-adam-labs\/","name":"CLENBUTEROL - Ester\u00f3ides Online","isPartOf":{"@id":"https:\/\/iberoid-shop.com\/pt\/#website"},"primaryImageOfPage":{"@id":"https:\/\/iberoid-shop.com\/pt\/product\/clenbuterol-adam-labs\/#primaryimage"},"image":{"@id":"https:\/\/iberoid-shop.com\/pt\/product\/clenbuterol-adam-labs\/#primaryimage"},"thumbnailUrl":"https:\/\/iberoid-shop.com\/wp-content\/uploads\/2022\/01\/CLEN-ADAM.jpg?v=1678119932","datePublished":"2022-01-09T18:55:43+00:00","dateModified":"2022-02-08T22:30:48+00:00","breadcrumb":{"@id":"https:\/\/iberoid-shop.com\/pt\/product\/clenbuterol-adam-labs\/#breadcrumb"},"inLanguage":"pt-PT","potentialAction":[{"@type":"ReadAction","target":[["https:\/\/iberoid-shop.com\/pt\/product\/clenbuterol-adam-labs\/"]]}]},{"@type":"ImageObject","inLanguage":"pt-PT","@id":"https:\/\/iberoid-shop.com\/pt\/product\/clenbuterol-adam-labs\/#primaryimage","url":"https:\/\/iberoid-shop.com\/wp-content\/uploads\/2022\/01\/CLEN-ADAM.jpg?v=1678119932","contentUrl":"https:\/\/iberoid-shop.com\/wp-content\/uploads\/2022\/01\/CLEN-ADAM.jpg?v=1678119932","width":1280,"height":876},{"@type":"BreadcrumbList","@id":"https:\/\/iberoid-shop.com\/pt\/product\/clenbuterol-adam-labs\/#breadcrumb","itemListElement":[{"@type":"ListItem","position":1,"name":"Portada","item":"https:\/\/iberoid-shop.com\/pt\/"},{"@type":"ListItem","position":2,"name":"Loja","item":"https:\/\/iberoid-shop.com\/pt\/shop\/"},{"@type":"ListItem","position":3,"name":"CLENBUTEROL"}]},{"@type":"WebSite","@id":"https:\/\/iberoid-shop.com\/pt\/#website","url":"https:\/\/iberoid-shop.com\/pt\/","name":"Ester\u00f3ides Online","description":"Compre ester\u00f3ides online hoje em Espanha e Portugal. Temos o melhor servi\u00e7o ao cliente do setor e produtos da mais alta qualidade","potentialAction":[{"@type":"SearchAction","target":{"@type":"EntryPoint","urlTemplate":"https:\/\/iberoid-shop.com\/pt\/?s={search_term_string}"},"query-input":{"@type":"PropertyValueSpecification","valueRequired":true,"valueName":"search_term_string"}}],"inLanguage":"pt-PT"}]},"product_brand":"AdamLabs","product_price_amount":"20.00","product_price_currency":"EUR","og_availability":"out of stock","product_availability":"out of stock","product_condition":"new"},"_links":{"self":[{"href":"https:\/\/iberoid-shop.com\/pt\/wp-json\/wp\/v2\/product\/7154","targetHints":{"allow":["GET"]}}],"collection":[{"href":"https:\/\/iberoid-shop.com\/pt\/wp-json\/wp\/v2\/product"}],"about":[{"href":"https:\/\/iberoid-shop.com\/pt\/wp-json\/wp\/v2\/types\/product"}],"replies":[{"embeddable":true,"href":"https:\/\/iberoid-shop.com\/pt\/wp-json\/wp\/v2\/comments?post=7154"}],"wp:featuredmedia":[{"embeddable":true,"href":"https:\/\/iberoid-shop.com\/pt\/wp-json\/wp\/v2\/media\/7155"}],"wp:attachment":[{"href":"https:\/\/iberoid-shop.com\/pt\/wp-json\/wp\/v2\/media?parent=7154"}],"wp:term":[{"taxonomy":"product_brand","embeddable":true,"href":"https:\/\/iberoid-shop.com\/pt\/wp-json\/wp\/v2\/product_brand?post=7154"},{"taxonomy":"product_cat","embeddable":true,"href":"https:\/\/iberoid-shop.com\/pt\/wp-json\/wp\/v2\/product_cat?post=7154"},{"taxonomy":"product_tag","embeddable":true,"href":"https:\/\/iberoid-shop.com\/pt\/wp-json\/wp\/v2\/product_tag?post=7154"}],"curies":[{"name":"wp","href":"https:\/\/api.w.org\/{rel}","templated":true}]}}