{"id":7124,"date":"2022-01-04T12:54:47","date_gmt":"2022-01-04T12:54:47","guid":{"rendered":"https:\/\/iberoid-shop.com\/?post_type=product&#038;p=7124"},"modified":"2025-12-08T08:57:15","modified_gmt":"2025-12-08T08:57:15","slug":"pack-5-blisters-cenforce-200-mg-sidenafil-200mg","status":"publish","type":"product","link":"https:\/\/iberoid-shop.com\/pt\/product\/pack-5-blisters-cenforce-200-mg-sidenafil-200mg\/","title":{"rendered":"PACK 5 BLISTERS CENFORCE 200 MG &#8211; SIDENAFIL 200MG"},"content":{"rendered":"<p>Cenforce 200 comprimidos esta droga melhora a disfun\u00e7\u00e3o er\u00e9til em homens. \u00c9 coletivamente um dos muitos medicamentos regulares para disfun\u00e7\u00e3o er\u00e9til produzidos at\u00e9 agora. O m\u00e9todo \u00e9 descrito como um conselho, especialmente para o paciente que sofre de dificuldades de disfun\u00e7\u00e3o er\u00e9til e acredita que \u00e9 dif\u00edcil manter uma ere\u00e7\u00e3o dura apesar da queima de muitas disfun\u00e7\u00f5es er\u00e9teis. Voc\u00ea pode obter\u00a0Cenforce 200\u00a0mg on-line usando um cart\u00e3o de cobran\u00e7a\/extrato do PayPal. Os comprimidos est\u00e3o dispon\u00edveis no supermercado com diferentes pontos fortes e atributos.<\/p>\n<p>A disfun\u00e7\u00e3o er\u00e9til tamb\u00e9m \u00e9 causada por dist\u00farbios graves, como diabetes, press\u00e3o alta ou baixa, anemia falciforme, problemas card\u00edacos e v\u00e1rios outros. Alguns medicamentos podem ser usados \u200b\u200bpara o rem\u00e9dio da disfun\u00e7\u00e3o er\u00e9til em homens. Cenforce 200 \u00e9 um dos rem\u00e9dios altamente eficazes que ajudam a parar a impot\u00eancia nos homens.<\/p>\n<p>Como Cenforce 200 funciona?<\/p>\n<p>Cenforce 200, formado pelo ingrediente Citrato de Sildenafil, refere-se a uma classe de medicamentos conhecidos como inibidores da fosfodiesterase. A ere\u00e7\u00e3o peniana nos homens acontece quando o fluxo sangu\u00edneo para o p\u00eanis melhora as veias sangu\u00edneas e o volume de sangue que se afasta do p\u00eanis diminui.<\/p>\n<p>Os medicamentos populares funcionam inibindo uma enzima identificada como (PDE5) fosfodiesterase-5, interrompendo efetivamente o cGMP. A medica\u00e7\u00e3o ajuda a interromper a perda de cGMP e permite que o cGMP cres\u00e7a e continue mais alto; quanto mais tempo o cGMP continuar; a ere\u00e7\u00e3o peniana mais longa ocorre.<\/p>\n<p>Como voc\u00ea usa Cenforce 200mg?<\/p>\n<p>Cenforce 200 est\u00e1 em uma classe de inibidores de fosfodiesterase (PDE5). Ele controla a disfun\u00e7\u00e3o er\u00e9til, aumentando o fluxo sangu\u00edneo para o p\u00eanis durante a atividade sexual.<\/p>\n<p>Este fluxo sangu\u00edneo elevado pode causar ere\u00e7\u00e3o. O Citrato de Sildenafil trata a hipertens\u00e3o arterial pulmonar, reduzindo os vasos sangu\u00edneos no \u00f3rg\u00e3o para fornecer fluxo sangu\u00edneo regularmente. Se voc\u00ea toma Cenforce 200 comprimidos pretos para tratar a impot\u00eancia masculina, deve saber que n\u00e3o cura a impot\u00eancia masculina ou a disfun\u00e7\u00e3o er\u00e9til.<\/p>\n<p>Como tomar Cenforce 200 comprimidos?<\/p>\n<p>Tome este comprimido na dose e prazo prescritos pelo seu m\u00e9dico. Consuma-o como um todo. N\u00e3o mastigue, quebre ou esmague. Cenforce 200 Tablet deve ser tomado com alimentos.<\/p>\n<p>Quanto tempo dura o Cenforce 200?<\/p>\n<p>Naturalmente, voc\u00ea encontrou alguns dos momentos Furiosos na cama depois de tomar Cenforce 200, mas n\u00e3o exige que seu romance org\u00e1stico dure para sempre.<\/p>\n<p>Como outro medicamento, tamb\u00e9m diminuir\u00e1 ap\u00f3s um determinado per\u00edodo de tempo. E esse tempo \u00e9 geralmente 6-8 horas.<\/p>","protected":false},"excerpt":{"rendered":"<p>Cenforce 200 comprimidos esta droga melhora a disfun\u00e7\u00e3o er\u00e9til em homens. \u00c9 coletivamente um dos muitos medicamentos regulares para disfun\u00e7\u00e3o<\/p>\n","protected":false},"featured_media":7125,"comment_status":"open","ping_status":"closed","template":"","meta":[],"product_brand":[],"product_cat":[73,3474],"product_tag":[3496],"class_list":{"0":"post-7124","1":"product","2":"type-product","3":"status-publish","4":"has-post-thumbnail","6":"product_cat-ssteroides_orales","7":"product_cat-packs","8":"product_tag-sidenafil-200-mg-pack-5-blisters-x-10-pastillas","10":"first","11":"instock","12":"sale","13":"shipping-taxable","14":"purchasable","15":"product-type-simple"},"yoast_head":"<!-- This site is optimized with the Yoast SEO Premium plugin v24.4 (Yoast SEO v27.3) - https:\/\/yoast.com\/product\/yoast-seo-premium-wordpress\/ -->\n<title>PACK 5 BLISTERS CENFORCE 200 MG - SIDENAFIL 200MG - Ester\u00f3ides Online<\/title>\n<meta name=\"description\" content=\"Cenforce 200 (Citrato de Sildenafil) trata a Disfun\u00e7\u00e3o Er\u00e9til masculina aumentando o fluxo sangu\u00edneo para o p\u00eanis, com dura\u00e7\u00e3o de 6-8 horas.\" \/>\n<meta name=\"robots\" content=\"index, follow, max-snippet:-1, max-image-preview:large, max-video-preview:-1\" \/>\n<link rel=\"canonical\" href=\"https:\/\/iberoid-shop.com\/pt\/product\/pack-5-blisters-cenforce-200-mg-sidenafil-200mg\/\" \/>\n<meta property=\"og:locale\" content=\"pt_PT\" \/>\n<meta property=\"og:type\" content=\"article\" \/>\n<meta property=\"og:title\" content=\"PACK 5 BLISTERS CENFORCE 200 MG - SIDENAFIL 200MG\" \/>\n<meta property=\"og:description\" content=\"Cenforce 200 (Citrato de Sildenafil) trata a Disfun\u00e7\u00e3o Er\u00e9til masculina aumentando o fluxo sangu\u00edneo para o p\u00eanis, com dura\u00e7\u00e3o de 6-8 horas.\" \/>\n<meta property=\"og:url\" content=\"https:\/\/iberoid-shop.com\/pt\/product\/pack-5-blisters-cenforce-200-mg-sidenafil-200mg\/\" \/>\n<meta property=\"og:site_name\" content=\"Ester\u00f3ides Online\" \/>\n<meta property=\"article:modified_time\" content=\"2025-12-08T08:57:15+00:00\" \/>\n<meta property=\"og:image\" content=\"https:\/\/iberoid-shop.com\/wp-content\/uploads\/2022\/01\/cen2-scaled-1024x723.jpg\" \/>\n\t<meta property=\"og:image:width\" content=\"1024\" \/>\n\t<meta property=\"og:image:height\" content=\"723\" \/>\n\t<meta property=\"og:image:type\" content=\"image\/jpeg\" \/>\n<meta name=\"twitter:card\" content=\"summary_large_image\" \/>\n<meta name=\"twitter:label1\" content=\"pre\u00e7o\" \/>\n\t<meta name=\"twitter:data1\" content=\"&euro;60.00\" \/>\n\t<meta name=\"twitter:label2\" content=\"Disponibilidade\" \/>\n\t<meta name=\"twitter:data2\" content=\"Em stock\" \/>\n<script type=\"application\/ld+json\" class=\"yoast-schema-graph\">{\"@context\":\"https:\\\/\\\/schema.org\",\"@graph\":[{\"@type\":\"WebPage\",\"@id\":\"https:\\\/\\\/iberoid-shop.com\\\/pt\\\/product\\\/pack-5-blisters-cenforce-200-mg-sidenafil-200mg\\\/\",\"url\":\"https:\\\/\\\/iberoid-shop.com\\\/pt\\\/product\\\/pack-5-blisters-cenforce-200-mg-sidenafil-200mg\\\/\",\"name\":\"PACK 5 BLISTERS CENFORCE 200 MG - SIDENAFIL 200MG - Ester\u00f3ides Online\",\"isPartOf\":{\"@id\":\"https:\\\/\\\/iberoid-shop.com\\\/pt\\\/#website\"},\"primaryImageOfPage\":{\"@id\":\"https:\\\/\\\/iberoid-shop.com\\\/pt\\\/product\\\/pack-5-blisters-cenforce-200-mg-sidenafil-200mg\\\/#primaryimage\"},\"image\":{\"@id\":\"https:\\\/\\\/iberoid-shop.com\\\/pt\\\/product\\\/pack-5-blisters-cenforce-200-mg-sidenafil-200mg\\\/#primaryimage\"},\"thumbnailUrl\":\"https:\\\/\\\/iberoid-shop.com\\\/wp-content\\\/uploads\\\/2022\\\/01\\\/cen2-scaled.jpg?v=1708468427\",\"datePublished\":\"2022-01-04T12:54:47+00:00\",\"dateModified\":\"2025-12-08T08:57:15+00:00\",\"description\":\"Cenforce 200 (Citrato de Sildenafil) trata a Disfun\u00e7\u00e3o Er\u00e9til masculina aumentando o fluxo sangu\u00edneo para o p\u00eanis, com dura\u00e7\u00e3o de 6-8 horas.\",\"breadcrumb\":{\"@id\":\"https:\\\/\\\/iberoid-shop.com\\\/pt\\\/product\\\/pack-5-blisters-cenforce-200-mg-sidenafil-200mg\\\/#breadcrumb\"},\"inLanguage\":\"pt-PT\",\"potentialAction\":[{\"@type\":\"ReadAction\",\"target\":[[\"https:\\\/\\\/iberoid-shop.com\\\/pt\\\/product\\\/pack-5-blisters-cenforce-200-mg-sidenafil-200mg\\\/\"]]}]},{\"@type\":\"ImageObject\",\"inLanguage\":\"pt-PT\",\"@id\":\"https:\\\/\\\/iberoid-shop.com\\\/pt\\\/product\\\/pack-5-blisters-cenforce-200-mg-sidenafil-200mg\\\/#primaryimage\",\"url\":\"https:\\\/\\\/iberoid-shop.com\\\/wp-content\\\/uploads\\\/2022\\\/01\\\/cen2-scaled.jpg?v=1708468427\",\"contentUrl\":\"https:\\\/\\\/iberoid-shop.com\\\/wp-content\\\/uploads\\\/2022\\\/01\\\/cen2-scaled.jpg?v=1708468427\",\"width\":2560,\"height\":1808},{\"@type\":\"BreadcrumbList\",\"@id\":\"https:\\\/\\\/iberoid-shop.com\\\/pt\\\/product\\\/pack-5-blisters-cenforce-200-mg-sidenafil-200mg\\\/#breadcrumb\",\"itemListElement\":[{\"@type\":\"ListItem\",\"position\":1,\"name\":\"Portada\",\"item\":\"https:\\\/\\\/iberoid-shop.com\\\/pt\\\/\"},{\"@type\":\"ListItem\",\"position\":2,\"name\":\"Loja\",\"item\":\"https:\\\/\\\/iberoid-shop.com\\\/pt\\\/shop\\\/\"},{\"@type\":\"ListItem\",\"position\":3,\"name\":\"PACK 5 BLISTERS CENFORCE 200 MG &#8211; SIDENAFIL 200MG\"}]},{\"@type\":\"WebSite\",\"@id\":\"https:\\\/\\\/iberoid-shop.com\\\/pt\\\/#website\",\"url\":\"https:\\\/\\\/iberoid-shop.com\\\/pt\\\/\",\"name\":\"Ester\u00f3ides Online\",\"description\":\"Compre ester\u00f3ides online hoje em Espanha e Portugal. Temos o melhor servi\u00e7o ao cliente do setor e produtos da mais alta qualidade\",\"potentialAction\":[{\"@type\":\"SearchAction\",\"target\":{\"@type\":\"EntryPoint\",\"urlTemplate\":\"https:\\\/\\\/iberoid-shop.com\\\/pt\\\/?s={search_term_string}\"},\"query-input\":{\"@type\":\"PropertyValueSpecification\",\"valueRequired\":true,\"valueName\":\"search_term_string\"}}],\"inLanguage\":\"pt-PT\"}]}<\/script>\n<meta property=\"product:brand\" content=\"Cenforce\" \/>\n<meta property=\"product:price:amount\" content=\"60.00\" \/>\n<meta property=\"product:price:currency\" content=\"EUR\" \/>\n<meta property=\"og:availability\" content=\"instock\" \/>\n<meta property=\"product:availability\" content=\"instock\" \/>\n<meta property=\"product:condition\" content=\"new\" \/>\n<!-- \/ Yoast SEO Premium plugin. -->","yoast_head_json":{"title":"PACK 5 BLISTERS CENFORCE 200 MG - SIDENAFIL 200MG - Ester\u00f3ides Online","description":"Cenforce 200 (Citrato de Sildenafil) trata a Disfun\u00e7\u00e3o Er\u00e9til masculina aumentando o fluxo sangu\u00edneo para o p\u00eanis, com dura\u00e7\u00e3o de 6-8 horas.","robots":{"index":"index","follow":"follow","max-snippet":"max-snippet:-1","max-image-preview":"max-image-preview:large","max-video-preview":"max-video-preview:-1"},"canonical":"https:\/\/iberoid-shop.com\/pt\/product\/pack-5-blisters-cenforce-200-mg-sidenafil-200mg\/","og_locale":"pt_PT","og_type":"article","og_title":"PACK 5 BLISTERS CENFORCE 200 MG - SIDENAFIL 200MG","og_description":"Cenforce 200 (Citrato de Sildenafil) trata a Disfun\u00e7\u00e3o Er\u00e9til masculina aumentando o fluxo sangu\u00edneo para o p\u00eanis, com dura\u00e7\u00e3o de 6-8 horas.","og_url":"https:\/\/iberoid-shop.com\/pt\/product\/pack-5-blisters-cenforce-200-mg-sidenafil-200mg\/","og_site_name":"Ester\u00f3ides Online","article_modified_time":"2025-12-08T08:57:15+00:00","og_image":[{"width":1024,"height":723,"url":"https:\/\/iberoid-shop.com\/wp-content\/uploads\/2022\/01\/cen2-scaled-1024x723.jpg","type":"image\/jpeg"}],"twitter_card":"summary_large_image","twitter_misc":{"pre\u00e7o":"&euro;60.00","Disponibilidade":"Em stock"},"schema":{"@context":"https:\/\/schema.org","@graph":[{"@type":"WebPage","@id":"https:\/\/iberoid-shop.com\/pt\/product\/pack-5-blisters-cenforce-200-mg-sidenafil-200mg\/","url":"https:\/\/iberoid-shop.com\/pt\/product\/pack-5-blisters-cenforce-200-mg-sidenafil-200mg\/","name":"PACK 5 BLISTERS CENFORCE 200 MG - SIDENAFIL 200MG - Ester\u00f3ides Online","isPartOf":{"@id":"https:\/\/iberoid-shop.com\/pt\/#website"},"primaryImageOfPage":{"@id":"https:\/\/iberoid-shop.com\/pt\/product\/pack-5-blisters-cenforce-200-mg-sidenafil-200mg\/#primaryimage"},"image":{"@id":"https:\/\/iberoid-shop.com\/pt\/product\/pack-5-blisters-cenforce-200-mg-sidenafil-200mg\/#primaryimage"},"thumbnailUrl":"https:\/\/iberoid-shop.com\/wp-content\/uploads\/2022\/01\/cen2-scaled.jpg?v=1708468427","datePublished":"2022-01-04T12:54:47+00:00","dateModified":"2025-12-08T08:57:15+00:00","description":"Cenforce 200 (Citrato de Sildenafil) trata a Disfun\u00e7\u00e3o Er\u00e9til masculina aumentando o fluxo sangu\u00edneo para o p\u00eanis, com dura\u00e7\u00e3o de 6-8 horas.","breadcrumb":{"@id":"https:\/\/iberoid-shop.com\/pt\/product\/pack-5-blisters-cenforce-200-mg-sidenafil-200mg\/#breadcrumb"},"inLanguage":"pt-PT","potentialAction":[{"@type":"ReadAction","target":[["https:\/\/iberoid-shop.com\/pt\/product\/pack-5-blisters-cenforce-200-mg-sidenafil-200mg\/"]]}]},{"@type":"ImageObject","inLanguage":"pt-PT","@id":"https:\/\/iberoid-shop.com\/pt\/product\/pack-5-blisters-cenforce-200-mg-sidenafil-200mg\/#primaryimage","url":"https:\/\/iberoid-shop.com\/wp-content\/uploads\/2022\/01\/cen2-scaled.jpg?v=1708468427","contentUrl":"https:\/\/iberoid-shop.com\/wp-content\/uploads\/2022\/01\/cen2-scaled.jpg?v=1708468427","width":2560,"height":1808},{"@type":"BreadcrumbList","@id":"https:\/\/iberoid-shop.com\/pt\/product\/pack-5-blisters-cenforce-200-mg-sidenafil-200mg\/#breadcrumb","itemListElement":[{"@type":"ListItem","position":1,"name":"Portada","item":"https:\/\/iberoid-shop.com\/pt\/"},{"@type":"ListItem","position":2,"name":"Loja","item":"https:\/\/iberoid-shop.com\/pt\/shop\/"},{"@type":"ListItem","position":3,"name":"PACK 5 BLISTERS CENFORCE 200 MG &#8211; SIDENAFIL 200MG"}]},{"@type":"WebSite","@id":"https:\/\/iberoid-shop.com\/pt\/#website","url":"https:\/\/iberoid-shop.com\/pt\/","name":"Ester\u00f3ides Online","description":"Compre ester\u00f3ides online hoje em Espanha e Portugal. Temos o melhor servi\u00e7o ao cliente do setor e produtos da mais alta qualidade","potentialAction":[{"@type":"SearchAction","target":{"@type":"EntryPoint","urlTemplate":"https:\/\/iberoid-shop.com\/pt\/?s={search_term_string}"},"query-input":{"@type":"PropertyValueSpecification","valueRequired":true,"valueName":"search_term_string"}}],"inLanguage":"pt-PT"}]},"product_brand":"Cenforce","product_price_amount":"60.00","product_price_currency":"EUR","og_availability":"instock","product_availability":"instock","product_condition":"new"},"_links":{"self":[{"href":"https:\/\/iberoid-shop.com\/pt\/wp-json\/wp\/v2\/product\/7124","targetHints":{"allow":["GET"]}}],"collection":[{"href":"https:\/\/iberoid-shop.com\/pt\/wp-json\/wp\/v2\/product"}],"about":[{"href":"https:\/\/iberoid-shop.com\/pt\/wp-json\/wp\/v2\/types\/product"}],"replies":[{"embeddable":true,"href":"https:\/\/iberoid-shop.com\/pt\/wp-json\/wp\/v2\/comments?post=7124"}],"wp:featuredmedia":[{"embeddable":true,"href":"https:\/\/iberoid-shop.com\/pt\/wp-json\/wp\/v2\/media\/7125"}],"wp:attachment":[{"href":"https:\/\/iberoid-shop.com\/pt\/wp-json\/wp\/v2\/media?parent=7124"}],"wp:term":[{"taxonomy":"product_brand","embeddable":true,"href":"https:\/\/iberoid-shop.com\/pt\/wp-json\/wp\/v2\/product_brand?post=7124"},{"taxonomy":"product_cat","embeddable":true,"href":"https:\/\/iberoid-shop.com\/pt\/wp-json\/wp\/v2\/product_cat?post=7124"},{"taxonomy":"product_tag","embeddable":true,"href":"https:\/\/iberoid-shop.com\/pt\/wp-json\/wp\/v2\/product_tag?post=7124"}],"curies":[{"name":"wp","href":"https:\/\/api.w.org\/{rel}","templated":true}]}}