{"id":7120,"date":"2022-01-04T12:44:43","date_gmt":"2022-01-04T12:44:43","guid":{"rendered":"https:\/\/iberoid-shop.com\/?post_type=product&#038;p=7120"},"modified":"2026-03-19T12:24:51","modified_gmt":"2026-03-19T12:24:51","slug":"cenforce-200-mg-sidenafil-200-mg-1-blister-10-pastillas","status":"publish","type":"product","link":"https:\/\/iberoid-shop.com\/pt\/product\/cenforce-200-mg-sidenafil-200-mg-1-blister-10-pastillas\/","title":{"rendered":"CENFORCE 200 MG &#8211; SIDENAFIL 200 MG &#8211; 1 BILISTER(10 PASTILLAS)"},"content":{"rendered":"<p>Como tomar Cenforce 200 mg?<br \/>\nA droga precisa ser engolida com \u00e1gua normal.<br \/>\nTome o medicamento nas quantidades prescritas pelos m\u00e9dicos.<br \/>\nN\u00e3o desintegrar as p\u00edlulas em peda\u00e7os, engolir em seu tamanho total.<br \/>\nTome a droga 30 a 40 minutos antes de ir para o processo de fazer amor.<br \/>\nEvite tomar o medicamento se j\u00e1 estiver sob a orienta\u00e7\u00e3o de alguns outros medicamentos.<br \/>\n\u2013\u00a0\u00a0\u00a0\u00a0\u00a0\u00a0\u00a0\u00a0\u00a0 Por quanto tempo Cenforce 200 Mg deve ser continuado?<\/p>\n<p>O medicamento n\u00e3o deve apenas ser tomado, mas seguido rigorosamente at\u00e9 que seja mencionado na prescri\u00e7\u00e3o. A redu\u00e7\u00e3o ou extens\u00e3o do per\u00edodo deve ser de autoria do m\u00e9dico.<\/p>\n<p>Como Cenforce 200 Mg cura ED?<br \/>\nAtr\u00e1s da ere\u00e7\u00e3o ou n\u00e3o ere\u00e7\u00e3o do p\u00eanis, muitos processos s\u00e3o executados.<br \/>\nA ere\u00e7\u00e3o do p\u00eanis \u00e9 o fluxo de sangue no p\u00eanis durante a excita\u00e7\u00e3o.<br \/>\nSe o p\u00eanis receber um bom suprimento de sangue, o p\u00eanis ficar\u00e1 duro como uma rocha e ereto, ou ent\u00e3o, n\u00e3o importa o quanto voc\u00ea esteja excitado, o p\u00eanis permanecer\u00e1 solto. Esta situa\u00e7\u00e3o \u00e9 chamada de Disfun\u00e7\u00e3o Er\u00e9til.<br \/>\nQuando Cenforce 200 mg ou mais precisamente\u00a0Citrato de Sildenafil\u00a0se dissolve no sangue, alivia os tecidos da regi\u00e3o peniana e as paredes dos vasos sangu\u00edneos do p\u00eanis.<br \/>\nEm geral, \u00e9 produzida uma situa\u00e7\u00e3o em que o sangue n\u00e3o enfrenta nenhuma obstru\u00e7\u00e3o ao atingir o p\u00eanis.<br \/>\nE junto com tudo isso\u00a0PDE5\u00a0(a fosfodiesterase tipo 5 se torna n\u00e3o funcional. Normalmente, a PDE5 retarda a ere\u00e7\u00e3o deixando o sangue sair do p\u00eanis, este \u00e9 um processo normal ap\u00f3s a ejacula\u00e7\u00e3o.<br \/>\nAgora, quando os n\u00edveis de PDE5 s\u00e3o mais baixos do que situa\u00e7\u00f5es normais. Desta vez, o p\u00eanis n\u00e3o apenas fica ereto, mas tamb\u00e9m permanece ereto por 3 a 4 horas.<\/p>","protected":false},"excerpt":{"rendered":"<p>Como tomar Cenforce 200 mg? A droga precisa ser engolida com \u00e1gua normal. Tome o medicamento nas quantidades prescritas pelos<\/p>\n","protected":false},"featured_media":7121,"comment_status":"open","ping_status":"closed","template":"","meta":[],"product_brand":[],"product_cat":[73,3412],"product_tag":[3465],"class_list":{"0":"post-7120","1":"product","2":"type-product","3":"status-publish","4":"has-post-thumbnail","6":"product_cat-ssteroides_orales","7":"product_cat-varios","8":"product_tag-cenforce-200-mg-sidenafil-200-mg-1-blister-10-pastillas","10":"first","11":"instock","12":"sale","13":"shipping-taxable","14":"purchasable","15":"product-type-simple"},"yoast_head":"<!-- This site is optimized with the Yoast SEO Premium plugin v24.4 (Yoast SEO v27.3) - https:\/\/yoast.com\/product\/yoast-seo-premium-wordpress\/ -->\n<title>CENFORCE 200 MG - SIDENAFIL 200 MG - 1 BILISTER(10 PASTILLAS) - Ester\u00f3ides Online<\/title>\n<meta name=\"description\" content=\"Comprimidos Cenforce 100 mg ajudam a tratar a disfun\u00e7\u00e3o er\u00e9til, aumentando o fluxo sangu\u00edneo e mantendo ere\u00e7\u00f5es fortes por horas.\" \/>\n<meta name=\"robots\" content=\"index, follow, max-snippet:-1, max-image-preview:large, max-video-preview:-1\" \/>\n<link rel=\"canonical\" href=\"https:\/\/iberoid-shop.com\/pt\/product\/cenforce-200-mg-sidenafil-200-mg-1-blister-10-pastillas\/\" \/>\n<meta property=\"og:locale\" content=\"pt_PT\" \/>\n<meta property=\"og:type\" content=\"article\" \/>\n<meta property=\"og:title\" content=\"CENFORCE 200 MG - SIDENAFIL 200 MG - 1 BILISTER(10 PASTILLAS)\" \/>\n<meta property=\"og:description\" content=\"Comprimidos Cenforce 100 mg ajudam a tratar a disfun\u00e7\u00e3o er\u00e9til, aumentando o fluxo sangu\u00edneo e mantendo ere\u00e7\u00f5es fortes por horas.\" \/>\n<meta property=\"og:url\" content=\"https:\/\/iberoid-shop.com\/pt\/product\/cenforce-200-mg-sidenafil-200-mg-1-blister-10-pastillas\/\" \/>\n<meta property=\"og:site_name\" content=\"Ester\u00f3ides Online\" \/>\n<meta property=\"article:modified_time\" content=\"2026-03-19T12:24:51+00:00\" \/>\n<meta property=\"og:image\" content=\"https:\/\/iberoid-shop.com\/wp-content\/uploads\/2022\/01\/cen-1-scaled.jpg?v=1699330985\" \/>\n\t<meta property=\"og:image:width\" content=\"2280\" \/>\n\t<meta property=\"og:image:height\" content=\"2560\" \/>\n\t<meta property=\"og:image:type\" content=\"image\/jpeg\" \/>\n<meta name=\"twitter:card\" content=\"summary_large_image\" \/>\n<meta name=\"twitter:label1\" content=\"pre\u00e7o\" \/>\n\t<meta name=\"twitter:data1\" content=\"&euro;20.00\" \/>\n\t<meta name=\"twitter:label2\" content=\"Disponibilidade\" \/>\n\t<meta name=\"twitter:data2\" content=\"Em stock\" \/>\n<script type=\"application\/ld+json\" class=\"yoast-schema-graph\">{\"@context\":\"https:\\\/\\\/schema.org\",\"@graph\":[{\"@type\":\"WebPage\",\"@id\":\"https:\\\/\\\/iberoid-shop.com\\\/pt\\\/product\\\/cenforce-200-mg-sidenafil-200-mg-1-blister-10-pastillas\\\/\",\"url\":\"https:\\\/\\\/iberoid-shop.com\\\/pt\\\/product\\\/cenforce-200-mg-sidenafil-200-mg-1-blister-10-pastillas\\\/\",\"name\":\"CENFORCE 200 MG - SIDENAFIL 200 MG - 1 BILISTER(10 PASTILLAS) - Ester\u00f3ides Online\",\"isPartOf\":{\"@id\":\"https:\\\/\\\/iberoid-shop.com\\\/pt\\\/#website\"},\"primaryImageOfPage\":{\"@id\":\"https:\\\/\\\/iberoid-shop.com\\\/pt\\\/product\\\/cenforce-200-mg-sidenafil-200-mg-1-blister-10-pastillas\\\/#primaryimage\"},\"image\":{\"@id\":\"https:\\\/\\\/iberoid-shop.com\\\/pt\\\/product\\\/cenforce-200-mg-sidenafil-200-mg-1-blister-10-pastillas\\\/#primaryimage\"},\"thumbnailUrl\":\"https:\\\/\\\/iberoid-shop.com\\\/wp-content\\\/uploads\\\/2022\\\/01\\\/cen-1-scaled.jpg?v=1699330985\",\"datePublished\":\"2022-01-04T12:44:43+00:00\",\"dateModified\":\"2026-03-19T12:24:51+00:00\",\"description\":\"Comprimidos Cenforce 100 mg ajudam a tratar a disfun\u00e7\u00e3o er\u00e9til, aumentando o fluxo sangu\u00edneo e mantendo ere\u00e7\u00f5es fortes por horas.\",\"breadcrumb\":{\"@id\":\"https:\\\/\\\/iberoid-shop.com\\\/pt\\\/product\\\/cenforce-200-mg-sidenafil-200-mg-1-blister-10-pastillas\\\/#breadcrumb\"},\"inLanguage\":\"pt-PT\",\"potentialAction\":[{\"@type\":\"ReadAction\",\"target\":[[\"https:\\\/\\\/iberoid-shop.com\\\/pt\\\/product\\\/cenforce-200-mg-sidenafil-200-mg-1-blister-10-pastillas\\\/\"]]}]},{\"@type\":\"ImageObject\",\"inLanguage\":\"pt-PT\",\"@id\":\"https:\\\/\\\/iberoid-shop.com\\\/pt\\\/product\\\/cenforce-200-mg-sidenafil-200-mg-1-blister-10-pastillas\\\/#primaryimage\",\"url\":\"https:\\\/\\\/iberoid-shop.com\\\/wp-content\\\/uploads\\\/2022\\\/01\\\/cen-1-scaled.jpg?v=1699330985\",\"contentUrl\":\"https:\\\/\\\/iberoid-shop.com\\\/wp-content\\\/uploads\\\/2022\\\/01\\\/cen-1-scaled.jpg?v=1699330985\",\"width\":2280,\"height\":2560},{\"@type\":\"BreadcrumbList\",\"@id\":\"https:\\\/\\\/iberoid-shop.com\\\/pt\\\/product\\\/cenforce-200-mg-sidenafil-200-mg-1-blister-10-pastillas\\\/#breadcrumb\",\"itemListElement\":[{\"@type\":\"ListItem\",\"position\":1,\"name\":\"Portada\",\"item\":\"https:\\\/\\\/iberoid-shop.com\\\/pt\\\/\"},{\"@type\":\"ListItem\",\"position\":2,\"name\":\"Loja\",\"item\":\"https:\\\/\\\/iberoid-shop.com\\\/pt\\\/shop\\\/\"},{\"@type\":\"ListItem\",\"position\":3,\"name\":\"CENFORCE 200 MG &#8211; SIDENAFIL 200 MG &#8211; 1 BILISTER(10 PASTILLAS)\"}]},{\"@type\":\"WebSite\",\"@id\":\"https:\\\/\\\/iberoid-shop.com\\\/pt\\\/#website\",\"url\":\"https:\\\/\\\/iberoid-shop.com\\\/pt\\\/\",\"name\":\"Ester\u00f3ides Online\",\"description\":\"Compre ester\u00f3ides online hoje em Espanha e Portugal. Temos o melhor servi\u00e7o ao cliente do setor e produtos da mais alta qualidade\",\"potentialAction\":[{\"@type\":\"SearchAction\",\"target\":{\"@type\":\"EntryPoint\",\"urlTemplate\":\"https:\\\/\\\/iberoid-shop.com\\\/pt\\\/?s={search_term_string}\"},\"query-input\":{\"@type\":\"PropertyValueSpecification\",\"valueRequired\":true,\"valueName\":\"search_term_string\"}}],\"inLanguage\":\"pt-PT\"}]}<\/script>\n<meta property=\"product:brand\" content=\"Cenforce\" \/>\n<meta property=\"product:price:amount\" content=\"20.00\" \/>\n<meta property=\"product:price:currency\" content=\"EUR\" \/>\n<meta property=\"og:availability\" content=\"instock\" \/>\n<meta property=\"product:availability\" content=\"instock\" \/>\n<meta property=\"product:condition\" content=\"new\" \/>\n<!-- \/ Yoast SEO Premium plugin. -->","yoast_head_json":{"title":"CENFORCE 200 MG - SIDENAFIL 200 MG - 1 BILISTER(10 PASTILLAS) - Ester\u00f3ides Online","description":"Comprimidos Cenforce 100 mg ajudam a tratar a disfun\u00e7\u00e3o er\u00e9til, aumentando o fluxo sangu\u00edneo e mantendo ere\u00e7\u00f5es fortes por horas.","robots":{"index":"index","follow":"follow","max-snippet":"max-snippet:-1","max-image-preview":"max-image-preview:large","max-video-preview":"max-video-preview:-1"},"canonical":"https:\/\/iberoid-shop.com\/pt\/product\/cenforce-200-mg-sidenafil-200-mg-1-blister-10-pastillas\/","og_locale":"pt_PT","og_type":"article","og_title":"CENFORCE 200 MG - SIDENAFIL 200 MG - 1 BILISTER(10 PASTILLAS)","og_description":"Comprimidos Cenforce 100 mg ajudam a tratar a disfun\u00e7\u00e3o er\u00e9til, aumentando o fluxo sangu\u00edneo e mantendo ere\u00e7\u00f5es fortes por horas.","og_url":"https:\/\/iberoid-shop.com\/pt\/product\/cenforce-200-mg-sidenafil-200-mg-1-blister-10-pastillas\/","og_site_name":"Ester\u00f3ides Online","article_modified_time":"2026-03-19T12:24:51+00:00","og_image":[{"width":2280,"height":2560,"url":"https:\/\/iberoid-shop.com\/wp-content\/uploads\/2022\/01\/cen-1-scaled.jpg?v=1699330985","type":"image\/jpeg"}],"twitter_card":"summary_large_image","twitter_misc":{"pre\u00e7o":"&euro;20.00","Disponibilidade":"Em stock"},"schema":{"@context":"https:\/\/schema.org","@graph":[{"@type":"WebPage","@id":"https:\/\/iberoid-shop.com\/pt\/product\/cenforce-200-mg-sidenafil-200-mg-1-blister-10-pastillas\/","url":"https:\/\/iberoid-shop.com\/pt\/product\/cenforce-200-mg-sidenafil-200-mg-1-blister-10-pastillas\/","name":"CENFORCE 200 MG - SIDENAFIL 200 MG - 1 BILISTER(10 PASTILLAS) - Ester\u00f3ides Online","isPartOf":{"@id":"https:\/\/iberoid-shop.com\/pt\/#website"},"primaryImageOfPage":{"@id":"https:\/\/iberoid-shop.com\/pt\/product\/cenforce-200-mg-sidenafil-200-mg-1-blister-10-pastillas\/#primaryimage"},"image":{"@id":"https:\/\/iberoid-shop.com\/pt\/product\/cenforce-200-mg-sidenafil-200-mg-1-blister-10-pastillas\/#primaryimage"},"thumbnailUrl":"https:\/\/iberoid-shop.com\/wp-content\/uploads\/2022\/01\/cen-1-scaled.jpg?v=1699330985","datePublished":"2022-01-04T12:44:43+00:00","dateModified":"2026-03-19T12:24:51+00:00","description":"Comprimidos Cenforce 100 mg ajudam a tratar a disfun\u00e7\u00e3o er\u00e9til, aumentando o fluxo sangu\u00edneo e mantendo ere\u00e7\u00f5es fortes por horas.","breadcrumb":{"@id":"https:\/\/iberoid-shop.com\/pt\/product\/cenforce-200-mg-sidenafil-200-mg-1-blister-10-pastillas\/#breadcrumb"},"inLanguage":"pt-PT","potentialAction":[{"@type":"ReadAction","target":[["https:\/\/iberoid-shop.com\/pt\/product\/cenforce-200-mg-sidenafil-200-mg-1-blister-10-pastillas\/"]]}]},{"@type":"ImageObject","inLanguage":"pt-PT","@id":"https:\/\/iberoid-shop.com\/pt\/product\/cenforce-200-mg-sidenafil-200-mg-1-blister-10-pastillas\/#primaryimage","url":"https:\/\/iberoid-shop.com\/wp-content\/uploads\/2022\/01\/cen-1-scaled.jpg?v=1699330985","contentUrl":"https:\/\/iberoid-shop.com\/wp-content\/uploads\/2022\/01\/cen-1-scaled.jpg?v=1699330985","width":2280,"height":2560},{"@type":"BreadcrumbList","@id":"https:\/\/iberoid-shop.com\/pt\/product\/cenforce-200-mg-sidenafil-200-mg-1-blister-10-pastillas\/#breadcrumb","itemListElement":[{"@type":"ListItem","position":1,"name":"Portada","item":"https:\/\/iberoid-shop.com\/pt\/"},{"@type":"ListItem","position":2,"name":"Loja","item":"https:\/\/iberoid-shop.com\/pt\/shop\/"},{"@type":"ListItem","position":3,"name":"CENFORCE 200 MG &#8211; SIDENAFIL 200 MG &#8211; 1 BILISTER(10 PASTILLAS)"}]},{"@type":"WebSite","@id":"https:\/\/iberoid-shop.com\/pt\/#website","url":"https:\/\/iberoid-shop.com\/pt\/","name":"Ester\u00f3ides Online","description":"Compre ester\u00f3ides online hoje em Espanha e Portugal. Temos o melhor servi\u00e7o ao cliente do setor e produtos da mais alta qualidade","potentialAction":[{"@type":"SearchAction","target":{"@type":"EntryPoint","urlTemplate":"https:\/\/iberoid-shop.com\/pt\/?s={search_term_string}"},"query-input":{"@type":"PropertyValueSpecification","valueRequired":true,"valueName":"search_term_string"}}],"inLanguage":"pt-PT"}]},"product_brand":"Cenforce","product_price_amount":"20.00","product_price_currency":"EUR","og_availability":"instock","product_availability":"instock","product_condition":"new"},"_links":{"self":[{"href":"https:\/\/iberoid-shop.com\/pt\/wp-json\/wp\/v2\/product\/7120","targetHints":{"allow":["GET"]}}],"collection":[{"href":"https:\/\/iberoid-shop.com\/pt\/wp-json\/wp\/v2\/product"}],"about":[{"href":"https:\/\/iberoid-shop.com\/pt\/wp-json\/wp\/v2\/types\/product"}],"replies":[{"embeddable":true,"href":"https:\/\/iberoid-shop.com\/pt\/wp-json\/wp\/v2\/comments?post=7120"}],"wp:featuredmedia":[{"embeddable":true,"href":"https:\/\/iberoid-shop.com\/pt\/wp-json\/wp\/v2\/media\/7121"}],"wp:attachment":[{"href":"https:\/\/iberoid-shop.com\/pt\/wp-json\/wp\/v2\/media?parent=7120"}],"wp:term":[{"taxonomy":"product_brand","embeddable":true,"href":"https:\/\/iberoid-shop.com\/pt\/wp-json\/wp\/v2\/product_brand?post=7120"},{"taxonomy":"product_cat","embeddable":true,"href":"https:\/\/iberoid-shop.com\/pt\/wp-json\/wp\/v2\/product_cat?post=7120"},{"taxonomy":"product_tag","embeddable":true,"href":"https:\/\/iberoid-shop.com\/pt\/wp-json\/wp\/v2\/product_tag?post=7120"}],"curies":[{"name":"wp","href":"https:\/\/api.w.org\/{rel}","templated":true}]}}