{"id":7106,"date":"2021-12-30T21:07:47","date_gmt":"2021-12-30T21:07:47","guid":{"rendered":"https:\/\/iberoid-shop.com\/?post_type=product&#038;p=7106"},"modified":"2022-03-17T21:41:13","modified_gmt":"2022-03-17T21:41:13","slug":"somatexx-hgh-somatropin-100iu-2x50iu","status":"publish","type":"product","link":"https:\/\/iberoid-shop.com\/pt\/product\/somatexx-hgh-somatropin-100iu-2x50iu\/","title":{"rendered":"Somatexx HGH Somatropin 100iu-2x50iu"},"content":{"rendered":"<p>O horm\u00f4nio do crescimento (GH) ou somatotropina, tamb\u00e9m conhecido como horm\u00f4nio do crescimento humano (hGH ou HGH) em sua forma humana, \u00e9 um horm\u00f4nio pept\u00eddico que estimula o crescimento, a reprodu\u00e7\u00e3o celular e a regenera\u00e7\u00e3o celular em humanos e outros animais. \u00c9, portanto, importante no desenvolvimento humano.<\/p>\n<p>O horm\u00f4nio do crescimento humano \u00e9 uma subst\u00e2ncia de forma\u00e7\u00e3o natural que \u00e9 separada pela gl\u00e2ndula pituit\u00e1ria anterior. \u00c9 essencial para o crescimento e desenvolvimento normais. O horm\u00f4nio do crescimento (GH) \u00e9 secretado pela gl\u00e2ndula pituit\u00e1ria desde o nascimento e os n\u00edveis atingem o pico no final da adolesc\u00eancia.<\/p>\n<p>Os cursos normais de ester\u00f3ides em for\u00e7a s\u00e3o usados \u200b\u200bbasicamente, \u00e9 f\u00e1cil de adivinhar, por atletas Soma-tex de esportes de for\u00e7a e levantadores de peso. Para fisiculturistas e fisiculturistas, os indicadores de for\u00e7a n\u00e3o s\u00e3o t\u00e3o importantes, eles precisam de massa, al\u00edvio e seco.<\/p>\n<p>Scilife &#8211;\u00a0Biogen\u00e9tica\u00a0Horm\u00f4nio de Crescimento Humano<\/p>\n<p>Compre Soma-Tex HGH 120iu para Estimula a divis\u00e3o e multiplica\u00e7\u00e3o dos condr\u00f3citos da cartilagem<\/p>\n<p>Benef\u00edcios de tomar Soma:<\/p>\n<p>Aumenta a reten\u00e7\u00e3o de c\u00e1lcio e estabiliza a mineraliza\u00e7\u00e3o dos ossos.<\/p>\n<p>Ajuda a estimular o crescimento celular em todos os \u00f3rg\u00e3os do corpo humano<\/p>\n<p>Aumenta o metabolismo do corpo.<\/p>\n<p>Ajuda na repara\u00e7\u00e3o das c\u00e9lulas danificadas<\/p>\n<p>Induz a s\u00edntese de prote\u00ednas e gere o seu n\u00edvel.<\/p>\n<p>Diminui a degrada\u00e7\u00e3o de prote\u00ednas<\/p>\n<p>Auxilia na estimula\u00e7\u00e3o do sistema imunol\u00f3gico<\/p>\n<p>Promove a lip\u00f3lise<\/p>\n<p>Aumenta o transporte de glicose<\/p>\n<p>Aumento da perda de gordura<\/p>\n<p>For\u00e7a aumentada<\/p>","protected":false},"excerpt":{"rendered":"<p>O horm\u00f4nio do crescimento (GH) ou somatotropina, tamb\u00e9m conhecido como horm\u00f4nio do crescimento humano (hGH ou HGH) em sua forma<\/p>\n","protected":false},"featured_media":7107,"comment_status":"open","ping_status":"closed","template":"","meta":[],"product_brand":[],"product_cat":[76],"product_tag":[],"class_list":{"0":"post-7106","1":"product","2":"type-product","3":"status-publish","4":"has-post-thumbnail","6":"product_cat-hgh_peptido","8":"first","9":"outofstock","10":"sale","11":"shipping-taxable","12":"purchasable","13":"product-type-simple"},"yoast_head":"<!-- This site is optimized with the Yoast SEO Premium plugin v24.4 (Yoast SEO v27.3) - https:\/\/yoast.com\/product\/yoast-seo-premium-wordpress\/ -->\n<title>Somatexx HGH Somatropin 100iu-2x50iu - Ester\u00f3ides Online<\/title>\n<meta name=\"robots\" content=\"index, follow, max-snippet:-1, max-image-preview:large, max-video-preview:-1\" \/>\n<link rel=\"canonical\" href=\"https:\/\/iberoid-shop.com\/pt\/product\/somatexx-hgh-somatropin-100iu-2x50iu\/\" \/>\n<meta property=\"og:locale\" content=\"pt_PT\" \/>\n<meta property=\"og:type\" content=\"article\" \/>\n<meta property=\"og:title\" content=\"Somatexx HGH Somatropin 100iu-2x50iu\" \/>\n<meta property=\"og:description\" content=\"O horm\u00f4nio do crescimento (GH) ou somatotropina, tamb\u00e9m conhecido como horm\u00f4nio do crescimento humano (hGH ou HGH) em sua forma\" \/>\n<meta property=\"og:url\" content=\"https:\/\/iberoid-shop.com\/pt\/product\/somatexx-hgh-somatropin-100iu-2x50iu\/\" \/>\n<meta property=\"og:site_name\" content=\"Ester\u00f3ides Online\" \/>\n<meta property=\"article:modified_time\" content=\"2022-03-17T21:41:13+00:00\" \/>\n<meta property=\"og:image\" content=\"https:\/\/iberoid-shop.com\/wp-content\/uploads\/2021\/12\/somatexx-1.jpg?v=1678119938\" \/>\n\t<meta property=\"og:image:width\" content=\"348\" \/>\n\t<meta property=\"og:image:height\" content=\"348\" \/>\n\t<meta property=\"og:image:type\" content=\"image\/jpeg\" \/>\n<meta name=\"twitter:card\" content=\"summary_large_image\" \/>\n<meta name=\"twitter:label1\" content=\"pre\u00e7o\" \/>\n\t<meta name=\"twitter:data1\" content=\"&euro;130.00\" \/>\n\t<meta name=\"twitter:label2\" content=\"Disponibilidade\" \/>\n\t<meta name=\"twitter:data2\" content=\"Esgotado\" \/>\n<script type=\"application\/ld+json\" class=\"yoast-schema-graph\">{\"@context\":\"https:\\\/\\\/schema.org\",\"@graph\":[{\"@type\":\"WebPage\",\"@id\":\"https:\\\/\\\/iberoid-shop.com\\\/pt\\\/product\\\/somatexx-hgh-somatropin-100iu-2x50iu\\\/\",\"url\":\"https:\\\/\\\/iberoid-shop.com\\\/pt\\\/product\\\/somatexx-hgh-somatropin-100iu-2x50iu\\\/\",\"name\":\"Somatexx HGH Somatropin 100iu-2x50iu - Ester\u00f3ides Online\",\"isPartOf\":{\"@id\":\"https:\\\/\\\/iberoid-shop.com\\\/pt\\\/#website\"},\"primaryImageOfPage\":{\"@id\":\"https:\\\/\\\/iberoid-shop.com\\\/pt\\\/product\\\/somatexx-hgh-somatropin-100iu-2x50iu\\\/#primaryimage\"},\"image\":{\"@id\":\"https:\\\/\\\/iberoid-shop.com\\\/pt\\\/product\\\/somatexx-hgh-somatropin-100iu-2x50iu\\\/#primaryimage\"},\"thumbnailUrl\":\"https:\\\/\\\/iberoid-shop.com\\\/wp-content\\\/uploads\\\/2021\\\/12\\\/somatexx-1.jpg?v=1678119938\",\"datePublished\":\"2021-12-30T21:07:47+00:00\",\"dateModified\":\"2022-03-17T21:41:13+00:00\",\"breadcrumb\":{\"@id\":\"https:\\\/\\\/iberoid-shop.com\\\/pt\\\/product\\\/somatexx-hgh-somatropin-100iu-2x50iu\\\/#breadcrumb\"},\"inLanguage\":\"pt-PT\",\"potentialAction\":[{\"@type\":\"ReadAction\",\"target\":[[\"https:\\\/\\\/iberoid-shop.com\\\/pt\\\/product\\\/somatexx-hgh-somatropin-100iu-2x50iu\\\/\"]]}]},{\"@type\":\"ImageObject\",\"inLanguage\":\"pt-PT\",\"@id\":\"https:\\\/\\\/iberoid-shop.com\\\/pt\\\/product\\\/somatexx-hgh-somatropin-100iu-2x50iu\\\/#primaryimage\",\"url\":\"https:\\\/\\\/iberoid-shop.com\\\/wp-content\\\/uploads\\\/2021\\\/12\\\/somatexx-1.jpg?v=1678119938\",\"contentUrl\":\"https:\\\/\\\/iberoid-shop.com\\\/wp-content\\\/uploads\\\/2021\\\/12\\\/somatexx-1.jpg?v=1678119938\",\"width\":348,\"height\":348},{\"@type\":\"BreadcrumbList\",\"@id\":\"https:\\\/\\\/iberoid-shop.com\\\/pt\\\/product\\\/somatexx-hgh-somatropin-100iu-2x50iu\\\/#breadcrumb\",\"itemListElement\":[{\"@type\":\"ListItem\",\"position\":1,\"name\":\"Portada\",\"item\":\"https:\\\/\\\/iberoid-shop.com\\\/pt\\\/\"},{\"@type\":\"ListItem\",\"position\":2,\"name\":\"Loja\",\"item\":\"https:\\\/\\\/iberoid-shop.com\\\/pt\\\/shop\\\/\"},{\"@type\":\"ListItem\",\"position\":3,\"name\":\"Somatexx HGH Somatropin 100iu-2x50iu\"}]},{\"@type\":\"WebSite\",\"@id\":\"https:\\\/\\\/iberoid-shop.com\\\/pt\\\/#website\",\"url\":\"https:\\\/\\\/iberoid-shop.com\\\/pt\\\/\",\"name\":\"Ester\u00f3ides Online\",\"description\":\"Compre ester\u00f3ides online hoje em Espanha e Portugal. Temos o melhor servi\u00e7o ao cliente do setor e produtos da mais alta qualidade\",\"potentialAction\":[{\"@type\":\"SearchAction\",\"target\":{\"@type\":\"EntryPoint\",\"urlTemplate\":\"https:\\\/\\\/iberoid-shop.com\\\/pt\\\/?s={search_term_string}\"},\"query-input\":{\"@type\":\"PropertyValueSpecification\",\"valueRequired\":true,\"valueName\":\"search_term_string\"}}],\"inLanguage\":\"pt-PT\"}]}<\/script>\n<meta property=\"product:brand\" content=\"Somatexx\" \/>\n<meta property=\"product:price:amount\" content=\"130.00\" \/>\n<meta property=\"product:price:currency\" content=\"EUR\" \/>\n<meta property=\"og:availability\" content=\"out of stock\" \/>\n<meta property=\"product:availability\" content=\"out of stock\" \/>\n<meta property=\"product:condition\" content=\"new\" \/>\n<!-- \/ Yoast SEO Premium plugin. -->","yoast_head_json":{"title":"Somatexx HGH Somatropin 100iu-2x50iu - Ester\u00f3ides Online","robots":{"index":"index","follow":"follow","max-snippet":"max-snippet:-1","max-image-preview":"max-image-preview:large","max-video-preview":"max-video-preview:-1"},"canonical":"https:\/\/iberoid-shop.com\/pt\/product\/somatexx-hgh-somatropin-100iu-2x50iu\/","og_locale":"pt_PT","og_type":"article","og_title":"Somatexx HGH Somatropin 100iu-2x50iu","og_description":"O horm\u00f4nio do crescimento (GH) ou somatotropina, tamb\u00e9m conhecido como horm\u00f4nio do crescimento humano (hGH ou HGH) em sua forma","og_url":"https:\/\/iberoid-shop.com\/pt\/product\/somatexx-hgh-somatropin-100iu-2x50iu\/","og_site_name":"Ester\u00f3ides Online","article_modified_time":"2022-03-17T21:41:13+00:00","og_image":[{"width":348,"height":348,"url":"https:\/\/iberoid-shop.com\/wp-content\/uploads\/2021\/12\/somatexx-1.jpg?v=1678119938","type":"image\/jpeg"}],"twitter_card":"summary_large_image","twitter_misc":{"pre\u00e7o":"&euro;130.00","Disponibilidade":"Esgotado"},"schema":{"@context":"https:\/\/schema.org","@graph":[{"@type":"WebPage","@id":"https:\/\/iberoid-shop.com\/pt\/product\/somatexx-hgh-somatropin-100iu-2x50iu\/","url":"https:\/\/iberoid-shop.com\/pt\/product\/somatexx-hgh-somatropin-100iu-2x50iu\/","name":"Somatexx HGH Somatropin 100iu-2x50iu - Ester\u00f3ides Online","isPartOf":{"@id":"https:\/\/iberoid-shop.com\/pt\/#website"},"primaryImageOfPage":{"@id":"https:\/\/iberoid-shop.com\/pt\/product\/somatexx-hgh-somatropin-100iu-2x50iu\/#primaryimage"},"image":{"@id":"https:\/\/iberoid-shop.com\/pt\/product\/somatexx-hgh-somatropin-100iu-2x50iu\/#primaryimage"},"thumbnailUrl":"https:\/\/iberoid-shop.com\/wp-content\/uploads\/2021\/12\/somatexx-1.jpg?v=1678119938","datePublished":"2021-12-30T21:07:47+00:00","dateModified":"2022-03-17T21:41:13+00:00","breadcrumb":{"@id":"https:\/\/iberoid-shop.com\/pt\/product\/somatexx-hgh-somatropin-100iu-2x50iu\/#breadcrumb"},"inLanguage":"pt-PT","potentialAction":[{"@type":"ReadAction","target":[["https:\/\/iberoid-shop.com\/pt\/product\/somatexx-hgh-somatropin-100iu-2x50iu\/"]]}]},{"@type":"ImageObject","inLanguage":"pt-PT","@id":"https:\/\/iberoid-shop.com\/pt\/product\/somatexx-hgh-somatropin-100iu-2x50iu\/#primaryimage","url":"https:\/\/iberoid-shop.com\/wp-content\/uploads\/2021\/12\/somatexx-1.jpg?v=1678119938","contentUrl":"https:\/\/iberoid-shop.com\/wp-content\/uploads\/2021\/12\/somatexx-1.jpg?v=1678119938","width":348,"height":348},{"@type":"BreadcrumbList","@id":"https:\/\/iberoid-shop.com\/pt\/product\/somatexx-hgh-somatropin-100iu-2x50iu\/#breadcrumb","itemListElement":[{"@type":"ListItem","position":1,"name":"Portada","item":"https:\/\/iberoid-shop.com\/pt\/"},{"@type":"ListItem","position":2,"name":"Loja","item":"https:\/\/iberoid-shop.com\/pt\/shop\/"},{"@type":"ListItem","position":3,"name":"Somatexx HGH Somatropin 100iu-2x50iu"}]},{"@type":"WebSite","@id":"https:\/\/iberoid-shop.com\/pt\/#website","url":"https:\/\/iberoid-shop.com\/pt\/","name":"Ester\u00f3ides Online","description":"Compre ester\u00f3ides online hoje em Espanha e Portugal. Temos o melhor servi\u00e7o ao cliente do setor e produtos da mais alta qualidade","potentialAction":[{"@type":"SearchAction","target":{"@type":"EntryPoint","urlTemplate":"https:\/\/iberoid-shop.com\/pt\/?s={search_term_string}"},"query-input":{"@type":"PropertyValueSpecification","valueRequired":true,"valueName":"search_term_string"}}],"inLanguage":"pt-PT"}]},"product_brand":"Somatexx","product_price_amount":"130.00","product_price_currency":"EUR","og_availability":"out of stock","product_availability":"out of stock","product_condition":"new"},"_links":{"self":[{"href":"https:\/\/iberoid-shop.com\/pt\/wp-json\/wp\/v2\/product\/7106","targetHints":{"allow":["GET"]}}],"collection":[{"href":"https:\/\/iberoid-shop.com\/pt\/wp-json\/wp\/v2\/product"}],"about":[{"href":"https:\/\/iberoid-shop.com\/pt\/wp-json\/wp\/v2\/types\/product"}],"replies":[{"embeddable":true,"href":"https:\/\/iberoid-shop.com\/pt\/wp-json\/wp\/v2\/comments?post=7106"}],"wp:featuredmedia":[{"embeddable":true,"href":"https:\/\/iberoid-shop.com\/pt\/wp-json\/wp\/v2\/media\/7107"}],"wp:attachment":[{"href":"https:\/\/iberoid-shop.com\/pt\/wp-json\/wp\/v2\/media?parent=7106"}],"wp:term":[{"taxonomy":"product_brand","embeddable":true,"href":"https:\/\/iberoid-shop.com\/pt\/wp-json\/wp\/v2\/product_brand?post=7106"},{"taxonomy":"product_cat","embeddable":true,"href":"https:\/\/iberoid-shop.com\/pt\/wp-json\/wp\/v2\/product_cat?post=7106"},{"taxonomy":"product_tag","embeddable":true,"href":"https:\/\/iberoid-shop.com\/pt\/wp-json\/wp\/v2\/product_tag?post=7106"}],"curies":[{"name":"wp","href":"https:\/\/api.w.org\/{rel}","templated":true}]}}