{"id":6980,"date":"2021-12-03T12:44:41","date_gmt":"2021-12-03T12:44:41","guid":{"rendered":"https:\/\/iberoid-shop.com\/?post_type=product&#038;p=6980"},"modified":"2024-03-24T18:22:22","modified_gmt":"2024-03-24T18:22:22","slug":"provitech","status":"publish","type":"product","link":"https:\/\/iberoid-shop.com\/pt\/product\/provitech\/","title":{"rendered":"PACK3 PROVITECH\/PROVIRON\/BIOTECH"},"content":{"rendered":"<p>PACK 3 CAJAS PROVIRON 3 X100 PASTILLAS-TOTAL 300 PASTILLAS- 25 MG<br \/>\nProviron (mesterolone) \u00e9 basicamente uma prepara\u00e7\u00e3o oral de DHT (diidrotestosterona). Para compara\u00e7\u00e3o, podemos pensar em alguns outros compostos DHT preparados oralmente, como Winstrol e Anavar. Ambos agem de maneira muito semelhante ao Proviron, mas uma maneira mais precisa de pensar nesse composto \u00e9 algo como &#8220;Oral Masteron&#8221;. Como tenho certeza que voc\u00ea notou, sua propor\u00e7\u00e3o anab\u00f3lica\/androg\u00eanica \u00e9 muito semelhante. Lembre-se, o DHT \u00e9 3 a 4 vezes mais androg\u00eanico que a testosterona e, \u00e9 claro, \u00e9 incapaz de formar estrog\u00eanio. Al\u00e9m disso, Proviron \u00e9 bastante \u00fanico, pois uma simples olhada em sua estrutura de 4 an\u00e9is nos mostrar\u00e1 que n\u00e3o ser\u00e1 muito t\u00f3xico para o f\u00edgado, pois n\u00e3o \u00e9 c17-alfa-alquilado, como muitos orais s\u00e3o e essa modifica\u00e7\u00e3o (sem em Proviron) torna as drogas mais t\u00f3xicas para o f\u00edgado. Proviron tem um grupo de 1 metil adicionado, em vez disso. Parece muito bom no papel, certo? Bem, como sempre, as coisas tendem a parecer melhores no papel do que no corpo. Seu corpo tem um ciclo de feedback negativo que impede que seu corpo tenha muito DHT flutuando (se voc\u00ea prestou aten\u00e7\u00e3o at\u00e9 agora ao ler minhas outras coisas, voc\u00ea j\u00e1 sabe disso). Um excesso de DHT eventualmente ser\u00e1 transformado em outro composto (em grande parte n\u00e3o anab\u00f3lico).<\/p>\n<p>E, claro, sendo um composto \u00e0 base de DHT, o Proviron n\u00e3o ser\u00e1 \u00f3timo para atletas do sexo feminino usarem. A viriliza\u00e7\u00e3o (desenvolvimento das caracter\u00edsticas sexuais masculinas) vai ser uma preocupa\u00e7\u00e3o para as mulheres que ousam experimentar essas coisas. Meu conselho \u00e9 que existem compostos muito melhores e mais seguros para atletas e fisiculturistas usarem.<\/p>\n<p>Ent\u00e3o vamos voltar \u00e0 compara\u00e7\u00e3o com ser uma esp\u00e9cie de &#8220;Oral Masteron&#8221; basicamente porque o Proviron \u00e9 5-alfa reduzido e n\u00e3o \u00e9 capaz de formar estrog\u00eanio, e tamb\u00e9m tem uma afinidade muito alta para se ligar \u00e0 enzima aromatase (a enzima respons\u00e1vel pela convers\u00e3o toda aquela testosterona boa em seu corpo em todo aquele estrog\u00eanio desagrad\u00e1vel). Isso significa que se voc\u00ea optar por tomar proviron com testosterona (e eu sei que voc\u00ea nem estaria fazendo um ciclo sem incluir alguma forma de testosterona) e\/ou qualquer ester\u00f3ide aromatiz\u00e1vel, ele deve servir para evitar o ac\u00famulo de estrog\u00eanio pela liga\u00e7\u00e3o acima mencionada ao horm\u00f4nio. enzima aromatase, que impede a aromatase de fazer seu trabalho sujo e produzir um monte de estrog\u00eanio dos outros ester\u00f3ides que voc\u00ea est\u00e1 tomando. Deve-se notar tamb\u00e9m que Proviron tamb\u00e9m se liga muito bem ao SHBG (Sex Hormone Binding Globulin: um horm\u00f4nio respons\u00e1vel por reduzir a quantidade de testosterona livre circulante em seu corpo)(1). Na verdade, no \u00faltimo estudo que li, ele se ligou ao SHBG melhor do que qualquer outra droga estudada. Al\u00e9m disso, gostaria de observar que o Proviron se liga ao Receptor Anab\u00f3lico melhor do que qualquer anabolizante oral (exceto o insanamente t\u00f3xico MetilTrienolona), tendo a capacidade de se ligar ao AR melhor que a testosterona, mas n\u00e3o t\u00e3o bem quanto a Nandrolona (1). Infelizmente, como sabemos, o DHT tamb\u00e9m tem uma alta afinidade para se ligar a receptores no couro cabeludo e na pr\u00f3stata, causando alguns poss\u00edveis efeitos colaterais desagrad\u00e1veis, como calv\u00edcie masculina e aumento da pr\u00f3stata. \u00c9 importante lembrar que os compostos derivados de DHT e DHT s\u00e3o usados \u200b\u200bcom bastante sucesso para tratar a ginecomastia e, nesta \u00e1rea, o Proviron n\u00e3o \u00e9 diferente.<\/p>\n<p>Vamos mergulhar em alguns dos pontos positivos desta droga antes de irmos mais longe. Os receptores androg\u00eanicos s\u00e3o encontrados tanto nas c\u00e9lulas de gordura quanto nas c\u00e9lulas musculares(5) e, embora atuem no RA nas c\u00e9lulas musculares para promover o crescimento, tamb\u00e9m atuam diretamente no RA nas c\u00e9lulas adiposas para afetar a queima de gordura.(9)(3) ) Quanto mais forte o andr\u00f3geno se liga ao AR, maior o efeito lipol\u00edtico (queima de gordura) no tecido adiposo (gordura) (6)(2). Como se isso n\u00e3o fosse uma boa not\u00edcia o suficiente, alguns ester\u00f3ides (principalmente a testosterona) at\u00e9 aumentam o n\u00famero de A.R. em m\u00fasculo e gordura (9)(7). Assim, se voc\u00ea estiver tomando uma pilha simples de proviron e testosterona, voc\u00ea ter\u00e1 mais do teste que voc\u00ea fotografa como testosterona livre flutuando ao redor da constru\u00e7\u00e3o muscular (complementos do Proviron), mais receptores de andr\u00f3genos para se ligar (complementos de sua testosterona ) pelo seu Proviron, causando assim mais perda de gordura. Testosterona e Proviron s\u00e3o uma pilha sin\u00e9rgica muito boa, quase uma pilha &#8220;ideal&#8221; de oral e injet\u00e1vel, porque ambas as drogas realmente agem para aumentar o efeito da outra.<\/p>\n<p>Ent\u00e3o, o que temos aqui \u00e9 um ester\u00f3ide que pode basicamente tornar outros ester\u00f3ides mais eficazes, impedindo sua convers\u00e3o em estrog\u00eanio, al\u00e9m de aumentar a quantidade de testosterona livre circulante em seu corpo. Claro que tudo isso proporciona uma apar\u00eancia mais endurecida e de qualidade aos m\u00fasculos. Proviron \u00e9 uma droga &#8220;sin\u00e9rgica&#8221; a esse respeito, e sua inclus\u00e3o em qualquer ciclo definitivamente faria com que todos os outros ester\u00f3ides tivessem um melhor desempenho e proporcionassem melhores ganhos. Isso tudo \u00e9 agravado pelo fato de que o proviron \u00e9 uma droga muito lipol\u00edtica (queima de gordura).<\/p>","protected":false},"excerpt":{"rendered":"<p>PACK 3 CAJAS PROVIRON 3 X100 PASTILLAS-TOTAL 300 PASTILLAS- 25 MG Proviron (mesterolone) \u00e9 basicamente uma prepara\u00e7\u00e3o oral de DHT<\/p>\n","protected":false},"featured_media":6774,"comment_status":"open","ping_status":"closed","template":"","meta":[],"product_brand":[],"product_cat":[73,3474],"product_tag":[],"class_list":{"0":"post-6980","1":"product","2":"type-product","3":"status-publish","4":"has-post-thumbnail","6":"product_cat-ssteroides_orales","7":"product_cat-packs","9":"first","10":"outofstock","11":"sale","12":"shipping-taxable","13":"purchasable","14":"product-type-simple"},"yoast_head":"<!-- This site is optimized with the Yoast SEO Premium plugin v24.4 (Yoast SEO v27.3) - https:\/\/yoast.com\/product\/yoast-seo-premium-wordpress\/ -->\n<title>PACK3 PROVITECH\/PROVIRON\/BIOTECH - Ester\u00f3ides Online<\/title>\n<meta name=\"robots\" content=\"index, follow, max-snippet:-1, max-image-preview:large, max-video-preview:-1\" \/>\n<link rel=\"canonical\" href=\"https:\/\/iberoid-shop.com\/pt\/product\/provitech\/\" \/>\n<meta property=\"og:locale\" content=\"pt_PT\" \/>\n<meta property=\"og:type\" content=\"article\" \/>\n<meta property=\"og:title\" content=\"PACK3 PROVITECH\/PROVIRON\/BIOTECH\" \/>\n<meta property=\"og:description\" content=\"PACK 3 CAJAS PROVIRON 3 X100 PASTILLAS-TOTAL 300 PASTILLAS- 25 MG Proviron (mesterolone) \u00e9 basicamente uma prepara\u00e7\u00e3o oral de DHT\" \/>\n<meta property=\"og:url\" content=\"https:\/\/iberoid-shop.com\/pt\/product\/provitech\/\" \/>\n<meta property=\"og:site_name\" content=\"Ester\u00f3ides Online\" \/>\n<meta property=\"article:modified_time\" content=\"2024-03-24T18:22:22+00:00\" \/>\n<meta property=\"og:image\" content=\"https:\/\/iberoid-shop.com\/wp-content\/uploads\/2021\/09\/provi.jpg?v=1699084095\" \/>\n\t<meta property=\"og:image:width\" content=\"768\" \/>\n\t<meta property=\"og:image:height\" content=\"1024\" \/>\n\t<meta property=\"og:image:type\" content=\"image\/jpeg\" \/>\n<meta name=\"twitter:card\" content=\"summary_large_image\" \/>\n<meta name=\"twitter:label1\" content=\"pre\u00e7o\" \/>\n\t<meta name=\"twitter:data1\" content=\"&euro;55.00\" \/>\n\t<meta name=\"twitter:label2\" content=\"Disponibilidade\" \/>\n\t<meta name=\"twitter:data2\" content=\"Esgotado\" \/>\n<script type=\"application\/ld+json\" class=\"yoast-schema-graph\">{\"@context\":\"https:\\\/\\\/schema.org\",\"@graph\":[{\"@type\":\"WebPage\",\"@id\":\"https:\\\/\\\/iberoid-shop.com\\\/pt\\\/product\\\/provitech\\\/\",\"url\":\"https:\\\/\\\/iberoid-shop.com\\\/pt\\\/product\\\/provitech\\\/\",\"name\":\"PACK3 PROVITECH\\\/PROVIRON\\\/BIOTECH - Ester\u00f3ides Online\",\"isPartOf\":{\"@id\":\"https:\\\/\\\/iberoid.com\\\/#website\"},\"primaryImageOfPage\":{\"@id\":\"https:\\\/\\\/iberoid-shop.com\\\/pt\\\/product\\\/provitech\\\/#primaryimage\"},\"image\":{\"@id\":\"https:\\\/\\\/iberoid-shop.com\\\/pt\\\/product\\\/provitech\\\/#primaryimage\"},\"thumbnailUrl\":\"https:\\\/\\\/iberoid-shop.com\\\/wp-content\\\/uploads\\\/2021\\\/09\\\/provi.jpg?v=1699084095\",\"datePublished\":\"2021-12-03T12:44:41+00:00\",\"dateModified\":\"2024-03-24T18:22:22+00:00\",\"breadcrumb\":{\"@id\":\"https:\\\/\\\/iberoid-shop.com\\\/pt\\\/product\\\/provitech\\\/#breadcrumb\"},\"inLanguage\":\"pt-PT\",\"potentialAction\":[{\"@type\":\"ReadAction\",\"target\":[[\"https:\\\/\\\/iberoid-shop.com\\\/pt\\\/product\\\/provitech\\\/\"]]}]},{\"@type\":\"ImageObject\",\"inLanguage\":\"pt-PT\",\"@id\":\"https:\\\/\\\/iberoid-shop.com\\\/pt\\\/product\\\/provitech\\\/#primaryimage\",\"url\":\"https:\\\/\\\/iberoid-shop.com\\\/wp-content\\\/uploads\\\/2021\\\/09\\\/provi.jpg?v=1699084095\",\"contentUrl\":\"https:\\\/\\\/iberoid-shop.com\\\/wp-content\\\/uploads\\\/2021\\\/09\\\/provi.jpg?v=1699084095\",\"width\":768,\"height\":1024},{\"@type\":\"BreadcrumbList\",\"@id\":\"https:\\\/\\\/iberoid-shop.com\\\/pt\\\/product\\\/provitech\\\/#breadcrumb\",\"itemListElement\":[{\"@type\":\"ListItem\",\"position\":1,\"name\":\"Portada\",\"item\":\"https:\\\/\\\/iberoid.com\\\/\"},{\"@type\":\"ListItem\",\"position\":2,\"name\":\"Loja\",\"item\":\"https:\\\/\\\/iberoid-shop.com\\\/pt\\\/shop\\\/\"},{\"@type\":\"ListItem\",\"position\":3,\"name\":\"PACK3 PROVITECH\\\/PROVIRON\\\/BIOTECH\"}]},{\"@type\":\"WebSite\",\"@id\":\"https:\\\/\\\/iberoid.com\\\/#website\",\"url\":\"https:\\\/\\\/iberoid.com\\\/\",\"name\":\"Ester\u00f3ides Online\",\"description\":\"Compre ester\u00f3ides online hoje em Espanha e Portugal. Temos o melhor servi\u00e7o ao cliente do setor e produtos da mais alta qualidade\",\"potentialAction\":[{\"@type\":\"SearchAction\",\"target\":{\"@type\":\"EntryPoint\",\"urlTemplate\":\"https:\\\/\\\/iberoid.com\\\/?s={search_term_string}\"},\"query-input\":{\"@type\":\"PropertyValueSpecification\",\"valueRequired\":true,\"valueName\":\"search_term_string\"}}],\"inLanguage\":\"pt-PT\"}]}<\/script>\n<meta property=\"product:brand\" content=\"Canada Biotech Peptides\" \/>\n<meta property=\"product:price:amount\" content=\"55.00\" \/>\n<meta property=\"product:price:currency\" content=\"EUR\" \/>\n<meta property=\"og:availability\" content=\"out of stock\" \/>\n<meta property=\"product:availability\" content=\"out of stock\" \/>\n<meta property=\"product:condition\" content=\"new\" \/>\n<!-- \/ Yoast SEO Premium plugin. -->","yoast_head_json":{"title":"PACK3 PROVITECH\/PROVIRON\/BIOTECH - Ester\u00f3ides Online","robots":{"index":"index","follow":"follow","max-snippet":"max-snippet:-1","max-image-preview":"max-image-preview:large","max-video-preview":"max-video-preview:-1"},"canonical":"https:\/\/iberoid-shop.com\/pt\/product\/provitech\/","og_locale":"pt_PT","og_type":"article","og_title":"PACK3 PROVITECH\/PROVIRON\/BIOTECH","og_description":"PACK 3 CAJAS PROVIRON 3 X100 PASTILLAS-TOTAL 300 PASTILLAS- 25 MG Proviron (mesterolone) \u00e9 basicamente uma prepara\u00e7\u00e3o oral de DHT","og_url":"https:\/\/iberoid-shop.com\/pt\/product\/provitech\/","og_site_name":"Ester\u00f3ides Online","article_modified_time":"2024-03-24T18:22:22+00:00","og_image":[{"width":768,"height":1024,"url":"https:\/\/iberoid-shop.com\/wp-content\/uploads\/2021\/09\/provi.jpg?v=1699084095","type":"image\/jpeg"}],"twitter_card":"summary_large_image","twitter_misc":{"pre\u00e7o":"&euro;55.00","Disponibilidade":"Esgotado"},"schema":{"@context":"https:\/\/schema.org","@graph":[{"@type":"WebPage","@id":"https:\/\/iberoid-shop.com\/pt\/product\/provitech\/","url":"https:\/\/iberoid-shop.com\/pt\/product\/provitech\/","name":"PACK3 PROVITECH\/PROVIRON\/BIOTECH - Ester\u00f3ides Online","isPartOf":{"@id":"https:\/\/iberoid.com\/#website"},"primaryImageOfPage":{"@id":"https:\/\/iberoid-shop.com\/pt\/product\/provitech\/#primaryimage"},"image":{"@id":"https:\/\/iberoid-shop.com\/pt\/product\/provitech\/#primaryimage"},"thumbnailUrl":"https:\/\/iberoid-shop.com\/wp-content\/uploads\/2021\/09\/provi.jpg?v=1699084095","datePublished":"2021-12-03T12:44:41+00:00","dateModified":"2024-03-24T18:22:22+00:00","breadcrumb":{"@id":"https:\/\/iberoid-shop.com\/pt\/product\/provitech\/#breadcrumb"},"inLanguage":"pt-PT","potentialAction":[{"@type":"ReadAction","target":[["https:\/\/iberoid-shop.com\/pt\/product\/provitech\/"]]}]},{"@type":"ImageObject","inLanguage":"pt-PT","@id":"https:\/\/iberoid-shop.com\/pt\/product\/provitech\/#primaryimage","url":"https:\/\/iberoid-shop.com\/wp-content\/uploads\/2021\/09\/provi.jpg?v=1699084095","contentUrl":"https:\/\/iberoid-shop.com\/wp-content\/uploads\/2021\/09\/provi.jpg?v=1699084095","width":768,"height":1024},{"@type":"BreadcrumbList","@id":"https:\/\/iberoid-shop.com\/pt\/product\/provitech\/#breadcrumb","itemListElement":[{"@type":"ListItem","position":1,"name":"Portada","item":"https:\/\/iberoid.com\/"},{"@type":"ListItem","position":2,"name":"Loja","item":"https:\/\/iberoid-shop.com\/pt\/shop\/"},{"@type":"ListItem","position":3,"name":"PACK3 PROVITECH\/PROVIRON\/BIOTECH"}]},{"@type":"WebSite","@id":"https:\/\/iberoid.com\/#website","url":"https:\/\/iberoid.com\/","name":"Ester\u00f3ides Online","description":"Compre ester\u00f3ides online hoje em Espanha e Portugal. Temos o melhor servi\u00e7o ao cliente do setor e produtos da mais alta qualidade","potentialAction":[{"@type":"SearchAction","target":{"@type":"EntryPoint","urlTemplate":"https:\/\/iberoid.com\/?s={search_term_string}"},"query-input":{"@type":"PropertyValueSpecification","valueRequired":true,"valueName":"search_term_string"}}],"inLanguage":"pt-PT"}]},"product_brand":"Canada Biotech Peptides","product_price_amount":"55.00","product_price_currency":"EUR","og_availability":"out of stock","product_availability":"out of stock","product_condition":"new"},"_links":{"self":[{"href":"https:\/\/iberoid-shop.com\/pt\/wp-json\/wp\/v2\/product\/6980","targetHints":{"allow":["GET"]}}],"collection":[{"href":"https:\/\/iberoid-shop.com\/pt\/wp-json\/wp\/v2\/product"}],"about":[{"href":"https:\/\/iberoid-shop.com\/pt\/wp-json\/wp\/v2\/types\/product"}],"replies":[{"embeddable":true,"href":"https:\/\/iberoid-shop.com\/pt\/wp-json\/wp\/v2\/comments?post=6980"}],"wp:featuredmedia":[{"embeddable":true,"href":"https:\/\/iberoid-shop.com\/pt\/wp-json\/wp\/v2\/media\/6774"}],"wp:attachment":[{"href":"https:\/\/iberoid-shop.com\/pt\/wp-json\/wp\/v2\/media?parent=6980"}],"wp:term":[{"taxonomy":"product_brand","embeddable":true,"href":"https:\/\/iberoid-shop.com\/pt\/wp-json\/wp\/v2\/product_brand?post=6980"},{"taxonomy":"product_cat","embeddable":true,"href":"https:\/\/iberoid-shop.com\/pt\/wp-json\/wp\/v2\/product_cat?post=6980"},{"taxonomy":"product_tag","embeddable":true,"href":"https:\/\/iberoid-shop.com\/pt\/wp-json\/wp\/v2\/product_tag?post=6980"}],"curies":[{"name":"wp","href":"https:\/\/api.w.org\/{rel}","templated":true}]}}