{"id":6977,"date":"2021-12-03T12:30:09","date_gmt":"2021-12-03T12:30:09","guid":{"rendered":"https:\/\/iberoid-shop.com\/?post_type=product&#038;p=6977"},"modified":"2026-02-23T21:20:10","modified_gmt":"2026-02-23T21:20:10","slug":"pack3cajas-oxandrolone-oxabol-pharmabol","status":"publish","type":"product","link":"https:\/\/iberoid-shop.com\/pt\/product\/pack3cajas-oxandrolone-oxabol-pharmabol\/","title":{"rendered":"OXABOL &#8211; OXANDROLONE 3 pack"},"content":{"rendered":"<p>Oxandrolona (Oxabol) \u00e9 um ester\u00f3ide leve e tamb\u00e9m \u00e9 muito leve no f\u00edgado em compara\u00e7\u00e3o com outros ester\u00f3ides orais.<br \/>\nEste ester\u00f3ide \u00e9 muito popular entre as usu\u00e1rias devido aos efeitos colaterais de viriliza\u00e7\u00e3o mais baixos do que o normal que podem ser comuns em outros ester\u00f3ides. A xandrolona n\u00e3o cede \u00e0 aromatiza\u00e7\u00e3o e n\u00e3o \u00e9 estrog\u00eanica em si.<br \/>\nDurante a administra\u00e7\u00e3o ex\u00f3gena de andr\u00f3genos anab\u00f3licos, end\u00f3genos<br \/>\na libera\u00e7\u00e3o de testosterona \u00e9 inibida atrav\u00e9s da inibi\u00e7\u00e3o da luteiniza\u00e7\u00e3o hipofis\u00e1ria<br \/>\nhorm\u00f4nio (LH). Em grandes doses, a espermatog\u00eanese pode ser suprimida<br \/>\npor meio da inibi\u00e7\u00e3o de feedback do horm\u00f4nio fol\u00edculo-estimulador da hip\u00f3fise (FSH). O principal uso deste produto \u00e9 para a prepara\u00e7\u00e3o de concursos e demonstrou produzir uma apar\u00eancia seca e vascular.<\/p>","protected":false},"excerpt":{"rendered":"<p>Oxandrolona (Oxabol) \u00e9 um ester\u00f3ide leve e tamb\u00e9m \u00e9 muito leve no f\u00edgado em compara\u00e7\u00e3o com outros ester\u00f3ides orais. Este<\/p>\n","protected":false},"featured_media":8813,"comment_status":"open","ping_status":"closed","template":"","meta":[],"product_brand":[],"product_cat":[73,3474],"product_tag":[3491],"class_list":{"0":"post-6977","1":"product","2":"type-product","3":"status-publish","4":"has-post-thumbnail","6":"product_cat-ssteroides_orales","7":"product_cat-packs","8":"product_tag-pack-3-cajas-x-100-tabletas","10":"first","11":"instock","12":"shipping-taxable","13":"purchasable","14":"product-type-simple"},"yoast_head":"<!-- This site is optimized with the Yoast SEO Premium plugin v24.4 (Yoast SEO v27.3) - https:\/\/yoast.com\/product\/yoast-seo-premium-wordpress\/ -->\n<title>OXABOL - OXANDROLONE 3 pack - Ester\u00f3ides Online<\/title>\n<meta name=\"robots\" content=\"index, follow, max-snippet:-1, max-image-preview:large, max-video-preview:-1\" \/>\n<link rel=\"canonical\" href=\"https:\/\/iberoid-shop.com\/pt\/product\/pack3cajas-oxandrolone-oxabol-pharmabol\/\" \/>\n<meta property=\"og:locale\" content=\"pt_PT\" \/>\n<meta property=\"og:type\" content=\"article\" \/>\n<meta property=\"og:title\" content=\"OXABOL - OXANDROLONE 3 pack\" \/>\n<meta property=\"og:description\" content=\"Oxandrolona (Oxabol) \u00e9 um ester\u00f3ide leve e tamb\u00e9m \u00e9 muito leve no f\u00edgado em compara\u00e7\u00e3o com outros ester\u00f3ides orais. Este\" \/>\n<meta property=\"og:url\" content=\"https:\/\/iberoid-shop.com\/pt\/product\/pack3cajas-oxandrolone-oxabol-pharmabol\/\" \/>\n<meta property=\"og:site_name\" content=\"Ester\u00f3ides Online\" \/>\n<meta property=\"article:modified_time\" content=\"2026-02-23T21:20:10+00:00\" \/>\n<meta property=\"og:image\" content=\"https:\/\/iberoid-shop.com\/wp-content\/uploads\/2021\/12\/image_6483441.jpg?v=1696250293\" \/>\n\t<meta property=\"og:image:width\" content=\"1024\" \/>\n\t<meta property=\"og:image:height\" content=\"778\" \/>\n\t<meta property=\"og:image:type\" content=\"image\/jpeg\" \/>\n<meta name=\"twitter:card\" content=\"summary_large_image\" \/>\n<meta name=\"twitter:label1\" content=\"pre\u00e7o\" \/>\n\t<meta name=\"twitter:data1\" content=\"&euro;90.00\" \/>\n\t<meta name=\"twitter:label2\" content=\"Disponibilidade\" \/>\n\t<meta name=\"twitter:data2\" content=\"Em stock\" \/>\n<script type=\"application\/ld+json\" class=\"yoast-schema-graph\">{\"@context\":\"https:\\\/\\\/schema.org\",\"@graph\":[{\"@type\":\"WebPage\",\"@id\":\"https:\\\/\\\/iberoid-shop.com\\\/pt\\\/product\\\/pack3cajas-oxandrolone-oxabol-pharmabol\\\/\",\"url\":\"https:\\\/\\\/iberoid-shop.com\\\/pt\\\/product\\\/pack3cajas-oxandrolone-oxabol-pharmabol\\\/\",\"name\":\"OXABOL - OXANDROLONE 3 pack - Ester\u00f3ides Online\",\"isPartOf\":{\"@id\":\"https:\\\/\\\/iberoid.com\\\/#website\"},\"primaryImageOfPage\":{\"@id\":\"https:\\\/\\\/iberoid-shop.com\\\/pt\\\/product\\\/pack3cajas-oxandrolone-oxabol-pharmabol\\\/#primaryimage\"},\"image\":{\"@id\":\"https:\\\/\\\/iberoid-shop.com\\\/pt\\\/product\\\/pack3cajas-oxandrolone-oxabol-pharmabol\\\/#primaryimage\"},\"thumbnailUrl\":\"https:\\\/\\\/iberoid-shop.com\\\/wp-content\\\/uploads\\\/2021\\\/12\\\/image_6483441.jpg?v=1696250293\",\"datePublished\":\"2021-12-03T12:30:09+00:00\",\"dateModified\":\"2026-02-23T21:20:10+00:00\",\"breadcrumb\":{\"@id\":\"https:\\\/\\\/iberoid-shop.com\\\/pt\\\/product\\\/pack3cajas-oxandrolone-oxabol-pharmabol\\\/#breadcrumb\"},\"inLanguage\":\"pt-PT\",\"potentialAction\":[{\"@type\":\"ReadAction\",\"target\":[[\"https:\\\/\\\/iberoid-shop.com\\\/pt\\\/product\\\/pack3cajas-oxandrolone-oxabol-pharmabol\\\/\"]]}]},{\"@type\":\"ImageObject\",\"inLanguage\":\"pt-PT\",\"@id\":\"https:\\\/\\\/iberoid-shop.com\\\/pt\\\/product\\\/pack3cajas-oxandrolone-oxabol-pharmabol\\\/#primaryimage\",\"url\":\"https:\\\/\\\/iberoid-shop.com\\\/wp-content\\\/uploads\\\/2021\\\/12\\\/image_6483441.jpg?v=1696250293\",\"contentUrl\":\"https:\\\/\\\/iberoid-shop.com\\\/wp-content\\\/uploads\\\/2021\\\/12\\\/image_6483441.jpg?v=1696250293\",\"width\":1024,\"height\":778},{\"@type\":\"BreadcrumbList\",\"@id\":\"https:\\\/\\\/iberoid-shop.com\\\/pt\\\/product\\\/pack3cajas-oxandrolone-oxabol-pharmabol\\\/#breadcrumb\",\"itemListElement\":[{\"@type\":\"ListItem\",\"position\":1,\"name\":\"Portada\",\"item\":\"https:\\\/\\\/iberoid.com\\\/\"},{\"@type\":\"ListItem\",\"position\":2,\"name\":\"Loja\",\"item\":\"https:\\\/\\\/iberoid-shop.com\\\/pt\\\/shop\\\/\"},{\"@type\":\"ListItem\",\"position\":3,\"name\":\"OXABOL &#8211; OXANDROLONE 3 pack\"}]},{\"@type\":\"WebSite\",\"@id\":\"https:\\\/\\\/iberoid.com\\\/#website\",\"url\":\"https:\\\/\\\/iberoid.com\\\/\",\"name\":\"Ester\u00f3ides Online\",\"description\":\"Compre ester\u00f3ides online hoje em Espanha e Portugal. Temos o melhor servi\u00e7o ao cliente do setor e produtos da mais alta qualidade\",\"potentialAction\":[{\"@type\":\"SearchAction\",\"target\":{\"@type\":\"EntryPoint\",\"urlTemplate\":\"https:\\\/\\\/iberoid.com\\\/?s={search_term_string}\"},\"query-input\":{\"@type\":\"PropertyValueSpecification\",\"valueRequired\":true,\"valueName\":\"search_term_string\"}}],\"inLanguage\":\"pt-PT\"}]}<\/script>\n<meta property=\"product:brand\" content=\"Pharmabol\" \/>\n<meta property=\"product:price:amount\" content=\"90.00\" \/>\n<meta property=\"product:price:currency\" content=\"EUR\" \/>\n<meta property=\"og:availability\" content=\"instock\" \/>\n<meta property=\"product:availability\" content=\"instock\" \/>\n<meta property=\"product:condition\" content=\"new\" \/>\n<!-- \/ Yoast SEO Premium plugin. -->","yoast_head_json":{"title":"OXABOL - OXANDROLONE 3 pack - Ester\u00f3ides Online","robots":{"index":"index","follow":"follow","max-snippet":"max-snippet:-1","max-image-preview":"max-image-preview:large","max-video-preview":"max-video-preview:-1"},"canonical":"https:\/\/iberoid-shop.com\/pt\/product\/pack3cajas-oxandrolone-oxabol-pharmabol\/","og_locale":"pt_PT","og_type":"article","og_title":"OXABOL - OXANDROLONE 3 pack","og_description":"Oxandrolona (Oxabol) \u00e9 um ester\u00f3ide leve e tamb\u00e9m \u00e9 muito leve no f\u00edgado em compara\u00e7\u00e3o com outros ester\u00f3ides orais. Este","og_url":"https:\/\/iberoid-shop.com\/pt\/product\/pack3cajas-oxandrolone-oxabol-pharmabol\/","og_site_name":"Ester\u00f3ides Online","article_modified_time":"2026-02-23T21:20:10+00:00","og_image":[{"width":1024,"height":778,"url":"https:\/\/iberoid-shop.com\/wp-content\/uploads\/2021\/12\/image_6483441.jpg?v=1696250293","type":"image\/jpeg"}],"twitter_card":"summary_large_image","twitter_misc":{"pre\u00e7o":"&euro;90.00","Disponibilidade":"Em stock"},"schema":{"@context":"https:\/\/schema.org","@graph":[{"@type":"WebPage","@id":"https:\/\/iberoid-shop.com\/pt\/product\/pack3cajas-oxandrolone-oxabol-pharmabol\/","url":"https:\/\/iberoid-shop.com\/pt\/product\/pack3cajas-oxandrolone-oxabol-pharmabol\/","name":"OXABOL - OXANDROLONE 3 pack - Ester\u00f3ides Online","isPartOf":{"@id":"https:\/\/iberoid.com\/#website"},"primaryImageOfPage":{"@id":"https:\/\/iberoid-shop.com\/pt\/product\/pack3cajas-oxandrolone-oxabol-pharmabol\/#primaryimage"},"image":{"@id":"https:\/\/iberoid-shop.com\/pt\/product\/pack3cajas-oxandrolone-oxabol-pharmabol\/#primaryimage"},"thumbnailUrl":"https:\/\/iberoid-shop.com\/wp-content\/uploads\/2021\/12\/image_6483441.jpg?v=1696250293","datePublished":"2021-12-03T12:30:09+00:00","dateModified":"2026-02-23T21:20:10+00:00","breadcrumb":{"@id":"https:\/\/iberoid-shop.com\/pt\/product\/pack3cajas-oxandrolone-oxabol-pharmabol\/#breadcrumb"},"inLanguage":"pt-PT","potentialAction":[{"@type":"ReadAction","target":[["https:\/\/iberoid-shop.com\/pt\/product\/pack3cajas-oxandrolone-oxabol-pharmabol\/"]]}]},{"@type":"ImageObject","inLanguage":"pt-PT","@id":"https:\/\/iberoid-shop.com\/pt\/product\/pack3cajas-oxandrolone-oxabol-pharmabol\/#primaryimage","url":"https:\/\/iberoid-shop.com\/wp-content\/uploads\/2021\/12\/image_6483441.jpg?v=1696250293","contentUrl":"https:\/\/iberoid-shop.com\/wp-content\/uploads\/2021\/12\/image_6483441.jpg?v=1696250293","width":1024,"height":778},{"@type":"BreadcrumbList","@id":"https:\/\/iberoid-shop.com\/pt\/product\/pack3cajas-oxandrolone-oxabol-pharmabol\/#breadcrumb","itemListElement":[{"@type":"ListItem","position":1,"name":"Portada","item":"https:\/\/iberoid.com\/"},{"@type":"ListItem","position":2,"name":"Loja","item":"https:\/\/iberoid-shop.com\/pt\/shop\/"},{"@type":"ListItem","position":3,"name":"OXABOL &#8211; OXANDROLONE 3 pack"}]},{"@type":"WebSite","@id":"https:\/\/iberoid.com\/#website","url":"https:\/\/iberoid.com\/","name":"Ester\u00f3ides Online","description":"Compre ester\u00f3ides online hoje em Espanha e Portugal. Temos o melhor servi\u00e7o ao cliente do setor e produtos da mais alta qualidade","potentialAction":[{"@type":"SearchAction","target":{"@type":"EntryPoint","urlTemplate":"https:\/\/iberoid.com\/?s={search_term_string}"},"query-input":{"@type":"PropertyValueSpecification","valueRequired":true,"valueName":"search_term_string"}}],"inLanguage":"pt-PT"}]},"product_brand":"Pharmabol","product_price_amount":"90.00","product_price_currency":"EUR","og_availability":"instock","product_availability":"instock","product_condition":"new"},"_links":{"self":[{"href":"https:\/\/iberoid-shop.com\/pt\/wp-json\/wp\/v2\/product\/6977","targetHints":{"allow":["GET"]}}],"collection":[{"href":"https:\/\/iberoid-shop.com\/pt\/wp-json\/wp\/v2\/product"}],"about":[{"href":"https:\/\/iberoid-shop.com\/pt\/wp-json\/wp\/v2\/types\/product"}],"replies":[{"embeddable":true,"href":"https:\/\/iberoid-shop.com\/pt\/wp-json\/wp\/v2\/comments?post=6977"}],"wp:featuredmedia":[{"embeddable":true,"href":"https:\/\/iberoid-shop.com\/pt\/wp-json\/wp\/v2\/media\/8813"}],"wp:attachment":[{"href":"https:\/\/iberoid-shop.com\/pt\/wp-json\/wp\/v2\/media?parent=6977"}],"wp:term":[{"taxonomy":"product_brand","embeddable":true,"href":"https:\/\/iberoid-shop.com\/pt\/wp-json\/wp\/v2\/product_brand?post=6977"},{"taxonomy":"product_cat","embeddable":true,"href":"https:\/\/iberoid-shop.com\/pt\/wp-json\/wp\/v2\/product_cat?post=6977"},{"taxonomy":"product_tag","embeddable":true,"href":"https:\/\/iberoid-shop.com\/pt\/wp-json\/wp\/v2\/product_tag?post=6977"}],"curies":[{"name":"wp","href":"https:\/\/api.w.org\/{rel}","templated":true}]}}