{"id":6973,"date":"2021-12-01T18:01:02","date_gmt":"2021-12-01T18:01:02","guid":{"rendered":"https:\/\/iberoid-shop.com\/?post_type=product&#038;p=6973"},"modified":"2024-08-06T19:51:30","modified_gmt":"2024-08-06T19:51:30","slug":"pack-3-hcg-5000-iu-pregnyl","status":"publish","type":"product","link":"https:\/\/iberoid-shop.com\/pt\/product\/pack-3-hcg-5000-iu-pregnyl\/","title":{"rendered":"PREGNYL pack 3 &#8211; hcg 5000 iu"},"content":{"rendered":"<p>Este medicamento \u00e9 um horm\u00f4nio usado em meninos (antes da puberdade) para causar a queda normal dos test\u00edculos para o escroto. Tamb\u00e9m \u00e9 usado em certos meninos para ajudar no desenvolvimento sexual normal. Ele age fazendo com que os test\u00edculos liberem horm\u00f4nios sexuais masculinos (por exemplo, testosterona). Este medicamento tamb\u00e9m \u00e9 usado em mulheres para tratar problemas de fertilidade. \u00c9 administrado ap\u00f3s o t\u00e9rmino de outro medicamento (menotropinas) para causar a libera\u00e7\u00e3o de um \u00f3vulo (ovula\u00e7\u00e3o). N\u00e3o deve ser utilizado em mulheres cujos ov\u00e1rios j\u00e1 n\u00e3o produzem \u00f3vulos de forma adequada (insufici\u00eancia ov\u00e1rica prim\u00e1ria). Este medicamento n\u00e3o se mostrou eficaz para a perda de peso e n\u00e3o deve ser usado para esse fim devido ao risco de efeitos colaterais graves.<\/p>\n<p>COMO USAR: Este medicamento \u00e9 administrado por inje\u00e7\u00e3o no m\u00fasculo por um profissional de sa\u00fade. Se voc\u00ea est\u00e1 dando este medicamento em casa, aprenda todas as instru\u00e7\u00f5es de prepara\u00e7\u00e3o e uso deste produto. Antes de usar, verifique este produto visualmente quanto a part\u00edculas ou descolora\u00e7\u00e3o. Se algum estiver presente, n\u00e3o use o l\u00edquido. A dosagem \u00e9 baseada na sua idade, peso, condi\u00e7\u00e3o m\u00e9dica e resposta ao tratamento. Para meninos, use este medicamento geralmente 3 vezes por semana. Para as mulheres, use este medicamento geralmente para 1 dose ap\u00f3s terminar o tratamento com menotropinas. Use este medicamento regularmente para obter o m\u00e1ximo benef\u00edcio. Para ajud\u00e1-lo a se lembrar, marque o (s) dia (s) no calend\u00e1rio em que voc\u00ea precisa receber o medicamento.<\/p>","protected":false},"excerpt":{"rendered":"<p>Este medicamento \u00e9 um horm\u00f4nio usado em meninos (antes da puberdade) para causar a queda normal dos test\u00edculos para o<\/p>\n","protected":false},"featured_media":5105,"comment_status":"open","ping_status":"closed","template":"","meta":[],"product_brand":[],"product_cat":[76,3474],"product_tag":[],"class_list":{"0":"post-6973","1":"product","2":"type-product","3":"status-publish","4":"has-post-thumbnail","6":"product_cat-hgh_peptido","7":"product_cat-packs","9":"first","10":"outofstock","11":"sale","12":"shipping-taxable","13":"purchasable","14":"product-type-simple"},"yoast_head":"<!-- This site is optimized with the Yoast SEO Premium plugin v24.4 (Yoast SEO v27.0) - https:\/\/yoast.com\/product\/yoast-seo-premium-wordpress\/ -->\n<title>PREGNYL pack 3 - hcg 5000 iu - Ester\u00f3ides Online<\/title>\n<meta name=\"robots\" content=\"index, follow, max-snippet:-1, max-image-preview:large, max-video-preview:-1\" \/>\n<link rel=\"canonical\" href=\"https:\/\/iberoid-shop.com\/pt\/product\/pack-3-hcg-5000-iu-pregnyl\/\" \/>\n<meta property=\"og:locale\" content=\"pt_PT\" \/>\n<meta property=\"og:type\" content=\"article\" \/>\n<meta property=\"og:title\" content=\"PREGNYL pack 3 - hcg 5000 iu\" \/>\n<meta property=\"og:description\" content=\"Este medicamento \u00e9 um horm\u00f4nio usado em meninos (antes da puberdade) para causar a queda normal dos test\u00edculos para o\" \/>\n<meta property=\"og:url\" content=\"https:\/\/iberoid-shop.com\/pt\/product\/pack-3-hcg-5000-iu-pregnyl\/\" \/>\n<meta property=\"og:site_name\" content=\"Ester\u00f3ides Online\" \/>\n<meta property=\"article:modified_time\" content=\"2024-08-06T19:51:30+00:00\" \/>\n<meta property=\"og:image\" content=\"https:\/\/iberoid-shop.com\/wp-content\/uploads\/2020\/05\/pregnyl-organon-5000-iu.jpg?v=1720308727\" \/>\n\t<meta property=\"og:image:width\" content=\"800\" \/>\n\t<meta property=\"og:image:height\" content=\"800\" \/>\n\t<meta property=\"og:image:type\" content=\"image\/jpeg\" \/>\n<meta name=\"twitter:card\" content=\"summary_large_image\" \/>\n<meta name=\"twitter:label1\" content=\"pre\u00e7o\" \/>\n\t<meta name=\"twitter:data1\" content=\"&euro;45.00\" \/>\n\t<meta name=\"twitter:label2\" content=\"Disponibilidade\" \/>\n\t<meta name=\"twitter:data2\" content=\"Esgotado\" \/>\n<script type=\"application\/ld+json\" class=\"yoast-schema-graph\">{\"@context\":\"https:\/\/schema.org\",\"@graph\":[{\"@type\":\"WebPage\",\"@id\":\"https:\/\/iberoid-shop.com\/pt\/product\/pack-3-hcg-5000-iu-pregnyl\/\",\"url\":\"https:\/\/iberoid-shop.com\/pt\/product\/pack-3-hcg-5000-iu-pregnyl\/\",\"name\":\"PREGNYL pack 3 - hcg 5000 iu - Ester\u00f3ides Online\",\"isPartOf\":{\"@id\":\"https:\/\/iberoid-shop.com\/pt\/#website\"},\"primaryImageOfPage\":{\"@id\":\"https:\/\/iberoid-shop.com\/pt\/product\/pack-3-hcg-5000-iu-pregnyl\/#primaryimage\"},\"image\":{\"@id\":\"https:\/\/iberoid-shop.com\/pt\/product\/pack-3-hcg-5000-iu-pregnyl\/#primaryimage\"},\"thumbnailUrl\":\"https:\/\/iberoid-shop.com\/wp-content\/uploads\/2020\/05\/pregnyl-organon-5000-iu.jpg?v=1720308727\",\"datePublished\":\"2021-12-01T18:01:02+00:00\",\"dateModified\":\"2024-08-06T19:51:30+00:00\",\"breadcrumb\":{\"@id\":\"https:\/\/iberoid-shop.com\/pt\/product\/pack-3-hcg-5000-iu-pregnyl\/#breadcrumb\"},\"inLanguage\":\"pt-PT\",\"potentialAction\":[{\"@type\":\"ReadAction\",\"target\":[[\"https:\/\/iberoid-shop.com\/pt\/product\/pack-3-hcg-5000-iu-pregnyl\/\"]]}]},{\"@type\":\"ImageObject\",\"inLanguage\":\"pt-PT\",\"@id\":\"https:\/\/iberoid-shop.com\/pt\/product\/pack-3-hcg-5000-iu-pregnyl\/#primaryimage\",\"url\":\"https:\/\/iberoid-shop.com\/wp-content\/uploads\/2020\/05\/pregnyl-organon-5000-iu.jpg?v=1720308727\",\"contentUrl\":\"https:\/\/iberoid-shop.com\/wp-content\/uploads\/2020\/05\/pregnyl-organon-5000-iu.jpg?v=1720308727\",\"width\":800,\"height\":800},{\"@type\":\"BreadcrumbList\",\"@id\":\"https:\/\/iberoid-shop.com\/pt\/product\/pack-3-hcg-5000-iu-pregnyl\/#breadcrumb\",\"itemListElement\":[{\"@type\":\"ListItem\",\"position\":1,\"name\":\"Portada\",\"item\":\"https:\/\/iberoid-shop.com\/pt\/\"},{\"@type\":\"ListItem\",\"position\":2,\"name\":\"Loja\",\"item\":\"https:\/\/iberoid-shop.com\/pt\/shop\/\"},{\"@type\":\"ListItem\",\"position\":3,\"name\":\"PREGNYL pack 3 &#8211; hcg 5000 iu\"}]},{\"@type\":\"WebSite\",\"@id\":\"https:\/\/iberoid-shop.com\/pt\/#website\",\"url\":\"https:\/\/iberoid-shop.com\/pt\/\",\"name\":\"Ester\u00f3ides Online\",\"description\":\"Compre ester\u00f3ides online hoje em Espanha e Portugal. Temos o melhor servi\u00e7o ao cliente do setor e produtos da mais alta qualidade\",\"potentialAction\":[{\"@type\":\"SearchAction\",\"target\":{\"@type\":\"EntryPoint\",\"urlTemplate\":\"https:\/\/iberoid-shop.com\/pt\/?s={search_term_string}\"},\"query-input\":{\"@type\":\"PropertyValueSpecification\",\"valueRequired\":true,\"valueName\":\"search_term_string\"}}],\"inLanguage\":\"pt-PT\"}]}<\/script>\n<meta property=\"product:brand\" content=\"Organon\" \/>\n<meta property=\"product:price:amount\" content=\"45.00\" \/>\n<meta property=\"product:price:currency\" content=\"EUR\" \/>\n<meta property=\"og:availability\" content=\"out of stock\" \/>\n<meta property=\"product:availability\" content=\"out of stock\" \/>\n<meta property=\"product:condition\" content=\"new\" \/>\n<!-- \/ Yoast SEO Premium plugin. -->","yoast_head_json":{"title":"PREGNYL pack 3 - hcg 5000 iu - Ester\u00f3ides Online","robots":{"index":"index","follow":"follow","max-snippet":"max-snippet:-1","max-image-preview":"max-image-preview:large","max-video-preview":"max-video-preview:-1"},"canonical":"https:\/\/iberoid-shop.com\/pt\/product\/pack-3-hcg-5000-iu-pregnyl\/","og_locale":"pt_PT","og_type":"article","og_title":"PREGNYL pack 3 - hcg 5000 iu","og_description":"Este medicamento \u00e9 um horm\u00f4nio usado em meninos (antes da puberdade) para causar a queda normal dos test\u00edculos para o","og_url":"https:\/\/iberoid-shop.com\/pt\/product\/pack-3-hcg-5000-iu-pregnyl\/","og_site_name":"Ester\u00f3ides Online","article_modified_time":"2024-08-06T19:51:30+00:00","og_image":[{"width":800,"height":800,"url":"https:\/\/iberoid-shop.com\/wp-content\/uploads\/2020\/05\/pregnyl-organon-5000-iu.jpg?v=1720308727","type":"image\/jpeg"}],"twitter_card":"summary_large_image","twitter_misc":{"pre\u00e7o":"&euro;45.00","Disponibilidade":"Esgotado"},"schema":{"@context":"https:\/\/schema.org","@graph":[{"@type":"WebPage","@id":"https:\/\/iberoid-shop.com\/pt\/product\/pack-3-hcg-5000-iu-pregnyl\/","url":"https:\/\/iberoid-shop.com\/pt\/product\/pack-3-hcg-5000-iu-pregnyl\/","name":"PREGNYL pack 3 - hcg 5000 iu - Ester\u00f3ides Online","isPartOf":{"@id":"https:\/\/iberoid-shop.com\/pt\/#website"},"primaryImageOfPage":{"@id":"https:\/\/iberoid-shop.com\/pt\/product\/pack-3-hcg-5000-iu-pregnyl\/#primaryimage"},"image":{"@id":"https:\/\/iberoid-shop.com\/pt\/product\/pack-3-hcg-5000-iu-pregnyl\/#primaryimage"},"thumbnailUrl":"https:\/\/iberoid-shop.com\/wp-content\/uploads\/2020\/05\/pregnyl-organon-5000-iu.jpg?v=1720308727","datePublished":"2021-12-01T18:01:02+00:00","dateModified":"2024-08-06T19:51:30+00:00","breadcrumb":{"@id":"https:\/\/iberoid-shop.com\/pt\/product\/pack-3-hcg-5000-iu-pregnyl\/#breadcrumb"},"inLanguage":"pt-PT","potentialAction":[{"@type":"ReadAction","target":[["https:\/\/iberoid-shop.com\/pt\/product\/pack-3-hcg-5000-iu-pregnyl\/"]]}]},{"@type":"ImageObject","inLanguage":"pt-PT","@id":"https:\/\/iberoid-shop.com\/pt\/product\/pack-3-hcg-5000-iu-pregnyl\/#primaryimage","url":"https:\/\/iberoid-shop.com\/wp-content\/uploads\/2020\/05\/pregnyl-organon-5000-iu.jpg?v=1720308727","contentUrl":"https:\/\/iberoid-shop.com\/wp-content\/uploads\/2020\/05\/pregnyl-organon-5000-iu.jpg?v=1720308727","width":800,"height":800},{"@type":"BreadcrumbList","@id":"https:\/\/iberoid-shop.com\/pt\/product\/pack-3-hcg-5000-iu-pregnyl\/#breadcrumb","itemListElement":[{"@type":"ListItem","position":1,"name":"Portada","item":"https:\/\/iberoid-shop.com\/pt\/"},{"@type":"ListItem","position":2,"name":"Loja","item":"https:\/\/iberoid-shop.com\/pt\/shop\/"},{"@type":"ListItem","position":3,"name":"PREGNYL pack 3 &#8211; hcg 5000 iu"}]},{"@type":"WebSite","@id":"https:\/\/iberoid-shop.com\/pt\/#website","url":"https:\/\/iberoid-shop.com\/pt\/","name":"Ester\u00f3ides Online","description":"Compre ester\u00f3ides online hoje em Espanha e Portugal. Temos o melhor servi\u00e7o ao cliente do setor e produtos da mais alta qualidade","potentialAction":[{"@type":"SearchAction","target":{"@type":"EntryPoint","urlTemplate":"https:\/\/iberoid-shop.com\/pt\/?s={search_term_string}"},"query-input":{"@type":"PropertyValueSpecification","valueRequired":true,"valueName":"search_term_string"}}],"inLanguage":"pt-PT"}]},"product_brand":"Organon","product_price_amount":"45.00","product_price_currency":"EUR","og_availability":"out of stock","product_availability":"out of stock","product_condition":"new"},"_links":{"self":[{"href":"https:\/\/iberoid-shop.com\/pt\/wp-json\/wp\/v2\/product\/6973","targetHints":{"allow":["GET"]}}],"collection":[{"href":"https:\/\/iberoid-shop.com\/pt\/wp-json\/wp\/v2\/product"}],"about":[{"href":"https:\/\/iberoid-shop.com\/pt\/wp-json\/wp\/v2\/types\/product"}],"replies":[{"embeddable":true,"href":"https:\/\/iberoid-shop.com\/pt\/wp-json\/wp\/v2\/comments?post=6973"}],"wp:featuredmedia":[{"embeddable":true,"href":"https:\/\/iberoid-shop.com\/pt\/wp-json\/wp\/v2\/media\/5105"}],"wp:attachment":[{"href":"https:\/\/iberoid-shop.com\/pt\/wp-json\/wp\/v2\/media?parent=6973"}],"wp:term":[{"taxonomy":"product_brand","embeddable":true,"href":"https:\/\/iberoid-shop.com\/pt\/wp-json\/wp\/v2\/product_brand?post=6973"},{"taxonomy":"product_cat","embeddable":true,"href":"https:\/\/iberoid-shop.com\/pt\/wp-json\/wp\/v2\/product_cat?post=6973"},{"taxonomy":"product_tag","embeddable":true,"href":"https:\/\/iberoid-shop.com\/pt\/wp-json\/wp\/v2\/product_tag?post=6973"}],"curies":[{"name":"wp","href":"https:\/\/api.w.org\/{rel}","templated":true}]}}