{"id":6934,"date":"2021-11-25T12:41:10","date_gmt":"2021-11-25T12:41:10","guid":{"rendered":"https:\/\/iberoid-shop.com\/?post_type=product&#038;p=6934"},"modified":"2025-05-11T13:38:10","modified_gmt":"2025-05-11T13:38:10","slug":"100-tabletas","status":"publish","type":"product","link":"https:\/\/iberoid-shop.com\/pt\/product\/100-tabletas\/","title":{"rendered":"OXABOL &#8211; OXANDROLONE 60 TABLETS"},"content":{"rendered":"<p>Estes comprimidos orais de Oxandrolona cont\u00eam 10 mg do ingrediente ativo por comprimido, o que atende \u00e0s necessidades de fisiculturistas masculinos e femininos. Cada embalagem deste produto inclui 4 blisters \u00d7 25 comprimidos.<\/p>\n<p>Como um ester\u00f3ide para ciclos de corte, a Oxandrolona possui uma s\u00e9rie de vantagens. Em primeiro lugar, ajuda a queimar gordura rapidamente sem reduzir a massa muscular magra. Al\u00e9m disso, n\u00e3o causa reten\u00e7\u00e3o de \u00e1gua. Claro, tamb\u00e9m ajuda a aumentar a resist\u00eancia e a durabilidade. Mas o maior benef\u00edcio deste ester\u00f3ide \u00e9 a seguran\u00e7a: ele age de forma moderada e n\u00e3o danifica o f\u00edgado.<\/p>","protected":false},"excerpt":{"rendered":"<p>Estes comprimidos orais de Oxandrolona cont\u00eam 10 mg do ingrediente ativo por comprimido, o que atende \u00e0s necessidades de fisiculturistas<\/p>\n","protected":false},"featured_media":6935,"comment_status":"open","ping_status":"closed","template":"","meta":[],"product_brand":[],"product_cat":[73],"product_tag":[3454],"class_list":{"0":"post-6934","1":"product","2":"type-product","3":"status-publish","4":"has-post-thumbnail","6":"product_cat-ssteroides_orales","7":"product_tag-60-tabletas","9":"first","10":"outofstock","11":"shipping-taxable","12":"purchasable","13":"product-type-simple"},"yoast_head":"<!-- This site is optimized with the Yoast SEO Premium plugin v24.4 (Yoast SEO v27.0) - https:\/\/yoast.com\/product\/yoast-seo-premium-wordpress\/ -->\n<title>OXABOL - OXANDROLONE 60 TABLETS - Ester\u00f3ides Online<\/title>\n<meta name=\"description\" content=\"Comprimidos orais de Oxandrolona 10mg (100 comprimidos). Ideal para cutting: queima gordura, preserva m\u00fasculo, aumenta a for\u00e7a. Leve e seguro para o f\u00edgado. Para homens e mulheres.\" \/>\n<meta name=\"robots\" content=\"index, follow, max-snippet:-1, max-image-preview:large, max-video-preview:-1\" \/>\n<link rel=\"canonical\" href=\"https:\/\/iberoid-shop.com\/pt\/product\/100-tabletas\/\" \/>\n<meta property=\"og:locale\" content=\"pt_PT\" \/>\n<meta property=\"og:type\" content=\"article\" \/>\n<meta property=\"og:title\" content=\"OXABOL - OXANDROLONE 60 TABLETS\" \/>\n<meta property=\"og:description\" content=\"Comprimidos orais de Oxandrolona 10mg (100 comprimidos). Ideal para cutting: queima gordura, preserva m\u00fasculo, aumenta a for\u00e7a. Leve e seguro para o f\u00edgado. Para homens e mulheres.\" \/>\n<meta property=\"og:url\" content=\"https:\/\/iberoid-shop.com\/pt\/product\/100-tabletas\/\" \/>\n<meta property=\"og:site_name\" content=\"Ester\u00f3ides Online\" \/>\n<meta property=\"article:modified_time\" content=\"2025-05-11T13:38:10+00:00\" \/>\n<meta property=\"og:image\" content=\"https:\/\/iberoid-shop.com\/wp-content\/uploads\/2021\/11\/oxapbnou.jpg?v=1692348233\" \/>\n\t<meta property=\"og:image:width\" content=\"714\" \/>\n\t<meta property=\"og:image:height\" content=\"987\" \/>\n\t<meta property=\"og:image:type\" content=\"image\/jpeg\" \/>\n<meta name=\"twitter:card\" content=\"summary_large_image\" \/>\n<meta name=\"twitter:label1\" content=\"pre\u00e7o\" \/>\n\t<meta name=\"twitter:data1\" content=\"&euro;40.00\" \/>\n\t<meta name=\"twitter:label2\" content=\"Disponibilidade\" \/>\n\t<meta name=\"twitter:data2\" content=\"Esgotado\" \/>\n<script type=\"application\/ld+json\" class=\"yoast-schema-graph\">{\"@context\":\"https:\/\/schema.org\",\"@graph\":[{\"@type\":\"WebPage\",\"@id\":\"https:\/\/iberoid-shop.com\/pt\/product\/100-tabletas\/\",\"url\":\"https:\/\/iberoid-shop.com\/pt\/product\/100-tabletas\/\",\"name\":\"OXABOL - OXANDROLONE 60 TABLETS - Ester\u00f3ides Online\",\"isPartOf\":{\"@id\":\"https:\/\/iberoid-shop.com\/pt\/#website\"},\"primaryImageOfPage\":{\"@id\":\"https:\/\/iberoid-shop.com\/pt\/product\/100-tabletas\/#primaryimage\"},\"image\":{\"@id\":\"https:\/\/iberoid-shop.com\/pt\/product\/100-tabletas\/#primaryimage\"},\"thumbnailUrl\":\"https:\/\/iberoid-shop.com\/wp-content\/uploads\/2021\/11\/oxapbnou.jpg?v=1692348233\",\"datePublished\":\"2021-11-25T12:41:10+00:00\",\"dateModified\":\"2025-05-11T13:38:10+00:00\",\"description\":\"Comprimidos orais de Oxandrolona 10mg (100 comprimidos). Ideal para cutting: queima gordura, preserva m\u00fasculo, aumenta a for\u00e7a. Leve e seguro para o f\u00edgado. Para homens e mulheres.\",\"breadcrumb\":{\"@id\":\"https:\/\/iberoid-shop.com\/pt\/product\/100-tabletas\/#breadcrumb\"},\"inLanguage\":\"pt-PT\",\"potentialAction\":[{\"@type\":\"ReadAction\",\"target\":[[\"https:\/\/iberoid-shop.com\/pt\/product\/100-tabletas\/\"]]}]},{\"@type\":\"ImageObject\",\"inLanguage\":\"pt-PT\",\"@id\":\"https:\/\/iberoid-shop.com\/pt\/product\/100-tabletas\/#primaryimage\",\"url\":\"https:\/\/iberoid-shop.com\/wp-content\/uploads\/2021\/11\/oxapbnou.jpg?v=1692348233\",\"contentUrl\":\"https:\/\/iberoid-shop.com\/wp-content\/uploads\/2021\/11\/oxapbnou.jpg?v=1692348233\",\"width\":714,\"height\":987},{\"@type\":\"BreadcrumbList\",\"@id\":\"https:\/\/iberoid-shop.com\/pt\/product\/100-tabletas\/#breadcrumb\",\"itemListElement\":[{\"@type\":\"ListItem\",\"position\":1,\"name\":\"Portada\",\"item\":\"https:\/\/iberoid-shop.com\/pt\/\"},{\"@type\":\"ListItem\",\"position\":2,\"name\":\"Loja\",\"item\":\"https:\/\/iberoid-shop.com\/pt\/shop\/\"},{\"@type\":\"ListItem\",\"position\":3,\"name\":\"OXABOL &#8211; OXANDROLONE 60 TABLETS\"}]},{\"@type\":\"WebSite\",\"@id\":\"https:\/\/iberoid-shop.com\/pt\/#website\",\"url\":\"https:\/\/iberoid-shop.com\/pt\/\",\"name\":\"Ester\u00f3ides Online\",\"description\":\"Compre ester\u00f3ides online hoje em Espanha e Portugal. Temos o melhor servi\u00e7o ao cliente do setor e produtos da mais alta qualidade\",\"potentialAction\":[{\"@type\":\"SearchAction\",\"target\":{\"@type\":\"EntryPoint\",\"urlTemplate\":\"https:\/\/iberoid-shop.com\/pt\/?s={search_term_string}\"},\"query-input\":{\"@type\":\"PropertyValueSpecification\",\"valueRequired\":true,\"valueName\":\"search_term_string\"}}],\"inLanguage\":\"pt-PT\"}]}<\/script>\n<meta property=\"product:brand\" content=\"Pharmabol\" \/>\n<meta property=\"product:price:amount\" content=\"40.00\" \/>\n<meta property=\"product:price:currency\" content=\"EUR\" \/>\n<meta property=\"og:availability\" content=\"out of stock\" \/>\n<meta property=\"product:availability\" content=\"out of stock\" \/>\n<meta property=\"product:condition\" content=\"new\" \/>\n<!-- \/ Yoast SEO Premium plugin. -->","yoast_head_json":{"title":"OXABOL - OXANDROLONE 60 TABLETS - Ester\u00f3ides Online","description":"Comprimidos orais de Oxandrolona 10mg (100 comprimidos). Ideal para cutting: queima gordura, preserva m\u00fasculo, aumenta a for\u00e7a. Leve e seguro para o f\u00edgado. Para homens e mulheres.","robots":{"index":"index","follow":"follow","max-snippet":"max-snippet:-1","max-image-preview":"max-image-preview:large","max-video-preview":"max-video-preview:-1"},"canonical":"https:\/\/iberoid-shop.com\/pt\/product\/100-tabletas\/","og_locale":"pt_PT","og_type":"article","og_title":"OXABOL - OXANDROLONE 60 TABLETS","og_description":"Comprimidos orais de Oxandrolona 10mg (100 comprimidos). Ideal para cutting: queima gordura, preserva m\u00fasculo, aumenta a for\u00e7a. Leve e seguro para o f\u00edgado. Para homens e mulheres.","og_url":"https:\/\/iberoid-shop.com\/pt\/product\/100-tabletas\/","og_site_name":"Ester\u00f3ides Online","article_modified_time":"2025-05-11T13:38:10+00:00","og_image":[{"width":714,"height":987,"url":"https:\/\/iberoid-shop.com\/wp-content\/uploads\/2021\/11\/oxapbnou.jpg?v=1692348233","type":"image\/jpeg"}],"twitter_card":"summary_large_image","twitter_misc":{"pre\u00e7o":"&euro;40.00","Disponibilidade":"Esgotado"},"schema":{"@context":"https:\/\/schema.org","@graph":[{"@type":"WebPage","@id":"https:\/\/iberoid-shop.com\/pt\/product\/100-tabletas\/","url":"https:\/\/iberoid-shop.com\/pt\/product\/100-tabletas\/","name":"OXABOL - OXANDROLONE 60 TABLETS - Ester\u00f3ides Online","isPartOf":{"@id":"https:\/\/iberoid-shop.com\/pt\/#website"},"primaryImageOfPage":{"@id":"https:\/\/iberoid-shop.com\/pt\/product\/100-tabletas\/#primaryimage"},"image":{"@id":"https:\/\/iberoid-shop.com\/pt\/product\/100-tabletas\/#primaryimage"},"thumbnailUrl":"https:\/\/iberoid-shop.com\/wp-content\/uploads\/2021\/11\/oxapbnou.jpg?v=1692348233","datePublished":"2021-11-25T12:41:10+00:00","dateModified":"2025-05-11T13:38:10+00:00","description":"Comprimidos orais de Oxandrolona 10mg (100 comprimidos). Ideal para cutting: queima gordura, preserva m\u00fasculo, aumenta a for\u00e7a. Leve e seguro para o f\u00edgado. Para homens e mulheres.","breadcrumb":{"@id":"https:\/\/iberoid-shop.com\/pt\/product\/100-tabletas\/#breadcrumb"},"inLanguage":"pt-PT","potentialAction":[{"@type":"ReadAction","target":[["https:\/\/iberoid-shop.com\/pt\/product\/100-tabletas\/"]]}]},{"@type":"ImageObject","inLanguage":"pt-PT","@id":"https:\/\/iberoid-shop.com\/pt\/product\/100-tabletas\/#primaryimage","url":"https:\/\/iberoid-shop.com\/wp-content\/uploads\/2021\/11\/oxapbnou.jpg?v=1692348233","contentUrl":"https:\/\/iberoid-shop.com\/wp-content\/uploads\/2021\/11\/oxapbnou.jpg?v=1692348233","width":714,"height":987},{"@type":"BreadcrumbList","@id":"https:\/\/iberoid-shop.com\/pt\/product\/100-tabletas\/#breadcrumb","itemListElement":[{"@type":"ListItem","position":1,"name":"Portada","item":"https:\/\/iberoid-shop.com\/pt\/"},{"@type":"ListItem","position":2,"name":"Loja","item":"https:\/\/iberoid-shop.com\/pt\/shop\/"},{"@type":"ListItem","position":3,"name":"OXABOL &#8211; OXANDROLONE 60 TABLETS"}]},{"@type":"WebSite","@id":"https:\/\/iberoid-shop.com\/pt\/#website","url":"https:\/\/iberoid-shop.com\/pt\/","name":"Ester\u00f3ides Online","description":"Compre ester\u00f3ides online hoje em Espanha e Portugal. Temos o melhor servi\u00e7o ao cliente do setor e produtos da mais alta qualidade","potentialAction":[{"@type":"SearchAction","target":{"@type":"EntryPoint","urlTemplate":"https:\/\/iberoid-shop.com\/pt\/?s={search_term_string}"},"query-input":{"@type":"PropertyValueSpecification","valueRequired":true,"valueName":"search_term_string"}}],"inLanguage":"pt-PT"}]},"product_brand":"Pharmabol","product_price_amount":"40.00","product_price_currency":"EUR","og_availability":"out of stock","product_availability":"out of stock","product_condition":"new"},"_links":{"self":[{"href":"https:\/\/iberoid-shop.com\/pt\/wp-json\/wp\/v2\/product\/6934","targetHints":{"allow":["GET"]}}],"collection":[{"href":"https:\/\/iberoid-shop.com\/pt\/wp-json\/wp\/v2\/product"}],"about":[{"href":"https:\/\/iberoid-shop.com\/pt\/wp-json\/wp\/v2\/types\/product"}],"replies":[{"embeddable":true,"href":"https:\/\/iberoid-shop.com\/pt\/wp-json\/wp\/v2\/comments?post=6934"}],"wp:featuredmedia":[{"embeddable":true,"href":"https:\/\/iberoid-shop.com\/pt\/wp-json\/wp\/v2\/media\/6935"}],"wp:attachment":[{"href":"https:\/\/iberoid-shop.com\/pt\/wp-json\/wp\/v2\/media?parent=6934"}],"wp:term":[{"taxonomy":"product_brand","embeddable":true,"href":"https:\/\/iberoid-shop.com\/pt\/wp-json\/wp\/v2\/product_brand?post=6934"},{"taxonomy":"product_cat","embeddable":true,"href":"https:\/\/iberoid-shop.com\/pt\/wp-json\/wp\/v2\/product_cat?post=6934"},{"taxonomy":"product_tag","embeddable":true,"href":"https:\/\/iberoid-shop.com\/pt\/wp-json\/wp\/v2\/product_tag?post=6934"}],"curies":[{"name":"wp","href":"https:\/\/api.w.org\/{rel}","templated":true}]}}