{"id":6914,"date":"2021-11-17T16:19:02","date_gmt":"2021-11-17T16:19:02","guid":{"rendered":"https:\/\/iberoid-shop.com\/?post_type=product&#038;p=6914"},"modified":"2023-03-21T14:14:58","modified_gmt":"2023-03-21T14:14:58","slug":"testosterone_mix","status":"publish","type":"product","link":"https:\/\/iberoid-shop.com\/pt\/product\/testosterone_mix\/","title":{"rendered":"Testosterone Mix &#8211; Sustanon- EPF"},"content":{"rendered":"<p>Testosterone Mix 250 mg da Euro Prime Farmaceuticals \u00e9 considerado um dos principais anabolizantes do corpo masculino. O horm\u00f4nio est\u00e1 diretamente envolvido no desenvolvimento das caracter\u00edsticas sexuais masculinas prim\u00e1rias e secund\u00e1rias, inclusive auxiliando no conjunto de massa muscular e leva ao fortalecimento do sistema \u00f3sseo.<\/p>\n<p>Ap\u00f3s a inje\u00e7\u00e3o intramuscular, o propionato de testosterona \u00e9 o primeiro a ser ativado &#8211; ap\u00f3s 1-2 dias, seguido pelos \u00e9steres fenilpropionato e isocaproato &#8211; por 2-3 dias e 4-5 dias, respectivamente, e decanoato de testosterona (at\u00e9 7-9 dias). ).<\/p>\n<p>Como o pr\u00f3prio horm\u00f4nio sexual masculino, a Mistura de Testosterona tem toda uma paleta de efeitos \u00fateis para o pitching:<\/p>\n<p>Primeiro, aumenta a musculatura e aumenta o potencial de for\u00e7a;<br \/>\nEm segundo lugar, aumenta a resist\u00eancia ou acelera a recupera\u00e7\u00e3o;<br \/>\nTerceiro, fortalece o sistema \u00f3sseo, reduz a dor nas articula\u00e7\u00f5es.<\/p>\n<p>A droga possui uma poderosa atividade anab\u00f3lica com propriedades anti-catab\u00f3licas pronunciadas. Por um lado, leva a um r\u00e1pido ganho de massa muscular (devido \u00e0 hipertrofia muscular e reten\u00e7\u00e3o de \u00e1gua) e, por outro lado, protege os m\u00fasculos da destrui\u00e7\u00e3o.<\/p>\n<p>Voc\u00ea pode comprar Testosterone Mix da Euro Prime Farmaceuticals na Inglaterra no site da nossa loja online.<\/p>\n<p>Efeitos colaterais Testosterone Mix da Euro Prime Farmaceuticals<\/p>\n<p>Com o abuso de inje\u00e7\u00f5es, os efeitos colaterais androg\u00eanicos e estrog\u00eanicos s\u00e3o quase inevit\u00e1veis:<\/p>\n<p>aumento da agressividade;<br \/>\nacne;<br \/>\nreten\u00e7\u00e3o excessiva de \u00e1gua nos m\u00fasculos;<br \/>\nac\u00famulo de gordura do tipo feminino;<br \/>\ncalv\u00edcie;<br \/>\natrofia testicular;<br \/>\nginecomastia;<br \/>\nalgumas outras complica\u00e7\u00f5es.<br \/>\nCurso de aplica\u00e7\u00e3o de Testosterone Mix 250 mg na Inglaterra<\/p>\n<p>A dosagem m\u00e9dia na muscula\u00e7\u00e3o \u00e9 de 500 mg (2ml) a 750 mg (3ml) por semana. Para obter o efeito m\u00e1ximo, os atletas usam doses de 125-250 mg (0,5-1 ml) e realizam inje\u00e7\u00f5es a cada 2-3 dias. Esta quantidade de Testosterone Mix 250 mg \u00e9 suficiente para um aumento r\u00e1pido e pronunciado de for\u00e7a ou massa.<\/p>\n<p>Testosterone Mix combina bem com outros ester\u00f3ides anabolizantes e androg\u00eanicos e tamb\u00e9m funciona bem em conjunto com a maioria dos horm\u00f4nios ou pept\u00eddeos. Para aproveitar ao m\u00e1ximo, fa\u00e7a um curso combinado. Aqui est\u00e3o 3 exemplos:<\/p>\n<p>Com metandienona (em comprimidos ou inje\u00e7\u00f5es) &#8211; um curso simples de coleta de massa;<br \/>\nCom oximetolona e enantato de metenolona &#8211; um poderoso curso de coleta de massa;<br \/>\nCom stanozolol (inje\u00e7\u00f5es, suspens\u00e3o) &#8211; um curso de pot\u00eancia popular.<\/p>\n<p>Compre Testosterone Mix 250 mg da Euro Prime Farmaceuticals na Inglaterra pelo menor pre\u00e7o em nossa loja online.<\/p>","protected":false},"excerpt":{"rendered":"<p>Testosterone Mix 250 mg da Euro Prime Farmaceuticals \u00e9 considerado um dos principais anabolizantes do corpo masculino. O horm\u00f4nio est\u00e1<\/p>\n","protected":false},"featured_media":6915,"comment_status":"open","ping_status":"closed","template":"","meta":[],"product_brand":[],"product_cat":[69],"product_tag":[],"class_list":{"0":"post-6914","1":"product","2":"type-product","3":"status-publish","4":"has-post-thumbnail","6":"product_cat-esteroides_inyectables","8":"first","9":"outofstock","10":"shipping-taxable","11":"purchasable","12":"product-type-simple"},"yoast_head":"<!-- This site is optimized with the Yoast SEO Premium plugin v24.4 (Yoast SEO v27.0) - https:\/\/yoast.com\/product\/yoast-seo-premium-wordpress\/ -->\n<title>Testosterone Mix - Sustanon- EPF - Ester\u00f3ides Online<\/title>\n<meta name=\"robots\" content=\"index, follow, max-snippet:-1, max-image-preview:large, max-video-preview:-1\" \/>\n<link rel=\"canonical\" href=\"https:\/\/iberoid-shop.com\/pt\/product\/testosterone_mix\/\" \/>\n<meta property=\"og:locale\" content=\"pt_PT\" \/>\n<meta property=\"og:type\" content=\"article\" \/>\n<meta property=\"og:title\" content=\"Testosterone Mix - Sustanon- EPF\" \/>\n<meta property=\"og:description\" content=\"Testosterone Mix 250 mg da Euro Prime Farmaceuticals \u00e9 considerado um dos principais anabolizantes do corpo masculino. O horm\u00f4nio est\u00e1\" \/>\n<meta property=\"og:url\" content=\"https:\/\/iberoid-shop.com\/pt\/product\/testosterone_mix\/\" \/>\n<meta property=\"og:site_name\" content=\"Ester\u00f3ides Online\" \/>\n<meta property=\"article:modified_time\" content=\"2023-03-21T14:14:58+00:00\" \/>\n<meta property=\"og:image\" content=\"https:\/\/iberoid-shop.com\/wp-content\/uploads\/2021\/11\/testosterone-mix-sustanon-250-mg-ml.jpg?v=1678119951\" \/>\n\t<meta property=\"og:image:width\" content=\"700\" \/>\n\t<meta property=\"og:image:height\" content=\"1010\" \/>\n\t<meta property=\"og:image:type\" content=\"image\/jpeg\" \/>\n<meta name=\"twitter:card\" content=\"summary_large_image\" \/>\n<meta name=\"twitter:label1\" content=\"pre\u00e7o\" \/>\n\t<meta name=\"twitter:data1\" content=\"&euro;40.00\" \/>\n\t<meta name=\"twitter:label2\" content=\"Disponibilidade\" \/>\n\t<meta name=\"twitter:data2\" content=\"Esgotado\" \/>\n<script type=\"application\/ld+json\" class=\"yoast-schema-graph\">{\"@context\":\"https:\/\/schema.org\",\"@graph\":[{\"@type\":\"WebPage\",\"@id\":\"https:\/\/iberoid-shop.com\/pt\/product\/testosterone_mix\/\",\"url\":\"https:\/\/iberoid-shop.com\/pt\/product\/testosterone_mix\/\",\"name\":\"Testosterone Mix - Sustanon- EPF - Ester\u00f3ides Online\",\"isPartOf\":{\"@id\":\"https:\/\/iberoid-shop.com\/pt\/#website\"},\"primaryImageOfPage\":{\"@id\":\"https:\/\/iberoid-shop.com\/pt\/product\/testosterone_mix\/#primaryimage\"},\"image\":{\"@id\":\"https:\/\/iberoid-shop.com\/pt\/product\/testosterone_mix\/#primaryimage\"},\"thumbnailUrl\":\"https:\/\/iberoid-shop.com\/wp-content\/uploads\/2021\/11\/testosterone-mix-sustanon-250-mg-ml.jpg?v=1678119951\",\"datePublished\":\"2021-11-17T16:19:02+00:00\",\"dateModified\":\"2023-03-21T14:14:58+00:00\",\"breadcrumb\":{\"@id\":\"https:\/\/iberoid-shop.com\/pt\/product\/testosterone_mix\/#breadcrumb\"},\"inLanguage\":\"pt-PT\",\"potentialAction\":[{\"@type\":\"ReadAction\",\"target\":[[\"https:\/\/iberoid-shop.com\/pt\/product\/testosterone_mix\/\"]]}]},{\"@type\":\"ImageObject\",\"inLanguage\":\"pt-PT\",\"@id\":\"https:\/\/iberoid-shop.com\/pt\/product\/testosterone_mix\/#primaryimage\",\"url\":\"https:\/\/iberoid-shop.com\/wp-content\/uploads\/2021\/11\/testosterone-mix-sustanon-250-mg-ml.jpg?v=1678119951\",\"contentUrl\":\"https:\/\/iberoid-shop.com\/wp-content\/uploads\/2021\/11\/testosterone-mix-sustanon-250-mg-ml.jpg?v=1678119951\",\"width\":700,\"height\":1010},{\"@type\":\"BreadcrumbList\",\"@id\":\"https:\/\/iberoid-shop.com\/pt\/product\/testosterone_mix\/#breadcrumb\",\"itemListElement\":[{\"@type\":\"ListItem\",\"position\":1,\"name\":\"Portada\",\"item\":\"https:\/\/iberoid-shop.com\/pt\/\"},{\"@type\":\"ListItem\",\"position\":2,\"name\":\"Loja\",\"item\":\"https:\/\/iberoid-shop.com\/pt\/shop\/\"},{\"@type\":\"ListItem\",\"position\":3,\"name\":\"Testosterone Mix &#8211; Sustanon- EPF\"}]},{\"@type\":\"WebSite\",\"@id\":\"https:\/\/iberoid-shop.com\/pt\/#website\",\"url\":\"https:\/\/iberoid-shop.com\/pt\/\",\"name\":\"Ester\u00f3ides Online\",\"description\":\"Compre ester\u00f3ides online hoje em Espanha e Portugal. Temos o melhor servi\u00e7o ao cliente do setor e produtos da mais alta qualidade\",\"potentialAction\":[{\"@type\":\"SearchAction\",\"target\":{\"@type\":\"EntryPoint\",\"urlTemplate\":\"https:\/\/iberoid-shop.com\/pt\/?s={search_term_string}\"},\"query-input\":{\"@type\":\"PropertyValueSpecification\",\"valueRequired\":true,\"valueName\":\"search_term_string\"}}],\"inLanguage\":\"pt-PT\"}]}<\/script>\n<meta property=\"product:brand\" content=\"Euro Prime Pharmaceuticals (EPF)\" \/>\n<meta property=\"product:price:amount\" content=\"40.00\" \/>\n<meta property=\"product:price:currency\" content=\"EUR\" \/>\n<meta property=\"og:availability\" content=\"out of stock\" \/>\n<meta property=\"product:availability\" content=\"out of stock\" \/>\n<meta property=\"product:condition\" content=\"new\" \/>\n<!-- \/ Yoast SEO Premium plugin. -->","yoast_head_json":{"title":"Testosterone Mix - Sustanon- EPF - Ester\u00f3ides Online","robots":{"index":"index","follow":"follow","max-snippet":"max-snippet:-1","max-image-preview":"max-image-preview:large","max-video-preview":"max-video-preview:-1"},"canonical":"https:\/\/iberoid-shop.com\/pt\/product\/testosterone_mix\/","og_locale":"pt_PT","og_type":"article","og_title":"Testosterone Mix - Sustanon- EPF","og_description":"Testosterone Mix 250 mg da Euro Prime Farmaceuticals \u00e9 considerado um dos principais anabolizantes do corpo masculino. O horm\u00f4nio est\u00e1","og_url":"https:\/\/iberoid-shop.com\/pt\/product\/testosterone_mix\/","og_site_name":"Ester\u00f3ides Online","article_modified_time":"2023-03-21T14:14:58+00:00","og_image":[{"width":700,"height":1010,"url":"https:\/\/iberoid-shop.com\/wp-content\/uploads\/2021\/11\/testosterone-mix-sustanon-250-mg-ml.jpg?v=1678119951","type":"image\/jpeg"}],"twitter_card":"summary_large_image","twitter_misc":{"pre\u00e7o":"&euro;40.00","Disponibilidade":"Esgotado"},"schema":{"@context":"https:\/\/schema.org","@graph":[{"@type":"WebPage","@id":"https:\/\/iberoid-shop.com\/pt\/product\/testosterone_mix\/","url":"https:\/\/iberoid-shop.com\/pt\/product\/testosterone_mix\/","name":"Testosterone Mix - Sustanon- EPF - Ester\u00f3ides Online","isPartOf":{"@id":"https:\/\/iberoid-shop.com\/pt\/#website"},"primaryImageOfPage":{"@id":"https:\/\/iberoid-shop.com\/pt\/product\/testosterone_mix\/#primaryimage"},"image":{"@id":"https:\/\/iberoid-shop.com\/pt\/product\/testosterone_mix\/#primaryimage"},"thumbnailUrl":"https:\/\/iberoid-shop.com\/wp-content\/uploads\/2021\/11\/testosterone-mix-sustanon-250-mg-ml.jpg?v=1678119951","datePublished":"2021-11-17T16:19:02+00:00","dateModified":"2023-03-21T14:14:58+00:00","breadcrumb":{"@id":"https:\/\/iberoid-shop.com\/pt\/product\/testosterone_mix\/#breadcrumb"},"inLanguage":"pt-PT","potentialAction":[{"@type":"ReadAction","target":[["https:\/\/iberoid-shop.com\/pt\/product\/testosterone_mix\/"]]}]},{"@type":"ImageObject","inLanguage":"pt-PT","@id":"https:\/\/iberoid-shop.com\/pt\/product\/testosterone_mix\/#primaryimage","url":"https:\/\/iberoid-shop.com\/wp-content\/uploads\/2021\/11\/testosterone-mix-sustanon-250-mg-ml.jpg?v=1678119951","contentUrl":"https:\/\/iberoid-shop.com\/wp-content\/uploads\/2021\/11\/testosterone-mix-sustanon-250-mg-ml.jpg?v=1678119951","width":700,"height":1010},{"@type":"BreadcrumbList","@id":"https:\/\/iberoid-shop.com\/pt\/product\/testosterone_mix\/#breadcrumb","itemListElement":[{"@type":"ListItem","position":1,"name":"Portada","item":"https:\/\/iberoid-shop.com\/pt\/"},{"@type":"ListItem","position":2,"name":"Loja","item":"https:\/\/iberoid-shop.com\/pt\/shop\/"},{"@type":"ListItem","position":3,"name":"Testosterone Mix &#8211; Sustanon- EPF"}]},{"@type":"WebSite","@id":"https:\/\/iberoid-shop.com\/pt\/#website","url":"https:\/\/iberoid-shop.com\/pt\/","name":"Ester\u00f3ides Online","description":"Compre ester\u00f3ides online hoje em Espanha e Portugal. Temos o melhor servi\u00e7o ao cliente do setor e produtos da mais alta qualidade","potentialAction":[{"@type":"SearchAction","target":{"@type":"EntryPoint","urlTemplate":"https:\/\/iberoid-shop.com\/pt\/?s={search_term_string}"},"query-input":{"@type":"PropertyValueSpecification","valueRequired":true,"valueName":"search_term_string"}}],"inLanguage":"pt-PT"}]},"product_brand":"Euro Prime Pharmaceuticals (EPF)","product_price_amount":"40.00","product_price_currency":"EUR","og_availability":"out of stock","product_availability":"out of stock","product_condition":"new"},"_links":{"self":[{"href":"https:\/\/iberoid-shop.com\/pt\/wp-json\/wp\/v2\/product\/6914","targetHints":{"allow":["GET"]}}],"collection":[{"href":"https:\/\/iberoid-shop.com\/pt\/wp-json\/wp\/v2\/product"}],"about":[{"href":"https:\/\/iberoid-shop.com\/pt\/wp-json\/wp\/v2\/types\/product"}],"replies":[{"embeddable":true,"href":"https:\/\/iberoid-shop.com\/pt\/wp-json\/wp\/v2\/comments?post=6914"}],"wp:featuredmedia":[{"embeddable":true,"href":"https:\/\/iberoid-shop.com\/pt\/wp-json\/wp\/v2\/media\/6915"}],"wp:attachment":[{"href":"https:\/\/iberoid-shop.com\/pt\/wp-json\/wp\/v2\/media?parent=6914"}],"wp:term":[{"taxonomy":"product_brand","embeddable":true,"href":"https:\/\/iberoid-shop.com\/pt\/wp-json\/wp\/v2\/product_brand?post=6914"},{"taxonomy":"product_cat","embeddable":true,"href":"https:\/\/iberoid-shop.com\/pt\/wp-json\/wp\/v2\/product_cat?post=6914"},{"taxonomy":"product_tag","embeddable":true,"href":"https:\/\/iberoid-shop.com\/pt\/wp-json\/wp\/v2\/product_tag?post=6914"}],"curies":[{"name":"wp","href":"https:\/\/api.w.org\/{rel}","templated":true}]}}