{"id":6756,"date":"2021-09-19T13:22:46","date_gmt":"2021-09-19T13:22:46","guid":{"rendered":"https:\/\/iberoid-shop.com\/?post_type=product&#038;p=6756"},"modified":"2026-01-25T14:58:42","modified_gmt":"2026-01-25T14:58:42","slug":"pack-3-cajas-humatrope72uix3-216ui","status":"publish","type":"product","link":"https:\/\/iberoid-shop.com\/pt\/product\/pack-3-cajas-humatrope72uix3-216ui\/","title":{"rendered":"PACK3 HUMATROPE\/72IU\/24mg"},"content":{"rendered":"<p>HUMATROPE \u00e9 indicado para o tratamento de pacientes pedi\u00e1tricos com:<br \/>\n\u2022 falha de crescimento devido \u00e0 secre\u00e7\u00e3o inadequada de horm\u00f4nio do crescimento end\u00f3geno (GH),<br \/>\n\u2022 baixa estatura associada \u00e0 s\u00edndrome de Turner,<br \/>\n\u2022 Estatura curta idiop\u00e1tica (ISS), pontua\u00e7\u00e3o de desvio padr\u00e3o da altura (SDS) &lt;-2,25 e associada a taxas de crescimento improv\u00e1veis \u200b\u200bde permitir atingir a altura adulta na faixa normal,<br \/>\n\u2022 baixa estatura ou falha de crescimento na defici\u00eancia do gene contendo homeobox de baixa estatura (SHOX),<br \/>\n\u2022 baixa estatura nascida pequena para a idade gestacional (PIG) \u200b\u200bsem crescimento de recupera\u00e7\u00e3o at\u00e9 os 2 aos 4 anos de idade.<br \/>\n1.2 Pacientes Adultos<br \/>\nHUMATROPE \u00e9 indicado para a reposi\u00e7\u00e3o do GH end\u00f3geno em adultos com defici\u00eancia de GH.<br \/>\n2 DOSAGEM E ADMINISTRA\u00c7\u00c3O<br \/>\n2.1 Instru\u00e7\u00f5es de administra\u00e7\u00e3o e uso<br \/>\n\u2022 A terapia com HUMATROPE deve ser supervisionada por um m\u00e9dico com experi\u00eancia no diagn\u00f3stico e tratamento de pacientes com as condi\u00e7\u00f5es para as quais o HUMATROPE \u00e9 indicado [ver Indica\u00e7\u00f5es e uso<br \/>\n(1)].<br \/>\n\u2022 O exame fundosc\u00f3pico deve ser realizado rotineiramente antes de iniciar o tratamento com HUMATROPE para excluir papiledema preexistente e, posteriormente, periodicamente [ver Advert\u00eancias e Precau\u00e7\u00f5es (5.5)].<br \/>\n\u2022 Deixe HUMATROPE em temperatura ambiente por 10 minutos antes da administra\u00e7\u00e3o.<br \/>\n\u2022 Administre HUMATROPE por inje\u00e7\u00e3o subcut\u00e2nea na parte posterior do bra\u00e7o, abd\u00f4men, n\u00e1dega ou coxa com rota\u00e7\u00e3o regular dos locais de inje\u00e7\u00e3o para evitar lipoatrofia.<br \/>\n2.2 Dosagem Pedi\u00e1trica<br \/>\n\u2022 Individualize a dosagem para cada paciente com base na resposta de crescimento.<br \/>\n\u2022 Divida a dosagem semanal calculada de HUMATROPE em doses iguais administradas 6 ou 7 dias por semana.<br \/>\n\u2022 A dose semanal recomendada em miligramas (mg) por quilograma (kg) de peso corporal para pacientes pedi\u00e1tricos \u00e9:<br \/>\no Defici\u00eancia pedi\u00e1trica de GH: 0,18 mg \/ kg \/ semana a 0,3 mg \/ kg \/ semana (0,026 a 0,043 mg \/ kg \/ dia)<br \/>\no S\u00edndrome de Turner: at\u00e9 0,375 mg \/ kg \/ semana (at\u00e9 0,054 mg \/ kg \/ dia)<br \/>\no Baixa estatura idiop\u00e1tica: at\u00e9 0,37 mg \/ kg \/ semana (at\u00e9 0,053 mg \/ kg \/ dia)<br \/>\no Defici\u00eancia de SHOX: 0,35 mg \/ kg \/ semana (0,05 mg \/ kg \/ dia)<br \/>\no Pequeno para a idade gestacional (SGA): at\u00e9 0,47 mg \/ kg \/ semana (at\u00e9 0,067 mg \/ kg \/ dia)<br \/>\n\uf0a7 Em pacientes pedi\u00e1tricos muito curtos, SDS de altura menor que -3, e pacientes pedi\u00e1tricos pubertais mais velhos, consideram iniciar o tratamento com uma dose maior de HUMATROPE (at\u00e9 0,067 mg \/ kg \/ dia). Considere uma redu\u00e7\u00e3o gradual na dosagem se um crescimento substancial de recupera\u00e7\u00e3o for observado durante os primeiros anos de terapia. Em pacientes pedi\u00e1tricos com menos de 4 anos de idade com baixa estatura menos grave, valores de SDS de altura basal entre -2 e -3, considerar iniciar o tratamento com 0,033 mg \/ kg \/ dia e ajustar a dose conforme necess\u00e1rio.<br \/>\n\u2022 Avalie a ades\u00e3o e avalie outras causas de crescimento deficiente, como hipotireoidismo, subnutri\u00e7\u00e3o, idade \u00f3ssea avan\u00e7ada e anticorpos para GH humano recombinante se os pacientes n\u00e3o conseguirem aumentar a velocidade de crescimento, particularmente durante o primeiro ano de tratamento.<br \/>\n\u2022 Descontinue o HUMATROPE para estimula\u00e7\u00e3o do crescimento linear, uma vez que a fus\u00e3o epifis\u00e1ria tenha ocorrido<br \/>\n2.3 Dosagem de Adultos<br \/>\n\u2022 Pacientes que foram tratados com somatropina para defici\u00eancia de GH na inf\u00e2ncia e cujas ep\u00edfises est\u00e3o fechadas<br \/>\ndeve ser reavaliado antes da continua\u00e7\u00e3o da somatropina para adultos com defici\u00eancia de GH.<br \/>\n\u2022 Considere o uso de uma dose inicial mais baixa e aumentos de dose menores para pacientes geri\u00e1tricos, pois eles podem ter maior risco de rea\u00e7\u00f5es adversas com HUMATROPE do que indiv\u00edduos mais jovens<br \/>\n\u2022 As mulheres podem exigir doses mais altas e os pacientes que recebem estrog\u00eanio oral podem exigir doses mais altas<br \/>\n\u2022 Administre a dose prescrita diariamente.<br \/>\n\u2022 Qualquer um dos dois regimes de dosagem de HUMATROPE pode ser usado:<br \/>\no N\u00e3o baseado em peso:<br \/>\n\uf0a7 Inicie o HUMATROPE com uma dose de aproximadamente 0,2 mg \/ dia (intervalo de 0,15 mg \/ dia a 0,3 mg \/ dia) e aumente a dose a cada 1-2 meses em incrementos de aproximadamente 0,1 mg \/ dia a 0,2 mg \/ dia, de acordo com necessidades individuais do paciente com base na resposta cl\u00ednica e nas concentra\u00e7\u00f5es s\u00e9ricas do fator de crescimento semelhante \u00e0 insulina 1 (IGF-1).<br \/>\n\uf0a7 Use a resposta cl\u00ednica do paciente, as rea\u00e7\u00f5es adversas e a determina\u00e7\u00e3o das concentra\u00e7\u00f5es s\u00e9ricas de IGF-1 ajustadas para idade e sexo como orienta\u00e7\u00e3o na titula\u00e7\u00e3o da dose.<br \/>\n4<br \/>\n\uf0a7 As dosagens de manuten\u00e7\u00e3o variam consideravelmente de pessoa para pessoa e entre pacientes do sexo masculino e feminino.<br \/>\no Baseado em peso:<br \/>\n\uf0a7 Inicie o HUMATROPE com 0,006 mg \/ kg por dia e aumente a dose de acordo com as necessidades individuais do paciente at\u00e9 um m\u00e1ximo de 0,0125 mg \/ kg por dia.<br \/>\n\uf0a7 Use a resposta cl\u00ednica do paciente, as rea\u00e7\u00f5es adversas e a determina\u00e7\u00e3o das concentra\u00e7\u00f5es s\u00e9ricas de IGF-1 ajustadas para idade e sexo como orienta\u00e7\u00e3o na titula\u00e7\u00e3o da dose.<br \/>\n\uf0a7 As dosagens de manuten\u00e7\u00e3o ir\u00e3o variar consideravelmente de pessoa para pessoa, e entre pacientes do sexo masculino e feminino<br \/>\n\uf0a7 N\u00e3o recomendado para pacientes obesos, pois s\u00e3o mais propensos a experimentar rea\u00e7\u00f5es adversas com este regime.<\/p>","protected":false},"excerpt":{"rendered":"<p>HUMATROPE \u00e9 indicado para o tratamento de pacientes pedi\u00e1tricos com: \u2022 falha de crescimento devido \u00e0 secre\u00e7\u00e3o inadequada de horm\u00f4nio<\/p>\n","protected":false},"featured_media":5411,"comment_status":"open","ping_status":"closed","template":"","meta":[],"product_brand":[],"product_cat":[76,3474],"product_tag":[],"class_list":{"0":"post-6756","1":"product","2":"type-product","3":"status-publish","4":"has-post-thumbnail","6":"product_cat-hgh_peptido","7":"product_cat-packs","9":"first","10":"outofstock","11":"sale","12":"shipping-taxable","13":"purchasable","14":"product-type-simple"},"yoast_head":"<!-- This site is optimized with the Yoast SEO Premium plugin v24.4 (Yoast SEO v27.3) - https:\/\/yoast.com\/product\/yoast-seo-premium-wordpress\/ -->\n<title>PACK3 HUMATROPE\/72IU\/24mg - Ester\u00f3ides Online<\/title>\n<meta name=\"description\" content=\"HUMATROPE \u00e9 uma terapia de horm\u00f4nio do crescimento para crian\u00e7as e adultos com defici\u00eancia de crescimento e baixa estatura.\" \/>\n<meta name=\"robots\" content=\"index, follow, max-snippet:-1, max-image-preview:large, max-video-preview:-1\" \/>\n<link rel=\"canonical\" href=\"https:\/\/iberoid-shop.com\/pt\/product\/pack-3-cajas-humatrope72uix3-216ui\/\" \/>\n<meta property=\"og:locale\" content=\"pt_PT\" \/>\n<meta property=\"og:type\" content=\"article\" \/>\n<meta property=\"og:title\" content=\"PACK3 HUMATROPE\/72IU\/24mg\" \/>\n<meta property=\"og:description\" content=\"HUMATROPE \u00e9 uma terapia de horm\u00f4nio do crescimento para crian\u00e7as e adultos com defici\u00eancia de crescimento e baixa estatura.\" \/>\n<meta property=\"og:url\" content=\"https:\/\/iberoid-shop.com\/pt\/product\/pack-3-cajas-humatrope72uix3-216ui\/\" \/>\n<meta property=\"og:site_name\" content=\"Ester\u00f3ides Online\" \/>\n<meta property=\"article:modified_time\" content=\"2026-01-25T14:58:42+00:00\" \/>\n<meta property=\"og:image\" content=\"https:\/\/iberoid-shop.com\/wp-content\/uploads\/2020\/10\/humatrope2-768x768-2.jpg?v=1702425761\" \/>\n\t<meta property=\"og:image:width\" content=\"768\" \/>\n\t<meta property=\"og:image:height\" content=\"768\" \/>\n\t<meta property=\"og:image:type\" content=\"image\/jpeg\" \/>\n<meta name=\"twitter:card\" content=\"summary_large_image\" \/>\n<meta name=\"twitter:label1\" content=\"pre\u00e7o\" \/>\n\t<meta name=\"twitter:data1\" content=\"&euro;450.00\" \/>\n\t<meta name=\"twitter:label2\" content=\"Disponibilidade\" \/>\n\t<meta name=\"twitter:data2\" content=\"Esgotado\" \/>\n<script type=\"application\/ld+json\" class=\"yoast-schema-graph\">{\"@context\":\"https:\\\/\\\/schema.org\",\"@graph\":[{\"@type\":\"WebPage\",\"@id\":\"https:\\\/\\\/iberoid-shop.com\\\/pt\\\/product\\\/pack-3-cajas-humatrope72uix3-216ui\\\/\",\"url\":\"https:\\\/\\\/iberoid-shop.com\\\/pt\\\/product\\\/pack-3-cajas-humatrope72uix3-216ui\\\/\",\"name\":\"PACK3 HUMATROPE\\\/72IU\\\/24mg - Ester\u00f3ides Online\",\"isPartOf\":{\"@id\":\"https:\\\/\\\/iberoid-shop.com\\\/pt\\\/#website\"},\"primaryImageOfPage\":{\"@id\":\"https:\\\/\\\/iberoid-shop.com\\\/pt\\\/product\\\/pack-3-cajas-humatrope72uix3-216ui\\\/#primaryimage\"},\"image\":{\"@id\":\"https:\\\/\\\/iberoid-shop.com\\\/pt\\\/product\\\/pack-3-cajas-humatrope72uix3-216ui\\\/#primaryimage\"},\"thumbnailUrl\":\"https:\\\/\\\/iberoid-shop.com\\\/wp-content\\\/uploads\\\/2020\\\/10\\\/humatrope2-768x768-2.jpg?v=1702425761\",\"datePublished\":\"2021-09-19T13:22:46+00:00\",\"dateModified\":\"2026-01-25T14:58:42+00:00\",\"description\":\"HUMATROPE \u00e9 uma terapia de horm\u00f4nio do crescimento para crian\u00e7as e adultos com defici\u00eancia de crescimento e baixa estatura.\",\"breadcrumb\":{\"@id\":\"https:\\\/\\\/iberoid-shop.com\\\/pt\\\/product\\\/pack-3-cajas-humatrope72uix3-216ui\\\/#breadcrumb\"},\"inLanguage\":\"pt-PT\",\"potentialAction\":[{\"@type\":\"ReadAction\",\"target\":[[\"https:\\\/\\\/iberoid-shop.com\\\/pt\\\/product\\\/pack-3-cajas-humatrope72uix3-216ui\\\/\"]]}]},{\"@type\":\"ImageObject\",\"inLanguage\":\"pt-PT\",\"@id\":\"https:\\\/\\\/iberoid-shop.com\\\/pt\\\/product\\\/pack-3-cajas-humatrope72uix3-216ui\\\/#primaryimage\",\"url\":\"https:\\\/\\\/iberoid-shop.com\\\/wp-content\\\/uploads\\\/2020\\\/10\\\/humatrope2-768x768-2.jpg?v=1702425761\",\"contentUrl\":\"https:\\\/\\\/iberoid-shop.com\\\/wp-content\\\/uploads\\\/2020\\\/10\\\/humatrope2-768x768-2.jpg?v=1702425761\",\"width\":768,\"height\":768},{\"@type\":\"BreadcrumbList\",\"@id\":\"https:\\\/\\\/iberoid-shop.com\\\/pt\\\/product\\\/pack-3-cajas-humatrope72uix3-216ui\\\/#breadcrumb\",\"itemListElement\":[{\"@type\":\"ListItem\",\"position\":1,\"name\":\"Portada\",\"item\":\"https:\\\/\\\/iberoid-shop.com\\\/pt\\\/\"},{\"@type\":\"ListItem\",\"position\":2,\"name\":\"Loja\",\"item\":\"https:\\\/\\\/iberoid-shop.com\\\/pt\\\/shop\\\/\"},{\"@type\":\"ListItem\",\"position\":3,\"name\":\"PACK3 HUMATROPE\\\/72IU\\\/24mg\"}]},{\"@type\":\"WebSite\",\"@id\":\"https:\\\/\\\/iberoid-shop.com\\\/pt\\\/#website\",\"url\":\"https:\\\/\\\/iberoid-shop.com\\\/pt\\\/\",\"name\":\"Ester\u00f3ides Online\",\"description\":\"Compre ester\u00f3ides online hoje em Espanha e Portugal. Temos o melhor servi\u00e7o ao cliente do setor e produtos da mais alta qualidade\",\"potentialAction\":[{\"@type\":\"SearchAction\",\"target\":{\"@type\":\"EntryPoint\",\"urlTemplate\":\"https:\\\/\\\/iberoid-shop.com\\\/pt\\\/?s={search_term_string}\"},\"query-input\":{\"@type\":\"PropertyValueSpecification\",\"valueRequired\":true,\"valueName\":\"search_term_string\"}}],\"inLanguage\":\"pt-PT\"}]}<\/script>\n<meta property=\"product:brand\" content=\"Lilly\" \/>\n<meta property=\"product:price:amount\" content=\"450.00\" \/>\n<meta property=\"product:price:currency\" content=\"EUR\" \/>\n<meta property=\"og:availability\" content=\"out of stock\" \/>\n<meta property=\"product:availability\" content=\"out of stock\" \/>\n<meta property=\"product:condition\" content=\"new\" \/>\n<!-- \/ Yoast SEO Premium plugin. -->","yoast_head_json":{"title":"PACK3 HUMATROPE\/72IU\/24mg - Ester\u00f3ides Online","description":"HUMATROPE \u00e9 uma terapia de horm\u00f4nio do crescimento para crian\u00e7as e adultos com defici\u00eancia de crescimento e baixa estatura.","robots":{"index":"index","follow":"follow","max-snippet":"max-snippet:-1","max-image-preview":"max-image-preview:large","max-video-preview":"max-video-preview:-1"},"canonical":"https:\/\/iberoid-shop.com\/pt\/product\/pack-3-cajas-humatrope72uix3-216ui\/","og_locale":"pt_PT","og_type":"article","og_title":"PACK3 HUMATROPE\/72IU\/24mg","og_description":"HUMATROPE \u00e9 uma terapia de horm\u00f4nio do crescimento para crian\u00e7as e adultos com defici\u00eancia de crescimento e baixa estatura.","og_url":"https:\/\/iberoid-shop.com\/pt\/product\/pack-3-cajas-humatrope72uix3-216ui\/","og_site_name":"Ester\u00f3ides Online","article_modified_time":"2026-01-25T14:58:42+00:00","og_image":[{"width":768,"height":768,"url":"https:\/\/iberoid-shop.com\/wp-content\/uploads\/2020\/10\/humatrope2-768x768-2.jpg?v=1702425761","type":"image\/jpeg"}],"twitter_card":"summary_large_image","twitter_misc":{"pre\u00e7o":"&euro;450.00","Disponibilidade":"Esgotado"},"schema":{"@context":"https:\/\/schema.org","@graph":[{"@type":"WebPage","@id":"https:\/\/iberoid-shop.com\/pt\/product\/pack-3-cajas-humatrope72uix3-216ui\/","url":"https:\/\/iberoid-shop.com\/pt\/product\/pack-3-cajas-humatrope72uix3-216ui\/","name":"PACK3 HUMATROPE\/72IU\/24mg - Ester\u00f3ides Online","isPartOf":{"@id":"https:\/\/iberoid-shop.com\/pt\/#website"},"primaryImageOfPage":{"@id":"https:\/\/iberoid-shop.com\/pt\/product\/pack-3-cajas-humatrope72uix3-216ui\/#primaryimage"},"image":{"@id":"https:\/\/iberoid-shop.com\/pt\/product\/pack-3-cajas-humatrope72uix3-216ui\/#primaryimage"},"thumbnailUrl":"https:\/\/iberoid-shop.com\/wp-content\/uploads\/2020\/10\/humatrope2-768x768-2.jpg?v=1702425761","datePublished":"2021-09-19T13:22:46+00:00","dateModified":"2026-01-25T14:58:42+00:00","description":"HUMATROPE \u00e9 uma terapia de horm\u00f4nio do crescimento para crian\u00e7as e adultos com defici\u00eancia de crescimento e baixa estatura.","breadcrumb":{"@id":"https:\/\/iberoid-shop.com\/pt\/product\/pack-3-cajas-humatrope72uix3-216ui\/#breadcrumb"},"inLanguage":"pt-PT","potentialAction":[{"@type":"ReadAction","target":[["https:\/\/iberoid-shop.com\/pt\/product\/pack-3-cajas-humatrope72uix3-216ui\/"]]}]},{"@type":"ImageObject","inLanguage":"pt-PT","@id":"https:\/\/iberoid-shop.com\/pt\/product\/pack-3-cajas-humatrope72uix3-216ui\/#primaryimage","url":"https:\/\/iberoid-shop.com\/wp-content\/uploads\/2020\/10\/humatrope2-768x768-2.jpg?v=1702425761","contentUrl":"https:\/\/iberoid-shop.com\/wp-content\/uploads\/2020\/10\/humatrope2-768x768-2.jpg?v=1702425761","width":768,"height":768},{"@type":"BreadcrumbList","@id":"https:\/\/iberoid-shop.com\/pt\/product\/pack-3-cajas-humatrope72uix3-216ui\/#breadcrumb","itemListElement":[{"@type":"ListItem","position":1,"name":"Portada","item":"https:\/\/iberoid-shop.com\/pt\/"},{"@type":"ListItem","position":2,"name":"Loja","item":"https:\/\/iberoid-shop.com\/pt\/shop\/"},{"@type":"ListItem","position":3,"name":"PACK3 HUMATROPE\/72IU\/24mg"}]},{"@type":"WebSite","@id":"https:\/\/iberoid-shop.com\/pt\/#website","url":"https:\/\/iberoid-shop.com\/pt\/","name":"Ester\u00f3ides Online","description":"Compre ester\u00f3ides online hoje em Espanha e Portugal. Temos o melhor servi\u00e7o ao cliente do setor e produtos da mais alta qualidade","potentialAction":[{"@type":"SearchAction","target":{"@type":"EntryPoint","urlTemplate":"https:\/\/iberoid-shop.com\/pt\/?s={search_term_string}"},"query-input":{"@type":"PropertyValueSpecification","valueRequired":true,"valueName":"search_term_string"}}],"inLanguage":"pt-PT"}]},"product_brand":"Lilly","product_price_amount":"450.00","product_price_currency":"EUR","og_availability":"out of stock","product_availability":"out of stock","product_condition":"new"},"_links":{"self":[{"href":"https:\/\/iberoid-shop.com\/pt\/wp-json\/wp\/v2\/product\/6756","targetHints":{"allow":["GET"]}}],"collection":[{"href":"https:\/\/iberoid-shop.com\/pt\/wp-json\/wp\/v2\/product"}],"about":[{"href":"https:\/\/iberoid-shop.com\/pt\/wp-json\/wp\/v2\/types\/product"}],"replies":[{"embeddable":true,"href":"https:\/\/iberoid-shop.com\/pt\/wp-json\/wp\/v2\/comments?post=6756"}],"wp:featuredmedia":[{"embeddable":true,"href":"https:\/\/iberoid-shop.com\/pt\/wp-json\/wp\/v2\/media\/5411"}],"wp:attachment":[{"href":"https:\/\/iberoid-shop.com\/pt\/wp-json\/wp\/v2\/media?parent=6756"}],"wp:term":[{"taxonomy":"product_brand","embeddable":true,"href":"https:\/\/iberoid-shop.com\/pt\/wp-json\/wp\/v2\/product_brand?post=6756"},{"taxonomy":"product_cat","embeddable":true,"href":"https:\/\/iberoid-shop.com\/pt\/wp-json\/wp\/v2\/product_cat?post=6756"},{"taxonomy":"product_tag","embeddable":true,"href":"https:\/\/iberoid-shop.com\/pt\/wp-json\/wp\/v2\/product_tag?post=6756"}],"curies":[{"name":"wp","href":"https:\/\/api.w.org\/{rel}","templated":true}]}}