{"id":6679,"date":"2021-09-01T17:49:06","date_gmt":"2021-09-01T17:49:06","guid":{"rendered":"https:\/\/iberoid-shop.com\/?post_type=product&#038;p=6679"},"modified":"2026-04-08T09:04:59","modified_gmt":"2026-04-08T09:04:59","slug":"metaboldianabol-100-pastillas-pharmabol","status":"publish","type":"product","link":"https:\/\/iberoid-shop.com\/pt\/product\/metaboldianabol-100-pastillas-pharmabol\/","title":{"rendered":"METABOL, DIANABOL 60 COMPRIMIDOS"},"content":{"rendered":"<p>Dianabol \u00e9 um ester\u00f3ide aplic\u00e1vel com grande efeito no metabolismo das prote\u00ednas. Methandienone \u00e9 um derivado da testosterona e tem propriedades anab\u00f3licas e androg\u00eanicas muito fortes. Tem um grande efeito no metabolismo de prote\u00ednas e promove a s\u00edntese de prote\u00ednas. Este efeito se manifesta atrav\u00e9s da cria\u00e7\u00e3o de um balan\u00e7o positivo de nitrog\u00eanio, apoiando o ac\u00famulo de prote\u00ednas e, portanto, de massa muscular esquel\u00e9tica. Methandienone tamb\u00e9m induz uma sensa\u00e7\u00e3o melhorada de bem-estar. Dianabol \u00e9 um dos ester\u00f3ides de aumento de massa mais eficazes j\u00e1 criados. Na verdade, foi criado especificamente para atletas usarem para melhorar o desempenho (embora se afirmasse que tinha capacidade terap\u00eautica). Ele fornece ganhos de peso e for\u00e7a altamente impressionantes para a maioria dos usu\u00e1rios. Experimentar um ganho de peso de 3-4 lb por semana n\u00e3o \u00e9 algo in\u00e9dito, especialmente em novatos. Deve-se notar que muito, se for o peso da \u00e1gua, e que com doses mais altas podem ocorrer ginecomastia (tetas de cadela), hipertens\u00e3o e acne. Dianabol, quando tomado por via oral, torna-se ativo muito rapidamente, mas s\u00f3 permanece ativo por menos de meio dia. Muitas vezes, por esse motivo, as dosagens eram distribu\u00eddas ao longo do dia. Como o Dianabol (frequentemente chamado de D-bol pelos atletas) \u00e9 um composto 17aa, efeitos colaterais como aumento dos valores hep\u00e1ticos (toxicidade) s\u00e3o esperados, embora geralmente voltem ao normal rapidamente ap\u00f3s o atleta parar de tomar o produto. Al\u00e9m disso, como observado anteriormente, ginecomastia, forte reten\u00e7\u00e3o de \u00e1gua (e aumento da press\u00e3o arterial como resultado) e acne foram todos efeitos colaterais comumente relatados do uso de D-bol. Curiosamente, alguns usu\u00e1rios notam uma sensa\u00e7\u00e3o de bem-estar durante o uso da droga, que \u00e9 bastante pronunciada.<\/p>","protected":false},"excerpt":{"rendered":"<p>Dianabol \u00e9 um ester\u00f3ide aplic\u00e1vel com grande efeito no metabolismo das prote\u00ednas. Methandienone \u00e9 um derivado da testosterona e tem<\/p>\n","protected":false},"featured_media":6680,"comment_status":"open","ping_status":"closed","template":"","meta":[],"product_brand":[3526],"product_cat":[73],"product_tag":[],"class_list":{"0":"post-6679","1":"product","2":"type-product","3":"status-publish","4":"has-post-thumbnail","6":"product_brand-pharmabol","7":"product_cat-ssteroides_orales","9":"first","10":"instock","11":"shipping-taxable","12":"purchasable","13":"product-type-simple"},"yoast_head":"<!-- This site is optimized with the Yoast SEO Premium plugin v24.4 (Yoast SEO v27.3) - https:\/\/yoast.com\/product\/yoast-seo-premium-wordpress\/ -->\n<title>METABOL, DIANABOL 60 COMPRIMIDOS - Ester\u00f3ides Online<\/title>\n<meta name=\"description\" content=\"DIANABOL (Metandrostenolona) aumenta o metabolismo proteico, massa muscular, for\u00e7a e bem-estar, com a\u00e7\u00e3o oral r\u00e1pida e poss\u00edvel reten\u00e7\u00e3o de l\u00edquidos.\" \/>\n<meta name=\"robots\" content=\"index, follow, max-snippet:-1, max-image-preview:large, max-video-preview:-1\" \/>\n<link rel=\"canonical\" href=\"https:\/\/iberoid-shop.com\/pt\/product\/metaboldianabol-100-pastillas-pharmabol\/\" \/>\n<meta property=\"og:locale\" content=\"pt_PT\" \/>\n<meta property=\"og:type\" content=\"article\" \/>\n<meta property=\"og:title\" content=\"METABOL, DIANABOL 60 COMPRIMIDOS\" \/>\n<meta property=\"og:description\" content=\"DIANABOL (Metandrostenolona) aumenta o metabolismo proteico, massa muscular, for\u00e7a e bem-estar, com a\u00e7\u00e3o oral r\u00e1pida e poss\u00edvel reten\u00e7\u00e3o de l\u00edquidos.\" \/>\n<meta property=\"og:url\" content=\"https:\/\/iberoid-shop.com\/pt\/product\/metaboldianabol-100-pastillas-pharmabol\/\" \/>\n<meta property=\"og:site_name\" content=\"Ester\u00f3ides Online\" \/>\n<meta property=\"article:modified_time\" content=\"2026-04-08T09:04:59+00:00\" \/>\n<meta property=\"og:image\" content=\"https:\/\/iberoid-shop.com\/wp-content\/uploads\/2021\/09\/MET.jpg?v=1699331189\" \/>\n\t<meta property=\"og:image:width\" content=\"1536\" \/>\n\t<meta property=\"og:image:height\" content=\"1291\" \/>\n\t<meta property=\"og:image:type\" content=\"image\/jpeg\" \/>\n<meta name=\"twitter:card\" content=\"summary_large_image\" \/>\n<meta name=\"twitter:label1\" content=\"pre\u00e7o\" \/>\n\t<meta name=\"twitter:data1\" content=\"&euro;25.00\" \/>\n\t<meta name=\"twitter:label2\" content=\"Disponibilidade\" \/>\n\t<meta name=\"twitter:data2\" content=\"Em stock\" \/>\n<script type=\"application\/ld+json\" class=\"yoast-schema-graph\">{\"@context\":\"https:\\\/\\\/schema.org\",\"@graph\":[{\"@type\":\"WebPage\",\"@id\":\"https:\\\/\\\/iberoid-shop.com\\\/pt\\\/product\\\/metaboldianabol-100-pastillas-pharmabol\\\/\",\"url\":\"https:\\\/\\\/iberoid-shop.com\\\/pt\\\/product\\\/metaboldianabol-100-pastillas-pharmabol\\\/\",\"name\":\"METABOL, DIANABOL 60 COMPRIMIDOS - Ester\u00f3ides Online\",\"isPartOf\":{\"@id\":\"https:\\\/\\\/iberoid-shop.com\\\/pt\\\/#website\"},\"primaryImageOfPage\":{\"@id\":\"https:\\\/\\\/iberoid-shop.com\\\/pt\\\/product\\\/metaboldianabol-100-pastillas-pharmabol\\\/#primaryimage\"},\"image\":{\"@id\":\"https:\\\/\\\/iberoid-shop.com\\\/pt\\\/product\\\/metaboldianabol-100-pastillas-pharmabol\\\/#primaryimage\"},\"thumbnailUrl\":\"https:\\\/\\\/iberoid-shop.com\\\/wp-content\\\/uploads\\\/2021\\\/09\\\/MET.jpg?v=1699331189\",\"datePublished\":\"2021-09-01T17:49:06+00:00\",\"dateModified\":\"2026-04-08T09:04:59+00:00\",\"description\":\"DIANABOL (Metandrostenolona) aumenta o metabolismo proteico, massa muscular, for\u00e7a e bem-estar, com a\u00e7\u00e3o oral r\u00e1pida e poss\u00edvel reten\u00e7\u00e3o de l\u00edquidos.\",\"breadcrumb\":{\"@id\":\"https:\\\/\\\/iberoid-shop.com\\\/pt\\\/product\\\/metaboldianabol-100-pastillas-pharmabol\\\/#breadcrumb\"},\"inLanguage\":\"pt-PT\",\"potentialAction\":[{\"@type\":\"ReadAction\",\"target\":[[\"https:\\\/\\\/iberoid-shop.com\\\/pt\\\/product\\\/metaboldianabol-100-pastillas-pharmabol\\\/\"]]}]},{\"@type\":\"ImageObject\",\"inLanguage\":\"pt-PT\",\"@id\":\"https:\\\/\\\/iberoid-shop.com\\\/pt\\\/product\\\/metaboldianabol-100-pastillas-pharmabol\\\/#primaryimage\",\"url\":\"https:\\\/\\\/iberoid-shop.com\\\/wp-content\\\/uploads\\\/2021\\\/09\\\/MET.jpg?v=1699331189\",\"contentUrl\":\"https:\\\/\\\/iberoid-shop.com\\\/wp-content\\\/uploads\\\/2021\\\/09\\\/MET.jpg?v=1699331189\",\"width\":1536,\"height\":1291},{\"@type\":\"BreadcrumbList\",\"@id\":\"https:\\\/\\\/iberoid-shop.com\\\/pt\\\/product\\\/metaboldianabol-100-pastillas-pharmabol\\\/#breadcrumb\",\"itemListElement\":[{\"@type\":\"ListItem\",\"position\":1,\"name\":\"Portada\",\"item\":\"https:\\\/\\\/iberoid-shop.com\\\/pt\\\/\"},{\"@type\":\"ListItem\",\"position\":2,\"name\":\"Loja\",\"item\":\"https:\\\/\\\/iberoid-shop.com\\\/pt\\\/shop\\\/\"},{\"@type\":\"ListItem\",\"position\":3,\"name\":\"METABOL, DIANABOL 60 COMPRIMIDOS\"}]},{\"@type\":\"WebSite\",\"@id\":\"https:\\\/\\\/iberoid-shop.com\\\/pt\\\/#website\",\"url\":\"https:\\\/\\\/iberoid-shop.com\\\/pt\\\/\",\"name\":\"Ester\u00f3ides Online\",\"description\":\"Compre ester\u00f3ides online hoje em Espanha e Portugal. Temos o melhor servi\u00e7o ao cliente do setor e produtos da mais alta qualidade\",\"potentialAction\":[{\"@type\":\"SearchAction\",\"target\":{\"@type\":\"EntryPoint\",\"urlTemplate\":\"https:\\\/\\\/iberoid-shop.com\\\/pt\\\/?s={search_term_string}\"},\"query-input\":{\"@type\":\"PropertyValueSpecification\",\"valueRequired\":true,\"valueName\":\"search_term_string\"}}],\"inLanguage\":\"pt-PT\"}]}<\/script>\n<meta property=\"product:brand\" content=\"Pharmabol\" \/>\n<meta property=\"product:price:amount\" content=\"25.00\" \/>\n<meta property=\"product:price:currency\" content=\"EUR\" \/>\n<meta property=\"og:availability\" content=\"instock\" \/>\n<meta property=\"product:availability\" content=\"instock\" \/>\n<meta property=\"product:condition\" content=\"new\" \/>\n<!-- \/ Yoast SEO Premium plugin. -->","yoast_head_json":{"title":"METABOL, DIANABOL 60 COMPRIMIDOS - Ester\u00f3ides Online","description":"DIANABOL (Metandrostenolona) aumenta o metabolismo proteico, massa muscular, for\u00e7a e bem-estar, com a\u00e7\u00e3o oral r\u00e1pida e poss\u00edvel reten\u00e7\u00e3o de l\u00edquidos.","robots":{"index":"index","follow":"follow","max-snippet":"max-snippet:-1","max-image-preview":"max-image-preview:large","max-video-preview":"max-video-preview:-1"},"canonical":"https:\/\/iberoid-shop.com\/pt\/product\/metaboldianabol-100-pastillas-pharmabol\/","og_locale":"pt_PT","og_type":"article","og_title":"METABOL, DIANABOL 60 COMPRIMIDOS","og_description":"DIANABOL (Metandrostenolona) aumenta o metabolismo proteico, massa muscular, for\u00e7a e bem-estar, com a\u00e7\u00e3o oral r\u00e1pida e poss\u00edvel reten\u00e7\u00e3o de l\u00edquidos.","og_url":"https:\/\/iberoid-shop.com\/pt\/product\/metaboldianabol-100-pastillas-pharmabol\/","og_site_name":"Ester\u00f3ides Online","article_modified_time":"2026-04-08T09:04:59+00:00","og_image":[{"width":1536,"height":1291,"url":"https:\/\/iberoid-shop.com\/wp-content\/uploads\/2021\/09\/MET.jpg?v=1699331189","type":"image\/jpeg"}],"twitter_card":"summary_large_image","twitter_misc":{"pre\u00e7o":"&euro;25.00","Disponibilidade":"Em stock"},"schema":{"@context":"https:\/\/schema.org","@graph":[{"@type":"WebPage","@id":"https:\/\/iberoid-shop.com\/pt\/product\/metaboldianabol-100-pastillas-pharmabol\/","url":"https:\/\/iberoid-shop.com\/pt\/product\/metaboldianabol-100-pastillas-pharmabol\/","name":"METABOL, DIANABOL 60 COMPRIMIDOS - Ester\u00f3ides Online","isPartOf":{"@id":"https:\/\/iberoid-shop.com\/pt\/#website"},"primaryImageOfPage":{"@id":"https:\/\/iberoid-shop.com\/pt\/product\/metaboldianabol-100-pastillas-pharmabol\/#primaryimage"},"image":{"@id":"https:\/\/iberoid-shop.com\/pt\/product\/metaboldianabol-100-pastillas-pharmabol\/#primaryimage"},"thumbnailUrl":"https:\/\/iberoid-shop.com\/wp-content\/uploads\/2021\/09\/MET.jpg?v=1699331189","datePublished":"2021-09-01T17:49:06+00:00","dateModified":"2026-04-08T09:04:59+00:00","description":"DIANABOL (Metandrostenolona) aumenta o metabolismo proteico, massa muscular, for\u00e7a e bem-estar, com a\u00e7\u00e3o oral r\u00e1pida e poss\u00edvel reten\u00e7\u00e3o de l\u00edquidos.","breadcrumb":{"@id":"https:\/\/iberoid-shop.com\/pt\/product\/metaboldianabol-100-pastillas-pharmabol\/#breadcrumb"},"inLanguage":"pt-PT","potentialAction":[{"@type":"ReadAction","target":[["https:\/\/iberoid-shop.com\/pt\/product\/metaboldianabol-100-pastillas-pharmabol\/"]]}]},{"@type":"ImageObject","inLanguage":"pt-PT","@id":"https:\/\/iberoid-shop.com\/pt\/product\/metaboldianabol-100-pastillas-pharmabol\/#primaryimage","url":"https:\/\/iberoid-shop.com\/wp-content\/uploads\/2021\/09\/MET.jpg?v=1699331189","contentUrl":"https:\/\/iberoid-shop.com\/wp-content\/uploads\/2021\/09\/MET.jpg?v=1699331189","width":1536,"height":1291},{"@type":"BreadcrumbList","@id":"https:\/\/iberoid-shop.com\/pt\/product\/metaboldianabol-100-pastillas-pharmabol\/#breadcrumb","itemListElement":[{"@type":"ListItem","position":1,"name":"Portada","item":"https:\/\/iberoid-shop.com\/pt\/"},{"@type":"ListItem","position":2,"name":"Loja","item":"https:\/\/iberoid-shop.com\/pt\/shop\/"},{"@type":"ListItem","position":3,"name":"METABOL, DIANABOL 60 COMPRIMIDOS"}]},{"@type":"WebSite","@id":"https:\/\/iberoid-shop.com\/pt\/#website","url":"https:\/\/iberoid-shop.com\/pt\/","name":"Ester\u00f3ides Online","description":"Compre ester\u00f3ides online hoje em Espanha e Portugal. Temos o melhor servi\u00e7o ao cliente do setor e produtos da mais alta qualidade","potentialAction":[{"@type":"SearchAction","target":{"@type":"EntryPoint","urlTemplate":"https:\/\/iberoid-shop.com\/pt\/?s={search_term_string}"},"query-input":{"@type":"PropertyValueSpecification","valueRequired":true,"valueName":"search_term_string"}}],"inLanguage":"pt-PT"}]},"product_brand":"Pharmabol","product_price_amount":"25.00","product_price_currency":"EUR","og_availability":"instock","product_availability":"instock","product_condition":"new"},"_links":{"self":[{"href":"https:\/\/iberoid-shop.com\/pt\/wp-json\/wp\/v2\/product\/6679","targetHints":{"allow":["GET"]}}],"collection":[{"href":"https:\/\/iberoid-shop.com\/pt\/wp-json\/wp\/v2\/product"}],"about":[{"href":"https:\/\/iberoid-shop.com\/pt\/wp-json\/wp\/v2\/types\/product"}],"replies":[{"embeddable":true,"href":"https:\/\/iberoid-shop.com\/pt\/wp-json\/wp\/v2\/comments?post=6679"}],"wp:featuredmedia":[{"embeddable":true,"href":"https:\/\/iberoid-shop.com\/pt\/wp-json\/wp\/v2\/media\/6680"}],"wp:attachment":[{"href":"https:\/\/iberoid-shop.com\/pt\/wp-json\/wp\/v2\/media?parent=6679"}],"wp:term":[{"taxonomy":"product_brand","embeddable":true,"href":"https:\/\/iberoid-shop.com\/pt\/wp-json\/wp\/v2\/product_brand?post=6679"},{"taxonomy":"product_cat","embeddable":true,"href":"https:\/\/iberoid-shop.com\/pt\/wp-json\/wp\/v2\/product_cat?post=6679"},{"taxonomy":"product_tag","embeddable":true,"href":"https:\/\/iberoid-shop.com\/pt\/wp-json\/wp\/v2\/product_tag?post=6679"}],"curies":[{"name":"wp","href":"https:\/\/api.w.org\/{rel}","templated":true}]}}