{"id":6675,"date":"2021-09-01T17:42:51","date_gmt":"2021-09-01T17:42:51","guid":{"rendered":"https:\/\/iberoid-shop.com\/?post_type=product&#038;p=6675"},"modified":"2025-04-27T08:30:25","modified_gmt":"2025-04-27T08:30:25","slug":"strombabol-60-pastillas-stanozolol-oral-10-mg-pharmabol","status":"publish","type":"product","link":"https:\/\/iberoid-shop.com\/pt\/product\/strombabol-60-pastillas-stanozolol-oral-10-mg-pharmabol\/","title":{"rendered":"STROMBABOL, ESTANOZOLOL &#8211; 60 PASTILLAS 10 MG"},"content":{"rendered":"<p>STROMBABOL \u00e9 o nome comercial mais amplamente conhecido do f\u00e1rmaco estanozolol. O estanozolol \u00e9 um derivado da diidro-testosterona, alterado quimicamente para que as propriedades anab\u00f3licas (constru\u00e7\u00e3o de tecido) do horm\u00f4nio sejam grandemente amplificadas e sua atividade androg\u00eanica minimizada. O estanozolol \u00e9 classificado como um ester\u00f3ide \u201canabolizante\u201d e exibe uma das mais fortes dissocia\u00e7\u00f5es de efeito anab\u00f3lico em androg\u00eanico entre os agentes comercialmente dispon\u00edveis. Tamb\u00e9m n\u00e3o pode ser aromatizado em estrog\u00eanios. O estanozolol \u00e9 o segundo ester\u00f3ide oral mais amplamente usado, tendo popularidade apenas com o Dianabol (metandrostenolona). \u00c9 favorecido por sua capacidade de promover o crescimento muscular sem reten\u00e7\u00e3o de \u00e1gua, o que o torna altamente valorizado por fisiculturistas que fazem dieta e atletas de competi\u00e7\u00e3o.<\/p>\n<p>Administra\u00e7\u00e3o (Geral):<\/p>\n<p>Estudos demonstraram que tomar um ester\u00f3ide anabolizante oral com alimentos pode diminuir sua biodisponibilidade. Isso \u00e9 causado pela natureza sol\u00favel em gordura dos horm\u00f4nios ester\u00f3ides, que podem permitir que parte da droga se dissolva com a gordura alimentar n\u00e3o digerida, reduzindo sua absor\u00e7\u00e3o pelo trato gastrointestinal. Para uma utiliza\u00e7\u00e3o m\u00e1xima, as formas orais de estanozolol devem ser tomadas com o est\u00f4mago vazio.<\/p>\n<p>Administra\u00e7\u00e3o (Homens):<\/p>\n<p>As diretrizes de prescri\u00e7\u00e3o originais para STROMBABOL previam uma dosagem di\u00e1ria de 6 mg, que era administrada em um esquema de um comprimido de 2 mg tr\u00eas vezes ao dia. A dosagem usual para fins de melhoria do f\u00edsico ou desempenho \u00e9 entre 15 mg e 25 mg por dia, ou tr\u00eas a cinco comprimidos de 5 mg, tomados por n\u00e3o mais do que 6-8 semanas. O STROMBABOL injet\u00e1vel \u00e9 geralmente recomendado em uma dosagem cl\u00ednica de uma inje\u00e7\u00e3o de 50 mg a cada 2-3 semanas. Quando usado para prop\u00f3sitos de melhoria do f\u00edsico ou desempenho, uma dosagem de 50 mg em dias alternados \u00e9 mais comumente aplicada. As prepara\u00e7\u00f5es de estanozolol veterin\u00e1rio com um tamanho de part\u00edcula maior ser\u00e3o dispersadas mais lentamente pelo corpo e s\u00e3o comumente administradas em 75 mg a cada tr\u00eas dias. Doses de 50 mg por dia com estanozolol injet\u00e1vel n\u00e3o s\u00e3o incomuns, embora provavelmente n\u00e3o sejam recomendadas. Observe que as formas injet\u00e1veis \u200b\u200bda droga devem ter, miligrama por miligrama, um efeito anab\u00f3lico maior do que o oral.<\/p>\n<p>O estanozolol \u00e9 freq\u00fcentemente combinado com outros ester\u00f3ides para um resultado mais dram\u00e1tico. Por exemplo, ao aumentar o volume, pode-se optar por adicionar 200-400 mg de um \u00e9ster de testosterona (cipionato, enantato ou propionato) por semana. O resultado deve ser um ganho consider\u00e1vel de nova massa muscular, com um n\u00edvel mais confort\u00e1vel de reten\u00e7\u00e3o de \u00e1gua e gordura do que se tomar uma dose mais alta de testosterona sozinha. Para as fases da dieta, pode-se combinar alternadamente o estanozolol com um ester\u00f3ide n\u00e3o aromatizante, como 150 mg por semana de um \u00e9ster de trembolona ou 200-300 mg de Primobolan\u00ae (enantato de metenolona). Essas pilhas s\u00e3o altamente favorecidas para aumentar a defini\u00e7\u00e3o e muscularidade. Um intermedi\u00e1rio (ganho de massa magra) pode ser adicionar 200-400 mg de um composto de baixo estrog\u00eanio como Deca-Durabolin\u00ae (decanoato de nandrolona) ou Equipoise\u00ae (undecilenato de boldenona).<\/p>\n<p>Administra\u00e7\u00e3o (Mulheres):<\/p>\n<p>As diretrizes de prescri\u00e7\u00e3o originais para STROMBABOL exigiam uma dosagem di\u00e1ria de 4 mg (um comprimido de 2 mg duas vezes ao dia) com mulheres jovens particularmente suscet\u00edveis aos efeitos androg\u00eanicos dos ester\u00f3ides anabolizantes. Essa dosagem foi aumentada para 6mg (a mesma dose recomendada para homens) quando necess\u00e1rio. Quando usado para prop\u00f3sitos de melhoria do f\u00edsico ou desempenho, uma dosagem de 5 mg a 10 mg por dia \u00e9 mais comum, tomada por n\u00e3o mais do que 4-6 semanas. O STROMBABOL injet\u00e1vel \u00e9 geralmente recomendado em uma dose cl\u00ednica de 50 mg a cada 2-3 semanas. O injet\u00e1vel geralmente n\u00e3o \u00e9 recomendado para mulheres com o prop\u00f3sito de melhorar o desempenho f\u00edsico ou f\u00edsico, pois permite menos controle sobre os n\u00edveis de horm\u00f4nios no sangue. Aquelas mulheres que absolutamente devem usar o injet\u00e1vel geralmente administram 25 mg a cada 3 ou 4 dias. Embora este composto seja fracamente androg\u00eanico, o risco de sintomas de viriliza\u00e7\u00e3o n\u00e3o pode ser completamente exclu\u00eddo, mesmo em doses terap\u00eauticas.<\/p>","protected":false},"excerpt":{"rendered":"<p>STROMBABOL \u00e9 o nome comercial mais amplamente conhecido do f\u00e1rmaco estanozolol. O estanozolol \u00e9 um derivado da diidro-testosterona, alterado quimicamente<\/p>\n","protected":false},"featured_media":6676,"comment_status":"open","ping_status":"closed","template":"","meta":[],"product_brand":[],"product_cat":[73],"product_tag":[],"class_list":{"0":"post-6675","1":"product","2":"type-product","3":"status-publish","4":"has-post-thumbnail","6":"product_cat-ssteroides_orales","8":"first","9":"outofstock","10":"sale","11":"shipping-taxable","12":"purchasable","13":"product-type-simple"},"yoast_head":"<!-- This site is optimized with the Yoast SEO Premium plugin v24.4 (Yoast SEO v27.3) - https:\/\/yoast.com\/product\/yoast-seo-premium-wordpress\/ -->\n<title>STROMBABOL, ESTANOZOLOL - 60 PASTILLAS 10 MG - Ester\u00f3ides Online<\/title>\n<meta name=\"description\" content=\"STROMBABOL (Estanozolol\/Winstrol): Crescimento muscular magro, m\u00ednima reten\u00e7\u00e3o de \u00e1gua. Popular para cutting e atletas. Homens: 15-25mg oral di\u00e1rio ou 50mg injet\u00e1vel EOD. Mulheres: 5-10mg oral di\u00e1rio. T\u00f3xico para o f\u00edgado.\" \/>\n<meta name=\"robots\" content=\"index, follow, max-snippet:-1, max-image-preview:large, max-video-preview:-1\" \/>\n<link rel=\"canonical\" href=\"https:\/\/iberoid-shop.com\/pt\/product\/strombabol-60-pastillas-stanozolol-oral-10-mg-pharmabol\/\" \/>\n<meta property=\"og:locale\" content=\"pt_PT\" \/>\n<meta property=\"og:type\" content=\"article\" \/>\n<meta property=\"og:title\" content=\"STROMBABOL, ESTANOZOLOL - 60 PASTILLAS 10 MG\" \/>\n<meta property=\"og:description\" content=\"STROMBABOL (Estanozolol\/Winstrol): Crescimento muscular magro, m\u00ednima reten\u00e7\u00e3o de \u00e1gua. Popular para cutting e atletas. Homens: 15-25mg oral di\u00e1rio ou 50mg injet\u00e1vel EOD. Mulheres: 5-10mg oral di\u00e1rio. T\u00f3xico para o f\u00edgado.\" \/>\n<meta property=\"og:url\" content=\"https:\/\/iberoid-shop.com\/pt\/product\/strombabol-60-pastillas-stanozolol-oral-10-mg-pharmabol\/\" \/>\n<meta property=\"og:site_name\" content=\"Ester\u00f3ides Online\" \/>\n<meta property=\"article:modified_time\" content=\"2025-04-27T08:30:25+00:00\" \/>\n<meta property=\"og:image\" content=\"https:\/\/iberoid-shop.com\/wp-content\/uploads\/2021\/09\/image_6483441-4.jpg?v=1698572462\" \/>\n\t<meta property=\"og:image:width\" content=\"1536\" \/>\n\t<meta property=\"og:image:height\" content=\"2048\" \/>\n\t<meta property=\"og:image:type\" content=\"image\/jpeg\" \/>\n<meta name=\"twitter:card\" content=\"summary_large_image\" \/>\n<meta name=\"twitter:label1\" content=\"pre\u00e7o\" \/>\n\t<meta name=\"twitter:data1\" content=\"&euro;20.00\" \/>\n\t<meta name=\"twitter:label2\" content=\"Disponibilidade\" \/>\n\t<meta name=\"twitter:data2\" content=\"Esgotado\" \/>\n<script type=\"application\/ld+json\" class=\"yoast-schema-graph\">{\"@context\":\"https:\\\/\\\/schema.org\",\"@graph\":[{\"@type\":\"WebPage\",\"@id\":\"https:\\\/\\\/iberoid-shop.com\\\/pt\\\/product\\\/strombabol-60-pastillas-stanozolol-oral-10-mg-pharmabol\\\/\",\"url\":\"https:\\\/\\\/iberoid-shop.com\\\/pt\\\/product\\\/strombabol-60-pastillas-stanozolol-oral-10-mg-pharmabol\\\/\",\"name\":\"STROMBABOL, ESTANOZOLOL - 60 PASTILLAS 10 MG - Ester\u00f3ides Online\",\"isPartOf\":{\"@id\":\"https:\\\/\\\/iberoid-shop.com\\\/pt\\\/#website\"},\"primaryImageOfPage\":{\"@id\":\"https:\\\/\\\/iberoid-shop.com\\\/pt\\\/product\\\/strombabol-60-pastillas-stanozolol-oral-10-mg-pharmabol\\\/#primaryimage\"},\"image\":{\"@id\":\"https:\\\/\\\/iberoid-shop.com\\\/pt\\\/product\\\/strombabol-60-pastillas-stanozolol-oral-10-mg-pharmabol\\\/#primaryimage\"},\"thumbnailUrl\":\"https:\\\/\\\/iberoid-shop.com\\\/wp-content\\\/uploads\\\/2021\\\/09\\\/image_6483441-4.jpg?v=1698572462\",\"datePublished\":\"2021-09-01T17:42:51+00:00\",\"dateModified\":\"2025-04-27T08:30:25+00:00\",\"description\":\"STROMBABOL (Estanozolol\\\/Winstrol): Crescimento muscular magro, m\u00ednima reten\u00e7\u00e3o de \u00e1gua. Popular para cutting e atletas. Homens: 15-25mg oral di\u00e1rio ou 50mg injet\u00e1vel EOD. Mulheres: 5-10mg oral di\u00e1rio. T\u00f3xico para o f\u00edgado.\",\"breadcrumb\":{\"@id\":\"https:\\\/\\\/iberoid-shop.com\\\/pt\\\/product\\\/strombabol-60-pastillas-stanozolol-oral-10-mg-pharmabol\\\/#breadcrumb\"},\"inLanguage\":\"pt-PT\",\"potentialAction\":[{\"@type\":\"ReadAction\",\"target\":[[\"https:\\\/\\\/iberoid-shop.com\\\/pt\\\/product\\\/strombabol-60-pastillas-stanozolol-oral-10-mg-pharmabol\\\/\"]]}]},{\"@type\":\"ImageObject\",\"inLanguage\":\"pt-PT\",\"@id\":\"https:\\\/\\\/iberoid-shop.com\\\/pt\\\/product\\\/strombabol-60-pastillas-stanozolol-oral-10-mg-pharmabol\\\/#primaryimage\",\"url\":\"https:\\\/\\\/iberoid-shop.com\\\/wp-content\\\/uploads\\\/2021\\\/09\\\/image_6483441-4.jpg?v=1698572462\",\"contentUrl\":\"https:\\\/\\\/iberoid-shop.com\\\/wp-content\\\/uploads\\\/2021\\\/09\\\/image_6483441-4.jpg?v=1698572462\",\"width\":1536,\"height\":2048},{\"@type\":\"BreadcrumbList\",\"@id\":\"https:\\\/\\\/iberoid-shop.com\\\/pt\\\/product\\\/strombabol-60-pastillas-stanozolol-oral-10-mg-pharmabol\\\/#breadcrumb\",\"itemListElement\":[{\"@type\":\"ListItem\",\"position\":1,\"name\":\"Portada\",\"item\":\"https:\\\/\\\/iberoid-shop.com\\\/pt\\\/\"},{\"@type\":\"ListItem\",\"position\":2,\"name\":\"Loja\",\"item\":\"https:\\\/\\\/iberoid-shop.com\\\/pt\\\/shop\\\/\"},{\"@type\":\"ListItem\",\"position\":3,\"name\":\"STROMBABOL, ESTANOZOLOL &#8211; 60 PASTILLAS 10 MG\"}]},{\"@type\":\"WebSite\",\"@id\":\"https:\\\/\\\/iberoid-shop.com\\\/pt\\\/#website\",\"url\":\"https:\\\/\\\/iberoid-shop.com\\\/pt\\\/\",\"name\":\"Ester\u00f3ides Online\",\"description\":\"Compre ester\u00f3ides online hoje em Espanha e Portugal. Temos o melhor servi\u00e7o ao cliente do setor e produtos da mais alta qualidade\",\"potentialAction\":[{\"@type\":\"SearchAction\",\"target\":{\"@type\":\"EntryPoint\",\"urlTemplate\":\"https:\\\/\\\/iberoid-shop.com\\\/pt\\\/?s={search_term_string}\"},\"query-input\":{\"@type\":\"PropertyValueSpecification\",\"valueRequired\":true,\"valueName\":\"search_term_string\"}}],\"inLanguage\":\"pt-PT\"}]}<\/script>\n<meta property=\"product:brand\" content=\"Pharmabol\" \/>\n<meta property=\"product:price:amount\" content=\"20.00\" \/>\n<meta property=\"product:price:currency\" content=\"EUR\" \/>\n<meta property=\"og:availability\" content=\"out of stock\" \/>\n<meta property=\"product:availability\" content=\"out of stock\" \/>\n<meta property=\"product:condition\" content=\"new\" \/>\n<!-- \/ Yoast SEO Premium plugin. -->","yoast_head_json":{"title":"STROMBABOL, ESTANOZOLOL - 60 PASTILLAS 10 MG - Ester\u00f3ides Online","description":"STROMBABOL (Estanozolol\/Winstrol): Crescimento muscular magro, m\u00ednima reten\u00e7\u00e3o de \u00e1gua. Popular para cutting e atletas. Homens: 15-25mg oral di\u00e1rio ou 50mg injet\u00e1vel EOD. Mulheres: 5-10mg oral di\u00e1rio. T\u00f3xico para o f\u00edgado.","robots":{"index":"index","follow":"follow","max-snippet":"max-snippet:-1","max-image-preview":"max-image-preview:large","max-video-preview":"max-video-preview:-1"},"canonical":"https:\/\/iberoid-shop.com\/pt\/product\/strombabol-60-pastillas-stanozolol-oral-10-mg-pharmabol\/","og_locale":"pt_PT","og_type":"article","og_title":"STROMBABOL, ESTANOZOLOL - 60 PASTILLAS 10 MG","og_description":"STROMBABOL (Estanozolol\/Winstrol): Crescimento muscular magro, m\u00ednima reten\u00e7\u00e3o de \u00e1gua. Popular para cutting e atletas. Homens: 15-25mg oral di\u00e1rio ou 50mg injet\u00e1vel EOD. Mulheres: 5-10mg oral di\u00e1rio. T\u00f3xico para o f\u00edgado.","og_url":"https:\/\/iberoid-shop.com\/pt\/product\/strombabol-60-pastillas-stanozolol-oral-10-mg-pharmabol\/","og_site_name":"Ester\u00f3ides Online","article_modified_time":"2025-04-27T08:30:25+00:00","og_image":[{"width":1536,"height":2048,"url":"https:\/\/iberoid-shop.com\/wp-content\/uploads\/2021\/09\/image_6483441-4.jpg?v=1698572462","type":"image\/jpeg"}],"twitter_card":"summary_large_image","twitter_misc":{"pre\u00e7o":"&euro;20.00","Disponibilidade":"Esgotado"},"schema":{"@context":"https:\/\/schema.org","@graph":[{"@type":"WebPage","@id":"https:\/\/iberoid-shop.com\/pt\/product\/strombabol-60-pastillas-stanozolol-oral-10-mg-pharmabol\/","url":"https:\/\/iberoid-shop.com\/pt\/product\/strombabol-60-pastillas-stanozolol-oral-10-mg-pharmabol\/","name":"STROMBABOL, ESTANOZOLOL - 60 PASTILLAS 10 MG - Ester\u00f3ides Online","isPartOf":{"@id":"https:\/\/iberoid-shop.com\/pt\/#website"},"primaryImageOfPage":{"@id":"https:\/\/iberoid-shop.com\/pt\/product\/strombabol-60-pastillas-stanozolol-oral-10-mg-pharmabol\/#primaryimage"},"image":{"@id":"https:\/\/iberoid-shop.com\/pt\/product\/strombabol-60-pastillas-stanozolol-oral-10-mg-pharmabol\/#primaryimage"},"thumbnailUrl":"https:\/\/iberoid-shop.com\/wp-content\/uploads\/2021\/09\/image_6483441-4.jpg?v=1698572462","datePublished":"2021-09-01T17:42:51+00:00","dateModified":"2025-04-27T08:30:25+00:00","description":"STROMBABOL (Estanozolol\/Winstrol): Crescimento muscular magro, m\u00ednima reten\u00e7\u00e3o de \u00e1gua. Popular para cutting e atletas. Homens: 15-25mg oral di\u00e1rio ou 50mg injet\u00e1vel EOD. Mulheres: 5-10mg oral di\u00e1rio. T\u00f3xico para o f\u00edgado.","breadcrumb":{"@id":"https:\/\/iberoid-shop.com\/pt\/product\/strombabol-60-pastillas-stanozolol-oral-10-mg-pharmabol\/#breadcrumb"},"inLanguage":"pt-PT","potentialAction":[{"@type":"ReadAction","target":[["https:\/\/iberoid-shop.com\/pt\/product\/strombabol-60-pastillas-stanozolol-oral-10-mg-pharmabol\/"]]}]},{"@type":"ImageObject","inLanguage":"pt-PT","@id":"https:\/\/iberoid-shop.com\/pt\/product\/strombabol-60-pastillas-stanozolol-oral-10-mg-pharmabol\/#primaryimage","url":"https:\/\/iberoid-shop.com\/wp-content\/uploads\/2021\/09\/image_6483441-4.jpg?v=1698572462","contentUrl":"https:\/\/iberoid-shop.com\/wp-content\/uploads\/2021\/09\/image_6483441-4.jpg?v=1698572462","width":1536,"height":2048},{"@type":"BreadcrumbList","@id":"https:\/\/iberoid-shop.com\/pt\/product\/strombabol-60-pastillas-stanozolol-oral-10-mg-pharmabol\/#breadcrumb","itemListElement":[{"@type":"ListItem","position":1,"name":"Portada","item":"https:\/\/iberoid-shop.com\/pt\/"},{"@type":"ListItem","position":2,"name":"Loja","item":"https:\/\/iberoid-shop.com\/pt\/shop\/"},{"@type":"ListItem","position":3,"name":"STROMBABOL, ESTANOZOLOL &#8211; 60 PASTILLAS 10 MG"}]},{"@type":"WebSite","@id":"https:\/\/iberoid-shop.com\/pt\/#website","url":"https:\/\/iberoid-shop.com\/pt\/","name":"Ester\u00f3ides Online","description":"Compre ester\u00f3ides online hoje em Espanha e Portugal. Temos o melhor servi\u00e7o ao cliente do setor e produtos da mais alta qualidade","potentialAction":[{"@type":"SearchAction","target":{"@type":"EntryPoint","urlTemplate":"https:\/\/iberoid-shop.com\/pt\/?s={search_term_string}"},"query-input":{"@type":"PropertyValueSpecification","valueRequired":true,"valueName":"search_term_string"}}],"inLanguage":"pt-PT"}]},"product_brand":"Pharmabol","product_price_amount":"20.00","product_price_currency":"EUR","og_availability":"out of stock","product_availability":"out of stock","product_condition":"new"},"_links":{"self":[{"href":"https:\/\/iberoid-shop.com\/pt\/wp-json\/wp\/v2\/product\/6675","targetHints":{"allow":["GET"]}}],"collection":[{"href":"https:\/\/iberoid-shop.com\/pt\/wp-json\/wp\/v2\/product"}],"about":[{"href":"https:\/\/iberoid-shop.com\/pt\/wp-json\/wp\/v2\/types\/product"}],"replies":[{"embeddable":true,"href":"https:\/\/iberoid-shop.com\/pt\/wp-json\/wp\/v2\/comments?post=6675"}],"wp:featuredmedia":[{"embeddable":true,"href":"https:\/\/iberoid-shop.com\/pt\/wp-json\/wp\/v2\/media\/6676"}],"wp:attachment":[{"href":"https:\/\/iberoid-shop.com\/pt\/wp-json\/wp\/v2\/media?parent=6675"}],"wp:term":[{"taxonomy":"product_brand","embeddable":true,"href":"https:\/\/iberoid-shop.com\/pt\/wp-json\/wp\/v2\/product_brand?post=6675"},{"taxonomy":"product_cat","embeddable":true,"href":"https:\/\/iberoid-shop.com\/pt\/wp-json\/wp\/v2\/product_cat?post=6675"},{"taxonomy":"product_tag","embeddable":true,"href":"https:\/\/iberoid-shop.com\/pt\/wp-json\/wp\/v2\/product_tag?post=6675"}],"curies":[{"name":"wp","href":"https:\/\/api.w.org\/{rel}","templated":true}]}}