{"id":6117,"date":"2021-05-05T12:20:13","date_gmt":"2021-05-05T12:20:13","guid":{"rendered":"https:\/\/iberoid-shop.com\/?post_type=product&#038;p=6117"},"modified":"2025-11-19T21:48:15","modified_gmt":"2025-11-19T21:48:15","slug":"stanox-biosira-stanozolol-winstrol-100tabs-10mg-tab","status":"publish","type":"product","link":"https:\/\/iberoid-shop.com\/pt\/product\/stanox-biosira-stanozolol-winstrol-100tabs-10mg-tab\/","title":{"rendered":"Stanox &#8211; (Stanozolol, Winstrol)"},"content":{"rendered":"<p>- Fabricante: Biosira Pharmaceuticals<\/p>\n<p>&#8211; Embalagem: 100 comprimidos (10mg \/ guia)<\/p>\n<p>&#8211; Subst\u00e2ncia Qu\u00edmica: Estanozolol<\/p>\n<p>Stanox biosira \u00e9 um dos ester\u00f3ides de renome mundial, popular entre os fisiculturistas e atletas, tanto como ester\u00f3ide cortante. Foi descoberto pela primeira vez com o objetivo de tratar pessoas com v\u00e1rios problemas de sa\u00fade, como osteoporose, distrofia muscular, perda de massa muscular em pacientes p\u00f3s-operat\u00f3rios, crian\u00e7as com baixa estatura, etc.<\/p>\n<p>A maioria dos fabricantes deste produto n\u00e3o consegue criar um produto altamente eficaz. Portanto, para o melhor resultado com este produto, adquira sempre o produto de fabricantes renomados como a Biosira Farmac\u00eautica. Seus produtos s\u00e3o conhecidos por fornecer \u00f3timo resultado no ciclo de corte.<\/p>\n<p>Este ester\u00f3ide est\u00e1 dispon\u00edvel nas formas injet\u00e1vel e oral. Mas, a maioria das pessoas prefere a forma injet\u00e1vel por causa de seu poder de alta efici\u00eancia.<\/p>\n<p>N\u00e3o s\u00f3 ajuda no ciclo de corte do m\u00fasculo, mas tamb\u00e9m aumenta a massa muscular magra dos usu\u00e1rios. Portanto, as pessoas que est\u00e3o se preparando para um evento pr\u00f3ximo preferem este ester\u00f3ide a outro. Tem v\u00e1rios outros efeitos no corpo do usu\u00e1rio, como dureza muscular, densidade e vascularidade.<\/p>\n<p>Doses<\/p>\n<p>Este \u00e9 um dos ester\u00f3ides cortantes mais fortes j\u00e1 fabricados. Portanto, para obter o resultado ideal sem enfrentar efeitos colaterais graves, consulte sempre um m\u00e9dico de renome. Recomenda-se principalmente tomar entre 50-100 mg por dia durante um per\u00edodo de 4-8 semanas de dura\u00e7\u00e3o. Para melhor resultado, divida as dosagens em duas iguais e use todos os dias ou conforme recomenda\u00e7\u00e3o dos especialistas.<\/p>","protected":false},"excerpt":{"rendered":"<p>&#8211; Fabricante: Biosira Pharmaceuticals &#8211; Embalagem: 100 comprimidos (10mg \/ guia) &#8211; Subst\u00e2ncia Qu\u00edmica: Estanozolol Stanox biosira \u00e9 um dos<\/p>\n","protected":false},"featured_media":6118,"comment_status":"open","ping_status":"closed","template":"","meta":[],"product_brand":[],"product_cat":[73],"product_tag":[],"class_list":{"0":"post-6117","1":"product","2":"type-product","3":"status-publish","4":"has-post-thumbnail","6":"product_cat-ssteroides_orales","8":"first","9":"instock","10":"shipping-taxable","11":"purchasable","12":"product-type-simple"},"yoast_head":"<!-- This site is optimized with the Yoast SEO Premium plugin v24.4 (Yoast SEO v27.3) - https:\/\/yoast.com\/product\/yoast-seo-premium-wordpress\/ -->\n<title>Stanox - (Stanozolol, Winstrol) - Ester\u00f3ides Online<\/title>\n<meta name=\"description\" content=\"Stanox (Estanozolol) 10mg comprimidos (100) da Biosira. Ester\u00f3ide de corte popular para massa magra, dureza e vasculariza\u00e7\u00e3o. Dose t\u00edpica de 50-100mg por dia durante 4-8 semanas.\" \/>\n<meta name=\"robots\" content=\"index, follow, max-snippet:-1, max-image-preview:large, max-video-preview:-1\" \/>\n<link rel=\"canonical\" href=\"https:\/\/iberoid-shop.com\/pt\/product\/stanox-biosira-stanozolol-winstrol-100tabs-10mg-tab\/\" \/>\n<meta property=\"og:locale\" content=\"pt_PT\" \/>\n<meta property=\"og:type\" content=\"article\" \/>\n<meta property=\"og:title\" content=\"Stanox - (Stanozolol, Winstrol)\" \/>\n<meta property=\"og:description\" content=\"Stanox (Estanozolol) 10mg comprimidos (100) da Biosira. Ester\u00f3ide de corte popular para massa magra, dureza e vasculariza\u00e7\u00e3o. Dose t\u00edpica de 50-100mg por dia durante 4-8 semanas.\" \/>\n<meta property=\"og:url\" content=\"https:\/\/iberoid-shop.com\/pt\/product\/stanox-biosira-stanozolol-winstrol-100tabs-10mg-tab\/\" \/>\n<meta property=\"og:site_name\" content=\"Ester\u00f3ides Online\" \/>\n<meta property=\"article:modified_time\" content=\"2025-11-19T21:48:15+00:00\" \/>\n<meta property=\"og:image\" content=\"https:\/\/iberoid-shop.com\/wp-content\/uploads\/2021\/05\/BIOSIR.-STANO.jpg?v=1722257324\" \/>\n\t<meta property=\"og:image:width\" content=\"208\" \/>\n\t<meta property=\"og:image:height\" content=\"257\" \/>\n\t<meta property=\"og:image:type\" content=\"image\/jpeg\" \/>\n<meta name=\"twitter:card\" content=\"summary_large_image\" \/>\n<meta name=\"twitter:label1\" content=\"pre\u00e7o\" \/>\n\t<meta name=\"twitter:data1\" content=\"&euro;15.00\" \/>\n\t<meta name=\"twitter:label2\" content=\"Disponibilidade\" \/>\n\t<meta name=\"twitter:data2\" content=\"Em stock\" \/>\n<script type=\"application\/ld+json\" class=\"yoast-schema-graph\">{\"@context\":\"https:\\\/\\\/schema.org\",\"@graph\":[{\"@type\":\"WebPage\",\"@id\":\"https:\\\/\\\/iberoid-shop.com\\\/pt\\\/product\\\/stanox-biosira-stanozolol-winstrol-100tabs-10mg-tab\\\/\",\"url\":\"https:\\\/\\\/iberoid-shop.com\\\/pt\\\/product\\\/stanox-biosira-stanozolol-winstrol-100tabs-10mg-tab\\\/\",\"name\":\"Stanox - (Stanozolol, Winstrol) - Ester\u00f3ides Online\",\"isPartOf\":{\"@id\":\"https:\\\/\\\/iberoid.com\\\/#website\"},\"primaryImageOfPage\":{\"@id\":\"https:\\\/\\\/iberoid-shop.com\\\/pt\\\/product\\\/stanox-biosira-stanozolol-winstrol-100tabs-10mg-tab\\\/#primaryimage\"},\"image\":{\"@id\":\"https:\\\/\\\/iberoid-shop.com\\\/pt\\\/product\\\/stanox-biosira-stanozolol-winstrol-100tabs-10mg-tab\\\/#primaryimage\"},\"thumbnailUrl\":\"https:\\\/\\\/iberoid-shop.com\\\/wp-content\\\/uploads\\\/2021\\\/05\\\/BIOSIR.-STANO.jpg?v=1722257324\",\"datePublished\":\"2021-05-05T12:20:13+00:00\",\"dateModified\":\"2025-11-19T21:48:15+00:00\",\"description\":\"Stanox (Estanozolol) 10mg comprimidos (100) da Biosira. Ester\u00f3ide de corte popular para massa magra, dureza e vasculariza\u00e7\u00e3o. Dose t\u00edpica de 50-100mg por dia durante 4-8 semanas.\",\"breadcrumb\":{\"@id\":\"https:\\\/\\\/iberoid-shop.com\\\/pt\\\/product\\\/stanox-biosira-stanozolol-winstrol-100tabs-10mg-tab\\\/#breadcrumb\"},\"inLanguage\":\"pt-PT\",\"potentialAction\":[{\"@type\":\"ReadAction\",\"target\":[[\"https:\\\/\\\/iberoid-shop.com\\\/pt\\\/product\\\/stanox-biosira-stanozolol-winstrol-100tabs-10mg-tab\\\/\"]]}]},{\"@type\":\"ImageObject\",\"inLanguage\":\"pt-PT\",\"@id\":\"https:\\\/\\\/iberoid-shop.com\\\/pt\\\/product\\\/stanox-biosira-stanozolol-winstrol-100tabs-10mg-tab\\\/#primaryimage\",\"url\":\"https:\\\/\\\/iberoid-shop.com\\\/wp-content\\\/uploads\\\/2021\\\/05\\\/BIOSIR.-STANO.jpg?v=1722257324\",\"contentUrl\":\"https:\\\/\\\/iberoid-shop.com\\\/wp-content\\\/uploads\\\/2021\\\/05\\\/BIOSIR.-STANO.jpg?v=1722257324\",\"width\":208,\"height\":257},{\"@type\":\"BreadcrumbList\",\"@id\":\"https:\\\/\\\/iberoid-shop.com\\\/pt\\\/product\\\/stanox-biosira-stanozolol-winstrol-100tabs-10mg-tab\\\/#breadcrumb\",\"itemListElement\":[{\"@type\":\"ListItem\",\"position\":1,\"name\":\"Portada\",\"item\":\"https:\\\/\\\/iberoid.com\\\/\"},{\"@type\":\"ListItem\",\"position\":2,\"name\":\"Loja\",\"item\":\"https:\\\/\\\/iberoid-shop.com\\\/pt\\\/shop\\\/\"},{\"@type\":\"ListItem\",\"position\":3,\"name\":\"Stanox &#8211; (Stanozolol, Winstrol)\"}]},{\"@type\":\"WebSite\",\"@id\":\"https:\\\/\\\/iberoid.com\\\/#website\",\"url\":\"https:\\\/\\\/iberoid.com\\\/\",\"name\":\"Ester\u00f3ides Online\",\"description\":\"Compre ester\u00f3ides online hoje em Espanha e Portugal. Temos o melhor servi\u00e7o ao cliente do setor e produtos da mais alta qualidade\",\"potentialAction\":[{\"@type\":\"SearchAction\",\"target\":{\"@type\":\"EntryPoint\",\"urlTemplate\":\"https:\\\/\\\/iberoid.com\\\/?s={search_term_string}\"},\"query-input\":{\"@type\":\"PropertyValueSpecification\",\"valueRequired\":true,\"valueName\":\"search_term_string\"}}],\"inLanguage\":\"pt-PT\"}]}<\/script>\n<meta property=\"product:brand\" content=\"Biosira Ltd\" \/>\n<meta property=\"product:price:amount\" content=\"15.00\" \/>\n<meta property=\"product:price:currency\" content=\"EUR\" \/>\n<meta property=\"og:availability\" content=\"instock\" \/>\n<meta property=\"product:availability\" content=\"instock\" \/>\n<meta property=\"product:condition\" content=\"new\" \/>\n<!-- \/ Yoast SEO Premium plugin. -->","yoast_head_json":{"title":"Stanox - (Stanozolol, Winstrol) - Ester\u00f3ides Online","description":"Stanox (Estanozolol) 10mg comprimidos (100) da Biosira. Ester\u00f3ide de corte popular para massa magra, dureza e vasculariza\u00e7\u00e3o. Dose t\u00edpica de 50-100mg por dia durante 4-8 semanas.","robots":{"index":"index","follow":"follow","max-snippet":"max-snippet:-1","max-image-preview":"max-image-preview:large","max-video-preview":"max-video-preview:-1"},"canonical":"https:\/\/iberoid-shop.com\/pt\/product\/stanox-biosira-stanozolol-winstrol-100tabs-10mg-tab\/","og_locale":"pt_PT","og_type":"article","og_title":"Stanox - (Stanozolol, Winstrol)","og_description":"Stanox (Estanozolol) 10mg comprimidos (100) da Biosira. Ester\u00f3ide de corte popular para massa magra, dureza e vasculariza\u00e7\u00e3o. Dose t\u00edpica de 50-100mg por dia durante 4-8 semanas.","og_url":"https:\/\/iberoid-shop.com\/pt\/product\/stanox-biosira-stanozolol-winstrol-100tabs-10mg-tab\/","og_site_name":"Ester\u00f3ides Online","article_modified_time":"2025-11-19T21:48:15+00:00","og_image":[{"width":208,"height":257,"url":"https:\/\/iberoid-shop.com\/wp-content\/uploads\/2021\/05\/BIOSIR.-STANO.jpg?v=1722257324","type":"image\/jpeg"}],"twitter_card":"summary_large_image","twitter_misc":{"pre\u00e7o":"&euro;15.00","Disponibilidade":"Em stock"},"schema":{"@context":"https:\/\/schema.org","@graph":[{"@type":"WebPage","@id":"https:\/\/iberoid-shop.com\/pt\/product\/stanox-biosira-stanozolol-winstrol-100tabs-10mg-tab\/","url":"https:\/\/iberoid-shop.com\/pt\/product\/stanox-biosira-stanozolol-winstrol-100tabs-10mg-tab\/","name":"Stanox - (Stanozolol, Winstrol) - Ester\u00f3ides Online","isPartOf":{"@id":"https:\/\/iberoid.com\/#website"},"primaryImageOfPage":{"@id":"https:\/\/iberoid-shop.com\/pt\/product\/stanox-biosira-stanozolol-winstrol-100tabs-10mg-tab\/#primaryimage"},"image":{"@id":"https:\/\/iberoid-shop.com\/pt\/product\/stanox-biosira-stanozolol-winstrol-100tabs-10mg-tab\/#primaryimage"},"thumbnailUrl":"https:\/\/iberoid-shop.com\/wp-content\/uploads\/2021\/05\/BIOSIR.-STANO.jpg?v=1722257324","datePublished":"2021-05-05T12:20:13+00:00","dateModified":"2025-11-19T21:48:15+00:00","description":"Stanox (Estanozolol) 10mg comprimidos (100) da Biosira. Ester\u00f3ide de corte popular para massa magra, dureza e vasculariza\u00e7\u00e3o. Dose t\u00edpica de 50-100mg por dia durante 4-8 semanas.","breadcrumb":{"@id":"https:\/\/iberoid-shop.com\/pt\/product\/stanox-biosira-stanozolol-winstrol-100tabs-10mg-tab\/#breadcrumb"},"inLanguage":"pt-PT","potentialAction":[{"@type":"ReadAction","target":[["https:\/\/iberoid-shop.com\/pt\/product\/stanox-biosira-stanozolol-winstrol-100tabs-10mg-tab\/"]]}]},{"@type":"ImageObject","inLanguage":"pt-PT","@id":"https:\/\/iberoid-shop.com\/pt\/product\/stanox-biosira-stanozolol-winstrol-100tabs-10mg-tab\/#primaryimage","url":"https:\/\/iberoid-shop.com\/wp-content\/uploads\/2021\/05\/BIOSIR.-STANO.jpg?v=1722257324","contentUrl":"https:\/\/iberoid-shop.com\/wp-content\/uploads\/2021\/05\/BIOSIR.-STANO.jpg?v=1722257324","width":208,"height":257},{"@type":"BreadcrumbList","@id":"https:\/\/iberoid-shop.com\/pt\/product\/stanox-biosira-stanozolol-winstrol-100tabs-10mg-tab\/#breadcrumb","itemListElement":[{"@type":"ListItem","position":1,"name":"Portada","item":"https:\/\/iberoid.com\/"},{"@type":"ListItem","position":2,"name":"Loja","item":"https:\/\/iberoid-shop.com\/pt\/shop\/"},{"@type":"ListItem","position":3,"name":"Stanox &#8211; (Stanozolol, Winstrol)"}]},{"@type":"WebSite","@id":"https:\/\/iberoid.com\/#website","url":"https:\/\/iberoid.com\/","name":"Ester\u00f3ides Online","description":"Compre ester\u00f3ides online hoje em Espanha e Portugal. Temos o melhor servi\u00e7o ao cliente do setor e produtos da mais alta qualidade","potentialAction":[{"@type":"SearchAction","target":{"@type":"EntryPoint","urlTemplate":"https:\/\/iberoid.com\/?s={search_term_string}"},"query-input":{"@type":"PropertyValueSpecification","valueRequired":true,"valueName":"search_term_string"}}],"inLanguage":"pt-PT"}]},"product_brand":"Biosira Ltd","product_price_amount":"15.00","product_price_currency":"EUR","og_availability":"instock","product_availability":"instock","product_condition":"new"},"_links":{"self":[{"href":"https:\/\/iberoid-shop.com\/pt\/wp-json\/wp\/v2\/product\/6117","targetHints":{"allow":["GET"]}}],"collection":[{"href":"https:\/\/iberoid-shop.com\/pt\/wp-json\/wp\/v2\/product"}],"about":[{"href":"https:\/\/iberoid-shop.com\/pt\/wp-json\/wp\/v2\/types\/product"}],"replies":[{"embeddable":true,"href":"https:\/\/iberoid-shop.com\/pt\/wp-json\/wp\/v2\/comments?post=6117"}],"wp:featuredmedia":[{"embeddable":true,"href":"https:\/\/iberoid-shop.com\/pt\/wp-json\/wp\/v2\/media\/6118"}],"wp:attachment":[{"href":"https:\/\/iberoid-shop.com\/pt\/wp-json\/wp\/v2\/media?parent=6117"}],"wp:term":[{"taxonomy":"product_brand","embeddable":true,"href":"https:\/\/iberoid-shop.com\/pt\/wp-json\/wp\/v2\/product_brand?post=6117"},{"taxonomy":"product_cat","embeddable":true,"href":"https:\/\/iberoid-shop.com\/pt\/wp-json\/wp\/v2\/product_cat?post=6117"},{"taxonomy":"product_tag","embeddable":true,"href":"https:\/\/iberoid-shop.com\/pt\/wp-json\/wp\/v2\/product_tag?post=6117"}],"curies":[{"name":"wp","href":"https:\/\/api.w.org\/{rel}","templated":true}]}}