{"id":6036,"date":"2021-04-26T20:27:50","date_gmt":"2021-04-26T20:27:50","guid":{"rendered":"https:\/\/iberoid-shop.com\/?post_type=product&#038;p=6036"},"modified":"2026-03-19T12:24:50","modified_gmt":"2026-03-19T12:24:50","slug":"testobol-e-300-testosterone-enanthate-300-mg","status":"publish","type":"product","link":"https:\/\/iberoid-shop.com\/pt\/product\/testobol-e-300-testosterone-enanthate-300-mg\/","title":{"rendered":"Testobol E 300 (TESTOSTERONE ENANTHATE 300 MG)"},"content":{"rendered":"<p><strong><span>Enantato de testosterona<\/span><\/strong><span>\u00a0\u00a0\u00e9 um ester\u00f3ide anabolizante de libera\u00e7\u00e3o lenta e meia-vida longa de 7 a 10 dias.\u00a0O ester\u00f3ide estimula a s\u00edntese de prote\u00ednas para uma constru\u00e7\u00e3o muscular r\u00e1pida.\u00a0Junto com isso, o atleta obt\u00e9m mais pot\u00eancia e for\u00e7a.\u00a0Al\u00e9m disso, a testosterona Enanthate estimula os processos de regenera\u00e7\u00e3o.\u00a0Como resultado, o atleta recebe um aumento no t\u00f4nus \u200b\u200bmuscular, uma explos\u00e3o de energia e se recupera rapidamente de seus treinos cansativos.<\/span><\/p>\n<p><strong><span>Dosagem:<\/span><\/strong><span>\u00a0\u00a0Para um iniciante que deseja usar o Enantato de Testosterona sozinho por 12 semanas, uma dose de 300-500mg por semana ser\u00e1 suficiente.\u00a0Fisiculturistas experientes \u00e0s vezes tomam at\u00e9 1000mg da droga por semana, mas esta dosagem \u00e9 adotada apenas por atletas experientes e feita com c\u00e1tion.<\/span><\/p>\n<p><strong><span>Ciclo de Bulking:<\/span><\/strong><span>\u00a0\u00a0Para ganho de peso, Enantato de Testosterona \u00e9 tomado com ester\u00f3ides anabolizantes como Deca Durabolin ou Dianabol.\u00a0Esta combina\u00e7\u00e3o \u00e9 adequada para bodybuilders iniciantes e experientes.<\/span><\/p>\n<p><strong><span>Ciclo de corte:<\/span><\/strong><span>\u00a0\u00a0para secar, vale a pena adicionar um inibidor de aromatase para ser executado ao lado de Enantato de testosterona, que controlar\u00e1 o incha\u00e7o excessivo e a reten\u00e7\u00e3o de \u00e1gua.\u00a0Nesse caso, para o funcionamento normal do organismo, o esteroide \u00e9 utilizado em doses m\u00ednimas de 100mg por semana.<\/span><\/p>\n<p><span>Enantato de testosterona, tamb\u00e9m vendido sob as marcas Delatestryl e Xyosted entre outros, \u00e9 uma droga androg\u00eanica e ester\u00f3ide anabolizante (AAS) que \u00e9 utilizada em sua maior parte no tratamento de baixos n\u00edveis de testosterona em homens. \u00c9 tamb\u00e9m utilizado no tratamento hormonal para homens transexuais. \u00c9 administrado por inje\u00e7\u00e3o no m\u00fasculo uma vez a cada semana at\u00e9 cerca de um m\u00eas. Foi apresentado para uso cl\u00ednico em 1954. Juntamente com o cipionato de testosterona, undecanoato de testosterona e propionato de testosterona, \u00e9 um dos \u00e9steres de testosterona mais amplamente utilizados dispon\u00edveis. Para uso cl\u00ednico, a testosterona Enanthate \u00e9 utilizada para melhorar a constru\u00e7\u00e3o e execu\u00e7\u00e3o da massa muscular e tamb\u00e9m ajudar no funcionamento de outros sistemas corporais. O medicamento \u00e9 uma subst\u00e2ncia controlada em v\u00e1rios pa\u00edses, portanto, o uso n\u00e3o cl\u00ednico \u00e9 comumente ilegal.<\/span><\/p>\n<h2><strong><span>Usos do Enantato de testosterona no corpo humano<\/span><\/strong><\/h2>\n<p><span>O Enantato de testosterona \u00e9 utilizado em homens que n\u00e3o produzem um horm\u00f4nio natural regular suficiente chamado testosterona.\u00a0Nos homens, a testosterona \u00e9 respons\u00e1vel por algumas capacidades t\u00edpicas, incluindo o desenvolvimento e a melhora das partes \u00edntimas, m\u00fasculos e ossos.\u00a0Da mesma forma, ajuda a causar reviravoltas sexuais comuns (puberdade) em homens jovens.\u00a0A testosterona tem um lugar com uma classe de medicamentos conhecidos como andr\u00f3genos.\u00a0Ele age influenciando muitas estruturas corporais, de modo que o corpo pode se adaptar e funcionar normalmente.\u00a0Tamb\u00e9m pode ser utilizado em alguns homens jovens pr\u00e9-adultos para causar puberdade naqueles com puberdade adiada.\u00a0Da mesma forma, pode ser utilizado para tratar certos tipos de c\u00e2ncer de mama em mulheres tamb\u00e9m.<\/span><\/p>","protected":false},"excerpt":{"rendered":"<p>Enantato de testosterona\u00a0\u00a0\u00e9 um ester\u00f3ide anabolizante de libera\u00e7\u00e3o lenta e meia-vida longa de 7 a 10 dias.\u00a0O ester\u00f3ide estimula a<\/p>\n","protected":false},"featured_media":8473,"comment_status":"open","ping_status":"closed","template":"","meta":[],"product_brand":[],"product_cat":[69],"product_tag":[],"class_list":{"0":"post-6036","1":"product","2":"type-product","3":"status-publish","4":"has-post-thumbnail","6":"product_cat-esteroides_inyectables","8":"first","9":"instock","10":"shipping-taxable","11":"purchasable","12":"product-type-simple"},"yoast_head":"<!-- This site is optimized with the Yoast SEO Premium plugin v24.4 (Yoast SEO v27.0) - https:\/\/yoast.com\/product\/yoast-seo-premium-wordpress\/ -->\n<title>Testobol E 300 (TESTOSTERONE ENANTHATE 300 MG) - Ester\u00f3ides Online<\/title>\n<meta name=\"description\" content=\"Testosterona Enantato \u00e9 um esteroide anab\u00f3lico de libera\u00e7\u00e3o lenta que aumenta o crescimento muscular, for\u00e7a, recupera\u00e7\u00e3o e trata a baixa testosterona.\" \/>\n<meta name=\"robots\" content=\"index, follow, max-snippet:-1, max-image-preview:large, max-video-preview:-1\" \/>\n<link rel=\"canonical\" href=\"https:\/\/iberoid-shop.com\/pt\/product\/testobol-e-300-testosterone-enanthate-300-mg\/\" \/>\n<meta property=\"og:locale\" content=\"pt_PT\" \/>\n<meta property=\"og:type\" content=\"article\" \/>\n<meta property=\"og:title\" content=\"Testobol E 300 (TESTOSTERONE ENANTHATE 300 MG)\" \/>\n<meta property=\"og:description\" content=\"Testosterona Enantato \u00e9 um esteroide anab\u00f3lico de libera\u00e7\u00e3o lenta que aumenta o crescimento muscular, for\u00e7a, recupera\u00e7\u00e3o e trata a baixa testosterona.\" \/>\n<meta property=\"og:url\" content=\"https:\/\/iberoid-shop.com\/pt\/product\/testobol-e-300-testosterone-enanthate-300-mg\/\" \/>\n<meta property=\"og:site_name\" content=\"Ester\u00f3ides Online\" \/>\n<meta property=\"article:modified_time\" content=\"2026-03-19T12:24:50+00:00\" \/>\n<meta property=\"og:image\" content=\"https:\/\/iberoid-shop.com\/wp-content\/uploads\/2020\/07\/IMG_3768.jpg?v=1682954136\" \/>\n\t<meta property=\"og:image:width\" content=\"2500\" \/>\n\t<meta property=\"og:image:height\" content=\"2500\" \/>\n\t<meta property=\"og:image:type\" content=\"image\/jpeg\" \/>\n<meta name=\"twitter:card\" content=\"summary_large_image\" \/>\n<meta name=\"twitter:label1\" content=\"pre\u00e7o\" \/>\n\t<meta name=\"twitter:data1\" content=\"&euro;30.00\" \/>\n\t<meta name=\"twitter:label2\" content=\"Disponibilidade\" \/>\n\t<meta name=\"twitter:data2\" content=\"Em stock\" \/>\n<script type=\"application\/ld+json\" class=\"yoast-schema-graph\">{\"@context\":\"https:\/\/schema.org\",\"@graph\":[{\"@type\":\"WebPage\",\"@id\":\"https:\/\/iberoid-shop.com\/pt\/product\/testobol-e-300-testosterone-enanthate-300-mg\/\",\"url\":\"https:\/\/iberoid-shop.com\/pt\/product\/testobol-e-300-testosterone-enanthate-300-mg\/\",\"name\":\"Testobol E 300 (TESTOSTERONE ENANTHATE 300 MG) - Ester\u00f3ides Online\",\"isPartOf\":{\"@id\":\"https:\/\/iberoid-shop.com\/pt\/#website\"},\"primaryImageOfPage\":{\"@id\":\"https:\/\/iberoid-shop.com\/pt\/product\/testobol-e-300-testosterone-enanthate-300-mg\/#primaryimage\"},\"image\":{\"@id\":\"https:\/\/iberoid-shop.com\/pt\/product\/testobol-e-300-testosterone-enanthate-300-mg\/#primaryimage\"},\"thumbnailUrl\":\"https:\/\/iberoid-shop.com\/wp-content\/uploads\/2020\/07\/IMG_3768.jpg?v=1682954136\",\"datePublished\":\"2021-04-26T20:27:50+00:00\",\"dateModified\":\"2026-03-19T12:24:50+00:00\",\"description\":\"Testosterona Enantato \u00e9 um esteroide anab\u00f3lico de libera\u00e7\u00e3o lenta que aumenta o crescimento muscular, for\u00e7a, recupera\u00e7\u00e3o e trata a baixa testosterona.\",\"breadcrumb\":{\"@id\":\"https:\/\/iberoid-shop.com\/pt\/product\/testobol-e-300-testosterone-enanthate-300-mg\/#breadcrumb\"},\"inLanguage\":\"pt-PT\",\"potentialAction\":[{\"@type\":\"ReadAction\",\"target\":[[\"https:\/\/iberoid-shop.com\/pt\/product\/testobol-e-300-testosterone-enanthate-300-mg\/\"]]}]},{\"@type\":\"ImageObject\",\"inLanguage\":\"pt-PT\",\"@id\":\"https:\/\/iberoid-shop.com\/pt\/product\/testobol-e-300-testosterone-enanthate-300-mg\/#primaryimage\",\"url\":\"https:\/\/iberoid-shop.com\/wp-content\/uploads\/2020\/07\/IMG_3768.jpg?v=1682954136\",\"contentUrl\":\"https:\/\/iberoid-shop.com\/wp-content\/uploads\/2020\/07\/IMG_3768.jpg?v=1682954136\",\"width\":2500,\"height\":2500},{\"@type\":\"BreadcrumbList\",\"@id\":\"https:\/\/iberoid-shop.com\/pt\/product\/testobol-e-300-testosterone-enanthate-300-mg\/#breadcrumb\",\"itemListElement\":[{\"@type\":\"ListItem\",\"position\":1,\"name\":\"Portada\",\"item\":\"https:\/\/iberoid-shop.com\/pt\/\"},{\"@type\":\"ListItem\",\"position\":2,\"name\":\"Loja\",\"item\":\"https:\/\/iberoid-shop.com\/pt\/shop\/\"},{\"@type\":\"ListItem\",\"position\":3,\"name\":\"Testobol E 300 (TESTOSTERONE ENANTHATE 300 MG)\"}]},{\"@type\":\"WebSite\",\"@id\":\"https:\/\/iberoid-shop.com\/pt\/#website\",\"url\":\"https:\/\/iberoid-shop.com\/pt\/\",\"name\":\"Ester\u00f3ides Online\",\"description\":\"Compre ester\u00f3ides online hoje em Espanha e Portugal. Temos o melhor servi\u00e7o ao cliente do setor e produtos da mais alta qualidade\",\"potentialAction\":[{\"@type\":\"SearchAction\",\"target\":{\"@type\":\"EntryPoint\",\"urlTemplate\":\"https:\/\/iberoid-shop.com\/pt\/?s={search_term_string}\"},\"query-input\":{\"@type\":\"PropertyValueSpecification\",\"valueRequired\":true,\"valueName\":\"search_term_string\"}}],\"inLanguage\":\"pt-PT\"}]}<\/script>\n<meta property=\"product:brand\" content=\"Pharmabol\" \/>\n<meta property=\"product:price:amount\" content=\"30.00\" \/>\n<meta property=\"product:price:currency\" content=\"EUR\" \/>\n<meta property=\"og:availability\" content=\"instock\" \/>\n<meta property=\"product:availability\" content=\"instock\" \/>\n<meta property=\"product:condition\" content=\"new\" \/>\n<!-- \/ Yoast SEO Premium plugin. -->","yoast_head_json":{"title":"Testobol E 300 (TESTOSTERONE ENANTHATE 300 MG) - Ester\u00f3ides Online","description":"Testosterona Enantato \u00e9 um esteroide anab\u00f3lico de libera\u00e7\u00e3o lenta que aumenta o crescimento muscular, for\u00e7a, recupera\u00e7\u00e3o e trata a baixa testosterona.","robots":{"index":"index","follow":"follow","max-snippet":"max-snippet:-1","max-image-preview":"max-image-preview:large","max-video-preview":"max-video-preview:-1"},"canonical":"https:\/\/iberoid-shop.com\/pt\/product\/testobol-e-300-testosterone-enanthate-300-mg\/","og_locale":"pt_PT","og_type":"article","og_title":"Testobol E 300 (TESTOSTERONE ENANTHATE 300 MG)","og_description":"Testosterona Enantato \u00e9 um esteroide anab\u00f3lico de libera\u00e7\u00e3o lenta que aumenta o crescimento muscular, for\u00e7a, recupera\u00e7\u00e3o e trata a baixa testosterona.","og_url":"https:\/\/iberoid-shop.com\/pt\/product\/testobol-e-300-testosterone-enanthate-300-mg\/","og_site_name":"Ester\u00f3ides Online","article_modified_time":"2026-03-19T12:24:50+00:00","og_image":[{"width":2500,"height":2500,"url":"https:\/\/iberoid-shop.com\/wp-content\/uploads\/2020\/07\/IMG_3768.jpg?v=1682954136","type":"image\/jpeg"}],"twitter_card":"summary_large_image","twitter_misc":{"pre\u00e7o":"&euro;30.00","Disponibilidade":"Em stock"},"schema":{"@context":"https:\/\/schema.org","@graph":[{"@type":"WebPage","@id":"https:\/\/iberoid-shop.com\/pt\/product\/testobol-e-300-testosterone-enanthate-300-mg\/","url":"https:\/\/iberoid-shop.com\/pt\/product\/testobol-e-300-testosterone-enanthate-300-mg\/","name":"Testobol E 300 (TESTOSTERONE ENANTHATE 300 MG) - Ester\u00f3ides Online","isPartOf":{"@id":"https:\/\/iberoid-shop.com\/pt\/#website"},"primaryImageOfPage":{"@id":"https:\/\/iberoid-shop.com\/pt\/product\/testobol-e-300-testosterone-enanthate-300-mg\/#primaryimage"},"image":{"@id":"https:\/\/iberoid-shop.com\/pt\/product\/testobol-e-300-testosterone-enanthate-300-mg\/#primaryimage"},"thumbnailUrl":"https:\/\/iberoid-shop.com\/wp-content\/uploads\/2020\/07\/IMG_3768.jpg?v=1682954136","datePublished":"2021-04-26T20:27:50+00:00","dateModified":"2026-03-19T12:24:50+00:00","description":"Testosterona Enantato \u00e9 um esteroide anab\u00f3lico de libera\u00e7\u00e3o lenta que aumenta o crescimento muscular, for\u00e7a, recupera\u00e7\u00e3o e trata a baixa testosterona.","breadcrumb":{"@id":"https:\/\/iberoid-shop.com\/pt\/product\/testobol-e-300-testosterone-enanthate-300-mg\/#breadcrumb"},"inLanguage":"pt-PT","potentialAction":[{"@type":"ReadAction","target":[["https:\/\/iberoid-shop.com\/pt\/product\/testobol-e-300-testosterone-enanthate-300-mg\/"]]}]},{"@type":"ImageObject","inLanguage":"pt-PT","@id":"https:\/\/iberoid-shop.com\/pt\/product\/testobol-e-300-testosterone-enanthate-300-mg\/#primaryimage","url":"https:\/\/iberoid-shop.com\/wp-content\/uploads\/2020\/07\/IMG_3768.jpg?v=1682954136","contentUrl":"https:\/\/iberoid-shop.com\/wp-content\/uploads\/2020\/07\/IMG_3768.jpg?v=1682954136","width":2500,"height":2500},{"@type":"BreadcrumbList","@id":"https:\/\/iberoid-shop.com\/pt\/product\/testobol-e-300-testosterone-enanthate-300-mg\/#breadcrumb","itemListElement":[{"@type":"ListItem","position":1,"name":"Portada","item":"https:\/\/iberoid-shop.com\/pt\/"},{"@type":"ListItem","position":2,"name":"Loja","item":"https:\/\/iberoid-shop.com\/pt\/shop\/"},{"@type":"ListItem","position":3,"name":"Testobol E 300 (TESTOSTERONE ENANTHATE 300 MG)"}]},{"@type":"WebSite","@id":"https:\/\/iberoid-shop.com\/pt\/#website","url":"https:\/\/iberoid-shop.com\/pt\/","name":"Ester\u00f3ides Online","description":"Compre ester\u00f3ides online hoje em Espanha e Portugal. Temos o melhor servi\u00e7o ao cliente do setor e produtos da mais alta qualidade","potentialAction":[{"@type":"SearchAction","target":{"@type":"EntryPoint","urlTemplate":"https:\/\/iberoid-shop.com\/pt\/?s={search_term_string}"},"query-input":{"@type":"PropertyValueSpecification","valueRequired":true,"valueName":"search_term_string"}}],"inLanguage":"pt-PT"}]},"product_brand":"Pharmabol","product_price_amount":"30.00","product_price_currency":"EUR","og_availability":"instock","product_availability":"instock","product_condition":"new"},"_links":{"self":[{"href":"https:\/\/iberoid-shop.com\/pt\/wp-json\/wp\/v2\/product\/6036","targetHints":{"allow":["GET"]}}],"collection":[{"href":"https:\/\/iberoid-shop.com\/pt\/wp-json\/wp\/v2\/product"}],"about":[{"href":"https:\/\/iberoid-shop.com\/pt\/wp-json\/wp\/v2\/types\/product"}],"replies":[{"embeddable":true,"href":"https:\/\/iberoid-shop.com\/pt\/wp-json\/wp\/v2\/comments?post=6036"}],"wp:featuredmedia":[{"embeddable":true,"href":"https:\/\/iberoid-shop.com\/pt\/wp-json\/wp\/v2\/media\/8473"}],"wp:attachment":[{"href":"https:\/\/iberoid-shop.com\/pt\/wp-json\/wp\/v2\/media?parent=6036"}],"wp:term":[{"taxonomy":"product_brand","embeddable":true,"href":"https:\/\/iberoid-shop.com\/pt\/wp-json\/wp\/v2\/product_brand?post=6036"},{"taxonomy":"product_cat","embeddable":true,"href":"https:\/\/iberoid-shop.com\/pt\/wp-json\/wp\/v2\/product_cat?post=6036"},{"taxonomy":"product_tag","embeddable":true,"href":"https:\/\/iberoid-shop.com\/pt\/wp-json\/wp\/v2\/product_tag?post=6036"}],"curies":[{"name":"wp","href":"https:\/\/api.w.org\/{rel}","templated":true}]}}