{"id":6030,"date":"2021-04-26T20:22:22","date_gmt":"2021-04-26T20:22:22","guid":{"rendered":"https:\/\/iberoid-shop.com\/?post_type=product&#038;p=6030"},"modified":"2026-03-04T15:50:55","modified_gmt":"2026-03-04T15:50:55","slug":"nandrobol-300-nandrolon-decanote-deca-300-mg","status":"publish","type":"product","link":"https:\/\/iberoid-shop.com\/pt\/product\/nandrobol-300-nandrolon-decanote-deca-300-mg\/","title":{"rendered":"Nandrobol 300 (NANDROLON DECANOTE)"},"content":{"rendered":"<p><\/p>\n<div>Nandrobol 300 \u00e9 um ester\u00f3ide anabolizante injet\u00e1vel contendo Decanoato de Nandrolona, \u200b\u200buma testosterona que pode estar presente naturalmente no corpo humano.\u00a0Na medicina, o Nandrolona Decanoato \u00e9 utilizado no tratamento da osteoporose em mulheres p\u00f3s-menop\u00e1usicas e de uma s\u00e9rie de anemias apl\u00e1sticas.\u00a0<strong>Para fisiculturistas e atletas oferece um ganho efetivo de massa muscular, sua atividade anab\u00f3lica \u00e9 mais longa e o efeito androg\u00eanico \u00e9 menor.<\/strong><\/div>\n<h3>Maquenismo<\/h3>\n<div>Hoje em dia Nandrobol 300 \u00e9 um dos ester\u00f3ides anabolizantes mais populares e usados.\u00a0\u00c9 \u00f3timo para desenvolver o crescimento do volume muscular porque promove a bioss\u00edntese de prote\u00ednas e afeta a reten\u00e7\u00e3o de \u00e1gua.\u00a0Como o Nandrobol 300 tem a capacidade de armazenar mais \u00e1gua nos tecidos conjuntivos, ele pode liber\u00e1-los temporariamente nas articula\u00e7\u00f5es (ombro, cotovelo e joelho).\u00a0Nandrobol 300 \u00e9 f\u00e1cil para o f\u00edgado e faz com que a c\u00e9lula muscular armazene mais nitrog\u00eanio para atingir um equil\u00edbrio positivo de nitrog\u00eanio.\u00a0Hoje \u00e9 a droga mais popular e usada para desenvolver a massa muscular e promover a s\u00edntese de prote\u00ednas.<\/div>\n<h3>Dosagens<\/h3>\n<div>A dosagem usual de Nandrobol 300 \u00e9 de 200-600 mg por semana.\u00a0Uma dosagem menor ter\u00e1 apenas um efeito anab\u00f3lico leve, enquanto uma dosagem acima de 800 mg pode levar ao aparecimento de efeitos colaterais negativos.<\/div>\n<div><\/div>\n<div>Nandrobol 300 \u00e9 \u00f3timo junto com Dianabol e Testosterona para o crescimento muscular.\u00a0Muitos atletas tomam a seguinte combina\u00e7\u00e3o de ester\u00f3ides antes das competi\u00e7\u00f5es: 400 mg de Nandroxyl, 500 mg de Winstrol, 228 mg de Parabolan e 25 mg de Oxandrolona por semana.\u00a0Nandrobol 300 tamb\u00e9m funciona em combina\u00e7\u00e3o com outros ester\u00f3ides.\u00a0A dosagem para mulheres \u00e9 muito menor: cerca de 50-100 mg por semana.\u00a0O Nandrobol 300 deve ser administrado durante longos per\u00edodos de tempo, num ciclo de pelo menos 12 semanas.<\/div>\n<div><\/div>\n<div>A testosterona tamb\u00e9m deve fazer parte da terapia p\u00f3s-ciclo com Nandrobol 300.\u00a0Fisiculturistas experientes podem aumentar a dosagem at\u00e9 800 mg por semana, enquanto os novatos devem come\u00e7ar com uma quantidade de 200 mg.\u00a0Este produto tamb\u00e9m tem a propriedade de permanecer por muito tempo no organismo;\u00a0Tra\u00e7os de Nandroxyl podem ser encontrados na urina humana mesmo depois de um ano.<\/div>\n<p><\/p>","protected":false},"excerpt":{"rendered":"<p>Nandrobol 300 \u00e9 um ester\u00f3ide anabolizante injet\u00e1vel contendo Decanoato de Nandrolona, \u200b\u200buma testosterona que pode estar presente naturalmente no corpo<\/p>\n","protected":false},"featured_media":8476,"comment_status":"open","ping_status":"closed","template":"","meta":[],"product_brand":[],"product_cat":[69],"product_tag":[],"class_list":{"0":"post-6030","1":"product","2":"type-product","3":"status-publish","4":"has-post-thumbnail","6":"product_cat-esteroides_inyectables","8":"first","9":"instock","10":"sale","11":"shipping-taxable","12":"purchasable","13":"product-type-simple"},"yoast_head":"<!-- This site is optimized with the Yoast SEO Premium plugin v24.4 (Yoast SEO v27.3) - https:\/\/yoast.com\/product\/yoast-seo-premium-wordpress\/ -->\n<title>Nandrobol 300 (NANDROLON DECANOTE) - Ester\u00f3ides Online<\/title>\n<meta name=\"description\" content=\"NANDROBOL 300 \u00e9 um esteroide anab\u00f3lico injet\u00e1vel que aumenta a massa muscular, a s\u00edntese de prote\u00ednas e protege as articula\u00e7\u00f5es com baixos efeitos androg\u00eanicos.\" \/>\n<meta name=\"robots\" content=\"index, follow, max-snippet:-1, max-image-preview:large, max-video-preview:-1\" \/>\n<link rel=\"canonical\" href=\"https:\/\/iberoid-shop.com\/pt\/product\/nandrobol-300-nandrolon-decanote-deca-300-mg\/\" \/>\n<meta property=\"og:locale\" content=\"pt_PT\" \/>\n<meta property=\"og:type\" content=\"article\" \/>\n<meta property=\"og:title\" content=\"Nandrobol 300 (NANDROLON DECANOTE)\" \/>\n<meta property=\"og:description\" content=\"NANDROBOL 300 \u00e9 um esteroide anab\u00f3lico injet\u00e1vel que aumenta a massa muscular, a s\u00edntese de prote\u00ednas e protege as articula\u00e7\u00f5es com baixos efeitos androg\u00eanicos.\" \/>\n<meta property=\"og:url\" content=\"https:\/\/iberoid-shop.com\/pt\/product\/nandrobol-300-nandrolon-decanote-deca-300-mg\/\" \/>\n<meta property=\"og:site_name\" content=\"Ester\u00f3ides Online\" \/>\n<meta property=\"article:modified_time\" content=\"2026-03-04T15:50:55+00:00\" \/>\n<meta property=\"og:image\" content=\"https:\/\/iberoid-shop.com\/wp-content\/uploads\/2021\/04\/dk.jpg?v=1692348234\" \/>\n\t<meta property=\"og:image:width\" content=\"600\" \/>\n\t<meta property=\"og:image:height\" content=\"600\" \/>\n\t<meta property=\"og:image:type\" content=\"image\/jpeg\" \/>\n<meta name=\"twitter:card\" content=\"summary_large_image\" \/>\n<meta name=\"twitter:label1\" content=\"pre\u00e7o\" \/>\n\t<meta name=\"twitter:data1\" content=\"&euro;40.00\" \/>\n\t<meta name=\"twitter:label2\" content=\"Disponibilidade\" \/>\n\t<meta name=\"twitter:data2\" content=\"Em stock\" \/>\n<script type=\"application\/ld+json\" class=\"yoast-schema-graph\">{\"@context\":\"https:\\\/\\\/schema.org\",\"@graph\":[{\"@type\":\"WebPage\",\"@id\":\"https:\\\/\\\/iberoid-shop.com\\\/pt\\\/product\\\/nandrobol-300-nandrolon-decanote-deca-300-mg\\\/\",\"url\":\"https:\\\/\\\/iberoid-shop.com\\\/pt\\\/product\\\/nandrobol-300-nandrolon-decanote-deca-300-mg\\\/\",\"name\":\"Nandrobol 300 (NANDROLON DECANOTE) - Ester\u00f3ides Online\",\"isPartOf\":{\"@id\":\"https:\\\/\\\/iberoid.com\\\/#website\"},\"primaryImageOfPage\":{\"@id\":\"https:\\\/\\\/iberoid-shop.com\\\/pt\\\/product\\\/nandrobol-300-nandrolon-decanote-deca-300-mg\\\/#primaryimage\"},\"image\":{\"@id\":\"https:\\\/\\\/iberoid-shop.com\\\/pt\\\/product\\\/nandrobol-300-nandrolon-decanote-deca-300-mg\\\/#primaryimage\"},\"thumbnailUrl\":\"https:\\\/\\\/iberoid-shop.com\\\/wp-content\\\/uploads\\\/2021\\\/04\\\/dk.jpg?v=1692348234\",\"datePublished\":\"2021-04-26T20:22:22+00:00\",\"dateModified\":\"2026-03-04T15:50:55+00:00\",\"description\":\"NANDROBOL 300 \u00e9 um esteroide anab\u00f3lico injet\u00e1vel que aumenta a massa muscular, a s\u00edntese de prote\u00ednas e protege as articula\u00e7\u00f5es com baixos efeitos androg\u00eanicos.\",\"breadcrumb\":{\"@id\":\"https:\\\/\\\/iberoid-shop.com\\\/pt\\\/product\\\/nandrobol-300-nandrolon-decanote-deca-300-mg\\\/#breadcrumb\"},\"inLanguage\":\"pt-PT\",\"potentialAction\":[{\"@type\":\"ReadAction\",\"target\":[[\"https:\\\/\\\/iberoid-shop.com\\\/pt\\\/product\\\/nandrobol-300-nandrolon-decanote-deca-300-mg\\\/\"]]}]},{\"@type\":\"ImageObject\",\"inLanguage\":\"pt-PT\",\"@id\":\"https:\\\/\\\/iberoid-shop.com\\\/pt\\\/product\\\/nandrobol-300-nandrolon-decanote-deca-300-mg\\\/#primaryimage\",\"url\":\"https:\\\/\\\/iberoid-shop.com\\\/wp-content\\\/uploads\\\/2021\\\/04\\\/dk.jpg?v=1692348234\",\"contentUrl\":\"https:\\\/\\\/iberoid-shop.com\\\/wp-content\\\/uploads\\\/2021\\\/04\\\/dk.jpg?v=1692348234\",\"width\":600,\"height\":600},{\"@type\":\"BreadcrumbList\",\"@id\":\"https:\\\/\\\/iberoid-shop.com\\\/pt\\\/product\\\/nandrobol-300-nandrolon-decanote-deca-300-mg\\\/#breadcrumb\",\"itemListElement\":[{\"@type\":\"ListItem\",\"position\":1,\"name\":\"Portada\",\"item\":\"https:\\\/\\\/iberoid.com\\\/\"},{\"@type\":\"ListItem\",\"position\":2,\"name\":\"Loja\",\"item\":\"https:\\\/\\\/iberoid-shop.com\\\/pt\\\/shop\\\/\"},{\"@type\":\"ListItem\",\"position\":3,\"name\":\"Nandrobol 300 (NANDROLON DECANOTE)\"}]},{\"@type\":\"WebSite\",\"@id\":\"https:\\\/\\\/iberoid.com\\\/#website\",\"url\":\"https:\\\/\\\/iberoid.com\\\/\",\"name\":\"Ester\u00f3ides Online\",\"description\":\"Compre ester\u00f3ides online hoje em Espanha e Portugal. Temos o melhor servi\u00e7o ao cliente do setor e produtos da mais alta qualidade\",\"potentialAction\":[{\"@type\":\"SearchAction\",\"target\":{\"@type\":\"EntryPoint\",\"urlTemplate\":\"https:\\\/\\\/iberoid.com\\\/?s={search_term_string}\"},\"query-input\":{\"@type\":\"PropertyValueSpecification\",\"valueRequired\":true,\"valueName\":\"search_term_string\"}}],\"inLanguage\":\"pt-PT\"}]}<\/script>\n<meta property=\"product:brand\" content=\"Pharmabol\" \/>\n<meta property=\"product:price:amount\" content=\"40.00\" \/>\n<meta property=\"product:price:currency\" content=\"EUR\" \/>\n<meta property=\"og:availability\" content=\"instock\" \/>\n<meta property=\"product:availability\" content=\"instock\" \/>\n<meta property=\"product:condition\" content=\"new\" \/>\n<!-- \/ Yoast SEO Premium plugin. -->","yoast_head_json":{"title":"Nandrobol 300 (NANDROLON DECANOTE) - Ester\u00f3ides Online","description":"NANDROBOL 300 \u00e9 um esteroide anab\u00f3lico injet\u00e1vel que aumenta a massa muscular, a s\u00edntese de prote\u00ednas e protege as articula\u00e7\u00f5es com baixos efeitos androg\u00eanicos.","robots":{"index":"index","follow":"follow","max-snippet":"max-snippet:-1","max-image-preview":"max-image-preview:large","max-video-preview":"max-video-preview:-1"},"canonical":"https:\/\/iberoid-shop.com\/pt\/product\/nandrobol-300-nandrolon-decanote-deca-300-mg\/","og_locale":"pt_PT","og_type":"article","og_title":"Nandrobol 300 (NANDROLON DECANOTE)","og_description":"NANDROBOL 300 \u00e9 um esteroide anab\u00f3lico injet\u00e1vel que aumenta a massa muscular, a s\u00edntese de prote\u00ednas e protege as articula\u00e7\u00f5es com baixos efeitos androg\u00eanicos.","og_url":"https:\/\/iberoid-shop.com\/pt\/product\/nandrobol-300-nandrolon-decanote-deca-300-mg\/","og_site_name":"Ester\u00f3ides Online","article_modified_time":"2026-03-04T15:50:55+00:00","og_image":[{"width":600,"height":600,"url":"https:\/\/iberoid-shop.com\/wp-content\/uploads\/2021\/04\/dk.jpg?v=1692348234","type":"image\/jpeg"}],"twitter_card":"summary_large_image","twitter_misc":{"pre\u00e7o":"&euro;40.00","Disponibilidade":"Em stock"},"schema":{"@context":"https:\/\/schema.org","@graph":[{"@type":"WebPage","@id":"https:\/\/iberoid-shop.com\/pt\/product\/nandrobol-300-nandrolon-decanote-deca-300-mg\/","url":"https:\/\/iberoid-shop.com\/pt\/product\/nandrobol-300-nandrolon-decanote-deca-300-mg\/","name":"Nandrobol 300 (NANDROLON DECANOTE) - Ester\u00f3ides Online","isPartOf":{"@id":"https:\/\/iberoid.com\/#website"},"primaryImageOfPage":{"@id":"https:\/\/iberoid-shop.com\/pt\/product\/nandrobol-300-nandrolon-decanote-deca-300-mg\/#primaryimage"},"image":{"@id":"https:\/\/iberoid-shop.com\/pt\/product\/nandrobol-300-nandrolon-decanote-deca-300-mg\/#primaryimage"},"thumbnailUrl":"https:\/\/iberoid-shop.com\/wp-content\/uploads\/2021\/04\/dk.jpg?v=1692348234","datePublished":"2021-04-26T20:22:22+00:00","dateModified":"2026-03-04T15:50:55+00:00","description":"NANDROBOL 300 \u00e9 um esteroide anab\u00f3lico injet\u00e1vel que aumenta a massa muscular, a s\u00edntese de prote\u00ednas e protege as articula\u00e7\u00f5es com baixos efeitos androg\u00eanicos.","breadcrumb":{"@id":"https:\/\/iberoid-shop.com\/pt\/product\/nandrobol-300-nandrolon-decanote-deca-300-mg\/#breadcrumb"},"inLanguage":"pt-PT","potentialAction":[{"@type":"ReadAction","target":[["https:\/\/iberoid-shop.com\/pt\/product\/nandrobol-300-nandrolon-decanote-deca-300-mg\/"]]}]},{"@type":"ImageObject","inLanguage":"pt-PT","@id":"https:\/\/iberoid-shop.com\/pt\/product\/nandrobol-300-nandrolon-decanote-deca-300-mg\/#primaryimage","url":"https:\/\/iberoid-shop.com\/wp-content\/uploads\/2021\/04\/dk.jpg?v=1692348234","contentUrl":"https:\/\/iberoid-shop.com\/wp-content\/uploads\/2021\/04\/dk.jpg?v=1692348234","width":600,"height":600},{"@type":"BreadcrumbList","@id":"https:\/\/iberoid-shop.com\/pt\/product\/nandrobol-300-nandrolon-decanote-deca-300-mg\/#breadcrumb","itemListElement":[{"@type":"ListItem","position":1,"name":"Portada","item":"https:\/\/iberoid.com\/"},{"@type":"ListItem","position":2,"name":"Loja","item":"https:\/\/iberoid-shop.com\/pt\/shop\/"},{"@type":"ListItem","position":3,"name":"Nandrobol 300 (NANDROLON DECANOTE)"}]},{"@type":"WebSite","@id":"https:\/\/iberoid.com\/#website","url":"https:\/\/iberoid.com\/","name":"Ester\u00f3ides Online","description":"Compre ester\u00f3ides online hoje em Espanha e Portugal. Temos o melhor servi\u00e7o ao cliente do setor e produtos da mais alta qualidade","potentialAction":[{"@type":"SearchAction","target":{"@type":"EntryPoint","urlTemplate":"https:\/\/iberoid.com\/?s={search_term_string}"},"query-input":{"@type":"PropertyValueSpecification","valueRequired":true,"valueName":"search_term_string"}}],"inLanguage":"pt-PT"}]},"product_brand":"Pharmabol","product_price_amount":"40.00","product_price_currency":"EUR","og_availability":"instock","product_availability":"instock","product_condition":"new"},"_links":{"self":[{"href":"https:\/\/iberoid-shop.com\/pt\/wp-json\/wp\/v2\/product\/6030","targetHints":{"allow":["GET"]}}],"collection":[{"href":"https:\/\/iberoid-shop.com\/pt\/wp-json\/wp\/v2\/product"}],"about":[{"href":"https:\/\/iberoid-shop.com\/pt\/wp-json\/wp\/v2\/types\/product"}],"replies":[{"embeddable":true,"href":"https:\/\/iberoid-shop.com\/pt\/wp-json\/wp\/v2\/comments?post=6030"}],"wp:featuredmedia":[{"embeddable":true,"href":"https:\/\/iberoid-shop.com\/pt\/wp-json\/wp\/v2\/media\/8476"}],"wp:attachment":[{"href":"https:\/\/iberoid-shop.com\/pt\/wp-json\/wp\/v2\/media?parent=6030"}],"wp:term":[{"taxonomy":"product_brand","embeddable":true,"href":"https:\/\/iberoid-shop.com\/pt\/wp-json\/wp\/v2\/product_brand?post=6030"},{"taxonomy":"product_cat","embeddable":true,"href":"https:\/\/iberoid-shop.com\/pt\/wp-json\/wp\/v2\/product_cat?post=6030"},{"taxonomy":"product_tag","embeddable":true,"href":"https:\/\/iberoid-shop.com\/pt\/wp-json\/wp\/v2\/product_tag?post=6030"}],"curies":[{"name":"wp","href":"https:\/\/api.w.org\/{rel}","templated":true}]}}