{"id":5820,"date":"2021-03-08T11:52:46","date_gmt":"2021-03-08T11:52:46","guid":{"rendered":"https:\/\/iberoid-shop.com\/?post_type=product&#038;p=5820"},"modified":"2026-04-08T09:04:59","modified_gmt":"2026-04-08T09:04:59","slug":"cenforce-100-mg-1blister-10-pastillas","status":"publish","type":"product","link":"https:\/\/iberoid-shop.com\/pt\/product\/cenforce-100-mg-1blister-10-pastillas\/","title":{"rendered":"Cenforce 100 MG -1blister -10 pastillas"},"content":{"rendered":"<p><strong>O Cenforce FM\u00a0<\/strong>\u00a0100 mg \u00e9 o medicamento mais eficaz usado no tratamento da\u00a0\u00a0<strong>disfun\u00e7\u00e3o er\u00e9til<\/strong>\u00a0.\u00a0\u00c9 um inibidor da a\u00e7\u00e3o da enzima fosfodiesterase que resulta em mais fluxo sangu\u00edneo para o p\u00eanis durante a estimula\u00e7\u00e3o sexual.\u00a0Tamb\u00e9m \u00e9 recomendado para pacientes que sofrem de hipertens\u00e3o arterial pulmonar e hiperplasia benigna da pr\u00f3stata, pois a droga relaxa os m\u00fasculos lisos e aumenta o suprimento de sangue.\u00a0A droga \u00e9 potente e um \u00fanico comprimido \u00e9 \u00fatil para atingir uma ere\u00e7\u00e3o firme.\u00a0O medicamento inicia sua a\u00e7\u00e3o em 30 a 40 minutos ap\u00f3s a administra\u00e7\u00e3o e age por cerca de 4 a 5 horas.<\/p>\n<h2><b>Ingredientes ativos do Cenforce FM 100 mg:<\/b><\/h2>\n<p>Citrato de\u00a0<strong>Sildenafil\u00a0<\/strong><\/p>\n<h2><b>Cenforce FM 100 mg Usos:<\/b><\/h2>\n<p>O Cenforce FM\u00a0<b>\u00a0<\/b>\u00e9 usado no tratamento da disfun\u00e7\u00e3o er\u00e9til em homens.\u00a0A disfun\u00e7\u00e3o er\u00e9til (\u00a0<strong>DE<\/strong>\u00a0) \u00e9 uma condi\u00e7\u00e3o na qual manter e obter uma ere\u00e7\u00e3o adequada \u00e9 suficiente para um desempenho sexual satisfat\u00f3rio.<\/p>\n<h2><b>Como funciona o Cenforce FM 100 mg?<\/b><\/h2>\n<p><strong>O Citrato de Sildenafil<\/strong>\u00a0\u00a0\u00e9 basicamente um inibidor PDE-5 que \u00e9 um ingrediente ativo do comprimido Cenforce FM\u00a0<b>\u00a0<\/b>100 mg.\u00a0Ele atua na disfun\u00e7\u00e3o er\u00e9til, aumentando o fluxo sangu\u00edneo para o p\u00eanis, relaxando os m\u00fasculos dos vasos sangu\u00edneos do p\u00eanis nos homens.\u00a0Tamb\u00e9m relaxa os vasos sangu\u00edneos dos pulm\u00f5es para permitir que o sangue flua mais facilmente, ajudando assim na hipertens\u00e3o pulmonar.<\/p>\n<h2><b>Quais s\u00e3o as instru\u00e7\u00f5es de dosagem do\u00a0\u00a0<\/b><b>Cenforce FM 100 mg?<\/b><\/h2>\n<p><b>Dose Perdida<\/b>\u00a0:<\/p>\n<p>Se uma dose deste comprimido for esquecida, tome-a assim que se lembrar.\u00a0Se estiver quase na hora da pr\u00f3xima dose, pule a dose esquecida e tome a pr\u00f3xima.\u00a0N\u00e3o duplique a dose para compensar a dose esquecida.<\/p>\n<h2><b>Como tomar\u00a0\u00a0<\/b><b>Cenforce FM 100 mg?<\/b><\/h2>\n<p><strong>O Cenforce\u00a0<\/strong>\u00a0FM\u00a0<b>\u00a0<\/b>deve ser tomado em um hor\u00e1rio determinado, com ou sem alimentos.\u00a0Engula o comprimido inteiro.\u00a0N\u00e3o mastigue, esmague ou parta o comprimido.\u00a0Os seus efeitos podem ser observados 30 minutos ap\u00f3s tom\u00e1-lo.\u00a0Os efeitos costumam durar cerca de 4 a 5 horas, proporcionando-lhe um longo tempo de qualidade para desfrutar de seus momentos de prazer.<\/p>\n<h2><b>Intera\u00e7\u00e3o medicamentosa com Cenforce FM 100 mg<\/b><\/h2>\n<ul>\n<li>Amlodipina<\/li>\n<li>Carbamazepina<\/li>\n<li>Claritromicina<\/li>\n<li>Dexametasona<\/li>\n<li>Nitroglicerina<\/li>\n<li>Cetoconazol<\/li>\n<li>Atazanavir<\/li>\n<\/ul>\n<p><\/p>","protected":false},"excerpt":{"rendered":"<p>O Cenforce FM\u00a0\u00a0100 mg \u00e9 o medicamento mais eficaz usado no tratamento da\u00a0\u00a0disfun\u00e7\u00e3o er\u00e9til\u00a0.\u00a0\u00c9 um inibidor da a\u00e7\u00e3o da enzima<\/p>\n","protected":false},"featured_media":5821,"comment_status":"open","ping_status":"closed","template":"","meta":[],"product_brand":[],"product_cat":[73,3412],"product_tag":[],"class_list":{"0":"post-5820","1":"product","2":"type-product","3":"status-publish","4":"has-post-thumbnail","6":"product_cat-ssteroides_orales","7":"product_cat-varios","9":"first","10":"instock","11":"shipping-taxable","12":"purchasable","13":"product-type-simple"},"yoast_head":"<!-- This site is optimized with the Yoast SEO Premium plugin v24.4 (Yoast SEO v27.3) - https:\/\/yoast.com\/product\/yoast-seo-premium-wordpress\/ -->\n<title>Cenforce 100 MG -1blister -10 pastillas - Ester\u00f3ides Online<\/title>\n<meta name=\"description\" content=\"Cenforce FM 100 mg trata a disfun\u00e7\u00e3o er\u00e9til, aumentando o fluxo sangu\u00edneo para ere\u00e7\u00f5es firmes e duradouras e auxiliando a sa\u00fade pulmonar.\" \/>\n<meta name=\"robots\" content=\"index, follow, max-snippet:-1, max-image-preview:large, max-video-preview:-1\" \/>\n<link rel=\"canonical\" href=\"https:\/\/iberoid-shop.com\/pt\/product\/cenforce-100-mg-1blister-10-pastillas\/\" \/>\n<meta property=\"og:locale\" content=\"pt_PT\" \/>\n<meta property=\"og:type\" content=\"article\" \/>\n<meta property=\"og:title\" content=\"Cenforce 100 MG -1blister -10 pastillas\" \/>\n<meta property=\"og:description\" content=\"Cenforce FM 100 mg trata a disfun\u00e7\u00e3o er\u00e9til, aumentando o fluxo sangu\u00edneo para ere\u00e7\u00f5es firmes e duradouras e auxiliando a sa\u00fade pulmonar.\" \/>\n<meta property=\"og:url\" content=\"https:\/\/iberoid-shop.com\/pt\/product\/cenforce-100-mg-1blister-10-pastillas\/\" \/>\n<meta property=\"og:site_name\" content=\"Ester\u00f3ides Online\" \/>\n<meta property=\"article:modified_time\" content=\"2026-04-08T09:04:59+00:00\" \/>\n<meta property=\"og:image\" content=\"https:\/\/iberoid-shop.com\/wp-content\/uploads\/2021\/03\/cenforce-100-.jpg?v=1678120032\" \/>\n\t<meta property=\"og:image:width\" content=\"800\" \/>\n\t<meta property=\"og:image:height\" content=\"800\" \/>\n\t<meta property=\"og:image:type\" content=\"image\/jpeg\" \/>\n<meta name=\"twitter:card\" content=\"summary_large_image\" \/>\n<meta name=\"twitter:label1\" content=\"pre\u00e7o\" \/>\n\t<meta name=\"twitter:data1\" content=\"&euro;15.00\" \/>\n\t<meta name=\"twitter:label2\" content=\"Disponibilidade\" \/>\n\t<meta name=\"twitter:data2\" content=\"Em stock\" \/>\n<script type=\"application\/ld+json\" class=\"yoast-schema-graph\">{\"@context\":\"https:\\\/\\\/schema.org\",\"@graph\":[{\"@type\":\"WebPage\",\"@id\":\"https:\\\/\\\/iberoid-shop.com\\\/pt\\\/product\\\/cenforce-100-mg-1blister-10-pastillas\\\/\",\"url\":\"https:\\\/\\\/iberoid-shop.com\\\/pt\\\/product\\\/cenforce-100-mg-1blister-10-pastillas\\\/\",\"name\":\"Cenforce 100 MG -1blister -10 pastillas - Ester\u00f3ides Online\",\"isPartOf\":{\"@id\":\"https:\\\/\\\/iberoid-shop.com\\\/pt\\\/#website\"},\"primaryImageOfPage\":{\"@id\":\"https:\\\/\\\/iberoid-shop.com\\\/pt\\\/product\\\/cenforce-100-mg-1blister-10-pastillas\\\/#primaryimage\"},\"image\":{\"@id\":\"https:\\\/\\\/iberoid-shop.com\\\/pt\\\/product\\\/cenforce-100-mg-1blister-10-pastillas\\\/#primaryimage\"},\"thumbnailUrl\":\"https:\\\/\\\/iberoid-shop.com\\\/wp-content\\\/uploads\\\/2021\\\/03\\\/cenforce-100-.jpg?v=1678120032\",\"datePublished\":\"2021-03-08T11:52:46+00:00\",\"dateModified\":\"2026-04-08T09:04:59+00:00\",\"description\":\"Cenforce FM 100 mg trata a disfun\u00e7\u00e3o er\u00e9til, aumentando o fluxo sangu\u00edneo para ere\u00e7\u00f5es firmes e duradouras e auxiliando a sa\u00fade pulmonar.\",\"breadcrumb\":{\"@id\":\"https:\\\/\\\/iberoid-shop.com\\\/pt\\\/product\\\/cenforce-100-mg-1blister-10-pastillas\\\/#breadcrumb\"},\"inLanguage\":\"pt-PT\",\"potentialAction\":[{\"@type\":\"ReadAction\",\"target\":[[\"https:\\\/\\\/iberoid-shop.com\\\/pt\\\/product\\\/cenforce-100-mg-1blister-10-pastillas\\\/\"]]}]},{\"@type\":\"ImageObject\",\"inLanguage\":\"pt-PT\",\"@id\":\"https:\\\/\\\/iberoid-shop.com\\\/pt\\\/product\\\/cenforce-100-mg-1blister-10-pastillas\\\/#primaryimage\",\"url\":\"https:\\\/\\\/iberoid-shop.com\\\/wp-content\\\/uploads\\\/2021\\\/03\\\/cenforce-100-.jpg?v=1678120032\",\"contentUrl\":\"https:\\\/\\\/iberoid-shop.com\\\/wp-content\\\/uploads\\\/2021\\\/03\\\/cenforce-100-.jpg?v=1678120032\",\"width\":800,\"height\":800},{\"@type\":\"BreadcrumbList\",\"@id\":\"https:\\\/\\\/iberoid-shop.com\\\/pt\\\/product\\\/cenforce-100-mg-1blister-10-pastillas\\\/#breadcrumb\",\"itemListElement\":[{\"@type\":\"ListItem\",\"position\":1,\"name\":\"Portada\",\"item\":\"https:\\\/\\\/iberoid-shop.com\\\/pt\\\/\"},{\"@type\":\"ListItem\",\"position\":2,\"name\":\"Loja\",\"item\":\"https:\\\/\\\/iberoid-shop.com\\\/pt\\\/shop\\\/\"},{\"@type\":\"ListItem\",\"position\":3,\"name\":\"Cenforce 100 MG -1blister -10 pastillas\"}]},{\"@type\":\"WebSite\",\"@id\":\"https:\\\/\\\/iberoid-shop.com\\\/pt\\\/#website\",\"url\":\"https:\\\/\\\/iberoid-shop.com\\\/pt\\\/\",\"name\":\"Ester\u00f3ides Online\",\"description\":\"Compre ester\u00f3ides online hoje em Espanha e Portugal. Temos o melhor servi\u00e7o ao cliente do setor e produtos da mais alta qualidade\",\"potentialAction\":[{\"@type\":\"SearchAction\",\"target\":{\"@type\":\"EntryPoint\",\"urlTemplate\":\"https:\\\/\\\/iberoid-shop.com\\\/pt\\\/?s={search_term_string}\"},\"query-input\":{\"@type\":\"PropertyValueSpecification\",\"valueRequired\":true,\"valueName\":\"search_term_string\"}}],\"inLanguage\":\"pt-PT\"}]}<\/script>\n<meta property=\"product:brand\" content=\"Centurion Laboratories\" \/>\n<meta property=\"product:price:amount\" content=\"15.00\" \/>\n<meta property=\"product:price:currency\" content=\"EUR\" \/>\n<meta property=\"og:availability\" content=\"instock\" \/>\n<meta property=\"product:availability\" content=\"instock\" \/>\n<meta property=\"product:condition\" content=\"new\" \/>\n<!-- \/ Yoast SEO Premium plugin. -->","yoast_head_json":{"title":"Cenforce 100 MG -1blister -10 pastillas - Ester\u00f3ides Online","description":"Cenforce FM 100 mg trata a disfun\u00e7\u00e3o er\u00e9til, aumentando o fluxo sangu\u00edneo para ere\u00e7\u00f5es firmes e duradouras e auxiliando a sa\u00fade pulmonar.","robots":{"index":"index","follow":"follow","max-snippet":"max-snippet:-1","max-image-preview":"max-image-preview:large","max-video-preview":"max-video-preview:-1"},"canonical":"https:\/\/iberoid-shop.com\/pt\/product\/cenforce-100-mg-1blister-10-pastillas\/","og_locale":"pt_PT","og_type":"article","og_title":"Cenforce 100 MG -1blister -10 pastillas","og_description":"Cenforce FM 100 mg trata a disfun\u00e7\u00e3o er\u00e9til, aumentando o fluxo sangu\u00edneo para ere\u00e7\u00f5es firmes e duradouras e auxiliando a sa\u00fade pulmonar.","og_url":"https:\/\/iberoid-shop.com\/pt\/product\/cenforce-100-mg-1blister-10-pastillas\/","og_site_name":"Ester\u00f3ides Online","article_modified_time":"2026-04-08T09:04:59+00:00","og_image":[{"width":800,"height":800,"url":"https:\/\/iberoid-shop.com\/wp-content\/uploads\/2021\/03\/cenforce-100-.jpg?v=1678120032","type":"image\/jpeg"}],"twitter_card":"summary_large_image","twitter_misc":{"pre\u00e7o":"&euro;15.00","Disponibilidade":"Em stock"},"schema":{"@context":"https:\/\/schema.org","@graph":[{"@type":"WebPage","@id":"https:\/\/iberoid-shop.com\/pt\/product\/cenforce-100-mg-1blister-10-pastillas\/","url":"https:\/\/iberoid-shop.com\/pt\/product\/cenforce-100-mg-1blister-10-pastillas\/","name":"Cenforce 100 MG -1blister -10 pastillas - Ester\u00f3ides Online","isPartOf":{"@id":"https:\/\/iberoid-shop.com\/pt\/#website"},"primaryImageOfPage":{"@id":"https:\/\/iberoid-shop.com\/pt\/product\/cenforce-100-mg-1blister-10-pastillas\/#primaryimage"},"image":{"@id":"https:\/\/iberoid-shop.com\/pt\/product\/cenforce-100-mg-1blister-10-pastillas\/#primaryimage"},"thumbnailUrl":"https:\/\/iberoid-shop.com\/wp-content\/uploads\/2021\/03\/cenforce-100-.jpg?v=1678120032","datePublished":"2021-03-08T11:52:46+00:00","dateModified":"2026-04-08T09:04:59+00:00","description":"Cenforce FM 100 mg trata a disfun\u00e7\u00e3o er\u00e9til, aumentando o fluxo sangu\u00edneo para ere\u00e7\u00f5es firmes e duradouras e auxiliando a sa\u00fade pulmonar.","breadcrumb":{"@id":"https:\/\/iberoid-shop.com\/pt\/product\/cenforce-100-mg-1blister-10-pastillas\/#breadcrumb"},"inLanguage":"pt-PT","potentialAction":[{"@type":"ReadAction","target":[["https:\/\/iberoid-shop.com\/pt\/product\/cenforce-100-mg-1blister-10-pastillas\/"]]}]},{"@type":"ImageObject","inLanguage":"pt-PT","@id":"https:\/\/iberoid-shop.com\/pt\/product\/cenforce-100-mg-1blister-10-pastillas\/#primaryimage","url":"https:\/\/iberoid-shop.com\/wp-content\/uploads\/2021\/03\/cenforce-100-.jpg?v=1678120032","contentUrl":"https:\/\/iberoid-shop.com\/wp-content\/uploads\/2021\/03\/cenforce-100-.jpg?v=1678120032","width":800,"height":800},{"@type":"BreadcrumbList","@id":"https:\/\/iberoid-shop.com\/pt\/product\/cenforce-100-mg-1blister-10-pastillas\/#breadcrumb","itemListElement":[{"@type":"ListItem","position":1,"name":"Portada","item":"https:\/\/iberoid-shop.com\/pt\/"},{"@type":"ListItem","position":2,"name":"Loja","item":"https:\/\/iberoid-shop.com\/pt\/shop\/"},{"@type":"ListItem","position":3,"name":"Cenforce 100 MG -1blister -10 pastillas"}]},{"@type":"WebSite","@id":"https:\/\/iberoid-shop.com\/pt\/#website","url":"https:\/\/iberoid-shop.com\/pt\/","name":"Ester\u00f3ides Online","description":"Compre ester\u00f3ides online hoje em Espanha e Portugal. Temos o melhor servi\u00e7o ao cliente do setor e produtos da mais alta qualidade","potentialAction":[{"@type":"SearchAction","target":{"@type":"EntryPoint","urlTemplate":"https:\/\/iberoid-shop.com\/pt\/?s={search_term_string}"},"query-input":{"@type":"PropertyValueSpecification","valueRequired":true,"valueName":"search_term_string"}}],"inLanguage":"pt-PT"}]},"product_brand":"Centurion Laboratories","product_price_amount":"15.00","product_price_currency":"EUR","og_availability":"instock","product_availability":"instock","product_condition":"new"},"_links":{"self":[{"href":"https:\/\/iberoid-shop.com\/pt\/wp-json\/wp\/v2\/product\/5820","targetHints":{"allow":["GET"]}}],"collection":[{"href":"https:\/\/iberoid-shop.com\/pt\/wp-json\/wp\/v2\/product"}],"about":[{"href":"https:\/\/iberoid-shop.com\/pt\/wp-json\/wp\/v2\/types\/product"}],"replies":[{"embeddable":true,"href":"https:\/\/iberoid-shop.com\/pt\/wp-json\/wp\/v2\/comments?post=5820"}],"wp:featuredmedia":[{"embeddable":true,"href":"https:\/\/iberoid-shop.com\/pt\/wp-json\/wp\/v2\/media\/5821"}],"wp:attachment":[{"href":"https:\/\/iberoid-shop.com\/pt\/wp-json\/wp\/v2\/media?parent=5820"}],"wp:term":[{"taxonomy":"product_brand","embeddable":true,"href":"https:\/\/iberoid-shop.com\/pt\/wp-json\/wp\/v2\/product_brand?post=5820"},{"taxonomy":"product_cat","embeddable":true,"href":"https:\/\/iberoid-shop.com\/pt\/wp-json\/wp\/v2\/product_cat?post=5820"},{"taxonomy":"product_tag","embeddable":true,"href":"https:\/\/iberoid-shop.com\/pt\/wp-json\/wp\/v2\/product_tag?post=5820"}],"curies":[{"name":"wp","href":"https:\/\/api.w.org\/{rel}","templated":true}]}}