{"id":5539,"date":"2020-12-24T15:29:47","date_gmt":"2020-12-24T15:29:47","guid":{"rendered":"https:\/\/iberoid-shop.com\/?post_type=product&#038;p=5539"},"modified":"2026-03-10T15:20:21","modified_gmt":"2026-03-10T15:20:21","slug":"te-ject-250-10ml-testosterone-enanthate-1ml-250mg","status":"publish","type":"product","link":"https:\/\/iberoid-shop.com\/pt\/product\/te-ject-250-10ml-testosterone-enanthate-1ml-250mg\/","title":{"rendered":"Testosterone enanthate TE-JECT 250"},"content":{"rendered":"<p>O enantato de testosterona pode ser muito eficaz para atletas, mas tamb\u00e9m eficaz em ambiente m\u00e9dico. Esta testosterona aromatizada \u00e9 muito r\u00e1pida e foi desenvolvida para tratar pacientes que sofrem de baixa testosterona, mas tamb\u00e9m tem aplica\u00e7\u00f5es incr\u00edveis para melhorar o desempenho. Embora pequenas doses possam ajudar na terapia de reposi\u00e7\u00e3o de testosterona, em \u00faltima an\u00e1lise, as doses maiores s\u00e3o muito eficazes para criar ganhos de desempenho.<\/p>\n<p>Existem alguns atletas que ainda optam por empilhar esta testosterona b\u00e1sica com treinamento pesado e outro \u00e9ster de testosterona ou medica\u00e7\u00e3o oral para resultados mais eficazes. Voc\u00ea pode come\u00e7ar a ver ganhos muito altos logo em um ciclo que persistir\u00e1 por semanas a fio. A parte boa sobre este Ester \u00e9 que ele cria resultados lentos e controlados, o que significa que voc\u00ea pode desfrutar de ciclos mais longos.<\/p>\n<p>Efeitos:<\/p>\n<p>&nbsp;<\/p>\n<p>Os atletas que tomam doses maiores desta testosterona t\u00eam uma maior sensa\u00e7\u00e3o de bem-estar, a capacidade de levar mais longe seu treinamento e ganhos massivos no que diz respeito \u00e0 massa muscular e peso geral. O ester\u00f3ide foi desenvolvido para aromatizar esses grandes volumes e, como resultado, muitas vezes os atletas precisar\u00e3o tomar algum tipo de medicamento antiestrog\u00eanio para controlar a qu\u00edmica corporal. A PCT adequada tamb\u00e9m \u00e9 necess\u00e1ria com essas doses extras se voc\u00ea estiver planejando fazer um ciclo longo, porque levar\u00e1 algum tempo para seu corpo se reajustar para produzir testosterona natural novamente.<\/p>\n<p>Esta testosterona pode produzir resultados dram\u00e1ticos, mas n\u00e3o \u00e9 t\u00e3o dram\u00e1tico quanto alguns outros produtos no mercado para empilhar em tamanho e for\u00e7a inicialmente. Enanthate de teste se tornou uma escolha muito popular entre muitos novos usu\u00e1rios de ester\u00f3ides porque tem uma libera\u00e7\u00e3o gradual que \u00e9 f\u00e1cil de controlar e uma toler\u00e2ncia relativamente alta para doses.<\/p>\n<p>Isso significa que voc\u00ea pode obter resultados mais naturais em vez de ganhos r\u00e1pidos, o que \u00e9 muito importante para muitos usu\u00e1rios de ester\u00f3ides pela primeira vez.<\/p>","protected":false},"excerpt":{"rendered":"<p>O enantato de testosterona pode ser muito eficaz para atletas, mas tamb\u00e9m eficaz em ambiente m\u00e9dico. Esta testosterona aromatizada \u00e9<\/p>\n","protected":false},"featured_media":5540,"comment_status":"open","ping_status":"closed","template":"","meta":[],"product_brand":[3530],"product_cat":[69],"product_tag":[],"class_list":{"0":"post-5539","1":"product","2":"type-product","3":"status-publish","4":"has-post-thumbnail","6":"product_brand-mp-pharm-muscle-pharm","7":"product_cat-esteroides_inyectables","9":"first","10":"instock","11":"sale","12":"shipping-taxable","13":"purchasable","14":"product-type-simple"},"yoast_head":"<!-- This site is optimized with the Yoast SEO Premium plugin v24.4 (Yoast SEO v27.3) - https:\/\/yoast.com\/product\/yoast-seo-premium-wordpress\/ -->\n<title>Testosterone enanthate TE-JECT 250 - Ester\u00f3ides Online<\/title>\n<meta name=\"description\" content=\"O Enantato de Testosterona \u00e9 um esteroide base popular e eficaz para massa muscular, ganhos de for\u00e7a e bem-estar, com libera\u00e7\u00e3o controlada para ciclos mais longos.\" \/>\n<meta name=\"robots\" content=\"index, follow, max-snippet:-1, max-image-preview:large, max-video-preview:-1\" \/>\n<link rel=\"canonical\" href=\"https:\/\/iberoid-shop.com\/pt\/product\/te-ject-250-10ml-testosterone-enanthate-1ml-250mg\/\" \/>\n<meta property=\"og:locale\" content=\"pt_PT\" \/>\n<meta property=\"og:type\" content=\"article\" \/>\n<meta property=\"og:title\" content=\"Testosterone enanthate TE-JECT 250\" \/>\n<meta property=\"og:description\" content=\"O Enantato de Testosterona \u00e9 um esteroide base popular e eficaz para massa muscular, ganhos de for\u00e7a e bem-estar, com libera\u00e7\u00e3o controlada para ciclos mais longos.\" \/>\n<meta property=\"og:url\" content=\"https:\/\/iberoid-shop.com\/pt\/product\/te-ject-250-10ml-testosterone-enanthate-1ml-250mg\/\" \/>\n<meta property=\"og:site_name\" content=\"Ester\u00f3ides Online\" \/>\n<meta property=\"article:modified_time\" content=\"2026-03-10T15:20:21+00:00\" \/>\n<meta property=\"og:image\" content=\"https:\/\/iberoid-shop.com\/wp-content\/uploads\/2020\/12\/teject-scaled.jpg?v=1678120069\" \/>\n\t<meta property=\"og:image:width\" content=\"2560\" \/>\n\t<meta property=\"og:image:height\" content=\"2058\" \/>\n\t<meta property=\"og:image:type\" content=\"image\/jpeg\" \/>\n<meta name=\"twitter:card\" content=\"summary_large_image\" \/>\n<meta name=\"twitter:label1\" content=\"pre\u00e7o\" \/>\n\t<meta name=\"twitter:data1\" content=\"&euro;30.00\" \/>\n\t<meta name=\"twitter:label2\" content=\"Disponibilidade\" \/>\n\t<meta name=\"twitter:data2\" content=\"Em stock\" \/>\n<script type=\"application\/ld+json\" class=\"yoast-schema-graph\">{\"@context\":\"https:\\\/\\\/schema.org\",\"@graph\":[{\"@type\":\"WebPage\",\"@id\":\"https:\\\/\\\/iberoid-shop.com\\\/pt\\\/product\\\/te-ject-250-10ml-testosterone-enanthate-1ml-250mg\\\/\",\"url\":\"https:\\\/\\\/iberoid-shop.com\\\/pt\\\/product\\\/te-ject-250-10ml-testosterone-enanthate-1ml-250mg\\\/\",\"name\":\"Testosterone enanthate TE-JECT 250 - Ester\u00f3ides Online\",\"isPartOf\":{\"@id\":\"https:\\\/\\\/iberoid-shop.com\\\/pt\\\/#website\"},\"primaryImageOfPage\":{\"@id\":\"https:\\\/\\\/iberoid-shop.com\\\/pt\\\/product\\\/te-ject-250-10ml-testosterone-enanthate-1ml-250mg\\\/#primaryimage\"},\"image\":{\"@id\":\"https:\\\/\\\/iberoid-shop.com\\\/pt\\\/product\\\/te-ject-250-10ml-testosterone-enanthate-1ml-250mg\\\/#primaryimage\"},\"thumbnailUrl\":\"https:\\\/\\\/iberoid-shop.com\\\/wp-content\\\/uploads\\\/2020\\\/12\\\/teject-scaled.jpg?v=1678120069\",\"datePublished\":\"2020-12-24T15:29:47+00:00\",\"dateModified\":\"2026-03-10T15:20:21+00:00\",\"description\":\"O Enantato de Testosterona \u00e9 um esteroide base popular e eficaz para massa muscular, ganhos de for\u00e7a e bem-estar, com libera\u00e7\u00e3o controlada para ciclos mais longos.\",\"breadcrumb\":{\"@id\":\"https:\\\/\\\/iberoid-shop.com\\\/pt\\\/product\\\/te-ject-250-10ml-testosterone-enanthate-1ml-250mg\\\/#breadcrumb\"},\"inLanguage\":\"pt-PT\",\"potentialAction\":[{\"@type\":\"ReadAction\",\"target\":[[\"https:\\\/\\\/iberoid-shop.com\\\/pt\\\/product\\\/te-ject-250-10ml-testosterone-enanthate-1ml-250mg\\\/\"]]}]},{\"@type\":\"ImageObject\",\"inLanguage\":\"pt-PT\",\"@id\":\"https:\\\/\\\/iberoid-shop.com\\\/pt\\\/product\\\/te-ject-250-10ml-testosterone-enanthate-1ml-250mg\\\/#primaryimage\",\"url\":\"https:\\\/\\\/iberoid-shop.com\\\/wp-content\\\/uploads\\\/2020\\\/12\\\/teject-scaled.jpg?v=1678120069\",\"contentUrl\":\"https:\\\/\\\/iberoid-shop.com\\\/wp-content\\\/uploads\\\/2020\\\/12\\\/teject-scaled.jpg?v=1678120069\",\"width\":2560,\"height\":2058},{\"@type\":\"BreadcrumbList\",\"@id\":\"https:\\\/\\\/iberoid-shop.com\\\/pt\\\/product\\\/te-ject-250-10ml-testosterone-enanthate-1ml-250mg\\\/#breadcrumb\",\"itemListElement\":[{\"@type\":\"ListItem\",\"position\":1,\"name\":\"Portada\",\"item\":\"https:\\\/\\\/iberoid-shop.com\\\/pt\\\/\"},{\"@type\":\"ListItem\",\"position\":2,\"name\":\"Loja\",\"item\":\"https:\\\/\\\/iberoid-shop.com\\\/pt\\\/shop\\\/\"},{\"@type\":\"ListItem\",\"position\":3,\"name\":\"Testosterone enanthate TE-JECT 250\"}]},{\"@type\":\"WebSite\",\"@id\":\"https:\\\/\\\/iberoid-shop.com\\\/pt\\\/#website\",\"url\":\"https:\\\/\\\/iberoid-shop.com\\\/pt\\\/\",\"name\":\"Ester\u00f3ides Online\",\"description\":\"Compre ester\u00f3ides online hoje em Espanha e Portugal. Temos o melhor servi\u00e7o ao cliente do setor e produtos da mais alta qualidade\",\"potentialAction\":[{\"@type\":\"SearchAction\",\"target\":{\"@type\":\"EntryPoint\",\"urlTemplate\":\"https:\\\/\\\/iberoid-shop.com\\\/pt\\\/?s={search_term_string}\"},\"query-input\":{\"@type\":\"PropertyValueSpecification\",\"valueRequired\":true,\"valueName\":\"search_term_string\"}}],\"inLanguage\":\"pt-PT\"}]}<\/script>\n<meta property=\"product:brand\" content=\"Muscle Pharm\" \/>\n<meta property=\"product:price:amount\" content=\"30.00\" \/>\n<meta property=\"product:price:currency\" content=\"EUR\" \/>\n<meta property=\"og:availability\" content=\"instock\" \/>\n<meta property=\"product:availability\" content=\"instock\" \/>\n<meta property=\"product:condition\" content=\"new\" \/>\n<!-- \/ Yoast SEO Premium plugin. -->","yoast_head_json":{"title":"Testosterone enanthate TE-JECT 250 - Ester\u00f3ides Online","description":"O Enantato de Testosterona \u00e9 um esteroide base popular e eficaz para massa muscular, ganhos de for\u00e7a e bem-estar, com libera\u00e7\u00e3o controlada para ciclos mais longos.","robots":{"index":"index","follow":"follow","max-snippet":"max-snippet:-1","max-image-preview":"max-image-preview:large","max-video-preview":"max-video-preview:-1"},"canonical":"https:\/\/iberoid-shop.com\/pt\/product\/te-ject-250-10ml-testosterone-enanthate-1ml-250mg\/","og_locale":"pt_PT","og_type":"article","og_title":"Testosterone enanthate TE-JECT 250","og_description":"O Enantato de Testosterona \u00e9 um esteroide base popular e eficaz para massa muscular, ganhos de for\u00e7a e bem-estar, com libera\u00e7\u00e3o controlada para ciclos mais longos.","og_url":"https:\/\/iberoid-shop.com\/pt\/product\/te-ject-250-10ml-testosterone-enanthate-1ml-250mg\/","og_site_name":"Ester\u00f3ides Online","article_modified_time":"2026-03-10T15:20:21+00:00","og_image":[{"width":2560,"height":2058,"url":"https:\/\/iberoid-shop.com\/wp-content\/uploads\/2020\/12\/teject-scaled.jpg?v=1678120069","type":"image\/jpeg"}],"twitter_card":"summary_large_image","twitter_misc":{"pre\u00e7o":"&euro;30.00","Disponibilidade":"Em stock"},"schema":{"@context":"https:\/\/schema.org","@graph":[{"@type":"WebPage","@id":"https:\/\/iberoid-shop.com\/pt\/product\/te-ject-250-10ml-testosterone-enanthate-1ml-250mg\/","url":"https:\/\/iberoid-shop.com\/pt\/product\/te-ject-250-10ml-testosterone-enanthate-1ml-250mg\/","name":"Testosterone enanthate TE-JECT 250 - Ester\u00f3ides Online","isPartOf":{"@id":"https:\/\/iberoid-shop.com\/pt\/#website"},"primaryImageOfPage":{"@id":"https:\/\/iberoid-shop.com\/pt\/product\/te-ject-250-10ml-testosterone-enanthate-1ml-250mg\/#primaryimage"},"image":{"@id":"https:\/\/iberoid-shop.com\/pt\/product\/te-ject-250-10ml-testosterone-enanthate-1ml-250mg\/#primaryimage"},"thumbnailUrl":"https:\/\/iberoid-shop.com\/wp-content\/uploads\/2020\/12\/teject-scaled.jpg?v=1678120069","datePublished":"2020-12-24T15:29:47+00:00","dateModified":"2026-03-10T15:20:21+00:00","description":"O Enantato de Testosterona \u00e9 um esteroide base popular e eficaz para massa muscular, ganhos de for\u00e7a e bem-estar, com libera\u00e7\u00e3o controlada para ciclos mais longos.","breadcrumb":{"@id":"https:\/\/iberoid-shop.com\/pt\/product\/te-ject-250-10ml-testosterone-enanthate-1ml-250mg\/#breadcrumb"},"inLanguage":"pt-PT","potentialAction":[{"@type":"ReadAction","target":[["https:\/\/iberoid-shop.com\/pt\/product\/te-ject-250-10ml-testosterone-enanthate-1ml-250mg\/"]]}]},{"@type":"ImageObject","inLanguage":"pt-PT","@id":"https:\/\/iberoid-shop.com\/pt\/product\/te-ject-250-10ml-testosterone-enanthate-1ml-250mg\/#primaryimage","url":"https:\/\/iberoid-shop.com\/wp-content\/uploads\/2020\/12\/teject-scaled.jpg?v=1678120069","contentUrl":"https:\/\/iberoid-shop.com\/wp-content\/uploads\/2020\/12\/teject-scaled.jpg?v=1678120069","width":2560,"height":2058},{"@type":"BreadcrumbList","@id":"https:\/\/iberoid-shop.com\/pt\/product\/te-ject-250-10ml-testosterone-enanthate-1ml-250mg\/#breadcrumb","itemListElement":[{"@type":"ListItem","position":1,"name":"Portada","item":"https:\/\/iberoid-shop.com\/pt\/"},{"@type":"ListItem","position":2,"name":"Loja","item":"https:\/\/iberoid-shop.com\/pt\/shop\/"},{"@type":"ListItem","position":3,"name":"Testosterone enanthate TE-JECT 250"}]},{"@type":"WebSite","@id":"https:\/\/iberoid-shop.com\/pt\/#website","url":"https:\/\/iberoid-shop.com\/pt\/","name":"Ester\u00f3ides Online","description":"Compre ester\u00f3ides online hoje em Espanha e Portugal. Temos o melhor servi\u00e7o ao cliente do setor e produtos da mais alta qualidade","potentialAction":[{"@type":"SearchAction","target":{"@type":"EntryPoint","urlTemplate":"https:\/\/iberoid-shop.com\/pt\/?s={search_term_string}"},"query-input":{"@type":"PropertyValueSpecification","valueRequired":true,"valueName":"search_term_string"}}],"inLanguage":"pt-PT"}]},"product_brand":"Muscle Pharm","product_price_amount":"30.00","product_price_currency":"EUR","og_availability":"instock","product_availability":"instock","product_condition":"new"},"_links":{"self":[{"href":"https:\/\/iberoid-shop.com\/pt\/wp-json\/wp\/v2\/product\/5539","targetHints":{"allow":["GET"]}}],"collection":[{"href":"https:\/\/iberoid-shop.com\/pt\/wp-json\/wp\/v2\/product"}],"about":[{"href":"https:\/\/iberoid-shop.com\/pt\/wp-json\/wp\/v2\/types\/product"}],"replies":[{"embeddable":true,"href":"https:\/\/iberoid-shop.com\/pt\/wp-json\/wp\/v2\/comments?post=5539"}],"wp:featuredmedia":[{"embeddable":true,"href":"https:\/\/iberoid-shop.com\/pt\/wp-json\/wp\/v2\/media\/5540"}],"wp:attachment":[{"href":"https:\/\/iberoid-shop.com\/pt\/wp-json\/wp\/v2\/media?parent=5539"}],"wp:term":[{"taxonomy":"product_brand","embeddable":true,"href":"https:\/\/iberoid-shop.com\/pt\/wp-json\/wp\/v2\/product_brand?post=5539"},{"taxonomy":"product_cat","embeddable":true,"href":"https:\/\/iberoid-shop.com\/pt\/wp-json\/wp\/v2\/product_cat?post=5539"},{"taxonomy":"product_tag","embeddable":true,"href":"https:\/\/iberoid-shop.com\/pt\/wp-json\/wp\/v2\/product_tag?post=5539"}],"curies":[{"name":"wp","href":"https:\/\/api.w.org\/{rel}","templated":true}]}}