{"id":5537,"date":"2020-12-24T15:27:39","date_gmt":"2020-12-24T15:27:39","guid":{"rendered":"https:\/\/iberoid-shop.com\/?post_type=product&#038;p=5537"},"modified":"2026-01-11T18:02:35","modified_gmt":"2026-01-11T18:02:35","slug":"pr-ject-100-10ml-methenolone-enanthate-1ml-100mg-primobolan","status":"publish","type":"product","link":"https:\/\/iberoid-shop.com\/pt\/product\/pr-ject-100-10ml-methenolone-enanthate-1ml-100mg-primobolan\/","title":{"rendered":"PRIMOBOLAN PR-JECT 100"},"content":{"rendered":"<p>Primobolan \u00e9 um dos planos de ester\u00f3ides anabolizantes mais f\u00e1ceis e seguros dispon\u00edveis no mercado hoje. Embora este n\u00e3o seja o horm\u00f4nio t\u00edpico que muitos considerariam um ester\u00f3ide b\u00e1sico para muitos atletas, ele tem alguns benef\u00edcios excelentes quando se trata de um suplemento para ester\u00f3ides anabolizantes. Primobolan funciona especialmente bem quando se trata de atletas do sexo feminino, bem como para melhorar o desempenho e o f\u00edsico em conjunto com um ester\u00f3ide b\u00e1sico.<\/p>\n<p>Primobolan \u00e9 geralmente usado para crescimento moderado ou para per\u00edodos de corte em homens e em doses muito pequenas, mas para mulheres pode ter alguns resultados extremamente explosivos. Muitas mulheres usam Primobolan fora da temporada para cultivo em massa e para obter enormes ganhos atl\u00e9ticos em ciclos curtos.<\/p>\n<p>Efeitos:<\/p>\n<p>Quando usado em conjunto com outros ester\u00f3ides, Primobolan pode trazer o melhor em todos os ciclos de corte e melhorias atl\u00e9ticas. Muitos fisiculturistas usam regularmente com Anavar, Trenbolone e winstrol para melhorar o poder de corte e for\u00e7a geral. Para mulheres em ciclos curtos e concisos, Primobolan pode ser extremamente ben\u00e9fico por si s\u00f3. Muitos at\u00e9 relatam que observam grandes melhorias na pot\u00eancia atl\u00e9tica e no volume quando tomam doses moderadas. Primobolan funciona melhor sozinho em mulheres, mas pode ajudar os homens a obter resultados explosivos quando est\u00e3o usando outros tipos de ester\u00f3ides.<\/p>\n<p>Doses:<\/p>\n<p>A maioria das mulheres geralmente toma cerca de 20 a 50 mg por dia em quatro semanas em um ciclo de quatro semanas sem. Os homens geralmente administram entre 25 a 50 mg por dia quando usados \u200b\u200bem conjunto com outros ester\u00f3ides. \u00c9 importante n\u00e3o administrar uma dose muito superior a 50 mg por dia, pois isso pode levar a altera\u00e7\u00f5es hormonais permanentes que podem ser dif\u00edceis de compensar com a PCT adequada.<\/p>\n<p>Ciclos:<\/p>\n<p>As mulheres geralmente se beneficiam mais de ciclos curtos e repetitivos usando Primobolan. Faz\u00ea-lo por quatro semanas e depois tirar quatro semanas de folga e come\u00e7ar um ciclo novamente parece criar os melhores resultados poss\u00edveis. Os homens, por outro lado, geralmente introduzem Primobolan em ciclos alternados com ester\u00f3ides ou simplesmente durante as fases de corte para obter os resultados mais impactantes.<\/p>","protected":false},"excerpt":{"rendered":"<p>Primobolan \u00e9 um dos planos de ester\u00f3ides anabolizantes mais f\u00e1ceis e seguros dispon\u00edveis no mercado hoje. Embora este n\u00e3o seja<\/p>\n","protected":false},"featured_media":5538,"comment_status":"open","ping_status":"closed","template":"","meta":[],"product_brand":[],"product_cat":[69],"product_tag":[],"class_list":{"0":"post-5537","1":"product","2":"type-product","3":"status-publish","4":"has-post-thumbnail","6":"product_cat-esteroides_inyectables","8":"first","9":"instock","10":"sale","11":"shipping-taxable","12":"purchasable","13":"product-type-simple"},"yoast_head":"<!-- This site is optimized with the Yoast SEO Premium plugin v24.4 (Yoast SEO v27.3) - https:\/\/yoast.com\/product\/yoast-seo-premium-wordpress\/ -->\n<title>PRIMOBOLAN PR-JECT 100 - Ester\u00f3ides Online<\/title>\n<meta name=\"robots\" content=\"index, follow, max-snippet:-1, max-image-preview:large, max-video-preview:-1\" \/>\n<link rel=\"canonical\" href=\"https:\/\/iberoid-shop.com\/pt\/product\/pr-ject-100-10ml-methenolone-enanthate-1ml-100mg-primobolan\/\" \/>\n<meta property=\"og:locale\" content=\"pt_PT\" \/>\n<meta property=\"og:type\" content=\"article\" \/>\n<meta property=\"og:title\" content=\"PRIMOBOLAN PR-JECT 100\" \/>\n<meta property=\"og:description\" content=\"Primobolan \u00e9 um dos planos de ester\u00f3ides anabolizantes mais f\u00e1ceis e seguros dispon\u00edveis no mercado hoje. Embora este n\u00e3o seja\" \/>\n<meta property=\"og:url\" content=\"https:\/\/iberoid-shop.com\/pt\/product\/pr-ject-100-10ml-methenolone-enanthate-1ml-100mg-primobolan\/\" \/>\n<meta property=\"og:site_name\" content=\"Ester\u00f3ides Online\" \/>\n<meta property=\"article:modified_time\" content=\"2026-01-11T18:02:35+00:00\" \/>\n<meta property=\"og:image\" content=\"https:\/\/iberoid-shop.com\/wp-content\/uploads\/2020\/12\/prject-scaled.jpg?v=1754242606\" \/>\n\t<meta property=\"og:image:width\" content=\"2560\" \/>\n\t<meta property=\"og:image:height\" content=\"2058\" \/>\n\t<meta property=\"og:image:type\" content=\"image\/jpeg\" \/>\n<meta name=\"twitter:card\" content=\"summary_large_image\" \/>\n<meta name=\"twitter:label1\" content=\"pre\u00e7o\" \/>\n\t<meta name=\"twitter:data1\" content=\"&euro;45.00\" \/>\n\t<meta name=\"twitter:label2\" content=\"Disponibilidade\" \/>\n\t<meta name=\"twitter:data2\" content=\"Em stock\" \/>\n<script type=\"application\/ld+json\" class=\"yoast-schema-graph\">{\"@context\":\"https:\\\/\\\/schema.org\",\"@graph\":[{\"@type\":\"WebPage\",\"@id\":\"https:\\\/\\\/iberoid-shop.com\\\/pt\\\/product\\\/pr-ject-100-10ml-methenolone-enanthate-1ml-100mg-primobolan\\\/\",\"url\":\"https:\\\/\\\/iberoid-shop.com\\\/pt\\\/product\\\/pr-ject-100-10ml-methenolone-enanthate-1ml-100mg-primobolan\\\/\",\"name\":\"PRIMOBOLAN PR-JECT 100 - Ester\u00f3ides Online\",\"isPartOf\":{\"@id\":\"https:\\\/\\\/iberoid-shop.com\\\/pt\\\/#website\"},\"primaryImageOfPage\":{\"@id\":\"https:\\\/\\\/iberoid-shop.com\\\/pt\\\/product\\\/pr-ject-100-10ml-methenolone-enanthate-1ml-100mg-primobolan\\\/#primaryimage\"},\"image\":{\"@id\":\"https:\\\/\\\/iberoid-shop.com\\\/pt\\\/product\\\/pr-ject-100-10ml-methenolone-enanthate-1ml-100mg-primobolan\\\/#primaryimage\"},\"thumbnailUrl\":\"https:\\\/\\\/iberoid-shop.com\\\/wp-content\\\/uploads\\\/2020\\\/12\\\/prject-scaled.jpg?v=1754242606\",\"datePublished\":\"2020-12-24T15:27:39+00:00\",\"dateModified\":\"2026-01-11T18:02:35+00:00\",\"breadcrumb\":{\"@id\":\"https:\\\/\\\/iberoid-shop.com\\\/pt\\\/product\\\/pr-ject-100-10ml-methenolone-enanthate-1ml-100mg-primobolan\\\/#breadcrumb\"},\"inLanguage\":\"pt-PT\",\"potentialAction\":[{\"@type\":\"ReadAction\",\"target\":[[\"https:\\\/\\\/iberoid-shop.com\\\/pt\\\/product\\\/pr-ject-100-10ml-methenolone-enanthate-1ml-100mg-primobolan\\\/\"]]}]},{\"@type\":\"ImageObject\",\"inLanguage\":\"pt-PT\",\"@id\":\"https:\\\/\\\/iberoid-shop.com\\\/pt\\\/product\\\/pr-ject-100-10ml-methenolone-enanthate-1ml-100mg-primobolan\\\/#primaryimage\",\"url\":\"https:\\\/\\\/iberoid-shop.com\\\/wp-content\\\/uploads\\\/2020\\\/12\\\/prject-scaled.jpg?v=1754242606\",\"contentUrl\":\"https:\\\/\\\/iberoid-shop.com\\\/wp-content\\\/uploads\\\/2020\\\/12\\\/prject-scaled.jpg?v=1754242606\",\"width\":2560,\"height\":2058},{\"@type\":\"BreadcrumbList\",\"@id\":\"https:\\\/\\\/iberoid-shop.com\\\/pt\\\/product\\\/pr-ject-100-10ml-methenolone-enanthate-1ml-100mg-primobolan\\\/#breadcrumb\",\"itemListElement\":[{\"@type\":\"ListItem\",\"position\":1,\"name\":\"Portada\",\"item\":\"https:\\\/\\\/iberoid-shop.com\\\/pt\\\/\"},{\"@type\":\"ListItem\",\"position\":2,\"name\":\"Loja\",\"item\":\"https:\\\/\\\/iberoid-shop.com\\\/pt\\\/shop\\\/\"},{\"@type\":\"ListItem\",\"position\":3,\"name\":\"PRIMOBOLAN PR-JECT 100\"}]},{\"@type\":\"WebSite\",\"@id\":\"https:\\\/\\\/iberoid-shop.com\\\/pt\\\/#website\",\"url\":\"https:\\\/\\\/iberoid-shop.com\\\/pt\\\/\",\"name\":\"Ester\u00f3ides Online\",\"description\":\"Compre ester\u00f3ides online hoje em Espanha e Portugal. Temos o melhor servi\u00e7o ao cliente do setor e produtos da mais alta qualidade\",\"potentialAction\":[{\"@type\":\"SearchAction\",\"target\":{\"@type\":\"EntryPoint\",\"urlTemplate\":\"https:\\\/\\\/iberoid-shop.com\\\/pt\\\/?s={search_term_string}\"},\"query-input\":{\"@type\":\"PropertyValueSpecification\",\"valueRequired\":true,\"valueName\":\"search_term_string\"}}],\"inLanguage\":\"pt-PT\"}]}<\/script>\n<meta property=\"product:brand\" content=\"Muscle Pharm\" \/>\n<meta property=\"product:price:amount\" content=\"45.00\" \/>\n<meta property=\"product:price:currency\" content=\"EUR\" \/>\n<meta property=\"og:availability\" content=\"instock\" \/>\n<meta property=\"product:availability\" content=\"instock\" \/>\n<meta property=\"product:condition\" content=\"new\" \/>\n<!-- \/ Yoast SEO Premium plugin. -->","yoast_head_json":{"title":"PRIMOBOLAN PR-JECT 100 - Ester\u00f3ides Online","robots":{"index":"index","follow":"follow","max-snippet":"max-snippet:-1","max-image-preview":"max-image-preview:large","max-video-preview":"max-video-preview:-1"},"canonical":"https:\/\/iberoid-shop.com\/pt\/product\/pr-ject-100-10ml-methenolone-enanthate-1ml-100mg-primobolan\/","og_locale":"pt_PT","og_type":"article","og_title":"PRIMOBOLAN PR-JECT 100","og_description":"Primobolan \u00e9 um dos planos de ester\u00f3ides anabolizantes mais f\u00e1ceis e seguros dispon\u00edveis no mercado hoje. Embora este n\u00e3o seja","og_url":"https:\/\/iberoid-shop.com\/pt\/product\/pr-ject-100-10ml-methenolone-enanthate-1ml-100mg-primobolan\/","og_site_name":"Ester\u00f3ides Online","article_modified_time":"2026-01-11T18:02:35+00:00","og_image":[{"width":2560,"height":2058,"url":"https:\/\/iberoid-shop.com\/wp-content\/uploads\/2020\/12\/prject-scaled.jpg?v=1754242606","type":"image\/jpeg"}],"twitter_card":"summary_large_image","twitter_misc":{"pre\u00e7o":"&euro;45.00","Disponibilidade":"Em stock"},"schema":{"@context":"https:\/\/schema.org","@graph":[{"@type":"WebPage","@id":"https:\/\/iberoid-shop.com\/pt\/product\/pr-ject-100-10ml-methenolone-enanthate-1ml-100mg-primobolan\/","url":"https:\/\/iberoid-shop.com\/pt\/product\/pr-ject-100-10ml-methenolone-enanthate-1ml-100mg-primobolan\/","name":"PRIMOBOLAN PR-JECT 100 - Ester\u00f3ides Online","isPartOf":{"@id":"https:\/\/iberoid-shop.com\/pt\/#website"},"primaryImageOfPage":{"@id":"https:\/\/iberoid-shop.com\/pt\/product\/pr-ject-100-10ml-methenolone-enanthate-1ml-100mg-primobolan\/#primaryimage"},"image":{"@id":"https:\/\/iberoid-shop.com\/pt\/product\/pr-ject-100-10ml-methenolone-enanthate-1ml-100mg-primobolan\/#primaryimage"},"thumbnailUrl":"https:\/\/iberoid-shop.com\/wp-content\/uploads\/2020\/12\/prject-scaled.jpg?v=1754242606","datePublished":"2020-12-24T15:27:39+00:00","dateModified":"2026-01-11T18:02:35+00:00","breadcrumb":{"@id":"https:\/\/iberoid-shop.com\/pt\/product\/pr-ject-100-10ml-methenolone-enanthate-1ml-100mg-primobolan\/#breadcrumb"},"inLanguage":"pt-PT","potentialAction":[{"@type":"ReadAction","target":[["https:\/\/iberoid-shop.com\/pt\/product\/pr-ject-100-10ml-methenolone-enanthate-1ml-100mg-primobolan\/"]]}]},{"@type":"ImageObject","inLanguage":"pt-PT","@id":"https:\/\/iberoid-shop.com\/pt\/product\/pr-ject-100-10ml-methenolone-enanthate-1ml-100mg-primobolan\/#primaryimage","url":"https:\/\/iberoid-shop.com\/wp-content\/uploads\/2020\/12\/prject-scaled.jpg?v=1754242606","contentUrl":"https:\/\/iberoid-shop.com\/wp-content\/uploads\/2020\/12\/prject-scaled.jpg?v=1754242606","width":2560,"height":2058},{"@type":"BreadcrumbList","@id":"https:\/\/iberoid-shop.com\/pt\/product\/pr-ject-100-10ml-methenolone-enanthate-1ml-100mg-primobolan\/#breadcrumb","itemListElement":[{"@type":"ListItem","position":1,"name":"Portada","item":"https:\/\/iberoid-shop.com\/pt\/"},{"@type":"ListItem","position":2,"name":"Loja","item":"https:\/\/iberoid-shop.com\/pt\/shop\/"},{"@type":"ListItem","position":3,"name":"PRIMOBOLAN PR-JECT 100"}]},{"@type":"WebSite","@id":"https:\/\/iberoid-shop.com\/pt\/#website","url":"https:\/\/iberoid-shop.com\/pt\/","name":"Ester\u00f3ides Online","description":"Compre ester\u00f3ides online hoje em Espanha e Portugal. Temos o melhor servi\u00e7o ao cliente do setor e produtos da mais alta qualidade","potentialAction":[{"@type":"SearchAction","target":{"@type":"EntryPoint","urlTemplate":"https:\/\/iberoid-shop.com\/pt\/?s={search_term_string}"},"query-input":{"@type":"PropertyValueSpecification","valueRequired":true,"valueName":"search_term_string"}}],"inLanguage":"pt-PT"}]},"product_brand":"Muscle Pharm","product_price_amount":"45.00","product_price_currency":"EUR","og_availability":"instock","product_availability":"instock","product_condition":"new"},"_links":{"self":[{"href":"https:\/\/iberoid-shop.com\/pt\/wp-json\/wp\/v2\/product\/5537","targetHints":{"allow":["GET"]}}],"collection":[{"href":"https:\/\/iberoid-shop.com\/pt\/wp-json\/wp\/v2\/product"}],"about":[{"href":"https:\/\/iberoid-shop.com\/pt\/wp-json\/wp\/v2\/types\/product"}],"replies":[{"embeddable":true,"href":"https:\/\/iberoid-shop.com\/pt\/wp-json\/wp\/v2\/comments?post=5537"}],"wp:featuredmedia":[{"embeddable":true,"href":"https:\/\/iberoid-shop.com\/pt\/wp-json\/wp\/v2\/media\/5538"}],"wp:attachment":[{"href":"https:\/\/iberoid-shop.com\/pt\/wp-json\/wp\/v2\/media?parent=5537"}],"wp:term":[{"taxonomy":"product_brand","embeddable":true,"href":"https:\/\/iberoid-shop.com\/pt\/wp-json\/wp\/v2\/product_brand?post=5537"},{"taxonomy":"product_cat","embeddable":true,"href":"https:\/\/iberoid-shop.com\/pt\/wp-json\/wp\/v2\/product_cat?post=5537"},{"taxonomy":"product_tag","embeddable":true,"href":"https:\/\/iberoid-shop.com\/pt\/wp-json\/wp\/v2\/product_tag?post=5537"}],"curies":[{"name":"wp","href":"https:\/\/api.w.org\/{rel}","templated":true}]}}