{"id":5384,"date":"2020-10-10T11:57:54","date_gmt":"2020-10-10T11:57:54","guid":{"rendered":"https:\/\/iberoid-shop.com\/?post_type=product&#038;p=5384"},"modified":"2022-12-26T20:25:21","modified_gmt":"2022-12-26T20:25:21","slug":"sp-stanoject","status":"publish","type":"product","link":"https:\/\/iberoid-shop.com\/pt\/product\/sp-stanoject\/","title":{"rendered":"SP STANOJECT"},"content":{"rendered":"<p>Nome do produto: SP Stanoject<br \/>\nFabricante: SP Laboratories<br \/>\nApresenta\u00e7\u00e3o: Pacote de 10ml \/ 50mg \/ ml<br \/>\nSubst\u00e2ncia Ativa: Estanozolol<\/p>\n<p>Vida ativa: Aprox. 8:00<br \/>\nUso sugerido: 20-50mg \/ zi<br \/>\nAcne: N\u00c3O<br \/>\n\u00c1gua retida: N\u00c3O<br \/>\nAlta Tens\u00e3o: N\u00c3O<br \/>\nToxicidade hep\u00e1tica: somente em altas doses<br \/>\nConvers\u00e3o DHT: N\u00e3o<br \/>\nAromatizante: N\u00c3O<br \/>\nTeste de inibi\u00e7\u00e3o pr\u00f3pria: Baixo<\/p>\n<p>Stanazololul em si \u00e9 um derivado da dihidrotestosterona (DHT), tanto oral quanto a forma injet\u00e1vel \u00e9 C17-alfa-alquilante torna este curso uma inje\u00e7\u00e3o moderada como o f\u00edgado e toxicidade oral apenas em altas doses. A forma injet\u00e1vel \u00e9 id\u00eantica \u00e0 oral, a forma injet\u00e1vel desta raz\u00e3o foi freq\u00fcentemente usada como oral. Por que algu\u00e9m iria<br \/>\neste? pois todos os ester\u00f3ides C17-alfa-alquilantes passam pelo f\u00edgado, pois a desativa\u00e7\u00e3o causa aumento na produ\u00e7\u00e3o de IGF1, portanto, 30 mg de Dianabol por via oral diariamente (210 mg por semana) \u00e9 um melhor formador de massa e for\u00e7a do que 400 mg de enantato de testosterona.<\/p>\n<p>O estanozolol \u00e9 altamente anab\u00f3lico \/ androg\u00eanico moderado que causa um aumento real na s\u00edntese de prote\u00ednas e reten\u00e7\u00e3o de nitrog\u00eanio. Como n\u00e3o convertemos em estrog\u00eanio, n\u00e3o ocorrer\u00e3o reten\u00e7\u00e3o de \u00e1gua, ginecomastia e dep\u00f3sitos espec\u00edficos de gordura. Uma dieta rica em prote\u00ednas 3-4g \/ kg \/ zilnic \u00e9 necess\u00e1ria para obter os melhores resultados. \u00c9 usado como ester\u00f3ide para ganhos r\u00e1pidos de peso, mas os ganhos ideais para massa cont\u00ednua lenta e muito qualitativa s\u00e3o bem retidos ap\u00f3s a interrup\u00e7\u00e3o da dieta. Muitos competidores fora do mar usam Winstrol para as propriedades anab\u00f3licas da testosterona.<\/p>\n<p>Muitos usaram Winstrol (Estanozolol) como ester\u00f3ide antes do concurso, quando 50-100mg a cada 1-2 dias foi associado a 75mg de acetato de trembolona em 1-2 dias, os resultados foram not\u00e1veis.<br \/>\nMuitos tamb\u00e9m adicionaram Masteron, boldenona e propionato de testosterona com a adi\u00e7\u00e3o de antiestrog\u00eanio para controlar o sabor e a reten\u00e7\u00e3o de \u00e1gua.<\/p>\n<p>Uma vez que o estanozolol produziu um aumento surpreendente na for\u00e7a, tamb\u00e9m \u00e9 usado em ciclos de massa. Muitos iniciantes tiveram ganhos significativos com a combina\u00e7\u00e3o de 50 mg de Winstrol a cada dois dias com 100 mg de Primobolan 2-3 dias ou Deca Durabolin 200-400 mg por semana. O dep\u00f3sito de Winstrol tamb\u00e9m \u00e9 usado para aumentar o local da inje\u00e7\u00e3o, o que o torna adequado em problemas com grupos fracos.<\/p>","protected":false},"excerpt":{"rendered":"<p>Nome do produto: SP Stanoject Fabricante: SP Laboratories Apresenta\u00e7\u00e3o: Pacote de 10ml \/ 50mg \/ ml Subst\u00e2ncia Ativa: Estanozolol Vida<\/p>\n","protected":false},"featured_media":5385,"comment_status":"open","ping_status":"closed","template":"","meta":[],"product_brand":[],"product_cat":[69],"product_tag":[],"class_list":{"0":"post-5384","1":"product","2":"type-product","3":"status-publish","4":"has-post-thumbnail","6":"product_cat-esteroides_inyectables","8":"first","9":"outofstock","10":"sale","11":"shipping-taxable","12":"purchasable","13":"product-type-simple"},"yoast_head":"<!-- This site is optimized with the Yoast SEO Premium plugin v24.4 (Yoast SEO v27.3) - https:\/\/yoast.com\/product\/yoast-seo-premium-wordpress\/ -->\n<title>SP STANOJECT - Ester\u00f3ides Online<\/title>\n<meta name=\"robots\" content=\"index, follow, max-snippet:-1, max-image-preview:large, max-video-preview:-1\" \/>\n<link rel=\"canonical\" href=\"https:\/\/iberoid-shop.com\/pt\/product\/sp-stanoject\/\" \/>\n<meta property=\"og:locale\" content=\"pt_PT\" \/>\n<meta property=\"og:type\" content=\"article\" \/>\n<meta property=\"og:title\" content=\"SP STANOJECT\" \/>\n<meta property=\"og:description\" content=\"Nome do produto: SP Stanoject Fabricante: SP Laboratories Apresenta\u00e7\u00e3o: Pacote de 10ml \/ 50mg \/ ml Subst\u00e2ncia Ativa: Estanozolol Vida\" \/>\n<meta property=\"og:url\" content=\"https:\/\/iberoid-shop.com\/pt\/product\/sp-stanoject\/\" \/>\n<meta property=\"og:site_name\" content=\"Ester\u00f3ides Online\" \/>\n<meta property=\"article:modified_time\" content=\"2022-12-26T20:25:21+00:00\" \/>\n<meta property=\"og:image\" content=\"https:\/\/iberoid-shop.com\/wp-content\/uploads\/2020\/10\/pstano.jpg?v=1678120084\" \/>\n\t<meta property=\"og:image:width\" content=\"388\" \/>\n\t<meta property=\"og:image:height\" content=\"388\" \/>\n\t<meta property=\"og:image:type\" content=\"image\/jpeg\" \/>\n<meta name=\"twitter:card\" content=\"summary_large_image\" \/>\n<meta name=\"twitter:label1\" content=\"pre\u00e7o\" \/>\n\t<meta name=\"twitter:data1\" content=\"&euro;30.00\" \/>\n\t<meta name=\"twitter:label2\" content=\"Disponibilidade\" \/>\n\t<meta name=\"twitter:data2\" content=\"Esgotado\" \/>\n<script type=\"application\/ld+json\" class=\"yoast-schema-graph\">{\"@context\":\"https:\\\/\\\/schema.org\",\"@graph\":[{\"@type\":\"WebPage\",\"@id\":\"https:\\\/\\\/iberoid-shop.com\\\/pt\\\/product\\\/sp-stanoject\\\/\",\"url\":\"https:\\\/\\\/iberoid-shop.com\\\/pt\\\/product\\\/sp-stanoject\\\/\",\"name\":\"SP STANOJECT - Ester\u00f3ides Online\",\"isPartOf\":{\"@id\":\"https:\\\/\\\/iberoid.com\\\/#website\"},\"primaryImageOfPage\":{\"@id\":\"https:\\\/\\\/iberoid-shop.com\\\/pt\\\/product\\\/sp-stanoject\\\/#primaryimage\"},\"image\":{\"@id\":\"https:\\\/\\\/iberoid-shop.com\\\/pt\\\/product\\\/sp-stanoject\\\/#primaryimage\"},\"thumbnailUrl\":\"https:\\\/\\\/iberoid-shop.com\\\/wp-content\\\/uploads\\\/2020\\\/10\\\/pstano.jpg?v=1678120084\",\"datePublished\":\"2020-10-10T11:57:54+00:00\",\"dateModified\":\"2022-12-26T20:25:21+00:00\",\"breadcrumb\":{\"@id\":\"https:\\\/\\\/iberoid-shop.com\\\/pt\\\/product\\\/sp-stanoject\\\/#breadcrumb\"},\"inLanguage\":\"pt-PT\",\"potentialAction\":[{\"@type\":\"ReadAction\",\"target\":[[\"https:\\\/\\\/iberoid-shop.com\\\/pt\\\/product\\\/sp-stanoject\\\/\"]]}]},{\"@type\":\"ImageObject\",\"inLanguage\":\"pt-PT\",\"@id\":\"https:\\\/\\\/iberoid-shop.com\\\/pt\\\/product\\\/sp-stanoject\\\/#primaryimage\",\"url\":\"https:\\\/\\\/iberoid-shop.com\\\/wp-content\\\/uploads\\\/2020\\\/10\\\/pstano.jpg?v=1678120084\",\"contentUrl\":\"https:\\\/\\\/iberoid-shop.com\\\/wp-content\\\/uploads\\\/2020\\\/10\\\/pstano.jpg?v=1678120084\",\"width\":388,\"height\":388},{\"@type\":\"BreadcrumbList\",\"@id\":\"https:\\\/\\\/iberoid-shop.com\\\/pt\\\/product\\\/sp-stanoject\\\/#breadcrumb\",\"itemListElement\":[{\"@type\":\"ListItem\",\"position\":1,\"name\":\"Portada\",\"item\":\"https:\\\/\\\/iberoid.com\\\/\"},{\"@type\":\"ListItem\",\"position\":2,\"name\":\"Loja\",\"item\":\"https:\\\/\\\/iberoid-shop.com\\\/pt\\\/shop\\\/\"},{\"@type\":\"ListItem\",\"position\":3,\"name\":\"SP STANOJECT\"}]},{\"@type\":\"WebSite\",\"@id\":\"https:\\\/\\\/iberoid.com\\\/#website\",\"url\":\"https:\\\/\\\/iberoid.com\\\/\",\"name\":\"Ester\u00f3ides Online\",\"description\":\"Compre ester\u00f3ides online hoje em Espanha e Portugal. Temos o melhor servi\u00e7o ao cliente do setor e produtos da mais alta qualidade\",\"potentialAction\":[{\"@type\":\"SearchAction\",\"target\":{\"@type\":\"EntryPoint\",\"urlTemplate\":\"https:\\\/\\\/iberoid.com\\\/?s={search_term_string}\"},\"query-input\":{\"@type\":\"PropertyValueSpecification\",\"valueRequired\":true,\"valueName\":\"search_term_string\"}}],\"inLanguage\":\"pt-PT\"}]}<\/script>\n<meta property=\"product:brand\" content=\"SP Laboratories\" \/>\n<meta property=\"product:price:amount\" content=\"30.00\" \/>\n<meta property=\"product:price:currency\" content=\"EUR\" \/>\n<meta property=\"og:availability\" content=\"out of stock\" \/>\n<meta property=\"product:availability\" content=\"out of stock\" \/>\n<meta property=\"product:condition\" content=\"new\" \/>\n<!-- \/ Yoast SEO Premium plugin. -->","yoast_head_json":{"title":"SP STANOJECT - Ester\u00f3ides Online","robots":{"index":"index","follow":"follow","max-snippet":"max-snippet:-1","max-image-preview":"max-image-preview:large","max-video-preview":"max-video-preview:-1"},"canonical":"https:\/\/iberoid-shop.com\/pt\/product\/sp-stanoject\/","og_locale":"pt_PT","og_type":"article","og_title":"SP STANOJECT","og_description":"Nome do produto: SP Stanoject Fabricante: SP Laboratories Apresenta\u00e7\u00e3o: Pacote de 10ml \/ 50mg \/ ml Subst\u00e2ncia Ativa: Estanozolol Vida","og_url":"https:\/\/iberoid-shop.com\/pt\/product\/sp-stanoject\/","og_site_name":"Ester\u00f3ides Online","article_modified_time":"2022-12-26T20:25:21+00:00","og_image":[{"width":388,"height":388,"url":"https:\/\/iberoid-shop.com\/wp-content\/uploads\/2020\/10\/pstano.jpg?v=1678120084","type":"image\/jpeg"}],"twitter_card":"summary_large_image","twitter_misc":{"pre\u00e7o":"&euro;30.00","Disponibilidade":"Esgotado"},"schema":{"@context":"https:\/\/schema.org","@graph":[{"@type":"WebPage","@id":"https:\/\/iberoid-shop.com\/pt\/product\/sp-stanoject\/","url":"https:\/\/iberoid-shop.com\/pt\/product\/sp-stanoject\/","name":"SP STANOJECT - Ester\u00f3ides Online","isPartOf":{"@id":"https:\/\/iberoid.com\/#website"},"primaryImageOfPage":{"@id":"https:\/\/iberoid-shop.com\/pt\/product\/sp-stanoject\/#primaryimage"},"image":{"@id":"https:\/\/iberoid-shop.com\/pt\/product\/sp-stanoject\/#primaryimage"},"thumbnailUrl":"https:\/\/iberoid-shop.com\/wp-content\/uploads\/2020\/10\/pstano.jpg?v=1678120084","datePublished":"2020-10-10T11:57:54+00:00","dateModified":"2022-12-26T20:25:21+00:00","breadcrumb":{"@id":"https:\/\/iberoid-shop.com\/pt\/product\/sp-stanoject\/#breadcrumb"},"inLanguage":"pt-PT","potentialAction":[{"@type":"ReadAction","target":[["https:\/\/iberoid-shop.com\/pt\/product\/sp-stanoject\/"]]}]},{"@type":"ImageObject","inLanguage":"pt-PT","@id":"https:\/\/iberoid-shop.com\/pt\/product\/sp-stanoject\/#primaryimage","url":"https:\/\/iberoid-shop.com\/wp-content\/uploads\/2020\/10\/pstano.jpg?v=1678120084","contentUrl":"https:\/\/iberoid-shop.com\/wp-content\/uploads\/2020\/10\/pstano.jpg?v=1678120084","width":388,"height":388},{"@type":"BreadcrumbList","@id":"https:\/\/iberoid-shop.com\/pt\/product\/sp-stanoject\/#breadcrumb","itemListElement":[{"@type":"ListItem","position":1,"name":"Portada","item":"https:\/\/iberoid.com\/"},{"@type":"ListItem","position":2,"name":"Loja","item":"https:\/\/iberoid-shop.com\/pt\/shop\/"},{"@type":"ListItem","position":3,"name":"SP STANOJECT"}]},{"@type":"WebSite","@id":"https:\/\/iberoid.com\/#website","url":"https:\/\/iberoid.com\/","name":"Ester\u00f3ides Online","description":"Compre ester\u00f3ides online hoje em Espanha e Portugal. Temos o melhor servi\u00e7o ao cliente do setor e produtos da mais alta qualidade","potentialAction":[{"@type":"SearchAction","target":{"@type":"EntryPoint","urlTemplate":"https:\/\/iberoid.com\/?s={search_term_string}"},"query-input":{"@type":"PropertyValueSpecification","valueRequired":true,"valueName":"search_term_string"}}],"inLanguage":"pt-PT"}]},"product_brand":"SP Laboratories","product_price_amount":"30.00","product_price_currency":"EUR","og_availability":"out of stock","product_availability":"out of stock","product_condition":"new"},"_links":{"self":[{"href":"https:\/\/iberoid-shop.com\/pt\/wp-json\/wp\/v2\/product\/5384","targetHints":{"allow":["GET"]}}],"collection":[{"href":"https:\/\/iberoid-shop.com\/pt\/wp-json\/wp\/v2\/product"}],"about":[{"href":"https:\/\/iberoid-shop.com\/pt\/wp-json\/wp\/v2\/types\/product"}],"replies":[{"embeddable":true,"href":"https:\/\/iberoid-shop.com\/pt\/wp-json\/wp\/v2\/comments?post=5384"}],"wp:featuredmedia":[{"embeddable":true,"href":"https:\/\/iberoid-shop.com\/pt\/wp-json\/wp\/v2\/media\/5385"}],"wp:attachment":[{"href":"https:\/\/iberoid-shop.com\/pt\/wp-json\/wp\/v2\/media?parent=5384"}],"wp:term":[{"taxonomy":"product_brand","embeddable":true,"href":"https:\/\/iberoid-shop.com\/pt\/wp-json\/wp\/v2\/product_brand?post=5384"},{"taxonomy":"product_cat","embeddable":true,"href":"https:\/\/iberoid-shop.com\/pt\/wp-json\/wp\/v2\/product_cat?post=5384"},{"taxonomy":"product_tag","embeddable":true,"href":"https:\/\/iberoid-shop.com\/pt\/wp-json\/wp\/v2\/product_tag?post=5384"}],"curies":[{"name":"wp","href":"https:\/\/api.w.org\/{rel}","templated":true}]}}