{"id":5380,"date":"2020-10-10T11:50:33","date_gmt":"2020-10-10T11:50:33","guid":{"rendered":"https:\/\/iberoid-shop.com\/?post_type=product&#038;p=5380"},"modified":"2022-12-06T17:44:31","modified_gmt":"2022-12-06T17:44:31","slug":"sp-masteron","status":"publish","type":"product","link":"https:\/\/iberoid-shop.com\/pt\/product\/sp-masteron\/","title":{"rendered":"SP MASTERON"},"content":{"rendered":"<p>Nome do produto: Masteron 100<br \/>\nFabricante: SP Laboratories<br \/>\nApresenta\u00e7\u00e3o: 10ml 100mg \/ ml<br \/>\nQu\u00edmico ativo: propionato de drostanolona<\/p>\n<p>Masteron \u00e9 uma forma injet\u00e1vel de propionato de drostanolonului. O drostanolonul \u00e9 um derivado da diidrotestosterona, com um androg\u00eanico anab\u00f3lico moderado e outro forte. N\u00e3o se converte em estrog\u00eanio, portanto a reten\u00e7\u00e3o de \u00e1gua e a ginecomastia n\u00e3o s\u00e3o um problema. Na verdade, Masteron parece ter efeito antiestrog\u00eanico, comportando-se como Proviron, nesse aspecto. Masteron \u00e9 muito \u00fatil para definir e enfatizar, \u00e9 usado por muitas semanas antes das competi\u00e7\u00f5es. Ele tamb\u00e9m tem um efeito anab\u00f3lico que pode ser usado de forma satisfat\u00f3ria para ganhar m\u00fasculos de qualidade. Pode ser combinado com outros ester\u00f3ides para grandes ganhos. A associa\u00e7\u00e3o com Deca-Durabolin ou Equipoise, leva a ganhos consider\u00e1veis \u200b\u200bsem reten\u00e7\u00e3o excessiva de \u00e1gua.<\/p>\n<p>Outra associa\u00e7\u00e3o \u00e9 com Dianabol ou testosterona injet\u00e1vel, castrigurile msuculara a grande massa sem reten\u00e7\u00e3o excessiva de \u00e1gua.<br \/>\nPara defini\u00e7\u00e3o, pode ser combinado com Winstrol, Priomobolan ou Oxandrolon, que passaria pela \u00e1rea muscular e perda de gordura.<br \/>\nA dosagem \u00e9 de 2 ml (100 mg) de Masteron a cada 2-3 dias. Portanto, a dose semanal \u00e9 de 200-350 mg em algum lugar.<\/p>\n<p>Os efeitos colaterais deste ester\u00f3ide s\u00e3o leves. Como eu disse anteriormente, a ginecomastia e a reten\u00e7\u00e3o de l\u00edquidos n\u00e3o s\u00e3o problema. Sem press\u00e3o alta n\u00e3o deve nos dar problemas, porque devido aos baixos n\u00edveis de estrog\u00eanio n\u00e3o aparece. Masteron n\u00e3o \u00e9 hepatot\u00f3xico, mesmo quando usado por longos per\u00edodos de tempo. Os \u00fanicos efeitos adversos que podem ocorrer s\u00e3o: pele oleosa, acne, aumento dos pelos faciais e corporais mais r\u00e1pidos, agress\u00e3o e queda dos cabelos, se houver predisposi\u00e7\u00e3o gen\u00e9tica. Portanto, aqueles que sabem que t\u00eam um hist\u00f3rico familiar de calv\u00edcie fariam bem em tomar cuidado com Masteron.<\/p>","protected":false},"excerpt":{"rendered":"<p>Nome do produto: Masteron 100 Fabricante: SP Laboratories Apresenta\u00e7\u00e3o: 10ml 100mg \/ ml Qu\u00edmico ativo: propionato de drostanolona Masteron \u00e9<\/p>\n","protected":false},"featured_media":5381,"comment_status":"open","ping_status":"closed","template":"","meta":[],"product_brand":[],"product_cat":[69],"product_tag":[],"class_list":{"0":"post-5380","1":"product","2":"type-product","3":"status-publish","4":"has-post-thumbnail","6":"product_cat-esteroides_inyectables","8":"first","9":"outofstock","10":"sale","11":"shipping-taxable","12":"purchasable","13":"product-type-simple"},"yoast_head":"<!-- This site is optimized with the Yoast SEO Premium plugin v24.4 (Yoast SEO v27.0) - https:\/\/yoast.com\/product\/yoast-seo-premium-wordpress\/ -->\n<title>SP MASTERON - Ester\u00f3ides Online<\/title>\n<meta name=\"robots\" content=\"index, follow, max-snippet:-1, max-image-preview:large, max-video-preview:-1\" \/>\n<link rel=\"canonical\" href=\"https:\/\/iberoid-shop.com\/pt\/product\/sp-masteron\/\" \/>\n<meta property=\"og:locale\" content=\"pt_PT\" \/>\n<meta property=\"og:type\" content=\"article\" \/>\n<meta property=\"og:title\" content=\"SP MASTERON\" \/>\n<meta property=\"og:description\" content=\"Nome do produto: Masteron 100 Fabricante: SP Laboratories Apresenta\u00e7\u00e3o: 10ml 100mg \/ ml Qu\u00edmico ativo: propionato de drostanolona Masteron \u00e9\" \/>\n<meta property=\"og:url\" content=\"https:\/\/iberoid-shop.com\/pt\/product\/sp-masteron\/\" \/>\n<meta property=\"og:site_name\" content=\"Ester\u00f3ides Online\" \/>\n<meta property=\"article:modified_time\" content=\"2022-12-06T17:44:31+00:00\" \/>\n<meta property=\"og:image\" content=\"https:\/\/iberoid-shop.com\/wp-content\/uploads\/2020\/10\/maste.jpg?v=1678120085\" \/>\n\t<meta property=\"og:image:width\" content=\"388\" \/>\n\t<meta property=\"og:image:height\" content=\"388\" \/>\n\t<meta property=\"og:image:type\" content=\"image\/jpeg\" \/>\n<meta name=\"twitter:card\" content=\"summary_large_image\" \/>\n<meta name=\"twitter:label1\" content=\"pre\u00e7o\" \/>\n\t<meta name=\"twitter:data1\" content=\"&euro;48.00\" \/>\n\t<meta name=\"twitter:label2\" content=\"Disponibilidade\" \/>\n\t<meta name=\"twitter:data2\" content=\"Esgotado\" \/>\n<script type=\"application\/ld+json\" class=\"yoast-schema-graph\">{\"@context\":\"https:\/\/schema.org\",\"@graph\":[{\"@type\":\"WebPage\",\"@id\":\"https:\/\/iberoid-shop.com\/pt\/product\/sp-masteron\/\",\"url\":\"https:\/\/iberoid-shop.com\/pt\/product\/sp-masteron\/\",\"name\":\"SP MASTERON - Ester\u00f3ides Online\",\"isPartOf\":{\"@id\":\"https:\/\/iberoid-shop.com\/pt\/#website\"},\"primaryImageOfPage\":{\"@id\":\"https:\/\/iberoid-shop.com\/pt\/product\/sp-masteron\/#primaryimage\"},\"image\":{\"@id\":\"https:\/\/iberoid-shop.com\/pt\/product\/sp-masteron\/#primaryimage\"},\"thumbnailUrl\":\"https:\/\/iberoid-shop.com\/wp-content\/uploads\/2020\/10\/maste.jpg?v=1678120085\",\"datePublished\":\"2020-10-10T11:50:33+00:00\",\"dateModified\":\"2022-12-06T17:44:31+00:00\",\"breadcrumb\":{\"@id\":\"https:\/\/iberoid-shop.com\/pt\/product\/sp-masteron\/#breadcrumb\"},\"inLanguage\":\"pt-PT\",\"potentialAction\":[{\"@type\":\"ReadAction\",\"target\":[[\"https:\/\/iberoid-shop.com\/pt\/product\/sp-masteron\/\"]]}]},{\"@type\":\"ImageObject\",\"inLanguage\":\"pt-PT\",\"@id\":\"https:\/\/iberoid-shop.com\/pt\/product\/sp-masteron\/#primaryimage\",\"url\":\"https:\/\/iberoid-shop.com\/wp-content\/uploads\/2020\/10\/maste.jpg?v=1678120085\",\"contentUrl\":\"https:\/\/iberoid-shop.com\/wp-content\/uploads\/2020\/10\/maste.jpg?v=1678120085\",\"width\":388,\"height\":388},{\"@type\":\"BreadcrumbList\",\"@id\":\"https:\/\/iberoid-shop.com\/pt\/product\/sp-masteron\/#breadcrumb\",\"itemListElement\":[{\"@type\":\"ListItem\",\"position\":1,\"name\":\"Portada\",\"item\":\"https:\/\/iberoid-shop.com\/pt\/\"},{\"@type\":\"ListItem\",\"position\":2,\"name\":\"Loja\",\"item\":\"https:\/\/iberoid-shop.com\/pt\/shop\/\"},{\"@type\":\"ListItem\",\"position\":3,\"name\":\"SP MASTERON\"}]},{\"@type\":\"WebSite\",\"@id\":\"https:\/\/iberoid-shop.com\/pt\/#website\",\"url\":\"https:\/\/iberoid-shop.com\/pt\/\",\"name\":\"Ester\u00f3ides Online\",\"description\":\"Compre ester\u00f3ides online hoje em Espanha e Portugal. Temos o melhor servi\u00e7o ao cliente do setor e produtos da mais alta qualidade\",\"potentialAction\":[{\"@type\":\"SearchAction\",\"target\":{\"@type\":\"EntryPoint\",\"urlTemplate\":\"https:\/\/iberoid-shop.com\/pt\/?s={search_term_string}\"},\"query-input\":{\"@type\":\"PropertyValueSpecification\",\"valueRequired\":true,\"valueName\":\"search_term_string\"}}],\"inLanguage\":\"pt-PT\"}]}<\/script>\n<meta property=\"product:brand\" content=\"SP Laboratories\" \/>\n<meta property=\"product:price:amount\" content=\"48.00\" \/>\n<meta property=\"product:price:currency\" content=\"EUR\" \/>\n<meta property=\"og:availability\" content=\"out of stock\" \/>\n<meta property=\"product:availability\" content=\"out of stock\" \/>\n<meta property=\"product:condition\" content=\"new\" \/>\n<!-- \/ Yoast SEO Premium plugin. -->","yoast_head_json":{"title":"SP MASTERON - Ester\u00f3ides Online","robots":{"index":"index","follow":"follow","max-snippet":"max-snippet:-1","max-image-preview":"max-image-preview:large","max-video-preview":"max-video-preview:-1"},"canonical":"https:\/\/iberoid-shop.com\/pt\/product\/sp-masteron\/","og_locale":"pt_PT","og_type":"article","og_title":"SP MASTERON","og_description":"Nome do produto: Masteron 100 Fabricante: SP Laboratories Apresenta\u00e7\u00e3o: 10ml 100mg \/ ml Qu\u00edmico ativo: propionato de drostanolona Masteron \u00e9","og_url":"https:\/\/iberoid-shop.com\/pt\/product\/sp-masteron\/","og_site_name":"Ester\u00f3ides Online","article_modified_time":"2022-12-06T17:44:31+00:00","og_image":[{"width":388,"height":388,"url":"https:\/\/iberoid-shop.com\/wp-content\/uploads\/2020\/10\/maste.jpg?v=1678120085","type":"image\/jpeg"}],"twitter_card":"summary_large_image","twitter_misc":{"pre\u00e7o":"&euro;48.00","Disponibilidade":"Esgotado"},"schema":{"@context":"https:\/\/schema.org","@graph":[{"@type":"WebPage","@id":"https:\/\/iberoid-shop.com\/pt\/product\/sp-masteron\/","url":"https:\/\/iberoid-shop.com\/pt\/product\/sp-masteron\/","name":"SP MASTERON - Ester\u00f3ides Online","isPartOf":{"@id":"https:\/\/iberoid-shop.com\/pt\/#website"},"primaryImageOfPage":{"@id":"https:\/\/iberoid-shop.com\/pt\/product\/sp-masteron\/#primaryimage"},"image":{"@id":"https:\/\/iberoid-shop.com\/pt\/product\/sp-masteron\/#primaryimage"},"thumbnailUrl":"https:\/\/iberoid-shop.com\/wp-content\/uploads\/2020\/10\/maste.jpg?v=1678120085","datePublished":"2020-10-10T11:50:33+00:00","dateModified":"2022-12-06T17:44:31+00:00","breadcrumb":{"@id":"https:\/\/iberoid-shop.com\/pt\/product\/sp-masteron\/#breadcrumb"},"inLanguage":"pt-PT","potentialAction":[{"@type":"ReadAction","target":[["https:\/\/iberoid-shop.com\/pt\/product\/sp-masteron\/"]]}]},{"@type":"ImageObject","inLanguage":"pt-PT","@id":"https:\/\/iberoid-shop.com\/pt\/product\/sp-masteron\/#primaryimage","url":"https:\/\/iberoid-shop.com\/wp-content\/uploads\/2020\/10\/maste.jpg?v=1678120085","contentUrl":"https:\/\/iberoid-shop.com\/wp-content\/uploads\/2020\/10\/maste.jpg?v=1678120085","width":388,"height":388},{"@type":"BreadcrumbList","@id":"https:\/\/iberoid-shop.com\/pt\/product\/sp-masteron\/#breadcrumb","itemListElement":[{"@type":"ListItem","position":1,"name":"Portada","item":"https:\/\/iberoid-shop.com\/pt\/"},{"@type":"ListItem","position":2,"name":"Loja","item":"https:\/\/iberoid-shop.com\/pt\/shop\/"},{"@type":"ListItem","position":3,"name":"SP MASTERON"}]},{"@type":"WebSite","@id":"https:\/\/iberoid-shop.com\/pt\/#website","url":"https:\/\/iberoid-shop.com\/pt\/","name":"Ester\u00f3ides Online","description":"Compre ester\u00f3ides online hoje em Espanha e Portugal. Temos o melhor servi\u00e7o ao cliente do setor e produtos da mais alta qualidade","potentialAction":[{"@type":"SearchAction","target":{"@type":"EntryPoint","urlTemplate":"https:\/\/iberoid-shop.com\/pt\/?s={search_term_string}"},"query-input":{"@type":"PropertyValueSpecification","valueRequired":true,"valueName":"search_term_string"}}],"inLanguage":"pt-PT"}]},"product_brand":"SP Laboratories","product_price_amount":"48.00","product_price_currency":"EUR","og_availability":"out of stock","product_availability":"out of stock","product_condition":"new"},"_links":{"self":[{"href":"https:\/\/iberoid-shop.com\/pt\/wp-json\/wp\/v2\/product\/5380","targetHints":{"allow":["GET"]}}],"collection":[{"href":"https:\/\/iberoid-shop.com\/pt\/wp-json\/wp\/v2\/product"}],"about":[{"href":"https:\/\/iberoid-shop.com\/pt\/wp-json\/wp\/v2\/types\/product"}],"replies":[{"embeddable":true,"href":"https:\/\/iberoid-shop.com\/pt\/wp-json\/wp\/v2\/comments?post=5380"}],"wp:featuredmedia":[{"embeddable":true,"href":"https:\/\/iberoid-shop.com\/pt\/wp-json\/wp\/v2\/media\/5381"}],"wp:attachment":[{"href":"https:\/\/iberoid-shop.com\/pt\/wp-json\/wp\/v2\/media?parent=5380"}],"wp:term":[{"taxonomy":"product_brand","embeddable":true,"href":"https:\/\/iberoid-shop.com\/pt\/wp-json\/wp\/v2\/product_brand?post=5380"},{"taxonomy":"product_cat","embeddable":true,"href":"https:\/\/iberoid-shop.com\/pt\/wp-json\/wp\/v2\/product_cat?post=5380"},{"taxonomy":"product_tag","embeddable":true,"href":"https:\/\/iberoid-shop.com\/pt\/wp-json\/wp\/v2\/product_tag?post=5380"}],"curies":[{"name":"wp","href":"https:\/\/api.w.org\/{rel}","templated":true}]}}