{"id":5373,"date":"2020-10-09T10:43:10","date_gmt":"2020-10-09T10:43:10","guid":{"rendered":"https:\/\/iberoid-shop.com\/?post_type=product&#038;p=5373"},"modified":"2023-07-28T11:01:21","modified_gmt":"2023-07-28T11:01:21","slug":"sp-tropin-100-iu","status":"publish","type":"product","link":"https:\/\/iberoid-shop.com\/pt\/product\/sp-tropin-100-iu\/","title":{"rendered":"SP TROPIN 100 iu"},"content":{"rendered":"<p>Nome do produto: Gonadotrofina<\/p>\n<p>Fabricante: Sp Laboratories<\/p>\n<p>Modo de apresenta\u00e7\u00e3o: 1 frasco de 5000 UI<\/p>\n<p>ingrediente ativo: gonadotrofina cori\u00f4nica humana<\/p>\n<p>A gonadotrofina cori\u00f4nica humana \u00e9 um horm\u00f4nio encontrado apenas na placenta de mulheres gr\u00e1vidas. Para as mulheres n\u00e3o tem papel significativo, mas para os atletas tem alguns caractristi muito interessantes. Pode mimetizar o LH (HL), secretado pela gl\u00e2ndula pituit\u00e1ria, \u00e9 ele quem d\u00e1 o sinal para a produ\u00e7\u00e3o de testosterona. Os horm\u00f4nios sexuais agem por meio de feedback negativo, quando presentes em quantidades muito grandes (como esteroides, andr\u00f3genos ou estr\u00f3genos) enviam um sinal ao c\u00e9rebro para interromper a secre\u00e7\u00e3o de LH. Durante os ciclos de ester\u00f3ides que se estendem por longos per\u00edodos, se a pr\u00f3pria secre\u00e7\u00e3o de testosterona for suprimida por muito tempo, os test\u00edculos come\u00e7am a atrofiar para perder a funcionalidade. A administra\u00e7\u00e3o do horm\u00f4nio luteinizante, como, pode restaurar a fun\u00e7\u00e3o testicular e seu retorno ao tamanho normal. Este \u00e9 o principal uso do HCG.<\/p>\n<p>Como os ratos produzem, o ac\u00famulo de testosterona no corpo pode ter algumas propriedades anab\u00f3licas, mas dificilmente significativas. Portanto, n\u00e3o \u00e9 usado por atletas para essa finalidade. Mas para quem segue um ciclo de ester\u00f3ides \u00e9 quase essencial. Para manter os ganhos durante o ciclo de ester\u00f3ides, \u00e9 imperativo que seus n\u00edveis de testosterona voltem ao normal. Sem uma resposta end\u00f3crina natural n\u00e3o se consegue manter uma massa maior que a inicial.<\/p>\n<p>A desvantagem do HCG \u00e9 que ele suprime a produ\u00e7\u00e3o de testosterona pela reposi\u00e7\u00e3o do horm\u00f4nio luteinizante. O HL \u00e9 secretado pela resposta da galnda hipofis\u00e1ria ao hipot\u00e1lamo para liberar outro horm\u00f4nio, o horm\u00f4nio gonadotrofina. Dado que um agente \u00e9 introduzido exogenamente imitando HL, o hipot\u00e1lamo de feedback negativo envia um sinal para interromper a produ\u00e7\u00e3o do horm\u00f4nio gonadotrofina, e implicitamente a de HL. Portanto, o HCG \u00e9 sempre usado com Clomid ou Nolvadex. Quando os n\u00edveis de andr\u00f3genos no corpo diminuem, Clomid ou Nolvadex ir\u00e3o diminuir a resposta estrog\u00eanica esteroidal induzindo um d\u00e9ficit que sinalizar\u00e1 ao hipot\u00e1lamo para liberar o horm\u00f4nio gonadotrofina. \u00c9 importante que o HCG seja usado em combina\u00e7\u00e3o com um desses dois medicamentos, e sua administra\u00e7\u00e3o seja interrompida pelo menos 2 semanas antes de interromper o uso de Nolvadex ou Clomid.<\/p>\n<p>Al\u00e9m disso, o uso prolongado de HCG pode dessensibilizar os test\u00edculos para HL, o que significaria voltar para onde voc\u00ea come\u00e7ou. Os efeitos colaterais que podem ocorrer em alguns casos s\u00e3o acne e perda de cabelo ou hipertrofia da pr\u00f3stata, mas geralmente use 3-4 spatamani sendo muito r\u00e1pido para que esses efeitos se manifestem.<br \/>\nHCG \u00e9 um medicamento para fertilidade usado e, portanto, pode causar hipertens\u00e3o.<\/p>\n<p>HCG vem em dois frascos, um cont\u00ednuo em p\u00f3 e o segundo em solvente est\u00e9ril. Misture o conte\u00fado de dois frascos antes da inje\u00e7\u00e3o. Se voc\u00ea permanecer o material a ser injetado posteriormente ser\u00e1 mantido na geladeira.<\/p>\n<p>HCG ap\u00f3s longos ciclos de uso de ester\u00f3ides, at\u00e9 8 spatamani. A dura\u00e7\u00e3o normal de um ciclo \u00e9 entre 8 e 12 semanas, mas alguns optam por ciclos menores que impoune n\u00e3o necessariamente o uso de HCG ap\u00f3s sua conclus\u00e3o.<br \/>\nMais sobre o uso de HCG pode ser encontrado lendo sobre a terapia p\u00f3s-ciclo.<\/p>\n<p>HCG \u00e9 muito importante na recupera\u00e7\u00e3o p\u00f3s-c\u00edclica, mas n\u00e3o deve receber grandes doses e por um per\u00edodo de tempo tamb\u00e9m. E sempre deve ser acompanhado por Clomid ou Nolvadex.<\/p>","protected":false},"excerpt":{"rendered":"<p>Nome do produto: Gonadotrofina Fabricante: Sp Laboratories Modo de apresenta\u00e7\u00e3o: 1 frasco de 5000 UI ingrediente ativo: gonadotrofina cori\u00f4nica humana<\/p>\n","protected":false},"featured_media":5374,"comment_status":"open","ping_status":"closed","template":"","meta":[],"product_brand":[],"product_cat":[76],"product_tag":[],"class_list":{"0":"post-5373","1":"product","2":"type-product","3":"status-publish","4":"has-post-thumbnail","6":"product_cat-hgh_peptido","8":"first","9":"outofstock","10":"shipping-taxable","11":"purchasable","12":"product-type-simple"},"yoast_head":"<!-- This site is optimized with the Yoast SEO Premium plugin v24.4 (Yoast SEO v27.3) - https:\/\/yoast.com\/product\/yoast-seo-premium-wordpress\/ -->\n<title>SP TROPIN 100 iu - Ester\u00f3ides Online<\/title>\n<meta name=\"robots\" content=\"index, follow, max-snippet:-1, max-image-preview:large, max-video-preview:-1\" \/>\n<link rel=\"canonical\" href=\"https:\/\/iberoid-shop.com\/pt\/product\/sp-tropin-100-iu\/\" \/>\n<meta property=\"og:locale\" content=\"pt_PT\" \/>\n<meta property=\"og:type\" content=\"article\" \/>\n<meta property=\"og:title\" content=\"SP TROPIN 100 iu\" \/>\n<meta property=\"og:description\" content=\"Nome do produto: Gonadotrofina Fabricante: Sp Laboratories Modo de apresenta\u00e7\u00e3o: 1 frasco de 5000 UI ingrediente ativo: gonadotrofina cori\u00f4nica humana\" \/>\n<meta property=\"og:url\" content=\"https:\/\/iberoid-shop.com\/pt\/product\/sp-tropin-100-iu\/\" \/>\n<meta property=\"og:site_name\" content=\"Ester\u00f3ides Online\" \/>\n<meta property=\"article:modified_time\" content=\"2023-07-28T11:01:21+00:00\" \/>\n<meta property=\"og:image\" content=\"https:\/\/iberoid-shop.com\/wp-content\/uploads\/2020\/10\/product_15269917874718sptropin.jpg?v=1678120087\" \/>\n\t<meta property=\"og:image:width\" content=\"388\" \/>\n\t<meta property=\"og:image:height\" content=\"388\" \/>\n\t<meta property=\"og:image:type\" content=\"image\/jpeg\" \/>\n<meta name=\"twitter:card\" content=\"summary_large_image\" \/>\n<meta name=\"twitter:label1\" content=\"pre\u00e7o\" \/>\n\t<meta name=\"twitter:data1\" content=\"&euro;130.00\" \/>\n\t<meta name=\"twitter:label2\" content=\"Disponibilidade\" \/>\n\t<meta name=\"twitter:data2\" content=\"Esgotado\" \/>\n<script type=\"application\/ld+json\" class=\"yoast-schema-graph\">{\"@context\":\"https:\\\/\\\/schema.org\",\"@graph\":[{\"@type\":\"WebPage\",\"@id\":\"https:\\\/\\\/iberoid-shop.com\\\/pt\\\/product\\\/sp-tropin-100-iu\\\/\",\"url\":\"https:\\\/\\\/iberoid-shop.com\\\/pt\\\/product\\\/sp-tropin-100-iu\\\/\",\"name\":\"SP TROPIN 100 iu - Ester\u00f3ides Online\",\"isPartOf\":{\"@id\":\"https:\\\/\\\/iberoid.com\\\/#website\"},\"primaryImageOfPage\":{\"@id\":\"https:\\\/\\\/iberoid-shop.com\\\/pt\\\/product\\\/sp-tropin-100-iu\\\/#primaryimage\"},\"image\":{\"@id\":\"https:\\\/\\\/iberoid-shop.com\\\/pt\\\/product\\\/sp-tropin-100-iu\\\/#primaryimage\"},\"thumbnailUrl\":\"https:\\\/\\\/iberoid-shop.com\\\/wp-content\\\/uploads\\\/2020\\\/10\\\/product_15269917874718sptropin.jpg?v=1678120087\",\"datePublished\":\"2020-10-09T10:43:10+00:00\",\"dateModified\":\"2023-07-28T11:01:21+00:00\",\"breadcrumb\":{\"@id\":\"https:\\\/\\\/iberoid-shop.com\\\/pt\\\/product\\\/sp-tropin-100-iu\\\/#breadcrumb\"},\"inLanguage\":\"pt-PT\",\"potentialAction\":[{\"@type\":\"ReadAction\",\"target\":[[\"https:\\\/\\\/iberoid-shop.com\\\/pt\\\/product\\\/sp-tropin-100-iu\\\/\"]]}]},{\"@type\":\"ImageObject\",\"inLanguage\":\"pt-PT\",\"@id\":\"https:\\\/\\\/iberoid-shop.com\\\/pt\\\/product\\\/sp-tropin-100-iu\\\/#primaryimage\",\"url\":\"https:\\\/\\\/iberoid-shop.com\\\/wp-content\\\/uploads\\\/2020\\\/10\\\/product_15269917874718sptropin.jpg?v=1678120087\",\"contentUrl\":\"https:\\\/\\\/iberoid-shop.com\\\/wp-content\\\/uploads\\\/2020\\\/10\\\/product_15269917874718sptropin.jpg?v=1678120087\",\"width\":388,\"height\":388},{\"@type\":\"BreadcrumbList\",\"@id\":\"https:\\\/\\\/iberoid-shop.com\\\/pt\\\/product\\\/sp-tropin-100-iu\\\/#breadcrumb\",\"itemListElement\":[{\"@type\":\"ListItem\",\"position\":1,\"name\":\"Portada\",\"item\":\"https:\\\/\\\/iberoid.com\\\/\"},{\"@type\":\"ListItem\",\"position\":2,\"name\":\"Loja\",\"item\":\"https:\\\/\\\/iberoid-shop.com\\\/pt\\\/shop\\\/\"},{\"@type\":\"ListItem\",\"position\":3,\"name\":\"SP TROPIN 100 iu\"}]},{\"@type\":\"WebSite\",\"@id\":\"https:\\\/\\\/iberoid.com\\\/#website\",\"url\":\"https:\\\/\\\/iberoid.com\\\/\",\"name\":\"Ester\u00f3ides Online\",\"description\":\"Compre ester\u00f3ides online hoje em Espanha e Portugal. Temos o melhor servi\u00e7o ao cliente do setor e produtos da mais alta qualidade\",\"potentialAction\":[{\"@type\":\"SearchAction\",\"target\":{\"@type\":\"EntryPoint\",\"urlTemplate\":\"https:\\\/\\\/iberoid.com\\\/?s={search_term_string}\"},\"query-input\":{\"@type\":\"PropertyValueSpecification\",\"valueRequired\":true,\"valueName\":\"search_term_string\"}}],\"inLanguage\":\"pt-PT\"}]}<\/script>\n<meta property=\"product:brand\" content=\"SP Laboratories\" \/>\n<meta property=\"product:price:amount\" content=\"130.00\" \/>\n<meta property=\"product:price:currency\" content=\"EUR\" \/>\n<meta property=\"og:availability\" content=\"out of stock\" \/>\n<meta property=\"product:availability\" content=\"out of stock\" \/>\n<meta property=\"product:condition\" content=\"new\" \/>\n<!-- \/ Yoast SEO Premium plugin. -->","yoast_head_json":{"title":"SP TROPIN 100 iu - Ester\u00f3ides Online","robots":{"index":"index","follow":"follow","max-snippet":"max-snippet:-1","max-image-preview":"max-image-preview:large","max-video-preview":"max-video-preview:-1"},"canonical":"https:\/\/iberoid-shop.com\/pt\/product\/sp-tropin-100-iu\/","og_locale":"pt_PT","og_type":"article","og_title":"SP TROPIN 100 iu","og_description":"Nome do produto: Gonadotrofina Fabricante: Sp Laboratories Modo de apresenta\u00e7\u00e3o: 1 frasco de 5000 UI ingrediente ativo: gonadotrofina cori\u00f4nica humana","og_url":"https:\/\/iberoid-shop.com\/pt\/product\/sp-tropin-100-iu\/","og_site_name":"Ester\u00f3ides Online","article_modified_time":"2023-07-28T11:01:21+00:00","og_image":[{"width":388,"height":388,"url":"https:\/\/iberoid-shop.com\/wp-content\/uploads\/2020\/10\/product_15269917874718sptropin.jpg?v=1678120087","type":"image\/jpeg"}],"twitter_card":"summary_large_image","twitter_misc":{"pre\u00e7o":"&euro;130.00","Disponibilidade":"Esgotado"},"schema":{"@context":"https:\/\/schema.org","@graph":[{"@type":"WebPage","@id":"https:\/\/iberoid-shop.com\/pt\/product\/sp-tropin-100-iu\/","url":"https:\/\/iberoid-shop.com\/pt\/product\/sp-tropin-100-iu\/","name":"SP TROPIN 100 iu - Ester\u00f3ides Online","isPartOf":{"@id":"https:\/\/iberoid.com\/#website"},"primaryImageOfPage":{"@id":"https:\/\/iberoid-shop.com\/pt\/product\/sp-tropin-100-iu\/#primaryimage"},"image":{"@id":"https:\/\/iberoid-shop.com\/pt\/product\/sp-tropin-100-iu\/#primaryimage"},"thumbnailUrl":"https:\/\/iberoid-shop.com\/wp-content\/uploads\/2020\/10\/product_15269917874718sptropin.jpg?v=1678120087","datePublished":"2020-10-09T10:43:10+00:00","dateModified":"2023-07-28T11:01:21+00:00","breadcrumb":{"@id":"https:\/\/iberoid-shop.com\/pt\/product\/sp-tropin-100-iu\/#breadcrumb"},"inLanguage":"pt-PT","potentialAction":[{"@type":"ReadAction","target":[["https:\/\/iberoid-shop.com\/pt\/product\/sp-tropin-100-iu\/"]]}]},{"@type":"ImageObject","inLanguage":"pt-PT","@id":"https:\/\/iberoid-shop.com\/pt\/product\/sp-tropin-100-iu\/#primaryimage","url":"https:\/\/iberoid-shop.com\/wp-content\/uploads\/2020\/10\/product_15269917874718sptropin.jpg?v=1678120087","contentUrl":"https:\/\/iberoid-shop.com\/wp-content\/uploads\/2020\/10\/product_15269917874718sptropin.jpg?v=1678120087","width":388,"height":388},{"@type":"BreadcrumbList","@id":"https:\/\/iberoid-shop.com\/pt\/product\/sp-tropin-100-iu\/#breadcrumb","itemListElement":[{"@type":"ListItem","position":1,"name":"Portada","item":"https:\/\/iberoid.com\/"},{"@type":"ListItem","position":2,"name":"Loja","item":"https:\/\/iberoid-shop.com\/pt\/shop\/"},{"@type":"ListItem","position":3,"name":"SP TROPIN 100 iu"}]},{"@type":"WebSite","@id":"https:\/\/iberoid.com\/#website","url":"https:\/\/iberoid.com\/","name":"Ester\u00f3ides Online","description":"Compre ester\u00f3ides online hoje em Espanha e Portugal. Temos o melhor servi\u00e7o ao cliente do setor e produtos da mais alta qualidade","potentialAction":[{"@type":"SearchAction","target":{"@type":"EntryPoint","urlTemplate":"https:\/\/iberoid.com\/?s={search_term_string}"},"query-input":{"@type":"PropertyValueSpecification","valueRequired":true,"valueName":"search_term_string"}}],"inLanguage":"pt-PT"}]},"product_brand":"SP Laboratories","product_price_amount":"130.00","product_price_currency":"EUR","og_availability":"out of stock","product_availability":"out of stock","product_condition":"new"},"_links":{"self":[{"href":"https:\/\/iberoid-shop.com\/pt\/wp-json\/wp\/v2\/product\/5373","targetHints":{"allow":["GET"]}}],"collection":[{"href":"https:\/\/iberoid-shop.com\/pt\/wp-json\/wp\/v2\/product"}],"about":[{"href":"https:\/\/iberoid-shop.com\/pt\/wp-json\/wp\/v2\/types\/product"}],"replies":[{"embeddable":true,"href":"https:\/\/iberoid-shop.com\/pt\/wp-json\/wp\/v2\/comments?post=5373"}],"wp:featuredmedia":[{"embeddable":true,"href":"https:\/\/iberoid-shop.com\/pt\/wp-json\/wp\/v2\/media\/5374"}],"wp:attachment":[{"href":"https:\/\/iberoid-shop.com\/pt\/wp-json\/wp\/v2\/media?parent=5373"}],"wp:term":[{"taxonomy":"product_brand","embeddable":true,"href":"https:\/\/iberoid-shop.com\/pt\/wp-json\/wp\/v2\/product_brand?post=5373"},{"taxonomy":"product_cat","embeddable":true,"href":"https:\/\/iberoid-shop.com\/pt\/wp-json\/wp\/v2\/product_cat?post=5373"},{"taxonomy":"product_tag","embeddable":true,"href":"https:\/\/iberoid-shop.com\/pt\/wp-json\/wp\/v2\/product_tag?post=5373"}],"curies":[{"name":"wp","href":"https:\/\/api.w.org\/{rel}","templated":true}]}}