{"id":5371,"date":"2020-10-09T10:40:14","date_gmt":"2020-10-09T10:40:14","guid":{"rendered":"https:\/\/iberoid-shop.com\/?post_type=product&#038;p=5371"},"modified":"2022-01-15T14:17:23","modified_gmt":"2022-01-15T14:17:23","slug":"equipoise-boldenona-e-200sp-laboratories","status":"publish","type":"product","link":"https:\/\/iberoid-shop.com\/pt\/product\/equipoise-boldenona-e-200sp-laboratories\/","title":{"rendered":"EQUIPOISE BOLDENONA-E 200"},"content":{"rendered":"<p>Nome do produto: Equipoise Boldenone E<br \/>\nFabricante: SP Laboratories<br \/>\nApresenta\u00e7\u00e3o: frasco de 10ml de 200mg \/ ml<br \/>\nSubst\u00e2ncia ativa: undecinelato de boldenona<\/p>\n<p>Vida ativa: 7 a 10 dias<br \/>\nUso sugerido: 300-600mg \/ sapt<br \/>\nAcne: Sim, se voc\u00ea estiver propenso.<br \/>\n\u00c1gua retida: 20% em compara\u00e7\u00e3o com a testosterona<br \/>\nAlta Tens\u00e3o: Raramente<br \/>\nToxicidade hep\u00e1tica: N\u00c3O<br \/>\nConvers\u00e3o DHT: N\u00e3o, o NOR-DHT<br \/>\nAromatizante: Baixo e norestrogeni<br \/>\nTeste de inibi\u00e7\u00e3o pr\u00f3pria: moderado<\/p>\n<p>\u00c9 um derivado da testosterona, que produz alto n\u00edvel anab\u00f3lico e androg\u00eanico fraco. A atividade do ester\u00f3ide \u00e9ster Undecilenat se estende bem clinicamente como adminsitrat a cada 3-4 spatamani. Na medicina veterin\u00e1ria \u00e9 usado principalmente em cavalos.<br \/>\nParece que o Equipoise pode aumentar o n\u00famero de c\u00e9lulas vermelhas do sangue. Os efeitos ben\u00e9ficos deste ester\u00f3ide s\u00e3o muito populares entre os atletas, sendo um ester\u00f3ide cada vez mais popular nos \u00faltimos anos. \u00c9 considerado por muitos um Deca-Durabolin mais forte. \u00c9 barato e pode substituir a Deca em um ciclo sem problemas. Os efeitos colaterais com este ester\u00f3ide s\u00e3o geralmente leves. A estrutura pode se converter em estrog\u00eanio, mas n\u00e3o tem afinidade muito alta para isso. Portanto, efeitos colaterais estrog\u00eanicos como reten\u00e7\u00e3o de \u00e1gua, ac\u00famulo de gordura e ginecomastia s\u00e3o teoricamente poss\u00edveis, mas as chances s\u00e3o de que doses moderadas apare\u00e7am.<\/p>\n<p>Da mesma forma, se os efeitos colaterais do andr\u00f3geno. Pele oleosa, acne e calv\u00edcie podem ocorrer, mas em doses mais altas. Embora a luz seja um ester\u00f3ide, pode ter efeitos supressores na produ\u00e7\u00e3o de testosterona, ent\u00e3o o uso de HCG e Nolvadex p\u00f3s-ciclo pode ser necess\u00e1rio, especialmente quando o ciclo \u00e9 longo.<\/p>\n<p>\u00c9 administrado pelo menos uma vez por semana, em doses de 200-400 mg por semana. Geralmente encontrado embalado em frascos de 25 mg e tal administra\u00e7\u00e3o pode se tornar desconfort\u00e1vel com o grande n\u00famero de inje\u00e7\u00f5es. Portanto, doses menores podem ser administradas uma vez a cada dois dias para dar a quantidade desejada acumulada por semana. O local da inje\u00e7\u00e3o deve ser alternado para evitar irrita\u00e7\u00e3o. Se ingerido uma dose muito grande de subst\u00e2ncia oleosa em um s\u00f3 lugar, voc\u00ea pode ter complica\u00e7\u00f5es cir\u00fargicas. Portanto, para evitar que n\u00e3o mais de 3 ml injetados de uma vez.<\/p>","protected":false},"excerpt":{"rendered":"<p>Nome do produto: Equipoise Boldenone E Fabricante: SP Laboratories Apresenta\u00e7\u00e3o: frasco de 10ml de 200mg \/ ml Subst\u00e2ncia ativa: undecinelato<\/p>\n","protected":false},"featured_media":5372,"comment_status":"open","ping_status":"closed","template":"","meta":[],"product_brand":[],"product_cat":[69],"product_tag":[],"class_list":{"0":"post-5371","1":"product","2":"type-product","3":"status-publish","4":"has-post-thumbnail","6":"product_cat-esteroides_inyectables","8":"first","9":"outofstock","10":"shipping-taxable","11":"purchasable","12":"product-type-simple"},"yoast_head":"<!-- This site is optimized with the Yoast SEO Premium plugin v24.4 (Yoast SEO v27.3) - https:\/\/yoast.com\/product\/yoast-seo-premium-wordpress\/ -->\n<title>EQUIPOISE BOLDENONA-E 200 - Ester\u00f3ides Online<\/title>\n<meta name=\"robots\" content=\"index, follow, max-snippet:-1, max-image-preview:large, max-video-preview:-1\" \/>\n<link rel=\"canonical\" href=\"https:\/\/iberoid-shop.com\/pt\/product\/equipoise-boldenona-e-200sp-laboratories\/\" \/>\n<meta property=\"og:locale\" content=\"pt_PT\" \/>\n<meta property=\"og:type\" content=\"article\" \/>\n<meta property=\"og:title\" content=\"EQUIPOISE BOLDENONA-E 200\" \/>\n<meta property=\"og:description\" content=\"Nome do produto: Equipoise Boldenone E Fabricante: SP Laboratories Apresenta\u00e7\u00e3o: frasco de 10ml de 200mg \/ ml Subst\u00e2ncia ativa: undecinelato\" \/>\n<meta property=\"og:url\" content=\"https:\/\/iberoid-shop.com\/pt\/product\/equipoise-boldenona-e-200sp-laboratories\/\" \/>\n<meta property=\"og:site_name\" content=\"Ester\u00f3ides Online\" \/>\n<meta property=\"article:modified_time\" content=\"2022-01-15T14:17:23+00:00\" \/>\n<meta property=\"og:image\" content=\"https:\/\/iberoid-shop.com\/wp-content\/uploads\/2020\/10\/bolde.jpg?v=1678120088\" \/>\n\t<meta property=\"og:image:width\" content=\"388\" \/>\n\t<meta property=\"og:image:height\" content=\"388\" \/>\n\t<meta property=\"og:image:type\" content=\"image\/jpeg\" \/>\n<meta name=\"twitter:card\" content=\"summary_large_image\" \/>\n<meta name=\"twitter:label1\" content=\"pre\u00e7o\" \/>\n\t<meta name=\"twitter:data1\" content=\"&euro;60.00\" \/>\n\t<meta name=\"twitter:label2\" content=\"Disponibilidade\" \/>\n\t<meta name=\"twitter:data2\" content=\"Esgotado\" \/>\n<script type=\"application\/ld+json\" class=\"yoast-schema-graph\">{\"@context\":\"https:\\\/\\\/schema.org\",\"@graph\":[{\"@type\":\"WebPage\",\"@id\":\"https:\\\/\\\/iberoid-shop.com\\\/pt\\\/product\\\/equipoise-boldenona-e-200sp-laboratories\\\/\",\"url\":\"https:\\\/\\\/iberoid-shop.com\\\/pt\\\/product\\\/equipoise-boldenona-e-200sp-laboratories\\\/\",\"name\":\"EQUIPOISE BOLDENONA-E 200 - Ester\u00f3ides Online\",\"isPartOf\":{\"@id\":\"https:\\\/\\\/iberoid-shop.com\\\/pt\\\/#website\"},\"primaryImageOfPage\":{\"@id\":\"https:\\\/\\\/iberoid-shop.com\\\/pt\\\/product\\\/equipoise-boldenona-e-200sp-laboratories\\\/#primaryimage\"},\"image\":{\"@id\":\"https:\\\/\\\/iberoid-shop.com\\\/pt\\\/product\\\/equipoise-boldenona-e-200sp-laboratories\\\/#primaryimage\"},\"thumbnailUrl\":\"https:\\\/\\\/iberoid-shop.com\\\/wp-content\\\/uploads\\\/2020\\\/10\\\/bolde.jpg?v=1678120088\",\"datePublished\":\"2020-10-09T10:40:14+00:00\",\"dateModified\":\"2022-01-15T14:17:23+00:00\",\"breadcrumb\":{\"@id\":\"https:\\\/\\\/iberoid-shop.com\\\/pt\\\/product\\\/equipoise-boldenona-e-200sp-laboratories\\\/#breadcrumb\"},\"inLanguage\":\"pt-PT\",\"potentialAction\":[{\"@type\":\"ReadAction\",\"target\":[[\"https:\\\/\\\/iberoid-shop.com\\\/pt\\\/product\\\/equipoise-boldenona-e-200sp-laboratories\\\/\"]]}]},{\"@type\":\"ImageObject\",\"inLanguage\":\"pt-PT\",\"@id\":\"https:\\\/\\\/iberoid-shop.com\\\/pt\\\/product\\\/equipoise-boldenona-e-200sp-laboratories\\\/#primaryimage\",\"url\":\"https:\\\/\\\/iberoid-shop.com\\\/wp-content\\\/uploads\\\/2020\\\/10\\\/bolde.jpg?v=1678120088\",\"contentUrl\":\"https:\\\/\\\/iberoid-shop.com\\\/wp-content\\\/uploads\\\/2020\\\/10\\\/bolde.jpg?v=1678120088\",\"width\":388,\"height\":388},{\"@type\":\"BreadcrumbList\",\"@id\":\"https:\\\/\\\/iberoid-shop.com\\\/pt\\\/product\\\/equipoise-boldenona-e-200sp-laboratories\\\/#breadcrumb\",\"itemListElement\":[{\"@type\":\"ListItem\",\"position\":1,\"name\":\"Portada\",\"item\":\"https:\\\/\\\/iberoid-shop.com\\\/pt\\\/\"},{\"@type\":\"ListItem\",\"position\":2,\"name\":\"Loja\",\"item\":\"https:\\\/\\\/iberoid-shop.com\\\/pt\\\/shop\\\/\"},{\"@type\":\"ListItem\",\"position\":3,\"name\":\"EQUIPOISE BOLDENONA-E 200\"}]},{\"@type\":\"WebSite\",\"@id\":\"https:\\\/\\\/iberoid-shop.com\\\/pt\\\/#website\",\"url\":\"https:\\\/\\\/iberoid-shop.com\\\/pt\\\/\",\"name\":\"Ester\u00f3ides Online\",\"description\":\"Compre ester\u00f3ides online hoje em Espanha e Portugal. Temos o melhor servi\u00e7o ao cliente do setor e produtos da mais alta qualidade\",\"potentialAction\":[{\"@type\":\"SearchAction\",\"target\":{\"@type\":\"EntryPoint\",\"urlTemplate\":\"https:\\\/\\\/iberoid-shop.com\\\/pt\\\/?s={search_term_string}\"},\"query-input\":{\"@type\":\"PropertyValueSpecification\",\"valueRequired\":true,\"valueName\":\"search_term_string\"}}],\"inLanguage\":\"pt-PT\"}]}<\/script>\n<meta property=\"product:brand\" content=\"SP Laboratories\" \/>\n<meta property=\"product:price:amount\" content=\"60.00\" \/>\n<meta property=\"product:price:currency\" content=\"EUR\" \/>\n<meta property=\"og:availability\" content=\"out of stock\" \/>\n<meta property=\"product:availability\" content=\"out of stock\" \/>\n<meta property=\"product:condition\" content=\"new\" \/>\n<!-- \/ Yoast SEO Premium plugin. -->","yoast_head_json":{"title":"EQUIPOISE BOLDENONA-E 200 - Ester\u00f3ides Online","robots":{"index":"index","follow":"follow","max-snippet":"max-snippet:-1","max-image-preview":"max-image-preview:large","max-video-preview":"max-video-preview:-1"},"canonical":"https:\/\/iberoid-shop.com\/pt\/product\/equipoise-boldenona-e-200sp-laboratories\/","og_locale":"pt_PT","og_type":"article","og_title":"EQUIPOISE BOLDENONA-E 200","og_description":"Nome do produto: Equipoise Boldenone E Fabricante: SP Laboratories Apresenta\u00e7\u00e3o: frasco de 10ml de 200mg \/ ml Subst\u00e2ncia ativa: undecinelato","og_url":"https:\/\/iberoid-shop.com\/pt\/product\/equipoise-boldenona-e-200sp-laboratories\/","og_site_name":"Ester\u00f3ides Online","article_modified_time":"2022-01-15T14:17:23+00:00","og_image":[{"width":388,"height":388,"url":"https:\/\/iberoid-shop.com\/wp-content\/uploads\/2020\/10\/bolde.jpg?v=1678120088","type":"image\/jpeg"}],"twitter_card":"summary_large_image","twitter_misc":{"pre\u00e7o":"&euro;60.00","Disponibilidade":"Esgotado"},"schema":{"@context":"https:\/\/schema.org","@graph":[{"@type":"WebPage","@id":"https:\/\/iberoid-shop.com\/pt\/product\/equipoise-boldenona-e-200sp-laboratories\/","url":"https:\/\/iberoid-shop.com\/pt\/product\/equipoise-boldenona-e-200sp-laboratories\/","name":"EQUIPOISE BOLDENONA-E 200 - Ester\u00f3ides Online","isPartOf":{"@id":"https:\/\/iberoid-shop.com\/pt\/#website"},"primaryImageOfPage":{"@id":"https:\/\/iberoid-shop.com\/pt\/product\/equipoise-boldenona-e-200sp-laboratories\/#primaryimage"},"image":{"@id":"https:\/\/iberoid-shop.com\/pt\/product\/equipoise-boldenona-e-200sp-laboratories\/#primaryimage"},"thumbnailUrl":"https:\/\/iberoid-shop.com\/wp-content\/uploads\/2020\/10\/bolde.jpg?v=1678120088","datePublished":"2020-10-09T10:40:14+00:00","dateModified":"2022-01-15T14:17:23+00:00","breadcrumb":{"@id":"https:\/\/iberoid-shop.com\/pt\/product\/equipoise-boldenona-e-200sp-laboratories\/#breadcrumb"},"inLanguage":"pt-PT","potentialAction":[{"@type":"ReadAction","target":[["https:\/\/iberoid-shop.com\/pt\/product\/equipoise-boldenona-e-200sp-laboratories\/"]]}]},{"@type":"ImageObject","inLanguage":"pt-PT","@id":"https:\/\/iberoid-shop.com\/pt\/product\/equipoise-boldenona-e-200sp-laboratories\/#primaryimage","url":"https:\/\/iberoid-shop.com\/wp-content\/uploads\/2020\/10\/bolde.jpg?v=1678120088","contentUrl":"https:\/\/iberoid-shop.com\/wp-content\/uploads\/2020\/10\/bolde.jpg?v=1678120088","width":388,"height":388},{"@type":"BreadcrumbList","@id":"https:\/\/iberoid-shop.com\/pt\/product\/equipoise-boldenona-e-200sp-laboratories\/#breadcrumb","itemListElement":[{"@type":"ListItem","position":1,"name":"Portada","item":"https:\/\/iberoid-shop.com\/pt\/"},{"@type":"ListItem","position":2,"name":"Loja","item":"https:\/\/iberoid-shop.com\/pt\/shop\/"},{"@type":"ListItem","position":3,"name":"EQUIPOISE BOLDENONA-E 200"}]},{"@type":"WebSite","@id":"https:\/\/iberoid-shop.com\/pt\/#website","url":"https:\/\/iberoid-shop.com\/pt\/","name":"Ester\u00f3ides Online","description":"Compre ester\u00f3ides online hoje em Espanha e Portugal. Temos o melhor servi\u00e7o ao cliente do setor e produtos da mais alta qualidade","potentialAction":[{"@type":"SearchAction","target":{"@type":"EntryPoint","urlTemplate":"https:\/\/iberoid-shop.com\/pt\/?s={search_term_string}"},"query-input":{"@type":"PropertyValueSpecification","valueRequired":true,"valueName":"search_term_string"}}],"inLanguage":"pt-PT"}]},"product_brand":"SP Laboratories","product_price_amount":"60.00","product_price_currency":"EUR","og_availability":"out of stock","product_availability":"out of stock","product_condition":"new"},"_links":{"self":[{"href":"https:\/\/iberoid-shop.com\/pt\/wp-json\/wp\/v2\/product\/5371","targetHints":{"allow":["GET"]}}],"collection":[{"href":"https:\/\/iberoid-shop.com\/pt\/wp-json\/wp\/v2\/product"}],"about":[{"href":"https:\/\/iberoid-shop.com\/pt\/wp-json\/wp\/v2\/types\/product"}],"replies":[{"embeddable":true,"href":"https:\/\/iberoid-shop.com\/pt\/wp-json\/wp\/v2\/comments?post=5371"}],"wp:featuredmedia":[{"embeddable":true,"href":"https:\/\/iberoid-shop.com\/pt\/wp-json\/wp\/v2\/media\/5372"}],"wp:attachment":[{"href":"https:\/\/iberoid-shop.com\/pt\/wp-json\/wp\/v2\/media?parent=5371"}],"wp:term":[{"taxonomy":"product_brand","embeddable":true,"href":"https:\/\/iberoid-shop.com\/pt\/wp-json\/wp\/v2\/product_brand?post=5371"},{"taxonomy":"product_cat","embeddable":true,"href":"https:\/\/iberoid-shop.com\/pt\/wp-json\/wp\/v2\/product_cat?post=5371"},{"taxonomy":"product_tag","embeddable":true,"href":"https:\/\/iberoid-shop.com\/pt\/wp-json\/wp\/v2\/product_tag?post=5371"}],"curies":[{"name":"wp","href":"https:\/\/api.w.org\/{rel}","templated":true}]}}