{"id":5369,"date":"2020-10-09T10:37:55","date_gmt":"2020-10-09T10:37:55","guid":{"rendered":"https:\/\/iberoid-shop.com\/?post_type=product&#038;p=5369"},"modified":"2023-10-13T23:49:06","modified_gmt":"2023-10-13T23:49:06","slug":"sp-enanthate","status":"publish","type":"product","link":"https:\/\/iberoid-shop.com\/pt\/product\/sp-enanthate\/","title":{"rendered":"SP ENANTHATE"},"content":{"rendered":"<p>Nome do produto: SP Enathate<br \/>\nFabricante SP Laboratories India<br \/>\nApresenta\u00e7\u00e3o: 10 ml 250 mg \/ ml<br \/>\nProdutos qu\u00edmicos ativos: enantato de testosterona<\/p>\n<p>Enantato de testosterona \u00e9 o ester\u00f3ide europeu de testosterona cipionat correspondente nos EUA.<br \/>\nA inje\u00e7\u00e3o de ester\u00f3ides \u00e9 uma forma de solu\u00e7\u00e3o oleosa, projetada para liberar testosterona lentamente. Tem uma longa dura\u00e7\u00e3o de a\u00e7\u00e3o \u00e9 de 2-3 semanas. Na medicina, o medicamento mais prescrito \u00e9 a testosterona.<br \/>\nO tetsosteronul \u00e9 um horm\u00f4nio poderoso com muitos efeitos colaterais potenciais, a maioria deles devido ao fato de que a testosterona tende a se converter completamente em estrog\u00eanio. A reten\u00e7\u00e3o de \u00e1gua ser\u00e1 vis\u00edvel rapidamente e observar\u00e1 um ac\u00famulo de gordura. Portanto, n\u00e3o \u00e9 um ester\u00f3ide usado quando voc\u00ea deseja definir ou antes das competi\u00e7\u00f5es. Existe poss\u00edvel risco de ginecomastia. Portanto, sugira a adi\u00e7\u00e3o de Nolvadex e \/ ou Proviron durante o ciclo. Uma escolha ainda melhor \u00e9 Armidexul, mas \u00e9 uma prepara\u00e7\u00e3o bastante cara. Acredita-se que o uso de antiestrog\u00eanio durante um ciclo que segue o ac\u00famulo de tanta massa possa retardar esse processo. Portanto, eles ser\u00e3o adicionados apenas se for considerado extremamente necess\u00e1rio. Um pouco de incha\u00e7o sob o mamilo seguido de dor e n\u00f3s na mesma \u00e1rea s\u00e3o sinais de ginecomastieni. Se eles parecem ser descontinuados logo ap\u00f3s a adi\u00e7\u00e3o do anti-estrog\u00eanico.<\/p>\n<p>Efeitos indesej\u00e1veis \u200b\u200bpodem ocorrer andr\u00f3genos, como acne, crescimento de pelos faciais e corporais, pele oleosa e calv\u00edcie. Pode ser usado simultaneamente com o Proscar, o que reduzir\u00e1 esses efeitos. A maioria das testosteronas n\u00e3o s\u00e3o t\u00e3o irritantes, principalmente comparando os resultados finais, de onde se origina e a grande popularidade desses ester\u00f3ides.<\/p>\n<p>A dose t\u00edpica \u00e9 250 mg-750 mg por semana. Com esta dose, os efeitos estrog\u00eanicos ser\u00e3o mais pronunciados, com ganhos necompens e tabela. O ciclo pode ser adicionado como Anapolon 50 ou ester\u00f3ides Dianabol levando a ganhos enormes. Para quem quer ficar mais pr\u00f3ximo da defini\u00e7\u00e3o recomendada use Deca-Durabolin ou Equipoise.<\/p>","protected":false},"excerpt":{"rendered":"<p>Nome do produto: SP Enathate Fabricante SP Laboratories India Apresenta\u00e7\u00e3o: 10 ml 250 mg \/ ml Produtos qu\u00edmicos ativos: enantato<\/p>\n","protected":false},"featured_media":5370,"comment_status":"open","ping_status":"closed","template":"","meta":[],"product_brand":[],"product_cat":[69],"product_tag":[],"class_list":{"0":"post-5369","1":"product","2":"type-product","3":"status-publish","4":"has-post-thumbnail","6":"product_cat-esteroides_inyectables","8":"first","9":"outofstock","10":"shipping-taxable","11":"purchasable","12":"product-type-simple"},"yoast_head":"<!-- This site is optimized with the Yoast SEO Premium plugin v24.4 (Yoast SEO v27.3) - https:\/\/yoast.com\/product\/yoast-seo-premium-wordpress\/ -->\n<title>SP ENANTHATE - Ester\u00f3ides Online<\/title>\n<meta name=\"robots\" content=\"index, follow, max-snippet:-1, max-image-preview:large, max-video-preview:-1\" \/>\n<link rel=\"canonical\" href=\"https:\/\/iberoid-shop.com\/pt\/product\/sp-enanthate\/\" \/>\n<meta property=\"og:locale\" content=\"pt_PT\" \/>\n<meta property=\"og:type\" content=\"article\" \/>\n<meta property=\"og:title\" content=\"SP ENANTHATE\" \/>\n<meta property=\"og:description\" content=\"Nome do produto: SP Enathate Fabricante SP Laboratories India Apresenta\u00e7\u00e3o: 10 ml 250 mg \/ ml Produtos qu\u00edmicos ativos: enantato\" \/>\n<meta property=\"og:url\" content=\"https:\/\/iberoid-shop.com\/pt\/product\/sp-enanthate\/\" \/>\n<meta property=\"og:site_name\" content=\"Ester\u00f3ides Online\" \/>\n<meta property=\"article:modified_time\" content=\"2023-10-13T23:49:06+00:00\" \/>\n<meta property=\"og:image\" content=\"https:\/\/iberoid-shop.com\/wp-content\/uploads\/2020\/10\/ena.jpg?v=1678120089\" \/>\n\t<meta property=\"og:image:width\" content=\"388\" \/>\n\t<meta property=\"og:image:height\" content=\"388\" \/>\n\t<meta property=\"og:image:type\" content=\"image\/jpeg\" \/>\n<meta name=\"twitter:card\" content=\"summary_large_image\" \/>\n<meta name=\"twitter:label1\" content=\"pre\u00e7o\" \/>\n\t<meta name=\"twitter:data1\" content=\"&euro;45.00\" \/>\n\t<meta name=\"twitter:label2\" content=\"Disponibilidade\" \/>\n\t<meta name=\"twitter:data2\" content=\"Esgotado\" \/>\n<script type=\"application\/ld+json\" class=\"yoast-schema-graph\">{\"@context\":\"https:\\\/\\\/schema.org\",\"@graph\":[{\"@type\":\"WebPage\",\"@id\":\"https:\\\/\\\/iberoid-shop.com\\\/pt\\\/product\\\/sp-enanthate\\\/\",\"url\":\"https:\\\/\\\/iberoid-shop.com\\\/pt\\\/product\\\/sp-enanthate\\\/\",\"name\":\"SP ENANTHATE - Ester\u00f3ides Online\",\"isPartOf\":{\"@id\":\"https:\\\/\\\/iberoid.com\\\/#website\"},\"primaryImageOfPage\":{\"@id\":\"https:\\\/\\\/iberoid-shop.com\\\/pt\\\/product\\\/sp-enanthate\\\/#primaryimage\"},\"image\":{\"@id\":\"https:\\\/\\\/iberoid-shop.com\\\/pt\\\/product\\\/sp-enanthate\\\/#primaryimage\"},\"thumbnailUrl\":\"https:\\\/\\\/iberoid-shop.com\\\/wp-content\\\/uploads\\\/2020\\\/10\\\/ena.jpg?v=1678120089\",\"datePublished\":\"2020-10-09T10:37:55+00:00\",\"dateModified\":\"2023-10-13T23:49:06+00:00\",\"breadcrumb\":{\"@id\":\"https:\\\/\\\/iberoid-shop.com\\\/pt\\\/product\\\/sp-enanthate\\\/#breadcrumb\"},\"inLanguage\":\"pt-PT\",\"potentialAction\":[{\"@type\":\"ReadAction\",\"target\":[[\"https:\\\/\\\/iberoid-shop.com\\\/pt\\\/product\\\/sp-enanthate\\\/\"]]}]},{\"@type\":\"ImageObject\",\"inLanguage\":\"pt-PT\",\"@id\":\"https:\\\/\\\/iberoid-shop.com\\\/pt\\\/product\\\/sp-enanthate\\\/#primaryimage\",\"url\":\"https:\\\/\\\/iberoid-shop.com\\\/wp-content\\\/uploads\\\/2020\\\/10\\\/ena.jpg?v=1678120089\",\"contentUrl\":\"https:\\\/\\\/iberoid-shop.com\\\/wp-content\\\/uploads\\\/2020\\\/10\\\/ena.jpg?v=1678120089\",\"width\":388,\"height\":388},{\"@type\":\"BreadcrumbList\",\"@id\":\"https:\\\/\\\/iberoid-shop.com\\\/pt\\\/product\\\/sp-enanthate\\\/#breadcrumb\",\"itemListElement\":[{\"@type\":\"ListItem\",\"position\":1,\"name\":\"Portada\",\"item\":\"https:\\\/\\\/iberoid.com\\\/\"},{\"@type\":\"ListItem\",\"position\":2,\"name\":\"Loja\",\"item\":\"https:\\\/\\\/iberoid-shop.com\\\/pt\\\/shop\\\/\"},{\"@type\":\"ListItem\",\"position\":3,\"name\":\"SP ENANTHATE\"}]},{\"@type\":\"WebSite\",\"@id\":\"https:\\\/\\\/iberoid.com\\\/#website\",\"url\":\"https:\\\/\\\/iberoid.com\\\/\",\"name\":\"Ester\u00f3ides Online\",\"description\":\"Compre ester\u00f3ides online hoje em Espanha e Portugal. Temos o melhor servi\u00e7o ao cliente do setor e produtos da mais alta qualidade\",\"potentialAction\":[{\"@type\":\"SearchAction\",\"target\":{\"@type\":\"EntryPoint\",\"urlTemplate\":\"https:\\\/\\\/iberoid.com\\\/?s={search_term_string}\"},\"query-input\":{\"@type\":\"PropertyValueSpecification\",\"valueRequired\":true,\"valueName\":\"search_term_string\"}}],\"inLanguage\":\"pt-PT\"}]}<\/script>\n<meta property=\"product:brand\" content=\"SP Laboratories\" \/>\n<meta property=\"product:price:amount\" content=\"45.00\" \/>\n<meta property=\"product:price:currency\" content=\"EUR\" \/>\n<meta property=\"og:availability\" content=\"out of stock\" \/>\n<meta property=\"product:availability\" content=\"out of stock\" \/>\n<meta property=\"product:condition\" content=\"new\" \/>\n<!-- \/ Yoast SEO Premium plugin. -->","yoast_head_json":{"title":"SP ENANTHATE - Ester\u00f3ides Online","robots":{"index":"index","follow":"follow","max-snippet":"max-snippet:-1","max-image-preview":"max-image-preview:large","max-video-preview":"max-video-preview:-1"},"canonical":"https:\/\/iberoid-shop.com\/pt\/product\/sp-enanthate\/","og_locale":"pt_PT","og_type":"article","og_title":"SP ENANTHATE","og_description":"Nome do produto: SP Enathate Fabricante SP Laboratories India Apresenta\u00e7\u00e3o: 10 ml 250 mg \/ ml Produtos qu\u00edmicos ativos: enantato","og_url":"https:\/\/iberoid-shop.com\/pt\/product\/sp-enanthate\/","og_site_name":"Ester\u00f3ides Online","article_modified_time":"2023-10-13T23:49:06+00:00","og_image":[{"width":388,"height":388,"url":"https:\/\/iberoid-shop.com\/wp-content\/uploads\/2020\/10\/ena.jpg?v=1678120089","type":"image\/jpeg"}],"twitter_card":"summary_large_image","twitter_misc":{"pre\u00e7o":"&euro;45.00","Disponibilidade":"Esgotado"},"schema":{"@context":"https:\/\/schema.org","@graph":[{"@type":"WebPage","@id":"https:\/\/iberoid-shop.com\/pt\/product\/sp-enanthate\/","url":"https:\/\/iberoid-shop.com\/pt\/product\/sp-enanthate\/","name":"SP ENANTHATE - Ester\u00f3ides Online","isPartOf":{"@id":"https:\/\/iberoid.com\/#website"},"primaryImageOfPage":{"@id":"https:\/\/iberoid-shop.com\/pt\/product\/sp-enanthate\/#primaryimage"},"image":{"@id":"https:\/\/iberoid-shop.com\/pt\/product\/sp-enanthate\/#primaryimage"},"thumbnailUrl":"https:\/\/iberoid-shop.com\/wp-content\/uploads\/2020\/10\/ena.jpg?v=1678120089","datePublished":"2020-10-09T10:37:55+00:00","dateModified":"2023-10-13T23:49:06+00:00","breadcrumb":{"@id":"https:\/\/iberoid-shop.com\/pt\/product\/sp-enanthate\/#breadcrumb"},"inLanguage":"pt-PT","potentialAction":[{"@type":"ReadAction","target":[["https:\/\/iberoid-shop.com\/pt\/product\/sp-enanthate\/"]]}]},{"@type":"ImageObject","inLanguage":"pt-PT","@id":"https:\/\/iberoid-shop.com\/pt\/product\/sp-enanthate\/#primaryimage","url":"https:\/\/iberoid-shop.com\/wp-content\/uploads\/2020\/10\/ena.jpg?v=1678120089","contentUrl":"https:\/\/iberoid-shop.com\/wp-content\/uploads\/2020\/10\/ena.jpg?v=1678120089","width":388,"height":388},{"@type":"BreadcrumbList","@id":"https:\/\/iberoid-shop.com\/pt\/product\/sp-enanthate\/#breadcrumb","itemListElement":[{"@type":"ListItem","position":1,"name":"Portada","item":"https:\/\/iberoid.com\/"},{"@type":"ListItem","position":2,"name":"Loja","item":"https:\/\/iberoid-shop.com\/pt\/shop\/"},{"@type":"ListItem","position":3,"name":"SP ENANTHATE"}]},{"@type":"WebSite","@id":"https:\/\/iberoid.com\/#website","url":"https:\/\/iberoid.com\/","name":"Ester\u00f3ides Online","description":"Compre ester\u00f3ides online hoje em Espanha e Portugal. Temos o melhor servi\u00e7o ao cliente do setor e produtos da mais alta qualidade","potentialAction":[{"@type":"SearchAction","target":{"@type":"EntryPoint","urlTemplate":"https:\/\/iberoid.com\/?s={search_term_string}"},"query-input":{"@type":"PropertyValueSpecification","valueRequired":true,"valueName":"search_term_string"}}],"inLanguage":"pt-PT"}]},"product_brand":"SP Laboratories","product_price_amount":"45.00","product_price_currency":"EUR","og_availability":"out of stock","product_availability":"out of stock","product_condition":"new"},"_links":{"self":[{"href":"https:\/\/iberoid-shop.com\/pt\/wp-json\/wp\/v2\/product\/5369","targetHints":{"allow":["GET"]}}],"collection":[{"href":"https:\/\/iberoid-shop.com\/pt\/wp-json\/wp\/v2\/product"}],"about":[{"href":"https:\/\/iberoid-shop.com\/pt\/wp-json\/wp\/v2\/types\/product"}],"replies":[{"embeddable":true,"href":"https:\/\/iberoid-shop.com\/pt\/wp-json\/wp\/v2\/comments?post=5369"}],"wp:featuredmedia":[{"embeddable":true,"href":"https:\/\/iberoid-shop.com\/pt\/wp-json\/wp\/v2\/media\/5370"}],"wp:attachment":[{"href":"https:\/\/iberoid-shop.com\/pt\/wp-json\/wp\/v2\/media?parent=5369"}],"wp:term":[{"taxonomy":"product_brand","embeddable":true,"href":"https:\/\/iberoid-shop.com\/pt\/wp-json\/wp\/v2\/product_brand?post=5369"},{"taxonomy":"product_cat","embeddable":true,"href":"https:\/\/iberoid-shop.com\/pt\/wp-json\/wp\/v2\/product_cat?post=5369"},{"taxonomy":"product_tag","embeddable":true,"href":"https:\/\/iberoid-shop.com\/pt\/wp-json\/wp\/v2\/product_tag?post=5369"}],"curies":[{"name":"wp","href":"https:\/\/api.w.org\/{rel}","templated":true}]}}